{"id":13056,"date":"2023-05-05T17:02:46","date_gmt":"2023-05-05T15:02:46","guid":{"rendered":"https:\/\/www.koro.net.pl\/produkt\/emulsionnement-de-lhuile-emulsificante-emulgol-es-12-1l-koronet\/"},"modified":"2023-05-05T17:02:46","modified_gmt":"2023-05-05T15:02:46","slug":"emulsionnement-de-lhuile-emulsificante-emulgol-es-12-1l-koronet","status":"publish","type":"product","link":"https:\/\/www.koro.net.pl\/fr\/produkt\/emulsionnement-de-lhuile-emulsificante-emulgol-es-12-1l-koronet\/","title":{"rendered":"\u00c9mulsionnement de l\u2019huile \u00e9mulsificante \u00e9mulgol ES-12 1l Koronet"},"content":{"rendered":"<p data-start=\"162\" data-end=\"451\"><a href=\"https:\/\/www.koro.net.pl\/fr\/produkty\/huiles-et-liquides-de-refroidissement\/\"><strong data-start=\"162\" data-end=\"187\">L\u2019huile \u00e9mulsifiante ES 12<\/strong><\/a> est un liquide de refroidissement universel con\u00e7u pour l\u2019usinage des m\u00e9taux sous forme d\u2019\u00e9mulsion eau-huile. Le produit est utilis\u00e9 dans les ateliers et les op\u00e9rations de production standard o\u00f9 un refroidissement, une lubrification et une \u00e9vacuation des puces simultan\u00e9s sont n\u00e9cessaires. <\/p>\n<p data-start=\"453\" data-end=\"573\">La pr\u00e9paration est fournie sous forme de concentr\u00e9 \u2013 avant utilisation, une \u00e9mulsion avec de l\u2019eau \u00e0 la concentration appropri\u00e9e doit \u00eatre pr\u00e9par\u00e9e.<\/p>\n<h2 data-start=\"580\" data-end=\"599\" data-section-id=\"1trif3y\"><span role=\"text\"><strong data-start=\"583\" data-end=\"599\">Application<\/strong><\/span><\/h2>\n<p data-start=\"600\" data-end=\"679\">L\u2019huile ES 12 est utilis\u00e9e dans la plupart des proc\u00e9d\u00e9s courants de travail des m\u00e9taux :<\/p>\n<ul data-start=\"681\" data-end=\"771\">\n<li data-start=\"681\" data-end=\"694\" data-section-id=\"14570o5\">Forage<\/li>\n<li data-start=\"695\" data-end=\"709\" data-section-id=\"tfbak8\">Broyage<\/li>\n<li data-start=\"710\" data-end=\"722\" data-section-id=\"14jh9u5\">Virage<\/li>\n<li data-start=\"723\" data-end=\"738\" data-section-id=\"1pwm0gg\">Enfiletage<\/li>\n<li data-start=\"739\" data-end=\"755\" data-section-id=\"4p6iu\">\u00c9ramage<\/li>\n<li data-start=\"756\" data-end=\"771\" data-section-id=\"13s6cpl\">Meulage<\/li>\n<\/ul>\n<p data-start=\"773\" data-end=\"820\">Con\u00e7u pour travailler avec des mat\u00e9riaux tels que :<\/p>\n<ul data-start=\"822\" data-end=\"876\">\n<li data-start=\"822\" data-end=\"845\" data-section-id=\"qkdycd\">Aciers de structure<\/li>\n<li data-start=\"846\" data-end=\"856\" data-section-id=\"1v36zm4\">Fonte<\/li>\n<li data-start=\"857\" data-end=\"876\" data-section-id=\"1nnr35g\">M\u00e9taux non ferreux<\/li>\n<\/ul>\n<h2 data-start=\"883\" data-end=\"926\" data-section-id=\"1k6qi1f\"><span role=\"text\"><strong data-start=\"886\" data-end=\"926\">Fonction du liquide de refroidissement dans le processus d\u2019usinage<\/strong><\/span><\/h2>\n<p data-start=\"927\" data-end=\"989\">Une \u00e9mulsion correctement pr\u00e9par\u00e9e remplit trois t\u00e2ches cl\u00e9s :<\/p>\n<p data-start=\"991\" data-end=\"1097\"><strong data-start=\"991\" data-end=\"1005\">Refroidissement<\/strong><br data-start=\"1005\" data-end=\"1008\">Cela baisse la temp\u00e9rature dans la zone de coupe, diminuant la surchauffe de l\u2019outil et du mat\u00e9riau.<\/p>\n<p data-start=\"1099\" data-end=\"1224\"><strong data-start=\"1099\" data-end=\"1113\">Lubrification<\/strong><br data-start=\"1113\" data-end=\"1116\">Cela r\u00e9duit la friction entre l\u2019outil et la pi\u00e8ce, ce qui se traduit par une usure de l\u2019outil plus lente.<\/p>\n<p data-start=\"1226\" data-end=\"1335\"><strong data-start=\"1226\" data-end=\"1249\">Lixiviation des puces<\/strong><br data-start=\"1249\" data-end=\"1252\">Enl\u00e8ve les copeaux de la zone d\u2019usinage, am\u00e9liorant la stabilit\u00e9 du proc\u00e9d\u00e9 et la qualit\u00e9 de la surface.<\/p>\n<h2 data-start=\"1342\" data-end=\"1374\" data-section-id=\"16fjcri\"><span role=\"text\"><strong data-start=\"1345\" data-end=\"1374\">Concentrations recommand\u00e9es d\u2019\u00e9mulsion<\/strong><\/span><\/h2>\n<p data-start=\"1375\" data-end=\"1417\">Le choix de la concentration d\u00e9pend du type d\u2019op\u00e9ration :<\/p>\n<ul data-start=\"1419\" data-end=\"1535\">\n<li data-start=\"1419\" data-end=\"1444\" data-section-id=\"1kasi2b\">Grinding : <strong data-start=\"1434\" data-end=\"1442\">3-5 %<\/strong><\/li>\n<li data-start=\"1445\" data-end=\"1491\" data-section-id=\"1fxia6g\">Tournage, fraisage, per\u00e7age : <strong data-start=\"1480\" data-end=\"1489\">5-10 %<\/strong><\/li>\n<li data-start=\"1492\" data-end=\"1535\" data-section-id=\"134iclv\">Filetage et usinage plus lourd : <strong data-start=\"1525\" data-end=\"1535\">10-15 %<\/strong><\/li>\n<\/ul>\n<h2 data-start=\"1542\" data-end=\"1573\" data-section-id=\"zycs9b\"><span role=\"text\"><strong data-start=\"1545\" data-end=\"1573\">Caract\u00e9ristiques du produit<\/strong><\/span><\/h2>\n<ul>\n<li data-start=\"1574\" data-end=\"1627\" data-section-id=\"8ycm8w\">concentrez-vous pour la pr\u00e9paration de l\u2019\u00e9mulsion eau-huile<\/li>\n<li data-start=\"1628\" data-end=\"1682\" data-section-id=\"1updn5s\">Utilisation universelle en atelier et en production<\/li>\n<li data-start=\"1683\" data-end=\"1720\" data-section-id=\"pslv9j\">Propri\u00e9t\u00e9s de refroidissement et de lubrification<\/li>\n<li data-start=\"1721\" data-end=\"1781\" data-section-id=\"1me2t13\">contient des additifs anticorrosion pour prot\u00e9ger les pi\u00e8ces et les machines<\/li>\n<li data-start=\"1782\" data-end=\"1815\" data-section-id=\"1a1m158\">ne contient ni chlore ni nitrites<\/li>\n<li data-start=\"1816\" data-end=\"1864\" data-section-id=\"9ss7xn\">Facile \u00e0 pr\u00e9parer et \u00e9conomique \u00e0 utiliser<\/li>\n<li data-start=\"1816\" data-end=\"1864\" data-section-id=\"9ss7xn\">\n<h2 data-start=\"1871\" data-end=\"1903\" data-section-id=\"3mzut4\"><span role=\"text\"><strong data-start=\"1874\" data-end=\"1903\">Informations op\u00e9rationnelles<\/strong><\/span><\/h2>\n<\/li>\n<li>L\u2019\u00e9mulsion doit \u00eatre pr\u00e9par\u00e9e en ajoutant le concentr\u00e9 \u00e0 l\u2019eau<\/li>\n<li>Il est recommand\u00e9 d\u2019utiliser de l\u2019eau \u00e0 duret\u00e9 contr\u00f4l\u00e9e<\/li>\n<li>La concentration doit \u00eatre surveill\u00e9e r\u00e9guli\u00e8rement (r\u00e9fractom\u00e8tre)<\/li>\n<li>pour une utilisation plus longue, il est n\u00e9cessaire de maintenir la propret\u00e9 du syst\u00e8me de refroidissement<\/li>\n<\/ul>\n<h2 data-start=\"2186\" data-end=\"2218\" data-section-id=\"ei09h0\"><span role=\"text\"><strong data-start=\"2189\" data-end=\"2218\">\u00c0 qui s\u2019adresse ce produit ?<\/strong><\/span><\/h2>\n<p data-start=\"2219\" data-end=\"2260\">L\u2019huile \u00e9mulsifiante ES 12 est une solution pour :<\/p>\n<ul data-start=\"2262\" data-end=\"2417\">\n<li data-start=\"2262\" data-end=\"2290\" data-section-id=\"cd4z34\">Ateliers m\u00e9caniques<\/li>\n<li data-start=\"2291\" data-end=\"2331\" data-section-id=\"1oympmn\">Utilisateurs de perceuses magn\u00e9tiques<\/li>\n<li data-start=\"2332\" data-end=\"2376\" data-section-id=\"1g3d8c7\">Production en petites et moyennes s\u00e9ries<\/li>\n<li data-start=\"2377\" data-end=\"2417\" data-section-id=\"dj2bre\">Utilisateurs de scies \u00e0 ruban pour m\u00e9tal<\/li>\n<\/ul>\n<p data-start=\"2419\" data-end=\"2580\">C\u2019est <strong data-start=\"2422\" data-end=\"2459\">un liquide de refroidissement universel et \u00e9prouv\u00e9<\/strong> qui couvre la plupart des applications standard de la m\u00e9tallurgie sans n\u00e9cessiter de formulations sp\u00e9cialis\u00e9es.<\/p>\n<h2 data-start=\"175\" data-end=\"203\" data-section-id=\"dtxy2q\"><span role=\"text\"><strong data-start=\"178\" data-end=\"203\">Pr\u00e9paration de l\u2019\u00e9mulsion<\/strong><\/span><\/h2>\n<p data-start=\"204\" data-end=\"292\">L\u2019\u00e9mulsion doit \u00eatre pr\u00e9par\u00e9e en <strong data-start=\"241\" data-end=\"274\">ajoutant le concentr\u00e9 \u00e0 l\u2019eau<\/strong>, et non l\u2019inverse.<\/p>\n<p data-start=\"294\" data-end=\"506\">Cet ordre assure la bonne liaison des composants et la stabilit\u00e9 de l\u2019\u00e9mulsion.<br data-start=\"371\" data-end=\"374\">Ajouter de l\u2019eau au concentr\u00e9 peut entra\u00eener une d\u00e9t\u00e9rioration des propri\u00e9t\u00e9s du liquide de refroidissement, une d\u00e9lamination et une diminution de l\u2019efficacit\u00e9 de la lubrification.<\/p>\n","protected":false},"excerpt":{"rendered":"<p>L\u2019huile \u00e9mulsifiante ES 12 est un liquide de refroidissement universel con\u00e7u pour l\u2019usinage des m\u00e9taux sous forme d\u2019\u00e9mulsion eau-huile. Le produit est utilis\u00e9 dans les ateliers et les op\u00e9rations de [&hellip;]<\/p>\n","protected":false},"featured_media":9521,"template":"","meta":{"_acf_changed":false},"product_brand":[],"product_cat":[229,211],"product_tag":[],"class_list":{"0":"post-13056","1":"product","2":"type-product","3":"status-publish","4":"has-post-thumbnail","6":"product_cat-huile-demulgol","7":"product_cat-huiles-et-liquides-de-refroidissement","9":"first","10":"instock","11":"taxable","12":"shipping-taxable","13":"purchasable","14":"product-type-simple"},"acf":[],"yoast_head":"<!-- This site is optimized with the Yoast SEO plugin v27.5 - https:\/\/yoast.com\/product\/yoast-seo-wordpress\/ -->\n<title>ES-12 emulgol : 1L, protection de l\u2019outil et surface lisse<\/title>\n<meta name=\"description\" content=\"Emulgol ES-12 1L - huile de traitement universelle. Cela r\u00e9duit la friction, prot\u00e8ge les outils, am\u00e9liore la douceur de la surface. D\u00e9couvrez notre offre en ligne !\" \/>\n<meta name=\"robots\" content=\"index, follow, max-snippet:-1, max-image-preview:large, max-video-preview:-1\" \/>\n<link rel=\"canonical\" href=\"https:\/\/www.koro.net.pl\/fr\/produkt\/emulsionnement-de-lhuile-emulsificante-emulgol-es-12-1l-koronet\/\" \/>\n<meta property=\"og:locale\" content=\"fr_FR\" \/>\n<meta property=\"og:type\" content=\"article\" \/>\n<meta property=\"og:title\" content=\"ES-12 emulgol : 1L, protection de l\u2019outil et surface lisse\" \/>\n<meta property=\"og:description\" content=\"Emulgol ES-12 1L - huile de traitement universelle. Cela r\u00e9duit la friction, prot\u00e8ge les outils, am\u00e9liore la douceur de la surface. D\u00e9couvrez notre offre en ligne !\" \/>\n<meta property=\"og:url\" content=\"https:\/\/www.koro.net.pl\/fr\/produkt\/emulsionnement-de-lhuile-emulsificante-emulgol-es-12-1l-koronet\/\" \/>\n<meta property=\"og:site_name\" content=\"Koronet\" \/>\n<meta property=\"og:image\" content=\"https:\/\/www.koro.net.pl\/wp-content\/uploads\/2023\/05\/Olej-emulgujacy-ES-12-Koronet-1-litr.png\" \/>\n\t<meta property=\"og:image:width\" content=\"800\" \/>\n\t<meta property=\"og:image:height\" content=\"800\" \/>\n\t<meta property=\"og:image:type\" content=\"image\/png\" \/>\n<meta name=\"twitter:card\" content=\"summary_large_image\" \/>\n<meta name=\"twitter:label1\" content=\"Dur\u00e9e de lecture estim\u00e9e\" \/>\n\t<meta name=\"twitter:data1\" content=\"2 minutes\" \/>\n<script type=\"application\/ld+json\" class=\"yoast-schema-graph\">{\"@context\":\"https:\\\/\\\/schema.org\",\"@graph\":[{\"@type\":\"WebPage\",\"@id\":\"https:\\\/\\\/www.koro.net.pl\\\/fr\\\/produkt\\\/emulsionnement-de-lhuile-emulsificante-emulgol-es-12-1l-koronet\\\/\",\"url\":\"https:\\\/\\\/www.koro.net.pl\\\/fr\\\/produkt\\\/emulsionnement-de-lhuile-emulsificante-emulgol-es-12-1l-koronet\\\/\",\"name\":\"ES-12 emulgol : 1L, protection de l\u2019outil et surface lisse\",\"isPartOf\":{\"@id\":\"https:\\\/\\\/www.koro.net.pl\\\/fr\\\/#website\"},\"primaryImageOfPage\":{\"@id\":\"https:\\\/\\\/www.koro.net.pl\\\/fr\\\/produkt\\\/emulsionnement-de-lhuile-emulsificante-emulgol-es-12-1l-koronet\\\/#primaryimage\"},\"image\":{\"@id\":\"https:\\\/\\\/www.koro.net.pl\\\/fr\\\/produkt\\\/emulsionnement-de-lhuile-emulsificante-emulgol-es-12-1l-koronet\\\/#primaryimage\"},\"thumbnailUrl\":\"https:\\\/\\\/www.koro.net.pl\\\/wp-content\\\/uploads\\\/2023\\\/05\\\/Olej-emulgujacy-ES-12-Koronet-1-litr.png\",\"datePublished\":\"2023-05-05T15:02:46+00:00\",\"description\":\"Emulgol ES-12 1L - huile de traitement universelle. Cela r\u00e9duit la friction, prot\u00e8ge les outils, am\u00e9liore la douceur de la surface. D\u00e9couvrez notre offre en ligne !\",\"breadcrumb\":{\"@id\":\"https:\\\/\\\/www.koro.net.pl\\\/fr\\\/produkt\\\/emulsionnement-de-lhuile-emulsificante-emulgol-es-12-1l-koronet\\\/#breadcrumb\"},\"inLanguage\":\"fr-FR\",\"potentialAction\":[{\"@type\":\"ReadAction\",\"target\":[\"https:\\\/\\\/www.koro.net.pl\\\/fr\\\/produkt\\\/emulsionnement-de-lhuile-emulsificante-emulgol-es-12-1l-koronet\\\/\"]}]},{\"@type\":\"ImageObject\",\"inLanguage\":\"fr-FR\",\"@id\":\"https:\\\/\\\/www.koro.net.pl\\\/fr\\\/produkt\\\/emulsionnement-de-lhuile-emulsificante-emulgol-es-12-1l-koronet\\\/#primaryimage\",\"url\":\"https:\\\/\\\/www.koro.net.pl\\\/wp-content\\\/uploads\\\/2023\\\/05\\\/Olej-emulgujacy-ES-12-Koronet-1-litr.png\",\"contentUrl\":\"https:\\\/\\\/www.koro.net.pl\\\/wp-content\\\/uploads\\\/2023\\\/05\\\/Olej-emulgujacy-ES-12-Koronet-1-litr.png\",\"width\":800,\"height\":800,\"caption\":\"Olej emulguj\u0105cy ES 12 Koronet 1 litr\"},{\"@type\":\"BreadcrumbList\",\"@id\":\"https:\\\/\\\/www.koro.net.pl\\\/fr\\\/produkt\\\/emulsionnement-de-lhuile-emulsificante-emulgol-es-12-1l-koronet\\\/#breadcrumb\",\"itemListElement\":[{\"@type\":\"ListItem\",\"position\":1,\"name\":\"Strona g\u0142\u00f3wna\",\"item\":\"https:\\\/\\\/www.koro.net.pl\\\/fr\\\/\"},{\"@type\":\"ListItem\",\"position\":2,\"name\":\"Huiles et liquides de refroidissement\",\"item\":\"https:\\\/\\\/www.koro.net.pl\\\/fr\\\/produkty\\\/huiles-et-liquides-de-refroidissement\\\/\"},{\"@type\":\"ListItem\",\"position\":3,\"name\":\"\u00c9mulsionnement de l\u2019huile \u00e9mulsificante \u00e9mulgol ES-12 1l Koronet\"}]},{\"@type\":\"WebSite\",\"@id\":\"https:\\\/\\\/www.koro.net.pl\\\/fr\\\/#website\",\"url\":\"https:\\\/\\\/www.koro.net.pl\\\/fr\\\/\",\"name\":\"Koronet\",\"description\":\"\",\"publisher\":{\"@id\":\"https:\\\/\\\/www.koro.net.pl\\\/fr\\\/#organization\"},\"potentialAction\":[{\"@type\":\"SearchAction\",\"target\":{\"@type\":\"EntryPoint\",\"urlTemplate\":\"https:\\\/\\\/www.koro.net.pl\\\/fr\\\/?s={search_term_string}\"},\"query-input\":{\"@type\":\"PropertyValueSpecification\",\"valueRequired\":true,\"valueName\":\"search_term_string\"}}],\"inLanguage\":\"fr-FR\"},{\"@type\":\"Organization\",\"@id\":\"https:\\\/\\\/www.koro.net.pl\\\/fr\\\/#organization\",\"name\":\"Koronet\",\"alternateName\":\"Koronet\",\"url\":\"https:\\\/\\\/www.koro.net.pl\\\/fr\\\/\",\"logo\":{\"@type\":\"ImageObject\",\"inLanguage\":\"fr-FR\",\"@id\":\"https:\\\/\\\/www.koro.net.pl\\\/fr\\\/#\\\/schema\\\/logo\\\/image\\\/\",\"url\":\"https:\\\/\\\/www.koro.net.pl\\\/wp-content\\\/uploads\\\/2025\\\/02\\\/Koronet-spolka-z-o.o.png\",\"contentUrl\":\"https:\\\/\\\/www.koro.net.pl\\\/wp-content\\\/uploads\\\/2025\\\/02\\\/Koronet-spolka-z-o.o.png\",\"width\":696,\"height\":696,\"caption\":\"Koronet\"},\"image\":{\"@id\":\"https:\\\/\\\/www.koro.net.pl\\\/fr\\\/#\\\/schema\\\/logo\\\/image\\\/\"}}]}<\/script>\n<!-- \/ Yoast SEO plugin. -->","yoast_head_json":{"title":"ES-12 emulgol : 1L, protection de l\u2019outil et surface lisse","description":"Emulgol ES-12 1L - huile de traitement universelle. Cela r\u00e9duit la friction, prot\u00e8ge les outils, am\u00e9liore la douceur de la surface. D\u00e9couvrez notre offre en ligne !","robots":{"index":"index","follow":"follow","max-snippet":"max-snippet:-1","max-image-preview":"max-image-preview:large","max-video-preview":"max-video-preview:-1"},"canonical":"https:\/\/www.koro.net.pl\/fr\/produkt\/emulsionnement-de-lhuile-emulsificante-emulgol-es-12-1l-koronet\/","og_locale":"fr_FR","og_type":"article","og_title":"ES-12 emulgol : 1L, protection de l\u2019outil et surface lisse","og_description":"Emulgol ES-12 1L - huile de traitement universelle. Cela r\u00e9duit la friction, prot\u00e8ge les outils, am\u00e9liore la douceur de la surface. D\u00e9couvrez notre offre en ligne !","og_url":"https:\/\/www.koro.net.pl\/fr\/produkt\/emulsionnement-de-lhuile-emulsificante-emulgol-es-12-1l-koronet\/","og_site_name":"Koronet","og_image":[{"width":800,"height":800,"url":"https:\/\/www.koro.net.pl\/wp-content\/uploads\/2023\/05\/Olej-emulgujacy-ES-12-Koronet-1-litr.png","type":"image\/png"}],"twitter_card":"summary_large_image","twitter_misc":{"Dur\u00e9e de lecture estim\u00e9e":"2 minutes"},"schema":{"@context":"https:\/\/schema.org","@graph":[{"@type":"WebPage","@id":"https:\/\/www.koro.net.pl\/fr\/produkt\/emulsionnement-de-lhuile-emulsificante-emulgol-es-12-1l-koronet\/","url":"https:\/\/www.koro.net.pl\/fr\/produkt\/emulsionnement-de-lhuile-emulsificante-emulgol-es-12-1l-koronet\/","name":"ES-12 emulgol : 1L, protection de l\u2019outil et surface lisse","isPartOf":{"@id":"https:\/\/www.koro.net.pl\/fr\/#website"},"primaryImageOfPage":{"@id":"https:\/\/www.koro.net.pl\/fr\/produkt\/emulsionnement-de-lhuile-emulsificante-emulgol-es-12-1l-koronet\/#primaryimage"},"image":{"@id":"https:\/\/www.koro.net.pl\/fr\/produkt\/emulsionnement-de-lhuile-emulsificante-emulgol-es-12-1l-koronet\/#primaryimage"},"thumbnailUrl":"https:\/\/www.koro.net.pl\/wp-content\/uploads\/2023\/05\/Olej-emulgujacy-ES-12-Koronet-1-litr.png","datePublished":"2023-05-05T15:02:46+00:00","description":"Emulgol ES-12 1L - huile de traitement universelle. Cela r\u00e9duit la friction, prot\u00e8ge les outils, am\u00e9liore la douceur de la surface. D\u00e9couvrez notre offre en ligne !","breadcrumb":{"@id":"https:\/\/www.koro.net.pl\/fr\/produkt\/emulsionnement-de-lhuile-emulsificante-emulgol-es-12-1l-koronet\/#breadcrumb"},"inLanguage":"fr-FR","potentialAction":[{"@type":"ReadAction","target":["https:\/\/www.koro.net.pl\/fr\/produkt\/emulsionnement-de-lhuile-emulsificante-emulgol-es-12-1l-koronet\/"]}]},{"@type":"ImageObject","inLanguage":"fr-FR","@id":"https:\/\/www.koro.net.pl\/fr\/produkt\/emulsionnement-de-lhuile-emulsificante-emulgol-es-12-1l-koronet\/#primaryimage","url":"https:\/\/www.koro.net.pl\/wp-content\/uploads\/2023\/05\/Olej-emulgujacy-ES-12-Koronet-1-litr.png","contentUrl":"https:\/\/www.koro.net.pl\/wp-content\/uploads\/2023\/05\/Olej-emulgujacy-ES-12-Koronet-1-litr.png","width":800,"height":800,"caption":"Olej emulguj\u0105cy ES 12 Koronet 1 litr"},{"@type":"BreadcrumbList","@id":"https:\/\/www.koro.net.pl\/fr\/produkt\/emulsionnement-de-lhuile-emulsificante-emulgol-es-12-1l-koronet\/#breadcrumb","itemListElement":[{"@type":"ListItem","position":1,"name":"Strona g\u0142\u00f3wna","item":"https:\/\/www.koro.net.pl\/fr\/"},{"@type":"ListItem","position":2,"name":"Huiles et liquides de refroidissement","item":"https:\/\/www.koro.net.pl\/fr\/produkty\/huiles-et-liquides-de-refroidissement\/"},{"@type":"ListItem","position":3,"name":"\u00c9mulsionnement de l\u2019huile \u00e9mulsificante \u00e9mulgol ES-12 1l Koronet"}]},{"@type":"WebSite","@id":"https:\/\/www.koro.net.pl\/fr\/#website","url":"https:\/\/www.koro.net.pl\/fr\/","name":"Koronet","description":"","publisher":{"@id":"https:\/\/www.koro.net.pl\/fr\/#organization"},"potentialAction":[{"@type":"SearchAction","target":{"@type":"EntryPoint","urlTemplate":"https:\/\/www.koro.net.pl\/fr\/?s={search_term_string}"},"query-input":{"@type":"PropertyValueSpecification","valueRequired":true,"valueName":"search_term_string"}}],"inLanguage":"fr-FR"},{"@type":"Organization","@id":"https:\/\/www.koro.net.pl\/fr\/#organization","name":"Koronet","alternateName":"Koronet","url":"https:\/\/www.koro.net.pl\/fr\/","logo":{"@type":"ImageObject","inLanguage":"fr-FR","@id":"https:\/\/www.koro.net.pl\/fr\/#\/schema\/logo\/image\/","url":"https:\/\/www.koro.net.pl\/wp-content\/uploads\/2025\/02\/Koronet-spolka-z-o.o.png","contentUrl":"https:\/\/www.koro.net.pl\/wp-content\/uploads\/2025\/02\/Koronet-spolka-z-o.o.png","width":696,"height":696,"caption":"Koronet"},"image":{"@id":"https:\/\/www.koro.net.pl\/fr\/#\/schema\/logo\/image\/"}}]}},"_links":{"self":[{"href":"https:\/\/www.koro.net.pl\/fr\/wp-json\/wp\/v2\/product\/13056","targetHints":{"allow":["GET"]}}],"collection":[{"href":"https:\/\/www.koro.net.pl\/fr\/wp-json\/wp\/v2\/product"}],"about":[{"href":"https:\/\/www.koro.net.pl\/fr\/wp-json\/wp\/v2\/types\/product"}],"wp:featuredmedia":[{"embeddable":true,"href":"https:\/\/www.koro.net.pl\/fr\/wp-json\/wp\/v2\/media\/9521"}],"wp:attachment":[{"href":"https:\/\/www.koro.net.pl\/fr\/wp-json\/wp\/v2\/media?parent=13056"}],"wp:term":[{"taxonomy":"product_brand","embeddable":true,"href":"https:\/\/www.koro.net.pl\/fr\/wp-json\/wp\/v2\/product_brand?post=13056"},{"taxonomy":"product_cat","embeddable":true,"href":"https:\/\/www.koro.net.pl\/fr\/wp-json\/wp\/v2\/product_cat?post=13056"},{"taxonomy":"product_tag","embeddable":true,"href":"https:\/\/www.koro.net.pl\/fr\/wp-json\/wp\/v2\/product_tag?post=13056"}],"curies":[{"name":"wp","href":"https:\/\/api.w.org\/{rel}","templated":true}]}}