{"id":13045,"date":"2023-05-05T17:02:46","date_gmt":"2023-05-05T15:02:46","guid":{"rendered":"https:\/\/www.koro.net.pl\/produkt\/mesure-douverture-de-dent\/"},"modified":"2023-05-05T17:02:46","modified_gmt":"2023-05-05T15:02:46","slug":"mesure-douverture-de-dent","status":"publish","type":"product","link":"https:\/\/www.koro.net.pl\/fr\/produkt\/mesure-douverture-de-dent\/","title":{"rendered":"Mesure d\u2019ouverture de dent"},"content":{"rendered":"<p><a href=\"https:\/\/www.koro.net.pl\/fr\/produkty\/accessoires-de-scie-a-bande\/\">Un compteur d\u2019ouverture \u00e0 dents universel utilis\u00e9 pour mesurer les valeurs de calage des<\/a> scies \u00e0 ruban, des scieries verticales et des scies circulaires ordinaires, \u00e9chelle r\u00e9glable. Cela garantit des mesures tr\u00e8s pr\u00e9cises. <\/p>\n<p>M\u00e9thode de mesure analogique avec possibilit\u00e9 de lecture bilat\u00e9rale de la valeur mesur\u00e9e.<\/p>\n<p>Construction robuste et simple.<\/p>\n<p>SP\u00c9CIFICATION :<\/p>\n<p>&#8211; Usage : scies \u00e0 ruban et scies circulaires<\/p>\n<p>&#8211; type de mesure : ouverture des dents<\/p>\n<p>&#8211; M\u00e9thode de mesure : analogue<\/p>\n<p>&#8211; Plage de mesure : 0,0-1,5 mm<\/p>\n<p>&#8211; Pr\u00e9cision des mesures : 0,1 mm<\/p>\n<p>&#8211; Bo\u00eetier : m\u00e9tal<\/p>\n","protected":false},"excerpt":{"rendered":"<p>Un compteur d\u2019ouverture \u00e0 dents universel utilis\u00e9 pour mesurer les valeurs de calage des scies \u00e0 ruban, des scieries verticales et des scies circulaires ordinaires, \u00e9chelle r\u00e9glable. Cela garantit des [&hellip;]<\/p>\n","protected":false},"featured_media":247,"template":"","meta":{"_acf_changed":false},"product_brand":[],"product_cat":[182],"product_tag":[],"class_list":{"0":"post-13045","1":"product","2":"type-product","3":"status-publish","4":"has-post-thumbnail","6":"product_cat-accessoires-de-scie-a-bande","8":"first","9":"instock","10":"taxable","11":"shipping-taxable","12":"purchasable","13":"product-type-simple"},"acf":[],"yoast_head":"<!-- This site is optimized with the Yoast SEO plugin v27.5 - https:\/\/yoast.com\/product\/yoast-seo-wordpress\/ -->\n<title>M\u00e8tre d\u2019ouverture de la dent : plage de mesure 0,0-1,5 mm<\/title>\n<meta name=\"description\" content=\"Posem\u00e8tre d\u2019ouverture de dent - pr\u00e9cis et facile \u00e0 utiliser. Pour les scies \u00e0 ruban et les scies circulaires. Plage de mesure 0,0-1,5 mm, pr\u00e9cision 0,1 mm. Commandez maintenant !\" \/>\n<meta name=\"robots\" content=\"index, follow, max-snippet:-1, max-image-preview:large, max-video-preview:-1\" \/>\n<link rel=\"canonical\" href=\"https:\/\/www.koro.net.pl\/fr\/produkt\/mesure-douverture-de-dent\/\" \/>\n<meta property=\"og:locale\" content=\"fr_FR\" \/>\n<meta property=\"og:type\" content=\"article\" \/>\n<meta property=\"og:title\" content=\"M\u00e8tre d\u2019ouverture de la dent : plage de mesure 0,0-1,5 mm\" \/>\n<meta property=\"og:description\" content=\"Posem\u00e8tre d\u2019ouverture de dent - pr\u00e9cis et facile \u00e0 utiliser. Pour les scies \u00e0 ruban et les scies circulaires. Plage de mesure 0,0-1,5 mm, pr\u00e9cision 0,1 mm. Commandez maintenant !\" \/>\n<meta property=\"og:url\" content=\"https:\/\/www.koro.net.pl\/fr\/produkt\/mesure-douverture-de-dent\/\" \/>\n<meta property=\"og:site_name\" content=\"Koronet\" \/>\n<meta property=\"og:image\" content=\"https:\/\/www.koro.net.pl\/wp-content\/uploads\/2023\/05\/Czujnik-rozwarcia-zebow.png\" \/>\n\t<meta property=\"og:image:width\" content=\"291\" \/>\n\t<meta property=\"og:image:height\" content=\"497\" \/>\n\t<meta property=\"og:image:type\" content=\"image\/png\" \/>\n<meta name=\"twitter:card\" content=\"summary_large_image\" \/>\n<script type=\"application\/ld+json\" class=\"yoast-schema-graph\">{\"@context\":\"https:\\\/\\\/schema.org\",\"@graph\":[{\"@type\":\"WebPage\",\"@id\":\"https:\\\/\\\/www.koro.net.pl\\\/fr\\\/produkt\\\/mesure-douverture-de-dent\\\/\",\"url\":\"https:\\\/\\\/www.koro.net.pl\\\/fr\\\/produkt\\\/mesure-douverture-de-dent\\\/\",\"name\":\"M\u00e8tre d\u2019ouverture de la dent : plage de mesure 0,0-1,5 mm\",\"isPartOf\":{\"@id\":\"https:\\\/\\\/www.koro.net.pl\\\/fr\\\/#website\"},\"primaryImageOfPage\":{\"@id\":\"https:\\\/\\\/www.koro.net.pl\\\/fr\\\/produkt\\\/mesure-douverture-de-dent\\\/#primaryimage\"},\"image\":{\"@id\":\"https:\\\/\\\/www.koro.net.pl\\\/fr\\\/produkt\\\/mesure-douverture-de-dent\\\/#primaryimage\"},\"thumbnailUrl\":\"https:\\\/\\\/www.koro.net.pl\\\/wp-content\\\/uploads\\\/2023\\\/05\\\/Czujnik-rozwarcia-zebow.png\",\"datePublished\":\"2023-05-05T15:02:46+00:00\",\"description\":\"Posem\u00e8tre d\u2019ouverture de dent - pr\u00e9cis et facile \u00e0 utiliser. Pour les scies \u00e0 ruban et les scies circulaires. Plage de mesure 0,0-1,5 mm, pr\u00e9cision 0,1 mm. Commandez maintenant !\",\"breadcrumb\":{\"@id\":\"https:\\\/\\\/www.koro.net.pl\\\/fr\\\/produkt\\\/mesure-douverture-de-dent\\\/#breadcrumb\"},\"inLanguage\":\"fr-FR\",\"potentialAction\":[{\"@type\":\"ReadAction\",\"target\":[\"https:\\\/\\\/www.koro.net.pl\\\/fr\\\/produkt\\\/mesure-douverture-de-dent\\\/\"]}]},{\"@type\":\"ImageObject\",\"inLanguage\":\"fr-FR\",\"@id\":\"https:\\\/\\\/www.koro.net.pl\\\/fr\\\/produkt\\\/mesure-douverture-de-dent\\\/#primaryimage\",\"url\":\"https:\\\/\\\/www.koro.net.pl\\\/wp-content\\\/uploads\\\/2023\\\/05\\\/Czujnik-rozwarcia-zebow.png\",\"contentUrl\":\"https:\\\/\\\/www.koro.net.pl\\\/wp-content\\\/uploads\\\/2023\\\/05\\\/Czujnik-rozwarcia-zebow.png\",\"width\":291,\"height\":497,\"caption\":\"Miernik rozwarcia z\u0119b\u00f3w\"},{\"@type\":\"BreadcrumbList\",\"@id\":\"https:\\\/\\\/www.koro.net.pl\\\/fr\\\/produkt\\\/mesure-douverture-de-dent\\\/#breadcrumb\",\"itemListElement\":[{\"@type\":\"ListItem\",\"position\":1,\"name\":\"Strona g\u0142\u00f3wna\",\"item\":\"https:\\\/\\\/www.koro.net.pl\\\/fr\\\/\"},{\"@type\":\"ListItem\",\"position\":2,\"name\":\"Mesure d\u2019ouverture de dent\"}]},{\"@type\":\"WebSite\",\"@id\":\"https:\\\/\\\/www.koro.net.pl\\\/fr\\\/#website\",\"url\":\"https:\\\/\\\/www.koro.net.pl\\\/fr\\\/\",\"name\":\"Koronet\",\"description\":\"\",\"publisher\":{\"@id\":\"https:\\\/\\\/www.koro.net.pl\\\/fr\\\/#organization\"},\"potentialAction\":[{\"@type\":\"SearchAction\",\"target\":{\"@type\":\"EntryPoint\",\"urlTemplate\":\"https:\\\/\\\/www.koro.net.pl\\\/fr\\\/?s={search_term_string}\"},\"query-input\":{\"@type\":\"PropertyValueSpecification\",\"valueRequired\":true,\"valueName\":\"search_term_string\"}}],\"inLanguage\":\"fr-FR\"},{\"@type\":\"Organization\",\"@id\":\"https:\\\/\\\/www.koro.net.pl\\\/fr\\\/#organization\",\"name\":\"Koronet\",\"alternateName\":\"Koronet\",\"url\":\"https:\\\/\\\/www.koro.net.pl\\\/fr\\\/\",\"logo\":{\"@type\":\"ImageObject\",\"inLanguage\":\"fr-FR\",\"@id\":\"https:\\\/\\\/www.koro.net.pl\\\/fr\\\/#\\\/schema\\\/logo\\\/image\\\/\",\"url\":\"https:\\\/\\\/www.koro.net.pl\\\/wp-content\\\/uploads\\\/2025\\\/02\\\/Koronet-spolka-z-o.o.png\",\"contentUrl\":\"https:\\\/\\\/www.koro.net.pl\\\/wp-content\\\/uploads\\\/2025\\\/02\\\/Koronet-spolka-z-o.o.png\",\"width\":696,\"height\":696,\"caption\":\"Koronet\"},\"image\":{\"@id\":\"https:\\\/\\\/www.koro.net.pl\\\/fr\\\/#\\\/schema\\\/logo\\\/image\\\/\"}}]}<\/script>\n<!-- \/ Yoast SEO plugin. -->","yoast_head_json":{"title":"M\u00e8tre d\u2019ouverture de la dent : plage de mesure 0,0-1,5 mm","description":"Posem\u00e8tre d\u2019ouverture de dent - pr\u00e9cis et facile \u00e0 utiliser. Pour les scies \u00e0 ruban et les scies circulaires. Plage de mesure 0,0-1,5 mm, pr\u00e9cision 0,1 mm. Commandez maintenant !","robots":{"index":"index","follow":"follow","max-snippet":"max-snippet:-1","max-image-preview":"max-image-preview:large","max-video-preview":"max-video-preview:-1"},"canonical":"https:\/\/www.koro.net.pl\/fr\/produkt\/mesure-douverture-de-dent\/","og_locale":"fr_FR","og_type":"article","og_title":"M\u00e8tre d\u2019ouverture de la dent : plage de mesure 0,0-1,5 mm","og_description":"Posem\u00e8tre d\u2019ouverture de dent - pr\u00e9cis et facile \u00e0 utiliser. Pour les scies \u00e0 ruban et les scies circulaires. Plage de mesure 0,0-1,5 mm, pr\u00e9cision 0,1 mm. Commandez maintenant !","og_url":"https:\/\/www.koro.net.pl\/fr\/produkt\/mesure-douverture-de-dent\/","og_site_name":"Koronet","og_image":[{"width":291,"height":497,"url":"https:\/\/www.koro.net.pl\/wp-content\/uploads\/2023\/05\/Czujnik-rozwarcia-zebow.png","type":"image\/png"}],"twitter_card":"summary_large_image","schema":{"@context":"https:\/\/schema.org","@graph":[{"@type":"WebPage","@id":"https:\/\/www.koro.net.pl\/fr\/produkt\/mesure-douverture-de-dent\/","url":"https:\/\/www.koro.net.pl\/fr\/produkt\/mesure-douverture-de-dent\/","name":"M\u00e8tre d\u2019ouverture de la dent : plage de mesure 0,0-1,5 mm","isPartOf":{"@id":"https:\/\/www.koro.net.pl\/fr\/#website"},"primaryImageOfPage":{"@id":"https:\/\/www.koro.net.pl\/fr\/produkt\/mesure-douverture-de-dent\/#primaryimage"},"image":{"@id":"https:\/\/www.koro.net.pl\/fr\/produkt\/mesure-douverture-de-dent\/#primaryimage"},"thumbnailUrl":"https:\/\/www.koro.net.pl\/wp-content\/uploads\/2023\/05\/Czujnik-rozwarcia-zebow.png","datePublished":"2023-05-05T15:02:46+00:00","description":"Posem\u00e8tre d\u2019ouverture de dent - pr\u00e9cis et facile \u00e0 utiliser. Pour les scies \u00e0 ruban et les scies circulaires. Plage de mesure 0,0-1,5 mm, pr\u00e9cision 0,1 mm. Commandez maintenant !","breadcrumb":{"@id":"https:\/\/www.koro.net.pl\/fr\/produkt\/mesure-douverture-de-dent\/#breadcrumb"},"inLanguage":"fr-FR","potentialAction":[{"@type":"ReadAction","target":["https:\/\/www.koro.net.pl\/fr\/produkt\/mesure-douverture-de-dent\/"]}]},{"@type":"ImageObject","inLanguage":"fr-FR","@id":"https:\/\/www.koro.net.pl\/fr\/produkt\/mesure-douverture-de-dent\/#primaryimage","url":"https:\/\/www.koro.net.pl\/wp-content\/uploads\/2023\/05\/Czujnik-rozwarcia-zebow.png","contentUrl":"https:\/\/www.koro.net.pl\/wp-content\/uploads\/2023\/05\/Czujnik-rozwarcia-zebow.png","width":291,"height":497,"caption":"Miernik rozwarcia z\u0119b\u00f3w"},{"@type":"BreadcrumbList","@id":"https:\/\/www.koro.net.pl\/fr\/produkt\/mesure-douverture-de-dent\/#breadcrumb","itemListElement":[{"@type":"ListItem","position":1,"name":"Strona g\u0142\u00f3wna","item":"https:\/\/www.koro.net.pl\/fr\/"},{"@type":"ListItem","position":2,"name":"Mesure d\u2019ouverture de dent"}]},{"@type":"WebSite","@id":"https:\/\/www.koro.net.pl\/fr\/#website","url":"https:\/\/www.koro.net.pl\/fr\/","name":"Koronet","description":"","publisher":{"@id":"https:\/\/www.koro.net.pl\/fr\/#organization"},"potentialAction":[{"@type":"SearchAction","target":{"@type":"EntryPoint","urlTemplate":"https:\/\/www.koro.net.pl\/fr\/?s={search_term_string}"},"query-input":{"@type":"PropertyValueSpecification","valueRequired":true,"valueName":"search_term_string"}}],"inLanguage":"fr-FR"},{"@type":"Organization","@id":"https:\/\/www.koro.net.pl\/fr\/#organization","name":"Koronet","alternateName":"Koronet","url":"https:\/\/www.koro.net.pl\/fr\/","logo":{"@type":"ImageObject","inLanguage":"fr-FR","@id":"https:\/\/www.koro.net.pl\/fr\/#\/schema\/logo\/image\/","url":"https:\/\/www.koro.net.pl\/wp-content\/uploads\/2025\/02\/Koronet-spolka-z-o.o.png","contentUrl":"https:\/\/www.koro.net.pl\/wp-content\/uploads\/2025\/02\/Koronet-spolka-z-o.o.png","width":696,"height":696,"caption":"Koronet"},"image":{"@id":"https:\/\/www.koro.net.pl\/fr\/#\/schema\/logo\/image\/"}}]}},"_links":{"self":[{"href":"https:\/\/www.koro.net.pl\/fr\/wp-json\/wp\/v2\/product\/13045","targetHints":{"allow":["GET"]}}],"collection":[{"href":"https:\/\/www.koro.net.pl\/fr\/wp-json\/wp\/v2\/product"}],"about":[{"href":"https:\/\/www.koro.net.pl\/fr\/wp-json\/wp\/v2\/types\/product"}],"wp:featuredmedia":[{"embeddable":true,"href":"https:\/\/www.koro.net.pl\/fr\/wp-json\/wp\/v2\/media\/247"}],"wp:attachment":[{"href":"https:\/\/www.koro.net.pl\/fr\/wp-json\/wp\/v2\/media?parent=13045"}],"wp:term":[{"taxonomy":"product_brand","embeddable":true,"href":"https:\/\/www.koro.net.pl\/fr\/wp-json\/wp\/v2\/product_brand?post=13045"},{"taxonomy":"product_cat","embeddable":true,"href":"https:\/\/www.koro.net.pl\/fr\/wp-json\/wp\/v2\/product_cat?post=13045"},{"taxonomy":"product_tag","embeddable":true,"href":"https:\/\/www.koro.net.pl\/fr\/wp-json\/wp\/v2\/product_tag?post=13045"}],"curies":[{"name":"wp","href":"https:\/\/api.w.org\/{rel}","templated":true}]}}