{"id":13044,"date":"2023-05-05T17:02:46","date_gmt":"2023-05-05T15:02:46","guid":{"rendered":"https:\/\/www.koro.net.pl\/produkt\/scies-a-ruban-en-argent-roh\/"},"modified":"2023-05-05T17:02:46","modified_gmt":"2023-05-05T15:02:46","slug":"scies-a-ruban-en-argent-roh","status":"publish","type":"product","link":"https:\/\/www.koro.net.pl\/fr\/produkt\/scies-a-ruban-en-argent-roh\/","title":{"rendered":"Scies \u00e0 ruban en argent ROH"},"content":{"rendered":"<h2>Scies \u00e0 ruban ROH en argent \u2013 outils modernes pour les utilisateurs exigeants<\/h2>\n<p>Les scies \u00e0 ruban ROH en argent sont con\u00e7ues pour les professionnels qui attendent fiabilit\u00e9 et la plus haute qualit\u00e9 de d\u00e9coupe dans leur travail quotidien. L\u2019utilisation de technologies de production avanc\u00e9es permet d\u2019atteindre une r\u00e9sistance et une r\u00e9sistance optimales aux dommages. Cela rend ces outils adapt\u00e9s m\u00eame dans des conditions de travail intenses.  <\/p>\n<h3>Raffinement technique pour obtenir des r\u00e9sultats pr\u00e9cis<\/h3>\n<p>La scie ROH en argent se caract\u00e9rise par une duret\u00e9 de 44-46 HRC, ce qui permet un maintien \u00e0 long terme de l\u2019aff\u00fbtage des dents et de la stabilit\u00e9 de la coupe. Cet outil est id\u00e9al pour travailler le bois tendre, que le mat\u00e9riau soit d\u00e9corc\u00e9 ou non. Une vitesse de courroie allant jusqu\u2019\u00e0 30 m\/s et une large plage d\u2019alimentation de 2 \u00e0 8 m\/min garantissent un fonctionnement fluide et efficace.  <\/p>\n<h3>Pourquoi choisir les scies \u00e0 ruban Silver ROH ?<\/h3>\n<ul>\n<li><b>Durabilit\u00e9 et fiabilit\u00e9<\/b> : Un acier de haute qualit\u00e9 garantit une longue dur\u00e9e de vie de l\u2019outil.<\/li>\n<li><b>Coupes pr\u00e9cises<\/b> : La stabilit\u00e9 de la structure \u00e9limine les vibrations, ce qui se traduit par des surfaces parfaitement lisses.<\/li>\n<li><b>Polyvalence<\/b> : l\u2019outil convient \u00e0 une grande vari\u00e9t\u00e9 d\u2019esp\u00e8ces de bois et de t\u00e2ches d\u2019usinage.<\/li>\n<\/ul>\n<h3>Concentrez-vous sur la qualit\u00e9 et la performance &#8211; choisissez Silver ROH<\/h3>\n<p>Lorsque vous choisissez la scie \u00e0 ruban ROH en argent, vous choisissez un outil qui augmentera l\u2019efficacit\u00e9 et la pr\u00e9cision de votre travail. Misez sur une solution qui r\u00e9pondra aux attentes des utilisateurs les plus exigeants.   <b>Consultez les d\u00e9tails de l\u2019offre et voyez comment Silver ROH peut transformer vos d\u00e9fis professionnels quotidiens.<\/b><\/p>\n<h4>Caract\u00e9ristiques :<\/h4>\n<p>Mat\u00e9riau : <strong>acier alli\u00e9<\/strong><br \/>\nPas : <strong>22,2 mm<\/strong><br \/>\nDuret\u00e9 de la scie : <strong>42+44 HRC<\/strong><br \/>\nTemps de fonctionnement continu : <strong>1h + 12 heures<\/strong><br \/>\nde repos Tension de la scie : <strong>140-150 MPa<\/strong><br \/>\nVitesse de la scie : <strong> 30 m\/s<\/strong><br \/>\nAlimentation :        <strong>2-8 m\/min<\/strong><\/p>\n<h4>Caract\u00e9ristiques :<\/h4>\n<ul>\n<li>Meilleure stabilit\u00e9 de fonctionnement<\/li>\n<li>R\u00e9sistance accrue \u00e0 l\u2019extinction<\/li>\n<li>recommand\u00e9 pour la coupe de bois tendre et de duret\u00e9 moyenne<\/li>\n<\/ul>\n<p>&nbsp;<\/p>\n<table border=\"1\" cellspacing=\"1\" cellpadding=\"1\">\n<tbody>\n<tr>\n<td><b>Largeur <\/b><\/td>\n<td><b>\u00c9paisseur <\/b><\/td>\n<td><b>Non ouvert Non aff\u00fbt\u00e9<\/b><\/td>\n<td><b>\u00c9mouss\u00e9<\/b><\/td>\n<td><b>Ouvert Aiguis\u00e9 Durci<\/b><\/td>\n<\/tr>\n<tr>\n<td>35<\/td>\n<td>1.1<\/td>\n<td>\n\u2713<\/td>\n<td>\n\u2713<\/td>\n<td>\u2713<\/td>\n<\/tr>\n<tr>\n<td>40<\/td>\n<td>1.0<\/td>\n<td>\n\u2713<\/td>\n<td>\n\u2713<\/td>\n<td>\u2713<\/td>\n<\/tr>\n<\/tbody>\n<\/table>\n<p>&nbsp;<\/p>\n<table border=\"1\" width=\"361\" cellspacing=\"1\" cellpadding=\"1\">\n<tbody>\n<tr>\n<td colspan=\"3\"><b>Duret\u00e9 du bois<\/b><\/td>\n<\/tr>\n<tr>\n<td><b>Doux<\/b><\/td>\n<td><b>Moyen<\/b><\/td>\n<td><b>Difficile<\/b><\/td>\n<\/tr>\n<tr>\n<td>\n RO<\/td>\n<td>\n RO<\/td>\n<td>ROH<\/td>\n<\/tr>\n<\/tbody>\n<\/table>\n<p>&nbsp;<\/p>\n<table border=\"1\" cellspacing=\"1\" cellpadding=\"1\">\n<tbody>\n<tr>\n<td colspan=\"4\"><b>Conditions de travail<\/b><\/td>\n<\/tr>\n<tr>\nBois <\/p>\n<td><b>\u00e9corc\u00e9<\/b><\/td>\n<p>Bois <\/p>\n<td><b>non \u00e9corc\u00e9,<\/b><\/td>\n<p> propre, nettoyageBois <\/p>\n<td><b>sablonneux<\/b><\/td>\n<p> non \u00e9corc\u00e9<\/p>\n<td><b>Bois gel\u00e9<\/b><\/td>\n<\/tr>\n<tr>\n<td> <\/td>\n<p> RO<\/p>\n<td>\n RO<\/td>\n<td>ROH<\/td>\n<td>ROH<\/td>\n<\/tr>\n<\/tbody>\n<\/table>\n","protected":false},"excerpt":{"rendered":"<p>Scies \u00e0 ruban ROH en argent \u2013 outils modernes pour les utilisateurs exigeants Les scies \u00e0 ruban ROH en argent sont con\u00e7ues pour les professionnels qui attendent fiabilit\u00e9 et la [&hellip;]<\/p>\n","protected":false},"featured_media":13050,"template":"","meta":{"_acf_changed":false},"product_brand":[],"product_cat":[202],"product_tag":[],"class_list":{"0":"post-13044","1":"product","2":"type-product","3":"status-publish","4":"has-post-thumbnail","6":"product_cat-scies-a-ruban-pour-bois","7":"product_shipping_class-livraison-gratuite-scies-a-bois","9":"first","10":"instock","11":"taxable","12":"shipping-taxable","13":"purchasable","14":"product-type-variable"},"acf":[],"yoast_head":"<!-- This site is optimized with the Yoast SEO plugin v27.5 - https:\/\/yoast.com\/product\/yoast-seo-wordpress\/ -->\n<title>ROH argent\u00e9 : scies de haute qualit\u00e9, tension de la scie : 140-150MPa<\/title>\n<meta name=\"description\" content=\"Silver ROH - scies \u00e0 ruban qui r\u00e9pondront \u00e0 vos attentes. Outils professionnels de menuiserie. D\u00e9couvrez notre offre !\" \/>\n<meta name=\"robots\" content=\"index, follow, max-snippet:-1, max-image-preview:large, max-video-preview:-1\" \/>\n<link rel=\"canonical\" href=\"https:\/\/www.koro.net.pl\/fr\/produkt\/scies-a-ruban-en-argent-roh\/\" \/>\n<meta property=\"og:locale\" content=\"fr_FR\" \/>\n<meta property=\"og:type\" content=\"article\" \/>\n<meta property=\"og:title\" content=\"ROH argent\u00e9 : scies de haute qualit\u00e9, tension de la scie : 140-150MPa\" \/>\n<meta property=\"og:description\" content=\"Silver ROH - scies \u00e0 ruban qui r\u00e9pondront \u00e0 vos attentes. Outils professionnels de menuiserie. D\u00e9couvrez notre offre !\" \/>\n<meta property=\"og:url\" content=\"https:\/\/www.koro.net.pl\/fr\/produkt\/scies-a-ruban-en-argent-roh\/\" \/>\n<meta property=\"og:site_name\" content=\"Koronet\" \/>\n<meta property=\"og:image\" content=\"https:\/\/www.koro.net.pl\/wp-content\/uploads\/2023\/05\/Silver-800x600-1.png\" \/>\n\t<meta property=\"og:image:width\" content=\"800\" \/>\n\t<meta property=\"og:image:height\" content=\"600\" \/>\n\t<meta property=\"og:image:type\" content=\"image\/png\" \/>\n<meta name=\"twitter:card\" content=\"summary_large_image\" \/>\n<meta name=\"twitter:label1\" content=\"Dur\u00e9e de lecture estim\u00e9e\" \/>\n\t<meta name=\"twitter:data1\" content=\"2 minutes\" \/>\n<script type=\"application\/ld+json\" class=\"yoast-schema-graph\">{\"@context\":\"https:\\\/\\\/schema.org\",\"@graph\":[{\"@type\":\"WebPage\",\"@id\":\"https:\\\/\\\/www.koro.net.pl\\\/fr\\\/produkt\\\/scies-a-ruban-en-argent-roh\\\/\",\"url\":\"https:\\\/\\\/www.koro.net.pl\\\/fr\\\/produkt\\\/scies-a-ruban-en-argent-roh\\\/\",\"name\":\"ROH argent\u00e9 : scies de haute qualit\u00e9, tension de la scie : 140-150MPa\",\"isPartOf\":{\"@id\":\"https:\\\/\\\/www.koro.net.pl\\\/fr\\\/#website\"},\"primaryImageOfPage\":{\"@id\":\"https:\\\/\\\/www.koro.net.pl\\\/fr\\\/produkt\\\/scies-a-ruban-en-argent-roh\\\/#primaryimage\"},\"image\":{\"@id\":\"https:\\\/\\\/www.koro.net.pl\\\/fr\\\/produkt\\\/scies-a-ruban-en-argent-roh\\\/#primaryimage\"},\"thumbnailUrl\":\"https:\\\/\\\/www.koro.net.pl\\\/wp-content\\\/uploads\\\/2023\\\/05\\\/Silver-800x600-1.png\",\"datePublished\":\"2023-05-05T15:02:46+00:00\",\"description\":\"Silver ROH - scies \u00e0 ruban qui r\u00e9pondront \u00e0 vos attentes. Outils professionnels de menuiserie. D\u00e9couvrez notre offre !\",\"breadcrumb\":{\"@id\":\"https:\\\/\\\/www.koro.net.pl\\\/fr\\\/produkt\\\/scies-a-ruban-en-argent-roh\\\/#breadcrumb\"},\"inLanguage\":\"fr-FR\",\"potentialAction\":[{\"@type\":\"ReadAction\",\"target\":[\"https:\\\/\\\/www.koro.net.pl\\\/fr\\\/produkt\\\/scies-a-ruban-en-argent-roh\\\/\"]}]},{\"@type\":\"ImageObject\",\"inLanguage\":\"fr-FR\",\"@id\":\"https:\\\/\\\/www.koro.net.pl\\\/fr\\\/produkt\\\/scies-a-ruban-en-argent-roh\\\/#primaryimage\",\"url\":\"https:\\\/\\\/www.koro.net.pl\\\/wp-content\\\/uploads\\\/2023\\\/05\\\/Silver-800x600-1.png\",\"contentUrl\":\"https:\\\/\\\/www.koro.net.pl\\\/wp-content\\\/uploads\\\/2023\\\/05\\\/Silver-800x600-1.png\",\"width\":800,\"height\":600,\"caption\":\"Koronet en argent \u00e0 la scie \u00e0 bande en bois\"},{\"@type\":\"BreadcrumbList\",\"@id\":\"https:\\\/\\\/www.koro.net.pl\\\/fr\\\/produkt\\\/scies-a-ruban-en-argent-roh\\\/#breadcrumb\",\"itemListElement\":[{\"@type\":\"ListItem\",\"position\":1,\"name\":\"Strona g\u0142\u00f3wna\",\"item\":\"https:\\\/\\\/www.koro.net.pl\\\/fr\\\/\"},{\"@type\":\"ListItem\",\"position\":2,\"name\":\"Scies \u00e0 ruban pour bois\",\"item\":\"https:\\\/\\\/www.koro.net.pl\\\/fr\\\/produkty\\\/scies-a-ruban-pour-bois\\\/\"},{\"@type\":\"ListItem\",\"position\":3,\"name\":\"Scies \u00e0 ruban en argent ROH\"}]},{\"@type\":\"WebSite\",\"@id\":\"https:\\\/\\\/www.koro.net.pl\\\/fr\\\/#website\",\"url\":\"https:\\\/\\\/www.koro.net.pl\\\/fr\\\/\",\"name\":\"Koronet\",\"description\":\"\",\"publisher\":{\"@id\":\"https:\\\/\\\/www.koro.net.pl\\\/fr\\\/#organization\"},\"potentialAction\":[{\"@type\":\"SearchAction\",\"target\":{\"@type\":\"EntryPoint\",\"urlTemplate\":\"https:\\\/\\\/www.koro.net.pl\\\/fr\\\/?s={search_term_string}\"},\"query-input\":{\"@type\":\"PropertyValueSpecification\",\"valueRequired\":true,\"valueName\":\"search_term_string\"}}],\"inLanguage\":\"fr-FR\"},{\"@type\":\"Organization\",\"@id\":\"https:\\\/\\\/www.koro.net.pl\\\/fr\\\/#organization\",\"name\":\"Koronet\",\"alternateName\":\"Koronet\",\"url\":\"https:\\\/\\\/www.koro.net.pl\\\/fr\\\/\",\"logo\":{\"@type\":\"ImageObject\",\"inLanguage\":\"fr-FR\",\"@id\":\"https:\\\/\\\/www.koro.net.pl\\\/fr\\\/#\\\/schema\\\/logo\\\/image\\\/\",\"url\":\"https:\\\/\\\/www.koro.net.pl\\\/wp-content\\\/uploads\\\/2025\\\/02\\\/Koronet-spolka-z-o.o.png\",\"contentUrl\":\"https:\\\/\\\/www.koro.net.pl\\\/wp-content\\\/uploads\\\/2025\\\/02\\\/Koronet-spolka-z-o.o.png\",\"width\":696,\"height\":696,\"caption\":\"Koronet\"},\"image\":{\"@id\":\"https:\\\/\\\/www.koro.net.pl\\\/fr\\\/#\\\/schema\\\/logo\\\/image\\\/\"}}]}<\/script>\n<!-- \/ Yoast SEO plugin. -->","yoast_head_json":{"title":"ROH argent\u00e9 : scies de haute qualit\u00e9, tension de la scie : 140-150MPa","description":"Silver ROH - scies \u00e0 ruban qui r\u00e9pondront \u00e0 vos attentes. Outils professionnels de menuiserie. D\u00e9couvrez notre offre !","robots":{"index":"index","follow":"follow","max-snippet":"max-snippet:-1","max-image-preview":"max-image-preview:large","max-video-preview":"max-video-preview:-1"},"canonical":"https:\/\/www.koro.net.pl\/fr\/produkt\/scies-a-ruban-en-argent-roh\/","og_locale":"fr_FR","og_type":"article","og_title":"ROH argent\u00e9 : scies de haute qualit\u00e9, tension de la scie : 140-150MPa","og_description":"Silver ROH - scies \u00e0 ruban qui r\u00e9pondront \u00e0 vos attentes. Outils professionnels de menuiserie. D\u00e9couvrez notre offre !","og_url":"https:\/\/www.koro.net.pl\/fr\/produkt\/scies-a-ruban-en-argent-roh\/","og_site_name":"Koronet","og_image":[{"width":800,"height":600,"url":"https:\/\/www.koro.net.pl\/wp-content\/uploads\/2023\/05\/Silver-800x600-1.png","type":"image\/png"}],"twitter_card":"summary_large_image","twitter_misc":{"Dur\u00e9e de lecture estim\u00e9e":"2 minutes"},"schema":{"@context":"https:\/\/schema.org","@graph":[{"@type":"WebPage","@id":"https:\/\/www.koro.net.pl\/fr\/produkt\/scies-a-ruban-en-argent-roh\/","url":"https:\/\/www.koro.net.pl\/fr\/produkt\/scies-a-ruban-en-argent-roh\/","name":"ROH argent\u00e9 : scies de haute qualit\u00e9, tension de la scie : 140-150MPa","isPartOf":{"@id":"https:\/\/www.koro.net.pl\/fr\/#website"},"primaryImageOfPage":{"@id":"https:\/\/www.koro.net.pl\/fr\/produkt\/scies-a-ruban-en-argent-roh\/#primaryimage"},"image":{"@id":"https:\/\/www.koro.net.pl\/fr\/produkt\/scies-a-ruban-en-argent-roh\/#primaryimage"},"thumbnailUrl":"https:\/\/www.koro.net.pl\/wp-content\/uploads\/2023\/05\/Silver-800x600-1.png","datePublished":"2023-05-05T15:02:46+00:00","description":"Silver ROH - scies \u00e0 ruban qui r\u00e9pondront \u00e0 vos attentes. Outils professionnels de menuiserie. D\u00e9couvrez notre offre !","breadcrumb":{"@id":"https:\/\/www.koro.net.pl\/fr\/produkt\/scies-a-ruban-en-argent-roh\/#breadcrumb"},"inLanguage":"fr-FR","potentialAction":[{"@type":"ReadAction","target":["https:\/\/www.koro.net.pl\/fr\/produkt\/scies-a-ruban-en-argent-roh\/"]}]},{"@type":"ImageObject","inLanguage":"fr-FR","@id":"https:\/\/www.koro.net.pl\/fr\/produkt\/scies-a-ruban-en-argent-roh\/#primaryimage","url":"https:\/\/www.koro.net.pl\/wp-content\/uploads\/2023\/05\/Silver-800x600-1.png","contentUrl":"https:\/\/www.koro.net.pl\/wp-content\/uploads\/2023\/05\/Silver-800x600-1.png","width":800,"height":600,"caption":"Koronet en argent \u00e0 la scie \u00e0 bande en bois"},{"@type":"BreadcrumbList","@id":"https:\/\/www.koro.net.pl\/fr\/produkt\/scies-a-ruban-en-argent-roh\/#breadcrumb","itemListElement":[{"@type":"ListItem","position":1,"name":"Strona g\u0142\u00f3wna","item":"https:\/\/www.koro.net.pl\/fr\/"},{"@type":"ListItem","position":2,"name":"Scies \u00e0 ruban pour bois","item":"https:\/\/www.koro.net.pl\/fr\/produkty\/scies-a-ruban-pour-bois\/"},{"@type":"ListItem","position":3,"name":"Scies \u00e0 ruban en argent ROH"}]},{"@type":"WebSite","@id":"https:\/\/www.koro.net.pl\/fr\/#website","url":"https:\/\/www.koro.net.pl\/fr\/","name":"Koronet","description":"","publisher":{"@id":"https:\/\/www.koro.net.pl\/fr\/#organization"},"potentialAction":[{"@type":"SearchAction","target":{"@type":"EntryPoint","urlTemplate":"https:\/\/www.koro.net.pl\/fr\/?s={search_term_string}"},"query-input":{"@type":"PropertyValueSpecification","valueRequired":true,"valueName":"search_term_string"}}],"inLanguage":"fr-FR"},{"@type":"Organization","@id":"https:\/\/www.koro.net.pl\/fr\/#organization","name":"Koronet","alternateName":"Koronet","url":"https:\/\/www.koro.net.pl\/fr\/","logo":{"@type":"ImageObject","inLanguage":"fr-FR","@id":"https:\/\/www.koro.net.pl\/fr\/#\/schema\/logo\/image\/","url":"https:\/\/www.koro.net.pl\/wp-content\/uploads\/2025\/02\/Koronet-spolka-z-o.o.png","contentUrl":"https:\/\/www.koro.net.pl\/wp-content\/uploads\/2025\/02\/Koronet-spolka-z-o.o.png","width":696,"height":696,"caption":"Koronet"},"image":{"@id":"https:\/\/www.koro.net.pl\/fr\/#\/schema\/logo\/image\/"}}]}},"_links":{"self":[{"href":"https:\/\/www.koro.net.pl\/fr\/wp-json\/wp\/v2\/product\/13044","targetHints":{"allow":["GET"]}}],"collection":[{"href":"https:\/\/www.koro.net.pl\/fr\/wp-json\/wp\/v2\/product"}],"about":[{"href":"https:\/\/www.koro.net.pl\/fr\/wp-json\/wp\/v2\/types\/product"}],"wp:featuredmedia":[{"embeddable":true,"href":"https:\/\/www.koro.net.pl\/fr\/wp-json\/wp\/v2\/media\/13050"}],"wp:attachment":[{"href":"https:\/\/www.koro.net.pl\/fr\/wp-json\/wp\/v2\/media?parent=13044"}],"wp:term":[{"taxonomy":"product_brand","embeddable":true,"href":"https:\/\/www.koro.net.pl\/fr\/wp-json\/wp\/v2\/product_brand?post=13044"},{"taxonomy":"product_cat","embeddable":true,"href":"https:\/\/www.koro.net.pl\/fr\/wp-json\/wp\/v2\/product_cat?post=13044"},{"taxonomy":"product_tag","embeddable":true,"href":"https:\/\/www.koro.net.pl\/fr\/wp-json\/wp\/v2\/product_tag?post=13044"}],"curies":[{"name":"wp","href":"https:\/\/api.w.org\/{rel}","templated":true}]}}