{"id":13042,"date":"2023-05-05T17:02:46","date_gmt":"2023-05-05T15:02:46","guid":{"rendered":"https:\/\/www.koro.net.pl\/produkt\/jauge-de-contrainte-pour-scies-a-ruban-cormak\/"},"modified":"2023-05-05T17:02:46","modified_gmt":"2023-05-05T15:02:46","slug":"jauge-de-contrainte-pour-scies-a-ruban-cormak","status":"publish","type":"product","link":"https:\/\/www.koro.net.pl\/fr\/produkt\/jauge-de-contrainte-pour-scies-a-ruban-cormak\/","title":{"rendered":"Jauge de contrainte pour scies \u00e0 ruban CORMAK"},"content":{"rendered":"<p>La jauge de contrainte CORMAK est un outil fiable con\u00e7u pour la mesure pr\u00e9cise de la tension des scies \u00e0 ruban utilis\u00e9es dans le traitement des m\u00e9taux et du bois. L\u2019appareil prend en place des scies d\u2019une largeur de <b>6 mm \u00e0 67 mm<\/b> et des \u00e9paisseurs allant de <b>0,65 \u00e0 1,6 mm<\/b>, ce qui en fait une solution polyvalente et polyvalente pour la menuiserie, les ateliers de serrurerie et l\u2019industrie m\u00e9tallurgique. <\/p>\n<h3 style=\"font-size: 21px;\">Mesures pr\u00e9cises pour un travail plus pr\u00e9cis<\/h3>\n<p>Une tension incorrecte de la scie \u00e0 ruban peut entra\u00eener une usure pr\u00e9matur\u00e9e de la courroie, des coupes in\u00e9gales et un risque accru de cassure de la bande. La jauge de contrainte CORMAK vous permet de surveiller la tension en continu, ce qui vous permet de l\u2019ajuster de mani\u00e8re optimale et d\u2019am\u00e9liorer la qualit\u00e9 de la coupe. <\/p>\n<h3 style=\"font-size: 21px;\">Polyvalence et facilit\u00e9 d\u2019utilisation<\/h3>\n<ul style=\"font-size: 1.6rem;\">\n<li>Mesure des contraintes dans les scies \u00e0 ruban en bois et en m\u00e9tal.<\/li>\n<li>On peut mesurer sur des bandes tendues et des bandes Untaut.<\/li>\n<li>L\u2019\u00e9chelle intuitive permet des lectures rapides et pr\u00e9cises des valeurs.<\/li>\n<\/ul>\n<h3 style=\"font-size: 21px;\">Avantages de l\u2019utilisation de la jauge de contrainte CORMAK<\/h3>\n<ul style=\"font-size: 1.6rem;\">\n<li><b>Dur\u00e9e de vie accrue de la scie<\/b> \u2013 la bonne tension r\u00e9duit l\u2019usure de la courroie et diminue le risque de fissures.<\/li>\n<li><b>Meilleure qualit\u00e9 de coupe<\/b> \u2013 une scie correctement tendue garantit des coupes pr\u00e9cises et r\u00e9guli\u00e8res.<\/li>\n<li><b>S\u00e9curit\u00e9 d\u2019utilisation<\/b> \u2013 une scie bien tendue minimise le risque de panne pendant le fonctionnement.<\/li>\n<li><b>Facile \u00e0 utiliser<\/b> \u2013 l\u2019appareil ne n\u00e9cessite pas de configuration compliqu\u00e9e et peut \u00eatre utilis\u00e9 aussi bien par des professionnels que par des personnes moins exp\u00e9riment\u00e9es.<\/li>\n<\/ul>\n<p><b>La jauge de d\u00e9formation CORMAK est un outil cl\u00e9 pour tout atelier<\/b> o\u00f9 la pr\u00e9cision de la coupe et l\u2019attention port\u00e9e \u00e0 l\u2019\u00e9tat de la scie \u00e0 ruban sont importantes. Investissez dans la gestion du stress et am\u00e9liorez l\u2019efficacit\u00e9 de votre travail d\u00e8s aujourd\u2019hui ! <\/p>\n","protected":false},"excerpt":{"rendered":"<p>La jauge de contrainte CORMAK est un outil fiable con\u00e7u pour la mesure pr\u00e9cise de la tension des scies \u00e0 ruban utilis\u00e9es dans le traitement des m\u00e9taux et du bois. [&hellip;]<\/p>\n","protected":false},"featured_media":246,"template":"","meta":{"_acf_changed":false},"product_brand":[],"product_cat":[182],"product_tag":[],"class_list":{"0":"post-13042","1":"product","2":"type-product","3":"status-publish","4":"has-post-thumbnail","6":"product_cat-accessoires-de-scie-a-bande","8":"first","9":"instock","10":"taxable","11":"shipping-taxable","12":"purchasable","13":"product-type-simple"},"acf":[],"yoast_head":"<!-- This site is optimized with the Yoast SEO plugin v27.5 - https:\/\/yoast.com\/product\/yoast-seo-wordpress\/ -->\n<title>Bande de Cormak jauge de 6 \u00e0 67 mm de largeur de bande<\/title>\n<meta name=\"description\" content=\"Jauge universelle pour scies \u00e0 ruban (6-67 mm). Mesure pr\u00e9cise de la tension de la courroie (tendue et non tendue). Pour le bois et le m\u00e9tal. Regardez l\u2019offre !\" \/>\n<meta name=\"robots\" content=\"index, follow, max-snippet:-1, max-image-preview:large, max-video-preview:-1\" \/>\n<link rel=\"canonical\" href=\"https:\/\/www.koro.net.pl\/fr\/produkt\/jauge-de-contrainte-pour-scies-a-ruban-cormak\/\" \/>\n<meta property=\"og:locale\" content=\"fr_FR\" \/>\n<meta property=\"og:type\" content=\"article\" \/>\n<meta property=\"og:title\" content=\"Bande de Cormak jauge de 6 \u00e0 67 mm de largeur de bande\" \/>\n<meta property=\"og:description\" content=\"Jauge universelle pour scies \u00e0 ruban (6-67 mm). Mesure pr\u00e9cise de la tension de la courroie (tendue et non tendue). Pour le bois et le m\u00e9tal. Regardez l\u2019offre !\" \/>\n<meta property=\"og:url\" content=\"https:\/\/www.koro.net.pl\/fr\/produkt\/jauge-de-contrainte-pour-scies-a-ruban-cormak\/\" \/>\n<meta property=\"og:site_name\" content=\"Koronet\" \/>\n<meta property=\"og:image\" content=\"https:\/\/www.koro.net.pl\/wp-content\/uploads\/2023\/05\/tensometrc.jpg\" \/>\n\t<meta property=\"og:image:width\" content=\"630\" \/>\n\t<meta property=\"og:image:height\" content=\"515\" \/>\n\t<meta property=\"og:image:type\" content=\"image\/jpeg\" \/>\n<meta name=\"twitter:card\" content=\"summary_large_image\" \/>\n<meta name=\"twitter:label1\" content=\"Dur\u00e9e de lecture estim\u00e9e\" \/>\n\t<meta name=\"twitter:data1\" content=\"2 minutes\" \/>\n<script type=\"application\/ld+json\" class=\"yoast-schema-graph\">{\"@context\":\"https:\\\/\\\/schema.org\",\"@graph\":[{\"@type\":\"WebPage\",\"@id\":\"https:\\\/\\\/www.koro.net.pl\\\/fr\\\/produkt\\\/jauge-de-contrainte-pour-scies-a-ruban-cormak\\\/\",\"url\":\"https:\\\/\\\/www.koro.net.pl\\\/fr\\\/produkt\\\/jauge-de-contrainte-pour-scies-a-ruban-cormak\\\/\",\"name\":\"Bande de Cormak jauge de 6 \u00e0 67 mm de largeur de bande\",\"isPartOf\":{\"@id\":\"https:\\\/\\\/www.koro.net.pl\\\/fr\\\/#website\"},\"primaryImageOfPage\":{\"@id\":\"https:\\\/\\\/www.koro.net.pl\\\/fr\\\/produkt\\\/jauge-de-contrainte-pour-scies-a-ruban-cormak\\\/#primaryimage\"},\"image\":{\"@id\":\"https:\\\/\\\/www.koro.net.pl\\\/fr\\\/produkt\\\/jauge-de-contrainte-pour-scies-a-ruban-cormak\\\/#primaryimage\"},\"thumbnailUrl\":\"https:\\\/\\\/www.koro.net.pl\\\/wp-content\\\/uploads\\\/2023\\\/05\\\/tensometrc.jpg\",\"datePublished\":\"2023-05-05T15:02:46+00:00\",\"description\":\"Jauge universelle pour scies \u00e0 ruban (6-67 mm). Mesure pr\u00e9cise de la tension de la courroie (tendue et non tendue). Pour le bois et le m\u00e9tal. Regardez l\u2019offre !\",\"breadcrumb\":{\"@id\":\"https:\\\/\\\/www.koro.net.pl\\\/fr\\\/produkt\\\/jauge-de-contrainte-pour-scies-a-ruban-cormak\\\/#breadcrumb\"},\"inLanguage\":\"fr-FR\",\"potentialAction\":[{\"@type\":\"ReadAction\",\"target\":[\"https:\\\/\\\/www.koro.net.pl\\\/fr\\\/produkt\\\/jauge-de-contrainte-pour-scies-a-ruban-cormak\\\/\"]}]},{\"@type\":\"ImageObject\",\"inLanguage\":\"fr-FR\",\"@id\":\"https:\\\/\\\/www.koro.net.pl\\\/fr\\\/produkt\\\/jauge-de-contrainte-pour-scies-a-ruban-cormak\\\/#primaryimage\",\"url\":\"https:\\\/\\\/www.koro.net.pl\\\/wp-content\\\/uploads\\\/2023\\\/05\\\/tensometrc.jpg\",\"contentUrl\":\"https:\\\/\\\/www.koro.net.pl\\\/wp-content\\\/uploads\\\/2023\\\/05\\\/tensometrc.jpg\",\"width\":630,\"height\":515,\"caption\":\"Tensometr do pi\u0142 ta\u015bmowych CORMAK\"},{\"@type\":\"BreadcrumbList\",\"@id\":\"https:\\\/\\\/www.koro.net.pl\\\/fr\\\/produkt\\\/jauge-de-contrainte-pour-scies-a-ruban-cormak\\\/#breadcrumb\",\"itemListElement\":[{\"@type\":\"ListItem\",\"position\":1,\"name\":\"Strona g\u0142\u00f3wna\",\"item\":\"https:\\\/\\\/www.koro.net.pl\\\/fr\\\/\"},{\"@type\":\"ListItem\",\"position\":2,\"name\":\"Jauge de contrainte pour scies \u00e0 ruban CORMAK\"}]},{\"@type\":\"WebSite\",\"@id\":\"https:\\\/\\\/www.koro.net.pl\\\/fr\\\/#website\",\"url\":\"https:\\\/\\\/www.koro.net.pl\\\/fr\\\/\",\"name\":\"Koronet\",\"description\":\"\",\"publisher\":{\"@id\":\"https:\\\/\\\/www.koro.net.pl\\\/fr\\\/#organization\"},\"potentialAction\":[{\"@type\":\"SearchAction\",\"target\":{\"@type\":\"EntryPoint\",\"urlTemplate\":\"https:\\\/\\\/www.koro.net.pl\\\/fr\\\/?s={search_term_string}\"},\"query-input\":{\"@type\":\"PropertyValueSpecification\",\"valueRequired\":true,\"valueName\":\"search_term_string\"}}],\"inLanguage\":\"fr-FR\"},{\"@type\":\"Organization\",\"@id\":\"https:\\\/\\\/www.koro.net.pl\\\/fr\\\/#organization\",\"name\":\"Koronet\",\"alternateName\":\"Koronet\",\"url\":\"https:\\\/\\\/www.koro.net.pl\\\/fr\\\/\",\"logo\":{\"@type\":\"ImageObject\",\"inLanguage\":\"fr-FR\",\"@id\":\"https:\\\/\\\/www.koro.net.pl\\\/fr\\\/#\\\/schema\\\/logo\\\/image\\\/\",\"url\":\"https:\\\/\\\/www.koro.net.pl\\\/wp-content\\\/uploads\\\/2025\\\/02\\\/Koronet-spolka-z-o.o.png\",\"contentUrl\":\"https:\\\/\\\/www.koro.net.pl\\\/wp-content\\\/uploads\\\/2025\\\/02\\\/Koronet-spolka-z-o.o.png\",\"width\":696,\"height\":696,\"caption\":\"Koronet\"},\"image\":{\"@id\":\"https:\\\/\\\/www.koro.net.pl\\\/fr\\\/#\\\/schema\\\/logo\\\/image\\\/\"}}]}<\/script>\n<!-- \/ Yoast SEO plugin. -->","yoast_head_json":{"title":"Bande de Cormak jauge de 6 \u00e0 67 mm de largeur de bande","description":"Jauge universelle pour scies \u00e0 ruban (6-67 mm). Mesure pr\u00e9cise de la tension de la courroie (tendue et non tendue). Pour le bois et le m\u00e9tal. Regardez l\u2019offre !","robots":{"index":"index","follow":"follow","max-snippet":"max-snippet:-1","max-image-preview":"max-image-preview:large","max-video-preview":"max-video-preview:-1"},"canonical":"https:\/\/www.koro.net.pl\/fr\/produkt\/jauge-de-contrainte-pour-scies-a-ruban-cormak\/","og_locale":"fr_FR","og_type":"article","og_title":"Bande de Cormak jauge de 6 \u00e0 67 mm de largeur de bande","og_description":"Jauge universelle pour scies \u00e0 ruban (6-67 mm). Mesure pr\u00e9cise de la tension de la courroie (tendue et non tendue). Pour le bois et le m\u00e9tal. Regardez l\u2019offre !","og_url":"https:\/\/www.koro.net.pl\/fr\/produkt\/jauge-de-contrainte-pour-scies-a-ruban-cormak\/","og_site_name":"Koronet","og_image":[{"width":630,"height":515,"url":"https:\/\/www.koro.net.pl\/wp-content\/uploads\/2023\/05\/tensometrc.jpg","type":"image\/jpeg"}],"twitter_card":"summary_large_image","twitter_misc":{"Dur\u00e9e de lecture estim\u00e9e":"2 minutes"},"schema":{"@context":"https:\/\/schema.org","@graph":[{"@type":"WebPage","@id":"https:\/\/www.koro.net.pl\/fr\/produkt\/jauge-de-contrainte-pour-scies-a-ruban-cormak\/","url":"https:\/\/www.koro.net.pl\/fr\/produkt\/jauge-de-contrainte-pour-scies-a-ruban-cormak\/","name":"Bande de Cormak jauge de 6 \u00e0 67 mm de largeur de bande","isPartOf":{"@id":"https:\/\/www.koro.net.pl\/fr\/#website"},"primaryImageOfPage":{"@id":"https:\/\/www.koro.net.pl\/fr\/produkt\/jauge-de-contrainte-pour-scies-a-ruban-cormak\/#primaryimage"},"image":{"@id":"https:\/\/www.koro.net.pl\/fr\/produkt\/jauge-de-contrainte-pour-scies-a-ruban-cormak\/#primaryimage"},"thumbnailUrl":"https:\/\/www.koro.net.pl\/wp-content\/uploads\/2023\/05\/tensometrc.jpg","datePublished":"2023-05-05T15:02:46+00:00","description":"Jauge universelle pour scies \u00e0 ruban (6-67 mm). Mesure pr\u00e9cise de la tension de la courroie (tendue et non tendue). Pour le bois et le m\u00e9tal. Regardez l\u2019offre !","breadcrumb":{"@id":"https:\/\/www.koro.net.pl\/fr\/produkt\/jauge-de-contrainte-pour-scies-a-ruban-cormak\/#breadcrumb"},"inLanguage":"fr-FR","potentialAction":[{"@type":"ReadAction","target":["https:\/\/www.koro.net.pl\/fr\/produkt\/jauge-de-contrainte-pour-scies-a-ruban-cormak\/"]}]},{"@type":"ImageObject","inLanguage":"fr-FR","@id":"https:\/\/www.koro.net.pl\/fr\/produkt\/jauge-de-contrainte-pour-scies-a-ruban-cormak\/#primaryimage","url":"https:\/\/www.koro.net.pl\/wp-content\/uploads\/2023\/05\/tensometrc.jpg","contentUrl":"https:\/\/www.koro.net.pl\/wp-content\/uploads\/2023\/05\/tensometrc.jpg","width":630,"height":515,"caption":"Tensometr do pi\u0142 ta\u015bmowych CORMAK"},{"@type":"BreadcrumbList","@id":"https:\/\/www.koro.net.pl\/fr\/produkt\/jauge-de-contrainte-pour-scies-a-ruban-cormak\/#breadcrumb","itemListElement":[{"@type":"ListItem","position":1,"name":"Strona g\u0142\u00f3wna","item":"https:\/\/www.koro.net.pl\/fr\/"},{"@type":"ListItem","position":2,"name":"Jauge de contrainte pour scies \u00e0 ruban CORMAK"}]},{"@type":"WebSite","@id":"https:\/\/www.koro.net.pl\/fr\/#website","url":"https:\/\/www.koro.net.pl\/fr\/","name":"Koronet","description":"","publisher":{"@id":"https:\/\/www.koro.net.pl\/fr\/#organization"},"potentialAction":[{"@type":"SearchAction","target":{"@type":"EntryPoint","urlTemplate":"https:\/\/www.koro.net.pl\/fr\/?s={search_term_string}"},"query-input":{"@type":"PropertyValueSpecification","valueRequired":true,"valueName":"search_term_string"}}],"inLanguage":"fr-FR"},{"@type":"Organization","@id":"https:\/\/www.koro.net.pl\/fr\/#organization","name":"Koronet","alternateName":"Koronet","url":"https:\/\/www.koro.net.pl\/fr\/","logo":{"@type":"ImageObject","inLanguage":"fr-FR","@id":"https:\/\/www.koro.net.pl\/fr\/#\/schema\/logo\/image\/","url":"https:\/\/www.koro.net.pl\/wp-content\/uploads\/2025\/02\/Koronet-spolka-z-o.o.png","contentUrl":"https:\/\/www.koro.net.pl\/wp-content\/uploads\/2025\/02\/Koronet-spolka-z-o.o.png","width":696,"height":696,"caption":"Koronet"},"image":{"@id":"https:\/\/www.koro.net.pl\/fr\/#\/schema\/logo\/image\/"}}]}},"_links":{"self":[{"href":"https:\/\/www.koro.net.pl\/fr\/wp-json\/wp\/v2\/product\/13042","targetHints":{"allow":["GET"]}}],"collection":[{"href":"https:\/\/www.koro.net.pl\/fr\/wp-json\/wp\/v2\/product"}],"about":[{"href":"https:\/\/www.koro.net.pl\/fr\/wp-json\/wp\/v2\/types\/product"}],"wp:featuredmedia":[{"embeddable":true,"href":"https:\/\/www.koro.net.pl\/fr\/wp-json\/wp\/v2\/media\/246"}],"wp:attachment":[{"href":"https:\/\/www.koro.net.pl\/fr\/wp-json\/wp\/v2\/media?parent=13042"}],"wp:term":[{"taxonomy":"product_brand","embeddable":true,"href":"https:\/\/www.koro.net.pl\/fr\/wp-json\/wp\/v2\/product_brand?post=13042"},{"taxonomy":"product_cat","embeddable":true,"href":"https:\/\/www.koro.net.pl\/fr\/wp-json\/wp\/v2\/product_cat?post=13042"},{"taxonomy":"product_tag","embeddable":true,"href":"https:\/\/www.koro.net.pl\/fr\/wp-json\/wp\/v2\/product_tag?post=13042"}],"curies":[{"name":"wp","href":"https:\/\/api.w.org\/{rel}","templated":true}]}}