{"id":13032,"date":"2023-05-05T17:02:46","date_gmt":"2023-05-05T15:02:46","guid":{"rendered":"https:\/\/www.koro.net.pl\/produkt\/profil-de-roue-borazon-10-30\/"},"modified":"2023-05-05T17:02:46","modified_gmt":"2023-05-05T15:02:46","slug":"profil-de-roue-borazon-10-30","status":"publish","type":"product","link":"https:\/\/www.koro.net.pl\/fr\/produkt\/profil-de-roue-borazon-10-30\/","title":{"rendered":"Profil de roue Borazon 10\/30"},"content":{"rendered":"<p>En ajustant pr\u00e9cis\u00e9ment le profil de la meule au contour de la dent, on obtient une grande r\u00e9p\u00e9tabilit\u00e9 de la g\u00e9om\u00e9trie de la dent apr\u00e8s l\u2019aff\u00fbtage, ce qui garantit une longue dur\u00e9e de service de la scie. <a href=\"https:\/\/www.koro.net.pl\/fr\/produkty\/accessoires-de-scie-a-bande\/\"> L\u2019utilisation de roues d\u2019\u00e9lectrod\u00e9position Borazon<\/a> lors de l\u2019aiguisage des scies \u00e0 ruban permet une grande productivit\u00e9 sans risque de br\u00fblure.<\/p>\n<p><b>Avantages d\u2019utiliser une meule Borazon :<\/b><\/p>\n<ul>\n<li>Obtenir une g\u00e9om\u00e9trie de lame tr\u00e8s pr\u00e9cise et reproductible.<\/li>\n<li>Pas de br\u00fblures et la rugosit\u00e9 de la plus haute qualit\u00e9 sur la surface des dents aff\u00fbt\u00e9es.<\/li>\n<li>D\u00e9pense unique &#8211; r\u00e9duction des co\u00fbts li\u00e9s \u00e0 l\u2019achat de meules en corindon et de scies \u00e0 ruban. (La rupture de la scie diminue jusqu\u2019\u00e0 50 %) <\/li>\n<\/ul>\n<p>Compatible avec une lame de scie \u00e0 profil universel 10\/30.<\/p>\n<p>Ils peuvent \u00eatre utilis\u00e9s pour aiguiser des scies \u00e0 ruban d\u2019entreprises telles que : Fenes, Wood-Mizer, Bahco, Armoth ou Lenox<\/p>\n<p>Utilisez <a href=\"https:\/\/www.koro.net.pl\/fr\/tag-produktu\/huile-non-emulsifiante\/\">une huile non \u00e9mulsificante<\/a> pour l\u2019aff\u00fbtage. Le liquide min\u00e9ral de refroidissement ou l\u2019eau en pr\u00e9sence de haute temp\u00e9rature d\u00e9truit le talus. <\/p>\n<p>Nous proposons \u00e9galement des meules <strong> Borazon 9\/29 <\/strong>.Appelez &#8211; <strong>506 226 158<\/strong><\/p>\n<p>&nbsp;<\/p>\n","protected":false},"excerpt":{"rendered":"<p>En ajustant pr\u00e9cis\u00e9ment le profil de la meule au contour de la dent, on obtient une grande r\u00e9p\u00e9tabilit\u00e9 de la g\u00e9om\u00e9trie de la dent apr\u00e8s l\u2019aff\u00fbtage, ce qui garantit une [&hellip;]<\/p>\n","protected":false},"featured_media":7064,"template":"","meta":{"_acf_changed":false},"product_brand":[],"product_cat":[182,183],"product_tag":[],"class_list":{"0":"post-13032","1":"product","2":"type-product","3":"status-publish","4":"has-post-thumbnail","6":"product_cat-accessoires-de-scie-a-bande","7":"product_cat-meules","9":"first","10":"instock","11":"taxable","12":"shipping-taxable","13":"purchasable","14":"product-type-variable","15":"has-default-attributes"},"acf":[],"yoast_head":"<!-- This site is optimized with the Yoast SEO plugin v27.5 - https:\/\/yoast.com\/product\/yoast-seo-wordpress\/ -->\n<title>Meule Borason : Haute efficacit\u00e9, aiguisage pr\u00e9cis<\/title>\n<meta name=\"description\" content=\"\u00c9liminez le co\u00fbt d\u2019achat de scies \u00e0 ruban ! La meule Borazon assure une longue dur\u00e9e de vie et r\u00e9duit la rupture de la scie jusqu\u2019\u00e0 50 %. Regardez l\u2019offre !\" \/>\n<meta name=\"robots\" content=\"index, follow, max-snippet:-1, max-image-preview:large, max-video-preview:-1\" \/>\n<link rel=\"canonical\" href=\"https:\/\/www.koro.net.pl\/fr\/produkt\/profil-de-roue-borazon-10-30\/\" \/>\n<meta property=\"og:locale\" content=\"fr_FR\" \/>\n<meta property=\"og:type\" content=\"article\" \/>\n<meta property=\"og:title\" content=\"Meule Borason : Haute efficacit\u00e9, aiguisage pr\u00e9cis\" \/>\n<meta property=\"og:description\" content=\"\u00c9liminez le co\u00fbt d\u2019achat de scies \u00e0 ruban ! La meule Borazon assure une longue dur\u00e9e de vie et r\u00e9duit la rupture de la scie jusqu\u2019\u00e0 50 %. Regardez l\u2019offre !\" \/>\n<meta property=\"og:url\" content=\"https:\/\/www.koro.net.pl\/fr\/produkt\/profil-de-roue-borazon-10-30\/\" \/>\n<meta property=\"og:site_name\" content=\"Koronet\" \/>\n<meta property=\"og:image\" content=\"https:\/\/www.koro.net.pl\/wp-content\/uploads\/2023\/05\/sciernica-borazonowa1.png\" \/>\n\t<meta property=\"og:image:width\" content=\"600\" \/>\n\t<meta property=\"og:image:height\" content=\"600\" \/>\n\t<meta property=\"og:image:type\" content=\"image\/png\" \/>\n<meta name=\"twitter:card\" content=\"summary_large_image\" \/>\n<meta name=\"twitter:label1\" content=\"Dur\u00e9e de lecture estim\u00e9e\" \/>\n\t<meta name=\"twitter:data1\" content=\"1 minute\" \/>\n<script type=\"application\/ld+json\" class=\"yoast-schema-graph\">{\"@context\":\"https:\\\/\\\/schema.org\",\"@graph\":[{\"@type\":\"WebPage\",\"@id\":\"https:\\\/\\\/www.koro.net.pl\\\/fr\\\/produkt\\\/profil-de-roue-borazon-10-30\\\/\",\"url\":\"https:\\\/\\\/www.koro.net.pl\\\/fr\\\/produkt\\\/profil-de-roue-borazon-10-30\\\/\",\"name\":\"Meule Borason : Haute efficacit\u00e9, aiguisage pr\u00e9cis\",\"isPartOf\":{\"@id\":\"https:\\\/\\\/www.koro.net.pl\\\/fr\\\/#website\"},\"primaryImageOfPage\":{\"@id\":\"https:\\\/\\\/www.koro.net.pl\\\/fr\\\/produkt\\\/profil-de-roue-borazon-10-30\\\/#primaryimage\"},\"image\":{\"@id\":\"https:\\\/\\\/www.koro.net.pl\\\/fr\\\/produkt\\\/profil-de-roue-borazon-10-30\\\/#primaryimage\"},\"thumbnailUrl\":\"https:\\\/\\\/www.koro.net.pl\\\/wp-content\\\/uploads\\\/2023\\\/05\\\/sciernica-borazonowa1.png\",\"datePublished\":\"2023-05-05T15:02:46+00:00\",\"description\":\"\u00c9liminez le co\u00fbt d\u2019achat de scies \u00e0 ruban ! La meule Borazon assure une longue dur\u00e9e de vie et r\u00e9duit la rupture de la scie jusqu\u2019\u00e0 50 %. Regardez l\u2019offre !\",\"breadcrumb\":{\"@id\":\"https:\\\/\\\/www.koro.net.pl\\\/fr\\\/produkt\\\/profil-de-roue-borazon-10-30\\\/#breadcrumb\"},\"inLanguage\":\"fr-FR\",\"potentialAction\":[{\"@type\":\"ReadAction\",\"target\":[\"https:\\\/\\\/www.koro.net.pl\\\/fr\\\/produkt\\\/profil-de-roue-borazon-10-30\\\/\"]}]},{\"@type\":\"ImageObject\",\"inLanguage\":\"fr-FR\",\"@id\":\"https:\\\/\\\/www.koro.net.pl\\\/fr\\\/produkt\\\/profil-de-roue-borazon-10-30\\\/#primaryimage\",\"url\":\"https:\\\/\\\/www.koro.net.pl\\\/wp-content\\\/uploads\\\/2023\\\/05\\\/sciernica-borazonowa1.png\",\"contentUrl\":\"https:\\\/\\\/www.koro.net.pl\\\/wp-content\\\/uploads\\\/2023\\\/05\\\/sciernica-borazonowa1.png\",\"width\":600,\"height\":600,\"caption\":\"\u015bciernica borazonowa\"},{\"@type\":\"BreadcrumbList\",\"@id\":\"https:\\\/\\\/www.koro.net.pl\\\/fr\\\/produkt\\\/profil-de-roue-borazon-10-30\\\/#breadcrumb\",\"itemListElement\":[{\"@type\":\"ListItem\",\"position\":1,\"name\":\"Strona g\u0142\u00f3wna\",\"item\":\"https:\\\/\\\/www.koro.net.pl\\\/fr\\\/\"},{\"@type\":\"ListItem\",\"position\":2,\"name\":\"Profil de roue Borazon 10\\\/30\"}]},{\"@type\":\"WebSite\",\"@id\":\"https:\\\/\\\/www.koro.net.pl\\\/fr\\\/#website\",\"url\":\"https:\\\/\\\/www.koro.net.pl\\\/fr\\\/\",\"name\":\"Koronet\",\"description\":\"\",\"publisher\":{\"@id\":\"https:\\\/\\\/www.koro.net.pl\\\/fr\\\/#organization\"},\"potentialAction\":[{\"@type\":\"SearchAction\",\"target\":{\"@type\":\"EntryPoint\",\"urlTemplate\":\"https:\\\/\\\/www.koro.net.pl\\\/fr\\\/?s={search_term_string}\"},\"query-input\":{\"@type\":\"PropertyValueSpecification\",\"valueRequired\":true,\"valueName\":\"search_term_string\"}}],\"inLanguage\":\"fr-FR\"},{\"@type\":\"Organization\",\"@id\":\"https:\\\/\\\/www.koro.net.pl\\\/fr\\\/#organization\",\"name\":\"Koronet\",\"alternateName\":\"Koronet\",\"url\":\"https:\\\/\\\/www.koro.net.pl\\\/fr\\\/\",\"logo\":{\"@type\":\"ImageObject\",\"inLanguage\":\"fr-FR\",\"@id\":\"https:\\\/\\\/www.koro.net.pl\\\/fr\\\/#\\\/schema\\\/logo\\\/image\\\/\",\"url\":\"https:\\\/\\\/www.koro.net.pl\\\/wp-content\\\/uploads\\\/2025\\\/02\\\/Koronet-spolka-z-o.o.png\",\"contentUrl\":\"https:\\\/\\\/www.koro.net.pl\\\/wp-content\\\/uploads\\\/2025\\\/02\\\/Koronet-spolka-z-o.o.png\",\"width\":696,\"height\":696,\"caption\":\"Koronet\"},\"image\":{\"@id\":\"https:\\\/\\\/www.koro.net.pl\\\/fr\\\/#\\\/schema\\\/logo\\\/image\\\/\"}}]}<\/script>\n<!-- \/ Yoast SEO plugin. -->","yoast_head_json":{"title":"Meule Borason : Haute efficacit\u00e9, aiguisage pr\u00e9cis","description":"\u00c9liminez le co\u00fbt d\u2019achat de scies \u00e0 ruban ! La meule Borazon assure une longue dur\u00e9e de vie et r\u00e9duit la rupture de la scie jusqu\u2019\u00e0 50 %. Regardez l\u2019offre !","robots":{"index":"index","follow":"follow","max-snippet":"max-snippet:-1","max-image-preview":"max-image-preview:large","max-video-preview":"max-video-preview:-1"},"canonical":"https:\/\/www.koro.net.pl\/fr\/produkt\/profil-de-roue-borazon-10-30\/","og_locale":"fr_FR","og_type":"article","og_title":"Meule Borason : Haute efficacit\u00e9, aiguisage pr\u00e9cis","og_description":"\u00c9liminez le co\u00fbt d\u2019achat de scies \u00e0 ruban ! La meule Borazon assure une longue dur\u00e9e de vie et r\u00e9duit la rupture de la scie jusqu\u2019\u00e0 50 %. Regardez l\u2019offre !","og_url":"https:\/\/www.koro.net.pl\/fr\/produkt\/profil-de-roue-borazon-10-30\/","og_site_name":"Koronet","og_image":[{"width":600,"height":600,"url":"https:\/\/www.koro.net.pl\/wp-content\/uploads\/2023\/05\/sciernica-borazonowa1.png","type":"image\/png"}],"twitter_card":"summary_large_image","twitter_misc":{"Dur\u00e9e de lecture estim\u00e9e":"1 minute"},"schema":{"@context":"https:\/\/schema.org","@graph":[{"@type":"WebPage","@id":"https:\/\/www.koro.net.pl\/fr\/produkt\/profil-de-roue-borazon-10-30\/","url":"https:\/\/www.koro.net.pl\/fr\/produkt\/profil-de-roue-borazon-10-30\/","name":"Meule Borason : Haute efficacit\u00e9, aiguisage pr\u00e9cis","isPartOf":{"@id":"https:\/\/www.koro.net.pl\/fr\/#website"},"primaryImageOfPage":{"@id":"https:\/\/www.koro.net.pl\/fr\/produkt\/profil-de-roue-borazon-10-30\/#primaryimage"},"image":{"@id":"https:\/\/www.koro.net.pl\/fr\/produkt\/profil-de-roue-borazon-10-30\/#primaryimage"},"thumbnailUrl":"https:\/\/www.koro.net.pl\/wp-content\/uploads\/2023\/05\/sciernica-borazonowa1.png","datePublished":"2023-05-05T15:02:46+00:00","description":"\u00c9liminez le co\u00fbt d\u2019achat de scies \u00e0 ruban ! La meule Borazon assure une longue dur\u00e9e de vie et r\u00e9duit la rupture de la scie jusqu\u2019\u00e0 50 %. Regardez l\u2019offre !","breadcrumb":{"@id":"https:\/\/www.koro.net.pl\/fr\/produkt\/profil-de-roue-borazon-10-30\/#breadcrumb"},"inLanguage":"fr-FR","potentialAction":[{"@type":"ReadAction","target":["https:\/\/www.koro.net.pl\/fr\/produkt\/profil-de-roue-borazon-10-30\/"]}]},{"@type":"ImageObject","inLanguage":"fr-FR","@id":"https:\/\/www.koro.net.pl\/fr\/produkt\/profil-de-roue-borazon-10-30\/#primaryimage","url":"https:\/\/www.koro.net.pl\/wp-content\/uploads\/2023\/05\/sciernica-borazonowa1.png","contentUrl":"https:\/\/www.koro.net.pl\/wp-content\/uploads\/2023\/05\/sciernica-borazonowa1.png","width":600,"height":600,"caption":"\u015bciernica borazonowa"},{"@type":"BreadcrumbList","@id":"https:\/\/www.koro.net.pl\/fr\/produkt\/profil-de-roue-borazon-10-30\/#breadcrumb","itemListElement":[{"@type":"ListItem","position":1,"name":"Strona g\u0142\u00f3wna","item":"https:\/\/www.koro.net.pl\/fr\/"},{"@type":"ListItem","position":2,"name":"Profil de roue Borazon 10\/30"}]},{"@type":"WebSite","@id":"https:\/\/www.koro.net.pl\/fr\/#website","url":"https:\/\/www.koro.net.pl\/fr\/","name":"Koronet","description":"","publisher":{"@id":"https:\/\/www.koro.net.pl\/fr\/#organization"},"potentialAction":[{"@type":"SearchAction","target":{"@type":"EntryPoint","urlTemplate":"https:\/\/www.koro.net.pl\/fr\/?s={search_term_string}"},"query-input":{"@type":"PropertyValueSpecification","valueRequired":true,"valueName":"search_term_string"}}],"inLanguage":"fr-FR"},{"@type":"Organization","@id":"https:\/\/www.koro.net.pl\/fr\/#organization","name":"Koronet","alternateName":"Koronet","url":"https:\/\/www.koro.net.pl\/fr\/","logo":{"@type":"ImageObject","inLanguage":"fr-FR","@id":"https:\/\/www.koro.net.pl\/fr\/#\/schema\/logo\/image\/","url":"https:\/\/www.koro.net.pl\/wp-content\/uploads\/2025\/02\/Koronet-spolka-z-o.o.png","contentUrl":"https:\/\/www.koro.net.pl\/wp-content\/uploads\/2025\/02\/Koronet-spolka-z-o.o.png","width":696,"height":696,"caption":"Koronet"},"image":{"@id":"https:\/\/www.koro.net.pl\/fr\/#\/schema\/logo\/image\/"}}]}},"_links":{"self":[{"href":"https:\/\/www.koro.net.pl\/fr\/wp-json\/wp\/v2\/product\/13032","targetHints":{"allow":["GET"]}}],"collection":[{"href":"https:\/\/www.koro.net.pl\/fr\/wp-json\/wp\/v2\/product"}],"about":[{"href":"https:\/\/www.koro.net.pl\/fr\/wp-json\/wp\/v2\/types\/product"}],"wp:featuredmedia":[{"embeddable":true,"href":"https:\/\/www.koro.net.pl\/fr\/wp-json\/wp\/v2\/media\/7064"}],"wp:attachment":[{"href":"https:\/\/www.koro.net.pl\/fr\/wp-json\/wp\/v2\/media?parent=13032"}],"wp:term":[{"taxonomy":"product_brand","embeddable":true,"href":"https:\/\/www.koro.net.pl\/fr\/wp-json\/wp\/v2\/product_brand?post=13032"},{"taxonomy":"product_cat","embeddable":true,"href":"https:\/\/www.koro.net.pl\/fr\/wp-json\/wp\/v2\/product_cat?post=13032"},{"taxonomy":"product_tag","embeddable":true,"href":"https:\/\/www.koro.net.pl\/fr\/wp-json\/wp\/v2\/product_tag?post=13032"}],"curies":[{"name":"wp","href":"https:\/\/api.w.org\/{rel}","templated":true}]}}