{"id":13013,"date":"2024-12-11T15:56:37","date_gmt":"2024-12-11T14:56:37","guid":{"rendered":"https:\/\/www.koro.net.pl\/produkt\/tige-de-soudure-pour-acier-inoxydable-koronet-308lsi-tig\/"},"modified":"2024-12-11T15:56:37","modified_gmt":"2024-12-11T14:56:37","slug":"tige-de-soudure-pour-acier-inoxydable-koronet-308lsi-tig","status":"publish","type":"product","link":"https:\/\/www.koro.net.pl\/fr\/produkt\/tige-de-soudure-pour-acier-inoxydable-koronet-308lsi-tig\/","title":{"rendered":"Tige de soudure pour Acier Inoxydable Koronet 308LSi TIG"},"content":{"rendered":"<p>Barre solide grade 19 9 LSi \/ ER 308LSi pour <a href=\"https:\/\/www.koro.net.pl\/fr\/produkty\/fils-de-soudure\/\">soudage<\/a> TIG des aciers inoxydables grade 304 et 304L. La fusion pr\u00e9sente une forte r\u00e9sistance \u00e0 la corrosion intergranulaire en contact avec des liquides allant jusqu\u2019\u00e0 300\u00b0C. <\/p>\n<p>Le fil est utilis\u00e9 dans un large \u00e9ventail d\u2019applications pour souder des tuyaux, des canalisations, des plaques, ainsi que dans la fabrication de r\u00e9servoirs et d\u2019autres structures en acier inoxydable.<\/p>\n<p>Les m\u00e9langes \u00e0 base d\u2019argon doivent \u00eatre utilis\u00e9s comme gaz de protection : Ar+2 % O2 ou Ar+0,5-5 % de CO2. Une tr\u00e8s faible teneur en carbone dans l\u2019alliage r\u00e9duit le risque de corrosion intergranulaire, \u00e9liminant ainsi la n\u00e9cessit\u00e9 d\u2019introduire des additifs d\u2019alliage pour stabiliser la structure m\u00e9tallique. L\u2019augmentation de la teneur en silicium de silicium am\u00e9liore la fluidit\u00e9 de la piscine de soudure liquide et la mouillabilit\u00e9, assurant ainsi une surface uniforme de la face de soudure et une grande douceur des mailles avec des formes r\u00e9guli\u00e8res et douces.  <\/p>\n<ul>\n<li>Classification des alliages EN ISO 14343-A : G 19 9 L Si<\/li>\n<li>Validations : AWS A5.9 : ER 308LSi<\/li>\n<li>Mat\u00e9riaux : 1.4541 (X6CrNiTi18-10) ; 1.4301 (X4CrNi18-10) ; 1.4311 (X2CrNiN18-10) ; AISI 304 &#8211; 304L &#8211; 302<\/li>\n<li>Gaz de protection recommand\u00e9 : Argon<\/li>\n<li>Multipacks : 1kg, 5kg<\/li>\n<li>Tailles : 1,6 mm, 2,0 mm, 2,4 mm, 3,2 mm, 4,0 mm<\/li>\n<\/ul>\n<table style=\"height: 300px;\" width=\"261\">\n<tbody>\n<tr>\n<td><strong>POIDS<\/strong><\/td>\n<td><strong>LONGUEUR<\/strong><\/td>\n<td><strong>DI\u00c2TRE<\/strong><\/td>\n<\/tr>\n<tr>\n<td><span style=\"vertical-align: inherit;\"><span style=\"vertical-align: inherit;\">1 KG<\/span><\/span><\/td>\n<td><span style=\"vertical-align: inherit;\"><span style=\"vertical-align: inherit;\">1000 mm<\/span><\/span><\/td>\n<td><span style=\"vertical-align: inherit;\"><span style=\"vertical-align: inherit;\">1,6 mm<\/span><\/span><\/td>\n<\/tr>\n<tr>\n<td><span style=\"vertical-align: inherit;\"><span style=\"vertical-align: inherit;\">1 KG<\/span><\/span><\/td>\n<td><span style=\"vertical-align: inherit;\"><span style=\"vertical-align: inherit;\">1000 mm<\/span><\/span><\/td>\n<td><span style=\"vertical-align: inherit;\"><span style=\"vertical-align: inherit;\">2,0 mm<\/span><\/span><\/td>\n<\/tr>\n<tr>\n<td><span style=\"vertical-align: inherit;\"><span style=\"vertical-align: inherit;\">1 KG<\/span><\/span><\/td>\n<td><span style=\"vertical-align: inherit;\"><span style=\"vertical-align: inherit;\">1000 mm<\/span><\/span><\/td>\n<td><span style=\"vertical-align: inherit;\"><span style=\"vertical-align: inherit;\">2,4 mm<\/span><\/span><\/td>\n<\/tr>\n<tr>\n<td><span style=\"vertical-align: inherit;\"><span style=\"vertical-align: inherit;\">1 KG<\/span><\/span><\/td>\n<td><span style=\"vertical-align: inherit;\"><span style=\"vertical-align: inherit;\">1000 mm<\/span><\/span><\/td>\n<td><span style=\"vertical-align: inherit;\"><span style=\"vertical-align: inherit;\">3,2 mm<\/span><\/span><\/td>\n<\/tr>\n<tr>\n<td><span style=\"vertical-align: inherit;\"><span style=\"vertical-align: inherit;\">1 KG<\/span><\/span><\/td>\n<td><span style=\"vertical-align: inherit;\"><span style=\"vertical-align: inherit;\">1000 mm<\/span><\/span><\/td>\n<td><span style=\"vertical-align: inherit;\"><span style=\"vertical-align: inherit;\">4,0 mm<\/span><\/span><\/td>\n<\/tr>\n<tr>\n<td><span style=\"vertical-align: inherit;\"><span style=\"vertical-align: inherit;\">5 kg<\/span><\/span><\/td>\n<td><span style=\"vertical-align: inherit;\"><span style=\"vertical-align: inherit;\">1000 mm<\/span><\/span><\/td>\n<td><span style=\"vertical-align: inherit;\"><span style=\"vertical-align: inherit;\">1,6 mm<\/span><\/span><\/td>\n<\/tr>\n<tr>\n<td><span style=\"vertical-align: inherit;\"><span style=\"vertical-align: inherit;\">5 kg<\/span><\/span><\/td>\n<td><span style=\"vertical-align: inherit;\"><span style=\"vertical-align: inherit;\">1000 mm<\/span><\/span><\/td>\n<td><span style=\"vertical-align: inherit;\"><span style=\"vertical-align: inherit;\">2,0 mm<\/span><\/span><\/td>\n<\/tr>\n<tr>\n<td><span style=\"vertical-align: inherit;\"><span style=\"vertical-align: inherit;\">5 kg<\/span><\/span><\/td>\n<td><span style=\"vertical-align: inherit;\"><span style=\"vertical-align: inherit;\">1000 mm<\/span><\/span><\/td>\n<td><span style=\"vertical-align: inherit;\"><span style=\"vertical-align: inherit;\">2,4 mm<\/span><\/span><\/td>\n<\/tr>\n<tr>\n<td><span style=\"vertical-align: inherit;\"><span style=\"vertical-align: inherit;\">5 kg<\/span><\/span><\/td>\n<td><span style=\"vertical-align: inherit;\"><span style=\"vertical-align: inherit;\">1000 mm<\/span><\/span><\/td>\n<td><span style=\"vertical-align: inherit;\"><span style=\"vertical-align: inherit;\">3,2 mm<\/span><\/span><\/td>\n<\/tr>\n<tr>\n<td><span style=\"vertical-align: inherit;\"><span style=\"vertical-align: inherit;\">5 kg<\/span><\/span><\/td>\n<td><span style=\"vertical-align: inherit;\"><span style=\"vertical-align: inherit;\">1000 mm<\/span><\/span><\/td>\n<td><span style=\"vertical-align: inherit;\"><span style=\"vertical-align: inherit;\">4,0 mm<\/span><\/span><\/td>\n<\/tr>\n<\/tbody>\n<\/table>\n","protected":false},"excerpt":{"rendered":"<p>Barre solide grade 19 9 LSi \/ ER 308LSi pour soudage TIG des aciers inoxydables grade 304 et 304L. La fusion pr\u00e9sente une forte r\u00e9sistance \u00e0 la corrosion intergranulaire en [&hellip;]<\/p>\n","protected":false},"featured_media":7355,"template":"","meta":{"_acf_changed":false},"product_brand":[],"product_cat":[198,175,197],"product_tag":[224,189],"class_list":{"0":"post-13013","1":"product","2":"type-product","3":"status-publish","4":"has-post-thumbnail","6":"product_cat-fil-de-soudure-en-acier-inoxydable-2","7":"product_cat-fils-de-soudure","8":"product_cat-fils-tig","9":"product_tag-fil-de-soudure-308lsi","10":"product_tag-fils-de-soudure-en-acier-inoxydable-koronet","12":"first","13":"instock","14":"taxable","15":"shipping-taxable","16":"purchasable","17":"product-type-variable","18":"has-default-attributes"},"acf":[],"yoast_head":"<!-- This site is optimized with the Yoast SEO plugin v27.5 - https:\/\/yoast.com\/product\/yoast-seo-wordpress\/ -->\n<title>Tige de soudure pour Acier Inoxydable Koronet 308LSi TIG<\/title>\n<meta name=\"description\" content=\"Barre TIG 308LSi (ER 308LSi) de haute qualit\u00e9 pour souder des acier inoxydable 304 et 304L. R\u00e9sistant \u00e0 la corrosion, id\u00e9al pour les tuyaux, les cuves et les structures.\" \/>\n<meta name=\"robots\" content=\"index, follow, max-snippet:-1, max-image-preview:large, max-video-preview:-1\" \/>\n<link rel=\"canonical\" href=\"https:\/\/www.koro.net.pl\/fr\/produkt\/tige-de-soudure-pour-acier-inoxydable-koronet-308lsi-tig\/\" \/>\n<meta property=\"og:locale\" content=\"fr_FR\" \/>\n<meta property=\"og:type\" content=\"article\" \/>\n<meta property=\"og:title\" content=\"Tige de soudure pour Acier Inoxydable Koronet 308LSi TIG\" \/>\n<meta property=\"og:description\" content=\"Barre TIG 308LSi (ER 308LSi) de haute qualit\u00e9 pour souder des acier inoxydable 304 et 304L. R\u00e9sistant \u00e0 la corrosion, id\u00e9al pour les tuyaux, les cuves et les structures.\" \/>\n<meta property=\"og:url\" content=\"https:\/\/www.koro.net.pl\/fr\/produkt\/tige-de-soudure-pour-acier-inoxydable-koronet-308lsi-tig\/\" \/>\n<meta property=\"og:site_name\" content=\"Koronet\" \/>\n<meta property=\"og:image\" content=\"https:\/\/www.koro.net.pl\/wp-content\/uploads\/2024\/12\/dr.308LSi-z-logo.png\" \/>\n\t<meta property=\"og:image:width\" content=\"600\" \/>\n\t<meta property=\"og:image:height\" content=\"600\" \/>\n\t<meta property=\"og:image:type\" content=\"image\/png\" \/>\n<meta name=\"twitter:card\" content=\"summary_large_image\" \/>\n<meta name=\"twitter:label1\" content=\"Dur\u00e9e de lecture estim\u00e9e\" \/>\n\t<meta name=\"twitter:data1\" content=\"1 minute\" \/>\n<script type=\"application\/ld+json\" class=\"yoast-schema-graph\">{\"@context\":\"https:\\\/\\\/schema.org\",\"@graph\":[{\"@type\":\"WebPage\",\"@id\":\"https:\\\/\\\/www.koro.net.pl\\\/fr\\\/produkt\\\/tige-de-soudure-pour-acier-inoxydable-koronet-308lsi-tig\\\/\",\"url\":\"https:\\\/\\\/www.koro.net.pl\\\/fr\\\/produkt\\\/tige-de-soudure-pour-acier-inoxydable-koronet-308lsi-tig\\\/\",\"name\":\"Tige de soudure pour Acier Inoxydable Koronet 308LSi TIG\",\"isPartOf\":{\"@id\":\"https:\\\/\\\/www.koro.net.pl\\\/fr\\\/#website\"},\"primaryImageOfPage\":{\"@id\":\"https:\\\/\\\/www.koro.net.pl\\\/fr\\\/produkt\\\/tige-de-soudure-pour-acier-inoxydable-koronet-308lsi-tig\\\/#primaryimage\"},\"image\":{\"@id\":\"https:\\\/\\\/www.koro.net.pl\\\/fr\\\/produkt\\\/tige-de-soudure-pour-acier-inoxydable-koronet-308lsi-tig\\\/#primaryimage\"},\"thumbnailUrl\":\"https:\\\/\\\/www.koro.net.pl\\\/wp-content\\\/uploads\\\/2024\\\/12\\\/dr.308LSi-z-logo.png\",\"datePublished\":\"2024-12-11T14:56:37+00:00\",\"description\":\"Barre TIG 308LSi (ER 308LSi) de haute qualit\u00e9 pour souder des acier inoxydable 304 et 304L. R\u00e9sistant \u00e0 la corrosion, id\u00e9al pour les tuyaux, les cuves et les structures.\",\"breadcrumb\":{\"@id\":\"https:\\\/\\\/www.koro.net.pl\\\/fr\\\/produkt\\\/tige-de-soudure-pour-acier-inoxydable-koronet-308lsi-tig\\\/#breadcrumb\"},\"inLanguage\":\"fr-FR\",\"potentialAction\":[{\"@type\":\"ReadAction\",\"target\":[\"https:\\\/\\\/www.koro.net.pl\\\/fr\\\/produkt\\\/tige-de-soudure-pour-acier-inoxydable-koronet-308lsi-tig\\\/\"]}]},{\"@type\":\"ImageObject\",\"inLanguage\":\"fr-FR\",\"@id\":\"https:\\\/\\\/www.koro.net.pl\\\/fr\\\/produkt\\\/tige-de-soudure-pour-acier-inoxydable-koronet-308lsi-tig\\\/#primaryimage\",\"url\":\"https:\\\/\\\/www.koro.net.pl\\\/wp-content\\\/uploads\\\/2024\\\/12\\\/dr.308LSi-z-logo.png\",\"contentUrl\":\"https:\\\/\\\/www.koro.net.pl\\\/wp-content\\\/uploads\\\/2024\\\/12\\\/dr.308LSi-z-logo.png\",\"width\":600,\"height\":600,\"caption\":\"drut do spawania 308LSi TIG\"},{\"@type\":\"BreadcrumbList\",\"@id\":\"https:\\\/\\\/www.koro.net.pl\\\/fr\\\/produkt\\\/tige-de-soudure-pour-acier-inoxydable-koronet-308lsi-tig\\\/#breadcrumb\",\"itemListElement\":[{\"@type\":\"ListItem\",\"position\":1,\"name\":\"Strona g\u0142\u00f3wna\",\"item\":\"https:\\\/\\\/www.koro.net.pl\\\/fr\\\/\"},{\"@type\":\"ListItem\",\"position\":2,\"name\":\"Fils de soudure\",\"item\":\"https:\\\/\\\/www.koro.net.pl\\\/fr\\\/produkty\\\/fils-de-soudure\\\/\"},{\"@type\":\"ListItem\",\"position\":3,\"name\":\"Tige de soudure pour Acier Inoxydable Koronet 308LSi TIG\"}]},{\"@type\":\"WebSite\",\"@id\":\"https:\\\/\\\/www.koro.net.pl\\\/fr\\\/#website\",\"url\":\"https:\\\/\\\/www.koro.net.pl\\\/fr\\\/\",\"name\":\"Koronet\",\"description\":\"\",\"publisher\":{\"@id\":\"https:\\\/\\\/www.koro.net.pl\\\/fr\\\/#organization\"},\"potentialAction\":[{\"@type\":\"SearchAction\",\"target\":{\"@type\":\"EntryPoint\",\"urlTemplate\":\"https:\\\/\\\/www.koro.net.pl\\\/fr\\\/?s={search_term_string}\"},\"query-input\":{\"@type\":\"PropertyValueSpecification\",\"valueRequired\":true,\"valueName\":\"search_term_string\"}}],\"inLanguage\":\"fr-FR\"},{\"@type\":\"Organization\",\"@id\":\"https:\\\/\\\/www.koro.net.pl\\\/fr\\\/#organization\",\"name\":\"Koronet\",\"alternateName\":\"Koronet\",\"url\":\"https:\\\/\\\/www.koro.net.pl\\\/fr\\\/\",\"logo\":{\"@type\":\"ImageObject\",\"inLanguage\":\"fr-FR\",\"@id\":\"https:\\\/\\\/www.koro.net.pl\\\/fr\\\/#\\\/schema\\\/logo\\\/image\\\/\",\"url\":\"https:\\\/\\\/www.koro.net.pl\\\/wp-content\\\/uploads\\\/2025\\\/02\\\/Koronet-spolka-z-o.o.png\",\"contentUrl\":\"https:\\\/\\\/www.koro.net.pl\\\/wp-content\\\/uploads\\\/2025\\\/02\\\/Koronet-spolka-z-o.o.png\",\"width\":696,\"height\":696,\"caption\":\"Koronet\"},\"image\":{\"@id\":\"https:\\\/\\\/www.koro.net.pl\\\/fr\\\/#\\\/schema\\\/logo\\\/image\\\/\"}}]}<\/script>\n<!-- \/ Yoast SEO plugin. -->","yoast_head_json":{"title":"Tige de soudure pour Acier Inoxydable Koronet 308LSi TIG","description":"Barre TIG 308LSi (ER 308LSi) de haute qualit\u00e9 pour souder des acier inoxydable 304 et 304L. R\u00e9sistant \u00e0 la corrosion, id\u00e9al pour les tuyaux, les cuves et les structures.","robots":{"index":"index","follow":"follow","max-snippet":"max-snippet:-1","max-image-preview":"max-image-preview:large","max-video-preview":"max-video-preview:-1"},"canonical":"https:\/\/www.koro.net.pl\/fr\/produkt\/tige-de-soudure-pour-acier-inoxydable-koronet-308lsi-tig\/","og_locale":"fr_FR","og_type":"article","og_title":"Tige de soudure pour Acier Inoxydable Koronet 308LSi TIG","og_description":"Barre TIG 308LSi (ER 308LSi) de haute qualit\u00e9 pour souder des acier inoxydable 304 et 304L. R\u00e9sistant \u00e0 la corrosion, id\u00e9al pour les tuyaux, les cuves et les structures.","og_url":"https:\/\/www.koro.net.pl\/fr\/produkt\/tige-de-soudure-pour-acier-inoxydable-koronet-308lsi-tig\/","og_site_name":"Koronet","og_image":[{"width":600,"height":600,"url":"https:\/\/www.koro.net.pl\/wp-content\/uploads\/2024\/12\/dr.308LSi-z-logo.png","type":"image\/png"}],"twitter_card":"summary_large_image","twitter_misc":{"Dur\u00e9e de lecture estim\u00e9e":"1 minute"},"schema":{"@context":"https:\/\/schema.org","@graph":[{"@type":"WebPage","@id":"https:\/\/www.koro.net.pl\/fr\/produkt\/tige-de-soudure-pour-acier-inoxydable-koronet-308lsi-tig\/","url":"https:\/\/www.koro.net.pl\/fr\/produkt\/tige-de-soudure-pour-acier-inoxydable-koronet-308lsi-tig\/","name":"Tige de soudure pour Acier Inoxydable Koronet 308LSi TIG","isPartOf":{"@id":"https:\/\/www.koro.net.pl\/fr\/#website"},"primaryImageOfPage":{"@id":"https:\/\/www.koro.net.pl\/fr\/produkt\/tige-de-soudure-pour-acier-inoxydable-koronet-308lsi-tig\/#primaryimage"},"image":{"@id":"https:\/\/www.koro.net.pl\/fr\/produkt\/tige-de-soudure-pour-acier-inoxydable-koronet-308lsi-tig\/#primaryimage"},"thumbnailUrl":"https:\/\/www.koro.net.pl\/wp-content\/uploads\/2024\/12\/dr.308LSi-z-logo.png","datePublished":"2024-12-11T14:56:37+00:00","description":"Barre TIG 308LSi (ER 308LSi) de haute qualit\u00e9 pour souder des acier inoxydable 304 et 304L. R\u00e9sistant \u00e0 la corrosion, id\u00e9al pour les tuyaux, les cuves et les structures.","breadcrumb":{"@id":"https:\/\/www.koro.net.pl\/fr\/produkt\/tige-de-soudure-pour-acier-inoxydable-koronet-308lsi-tig\/#breadcrumb"},"inLanguage":"fr-FR","potentialAction":[{"@type":"ReadAction","target":["https:\/\/www.koro.net.pl\/fr\/produkt\/tige-de-soudure-pour-acier-inoxydable-koronet-308lsi-tig\/"]}]},{"@type":"ImageObject","inLanguage":"fr-FR","@id":"https:\/\/www.koro.net.pl\/fr\/produkt\/tige-de-soudure-pour-acier-inoxydable-koronet-308lsi-tig\/#primaryimage","url":"https:\/\/www.koro.net.pl\/wp-content\/uploads\/2024\/12\/dr.308LSi-z-logo.png","contentUrl":"https:\/\/www.koro.net.pl\/wp-content\/uploads\/2024\/12\/dr.308LSi-z-logo.png","width":600,"height":600,"caption":"drut do spawania 308LSi TIG"},{"@type":"BreadcrumbList","@id":"https:\/\/www.koro.net.pl\/fr\/produkt\/tige-de-soudure-pour-acier-inoxydable-koronet-308lsi-tig\/#breadcrumb","itemListElement":[{"@type":"ListItem","position":1,"name":"Strona g\u0142\u00f3wna","item":"https:\/\/www.koro.net.pl\/fr\/"},{"@type":"ListItem","position":2,"name":"Fils de soudure","item":"https:\/\/www.koro.net.pl\/fr\/produkty\/fils-de-soudure\/"},{"@type":"ListItem","position":3,"name":"Tige de soudure pour Acier Inoxydable Koronet 308LSi TIG"}]},{"@type":"WebSite","@id":"https:\/\/www.koro.net.pl\/fr\/#website","url":"https:\/\/www.koro.net.pl\/fr\/","name":"Koronet","description":"","publisher":{"@id":"https:\/\/www.koro.net.pl\/fr\/#organization"},"potentialAction":[{"@type":"SearchAction","target":{"@type":"EntryPoint","urlTemplate":"https:\/\/www.koro.net.pl\/fr\/?s={search_term_string}"},"query-input":{"@type":"PropertyValueSpecification","valueRequired":true,"valueName":"search_term_string"}}],"inLanguage":"fr-FR"},{"@type":"Organization","@id":"https:\/\/www.koro.net.pl\/fr\/#organization","name":"Koronet","alternateName":"Koronet","url":"https:\/\/www.koro.net.pl\/fr\/","logo":{"@type":"ImageObject","inLanguage":"fr-FR","@id":"https:\/\/www.koro.net.pl\/fr\/#\/schema\/logo\/image\/","url":"https:\/\/www.koro.net.pl\/wp-content\/uploads\/2025\/02\/Koronet-spolka-z-o.o.png","contentUrl":"https:\/\/www.koro.net.pl\/wp-content\/uploads\/2025\/02\/Koronet-spolka-z-o.o.png","width":696,"height":696,"caption":"Koronet"},"image":{"@id":"https:\/\/www.koro.net.pl\/fr\/#\/schema\/logo\/image\/"}}]}},"_links":{"self":[{"href":"https:\/\/www.koro.net.pl\/fr\/wp-json\/wp\/v2\/product\/13013","targetHints":{"allow":["GET"]}}],"collection":[{"href":"https:\/\/www.koro.net.pl\/fr\/wp-json\/wp\/v2\/product"}],"about":[{"href":"https:\/\/www.koro.net.pl\/fr\/wp-json\/wp\/v2\/types\/product"}],"wp:featuredmedia":[{"embeddable":true,"href":"https:\/\/www.koro.net.pl\/fr\/wp-json\/wp\/v2\/media\/7355"}],"wp:attachment":[{"href":"https:\/\/www.koro.net.pl\/fr\/wp-json\/wp\/v2\/media?parent=13013"}],"wp:term":[{"taxonomy":"product_brand","embeddable":true,"href":"https:\/\/www.koro.net.pl\/fr\/wp-json\/wp\/v2\/product_brand?post=13013"},{"taxonomy":"product_cat","embeddable":true,"href":"https:\/\/www.koro.net.pl\/fr\/wp-json\/wp\/v2\/product_cat?post=13013"},{"taxonomy":"product_tag","embeddable":true,"href":"https:\/\/www.koro.net.pl\/fr\/wp-json\/wp\/v2\/product_tag?post=13013"}],"curies":[{"name":"wp","href":"https:\/\/api.w.org\/{rel}","templated":true}]}}