{"id":13000,"date":"2024-12-11T15:55:41","date_gmt":"2024-12-11T14:55:41","guid":{"rendered":"https:\/\/www.koro.net.pl\/produkt\/tige-de-soudure-tig-koronet-g4si1-sg3\/"},"modified":"2024-12-11T15:55:41","modified_gmt":"2024-12-11T14:55:41","slug":"tige-de-soudure-tig-koronet-g4si1-sg3","status":"publish","type":"product","link":"https:\/\/www.koro.net.pl\/fr\/produkt\/tige-de-soudure-tig-koronet-g4si1-sg3\/","title":{"rendered":"Tige de soudure TIG Koronet G4Si1 SG3"},"content":{"rendered":"<p>KORONET PREMIUM SG3<b> <\/b>est une tige de soudure en inox con\u00e7ue pour <a href=\"https:\/\/www.koro.net.pl\/fr\/produkty\/fils-de-soudure\/\">le soudage<\/a> TIG avanc\u00e9. Une grande propret\u00e9 et une g\u00e9om\u00e9trie pr\u00e9cise contribuent \u00e0 un soudage efficace et r\u00e9duisent l\u2019utilisation d\u2019\u00e9quipements suppl\u00e9mentaires. Avec sa teneur accrue en Si et Mn, le fil de soudure SG3 par rapport au SG2 offre une meilleure r\u00e9sistance et est plus r\u00e9sistant \u00e0 la contamination lors du soudage de divers composants.  <\/p>\n<ul>\n<li>Mat\u00e9riau soud\u00e9 : 35 \/ S235 \u2013 P460 \/ S460, etc.<\/li>\n<li>Gaz de protection : M21, C1<\/li>\n<li>Courant de soudage :=(+)<\/li>\n<li>Approbations : T\u00dcV DB C<\/li>\n<li>Classification des alliages ; EN ISO 14341-A : G 42 4 M21 3SI1<\/li>\n<li>Classification des alliages : EN ISO 14341-A : G 38 3 C1 3Si1<\/li>\n<li><span style=\"vertical-align: inherit;\"><span style=\"vertical-align: inherit;\">Norme : EN ISO 14341-A : G4Si1<\/span><\/span><\/li>\n<li><span style=\"vertical-align: inherit;\"><span style=\"vertical-align: inherit;\">Normes : DIN 8559 SG-3<\/span><\/span><\/li>\n<li><span style=\"vertical-align: inherit;\"><span style=\"vertical-align: inherit;\">Norme : AWS A5.18 ER70S-6S-6<\/span><\/span><\/li>\n<li>Multipacks : 1kg, 5kg<\/li>\n<li>Tailles : 1,6 mm, 2,0 mm, 2,4 mm, 3,2 mm<\/li>\n<\/ul>\n<table>\n<tbody>\n<tr>\n<td><strong>POIDS<\/strong><\/td>\n<td><strong>LONGUEUR<\/strong><\/td>\n<td><strong>DI\u00c2TRE<\/strong><\/td>\n<\/tr>\n<tr>\n<td><span style=\"vertical-align: inherit;\"><span style=\"vertical-align: inherit;\">1 KG<\/span><\/span><\/td>\n<td><span style=\"vertical-align: inherit;\"><span style=\"vertical-align: inherit;\">1000 mm<\/span><\/span><\/td>\n<td><span style=\"vertical-align: inherit;\"><span style=\"vertical-align: inherit;\">1,6 mm<\/span><\/span><\/td>\n<\/tr>\n<tr>\n<td><span style=\"vertical-align: inherit;\"><span style=\"vertical-align: inherit;\">1 KG<\/span><\/span><\/td>\n<td><span style=\"vertical-align: inherit;\"><span style=\"vertical-align: inherit;\">1000 mm<\/span><\/span><\/td>\n<td><span style=\"vertical-align: inherit;\"><span style=\"vertical-align: inherit;\">2,0 mm<\/span><\/span><\/td>\n<\/tr>\n<tr>\n<td><span style=\"vertical-align: inherit;\"><span style=\"vertical-align: inherit;\">1 KG<\/span><\/span><\/td>\n<td><span style=\"vertical-align: inherit;\"><span style=\"vertical-align: inherit;\">1000 mm<\/span><\/span><\/td>\n<td><span style=\"vertical-align: inherit;\"><span style=\"vertical-align: inherit;\">2,4 mm<\/span><\/span><\/td>\n<\/tr>\n<tr>\n<td><span style=\"vertical-align: inherit;\"><span style=\"vertical-align: inherit;\">1 KG<\/span><\/span><\/td>\n<td><span style=\"vertical-align: inherit;\"><span style=\"vertical-align: inherit;\">1000 mm<\/span><\/span><\/td>\n<td><span style=\"vertical-align: inherit;\"><span style=\"vertical-align: inherit;\">3,2 mm<\/span><\/span><\/td>\n<\/tr>\n<tr>\n<td><span style=\"vertical-align: inherit;\"><span style=\"vertical-align: inherit;\">5 kg<\/span><\/span><\/td>\n<td><span style=\"vertical-align: inherit;\"><span style=\"vertical-align: inherit;\">1000 mm<\/span><\/span><\/td>\n<td><span style=\"vertical-align: inherit;\"><span style=\"vertical-align: inherit;\">1,6 mm<\/span><\/span><\/td>\n<\/tr>\n<tr>\n<td><span style=\"vertical-align: inherit;\"><span style=\"vertical-align: inherit;\">5 kg<\/span><\/span><\/td>\n<td><span style=\"vertical-align: inherit;\"><span style=\"vertical-align: inherit;\">1000 mm<\/span><\/span><\/td>\n<td><span style=\"vertical-align: inherit;\"><span style=\"vertical-align: inherit;\">2,0 mm<\/span><\/span><\/td>\n<\/tr>\n<tr>\n<td><span style=\"vertical-align: inherit;\"><span style=\"vertical-align: inherit;\">5 kg<\/span><\/span><\/td>\n<td><span style=\"vertical-align: inherit;\"><span style=\"vertical-align: inherit;\">1000 mm<\/span><\/span><\/td>\n<td><span style=\"vertical-align: inherit;\"><span style=\"vertical-align: inherit;\">2,4 mm<\/span><\/span><\/td>\n<\/tr>\n<tr>\n<td><span style=\"vertical-align: inherit;\"><span style=\"vertical-align: inherit;\">5 kg<\/span><\/span><\/td>\n<td><span style=\"vertical-align: inherit;\"><span style=\"vertical-align: inherit;\">1000 mm<\/span><\/span><\/td>\n<td><span style=\"vertical-align: inherit;\"><span style=\"vertical-align: inherit;\">3,2 mm<\/span><\/span><\/td>\n<\/tr>\n<\/tbody>\n<\/table>\n","protected":false},"excerpt":{"rendered":"<p>KORONET PREMIUM SG3 est une tige de soudure en inox con\u00e7ue pour le soudage TIG avanc\u00e9. Une grande propret\u00e9 et une g\u00e9om\u00e9trie pr\u00e9cise contribuent \u00e0 un soudage efficace et r\u00e9duisent [&hellip;]<\/p>\n","protected":false},"featured_media":7398,"template":"","meta":{"_acf_changed":false},"product_brand":[],"product_cat":[228,175,197],"product_tag":[192],"class_list":{"0":"post-13000","1":"product","2":"type-product","3":"status-publish","4":"has-post-thumbnail","6":"product_cat-fil-pour-souder-des-aciers-structurels-a-faible-teneur-en-carbone-2","7":"product_cat-fils-de-soudure","8":"product_cat-fils-tig","9":"product_tag-fils-de-soudure-koronet-sg3","11":"first","12":"instock","13":"taxable","14":"shipping-taxable","15":"purchasable","16":"product-type-variable","17":"has-default-attributes"},"acf":[],"yoast_head":"<!-- This site is optimized with the Yoast SEO plugin v27.5 - https:\/\/yoast.com\/product\/yoast-seo-wordpress\/ -->\n<title>Fil de soudure premium Koronet SG3 TIG<\/title>\n<meta name=\"description\" content=\"KORONET PREMIUM SG3 - tige de soudure TIG en inox. Pr\u00e9cis, propre, avec un Si et une Mn. Robustes et r\u00e9sistants \u00e0 la contamination.\" \/>\n<meta name=\"robots\" content=\"index, follow, max-snippet:-1, max-image-preview:large, max-video-preview:-1\" \/>\n<link rel=\"canonical\" href=\"https:\/\/www.koro.net.pl\/fr\/produkt\/tige-de-soudure-tig-koronet-g4si1-sg3\/\" \/>\n<meta property=\"og:locale\" content=\"fr_FR\" \/>\n<meta property=\"og:type\" content=\"article\" \/>\n<meta property=\"og:title\" content=\"Fil de soudure premium Koronet SG3 TIG\" \/>\n<meta property=\"og:description\" content=\"KORONET PREMIUM SG3 - tige de soudure TIG en inox. Pr\u00e9cis, propre, avec un Si et une Mn. Robustes et r\u00e9sistants \u00e0 la contamination.\" \/>\n<meta property=\"og:url\" content=\"https:\/\/www.koro.net.pl\/fr\/produkt\/tige-de-soudure-tig-koronet-g4si1-sg3\/\" \/>\n<meta property=\"og:site_name\" content=\"Koronet\" \/>\n<meta property=\"og:image\" content=\"https:\/\/www.koro.net.pl\/wp-content\/uploads\/2024\/12\/SG3-TIG-z-logo.png\" \/>\n\t<meta property=\"og:image:width\" content=\"600\" \/>\n\t<meta property=\"og:image:height\" content=\"600\" \/>\n\t<meta property=\"og:image:type\" content=\"image\/png\" \/>\n<meta name=\"twitter:card\" content=\"summary_large_image\" \/>\n<meta name=\"twitter:label1\" content=\"Dur\u00e9e de lecture estim\u00e9e\" \/>\n\t<meta name=\"twitter:data1\" content=\"1 minute\" \/>\n<script type=\"application\/ld+json\" class=\"yoast-schema-graph\">{\"@context\":\"https:\\\/\\\/schema.org\",\"@graph\":[{\"@type\":\"WebPage\",\"@id\":\"https:\\\/\\\/www.koro.net.pl\\\/fr\\\/produkt\\\/tige-de-soudure-tig-koronet-g4si1-sg3\\\/\",\"url\":\"https:\\\/\\\/www.koro.net.pl\\\/fr\\\/produkt\\\/tige-de-soudure-tig-koronet-g4si1-sg3\\\/\",\"name\":\"Fil de soudure premium Koronet SG3 TIG\",\"isPartOf\":{\"@id\":\"https:\\\/\\\/www.koro.net.pl\\\/fr\\\/#website\"},\"primaryImageOfPage\":{\"@id\":\"https:\\\/\\\/www.koro.net.pl\\\/fr\\\/produkt\\\/tige-de-soudure-tig-koronet-g4si1-sg3\\\/#primaryimage\"},\"image\":{\"@id\":\"https:\\\/\\\/www.koro.net.pl\\\/fr\\\/produkt\\\/tige-de-soudure-tig-koronet-g4si1-sg3\\\/#primaryimage\"},\"thumbnailUrl\":\"https:\\\/\\\/www.koro.net.pl\\\/wp-content\\\/uploads\\\/2024\\\/12\\\/SG3-TIG-z-logo.png\",\"datePublished\":\"2024-12-11T14:55:41+00:00\",\"description\":\"KORONET PREMIUM SG3 - tige de soudure TIG en inox. Pr\u00e9cis, propre, avec un Si et une Mn. Robustes et r\u00e9sistants \u00e0 la contamination.\",\"breadcrumb\":{\"@id\":\"https:\\\/\\\/www.koro.net.pl\\\/fr\\\/produkt\\\/tige-de-soudure-tig-koronet-g4si1-sg3\\\/#breadcrumb\"},\"inLanguage\":\"fr-FR\",\"potentialAction\":[{\"@type\":\"ReadAction\",\"target\":[\"https:\\\/\\\/www.koro.net.pl\\\/fr\\\/produkt\\\/tige-de-soudure-tig-koronet-g4si1-sg3\\\/\"]}]},{\"@type\":\"ImageObject\",\"inLanguage\":\"fr-FR\",\"@id\":\"https:\\\/\\\/www.koro.net.pl\\\/fr\\\/produkt\\\/tige-de-soudure-tig-koronet-g4si1-sg3\\\/#primaryimage\",\"url\":\"https:\\\/\\\/www.koro.net.pl\\\/wp-content\\\/uploads\\\/2024\\\/12\\\/SG3-TIG-z-logo.png\",\"contentUrl\":\"https:\\\/\\\/www.koro.net.pl\\\/wp-content\\\/uploads\\\/2024\\\/12\\\/SG3-TIG-z-logo.png\",\"width\":600,\"height\":600,\"caption\":\"Pr\u0119t drut spawalniczy SG3 Koronet TIG\"},{\"@type\":\"BreadcrumbList\",\"@id\":\"https:\\\/\\\/www.koro.net.pl\\\/fr\\\/produkt\\\/tige-de-soudure-tig-koronet-g4si1-sg3\\\/#breadcrumb\",\"itemListElement\":[{\"@type\":\"ListItem\",\"position\":1,\"name\":\"Strona g\u0142\u00f3wna\",\"item\":\"https:\\\/\\\/www.koro.net.pl\\\/fr\\\/\"},{\"@type\":\"ListItem\",\"position\":2,\"name\":\"Fils de soudure\",\"item\":\"https:\\\/\\\/www.koro.net.pl\\\/fr\\\/produkty\\\/fils-de-soudure\\\/\"},{\"@type\":\"ListItem\",\"position\":3,\"name\":\"Tige de soudure TIG Koronet G4Si1 SG3\"}]},{\"@type\":\"WebSite\",\"@id\":\"https:\\\/\\\/www.koro.net.pl\\\/fr\\\/#website\",\"url\":\"https:\\\/\\\/www.koro.net.pl\\\/fr\\\/\",\"name\":\"Koronet\",\"description\":\"\",\"publisher\":{\"@id\":\"https:\\\/\\\/www.koro.net.pl\\\/fr\\\/#organization\"},\"potentialAction\":[{\"@type\":\"SearchAction\",\"target\":{\"@type\":\"EntryPoint\",\"urlTemplate\":\"https:\\\/\\\/www.koro.net.pl\\\/fr\\\/?s={search_term_string}\"},\"query-input\":{\"@type\":\"PropertyValueSpecification\",\"valueRequired\":true,\"valueName\":\"search_term_string\"}}],\"inLanguage\":\"fr-FR\"},{\"@type\":\"Organization\",\"@id\":\"https:\\\/\\\/www.koro.net.pl\\\/fr\\\/#organization\",\"name\":\"Koronet\",\"alternateName\":\"Koronet\",\"url\":\"https:\\\/\\\/www.koro.net.pl\\\/fr\\\/\",\"logo\":{\"@type\":\"ImageObject\",\"inLanguage\":\"fr-FR\",\"@id\":\"https:\\\/\\\/www.koro.net.pl\\\/fr\\\/#\\\/schema\\\/logo\\\/image\\\/\",\"url\":\"https:\\\/\\\/www.koro.net.pl\\\/wp-content\\\/uploads\\\/2025\\\/02\\\/Koronet-spolka-z-o.o.png\",\"contentUrl\":\"https:\\\/\\\/www.koro.net.pl\\\/wp-content\\\/uploads\\\/2025\\\/02\\\/Koronet-spolka-z-o.o.png\",\"width\":696,\"height\":696,\"caption\":\"Koronet\"},\"image\":{\"@id\":\"https:\\\/\\\/www.koro.net.pl\\\/fr\\\/#\\\/schema\\\/logo\\\/image\\\/\"}}]}<\/script>\n<!-- \/ Yoast SEO plugin. -->","yoast_head_json":{"title":"Fil de soudure premium Koronet SG3 TIG","description":"KORONET PREMIUM SG3 - tige de soudure TIG en inox. Pr\u00e9cis, propre, avec un Si et une Mn. Robustes et r\u00e9sistants \u00e0 la contamination.","robots":{"index":"index","follow":"follow","max-snippet":"max-snippet:-1","max-image-preview":"max-image-preview:large","max-video-preview":"max-video-preview:-1"},"canonical":"https:\/\/www.koro.net.pl\/fr\/produkt\/tige-de-soudure-tig-koronet-g4si1-sg3\/","og_locale":"fr_FR","og_type":"article","og_title":"Fil de soudure premium Koronet SG3 TIG","og_description":"KORONET PREMIUM SG3 - tige de soudure TIG en inox. Pr\u00e9cis, propre, avec un Si et une Mn. Robustes et r\u00e9sistants \u00e0 la contamination.","og_url":"https:\/\/www.koro.net.pl\/fr\/produkt\/tige-de-soudure-tig-koronet-g4si1-sg3\/","og_site_name":"Koronet","og_image":[{"width":600,"height":600,"url":"https:\/\/www.koro.net.pl\/wp-content\/uploads\/2024\/12\/SG3-TIG-z-logo.png","type":"image\/png"}],"twitter_card":"summary_large_image","twitter_misc":{"Dur\u00e9e de lecture estim\u00e9e":"1 minute"},"schema":{"@context":"https:\/\/schema.org","@graph":[{"@type":"WebPage","@id":"https:\/\/www.koro.net.pl\/fr\/produkt\/tige-de-soudure-tig-koronet-g4si1-sg3\/","url":"https:\/\/www.koro.net.pl\/fr\/produkt\/tige-de-soudure-tig-koronet-g4si1-sg3\/","name":"Fil de soudure premium Koronet SG3 TIG","isPartOf":{"@id":"https:\/\/www.koro.net.pl\/fr\/#website"},"primaryImageOfPage":{"@id":"https:\/\/www.koro.net.pl\/fr\/produkt\/tige-de-soudure-tig-koronet-g4si1-sg3\/#primaryimage"},"image":{"@id":"https:\/\/www.koro.net.pl\/fr\/produkt\/tige-de-soudure-tig-koronet-g4si1-sg3\/#primaryimage"},"thumbnailUrl":"https:\/\/www.koro.net.pl\/wp-content\/uploads\/2024\/12\/SG3-TIG-z-logo.png","datePublished":"2024-12-11T14:55:41+00:00","description":"KORONET PREMIUM SG3 - tige de soudure TIG en inox. Pr\u00e9cis, propre, avec un Si et une Mn. Robustes et r\u00e9sistants \u00e0 la contamination.","breadcrumb":{"@id":"https:\/\/www.koro.net.pl\/fr\/produkt\/tige-de-soudure-tig-koronet-g4si1-sg3\/#breadcrumb"},"inLanguage":"fr-FR","potentialAction":[{"@type":"ReadAction","target":["https:\/\/www.koro.net.pl\/fr\/produkt\/tige-de-soudure-tig-koronet-g4si1-sg3\/"]}]},{"@type":"ImageObject","inLanguage":"fr-FR","@id":"https:\/\/www.koro.net.pl\/fr\/produkt\/tige-de-soudure-tig-koronet-g4si1-sg3\/#primaryimage","url":"https:\/\/www.koro.net.pl\/wp-content\/uploads\/2024\/12\/SG3-TIG-z-logo.png","contentUrl":"https:\/\/www.koro.net.pl\/wp-content\/uploads\/2024\/12\/SG3-TIG-z-logo.png","width":600,"height":600,"caption":"Pr\u0119t drut spawalniczy SG3 Koronet TIG"},{"@type":"BreadcrumbList","@id":"https:\/\/www.koro.net.pl\/fr\/produkt\/tige-de-soudure-tig-koronet-g4si1-sg3\/#breadcrumb","itemListElement":[{"@type":"ListItem","position":1,"name":"Strona g\u0142\u00f3wna","item":"https:\/\/www.koro.net.pl\/fr\/"},{"@type":"ListItem","position":2,"name":"Fils de soudure","item":"https:\/\/www.koro.net.pl\/fr\/produkty\/fils-de-soudure\/"},{"@type":"ListItem","position":3,"name":"Tige de soudure TIG Koronet G4Si1 SG3"}]},{"@type":"WebSite","@id":"https:\/\/www.koro.net.pl\/fr\/#website","url":"https:\/\/www.koro.net.pl\/fr\/","name":"Koronet","description":"","publisher":{"@id":"https:\/\/www.koro.net.pl\/fr\/#organization"},"potentialAction":[{"@type":"SearchAction","target":{"@type":"EntryPoint","urlTemplate":"https:\/\/www.koro.net.pl\/fr\/?s={search_term_string}"},"query-input":{"@type":"PropertyValueSpecification","valueRequired":true,"valueName":"search_term_string"}}],"inLanguage":"fr-FR"},{"@type":"Organization","@id":"https:\/\/www.koro.net.pl\/fr\/#organization","name":"Koronet","alternateName":"Koronet","url":"https:\/\/www.koro.net.pl\/fr\/","logo":{"@type":"ImageObject","inLanguage":"fr-FR","@id":"https:\/\/www.koro.net.pl\/fr\/#\/schema\/logo\/image\/","url":"https:\/\/www.koro.net.pl\/wp-content\/uploads\/2025\/02\/Koronet-spolka-z-o.o.png","contentUrl":"https:\/\/www.koro.net.pl\/wp-content\/uploads\/2025\/02\/Koronet-spolka-z-o.o.png","width":696,"height":696,"caption":"Koronet"},"image":{"@id":"https:\/\/www.koro.net.pl\/fr\/#\/schema\/logo\/image\/"}}]}},"_links":{"self":[{"href":"https:\/\/www.koro.net.pl\/fr\/wp-json\/wp\/v2\/product\/13000","targetHints":{"allow":["GET"]}}],"collection":[{"href":"https:\/\/www.koro.net.pl\/fr\/wp-json\/wp\/v2\/product"}],"about":[{"href":"https:\/\/www.koro.net.pl\/fr\/wp-json\/wp\/v2\/types\/product"}],"wp:featuredmedia":[{"embeddable":true,"href":"https:\/\/www.koro.net.pl\/fr\/wp-json\/wp\/v2\/media\/7398"}],"wp:attachment":[{"href":"https:\/\/www.koro.net.pl\/fr\/wp-json\/wp\/v2\/media?parent=13000"}],"wp:term":[{"taxonomy":"product_brand","embeddable":true,"href":"https:\/\/www.koro.net.pl\/fr\/wp-json\/wp\/v2\/product_brand?post=13000"},{"taxonomy":"product_cat","embeddable":true,"href":"https:\/\/www.koro.net.pl\/fr\/wp-json\/wp\/v2\/product_cat?post=13000"},{"taxonomy":"product_tag","embeddable":true,"href":"https:\/\/www.koro.net.pl\/fr\/wp-json\/wp\/v2\/product_tag?post=13000"}],"curies":[{"name":"wp","href":"https:\/\/api.w.org\/{rel}","templated":true}]}}