{"id":12987,"date":"2025-11-13T15:16:46","date_gmt":"2025-11-13T14:16:46","guid":{"rendered":"https:\/\/www.koro.net.pl\/produkt\/prise-a-la-machine-traversante-din-371-b-hsse-supreme-900x-koronet\/"},"modified":"2025-11-13T15:16:46","modified_gmt":"2025-11-13T14:16:46","slug":"prise-a-la-machine-traversante-din-371-b-hsse-supreme-900x-koronet","status":"publish","type":"product","link":"https:\/\/www.koro.net.pl\/fr\/produkt\/prise-a-la-machine-traversante-din-371-b-hsse-supreme-900x-koronet\/","title":{"rendered":"Prise \u00e0 la machine traversante DIN 371 B HSSE SUPREME 900X &#8211; Koronet"},"content":{"rendered":"<p data-start=\"445\" data-end=\"912\">Le <a href=\"https:\/\/www.koro.net.pl\/fr\/produkty\/taps\/\">robinet<\/a> <strong>Koronet SUPREME 900X<\/strong> est un outil haut de gamme con\u00e7u pour un filetage interne pr\u00e9cis dans les aciers structurels, les aciers alli\u00e9s et les mat\u00e9riaux n\u00e9cessitant un proc\u00e9d\u00e9 de coupe stable et r\u00e9p\u00e9table. Fabriqu\u00e9 en acier <strong>HSSE de haute qualit\u00e9 et \u00e0 grande vitesse<\/strong> et \u00e9quip\u00e9 <strong>d\u2019un<\/strong> rev\u00eatement AlCrN, il offre une r\u00e9sistance \u00e0 l\u2019usure accrue et une dur\u00e9e de vie accrue par rapport aux robinets traditionnels recouverts de TiN. <\/p>\n<h3 data-start=\"956\" data-end=\"1015\"><strong data-start=\"960\" data-end=\"1013\">\u2022 Acier HSSE \u2013 haute r\u00e9sistance et stabilit\u00e9 de fonctionnement<\/strong><\/h3>\n<p data-start=\"1016\" data-end=\"1227\">Le robinet est fabriqu\u00e9 en acier HSSE \u00e0 grande vitesse, combinant une bonne r\u00e9sistance aux impacts avec une r\u00e9sistance accrue aux charges de torsion. Cela garantit que l\u2019outil fonctionne de mani\u00e8re stable m\u00eame sur des mat\u00e9riaux plus r\u00e9sistants. <\/p>\n<h3 data-start=\"1229\" data-end=\"1289\"><strong data-start=\"1233\" data-end=\"1287\">\u2022 Rev\u00eatement premium \u2013 SUPREME 900X AlCrN<\/strong><\/h3>\n<p data-start=\"1290\" data-end=\"1512\">Le rev\u00eatement moderne \u00e0 base d\u2019AlCrN se caract\u00e9rise par :<br data-start=\"1336\" data-end=\"1339\">\u2013 une forte r\u00e9sistance \u00e0 l\u2019abrasion,<br data-start=\"1373\" data-end=\"1376\">\u2013 une stabilit\u00e9 thermique accrue,<br data-start=\"1412\" data-end=\"1415\">\u2013 limitant l\u2019adh\u00e9sion des puces,<br data-start=\"1451\" data-end=\"1454\">\u2013 une meilleure dur\u00e9e de vie de l\u2019outil compar\u00e9e aux rev\u00eatements TiN\/TiCN.<\/p>\n<p data-start=\"1514\" data-end=\"1608\">Cela permet un fonctionnement s\u00fbr \u00e0 des param\u00e8tres plus \u00e9lev\u00e9s et dans des grades d\u2019acier plus difficiles.<\/p>\n<h3 data-start=\"1610\" data-end=\"1664\"><strong data-start=\"1614\" data-end=\"1662\">\u2022 G\u00e9om\u00e9trie droite \u2013 pour les trous traversants<\/strong><\/h3>\n<p data-start=\"1665\" data-end=\"1854\">Les rainures droites fournissent un guidage lin\u00e9aire et une sortie efficace des puces dans la direction oppos\u00e9e \u00e0 la rotation de l\u2019outil, ce qui est optimal pour le passage dans les trous.<\/p>\n<h3 data-start=\"1856\" data-end=\"1905\"><strong data-start=\"1860\" data-end=\"1903\">\u2022 Norme DIN 371 \u2013 poign\u00e9e renforc\u00e9e<\/strong><\/h3>\n<p data-start=\"1906\" data-end=\"2060\">Le robinet poss\u00e8de une poign\u00e9e renforc\u00e9e typique de la norme DIN 371, ce qui augmente sa r\u00e9sistance \u00e0 la flexion et am\u00e9liore la stabilit\u00e9 de la manipulation pendant le fonctionnement.<\/p>\n<h3 data-start=\"2062\" data-end=\"2101\"><strong data-start=\"2066\" data-end=\"2099\">\u2022 Version B \u2013 4-5 tours chanfrein\u00e9s<\/strong><\/h3>\n<p data-start=\"2102\" data-end=\"2312\">La coupe de type B permet une insertion facile de l\u2019outil et assure une formation s\u00fbre du filetage dans les trous traversants. C\u2019est une g\u00e9om\u00e9trie universelle et la plus couramment utilis\u00e9e en atelier et en production industrielle. <\/p>\n<p data-start=\"2340\" data-end=\"2571\"><strong>Le robinet SUPREME 900X est con\u00e7u pour le traitement :<\/strong><br data-start=\"2393\" data-end=\"2396\">\u2022 aciers non alli\u00e9s et structurels,<br data-start=\"2435\" data-end=\"2438\">\u2022 aciers alli\u00e9s et trait\u00e9s thermiquement,<br data-start=\"2479\" data-end=\"2482\">\u2022 acier \u00e0 r\u00e9sistance accrue,<br data-start=\"2519\" data-end=\"2522\">\u2022 des mat\u00e9riaux qui ont tendance \u00e0 cro\u00eetre.<\/p>\n<p data-start=\"2573\" data-end=\"2761\">Recommand\u00e9 aussi bien pour les machines-outils CNC que pour les t\u00eates de machine conventionnelles de pr\u00e9cision \u2013 partout o\u00f9 la r\u00e9p\u00e9tition, la stabilit\u00e9 et la longue dur\u00e9e de vie de l\u2019outil sont importantes.<\/p>\n","protected":false},"excerpt":{"rendered":"<p>Le robinet Koronet SUPREME 900X est un outil haut de gamme con\u00e7u pour un filetage interne pr\u00e9cis dans les aciers structurels, les aciers alli\u00e9s et les mat\u00e9riaux n\u00e9cessitant un proc\u00e9d\u00e9 [&hellip;]<\/p>\n","protected":false},"featured_media":8190,"template":"","meta":{"_acf_changed":false},"product_brand":[],"product_cat":[174,177,178],"product_tag":[],"class_list":{"0":"post-12987","1":"product","2":"type-product","3":"status-publish","4":"has-post-thumbnail","6":"product_cat-outils","7":"product_cat-prises-mecaniques","8":"product_cat-taps","10":"first","11":"instock","12":"taxable","13":"shipping-taxable","14":"purchasable","15":"product-type-variable","16":"has-default-attributes"},"acf":[],"yoast_head":"<!-- This site is optimized with the Yoast SEO plugin v27.5 - https:\/\/yoast.com\/product\/yoast-seo-wordpress\/ -->\n<title>Prise \u00e0 la machine traversante DIN 371 B HSSE SUPREME 900X - Koronet - Koronet<\/title>\n<meta name=\"description\" content=\"Prise M4 DIN 371 avec rev\u00eatement HSSE et AlCrN avanc\u00e9. Haute durabilit\u00e9, forces de torsion plus faibles et \u00e9coulement stable des copeaux pour l\u2019usinage de mat\u00e9riaux exigeants.\" \/>\n<meta name=\"robots\" content=\"index, follow, max-snippet:-1, max-image-preview:large, max-video-preview:-1\" \/>\n<link rel=\"canonical\" href=\"https:\/\/www.koro.net.pl\/fr\/produkt\/prise-a-la-machine-traversante-din-371-b-hsse-supreme-900x-koronet\/\" \/>\n<meta property=\"og:locale\" content=\"fr_FR\" \/>\n<meta property=\"og:type\" content=\"article\" \/>\n<meta property=\"og:title\" content=\"Prise \u00e0 la machine traversante DIN 371 B HSSE SUPREME 900X - Koronet - Koronet\" \/>\n<meta property=\"og:description\" content=\"Prise M4 DIN 371 avec rev\u00eatement HSSE et AlCrN avanc\u00e9. Haute durabilit\u00e9, forces de torsion plus faibles et \u00e9coulement stable des copeaux pour l\u2019usinage de mat\u00e9riaux exigeants.\" \/>\n<meta property=\"og:url\" content=\"https:\/\/www.koro.net.pl\/fr\/produkt\/prise-a-la-machine-traversante-din-371-b-hsse-supreme-900x-koronet\/\" \/>\n<meta property=\"og:site_name\" content=\"Koronet\" \/>\n<meta property=\"og:image\" content=\"https:\/\/www.koro.net.pl\/wp-content\/uploads\/2025\/11\/gwintownik-stojacy.png\" \/>\n\t<meta property=\"og:image:width\" content=\"800\" \/>\n\t<meta property=\"og:image:height\" content=\"800\" \/>\n\t<meta property=\"og:image:type\" content=\"image\/png\" \/>\n<meta name=\"twitter:card\" content=\"summary_large_image\" \/>\n<meta name=\"twitter:label1\" content=\"Dur\u00e9e de lecture estim\u00e9e\" \/>\n\t<meta name=\"twitter:data1\" content=\"2 minutes\" \/>\n<script type=\"application\/ld+json\" class=\"yoast-schema-graph\">{\"@context\":\"https:\\\/\\\/schema.org\",\"@graph\":[{\"@type\":\"WebPage\",\"@id\":\"https:\\\/\\\/www.koro.net.pl\\\/fr\\\/produkt\\\/prise-a-la-machine-traversante-din-371-b-hsse-supreme-900x-koronet\\\/\",\"url\":\"https:\\\/\\\/www.koro.net.pl\\\/fr\\\/produkt\\\/prise-a-la-machine-traversante-din-371-b-hsse-supreme-900x-koronet\\\/\",\"name\":\"Prise \u00e0 la machine traversante DIN 371 B HSSE SUPREME 900X - Koronet - Koronet\",\"isPartOf\":{\"@id\":\"https:\\\/\\\/www.koro.net.pl\\\/fr\\\/#website\"},\"primaryImageOfPage\":{\"@id\":\"https:\\\/\\\/www.koro.net.pl\\\/fr\\\/produkt\\\/prise-a-la-machine-traversante-din-371-b-hsse-supreme-900x-koronet\\\/#primaryimage\"},\"image\":{\"@id\":\"https:\\\/\\\/www.koro.net.pl\\\/fr\\\/produkt\\\/prise-a-la-machine-traversante-din-371-b-hsse-supreme-900x-koronet\\\/#primaryimage\"},\"thumbnailUrl\":\"https:\\\/\\\/www.koro.net.pl\\\/wp-content\\\/uploads\\\/2025\\\/11\\\/gwintownik-stojacy.png\",\"datePublished\":\"2025-11-13T14:16:46+00:00\",\"description\":\"Prise M4 DIN 371 avec rev\u00eatement HSSE et AlCrN avanc\u00e9. Haute durabilit\u00e9, forces de torsion plus faibles et \u00e9coulement stable des copeaux pour l\u2019usinage de mat\u00e9riaux exigeants.\",\"breadcrumb\":{\"@id\":\"https:\\\/\\\/www.koro.net.pl\\\/fr\\\/produkt\\\/prise-a-la-machine-traversante-din-371-b-hsse-supreme-900x-koronet\\\/#breadcrumb\"},\"inLanguage\":\"fr-FR\",\"potentialAction\":[{\"@type\":\"ReadAction\",\"target\":[\"https:\\\/\\\/www.koro.net.pl\\\/fr\\\/produkt\\\/prise-a-la-machine-traversante-din-371-b-hsse-supreme-900x-koronet\\\/\"]}]},{\"@type\":\"ImageObject\",\"inLanguage\":\"fr-FR\",\"@id\":\"https:\\\/\\\/www.koro.net.pl\\\/fr\\\/produkt\\\/prise-a-la-machine-traversante-din-371-b-hsse-supreme-900x-koronet\\\/#primaryimage\",\"url\":\"https:\\\/\\\/www.koro.net.pl\\\/wp-content\\\/uploads\\\/2025\\\/11\\\/gwintownik-stojacy.png\",\"contentUrl\":\"https:\\\/\\\/www.koro.net.pl\\\/wp-content\\\/uploads\\\/2025\\\/11\\\/gwintownik-stojacy.png\",\"width\":800,\"height\":800,\"caption\":\"gwintownik przelotowy\"},{\"@type\":\"BreadcrumbList\",\"@id\":\"https:\\\/\\\/www.koro.net.pl\\\/fr\\\/produkt\\\/prise-a-la-machine-traversante-din-371-b-hsse-supreme-900x-koronet\\\/#breadcrumb\",\"itemListElement\":[{\"@type\":\"ListItem\",\"position\":1,\"name\":\"Strona g\u0142\u00f3wna\",\"item\":\"https:\\\/\\\/www.koro.net.pl\\\/fr\\\/\"},{\"@type\":\"ListItem\",\"position\":2,\"name\":\"Prise \u00e0 la machine traversante DIN 371 B HSSE SUPREME 900X &#8211; Koronet\"}]},{\"@type\":\"WebSite\",\"@id\":\"https:\\\/\\\/www.koro.net.pl\\\/fr\\\/#website\",\"url\":\"https:\\\/\\\/www.koro.net.pl\\\/fr\\\/\",\"name\":\"Koronet\",\"description\":\"\",\"publisher\":{\"@id\":\"https:\\\/\\\/www.koro.net.pl\\\/fr\\\/#organization\"},\"potentialAction\":[{\"@type\":\"SearchAction\",\"target\":{\"@type\":\"EntryPoint\",\"urlTemplate\":\"https:\\\/\\\/www.koro.net.pl\\\/fr\\\/?s={search_term_string}\"},\"query-input\":{\"@type\":\"PropertyValueSpecification\",\"valueRequired\":true,\"valueName\":\"search_term_string\"}}],\"inLanguage\":\"fr-FR\"},{\"@type\":\"Organization\",\"@id\":\"https:\\\/\\\/www.koro.net.pl\\\/fr\\\/#organization\",\"name\":\"Koronet\",\"alternateName\":\"Koronet\",\"url\":\"https:\\\/\\\/www.koro.net.pl\\\/fr\\\/\",\"logo\":{\"@type\":\"ImageObject\",\"inLanguage\":\"fr-FR\",\"@id\":\"https:\\\/\\\/www.koro.net.pl\\\/fr\\\/#\\\/schema\\\/logo\\\/image\\\/\",\"url\":\"https:\\\/\\\/www.koro.net.pl\\\/wp-content\\\/uploads\\\/2025\\\/02\\\/Koronet-spolka-z-o.o.png\",\"contentUrl\":\"https:\\\/\\\/www.koro.net.pl\\\/wp-content\\\/uploads\\\/2025\\\/02\\\/Koronet-spolka-z-o.o.png\",\"width\":696,\"height\":696,\"caption\":\"Koronet\"},\"image\":{\"@id\":\"https:\\\/\\\/www.koro.net.pl\\\/fr\\\/#\\\/schema\\\/logo\\\/image\\\/\"}}]}<\/script>\n<!-- \/ Yoast SEO plugin. -->","yoast_head_json":{"title":"Prise \u00e0 la machine traversante DIN 371 B HSSE SUPREME 900X - Koronet - Koronet","description":"Prise M4 DIN 371 avec rev\u00eatement HSSE et AlCrN avanc\u00e9. Haute durabilit\u00e9, forces de torsion plus faibles et \u00e9coulement stable des copeaux pour l\u2019usinage de mat\u00e9riaux exigeants.","robots":{"index":"index","follow":"follow","max-snippet":"max-snippet:-1","max-image-preview":"max-image-preview:large","max-video-preview":"max-video-preview:-1"},"canonical":"https:\/\/www.koro.net.pl\/fr\/produkt\/prise-a-la-machine-traversante-din-371-b-hsse-supreme-900x-koronet\/","og_locale":"fr_FR","og_type":"article","og_title":"Prise \u00e0 la machine traversante DIN 371 B HSSE SUPREME 900X - Koronet - Koronet","og_description":"Prise M4 DIN 371 avec rev\u00eatement HSSE et AlCrN avanc\u00e9. Haute durabilit\u00e9, forces de torsion plus faibles et \u00e9coulement stable des copeaux pour l\u2019usinage de mat\u00e9riaux exigeants.","og_url":"https:\/\/www.koro.net.pl\/fr\/produkt\/prise-a-la-machine-traversante-din-371-b-hsse-supreme-900x-koronet\/","og_site_name":"Koronet","og_image":[{"width":800,"height":800,"url":"https:\/\/www.koro.net.pl\/wp-content\/uploads\/2025\/11\/gwintownik-stojacy.png","type":"image\/png"}],"twitter_card":"summary_large_image","twitter_misc":{"Dur\u00e9e de lecture estim\u00e9e":"2 minutes"},"schema":{"@context":"https:\/\/schema.org","@graph":[{"@type":"WebPage","@id":"https:\/\/www.koro.net.pl\/fr\/produkt\/prise-a-la-machine-traversante-din-371-b-hsse-supreme-900x-koronet\/","url":"https:\/\/www.koro.net.pl\/fr\/produkt\/prise-a-la-machine-traversante-din-371-b-hsse-supreme-900x-koronet\/","name":"Prise \u00e0 la machine traversante DIN 371 B HSSE SUPREME 900X - Koronet - Koronet","isPartOf":{"@id":"https:\/\/www.koro.net.pl\/fr\/#website"},"primaryImageOfPage":{"@id":"https:\/\/www.koro.net.pl\/fr\/produkt\/prise-a-la-machine-traversante-din-371-b-hsse-supreme-900x-koronet\/#primaryimage"},"image":{"@id":"https:\/\/www.koro.net.pl\/fr\/produkt\/prise-a-la-machine-traversante-din-371-b-hsse-supreme-900x-koronet\/#primaryimage"},"thumbnailUrl":"https:\/\/www.koro.net.pl\/wp-content\/uploads\/2025\/11\/gwintownik-stojacy.png","datePublished":"2025-11-13T14:16:46+00:00","description":"Prise M4 DIN 371 avec rev\u00eatement HSSE et AlCrN avanc\u00e9. Haute durabilit\u00e9, forces de torsion plus faibles et \u00e9coulement stable des copeaux pour l\u2019usinage de mat\u00e9riaux exigeants.","breadcrumb":{"@id":"https:\/\/www.koro.net.pl\/fr\/produkt\/prise-a-la-machine-traversante-din-371-b-hsse-supreme-900x-koronet\/#breadcrumb"},"inLanguage":"fr-FR","potentialAction":[{"@type":"ReadAction","target":["https:\/\/www.koro.net.pl\/fr\/produkt\/prise-a-la-machine-traversante-din-371-b-hsse-supreme-900x-koronet\/"]}]},{"@type":"ImageObject","inLanguage":"fr-FR","@id":"https:\/\/www.koro.net.pl\/fr\/produkt\/prise-a-la-machine-traversante-din-371-b-hsse-supreme-900x-koronet\/#primaryimage","url":"https:\/\/www.koro.net.pl\/wp-content\/uploads\/2025\/11\/gwintownik-stojacy.png","contentUrl":"https:\/\/www.koro.net.pl\/wp-content\/uploads\/2025\/11\/gwintownik-stojacy.png","width":800,"height":800,"caption":"gwintownik przelotowy"},{"@type":"BreadcrumbList","@id":"https:\/\/www.koro.net.pl\/fr\/produkt\/prise-a-la-machine-traversante-din-371-b-hsse-supreme-900x-koronet\/#breadcrumb","itemListElement":[{"@type":"ListItem","position":1,"name":"Strona g\u0142\u00f3wna","item":"https:\/\/www.koro.net.pl\/fr\/"},{"@type":"ListItem","position":2,"name":"Prise \u00e0 la machine traversante DIN 371 B HSSE SUPREME 900X &#8211; Koronet"}]},{"@type":"WebSite","@id":"https:\/\/www.koro.net.pl\/fr\/#website","url":"https:\/\/www.koro.net.pl\/fr\/","name":"Koronet","description":"","publisher":{"@id":"https:\/\/www.koro.net.pl\/fr\/#organization"},"potentialAction":[{"@type":"SearchAction","target":{"@type":"EntryPoint","urlTemplate":"https:\/\/www.koro.net.pl\/fr\/?s={search_term_string}"},"query-input":{"@type":"PropertyValueSpecification","valueRequired":true,"valueName":"search_term_string"}}],"inLanguage":"fr-FR"},{"@type":"Organization","@id":"https:\/\/www.koro.net.pl\/fr\/#organization","name":"Koronet","alternateName":"Koronet","url":"https:\/\/www.koro.net.pl\/fr\/","logo":{"@type":"ImageObject","inLanguage":"fr-FR","@id":"https:\/\/www.koro.net.pl\/fr\/#\/schema\/logo\/image\/","url":"https:\/\/www.koro.net.pl\/wp-content\/uploads\/2025\/02\/Koronet-spolka-z-o.o.png","contentUrl":"https:\/\/www.koro.net.pl\/wp-content\/uploads\/2025\/02\/Koronet-spolka-z-o.o.png","width":696,"height":696,"caption":"Koronet"},"image":{"@id":"https:\/\/www.koro.net.pl\/fr\/#\/schema\/logo\/image\/"}}]}},"_links":{"self":[{"href":"https:\/\/www.koro.net.pl\/fr\/wp-json\/wp\/v2\/product\/12987","targetHints":{"allow":["GET"]}}],"collection":[{"href":"https:\/\/www.koro.net.pl\/fr\/wp-json\/wp\/v2\/product"}],"about":[{"href":"https:\/\/www.koro.net.pl\/fr\/wp-json\/wp\/v2\/types\/product"}],"wp:featuredmedia":[{"embeddable":true,"href":"https:\/\/www.koro.net.pl\/fr\/wp-json\/wp\/v2\/media\/8190"}],"wp:attachment":[{"href":"https:\/\/www.koro.net.pl\/fr\/wp-json\/wp\/v2\/media?parent=12987"}],"wp:term":[{"taxonomy":"product_brand","embeddable":true,"href":"https:\/\/www.koro.net.pl\/fr\/wp-json\/wp\/v2\/product_brand?post=12987"},{"taxonomy":"product_cat","embeddable":true,"href":"https:\/\/www.koro.net.pl\/fr\/wp-json\/wp\/v2\/product_cat?post=12987"},{"taxonomy":"product_tag","embeddable":true,"href":"https:\/\/www.koro.net.pl\/fr\/wp-json\/wp\/v2\/product_tag?post=12987"}],"curies":[{"name":"wp","href":"https:\/\/api.w.org\/{rel}","templated":true}]}}