{"id":12972,"date":"2024-12-11T15:55:09","date_gmt":"2024-12-11T14:55:09","guid":{"rendered":"https:\/\/www.koro.net.pl\/produkt\/tige-de-soudure-en-cuivre-koronet-g3si1-sg2-fil-de-soudure-tig\/"},"modified":"2024-12-11T15:55:09","modified_gmt":"2024-12-11T14:55:09","slug":"tige-de-soudure-en-cuivre-koronet-g3si1-sg2-fil-de-soudure-tig","status":"publish","type":"product","link":"https:\/\/www.koro.net.pl\/fr\/produkt\/tige-de-soudure-en-cuivre-koronet-g3si1-sg2-fil-de-soudure-tig\/","title":{"rendered":"Tige de soudure en cuivre Koronet G3Si1 SG2 Fil de soudure TIG"},"content":{"rendered":"<p>La tige de soudure G3Si1 SG2 est fabriqu\u00e9e en acier silicium-mangan\u00e8se rev\u00eatu de cuivre pour la m\u00e9thode TIG, con\u00e7ue pour <a href=\"https:\/\/www.koro.net.pl\/fr\/produkty\/fils-de-soudure\/\">souder<\/a> des aciers non alli\u00e9s et \u00e0 faible teneur en carbone.<\/p>\n<p>Il permet d\u2019utiliser \u00e0 la fois des courants \u00e9lev\u00e9s pour l\u2019arc pulv\u00e9risateur et des courants faibles pour le transfert m\u00e9tallique en court-circuit. Il est largement utilis\u00e9 dans l\u2019ing\u00e9nierie, l\u2019automobile, la p\u00e9trochimie, la construction de chaudi\u00e8res et de navires, ainsi que la construction de conteneurs. <\/p>\n<p>La tige de fil de soudage premium de haute qualit\u00e9 G3Si1 SG2 jouit d\u2019une excellente r\u00e9putation bien m\u00e9rit\u00e9e gr\u00e2ce \u00e0 sa grande qualit\u00e9 d\u2019alimentation, sa stabilit\u00e9 \u00e0 l\u2019arc et ses caract\u00e9ristiques exceptionnelles.<\/p>\n<ul>\n<li>Gaz de protection : I1, C1<\/li>\n<li>Courant de soudure : =(-)<\/li>\n<li>Autorisations : ABS ISO LR T\u00dcV CE DB<\/li>\n<li>Classification des alliages : EN ISO 14341, EN13479+, 0035-CPR-C751<\/li>\n<li>Multipacks : 1kg, 5kg<\/li>\n<li>Tailles : 1,6 mm, 2,0 mm, 2,4 mm, 3,2 mm<\/li>\n<\/ul>\n<table>\n<tbody>\n<tr>\n<td><strong>POIDS<\/strong><\/td>\n<td><strong>LONGUEUR<\/strong><\/td>\n<td><strong>DI\u00c2TRE<\/strong><\/td>\n<\/tr>\n<tr>\n<td>1 KG<\/td>\n<td>1000 mm<\/td>\n<td>1,6 mm<\/td>\n<\/tr>\n<tr>\n<td>1 KG<\/td>\n<td>1000 mm<\/td>\n<td>2,0 mm<\/td>\n<\/tr>\n<tr>\n<td>1 KG<\/td>\n<td>1000 mm<\/td>\n<td>2,4 mm<\/td>\n<\/tr>\n<tr>\n<td>1 KG<\/td>\n<td>1000 mm<\/td>\n<td>3,2 mm<\/td>\n<\/tr>\n<tr>\n<td>5 KG<\/td>\n<td>1000 mm<\/td>\n<td>1,6 mm<\/td>\n<\/tr>\n<tr>\n<td>5 KG<\/td>\n<td>1000 mm<\/td>\n<td>2,0 mm<\/td>\n<\/tr>\n<tr>\n<td>5 KG<\/td>\n<td>1000 mm<\/td>\n<td>2,4 mm<\/td>\n<\/tr>\n<tr>\n<td>5 KG<\/td>\n<td>1000 mm<\/td>\n<td>3,2 mm<\/td>\n<\/tr>\n<\/tbody>\n<\/table>\n","protected":false},"excerpt":{"rendered":"<p>La tige de soudure G3Si1 SG2 est fabriqu\u00e9e en acier silicium-mangan\u00e8se rev\u00eatu de cuivre pour la m\u00e9thode TIG, con\u00e7ue pour souder des aciers non alli\u00e9s et \u00e0 faible teneur en [&hellip;]<\/p>\n","protected":false},"featured_media":7399,"template":"","meta":{"_acf_changed":false},"product_brand":[],"product_cat":[228,175,197],"product_tag":[186,193],"class_list":{"0":"post-12972","1":"product","2":"type-product","3":"status-publish","4":"has-post-thumbnail","6":"product_cat-fil-pour-souder-des-aciers-structurels-a-faible-teneur-en-carbone-2","7":"product_cat-fils-de-soudure","8":"product_cat-fils-tig","9":"product_tag-fils-de-soudure-koronet-sg2","10":"product_tag-koronet-en-fil-de-soudage-en-cuivre","12":"first","13":"instock","14":"taxable","15":"shipping-taxable","16":"purchasable","17":"product-type-variable","18":"has-default-attributes"},"acf":[],"yoast_head":"<!-- This site is optimized with the Yoast SEO plugin v27.5 - https:\/\/yoast.com\/product\/yoast-seo-wordpress\/ -->\n<title>Fil de soudure premium Koronet WIRE G3Si1 SG2 TIG<\/title>\n<meta name=\"description\" content=\"Une barre fabriqu\u00e9e en acier silicium-mangan\u00e8se rev\u00eatu de cuivre pour la m\u00e9thode TIG, con\u00e7ue pour souder des aciers non alli\u00e9s et \u00e0 faible teneur en carbone.\" \/>\n<meta name=\"robots\" content=\"index, follow, max-snippet:-1, max-image-preview:large, max-video-preview:-1\" \/>\n<link rel=\"canonical\" href=\"https:\/\/www.koro.net.pl\/fr\/produkt\/tige-de-soudure-en-cuivre-koronet-g3si1-sg2-fil-de-soudure-tig\/\" \/>\n<meta property=\"og:locale\" content=\"fr_FR\" \/>\n<meta property=\"og:type\" content=\"article\" \/>\n<meta property=\"og:title\" content=\"Fil de soudure premium Koronet WIRE G3Si1 SG2 TIG\" \/>\n<meta property=\"og:description\" content=\"Une barre fabriqu\u00e9e en acier silicium-mangan\u00e8se rev\u00eatu de cuivre pour la m\u00e9thode TIG, con\u00e7ue pour souder des aciers non alli\u00e9s et \u00e0 faible teneur en carbone.\" \/>\n<meta property=\"og:url\" content=\"https:\/\/www.koro.net.pl\/fr\/produkt\/tige-de-soudure-en-cuivre-koronet-g3si1-sg2-fil-de-soudure-tig\/\" \/>\n<meta property=\"og:site_name\" content=\"Koronet\" \/>\n<meta property=\"og:image\" content=\"https:\/\/www.koro.net.pl\/wp-content\/uploads\/2024\/12\/SG2-TIG-z-logo.png\" \/>\n\t<meta property=\"og:image:width\" content=\"600\" \/>\n\t<meta property=\"og:image:height\" content=\"600\" \/>\n\t<meta property=\"og:image:type\" content=\"image\/png\" \/>\n<meta name=\"twitter:card\" content=\"summary_large_image\" \/>\n<meta name=\"twitter:label1\" content=\"Dur\u00e9e de lecture estim\u00e9e\" \/>\n\t<meta name=\"twitter:data1\" content=\"1 minute\" \/>\n<script type=\"application\/ld+json\" class=\"yoast-schema-graph\">{\"@context\":\"https:\\\/\\\/schema.org\",\"@graph\":[{\"@type\":\"WebPage\",\"@id\":\"https:\\\/\\\/www.koro.net.pl\\\/fr\\\/produkt\\\/tige-de-soudure-en-cuivre-koronet-g3si1-sg2-fil-de-soudure-tig\\\/\",\"url\":\"https:\\\/\\\/www.koro.net.pl\\\/fr\\\/produkt\\\/tige-de-soudure-en-cuivre-koronet-g3si1-sg2-fil-de-soudure-tig\\\/\",\"name\":\"Fil de soudure premium Koronet WIRE G3Si1 SG2 TIG\",\"isPartOf\":{\"@id\":\"https:\\\/\\\/www.koro.net.pl\\\/fr\\\/#website\"},\"primaryImageOfPage\":{\"@id\":\"https:\\\/\\\/www.koro.net.pl\\\/fr\\\/produkt\\\/tige-de-soudure-en-cuivre-koronet-g3si1-sg2-fil-de-soudure-tig\\\/#primaryimage\"},\"image\":{\"@id\":\"https:\\\/\\\/www.koro.net.pl\\\/fr\\\/produkt\\\/tige-de-soudure-en-cuivre-koronet-g3si1-sg2-fil-de-soudure-tig\\\/#primaryimage\"},\"thumbnailUrl\":\"https:\\\/\\\/www.koro.net.pl\\\/wp-content\\\/uploads\\\/2024\\\/12\\\/SG2-TIG-z-logo.png\",\"datePublished\":\"2024-12-11T14:55:09+00:00\",\"description\":\"Une barre fabriqu\u00e9e en acier silicium-mangan\u00e8se rev\u00eatu de cuivre pour la m\u00e9thode TIG, con\u00e7ue pour souder des aciers non alli\u00e9s et \u00e0 faible teneur en carbone.\",\"breadcrumb\":{\"@id\":\"https:\\\/\\\/www.koro.net.pl\\\/fr\\\/produkt\\\/tige-de-soudure-en-cuivre-koronet-g3si1-sg2-fil-de-soudure-tig\\\/#breadcrumb\"},\"inLanguage\":\"fr-FR\",\"potentialAction\":[{\"@type\":\"ReadAction\",\"target\":[\"https:\\\/\\\/www.koro.net.pl\\\/fr\\\/produkt\\\/tige-de-soudure-en-cuivre-koronet-g3si1-sg2-fil-de-soudure-tig\\\/\"]}]},{\"@type\":\"ImageObject\",\"inLanguage\":\"fr-FR\",\"@id\":\"https:\\\/\\\/www.koro.net.pl\\\/fr\\\/produkt\\\/tige-de-soudure-en-cuivre-koronet-g3si1-sg2-fil-de-soudure-tig\\\/#primaryimage\",\"url\":\"https:\\\/\\\/www.koro.net.pl\\\/wp-content\\\/uploads\\\/2024\\\/12\\\/SG2-TIG-z-logo.png\",\"contentUrl\":\"https:\\\/\\\/www.koro.net.pl\\\/wp-content\\\/uploads\\\/2024\\\/12\\\/SG2-TIG-z-logo.png\",\"width\":600,\"height\":600,\"caption\":\"pr\u0119t drut spawalniczy miedziowany G3si1 SG2 Tig Koronet\"},{\"@type\":\"BreadcrumbList\",\"@id\":\"https:\\\/\\\/www.koro.net.pl\\\/fr\\\/produkt\\\/tige-de-soudure-en-cuivre-koronet-g3si1-sg2-fil-de-soudure-tig\\\/#breadcrumb\",\"itemListElement\":[{\"@type\":\"ListItem\",\"position\":1,\"name\":\"Strona g\u0142\u00f3wna\",\"item\":\"https:\\\/\\\/www.koro.net.pl\\\/fr\\\/\"},{\"@type\":\"ListItem\",\"position\":2,\"name\":\"Fils de soudure\",\"item\":\"https:\\\/\\\/www.koro.net.pl\\\/fr\\\/produkty\\\/fils-de-soudure\\\/\"},{\"@type\":\"ListItem\",\"position\":3,\"name\":\"Tige de soudure en cuivre Koronet G3Si1 SG2 Fil de soudure TIG\"}]},{\"@type\":\"WebSite\",\"@id\":\"https:\\\/\\\/www.koro.net.pl\\\/fr\\\/#website\",\"url\":\"https:\\\/\\\/www.koro.net.pl\\\/fr\\\/\",\"name\":\"Koronet\",\"description\":\"\",\"publisher\":{\"@id\":\"https:\\\/\\\/www.koro.net.pl\\\/fr\\\/#organization\"},\"potentialAction\":[{\"@type\":\"SearchAction\",\"target\":{\"@type\":\"EntryPoint\",\"urlTemplate\":\"https:\\\/\\\/www.koro.net.pl\\\/fr\\\/?s={search_term_string}\"},\"query-input\":{\"@type\":\"PropertyValueSpecification\",\"valueRequired\":true,\"valueName\":\"search_term_string\"}}],\"inLanguage\":\"fr-FR\"},{\"@type\":\"Organization\",\"@id\":\"https:\\\/\\\/www.koro.net.pl\\\/fr\\\/#organization\",\"name\":\"Koronet\",\"alternateName\":\"Koronet\",\"url\":\"https:\\\/\\\/www.koro.net.pl\\\/fr\\\/\",\"logo\":{\"@type\":\"ImageObject\",\"inLanguage\":\"fr-FR\",\"@id\":\"https:\\\/\\\/www.koro.net.pl\\\/fr\\\/#\\\/schema\\\/logo\\\/image\\\/\",\"url\":\"https:\\\/\\\/www.koro.net.pl\\\/wp-content\\\/uploads\\\/2025\\\/02\\\/Koronet-spolka-z-o.o.png\",\"contentUrl\":\"https:\\\/\\\/www.koro.net.pl\\\/wp-content\\\/uploads\\\/2025\\\/02\\\/Koronet-spolka-z-o.o.png\",\"width\":696,\"height\":696,\"caption\":\"Koronet\"},\"image\":{\"@id\":\"https:\\\/\\\/www.koro.net.pl\\\/fr\\\/#\\\/schema\\\/logo\\\/image\\\/\"}}]}<\/script>\n<!-- \/ Yoast SEO plugin. -->","yoast_head_json":{"title":"Fil de soudure premium Koronet WIRE G3Si1 SG2 TIG","description":"Une barre fabriqu\u00e9e en acier silicium-mangan\u00e8se rev\u00eatu de cuivre pour la m\u00e9thode TIG, con\u00e7ue pour souder des aciers non alli\u00e9s et \u00e0 faible teneur en carbone.","robots":{"index":"index","follow":"follow","max-snippet":"max-snippet:-1","max-image-preview":"max-image-preview:large","max-video-preview":"max-video-preview:-1"},"canonical":"https:\/\/www.koro.net.pl\/fr\/produkt\/tige-de-soudure-en-cuivre-koronet-g3si1-sg2-fil-de-soudure-tig\/","og_locale":"fr_FR","og_type":"article","og_title":"Fil de soudure premium Koronet WIRE G3Si1 SG2 TIG","og_description":"Une barre fabriqu\u00e9e en acier silicium-mangan\u00e8se rev\u00eatu de cuivre pour la m\u00e9thode TIG, con\u00e7ue pour souder des aciers non alli\u00e9s et \u00e0 faible teneur en carbone.","og_url":"https:\/\/www.koro.net.pl\/fr\/produkt\/tige-de-soudure-en-cuivre-koronet-g3si1-sg2-fil-de-soudure-tig\/","og_site_name":"Koronet","og_image":[{"width":600,"height":600,"url":"https:\/\/www.koro.net.pl\/wp-content\/uploads\/2024\/12\/SG2-TIG-z-logo.png","type":"image\/png"}],"twitter_card":"summary_large_image","twitter_misc":{"Dur\u00e9e de lecture estim\u00e9e":"1 minute"},"schema":{"@context":"https:\/\/schema.org","@graph":[{"@type":"WebPage","@id":"https:\/\/www.koro.net.pl\/fr\/produkt\/tige-de-soudure-en-cuivre-koronet-g3si1-sg2-fil-de-soudure-tig\/","url":"https:\/\/www.koro.net.pl\/fr\/produkt\/tige-de-soudure-en-cuivre-koronet-g3si1-sg2-fil-de-soudure-tig\/","name":"Fil de soudure premium Koronet WIRE G3Si1 SG2 TIG","isPartOf":{"@id":"https:\/\/www.koro.net.pl\/fr\/#website"},"primaryImageOfPage":{"@id":"https:\/\/www.koro.net.pl\/fr\/produkt\/tige-de-soudure-en-cuivre-koronet-g3si1-sg2-fil-de-soudure-tig\/#primaryimage"},"image":{"@id":"https:\/\/www.koro.net.pl\/fr\/produkt\/tige-de-soudure-en-cuivre-koronet-g3si1-sg2-fil-de-soudure-tig\/#primaryimage"},"thumbnailUrl":"https:\/\/www.koro.net.pl\/wp-content\/uploads\/2024\/12\/SG2-TIG-z-logo.png","datePublished":"2024-12-11T14:55:09+00:00","description":"Une barre fabriqu\u00e9e en acier silicium-mangan\u00e8se rev\u00eatu de cuivre pour la m\u00e9thode TIG, con\u00e7ue pour souder des aciers non alli\u00e9s et \u00e0 faible teneur en carbone.","breadcrumb":{"@id":"https:\/\/www.koro.net.pl\/fr\/produkt\/tige-de-soudure-en-cuivre-koronet-g3si1-sg2-fil-de-soudure-tig\/#breadcrumb"},"inLanguage":"fr-FR","potentialAction":[{"@type":"ReadAction","target":["https:\/\/www.koro.net.pl\/fr\/produkt\/tige-de-soudure-en-cuivre-koronet-g3si1-sg2-fil-de-soudure-tig\/"]}]},{"@type":"ImageObject","inLanguage":"fr-FR","@id":"https:\/\/www.koro.net.pl\/fr\/produkt\/tige-de-soudure-en-cuivre-koronet-g3si1-sg2-fil-de-soudure-tig\/#primaryimage","url":"https:\/\/www.koro.net.pl\/wp-content\/uploads\/2024\/12\/SG2-TIG-z-logo.png","contentUrl":"https:\/\/www.koro.net.pl\/wp-content\/uploads\/2024\/12\/SG2-TIG-z-logo.png","width":600,"height":600,"caption":"pr\u0119t drut spawalniczy miedziowany G3si1 SG2 Tig Koronet"},{"@type":"BreadcrumbList","@id":"https:\/\/www.koro.net.pl\/fr\/produkt\/tige-de-soudure-en-cuivre-koronet-g3si1-sg2-fil-de-soudure-tig\/#breadcrumb","itemListElement":[{"@type":"ListItem","position":1,"name":"Strona g\u0142\u00f3wna","item":"https:\/\/www.koro.net.pl\/fr\/"},{"@type":"ListItem","position":2,"name":"Fils de soudure","item":"https:\/\/www.koro.net.pl\/fr\/produkty\/fils-de-soudure\/"},{"@type":"ListItem","position":3,"name":"Tige de soudure en cuivre Koronet G3Si1 SG2 Fil de soudure TIG"}]},{"@type":"WebSite","@id":"https:\/\/www.koro.net.pl\/fr\/#website","url":"https:\/\/www.koro.net.pl\/fr\/","name":"Koronet","description":"","publisher":{"@id":"https:\/\/www.koro.net.pl\/fr\/#organization"},"potentialAction":[{"@type":"SearchAction","target":{"@type":"EntryPoint","urlTemplate":"https:\/\/www.koro.net.pl\/fr\/?s={search_term_string}"},"query-input":{"@type":"PropertyValueSpecification","valueRequired":true,"valueName":"search_term_string"}}],"inLanguage":"fr-FR"},{"@type":"Organization","@id":"https:\/\/www.koro.net.pl\/fr\/#organization","name":"Koronet","alternateName":"Koronet","url":"https:\/\/www.koro.net.pl\/fr\/","logo":{"@type":"ImageObject","inLanguage":"fr-FR","@id":"https:\/\/www.koro.net.pl\/fr\/#\/schema\/logo\/image\/","url":"https:\/\/www.koro.net.pl\/wp-content\/uploads\/2025\/02\/Koronet-spolka-z-o.o.png","contentUrl":"https:\/\/www.koro.net.pl\/wp-content\/uploads\/2025\/02\/Koronet-spolka-z-o.o.png","width":696,"height":696,"caption":"Koronet"},"image":{"@id":"https:\/\/www.koro.net.pl\/fr\/#\/schema\/logo\/image\/"}}]}},"_links":{"self":[{"href":"https:\/\/www.koro.net.pl\/fr\/wp-json\/wp\/v2\/product\/12972","targetHints":{"allow":["GET"]}}],"collection":[{"href":"https:\/\/www.koro.net.pl\/fr\/wp-json\/wp\/v2\/product"}],"about":[{"href":"https:\/\/www.koro.net.pl\/fr\/wp-json\/wp\/v2\/types\/product"}],"wp:featuredmedia":[{"embeddable":true,"href":"https:\/\/www.koro.net.pl\/fr\/wp-json\/wp\/v2\/media\/7399"}],"wp:attachment":[{"href":"https:\/\/www.koro.net.pl\/fr\/wp-json\/wp\/v2\/media?parent=12972"}],"wp:term":[{"taxonomy":"product_brand","embeddable":true,"href":"https:\/\/www.koro.net.pl\/fr\/wp-json\/wp\/v2\/product_brand?post=12972"},{"taxonomy":"product_cat","embeddable":true,"href":"https:\/\/www.koro.net.pl\/fr\/wp-json\/wp\/v2\/product_cat?post=12972"},{"taxonomy":"product_tag","embeddable":true,"href":"https:\/\/www.koro.net.pl\/fr\/wp-json\/wp\/v2\/product_tag?post=12972"}],"curies":[{"name":"wp","href":"https:\/\/api.w.org\/{rel}","templated":true}]}}