{"id":12971,"date":"2025-11-05T11:57:01","date_gmt":"2025-11-05T10:57:01","guid":{"rendered":"https:\/\/www.koro.net.pl\/produkt\/koronet-e71t-1-supreme-fil-de-soudure-a-2-coeurs\/"},"modified":"2025-11-05T11:57:01","modified_gmt":"2025-11-05T10:57:01","slug":"koronet-e71t-1-supreme-fil-de-soudure-a-2-coeurs","status":"publish","type":"product","link":"https:\/\/www.koro.net.pl\/fr\/produkt\/koronet-e71t-1-supreme-fil-de-soudure-a-2-coeurs\/","title":{"rendered":"Koronet E71T-1 SUPREME Fil de soudure \u00e0 2 c\u0153urs"},"content":{"rendered":"<p><a href=\"https:\/\/www.koro.net.pl\/fr\/produkty\/fils-de-soudure\/\">Le fil de soudage <strong data-start=\"337\" data-end=\"365\">KORONET E71T-1 SUPREME 2<\/strong> <\/a>est un <strong data-start=\"386\" data-end=\"431\">fil \u00e0 noyau de flux<\/strong> de haute qualit\u00e9 con\u00e7u pour le <strong data-start=\"464\" data-end=\"478\">soudage MAG (FCAW)<\/strong> en blindage <strong data-start=\"494\" data-end=\"512\">gazeux CO\u2082 ou Ar\/CO\u2082<\/strong>.<br data-start=\"513\" data-end=\"516\">Con\u00e7u pour <strong data-start=\"541\" data-end=\"608\">les structures en acier et les applications industrielles g\u00e9n\u00e9rales<\/strong>, il offre <strong data-start=\"619\" data-end=\"635\">un arc stable<\/strong>, une <strong data-start=\"637\" data-end=\"660\">face de soudure lisse<\/strong> et <strong data-start=\"663\" data-end=\"687\">un scoia facilement amovible<\/strong>. Gr\u00e2ce \u00e0 son flux rutile et \u00e0 son enroulement pr\u00e9cis, il garantit <strong data-start=\"752\" data-end=\"790\">des soudures propres, esth\u00e9tiques et durables<\/strong> avec un minimum d\u2019\u00e9claboussures.<br data-start=\"824\" data-end=\"827\">Le fil fonctionne bien aussi bien sur <strong data-start=\"855\" data-end=\"898\">les cha\u00eenes de production automatis\u00e9es<\/strong> <strong data-start=\"908\" data-end=\"933\">qu\u2019en atelier<\/strong>, et ses propri\u00e9t\u00e9s seront appr\u00e9ci\u00e9es aussi bien par les professionnels que par les soudeurs d\u00e9butants. <\/p>\n<p data-start=\"1022\" data-end=\"1104\"><strong data-start=\"1049\" data-end=\"1077\">Le fil KORONET E71T-1 SUPREME 2<\/strong> est recommand\u00e9 pour la soudure :<\/p>\n<ul data-start=\"1105\" data-end=\"1374\">\n<li data-start=\"1105\" data-end=\"1149\">\n<p data-start=\"1107\" data-end=\"1149\"><strong data-start=\"1107\" data-end=\"1146\">aciers non alli\u00e9s et \u00e0 faible alliage<\/strong>,<\/p>\n<\/li>\n<li data-start=\"1150\" data-end=\"1253\">\n<p data-start=\"1152\" data-end=\"1253\">structures <strong data-start=\"1152\" data-end=\"1250\">en acier, r\u00e9servoirs, ch\u00e2ssis, profils, \u00e9l\u00e9ments porteurs et structures d\u2019atelier,<\/strong><\/p>\n<\/li>\n<li data-start=\"1254\" data-end=\"1326\">\n<p data-start=\"1256\" data-end=\"1326\"><strong data-start=\"1256\" data-end=\"1323\">soudures expos\u00e9es \u00e0 des charges dynamiques, des vibrations et des chocs<\/strong>,<\/p>\n<\/li>\n<li data-start=\"1327\" data-end=\"1374\">\n<p data-start=\"1329\" data-end=\"1374\">dans toutes <strong data-start=\"1343\" data-end=\"1373\">les positions de soudure (PA-PE).<\/strong><\/p>\n<\/li>\n<\/ul>\n<p data-start=\"1381\" data-end=\"1414\"><strong data-start=\"1384\" data-end=\"1414\">Caract\u00e9ristiques techniques<\/strong><\/p>\n<div class=\"_tableContainer_1rjym_1\">\n<div class=\"group _tableWrapper_1rjym_13 flex w-fit flex-col-reverse\" tabindex=\"-1\">\n<table class=\"w-fit min-w-(--thread-content-width)\" data-start=\"1416\" data-end=\"1952\">\n<thead data-start=\"1416\" data-end=\"1459\">\n<tr data-start=\"1416\" data-end=\"1459\">\n<th data-start=\"1416\" data-end=\"1431\" data-col-size=\"sm\"><strong data-start=\"1418\" data-end=\"1430\">Param\u00e8tre<\/strong><\/th>\n<th data-start=\"1431\" data-end=\"1459\" data-col-size=\"md\"><strong data-start=\"1433\" data-end=\"1457\">Valeur \/ Information<\/strong><\/th>\n<\/tr>\n<\/thead>\n<tbody data-start=\"1506\" data-end=\"1952\">\n<tr data-start=\"1506\" data-end=\"1573\">\n<td data-start=\"1506\" data-end=\"1518\" data-col-size=\"sm\"><strong data-start=\"1508\" data-end=\"1517\">Standard<\/strong><\/td>\n<td data-col-size=\"md\" data-start=\"1518\" data-end=\"1573\">EN ISO 17632-A \u2013 T 42 2 P C1 H10 \/ T 46 2 P M21 H10<\/td>\n<\/tr>\n<tr data-start=\"1574\" data-end=\"1617\">\n\u00c9quivalent <\/p>\n<td data-start=\"1574\" data-end=\"1596\" data-col-size=\"sm\"><strong data-start=\"1576\" data-end=\"1595\">AWS<\/strong><\/td>\n<td data-col-size=\"md\" data-start=\"1596\" data-end=\"1617\">E71T-1C\/E71T-1M<\/td>\n<\/tr>\n<tr data-start=\"1618\" data-end=\"1687\">\n<td data-start=\"1618\" data-end=\"1649\" data-col-size=\"sm\"><strong data-start=\"1620\" data-end=\"1648\">Composition chimique (typique)<\/strong><\/td>\n<td data-col-size=\"md\" data-start=\"1649\" data-end=\"1687\">C \u2264 0,12 % \/ Mn 1,4 % \/ Si 0,9 %<\/td>\n<\/tr>\n<tr data-start=\"1688\" data-end=\"1719\">\n<td data-start=\"1688\" data-end=\"1709\" data-col-size=\"sm\"><strong data-start=\"1690\" data-end=\"1708\">Diam\u00e8tre du fil<\/strong><\/td>\n<td data-col-size=\"md\" data-start=\"1709\" data-end=\"1719\">1,2 mm<\/td>\n<\/tr>\n<tr data-start=\"1720\" data-end=\"1747\">\n<td data-start=\"1720\" data-end=\"1738\" data-col-size=\"sm\"><strong data-start=\"1722\" data-end=\"1737\">Poids de la bobine<\/strong><\/td>\n<td data-col-size=\"md\" data-start=\"1738\" data-end=\"1747\">5 kg | 15 kg<\/td>\n<\/tr>\n<tr data-start=\"1748\" data-end=\"1773\">\nType <\/p>\n<td data-start=\"1748\" data-end=\"1765\" data-col-size=\"sm\"><strong data-start=\"1750\" data-end=\"1764\">de bobine<\/strong><\/td>\n<td data-col-size=\"md\" data-start=\"1765\" data-end=\"1773\">D300<\/td>\n<\/tr>\n<tr data-start=\"1774\" data-end=\"1813\">\n<td data-start=\"1774\" data-end=\"1786\" data-col-size=\"sm\"><strong data-start=\"1776\" data-end=\"1785\">Enroulement<\/strong><\/td>\n<td data-col-size=\"md\" data-start=\"1786\" data-end=\"1813\">Pr\u00e9cis, m\u00eame<\/td>\n<\/tr>\n<tr data-start=\"1814\" data-end=\"1858\">\n<td data-start=\"1814\" data-end=\"1837\" data-col-size=\"sm\"><strong data-start=\"1816\" data-end=\"1836\">Positions de soudage<\/strong><\/td>\n<td data-col-size=\"md\" data-start=\"1837\" data-end=\"1858\">Tous (PA-EP)<\/td>\n<\/tr>\n<tr data-start=\"1859\" data-end=\"1898\">\n<td data-start=\"1859\" data-end=\"1878\" data-col-size=\"sm\"><strong data-start=\"1861\" data-end=\"1877\">Gaz de<\/strong><\/td>\n<p> blindage<\/p>\n<td data-col-size=\"md\" data-start=\"1878\" data-end=\"1898\">CO\u2082 ou Ar + CO\u2082<\/td>\n<\/tr>\n<tr data-start=\"1899\" data-end=\"1952\">\n<td data-start=\"1899\" data-end=\"1917\" data-col-size=\"sm\"><strong data-start=\"1901\" data-end=\"1916\">Polarit\u00e9<\/strong><\/td>\n<td data-col-size=\"md\" data-start=\"1917\" data-end=\"1952\">DC+ (p\u00f4le positif sur le fil)<\/td>\n<\/tr>\n<\/tbody>\n<\/table>\n<p data-start=\"1959\" data-end=\"2002\"><strong data-start=\"1961\" data-end=\"2002\">Avantages du KORONET E71T-1 SUPREME \u00e0 2 fils<\/strong><\/p>\n<ul data-start=\"2003\" data-end=\"2309\">\n<li data-start=\"2003\" data-end=\"2049\">\n<p data-start=\"2005\" data-end=\"2049\"><strong data-start=\"2012\" data-end=\"2047\">Haute r\u00e9sistance m\u00e9canique de la soudure<\/strong><\/p>\n<\/li>\n<li data-start=\"2050\" data-end=\"2098\">\n<p data-start=\"2052\" data-end=\"2098\"><strong data-start=\"2052\" data-end=\"2096\">Arc stable et projections minimales<\/strong><\/p>\n<\/li>\n<li data-start=\"2099\" data-end=\"2156\">\n<p data-start=\"2101\" data-end=\"2156\"><strong data-start=\"2101\" data-end=\"2154\">\u00c9limination facile des scories et surface de soudure lisse<\/strong><\/p>\n<\/li>\n<li data-start=\"2157\" data-end=\"2209\">\n<p data-start=\"2159\" data-end=\"2209\"><strong data-start=\"2159\" data-end=\"2207\">Excellente soudabilit\u00e9 \u00e0 toutes les positions<\/strong><\/p>\n<\/li>\n<li data-start=\"2210\" data-end=\"2258\">\n<p data-start=\"2212\" data-end=\"2258\"><strong data-start=\"2212\" data-end=\"2256\">Enroulement pr\u00e9cis et alimentation constante par fil<\/strong><\/p>\n<\/li>\n<li data-start=\"2259\" data-end=\"2309\">\n<p data-start=\"2261\" data-end=\"2309\">Conforme aux <strong data-start=\"2280\" data-end=\"2309\">normes CE, ISO, LR, ABS, T\u00dcV, DB<\/strong><\/p>\n<\/li>\n<\/ul>\n<p data-start=\"2316\" data-end=\"2343\"><strong data-start=\"2319\" data-end=\"2343\">Conseils pratiques<\/strong><\/p>\n<ol data-start=\"2344\" data-end=\"2733\">\n<li data-start=\"2344\" data-end=\"2429\">\n<p data-start=\"2347\" data-end=\"2429\">Avant de souder, nettoyez soigneusement la surface de la rouille, de la graisse et des d\u00e9bris.<\/p>\n<\/li>\n<li data-start=\"2430\" data-end=\"2484\">\n<p data-start=\"2433\" data-end=\"2484\">Utilisez le bon gaz de blindage et la polarit\u00e9 DC+.<\/p>\n<\/li>\n<li data-start=\"2485\" data-end=\"2564\">\n<p data-start=\"2488\" data-end=\"2564\">Ajustez les param\u00e8tres de soudure (courant, tension, alimentation) \u00e0 l\u2019\u00e9paisseur du mat\u00e9riau.<\/p>\n<\/li>\n<li data-start=\"2565\" data-end=\"2647\">\n<p data-start=\"2568\" data-end=\"2647\">\u00c9vitez de surchauffer le mat\u00e9riau \u2013 pour pr\u00e9server les propri\u00e9t\u00e9s de la soudure.<\/p>\n<\/li>\n<li data-start=\"2648\" data-end=\"2733\">\n<p data-start=\"2651\" data-end=\"2733\">Conservez le fil dans un endroit sec et propre pour \u00e9viter l\u2019oxydation et l\u2019humidit\u00e9.<\/p>\n<\/li>\n<\/ol>\n<\/div>\n<\/div>\n","protected":false},"excerpt":{"rendered":"<p>Le fil de soudage KORONET E71T-1 SUPREME 2 est un fil \u00e0 noyau de flux de haute qualit\u00e9 con\u00e7u pour le soudage MAG (FCAW) en blindage gazeux CO\u2082 ou Ar\/CO\u2082.Con\u00e7u [&hellip;]<\/p>\n","protected":false},"featured_media":8091,"template":"","meta":{"_acf_changed":false},"product_brand":[],"product_cat":[185,175],"product_tag":[],"class_list":{"0":"post-12971","1":"product","2":"type-product","3":"status-publish","4":"has-post-thumbnail","6":"product_cat-fil-pour-souder-des-aciers-structurels-a-faible-teneur-en-carbone","7":"product_cat-fils-de-soudure","9":"first","10":"instock","11":"taxable","12":"shipping-taxable","13":"purchasable","14":"product-type-variable","15":"has-default-attributes"},"acf":[],"yoast_head":"<!-- This site is optimized with the Yoast SEO plugin v27.5 - https:\/\/yoast.com\/product\/yoast-seo-wordpress\/ -->\n<title>Fil de soudure KORONET E71T-1 SUPREME 2 \u2013 choix professionnel<\/title>\n<meta name=\"description\" content=\"Fil \u00e0 noyau professionnel pour les aciers non alli\u00e9s. Soudure lisse, peu d\u2019\u00e9caillement, arc stable. Choisissez la qualit\u00e9 KORONET \u2013 prouv\u00e9e par des professionnels.\" \/>\n<meta name=\"robots\" content=\"index, follow, max-snippet:-1, max-image-preview:large, max-video-preview:-1\" \/>\n<link rel=\"canonical\" href=\"https:\/\/www.koro.net.pl\/fr\/produkt\/koronet-e71t-1-supreme-fil-de-soudure-a-2-coeurs\/\" \/>\n<meta property=\"og:locale\" content=\"fr_FR\" \/>\n<meta property=\"og:type\" content=\"article\" \/>\n<meta property=\"og:title\" content=\"Fil de soudure KORONET E71T-1 SUPREME 2 \u2013 choix professionnel\" \/>\n<meta property=\"og:description\" content=\"Fil \u00e0 noyau professionnel pour les aciers non alli\u00e9s. Soudure lisse, peu d\u2019\u00e9caillement, arc stable. Choisissez la qualit\u00e9 KORONET \u2013 prouv\u00e9e par des professionnels.\" \/>\n<meta property=\"og:url\" content=\"https:\/\/www.koro.net.pl\/fr\/produkt\/koronet-e71t-1-supreme-fil-de-soudure-a-2-coeurs\/\" \/>\n<meta property=\"og:site_name\" content=\"Koronet\" \/>\n<meta property=\"og:image\" content=\"https:\/\/www.koro.net.pl\/wp-content\/uploads\/2025\/11\/rdzeniowy.pudelko.png\" \/>\n\t<meta property=\"og:image:width\" content=\"800\" \/>\n\t<meta property=\"og:image:height\" content=\"800\" \/>\n\t<meta property=\"og:image:type\" content=\"image\/png\" \/>\n<meta name=\"twitter:card\" content=\"summary_large_image\" \/>\n<meta name=\"twitter:label1\" content=\"Dur\u00e9e de lecture estim\u00e9e\" \/>\n\t<meta name=\"twitter:data1\" content=\"2 minutes\" \/>\n<script type=\"application\/ld+json\" class=\"yoast-schema-graph\">{\"@context\":\"https:\\\/\\\/schema.org\",\"@graph\":[{\"@type\":\"WebPage\",\"@id\":\"https:\\\/\\\/www.koro.net.pl\\\/fr\\\/produkt\\\/koronet-e71t-1-supreme-fil-de-soudure-a-2-coeurs\\\/\",\"url\":\"https:\\\/\\\/www.koro.net.pl\\\/fr\\\/produkt\\\/koronet-e71t-1-supreme-fil-de-soudure-a-2-coeurs\\\/\",\"name\":\"Fil de soudure KORONET E71T-1 SUPREME 2 \u2013 choix professionnel\",\"isPartOf\":{\"@id\":\"https:\\\/\\\/www.koro.net.pl\\\/fr\\\/#website\"},\"primaryImageOfPage\":{\"@id\":\"https:\\\/\\\/www.koro.net.pl\\\/fr\\\/produkt\\\/koronet-e71t-1-supreme-fil-de-soudure-a-2-coeurs\\\/#primaryimage\"},\"image\":{\"@id\":\"https:\\\/\\\/www.koro.net.pl\\\/fr\\\/produkt\\\/koronet-e71t-1-supreme-fil-de-soudure-a-2-coeurs\\\/#primaryimage\"},\"thumbnailUrl\":\"https:\\\/\\\/www.koro.net.pl\\\/wp-content\\\/uploads\\\/2025\\\/11\\\/rdzeniowy.pudelko.png\",\"datePublished\":\"2025-11-05T10:57:01+00:00\",\"description\":\"Fil \u00e0 noyau professionnel pour les aciers non alli\u00e9s. Soudure lisse, peu d\u2019\u00e9caillement, arc stable. Choisissez la qualit\u00e9 KORONET \u2013 prouv\u00e9e par des professionnels.\",\"breadcrumb\":{\"@id\":\"https:\\\/\\\/www.koro.net.pl\\\/fr\\\/produkt\\\/koronet-e71t-1-supreme-fil-de-soudure-a-2-coeurs\\\/#breadcrumb\"},\"inLanguage\":\"fr-FR\",\"potentialAction\":[{\"@type\":\"ReadAction\",\"target\":[\"https:\\\/\\\/www.koro.net.pl\\\/fr\\\/produkt\\\/koronet-e71t-1-supreme-fil-de-soudure-a-2-coeurs\\\/\"]}]},{\"@type\":\"ImageObject\",\"inLanguage\":\"fr-FR\",\"@id\":\"https:\\\/\\\/www.koro.net.pl\\\/fr\\\/produkt\\\/koronet-e71t-1-supreme-fil-de-soudure-a-2-coeurs\\\/#primaryimage\",\"url\":\"https:\\\/\\\/www.koro.net.pl\\\/wp-content\\\/uploads\\\/2025\\\/11\\\/rdzeniowy.pudelko.png\",\"contentUrl\":\"https:\\\/\\\/www.koro.net.pl\\\/wp-content\\\/uploads\\\/2025\\\/11\\\/rdzeniowy.pudelko.png\",\"width\":800,\"height\":800,\"caption\":\"Drut spawalniczy proszkowy rdzeniowy Koronet\"},{\"@type\":\"BreadcrumbList\",\"@id\":\"https:\\\/\\\/www.koro.net.pl\\\/fr\\\/produkt\\\/koronet-e71t-1-supreme-fil-de-soudure-a-2-coeurs\\\/#breadcrumb\",\"itemListElement\":[{\"@type\":\"ListItem\",\"position\":1,\"name\":\"Strona g\u0142\u00f3wna\",\"item\":\"https:\\\/\\\/www.koro.net.pl\\\/fr\\\/\"},{\"@type\":\"ListItem\",\"position\":2,\"name\":\"Koronet E71T-1 SUPREME Fil de soudure \u00e0 2 c\u0153urs\"}]},{\"@type\":\"WebSite\",\"@id\":\"https:\\\/\\\/www.koro.net.pl\\\/fr\\\/#website\",\"url\":\"https:\\\/\\\/www.koro.net.pl\\\/fr\\\/\",\"name\":\"Koronet\",\"description\":\"\",\"publisher\":{\"@id\":\"https:\\\/\\\/www.koro.net.pl\\\/fr\\\/#organization\"},\"potentialAction\":[{\"@type\":\"SearchAction\",\"target\":{\"@type\":\"EntryPoint\",\"urlTemplate\":\"https:\\\/\\\/www.koro.net.pl\\\/fr\\\/?s={search_term_string}\"},\"query-input\":{\"@type\":\"PropertyValueSpecification\",\"valueRequired\":true,\"valueName\":\"search_term_string\"}}],\"inLanguage\":\"fr-FR\"},{\"@type\":\"Organization\",\"@id\":\"https:\\\/\\\/www.koro.net.pl\\\/fr\\\/#organization\",\"name\":\"Koronet\",\"alternateName\":\"Koronet\",\"url\":\"https:\\\/\\\/www.koro.net.pl\\\/fr\\\/\",\"logo\":{\"@type\":\"ImageObject\",\"inLanguage\":\"fr-FR\",\"@id\":\"https:\\\/\\\/www.koro.net.pl\\\/fr\\\/#\\\/schema\\\/logo\\\/image\\\/\",\"url\":\"https:\\\/\\\/www.koro.net.pl\\\/wp-content\\\/uploads\\\/2025\\\/02\\\/Koronet-spolka-z-o.o.png\",\"contentUrl\":\"https:\\\/\\\/www.koro.net.pl\\\/wp-content\\\/uploads\\\/2025\\\/02\\\/Koronet-spolka-z-o.o.png\",\"width\":696,\"height\":696,\"caption\":\"Koronet\"},\"image\":{\"@id\":\"https:\\\/\\\/www.koro.net.pl\\\/fr\\\/#\\\/schema\\\/logo\\\/image\\\/\"}}]}<\/script>\n<!-- \/ Yoast SEO plugin. -->","yoast_head_json":{"title":"Fil de soudure KORONET E71T-1 SUPREME 2 \u2013 choix professionnel","description":"Fil \u00e0 noyau professionnel pour les aciers non alli\u00e9s. Soudure lisse, peu d\u2019\u00e9caillement, arc stable. Choisissez la qualit\u00e9 KORONET \u2013 prouv\u00e9e par des professionnels.","robots":{"index":"index","follow":"follow","max-snippet":"max-snippet:-1","max-image-preview":"max-image-preview:large","max-video-preview":"max-video-preview:-1"},"canonical":"https:\/\/www.koro.net.pl\/fr\/produkt\/koronet-e71t-1-supreme-fil-de-soudure-a-2-coeurs\/","og_locale":"fr_FR","og_type":"article","og_title":"Fil de soudure KORONET E71T-1 SUPREME 2 \u2013 choix professionnel","og_description":"Fil \u00e0 noyau professionnel pour les aciers non alli\u00e9s. Soudure lisse, peu d\u2019\u00e9caillement, arc stable. Choisissez la qualit\u00e9 KORONET \u2013 prouv\u00e9e par des professionnels.","og_url":"https:\/\/www.koro.net.pl\/fr\/produkt\/koronet-e71t-1-supreme-fil-de-soudure-a-2-coeurs\/","og_site_name":"Koronet","og_image":[{"width":800,"height":800,"url":"https:\/\/www.koro.net.pl\/wp-content\/uploads\/2025\/11\/rdzeniowy.pudelko.png","type":"image\/png"}],"twitter_card":"summary_large_image","twitter_misc":{"Dur\u00e9e de lecture estim\u00e9e":"2 minutes"},"schema":{"@context":"https:\/\/schema.org","@graph":[{"@type":"WebPage","@id":"https:\/\/www.koro.net.pl\/fr\/produkt\/koronet-e71t-1-supreme-fil-de-soudure-a-2-coeurs\/","url":"https:\/\/www.koro.net.pl\/fr\/produkt\/koronet-e71t-1-supreme-fil-de-soudure-a-2-coeurs\/","name":"Fil de soudure KORONET E71T-1 SUPREME 2 \u2013 choix professionnel","isPartOf":{"@id":"https:\/\/www.koro.net.pl\/fr\/#website"},"primaryImageOfPage":{"@id":"https:\/\/www.koro.net.pl\/fr\/produkt\/koronet-e71t-1-supreme-fil-de-soudure-a-2-coeurs\/#primaryimage"},"image":{"@id":"https:\/\/www.koro.net.pl\/fr\/produkt\/koronet-e71t-1-supreme-fil-de-soudure-a-2-coeurs\/#primaryimage"},"thumbnailUrl":"https:\/\/www.koro.net.pl\/wp-content\/uploads\/2025\/11\/rdzeniowy.pudelko.png","datePublished":"2025-11-05T10:57:01+00:00","description":"Fil \u00e0 noyau professionnel pour les aciers non alli\u00e9s. Soudure lisse, peu d\u2019\u00e9caillement, arc stable. Choisissez la qualit\u00e9 KORONET \u2013 prouv\u00e9e par des professionnels.","breadcrumb":{"@id":"https:\/\/www.koro.net.pl\/fr\/produkt\/koronet-e71t-1-supreme-fil-de-soudure-a-2-coeurs\/#breadcrumb"},"inLanguage":"fr-FR","potentialAction":[{"@type":"ReadAction","target":["https:\/\/www.koro.net.pl\/fr\/produkt\/koronet-e71t-1-supreme-fil-de-soudure-a-2-coeurs\/"]}]},{"@type":"ImageObject","inLanguage":"fr-FR","@id":"https:\/\/www.koro.net.pl\/fr\/produkt\/koronet-e71t-1-supreme-fil-de-soudure-a-2-coeurs\/#primaryimage","url":"https:\/\/www.koro.net.pl\/wp-content\/uploads\/2025\/11\/rdzeniowy.pudelko.png","contentUrl":"https:\/\/www.koro.net.pl\/wp-content\/uploads\/2025\/11\/rdzeniowy.pudelko.png","width":800,"height":800,"caption":"Drut spawalniczy proszkowy rdzeniowy Koronet"},{"@type":"BreadcrumbList","@id":"https:\/\/www.koro.net.pl\/fr\/produkt\/koronet-e71t-1-supreme-fil-de-soudure-a-2-coeurs\/#breadcrumb","itemListElement":[{"@type":"ListItem","position":1,"name":"Strona g\u0142\u00f3wna","item":"https:\/\/www.koro.net.pl\/fr\/"},{"@type":"ListItem","position":2,"name":"Koronet E71T-1 SUPREME Fil de soudure \u00e0 2 c\u0153urs"}]},{"@type":"WebSite","@id":"https:\/\/www.koro.net.pl\/fr\/#website","url":"https:\/\/www.koro.net.pl\/fr\/","name":"Koronet","description":"","publisher":{"@id":"https:\/\/www.koro.net.pl\/fr\/#organization"},"potentialAction":[{"@type":"SearchAction","target":{"@type":"EntryPoint","urlTemplate":"https:\/\/www.koro.net.pl\/fr\/?s={search_term_string}"},"query-input":{"@type":"PropertyValueSpecification","valueRequired":true,"valueName":"search_term_string"}}],"inLanguage":"fr-FR"},{"@type":"Organization","@id":"https:\/\/www.koro.net.pl\/fr\/#organization","name":"Koronet","alternateName":"Koronet","url":"https:\/\/www.koro.net.pl\/fr\/","logo":{"@type":"ImageObject","inLanguage":"fr-FR","@id":"https:\/\/www.koro.net.pl\/fr\/#\/schema\/logo\/image\/","url":"https:\/\/www.koro.net.pl\/wp-content\/uploads\/2025\/02\/Koronet-spolka-z-o.o.png","contentUrl":"https:\/\/www.koro.net.pl\/wp-content\/uploads\/2025\/02\/Koronet-spolka-z-o.o.png","width":696,"height":696,"caption":"Koronet"},"image":{"@id":"https:\/\/www.koro.net.pl\/fr\/#\/schema\/logo\/image\/"}}]}},"_links":{"self":[{"href":"https:\/\/www.koro.net.pl\/fr\/wp-json\/wp\/v2\/product\/12971","targetHints":{"allow":["GET"]}}],"collection":[{"href":"https:\/\/www.koro.net.pl\/fr\/wp-json\/wp\/v2\/product"}],"about":[{"href":"https:\/\/www.koro.net.pl\/fr\/wp-json\/wp\/v2\/types\/product"}],"wp:featuredmedia":[{"embeddable":true,"href":"https:\/\/www.koro.net.pl\/fr\/wp-json\/wp\/v2\/media\/8091"}],"wp:attachment":[{"href":"https:\/\/www.koro.net.pl\/fr\/wp-json\/wp\/v2\/media?parent=12971"}],"wp:term":[{"taxonomy":"product_brand","embeddable":true,"href":"https:\/\/www.koro.net.pl\/fr\/wp-json\/wp\/v2\/product_brand?post=12971"},{"taxonomy":"product_cat","embeddable":true,"href":"https:\/\/www.koro.net.pl\/fr\/wp-json\/wp\/v2\/product_cat?post=12971"},{"taxonomy":"product_tag","embeddable":true,"href":"https:\/\/www.koro.net.pl\/fr\/wp-json\/wp\/v2\/product_tag?post=12971"}],"curies":[{"name":"wp","href":"https:\/\/api.w.org\/{rel}","templated":true}]}}