{"id":12949,"date":"2025-11-04T11:51:58","date_gmt":"2025-11-04T10:51:58","guid":{"rendered":"https:\/\/www.koro.net.pl\/produkt\/sg3-g4si1-fil-de-soudure-non-traite-coronation\/"},"modified":"2025-11-04T11:51:58","modified_gmt":"2025-11-04T10:51:58","slug":"sg3-g4si1-fil-de-soudure-non-traite-coronation","status":"publish","type":"product","link":"https:\/\/www.koro.net.pl\/fr\/produkt\/sg3-g4si1-fil-de-soudure-non-traite-coronation\/","title":{"rendered":"SG3 (G4Si1) Fil de soudure non trait\u00e9 Coronation"},"content":{"rendered":"<p>Le fil de <a href=\"https:\/\/www.koro.net.pl\/fr\/produkty\/fils-de-soudure\/\"><strong data-start=\"345\" data-end=\"380\">soudure KORONET SG3 (4Si1) PREMIUM PLUS<\/strong><\/a> est un <strong data-start=\"401\" data-end=\"453\">fil de haute qualit\u00e9 non cuivr\u00e9 fabriqu\u00e9 en acier silicium-mangan\u00e8se<\/strong>, con\u00e7u pour le soudage <strong data-start=\"487\" data-end=\"500\">MAG (135<\/strong>).<br data-start=\"501\" data-end=\"504\">Con\u00e7u pour <strong data-start=\"529\" data-end=\"577\">souder des aciers non alli\u00e9s et \u00e0 faible teneur en carbone<\/strong>, il offre <strong data-start=\"588\" data-end=\"657\">un arc stable, une fusion tr\u00e8s propre et un minimum d\u2019\u00e9claboussures.<\/strong><br data-start=\"658\" data-end=\"661\"><strong data-start=\"668\" data-end=\"698\">Sans rev\u00eatement en cuivre<\/strong> et <strong data-start=\"704\" data-end=\"741\">avec un enroulement en couches pr\u00e9cis<\/strong>, le fil offre une excellente alimentation en support, une dur\u00e9e de vie de pointe plus longue et moins d\u2019usure des consommables.<br data-start=\"886\" data-end=\"889\">Id\u00e9al pour les applications industrielles, automatiques et semi-automatiques, ainsi que pour les ateliers et travaux de r\u00e9vision.<\/p>\n<h3 data-start=\"1017\" data-end=\"1038\">Application<\/h3>\n<p data-start=\"1039\" data-end=\"1095\">Le fil <strong data-start=\"1044\" data-end=\"1066\">KORONET SG3 (4Si1)<\/strong> est recommand\u00e9 pour la soudure :<\/p>\n<ul data-start=\"1096\" data-end=\"1272\">\n<li data-start=\"1096\" data-end=\"1136\">\n<p data-start=\"1098\" data-end=\"1136\">aciers non alli\u00e9s et \u00e0 faible teneur en carbone,<\/p>\n<\/li>\n<li data-start=\"1137\" data-end=\"1208\">\n<p data-start=\"1139\" data-end=\"1208\">structures en acier, r\u00e9servoirs, ch\u00e2ssis, profils, \u00e9l\u00e9ments porteurs,<\/p>\n<\/li>\n<li data-start=\"1209\" data-end=\"1272\">\n<p data-start=\"1211\" data-end=\"1272\">des structures expos\u00e9es aux vibrations et aux charges dynamiques.<\/p>\n<\/li>\n<\/ul>\n<p data-start=\"1274\" data-end=\"1302\">Utilis\u00e9 avec succ\u00e8s dans :<\/p>\n<ul data-start=\"1303\" data-end=\"1417\">\n<li data-start=\"1303\" data-end=\"1360\">\n<p data-start=\"1305\" data-end=\"1360\">Construction, machines, automobile,<\/p>\n<\/li>\n<li data-start=\"1361\" data-end=\"1417\">\n<p data-start=\"1363\" data-end=\"1417\">des usines de production et des ateliers de soudure.<\/p>\n<\/li>\n<\/ul>\n<h3 data-start=\"1424\" data-end=\"1459\">Caract\u00e9ristiques techniques<\/h3>\n<div class=\"_tableContainer_1rjym_1\">\n<div class=\"group _tableWrapper_1rjym_13 flex w-fit flex-col-reverse\" tabindex=\"-1\">\n<table class=\"w-fit min-w-(--thread-content-width)\" data-start=\"1460\" data-end=\"1919\">\n<thead data-start=\"1460\" data-end=\"1503\">\n<tr data-start=\"1460\" data-end=\"1503\">\n<th data-start=\"1460\" data-end=\"1475\" data-col-size=\"sm\"><strong data-start=\"1462\" data-end=\"1474\">Param\u00e8tre<\/strong><\/th>\n<th data-start=\"1475\" data-end=\"1503\" data-col-size=\"sm\"><strong data-start=\"1477\" data-end=\"1501\">Valeur \/ Information<\/strong><\/th>\n<\/tr>\n<\/thead>\n<tbody data-start=\"1514\" data-end=\"1919\">\n<tr data-start=\"1514\" data-end=\"1560\">\n<td data-start=\"1514\" data-end=\"1526\" data-col-size=\"sm\"><strong data-start=\"1516\" data-end=\"1525\">Standard<\/strong><\/td>\n<td data-col-size=\"sm\" data-start=\"1526\" data-end=\"1560\">EN ISO 14341-A \u2013 G 46 5 C1\/M21<\/td>\n<\/tr>\n<tr data-start=\"1561\" data-end=\"1594\">\n\u00c9quivalent <\/p>\n<td data-start=\"1561\" data-end=\"1583\" data-col-size=\"sm\"><strong data-start=\"1563\" data-end=\"1582\">AWS<\/strong><\/td>\n<td data-col-size=\"sm\" data-start=\"1583\" data-end=\"1594\">ER70S-6<\/td>\n<\/tr>\n<tr data-start=\"1595\" data-end=\"1661\">\n<td data-start=\"1595\" data-end=\"1626\" data-col-size=\"sm\"><strong data-start=\"1597\" data-end=\"1625\">Composition chimique (typique)<\/strong><\/td>\n<td data-col-size=\"sm\" data-start=\"1626\" data-end=\"1661\">C \u2264 0,1 % Mn \u2248 1,4 % Si \u2248 1,0 %<\/td>\n<\/tr>\n<tr data-start=\"1662\" data-end=\"1702\">\n<td data-start=\"1662\" data-end=\"1683\" data-col-size=\"sm\"><strong data-start=\"1664\" data-end=\"1682\">Diam\u00e8tre du fil<\/strong><\/td>\n<td data-col-size=\"sm\" data-start=\"1683\" data-end=\"1702\">0,8 mm \/ 1,0 mm \/ 1,2 mm<\/td>\n<\/tr>\n<tr data-start=\"1703\" data-end=\"1730\">\n<td data-start=\"1703\" data-end=\"1721\" data-col-size=\"sm\"><strong data-start=\"1705\" data-end=\"1720\">Poids de la bobine<\/strong><\/td>\n<td data-col-size=\"sm\" data-start=\"1721\" data-end=\"1730\">15 kg<\/td>\n<\/tr>\n<tr data-start=\"1731\" data-end=\"1756\">\nType <\/p>\n<td data-start=\"1731\" data-end=\"1748\" data-col-size=\"sm\"><strong data-start=\"1733\" data-end=\"1747\">de bobine<\/strong><\/td>\n<td data-col-size=\"sm\" data-start=\"1748\" data-end=\"1756\">D300<\/td>\n<\/tr>\n<tr data-start=\"1757\" data-end=\"1801\">\n<td data-start=\"1757\" data-end=\"1769\" data-col-size=\"sm\"><strong data-start=\"1759\" data-end=\"1768\">Enroulement<\/strong><\/td>\n<td data-col-size=\"sm\" data-start=\"1769\" data-end=\"1801\">Pr\u00e9cision des couches<\/td>\n<\/tr>\n<tr data-start=\"1802\" data-end=\"1846\">\n<td data-start=\"1802\" data-end=\"1825\" data-col-size=\"sm\"><strong data-start=\"1804\" data-end=\"1824\">Positions de soudage<\/strong><\/td>\n<td data-col-size=\"sm\" data-start=\"1825\" data-end=\"1846\">tous (PA-EP)<\/td>\n<\/tr>\n<tr data-start=\"1847\" data-end=\"1893\">\n<td data-start=\"1847\" data-end=\"1866\" data-col-size=\"sm\"><strong data-start=\"1849\" data-end=\"1865\">Gaz de<\/strong><\/td>\n<p> blindage<\/p>\n<td data-col-size=\"sm\" data-start=\"1866\" data-end=\"1893\">CO\u2082 (C1) \/ Ar+CO\u2082 (M21)<\/td>\n<\/tr>\n<tr data-start=\"1894\" data-end=\"1919\">\n<td data-start=\"1894\" data-end=\"1912\" data-col-size=\"sm\"><strong data-start=\"1896\" data-end=\"1911\">Polarit\u00e9<\/strong><\/td>\n<td data-col-size=\"sm\" data-start=\"1912\" data-end=\"1919\">DC+<\/td>\n<\/tr>\n<\/tbody>\n<\/table>\n<\/div>\n<\/div>\n<h3 data-start=\"1926\" data-end=\"1966\">Avantages du fil KORONET SG3 (4Si1)<\/h3>\n<p data-start=\"1967\" data-end=\"2347\">\u2705 Arc stable et fusion propre \u2013 id\u00e9al pour la soudure automatique<br data-start=\"2037\" data-end=\"2040\">\u2705 Pas de rev\u00eatement cuivr\u00e9 = moins d\u2019usure des bornes courantes<br data-start=\"2103\" data-end=\"2106\">\u2705 \u00c9claboussures minimales et esth\u00e9tique de soudure \u00e9lev\u00e9e<br data-start=\"2158\" data-end=\"2161\">\u2705 Enroulement de pr\u00e9cision pour un passage par fil lisse<br data-start=\"2215\" data-end=\"2218\">\u2705 Haute puret\u00e9 chimique \u2013 moins de risques de pores et de contamination<br data-start=\"2286\" data-end=\"2289\">\u2705 Conformit\u00e9 totale aux exigences CE, ISO, LR, ABS, T\u00dcV, DB<\/p>\n<h3 data-start=\"2354\" data-end=\"2383\">Conseils pratiques<\/h3>\n<ol data-start=\"2384\" data-end=\"2686\">\n<li data-start=\"2384\" data-end=\"2441\">\n<p data-start=\"2387\" data-end=\"2441\">Nettoyez la surface soud\u00e9e des oxydes, de la rouille et de l\u2019huile.<\/p>\n<\/li>\n<li data-start=\"2442\" data-end=\"2505\">\n<p data-start=\"2445\" data-end=\"2505\">Utilisez un gaz de protection appropri\u00e9 (m\u00e9langes CO\u2082 ou Ar+CO\u2082).<\/p>\n<\/li>\n<li data-start=\"2506\" data-end=\"2576\">\n<p data-start=\"2509\" data-end=\"2576\">Ajustez les param\u00e8tres (courant, tension, alimentation) \u00e0 l\u2019\u00e9paisseur du mat\u00e9riau.<\/p>\n<\/li>\n<li data-start=\"2577\" data-end=\"2622\">\n<p data-start=\"2580\" data-end=\"2622\">\u00c9vitez de surchauffer la soudure.<\/p>\n<\/li>\n<li data-start=\"2623\" data-end=\"2686\">\n<p data-start=\"2626\" data-end=\"2686\">Conservez le fil dans un endroit sec, pour le prot\u00e9ger de l\u2019humidit\u00e9.<\/p>\n<\/li>\n<\/ol>\n","protected":false},"excerpt":{"rendered":"<p>Le fil de soudure KORONET SG3 (4Si1) PREMIUM PLUS est un fil de haute qualit\u00e9 non cuivr\u00e9 fabriqu\u00e9 en acier silicium-mangan\u00e8se, con\u00e7u pour le soudage MAG (135).Con\u00e7u pour souder des [&hellip;]<\/p>\n","protected":false},"featured_media":8078,"template":"","meta":{"_acf_changed":false},"product_brand":[],"product_cat":[175,184],"product_tag":[],"class_list":{"0":"post-12949","1":"product","2":"type-product","3":"status-publish","4":"has-post-thumbnail","6":"product_cat-fils-de-soudure","7":"product_cat-machines-a-ficelle","9":"first","10":"instock","11":"taxable","12":"shipping-taxable","13":"purchasable","14":"product-type-variable","15":"has-default-attributes"},"acf":[],"yoast_head":"<!-- This site is optimized with the Yoast SEO plugin v27.5 - https:\/\/yoast.com\/product\/yoast-seo-wordpress\/ -->\n<title>Fil de soudure en acier au carbone SG3 (G4Si1) | Coroner<\/title>\n<meta name=\"description\" content=\"Fil KORONET SG3 (G4Si1) \u2013 fil de haute qualit\u00e9 pour aciers carbon\u00e9s. Arc stable, soudures propres et \u00e9claboussures minimales dans la m\u00e9thode MAG.\" \/>\n<meta name=\"robots\" content=\"index, follow, max-snippet:-1, max-image-preview:large, max-video-preview:-1\" \/>\n<link rel=\"canonical\" href=\"https:\/\/www.koro.net.pl\/fr\/produkt\/sg3-g4si1-fil-de-soudure-non-traite-coronation\/\" \/>\n<meta property=\"og:locale\" content=\"fr_FR\" \/>\n<meta property=\"og:type\" content=\"article\" \/>\n<meta property=\"og:title\" content=\"Fil de soudure en acier au carbone SG3 (G4Si1) | Coroner\" \/>\n<meta property=\"og:description\" content=\"Fil KORONET SG3 (G4Si1) \u2013 fil de haute qualit\u00e9 pour aciers carbon\u00e9s. Arc stable, soudures propres et \u00e9claboussures minimales dans la m\u00e9thode MAG.\" \/>\n<meta property=\"og:url\" content=\"https:\/\/www.koro.net.pl\/fr\/produkt\/sg3-g4si1-fil-de-soudure-non-traite-coronation\/\" \/>\n<meta property=\"og:site_name\" content=\"Koronet\" \/>\n<meta property=\"og:image\" content=\"https:\/\/www.koro.net.pl\/wp-content\/uploads\/2025\/11\/4Si1-SG3.pudelko-1.png\" \/>\n\t<meta property=\"og:image:width\" content=\"800\" \/>\n\t<meta property=\"og:image:height\" content=\"800\" \/>\n\t<meta property=\"og:image:type\" content=\"image\/png\" \/>\n<meta name=\"twitter:card\" content=\"summary_large_image\" \/>\n<meta name=\"twitter:label1\" content=\"Dur\u00e9e de lecture estim\u00e9e\" \/>\n\t<meta name=\"twitter:data1\" content=\"2 minutes\" \/>\n<script type=\"application\/ld+json\" class=\"yoast-schema-graph\">{\"@context\":\"https:\\\/\\\/schema.org\",\"@graph\":[{\"@type\":\"WebPage\",\"@id\":\"https:\\\/\\\/www.koro.net.pl\\\/fr\\\/produkt\\\/sg3-g4si1-fil-de-soudure-non-traite-coronation\\\/\",\"url\":\"https:\\\/\\\/www.koro.net.pl\\\/fr\\\/produkt\\\/sg3-g4si1-fil-de-soudure-non-traite-coronation\\\/\",\"name\":\"Fil de soudure en acier au carbone SG3 (G4Si1) | Coroner\",\"isPartOf\":{\"@id\":\"https:\\\/\\\/www.koro.net.pl\\\/fr\\\/#website\"},\"primaryImageOfPage\":{\"@id\":\"https:\\\/\\\/www.koro.net.pl\\\/fr\\\/produkt\\\/sg3-g4si1-fil-de-soudure-non-traite-coronation\\\/#primaryimage\"},\"image\":{\"@id\":\"https:\\\/\\\/www.koro.net.pl\\\/fr\\\/produkt\\\/sg3-g4si1-fil-de-soudure-non-traite-coronation\\\/#primaryimage\"},\"thumbnailUrl\":\"https:\\\/\\\/www.koro.net.pl\\\/wp-content\\\/uploads\\\/2025\\\/11\\\/4Si1-SG3.pudelko-1.png\",\"datePublished\":\"2025-11-04T10:51:58+00:00\",\"description\":\"Fil KORONET SG3 (G4Si1) \u2013 fil de haute qualit\u00e9 pour aciers carbon\u00e9s. Arc stable, soudures propres et \u00e9claboussures minimales dans la m\u00e9thode MAG.\",\"breadcrumb\":{\"@id\":\"https:\\\/\\\/www.koro.net.pl\\\/fr\\\/produkt\\\/sg3-g4si1-fil-de-soudure-non-traite-coronation\\\/#breadcrumb\"},\"inLanguage\":\"fr-FR\",\"potentialAction\":[{\"@type\":\"ReadAction\",\"target\":[\"https:\\\/\\\/www.koro.net.pl\\\/fr\\\/produkt\\\/sg3-g4si1-fil-de-soudure-non-traite-coronation\\\/\"]}]},{\"@type\":\"ImageObject\",\"inLanguage\":\"fr-FR\",\"@id\":\"https:\\\/\\\/www.koro.net.pl\\\/fr\\\/produkt\\\/sg3-g4si1-fil-de-soudure-non-traite-coronation\\\/#primaryimage\",\"url\":\"https:\\\/\\\/www.koro.net.pl\\\/wp-content\\\/uploads\\\/2025\\\/11\\\/4Si1-SG3.pudelko-1.png\",\"contentUrl\":\"https:\\\/\\\/www.koro.net.pl\\\/wp-content\\\/uploads\\\/2025\\\/11\\\/4Si1-SG3.pudelko-1.png\",\"width\":800,\"height\":800,\"caption\":\"Drut spawalniczy4Si1 SG3.pude\u0142ko poradnik\"},{\"@type\":\"BreadcrumbList\",\"@id\":\"https:\\\/\\\/www.koro.net.pl\\\/fr\\\/produkt\\\/sg3-g4si1-fil-de-soudure-non-traite-coronation\\\/#breadcrumb\",\"itemListElement\":[{\"@type\":\"ListItem\",\"position\":1,\"name\":\"Strona g\u0142\u00f3wna\",\"item\":\"https:\\\/\\\/www.koro.net.pl\\\/fr\\\/\"},{\"@type\":\"ListItem\",\"position\":2,\"name\":\"SG3 (G4Si1) Fil de soudure non trait\u00e9 Coronation\"}]},{\"@type\":\"WebSite\",\"@id\":\"https:\\\/\\\/www.koro.net.pl\\\/fr\\\/#website\",\"url\":\"https:\\\/\\\/www.koro.net.pl\\\/fr\\\/\",\"name\":\"Koronet\",\"description\":\"\",\"publisher\":{\"@id\":\"https:\\\/\\\/www.koro.net.pl\\\/fr\\\/#organization\"},\"potentialAction\":[{\"@type\":\"SearchAction\",\"target\":{\"@type\":\"EntryPoint\",\"urlTemplate\":\"https:\\\/\\\/www.koro.net.pl\\\/fr\\\/?s={search_term_string}\"},\"query-input\":{\"@type\":\"PropertyValueSpecification\",\"valueRequired\":true,\"valueName\":\"search_term_string\"}}],\"inLanguage\":\"fr-FR\"},{\"@type\":\"Organization\",\"@id\":\"https:\\\/\\\/www.koro.net.pl\\\/fr\\\/#organization\",\"name\":\"Koronet\",\"alternateName\":\"Koronet\",\"url\":\"https:\\\/\\\/www.koro.net.pl\\\/fr\\\/\",\"logo\":{\"@type\":\"ImageObject\",\"inLanguage\":\"fr-FR\",\"@id\":\"https:\\\/\\\/www.koro.net.pl\\\/fr\\\/#\\\/schema\\\/logo\\\/image\\\/\",\"url\":\"https:\\\/\\\/www.koro.net.pl\\\/wp-content\\\/uploads\\\/2025\\\/02\\\/Koronet-spolka-z-o.o.png\",\"contentUrl\":\"https:\\\/\\\/www.koro.net.pl\\\/wp-content\\\/uploads\\\/2025\\\/02\\\/Koronet-spolka-z-o.o.png\",\"width\":696,\"height\":696,\"caption\":\"Koronet\"},\"image\":{\"@id\":\"https:\\\/\\\/www.koro.net.pl\\\/fr\\\/#\\\/schema\\\/logo\\\/image\\\/\"}}]}<\/script>\n<!-- \/ Yoast SEO plugin. -->","yoast_head_json":{"title":"Fil de soudure en acier au carbone SG3 (G4Si1) | Coroner","description":"Fil KORONET SG3 (G4Si1) \u2013 fil de haute qualit\u00e9 pour aciers carbon\u00e9s. Arc stable, soudures propres et \u00e9claboussures minimales dans la m\u00e9thode MAG.","robots":{"index":"index","follow":"follow","max-snippet":"max-snippet:-1","max-image-preview":"max-image-preview:large","max-video-preview":"max-video-preview:-1"},"canonical":"https:\/\/www.koro.net.pl\/fr\/produkt\/sg3-g4si1-fil-de-soudure-non-traite-coronation\/","og_locale":"fr_FR","og_type":"article","og_title":"Fil de soudure en acier au carbone SG3 (G4Si1) | Coroner","og_description":"Fil KORONET SG3 (G4Si1) \u2013 fil de haute qualit\u00e9 pour aciers carbon\u00e9s. Arc stable, soudures propres et \u00e9claboussures minimales dans la m\u00e9thode MAG.","og_url":"https:\/\/www.koro.net.pl\/fr\/produkt\/sg3-g4si1-fil-de-soudure-non-traite-coronation\/","og_site_name":"Koronet","og_image":[{"width":800,"height":800,"url":"https:\/\/www.koro.net.pl\/wp-content\/uploads\/2025\/11\/4Si1-SG3.pudelko-1.png","type":"image\/png"}],"twitter_card":"summary_large_image","twitter_misc":{"Dur\u00e9e de lecture estim\u00e9e":"2 minutes"},"schema":{"@context":"https:\/\/schema.org","@graph":[{"@type":"WebPage","@id":"https:\/\/www.koro.net.pl\/fr\/produkt\/sg3-g4si1-fil-de-soudure-non-traite-coronation\/","url":"https:\/\/www.koro.net.pl\/fr\/produkt\/sg3-g4si1-fil-de-soudure-non-traite-coronation\/","name":"Fil de soudure en acier au carbone SG3 (G4Si1) | Coroner","isPartOf":{"@id":"https:\/\/www.koro.net.pl\/fr\/#website"},"primaryImageOfPage":{"@id":"https:\/\/www.koro.net.pl\/fr\/produkt\/sg3-g4si1-fil-de-soudure-non-traite-coronation\/#primaryimage"},"image":{"@id":"https:\/\/www.koro.net.pl\/fr\/produkt\/sg3-g4si1-fil-de-soudure-non-traite-coronation\/#primaryimage"},"thumbnailUrl":"https:\/\/www.koro.net.pl\/wp-content\/uploads\/2025\/11\/4Si1-SG3.pudelko-1.png","datePublished":"2025-11-04T10:51:58+00:00","description":"Fil KORONET SG3 (G4Si1) \u2013 fil de haute qualit\u00e9 pour aciers carbon\u00e9s. Arc stable, soudures propres et \u00e9claboussures minimales dans la m\u00e9thode MAG.","breadcrumb":{"@id":"https:\/\/www.koro.net.pl\/fr\/produkt\/sg3-g4si1-fil-de-soudure-non-traite-coronation\/#breadcrumb"},"inLanguage":"fr-FR","potentialAction":[{"@type":"ReadAction","target":["https:\/\/www.koro.net.pl\/fr\/produkt\/sg3-g4si1-fil-de-soudure-non-traite-coronation\/"]}]},{"@type":"ImageObject","inLanguage":"fr-FR","@id":"https:\/\/www.koro.net.pl\/fr\/produkt\/sg3-g4si1-fil-de-soudure-non-traite-coronation\/#primaryimage","url":"https:\/\/www.koro.net.pl\/wp-content\/uploads\/2025\/11\/4Si1-SG3.pudelko-1.png","contentUrl":"https:\/\/www.koro.net.pl\/wp-content\/uploads\/2025\/11\/4Si1-SG3.pudelko-1.png","width":800,"height":800,"caption":"Drut spawalniczy4Si1 SG3.pude\u0142ko poradnik"},{"@type":"BreadcrumbList","@id":"https:\/\/www.koro.net.pl\/fr\/produkt\/sg3-g4si1-fil-de-soudure-non-traite-coronation\/#breadcrumb","itemListElement":[{"@type":"ListItem","position":1,"name":"Strona g\u0142\u00f3wna","item":"https:\/\/www.koro.net.pl\/fr\/"},{"@type":"ListItem","position":2,"name":"SG3 (G4Si1) Fil de soudure non trait\u00e9 Coronation"}]},{"@type":"WebSite","@id":"https:\/\/www.koro.net.pl\/fr\/#website","url":"https:\/\/www.koro.net.pl\/fr\/","name":"Koronet","description":"","publisher":{"@id":"https:\/\/www.koro.net.pl\/fr\/#organization"},"potentialAction":[{"@type":"SearchAction","target":{"@type":"EntryPoint","urlTemplate":"https:\/\/www.koro.net.pl\/fr\/?s={search_term_string}"},"query-input":{"@type":"PropertyValueSpecification","valueRequired":true,"valueName":"search_term_string"}}],"inLanguage":"fr-FR"},{"@type":"Organization","@id":"https:\/\/www.koro.net.pl\/fr\/#organization","name":"Koronet","alternateName":"Koronet","url":"https:\/\/www.koro.net.pl\/fr\/","logo":{"@type":"ImageObject","inLanguage":"fr-FR","@id":"https:\/\/www.koro.net.pl\/fr\/#\/schema\/logo\/image\/","url":"https:\/\/www.koro.net.pl\/wp-content\/uploads\/2025\/02\/Koronet-spolka-z-o.o.png","contentUrl":"https:\/\/www.koro.net.pl\/wp-content\/uploads\/2025\/02\/Koronet-spolka-z-o.o.png","width":696,"height":696,"caption":"Koronet"},"image":{"@id":"https:\/\/www.koro.net.pl\/fr\/#\/schema\/logo\/image\/"}}]}},"_links":{"self":[{"href":"https:\/\/www.koro.net.pl\/fr\/wp-json\/wp\/v2\/product\/12949","targetHints":{"allow":["GET"]}}],"collection":[{"href":"https:\/\/www.koro.net.pl\/fr\/wp-json\/wp\/v2\/product"}],"about":[{"href":"https:\/\/www.koro.net.pl\/fr\/wp-json\/wp\/v2\/types\/product"}],"wp:featuredmedia":[{"embeddable":true,"href":"https:\/\/www.koro.net.pl\/fr\/wp-json\/wp\/v2\/media\/8078"}],"wp:attachment":[{"href":"https:\/\/www.koro.net.pl\/fr\/wp-json\/wp\/v2\/media?parent=12949"}],"wp:term":[{"taxonomy":"product_brand","embeddable":true,"href":"https:\/\/www.koro.net.pl\/fr\/wp-json\/wp\/v2\/product_brand?post=12949"},{"taxonomy":"product_cat","embeddable":true,"href":"https:\/\/www.koro.net.pl\/fr\/wp-json\/wp\/v2\/product_cat?post=12949"},{"taxonomy":"product_tag","embeddable":true,"href":"https:\/\/www.koro.net.pl\/fr\/wp-json\/wp\/v2\/product_tag?post=12949"}],"curies":[{"name":"wp","href":"https:\/\/api.w.org\/{rel}","templated":true}]}}