{"id":12948,"date":"2024-12-11T15:53:50","date_gmt":"2024-12-11T14:53:50","guid":{"rendered":"https:\/\/www.koro.net.pl\/produkt\/electrode-rutile-koronet-aws-e6013a\/"},"modified":"2024-12-11T15:53:50","modified_gmt":"2024-12-11T14:53:50","slug":"electrode-rutile-koronet-aws-e6013a","status":"publish","type":"product","link":"https:\/\/www.koro.net.pl\/fr\/produkt\/electrode-rutile-koronet-aws-e6013a\/","title":{"rendered":"\u00c9lectrode rutile Koronet AWS E6013A"},"content":{"rendered":"<p>L\u2019\u00e9lectrode rutile E6013 est utilis\u00e9e pour <a href=\"https:\/\/www.koro.net.pl\/fr\/produkty\/fils-de-soudure\/\">souder<\/a> des aciers \u00e0 faible alliage. Il se distingue par une excellente allumage de l\u2019arc, tant primaire que secondaire. Assure la stabilit\u00e9 face aux \u00e9clairs d\u2019arc m\u00eame sur des surfaces contamin\u00e9es. La combinaison de rutile et de cellulose dans le bo\u00eetier de l\u2019\u00e9lectrode rend l\u2019\u00e9lectrode rutile E6013 plus polyvalente \u00e0 utiliser, permettant une soudure facile dans diverses positions, y compris verticalement vers le haut et au-dessus. Les additifs de cellulose dans le rev\u00eatement des \u00e9lectrodes am\u00e9liorent le processus d\u2019\u00e9vacuation des scories, ce qui facilite consid\u00e9rablement le nettoyage et le traitement post-soudure.    <\/p>\n<ul>\n<li><span style=\"vertical-align: inherit;\"><span style=\"vertical-align: inherit;\">Classification : PN-EN ISO 2560-A : E 38 0 RC 11 ; AWS A5.1&nbsp;:E 6013<\/span><\/span><\/li>\n<li>Type de couverture : Rutile &#8211; cellulose<\/li>\n<li>Courant de soudure : DC, AC<\/li>\n<\/ul>\n<table>\n<tbody>\n<tr>\n<td><strong>POIDS<\/strong><\/td>\n<td><strong>LONGUEUR<\/strong><\/td>\n<td><strong>DI\u00c2TRE<\/strong><\/td>\n<\/tr>\n<tr>\n<td><span style=\"vertical-align: inherit;\"><span style=\"vertical-align: inherit;\">2,5 KG<\/span><\/span><\/td>\n<td><span style=\"vertical-align: inherit;\"><span style=\"vertical-align: inherit;\">350 mm<\/span><\/span><\/td>\n<td><span style=\"vertical-align: inherit;\"><span style=\"vertical-align: inherit;\">2,5 mm<\/span><\/span><\/td>\n<\/tr>\n<tr>\n<td><span style=\"vertical-align: inherit;\"><span style=\"vertical-align: inherit;\">2,5 KG<\/span><\/span><\/td>\n<td><span style=\"vertical-align: inherit;\"><span style=\"vertical-align: inherit;\">350 mm<\/span><\/span><\/td>\n<td><span style=\"vertical-align: inherit;\"><span style=\"vertical-align: inherit;\">3,2 mm<\/span><\/span><\/td>\n<\/tr>\n<tr>\n<td><span style=\"vertical-align: inherit;\"><span style=\"vertical-align: inherit;\">5 kg<\/span><\/span><\/td>\n<td><span style=\"vertical-align: inherit;\"><span style=\"vertical-align: inherit;\">350 mm<\/span><\/span><\/td>\n<td><span style=\"vertical-align: inherit;\"><span style=\"vertical-align: inherit;\">2,5 mm<\/span><\/span><\/td>\n<\/tr>\n<tr>\n<td><span style=\"vertical-align: inherit;\"><span style=\"vertical-align: inherit;\">5 kg<\/span><\/span><\/td>\n<td><span style=\"vertical-align: inherit;\"><span style=\"vertical-align: inherit;\">350 mm<\/span><\/span><\/td>\n<td><span style=\"vertical-align: inherit;\"><span style=\"vertical-align: inherit;\">3,2 mm<\/span><\/span><\/td>\n<\/tr>\n<tr>\n<td><span style=\"vertical-align: inherit;\"><span style=\"vertical-align: inherit;\">5 kg<\/span><\/span><\/td>\n<td><span style=\"vertical-align: inherit;\"><span style=\"vertical-align: inherit;\">400 mm<\/span><\/span><\/td>\n<td><span style=\"vertical-align: inherit;\"><span style=\"vertical-align: inherit;\">4 mm<\/span><\/span><\/td>\n<\/tr>\n<\/tbody>\n<\/table>\n","protected":false},"excerpt":{"rendered":"<p>L\u2019\u00e9lectrode rutile E6013 est utilis\u00e9e pour souder des aciers \u00e0 faible alliage. Il se distingue par une excellente allumage de l\u2019arc, tant primaire que secondaire. Assure la stabilit\u00e9 face aux [&hellip;]<\/p>\n","protected":false},"featured_media":7400,"template":"","meta":{"_acf_changed":false},"product_brand":[],"product_cat":[227,175],"product_tag":[],"class_list":{"0":"post-12948","1":"product","2":"type-product","3":"status-publish","4":"has-post-thumbnail","6":"product_cat-electrodes","7":"product_cat-fils-de-soudure","9":"first","10":"instock","11":"taxable","12":"shipping-taxable","13":"purchasable","14":"product-type-variable","15":"has-default-attributes"},"acf":[],"yoast_head":"<!-- This site is optimized with the Yoast SEO plugin v27.5 - https:\/\/yoast.com\/product\/yoast-seo-wordpress\/ -->\n<title>\u00c9lectrode Koronet Rutile E6013A : Pour acier \u00e0 faible alliage<\/title>\n<meta name=\"description\" content=\"\u00c9lectrode de gravure Koronet E6013A. Excellente allumage par arc, m\u00eame sur des surfaces contamin\u00e9es. Soudure facile dans n\u2019importe quelle position.\" \/>\n<meta name=\"robots\" content=\"index, follow, max-snippet:-1, max-image-preview:large, max-video-preview:-1\" \/>\n<link rel=\"canonical\" href=\"https:\/\/www.koro.net.pl\/fr\/produkt\/electrode-rutile-koronet-aws-e6013a\/\" \/>\n<meta property=\"og:locale\" content=\"fr_FR\" \/>\n<meta property=\"og:type\" content=\"article\" \/>\n<meta property=\"og:title\" content=\"\u00c9lectrode Koronet Rutile E6013A : Pour acier \u00e0 faible alliage\" \/>\n<meta property=\"og:description\" content=\"\u00c9lectrode de gravure Koronet E6013A. Excellente allumage par arc, m\u00eame sur des surfaces contamin\u00e9es. Soudure facile dans n\u2019importe quelle position.\" \/>\n<meta property=\"og:url\" content=\"https:\/\/www.koro.net.pl\/fr\/produkt\/electrode-rutile-koronet-aws-e6013a\/\" \/>\n<meta property=\"og:site_name\" content=\"Koronet\" \/>\n<meta property=\"og:image\" content=\"https:\/\/www.koro.net.pl\/wp-content\/uploads\/2024\/12\/elektrody-rutylowe-i-pudelko-.png\" \/>\n\t<meta property=\"og:image:width\" content=\"600\" \/>\n\t<meta property=\"og:image:height\" content=\"600\" \/>\n\t<meta property=\"og:image:type\" content=\"image\/png\" \/>\n<meta name=\"twitter:card\" content=\"summary_large_image\" \/>\n<meta name=\"twitter:label1\" content=\"Dur\u00e9e de lecture estim\u00e9e\" \/>\n\t<meta name=\"twitter:data1\" content=\"1 minute\" \/>\n<script type=\"application\/ld+json\" class=\"yoast-schema-graph\">{\"@context\":\"https:\\\/\\\/schema.org\",\"@graph\":[{\"@type\":\"WebPage\",\"@id\":\"https:\\\/\\\/www.koro.net.pl\\\/fr\\\/produkt\\\/electrode-rutile-koronet-aws-e6013a\\\/\",\"url\":\"https:\\\/\\\/www.koro.net.pl\\\/fr\\\/produkt\\\/electrode-rutile-koronet-aws-e6013a\\\/\",\"name\":\"\u00c9lectrode Koronet Rutile E6013A : Pour acier \u00e0 faible alliage\",\"isPartOf\":{\"@id\":\"https:\\\/\\\/www.koro.net.pl\\\/fr\\\/#website\"},\"primaryImageOfPage\":{\"@id\":\"https:\\\/\\\/www.koro.net.pl\\\/fr\\\/produkt\\\/electrode-rutile-koronet-aws-e6013a\\\/#primaryimage\"},\"image\":{\"@id\":\"https:\\\/\\\/www.koro.net.pl\\\/fr\\\/produkt\\\/electrode-rutile-koronet-aws-e6013a\\\/#primaryimage\"},\"thumbnailUrl\":\"https:\\\/\\\/www.koro.net.pl\\\/wp-content\\\/uploads\\\/2024\\\/12\\\/elektrody-rutylowe-i-pudelko-.png\",\"datePublished\":\"2024-12-11T14:53:50+00:00\",\"description\":\"\u00c9lectrode de gravure Koronet E6013A. Excellente allumage par arc, m\u00eame sur des surfaces contamin\u00e9es. Soudure facile dans n\u2019importe quelle position.\",\"breadcrumb\":{\"@id\":\"https:\\\/\\\/www.koro.net.pl\\\/fr\\\/produkt\\\/electrode-rutile-koronet-aws-e6013a\\\/#breadcrumb\"},\"inLanguage\":\"fr-FR\",\"potentialAction\":[{\"@type\":\"ReadAction\",\"target\":[\"https:\\\/\\\/www.koro.net.pl\\\/fr\\\/produkt\\\/electrode-rutile-koronet-aws-e6013a\\\/\"]}]},{\"@type\":\"ImageObject\",\"inLanguage\":\"fr-FR\",\"@id\":\"https:\\\/\\\/www.koro.net.pl\\\/fr\\\/produkt\\\/electrode-rutile-koronet-aws-e6013a\\\/#primaryimage\",\"url\":\"https:\\\/\\\/www.koro.net.pl\\\/wp-content\\\/uploads\\\/2024\\\/12\\\/elektrody-rutylowe-i-pudelko-.png\",\"contentUrl\":\"https:\\\/\\\/www.koro.net.pl\\\/wp-content\\\/uploads\\\/2024\\\/12\\\/elektrody-rutylowe-i-pudelko-.png\",\"width\":600,\"height\":600,\"caption\":\"elektrody rutylowe Koronet\"},{\"@type\":\"BreadcrumbList\",\"@id\":\"https:\\\/\\\/www.koro.net.pl\\\/fr\\\/produkt\\\/electrode-rutile-koronet-aws-e6013a\\\/#breadcrumb\",\"itemListElement\":[{\"@type\":\"ListItem\",\"position\":1,\"name\":\"Strona g\u0142\u00f3wna\",\"item\":\"https:\\\/\\\/www.koro.net.pl\\\/fr\\\/\"},{\"@type\":\"ListItem\",\"position\":2,\"name\":\"Fils de soudure\",\"item\":\"https:\\\/\\\/www.koro.net.pl\\\/fr\\\/produkty\\\/fils-de-soudure\\\/\"},{\"@type\":\"ListItem\",\"position\":3,\"name\":\"\u00c9lectrode rutile Koronet AWS E6013A\"}]},{\"@type\":\"WebSite\",\"@id\":\"https:\\\/\\\/www.koro.net.pl\\\/fr\\\/#website\",\"url\":\"https:\\\/\\\/www.koro.net.pl\\\/fr\\\/\",\"name\":\"Koronet\",\"description\":\"\",\"publisher\":{\"@id\":\"https:\\\/\\\/www.koro.net.pl\\\/fr\\\/#organization\"},\"potentialAction\":[{\"@type\":\"SearchAction\",\"target\":{\"@type\":\"EntryPoint\",\"urlTemplate\":\"https:\\\/\\\/www.koro.net.pl\\\/fr\\\/?s={search_term_string}\"},\"query-input\":{\"@type\":\"PropertyValueSpecification\",\"valueRequired\":true,\"valueName\":\"search_term_string\"}}],\"inLanguage\":\"fr-FR\"},{\"@type\":\"Organization\",\"@id\":\"https:\\\/\\\/www.koro.net.pl\\\/fr\\\/#organization\",\"name\":\"Koronet\",\"alternateName\":\"Koronet\",\"url\":\"https:\\\/\\\/www.koro.net.pl\\\/fr\\\/\",\"logo\":{\"@type\":\"ImageObject\",\"inLanguage\":\"fr-FR\",\"@id\":\"https:\\\/\\\/www.koro.net.pl\\\/fr\\\/#\\\/schema\\\/logo\\\/image\\\/\",\"url\":\"https:\\\/\\\/www.koro.net.pl\\\/wp-content\\\/uploads\\\/2025\\\/02\\\/Koronet-spolka-z-o.o.png\",\"contentUrl\":\"https:\\\/\\\/www.koro.net.pl\\\/wp-content\\\/uploads\\\/2025\\\/02\\\/Koronet-spolka-z-o.o.png\",\"width\":696,\"height\":696,\"caption\":\"Koronet\"},\"image\":{\"@id\":\"https:\\\/\\\/www.koro.net.pl\\\/fr\\\/#\\\/schema\\\/logo\\\/image\\\/\"}}]}<\/script>\n<!-- \/ Yoast SEO plugin. -->","yoast_head_json":{"title":"\u00c9lectrode Koronet Rutile E6013A : Pour acier \u00e0 faible alliage","description":"\u00c9lectrode de gravure Koronet E6013A. Excellente allumage par arc, m\u00eame sur des surfaces contamin\u00e9es. Soudure facile dans n\u2019importe quelle position.","robots":{"index":"index","follow":"follow","max-snippet":"max-snippet:-1","max-image-preview":"max-image-preview:large","max-video-preview":"max-video-preview:-1"},"canonical":"https:\/\/www.koro.net.pl\/fr\/produkt\/electrode-rutile-koronet-aws-e6013a\/","og_locale":"fr_FR","og_type":"article","og_title":"\u00c9lectrode Koronet Rutile E6013A : Pour acier \u00e0 faible alliage","og_description":"\u00c9lectrode de gravure Koronet E6013A. Excellente allumage par arc, m\u00eame sur des surfaces contamin\u00e9es. Soudure facile dans n\u2019importe quelle position.","og_url":"https:\/\/www.koro.net.pl\/fr\/produkt\/electrode-rutile-koronet-aws-e6013a\/","og_site_name":"Koronet","og_image":[{"width":600,"height":600,"url":"https:\/\/www.koro.net.pl\/wp-content\/uploads\/2024\/12\/elektrody-rutylowe-i-pudelko-.png","type":"image\/png"}],"twitter_card":"summary_large_image","twitter_misc":{"Dur\u00e9e de lecture estim\u00e9e":"1 minute"},"schema":{"@context":"https:\/\/schema.org","@graph":[{"@type":"WebPage","@id":"https:\/\/www.koro.net.pl\/fr\/produkt\/electrode-rutile-koronet-aws-e6013a\/","url":"https:\/\/www.koro.net.pl\/fr\/produkt\/electrode-rutile-koronet-aws-e6013a\/","name":"\u00c9lectrode Koronet Rutile E6013A : Pour acier \u00e0 faible alliage","isPartOf":{"@id":"https:\/\/www.koro.net.pl\/fr\/#website"},"primaryImageOfPage":{"@id":"https:\/\/www.koro.net.pl\/fr\/produkt\/electrode-rutile-koronet-aws-e6013a\/#primaryimage"},"image":{"@id":"https:\/\/www.koro.net.pl\/fr\/produkt\/electrode-rutile-koronet-aws-e6013a\/#primaryimage"},"thumbnailUrl":"https:\/\/www.koro.net.pl\/wp-content\/uploads\/2024\/12\/elektrody-rutylowe-i-pudelko-.png","datePublished":"2024-12-11T14:53:50+00:00","description":"\u00c9lectrode de gravure Koronet E6013A. Excellente allumage par arc, m\u00eame sur des surfaces contamin\u00e9es. Soudure facile dans n\u2019importe quelle position.","breadcrumb":{"@id":"https:\/\/www.koro.net.pl\/fr\/produkt\/electrode-rutile-koronet-aws-e6013a\/#breadcrumb"},"inLanguage":"fr-FR","potentialAction":[{"@type":"ReadAction","target":["https:\/\/www.koro.net.pl\/fr\/produkt\/electrode-rutile-koronet-aws-e6013a\/"]}]},{"@type":"ImageObject","inLanguage":"fr-FR","@id":"https:\/\/www.koro.net.pl\/fr\/produkt\/electrode-rutile-koronet-aws-e6013a\/#primaryimage","url":"https:\/\/www.koro.net.pl\/wp-content\/uploads\/2024\/12\/elektrody-rutylowe-i-pudelko-.png","contentUrl":"https:\/\/www.koro.net.pl\/wp-content\/uploads\/2024\/12\/elektrody-rutylowe-i-pudelko-.png","width":600,"height":600,"caption":"elektrody rutylowe Koronet"},{"@type":"BreadcrumbList","@id":"https:\/\/www.koro.net.pl\/fr\/produkt\/electrode-rutile-koronet-aws-e6013a\/#breadcrumb","itemListElement":[{"@type":"ListItem","position":1,"name":"Strona g\u0142\u00f3wna","item":"https:\/\/www.koro.net.pl\/fr\/"},{"@type":"ListItem","position":2,"name":"Fils de soudure","item":"https:\/\/www.koro.net.pl\/fr\/produkty\/fils-de-soudure\/"},{"@type":"ListItem","position":3,"name":"\u00c9lectrode rutile Koronet AWS E6013A"}]},{"@type":"WebSite","@id":"https:\/\/www.koro.net.pl\/fr\/#website","url":"https:\/\/www.koro.net.pl\/fr\/","name":"Koronet","description":"","publisher":{"@id":"https:\/\/www.koro.net.pl\/fr\/#organization"},"potentialAction":[{"@type":"SearchAction","target":{"@type":"EntryPoint","urlTemplate":"https:\/\/www.koro.net.pl\/fr\/?s={search_term_string}"},"query-input":{"@type":"PropertyValueSpecification","valueRequired":true,"valueName":"search_term_string"}}],"inLanguage":"fr-FR"},{"@type":"Organization","@id":"https:\/\/www.koro.net.pl\/fr\/#organization","name":"Koronet","alternateName":"Koronet","url":"https:\/\/www.koro.net.pl\/fr\/","logo":{"@type":"ImageObject","inLanguage":"fr-FR","@id":"https:\/\/www.koro.net.pl\/fr\/#\/schema\/logo\/image\/","url":"https:\/\/www.koro.net.pl\/wp-content\/uploads\/2025\/02\/Koronet-spolka-z-o.o.png","contentUrl":"https:\/\/www.koro.net.pl\/wp-content\/uploads\/2025\/02\/Koronet-spolka-z-o.o.png","width":696,"height":696,"caption":"Koronet"},"image":{"@id":"https:\/\/www.koro.net.pl\/fr\/#\/schema\/logo\/image\/"}}]}},"_links":{"self":[{"href":"https:\/\/www.koro.net.pl\/fr\/wp-json\/wp\/v2\/product\/12948","targetHints":{"allow":["GET"]}}],"collection":[{"href":"https:\/\/www.koro.net.pl\/fr\/wp-json\/wp\/v2\/product"}],"about":[{"href":"https:\/\/www.koro.net.pl\/fr\/wp-json\/wp\/v2\/types\/product"}],"wp:featuredmedia":[{"embeddable":true,"href":"https:\/\/www.koro.net.pl\/fr\/wp-json\/wp\/v2\/media\/7400"}],"wp:attachment":[{"href":"https:\/\/www.koro.net.pl\/fr\/wp-json\/wp\/v2\/media?parent=12948"}],"wp:term":[{"taxonomy":"product_brand","embeddable":true,"href":"https:\/\/www.koro.net.pl\/fr\/wp-json\/wp\/v2\/product_brand?post=12948"},{"taxonomy":"product_cat","embeddable":true,"href":"https:\/\/www.koro.net.pl\/fr\/wp-json\/wp\/v2\/product_cat?post=12948"},{"taxonomy":"product_tag","embeddable":true,"href":"https:\/\/www.koro.net.pl\/fr\/wp-json\/wp\/v2\/product_tag?post=12948"}],"curies":[{"name":"wp","href":"https:\/\/api.w.org\/{rel}","templated":true}]}}