{"id":12939,"date":"2025-10-31T10:11:47","date_gmt":"2025-10-31T09:11:47","guid":{"rendered":"https:\/\/www.koro.net.pl\/produkt\/fil-de-soudure-pour-cornet-aluminium-er5183-almg45mn-alu3\/"},"modified":"2025-10-31T10:11:47","modified_gmt":"2025-10-31T09:11:47","slug":"fil-de-soudure-pour-cornet-aluminium-er5183-almg45mn-alu3","status":"publish","type":"product","link":"https:\/\/www.koro.net.pl\/fr\/produkt\/fil-de-soudure-pour-cornet-aluminium-er5183-almg45mn-alu3\/","title":{"rendered":"Fil de soudure pour cornet aluminium ER5183 (AlMg4,5Mn) ALU3"},"content":{"rendered":"<p data-start=\"462\" data-end=\"915\"><strong data-start=\"462\" data-end=\"508\">Le fil d\u2019aluminium Koronet ER5183 (AlMg4,5Mn)<\/strong> est un fil de <strong data-start=\"551\" data-end=\"564\">soudure AlMg4,5Mn<\/strong> de haute qualit\u00e9, con\u00e7u pour le soudage <strong data-start=\"615\" data-end=\"629\">MIG (GMAW)<\/strong> des alliages d\u2019aluminium. La teneur en magn\u00e9sium d\u2019environ 4,5 % et l\u2019ajout de mangan\u00e8se conf\u00e8rent aux <strong data-start=\"692\" data-end=\"751\">soudures une excellente r\u00e9sistance, corrosion et r\u00e9sistance aux impacts <\/strong>(c\u2019est-\u00e0-dire une r\u00e9sistance \u00e0 la rupture sous charge ou impact soudain), ce qui rend ce fil particuli\u00e8rement recommand\u00e9 pour <strong data-start=\"803\" data-end=\"915\">les structures marines, les r\u00e9servoirs, les semi-remorques et les composants fonctionnant dans des conditions environnementales difficiles.<\/strong>  <\/p>\n<p data-start=\"917\" data-end=\"1290\">Compar\u00e9 au fil AlMg5 (ER5356), <strong data-start=\"966\" data-end=\"1057\">l\u2019AlMg4,5 Mn offre une meilleure r\u00e9sistance \u00e0 la traction et \u00e0 la fissuration \u00e0 chaud<\/strong>, ce qui se traduit <strong data-start=\"1079\" data-end=\"1109\">par des soudures durables et esth\u00e9tiques<\/strong>. C\u2019est le choix id\u00e9al aussi bien pour les ateliers professionnels que pour les d\u00e9butants dans le travail de l\u2019aluminium, qui s\u2019attendent \u00e0 un arc stable, une fusion propre et des r\u00e9sultats r\u00e9p\u00e9tables. <\/p>\n<p data-start=\"1321\" data-end=\"1380\">Le <strong>fil KORONET ER5183 (AlMg4,5Mn)<\/strong> est utilis\u00e9 pour le soudage :<\/p>\n<ul data-start=\"1381\" data-end=\"1694\">\n<li data-start=\"1381\" data-end=\"1447\">\n<p data-start=\"1383\" data-end=\"1447\">alliages <strong data-start=\"1406\" data-end=\"1422\">d\u2019aluminium des s\u00e9ries 5000 (Al-Mg)<\/strong> et <strong data-start=\"1425\" data-end=\"1444\">6000 (Al-Mg-Si<\/strong>),<\/p>\n<\/li>\n<li data-start=\"1448\" data-end=\"1505\">\n<p data-start=\"1450\" data-end=\"1505\">structures <strong data-start=\"1450\" data-end=\"1502\">offshore, plateformes, yachts, navires<\/strong>,<\/p>\n<\/li>\n<li data-start=\"1506\" data-end=\"1554\">\n<p data-start=\"1508\" data-end=\"1554\">des <strong data-start=\"1508\" data-end=\"1551\">r\u00e9servoirs et des structures chimiquement r\u00e9sistantes<\/strong>,<\/p>\n<\/li>\n<li data-start=\"1555\" data-end=\"1612\">\n<p data-start=\"1557\" data-end=\"1612\"><strong data-start=\"1557\" data-end=\"1609\">semi-remorques, ch\u00e2ssis, caissons, couvercles et structures de soutien<\/strong>,<\/p>\n<\/li>\n<li data-start=\"1613\" data-end=\"1694\">\n<p data-start=\"1615\" data-end=\"1694\">des \u00e9l\u00e9ments n\u00e9cessitant <strong data-start=\"1638\" data-end=\"1691\">une forte r\u00e9sistance m\u00e9canique et anticorrosion<\/strong>.<\/p>\n<\/li>\n<\/ul>\n<p>&nbsp;<\/p>\n<h3 data-start=\"1701\" data-end=\"1738\"><strong data-start=\"1708\" data-end=\"1738\">Caract\u00e9ristiques techniques<\/strong><\/h3>\n<div class=\"_tableContainer_1rjym_1\">\n<div class=\"group _tableWrapper_1rjym_13 flex w-fit flex-col-reverse\" tabindex=\"-1\">\n<table class=\"w-fit min-w-(--thread-content-width)\" data-start=\"1739\" data-end=\"2164\">\n<thead data-start=\"1739\" data-end=\"1761\">\n<tr data-start=\"1739\" data-end=\"1761\">\n<th data-start=\"1739\" data-end=\"1750\" data-col-size=\"sm\">Param\u00e8tre<\/th>\n<th data-start=\"1750\" data-end=\"1761\" data-col-size=\"sm\">Valeur<\/th>\n<\/tr>\n<\/thead>\n<tbody data-start=\"1772\" data-end=\"2164\">\n<tr data-start=\"1772\" data-end=\"1808\">\n<td data-start=\"1772\" data-end=\"1780\" data-col-size=\"sm\">Standard<\/td>\n<td data-col-size=\"sm\" data-start=\"1780\" data-end=\"1808\">EN ISO 18273 \u2013 S Al 5183<\/td>\n<\/tr>\n<tr data-start=\"1809\" data-end=\"1846\">\n<td data-start=\"1809\" data-end=\"1823\" data-col-size=\"sm\">\u00c9quivalent<\/td>\n<td data-col-size=\"sm\" data-start=\"1823\" data-end=\"1846\">AWS A5.10 \u2013 ER 5183<\/td>\n<\/tr>\n<tr data-start=\"1847\" data-end=\"1902\">\n<td data-start=\"1847\" data-end=\"1874\" data-col-size=\"sm\">Composition chimique (typique)<\/td>\n<td data-col-size=\"sm\" data-start=\"1874\" data-end=\"1902\">Al \u2013 Mg 4,5 % \u2013 Mn 0,7 %<\/td>\n<\/tr>\n<tr data-start=\"1903\" data-end=\"1930\">\n<td data-start=\"1903\" data-end=\"1920\" data-col-size=\"sm\">Diam\u00e8tre du fil<\/td>\n<td data-col-size=\"sm\" data-start=\"1920\" data-end=\"1930\">0,8 mm | 1,0 mm |1,2 mm<\/td>\n<\/tr>\n<tr data-start=\"1931\" data-end=\"1953\">\n<td data-start=\"1931\" data-end=\"1945\" data-col-size=\"sm\">Poids de la bobine<\/td>\n<td data-col-size=\"sm\" data-start=\"1945\" data-end=\"1953\">7 kg<\/td>\n<\/tr>\n<tr data-start=\"1954\" data-end=\"1975\">\nType <\/p>\n<td data-start=\"1954\" data-end=\"1967\" data-col-size=\"sm\">de bobine<\/td>\n<td data-col-size=\"sm\" data-start=\"1967\" data-end=\"1975\">D300<\/td>\n<\/tr>\n<tr data-start=\"1976\" data-end=\"2016\">\n<td data-start=\"1976\" data-end=\"1984\" data-col-size=\"sm\">Enroulement<\/td>\n<td data-col-size=\"sm\" data-start=\"1984\" data-end=\"2016\">Pr\u00e9cision des couches<\/td>\n<\/tr>\n<tr data-start=\"2017\" data-end=\"2070\">\n<td data-start=\"2017\" data-end=\"2036\" data-col-size=\"sm\">Positions de soudage<\/td>\n<td data-col-size=\"sm\" data-start=\"2036\" data-end=\"2070\">tous (PA, PB, PC,, PE)<\/td>\n<\/tr>\n<tr data-start=\"2071\" data-end=\"2120\">\n<td data-start=\"2071\" data-end=\"2086\" data-col-size=\"sm\">Gaz de<\/td>\n<p> blindage<\/p>\n<td data-col-size=\"sm\" data-start=\"2086\" data-end=\"2120\">Ar 99,99 % ou m\u00e9lange Ar\/He<\/td>\n<\/tr>\n<tr data-start=\"2121\" data-end=\"2164\">\n<td data-start=\"2121\" data-end=\"2135\" data-col-size=\"sm\">Polarit\u00e9<\/td>\n<td data-col-size=\"sm\" data-start=\"2135\" data-end=\"2164\">DC+ (\u00e9lectrode positive)<\/td>\n<\/tr>\n<\/tbody>\n<\/table>\n<h3 data-start=\"2171\" data-end=\"2209\"><strong data-start=\"2178\" data-end=\"2209\">Avantages du fil Koronet ER5183<\/strong><\/h3>\n<p data-start=\"2210\" data-end=\"2565\">\u2705 Forte r\u00e9sistance m\u00e9canique des soudures<br data-start=\"2249\" data-end=\"2252\">\u2705 Tr\u00e8s bonne r\u00e9sistance \u00e0 la corrosion marine et chimique<br data-start=\"2306\" data-end=\"2309\">\u2705 R\u00e9sistance accrue \u00e0 la fissuration \u00e0 chaud<br data-start=\"2349\" data-end=\"2352\">\u2705 Arc stable et enroulement uniforme<br data-start=\"2429\" data-end=\"2432\">\u2705 Soudures propres et brillantes sans porosit\u00e9<\/p>\n<h3 data-start=\"2572\" data-end=\"2603\"><strong data-start=\"2579\" data-end=\"2603\">Conseils pratiques<\/strong><\/h3>\n<ul data-start=\"2604\" data-end=\"3001\">\n<li data-start=\"2604\" data-end=\"2693\">\n<p data-start=\"2606\" data-end=\"2693\">Avant de souder, <strong data-start=\"2632\" data-end=\"2666\">retirez soigneusement les oxydes et les d\u00e9bris<\/strong> de la surface en aluminium.<\/p>\n<\/li>\n<li data-start=\"2694\" data-end=\"2766\">\n<p data-start=\"2696\" data-end=\"2766\">Utilisez <strong data-start=\"2703\" data-end=\"2742\">de l\u2019argon pur ou un m\u00e9lange Ar\/He<\/strong> comme gaz de protection.<\/p>\n<\/li>\n<li data-start=\"2767\" data-end=\"2855\">\n<p data-start=\"2769\" data-end=\"2855\">\u00c9vitez de surchauffer le connecteur \u2013 l\u2019aluminium conduit la chaleur beaucoup plus vite que l\u2019acier.<\/p>\n<\/li>\n<li data-start=\"2856\" data-end=\"3001\">\n<p data-start=\"2858\" data-end=\"3001\">Il n\u2019est pas recommand\u00e9 d\u2019utiliser du fil 5183 dans des composants <strong data-start=\"2920\" data-end=\"2954\">fonctionnant en continu \u00e0 &gt; 65 \u00b0C<\/strong>, en raison du risque de corrosion sous contrainte.<\/p>\n<\/li>\n<\/ul>\n<\/div>\n<\/div>\n","protected":false},"excerpt":{"rendered":"<p>Le fil d\u2019aluminium Koronet ER5183 (AlMg4,5Mn) est un fil de soudure AlMg4,5Mn de haute qualit\u00e9, con\u00e7u pour le soudage MIG (GMAW) des alliages d\u2019aluminium. La teneur en magn\u00e9sium d\u2019environ 4,5 [&hellip;]<\/p>\n","protected":false},"featured_media":8039,"template":"","meta":{"_acf_changed":false},"product_brand":[],"product_cat":[226,175],"product_tag":[],"class_list":{"0":"post-12939","1":"product","2":"type-product","3":"status-publish","4":"has-post-thumbnail","6":"product_cat-fil-de-soudure-en-alliage-daluminium-2","7":"product_cat-fils-de-soudure","9":"first","10":"instock","11":"taxable","12":"shipping-taxable","13":"purchasable","14":"product-type-variable","15":"has-default-attributes"},"acf":[],"yoast_head":"<!-- This site is optimized with the Yoast SEO plugin v27.5 - https:\/\/yoast.com\/product\/yoast-seo-wordpress\/ -->\n<title>Fil de soudure en aluminium ER5183 AlMg4,5 Mn | Coroner<\/title>\n<meta name=\"description\" content=\"Fil d\u2019aluminium KORONET ER5183 (AlMg4,5 Mn) \u2013 haute r\u00e9sistance, bonne r\u00e9sistance aux impacts et r\u00e9sistance \u00e0 la corrosion. Id\u00e9al pour les structures marines et les semi-remorques.\" \/>\n<meta name=\"robots\" content=\"index, follow, max-snippet:-1, max-image-preview:large, max-video-preview:-1\" \/>\n<link rel=\"canonical\" href=\"https:\/\/www.koro.net.pl\/fr\/produkt\/fil-de-soudure-pour-cornet-aluminium-er5183-almg45mn-alu3\/\" \/>\n<meta property=\"og:locale\" content=\"fr_FR\" \/>\n<meta property=\"og:type\" content=\"article\" \/>\n<meta property=\"og:title\" content=\"Fil de soudure en aluminium ER5183 AlMg4,5 Mn | Coroner\" \/>\n<meta property=\"og:description\" content=\"Fil d\u2019aluminium KORONET ER5183 (AlMg4,5 Mn) \u2013 haute r\u00e9sistance, bonne r\u00e9sistance aux impacts et r\u00e9sistance \u00e0 la corrosion. Id\u00e9al pour les structures marines et les semi-remorques.\" \/>\n<meta property=\"og:url\" content=\"https:\/\/www.koro.net.pl\/fr\/produkt\/fil-de-soudure-pour-cornet-aluminium-er5183-almg45mn-alu3\/\" \/>\n<meta property=\"og:site_name\" content=\"Koronet\" \/>\n<meta property=\"og:image\" content=\"https:\/\/www.koro.net.pl\/wp-content\/uploads\/2025\/10\/Alu-Mg-45-800x800-1.png\" \/>\n\t<meta property=\"og:image:width\" content=\"800\" \/>\n\t<meta property=\"og:image:height\" content=\"800\" \/>\n\t<meta property=\"og:image:type\" content=\"image\/png\" \/>\n<meta name=\"twitter:card\" content=\"summary_large_image\" \/>\n<meta name=\"twitter:label1\" content=\"Dur\u00e9e de lecture estim\u00e9e\" \/>\n\t<meta name=\"twitter:data1\" content=\"2 minutes\" \/>\n<script type=\"application\/ld+json\" class=\"yoast-schema-graph\">{\"@context\":\"https:\\\/\\\/schema.org\",\"@graph\":[{\"@type\":\"WebPage\",\"@id\":\"https:\\\/\\\/www.koro.net.pl\\\/fr\\\/produkt\\\/fil-de-soudure-pour-cornet-aluminium-er5183-almg45mn-alu3\\\/\",\"url\":\"https:\\\/\\\/www.koro.net.pl\\\/fr\\\/produkt\\\/fil-de-soudure-pour-cornet-aluminium-er5183-almg45mn-alu3\\\/\",\"name\":\"Fil de soudure en aluminium ER5183 AlMg4,5 Mn | Coroner\",\"isPartOf\":{\"@id\":\"https:\\\/\\\/www.koro.net.pl\\\/fr\\\/#website\"},\"primaryImageOfPage\":{\"@id\":\"https:\\\/\\\/www.koro.net.pl\\\/fr\\\/produkt\\\/fil-de-soudure-pour-cornet-aluminium-er5183-almg45mn-alu3\\\/#primaryimage\"},\"image\":{\"@id\":\"https:\\\/\\\/www.koro.net.pl\\\/fr\\\/produkt\\\/fil-de-soudure-pour-cornet-aluminium-er5183-almg45mn-alu3\\\/#primaryimage\"},\"thumbnailUrl\":\"https:\\\/\\\/www.koro.net.pl\\\/wp-content\\\/uploads\\\/2025\\\/10\\\/Alu-Mg-45-800x800-1.png\",\"datePublished\":\"2025-10-31T09:11:47+00:00\",\"description\":\"Fil d\u2019aluminium KORONET ER5183 (AlMg4,5 Mn) \u2013 haute r\u00e9sistance, bonne r\u00e9sistance aux impacts et r\u00e9sistance \u00e0 la corrosion. Id\u00e9al pour les structures marines et les semi-remorques.\",\"breadcrumb\":{\"@id\":\"https:\\\/\\\/www.koro.net.pl\\\/fr\\\/produkt\\\/fil-de-soudure-pour-cornet-aluminium-er5183-almg45mn-alu3\\\/#breadcrumb\"},\"inLanguage\":\"fr-FR\",\"potentialAction\":[{\"@type\":\"ReadAction\",\"target\":[\"https:\\\/\\\/www.koro.net.pl\\\/fr\\\/produkt\\\/fil-de-soudure-pour-cornet-aluminium-er5183-almg45mn-alu3\\\/\"]}]},{\"@type\":\"ImageObject\",\"inLanguage\":\"fr-FR\",\"@id\":\"https:\\\/\\\/www.koro.net.pl\\\/fr\\\/produkt\\\/fil-de-soudure-pour-cornet-aluminium-er5183-almg45mn-alu3\\\/#primaryimage\",\"url\":\"https:\\\/\\\/www.koro.net.pl\\\/wp-content\\\/uploads\\\/2025\\\/10\\\/Alu-Mg-45-800x800-1.png\",\"contentUrl\":\"https:\\\/\\\/www.koro.net.pl\\\/wp-content\\\/uploads\\\/2025\\\/10\\\/Alu-Mg-45-800x800-1.png\",\"width\":800,\"height\":800,\"caption\":\"Drut spawalniczy do aluminium ER5183 (AlMg4,5Mn) Poradnik\"},{\"@type\":\"BreadcrumbList\",\"@id\":\"https:\\\/\\\/www.koro.net.pl\\\/fr\\\/produkt\\\/fil-de-soudure-pour-cornet-aluminium-er5183-almg45mn-alu3\\\/#breadcrumb\",\"itemListElement\":[{\"@type\":\"ListItem\",\"position\":1,\"name\":\"Strona g\u0142\u00f3wna\",\"item\":\"https:\\\/\\\/www.koro.net.pl\\\/fr\\\/\"},{\"@type\":\"ListItem\",\"position\":2,\"name\":\"Fils de soudure\",\"item\":\"https:\\\/\\\/www.koro.net.pl\\\/fr\\\/produkty\\\/fils-de-soudure\\\/\"},{\"@type\":\"ListItem\",\"position\":3,\"name\":\"Fil de soudure pour cornet aluminium ER5183 (AlMg4,5Mn) ALU3\"}]},{\"@type\":\"WebSite\",\"@id\":\"https:\\\/\\\/www.koro.net.pl\\\/fr\\\/#website\",\"url\":\"https:\\\/\\\/www.koro.net.pl\\\/fr\\\/\",\"name\":\"Koronet\",\"description\":\"\",\"publisher\":{\"@id\":\"https:\\\/\\\/www.koro.net.pl\\\/fr\\\/#organization\"},\"potentialAction\":[{\"@type\":\"SearchAction\",\"target\":{\"@type\":\"EntryPoint\",\"urlTemplate\":\"https:\\\/\\\/www.koro.net.pl\\\/fr\\\/?s={search_term_string}\"},\"query-input\":{\"@type\":\"PropertyValueSpecification\",\"valueRequired\":true,\"valueName\":\"search_term_string\"}}],\"inLanguage\":\"fr-FR\"},{\"@type\":\"Organization\",\"@id\":\"https:\\\/\\\/www.koro.net.pl\\\/fr\\\/#organization\",\"name\":\"Koronet\",\"alternateName\":\"Koronet\",\"url\":\"https:\\\/\\\/www.koro.net.pl\\\/fr\\\/\",\"logo\":{\"@type\":\"ImageObject\",\"inLanguage\":\"fr-FR\",\"@id\":\"https:\\\/\\\/www.koro.net.pl\\\/fr\\\/#\\\/schema\\\/logo\\\/image\\\/\",\"url\":\"https:\\\/\\\/www.koro.net.pl\\\/wp-content\\\/uploads\\\/2025\\\/02\\\/Koronet-spolka-z-o.o.png\",\"contentUrl\":\"https:\\\/\\\/www.koro.net.pl\\\/wp-content\\\/uploads\\\/2025\\\/02\\\/Koronet-spolka-z-o.o.png\",\"width\":696,\"height\":696,\"caption\":\"Koronet\"},\"image\":{\"@id\":\"https:\\\/\\\/www.koro.net.pl\\\/fr\\\/#\\\/schema\\\/logo\\\/image\\\/\"}}]}<\/script>\n<!-- \/ Yoast SEO plugin. -->","yoast_head_json":{"title":"Fil de soudure en aluminium ER5183 AlMg4,5 Mn | Coroner","description":"Fil d\u2019aluminium KORONET ER5183 (AlMg4,5 Mn) \u2013 haute r\u00e9sistance, bonne r\u00e9sistance aux impacts et r\u00e9sistance \u00e0 la corrosion. Id\u00e9al pour les structures marines et les semi-remorques.","robots":{"index":"index","follow":"follow","max-snippet":"max-snippet:-1","max-image-preview":"max-image-preview:large","max-video-preview":"max-video-preview:-1"},"canonical":"https:\/\/www.koro.net.pl\/fr\/produkt\/fil-de-soudure-pour-cornet-aluminium-er5183-almg45mn-alu3\/","og_locale":"fr_FR","og_type":"article","og_title":"Fil de soudure en aluminium ER5183 AlMg4,5 Mn | Coroner","og_description":"Fil d\u2019aluminium KORONET ER5183 (AlMg4,5 Mn) \u2013 haute r\u00e9sistance, bonne r\u00e9sistance aux impacts et r\u00e9sistance \u00e0 la corrosion. Id\u00e9al pour les structures marines et les semi-remorques.","og_url":"https:\/\/www.koro.net.pl\/fr\/produkt\/fil-de-soudure-pour-cornet-aluminium-er5183-almg45mn-alu3\/","og_site_name":"Koronet","og_image":[{"width":800,"height":800,"url":"https:\/\/www.koro.net.pl\/wp-content\/uploads\/2025\/10\/Alu-Mg-45-800x800-1.png","type":"image\/png"}],"twitter_card":"summary_large_image","twitter_misc":{"Dur\u00e9e de lecture estim\u00e9e":"2 minutes"},"schema":{"@context":"https:\/\/schema.org","@graph":[{"@type":"WebPage","@id":"https:\/\/www.koro.net.pl\/fr\/produkt\/fil-de-soudure-pour-cornet-aluminium-er5183-almg45mn-alu3\/","url":"https:\/\/www.koro.net.pl\/fr\/produkt\/fil-de-soudure-pour-cornet-aluminium-er5183-almg45mn-alu3\/","name":"Fil de soudure en aluminium ER5183 AlMg4,5 Mn | Coroner","isPartOf":{"@id":"https:\/\/www.koro.net.pl\/fr\/#website"},"primaryImageOfPage":{"@id":"https:\/\/www.koro.net.pl\/fr\/produkt\/fil-de-soudure-pour-cornet-aluminium-er5183-almg45mn-alu3\/#primaryimage"},"image":{"@id":"https:\/\/www.koro.net.pl\/fr\/produkt\/fil-de-soudure-pour-cornet-aluminium-er5183-almg45mn-alu3\/#primaryimage"},"thumbnailUrl":"https:\/\/www.koro.net.pl\/wp-content\/uploads\/2025\/10\/Alu-Mg-45-800x800-1.png","datePublished":"2025-10-31T09:11:47+00:00","description":"Fil d\u2019aluminium KORONET ER5183 (AlMg4,5 Mn) \u2013 haute r\u00e9sistance, bonne r\u00e9sistance aux impacts et r\u00e9sistance \u00e0 la corrosion. Id\u00e9al pour les structures marines et les semi-remorques.","breadcrumb":{"@id":"https:\/\/www.koro.net.pl\/fr\/produkt\/fil-de-soudure-pour-cornet-aluminium-er5183-almg45mn-alu3\/#breadcrumb"},"inLanguage":"fr-FR","potentialAction":[{"@type":"ReadAction","target":["https:\/\/www.koro.net.pl\/fr\/produkt\/fil-de-soudure-pour-cornet-aluminium-er5183-almg45mn-alu3\/"]}]},{"@type":"ImageObject","inLanguage":"fr-FR","@id":"https:\/\/www.koro.net.pl\/fr\/produkt\/fil-de-soudure-pour-cornet-aluminium-er5183-almg45mn-alu3\/#primaryimage","url":"https:\/\/www.koro.net.pl\/wp-content\/uploads\/2025\/10\/Alu-Mg-45-800x800-1.png","contentUrl":"https:\/\/www.koro.net.pl\/wp-content\/uploads\/2025\/10\/Alu-Mg-45-800x800-1.png","width":800,"height":800,"caption":"Drut spawalniczy do aluminium ER5183 (AlMg4,5Mn) Poradnik"},{"@type":"BreadcrumbList","@id":"https:\/\/www.koro.net.pl\/fr\/produkt\/fil-de-soudure-pour-cornet-aluminium-er5183-almg45mn-alu3\/#breadcrumb","itemListElement":[{"@type":"ListItem","position":1,"name":"Strona g\u0142\u00f3wna","item":"https:\/\/www.koro.net.pl\/fr\/"},{"@type":"ListItem","position":2,"name":"Fils de soudure","item":"https:\/\/www.koro.net.pl\/fr\/produkty\/fils-de-soudure\/"},{"@type":"ListItem","position":3,"name":"Fil de soudure pour cornet aluminium ER5183 (AlMg4,5Mn) ALU3"}]},{"@type":"WebSite","@id":"https:\/\/www.koro.net.pl\/fr\/#website","url":"https:\/\/www.koro.net.pl\/fr\/","name":"Koronet","description":"","publisher":{"@id":"https:\/\/www.koro.net.pl\/fr\/#organization"},"potentialAction":[{"@type":"SearchAction","target":{"@type":"EntryPoint","urlTemplate":"https:\/\/www.koro.net.pl\/fr\/?s={search_term_string}"},"query-input":{"@type":"PropertyValueSpecification","valueRequired":true,"valueName":"search_term_string"}}],"inLanguage":"fr-FR"},{"@type":"Organization","@id":"https:\/\/www.koro.net.pl\/fr\/#organization","name":"Koronet","alternateName":"Koronet","url":"https:\/\/www.koro.net.pl\/fr\/","logo":{"@type":"ImageObject","inLanguage":"fr-FR","@id":"https:\/\/www.koro.net.pl\/fr\/#\/schema\/logo\/image\/","url":"https:\/\/www.koro.net.pl\/wp-content\/uploads\/2025\/02\/Koronet-spolka-z-o.o.png","contentUrl":"https:\/\/www.koro.net.pl\/wp-content\/uploads\/2025\/02\/Koronet-spolka-z-o.o.png","width":696,"height":696,"caption":"Koronet"},"image":{"@id":"https:\/\/www.koro.net.pl\/fr\/#\/schema\/logo\/image\/"}}]}},"_links":{"self":[{"href":"https:\/\/www.koro.net.pl\/fr\/wp-json\/wp\/v2\/product\/12939","targetHints":{"allow":["GET"]}}],"collection":[{"href":"https:\/\/www.koro.net.pl\/fr\/wp-json\/wp\/v2\/product"}],"about":[{"href":"https:\/\/www.koro.net.pl\/fr\/wp-json\/wp\/v2\/types\/product"}],"wp:featuredmedia":[{"embeddable":true,"href":"https:\/\/www.koro.net.pl\/fr\/wp-json\/wp\/v2\/media\/8039"}],"wp:attachment":[{"href":"https:\/\/www.koro.net.pl\/fr\/wp-json\/wp\/v2\/media?parent=12939"}],"wp:term":[{"taxonomy":"product_brand","embeddable":true,"href":"https:\/\/www.koro.net.pl\/fr\/wp-json\/wp\/v2\/product_brand?post=12939"},{"taxonomy":"product_cat","embeddable":true,"href":"https:\/\/www.koro.net.pl\/fr\/wp-json\/wp\/v2\/product_cat?post=12939"},{"taxonomy":"product_tag","embeddable":true,"href":"https:\/\/www.koro.net.pl\/fr\/wp-json\/wp\/v2\/product_tag?post=12939"}],"curies":[{"name":"wp","href":"https:\/\/api.w.org\/{rel}","templated":true}]}}