{"id":12918,"date":"2025-10-29T12:24:47","date_gmt":"2025-10-29T11:24:47","guid":{"rendered":"https:\/\/www.koro.net.pl\/produkt\/spray-de-soudage-anti-echardes-silicone-koronet-anti-soudure-400ml\/"},"modified":"2025-10-29T12:24:47","modified_gmt":"2025-10-29T11:24:47","slug":"spray-de-soudage-anti-echardes-silicone-koronet-anti-soudure-400ml","status":"publish","type":"product","link":"https:\/\/www.koro.net.pl\/fr\/produkt\/spray-de-soudage-anti-echardes-silicone-koronet-anti-soudure-400ml\/","title":{"rendered":"Spray de soudage anti-\u00e9chardes, silicone Koronet anti-soudure 400ml"},"content":{"rendered":"<h2 data-start=\"835\" data-end=\"899\"><strong data-start=\"839\" data-end=\"899\">AntiWeld \u2013 Spray de soudage anti-\u00e9chardes sans silicone<\/strong><\/h2>\n<h3 data-start=\"901\" data-end=\"1373\"><strong data-start=\"901\" data-end=\"919\">Description du produit :<\/strong><\/h3>\n<p data-start=\"901\" data-end=\"1373\">AntyWeld est un agent de protection en a\u00e9rosol professionnel con\u00e7u pour prot\u00e9ger les composants soud\u00e9s et les accessoires de soudure contre l\u2019adh\u00e9rence des \u00e9claboussures m\u00e9talliques.<br data-start=\"1094\" data-end=\"1097\">La formulation forme une fine couche protectrice r\u00e9sistante \u00e0 la chaleur qui emp\u00eache efficacement les particules m\u00e9talliques de coller pendant la soudure.<br data-start=\"1241\" data-end=\"1244\">Il est sans silicone \u2013 ce qui le rend s\u00fbr pour les proc\u00e9d\u00e9s ult\u00e9rieurs de peinture, galvanisation et peinture en poudre.<\/p>\n<h3 data-start=\"1375\" data-end=\"1394\"><strong data-start=\"1375\" data-end=\"1392\">Application :<\/strong><\/h3>\n<ul data-start=\"1395\" data-end=\"1645\">\n<li data-start=\"1395\" data-end=\"1466\">\n<p data-start=\"1397\" data-end=\"1466\">Protection des buses, embouts \u00e9lectriques, torches et torches<\/p>\n<\/li>\n<li data-start=\"1467\" data-end=\"1535\">\n<p data-start=\"1469\" data-end=\"1535\">Protection des composants soud\u00e9s contre l\u2019adh\u00e9rence des copeaux<\/p>\n<\/li>\n<li data-start=\"1536\" data-end=\"1575\">\n<p data-start=\"1538\" data-end=\"1575\">Soudure MIG\/MAG, TIG, MMA<\/p>\n<\/li>\n<li data-start=\"1576\" data-end=\"1645\">\n<p data-start=\"1578\" data-end=\"1645\">Ateliers de serrurerie, production de structures en acier, automobile<\/p>\n<\/li>\n<\/ul>\n<h3 data-start=\"1647\" data-end=\"1669\"><strong data-start=\"1647\" data-end=\"1667\">Avantages produits :<\/strong><\/h3>\n<ul data-start=\"1670\" data-end=\"1947\">\n<li data-start=\"1670\" data-end=\"1729\">\n<p data-start=\"1672\" data-end=\"1729\">Sans silicone \u2013 cela n\u2019affecte pas l\u2019adh\u00e9rence des peintures et des rev\u00eatements<\/p>\n<\/li>\n<li data-start=\"1730\" data-end=\"1783\">\n<p data-start=\"1732\" data-end=\"1783\">Prot\u00e8ge les \u00e9quipements de soudure, prolonge sa dur\u00e9e de vie<\/p>\n<\/li>\n<li data-start=\"1784\" data-end=\"1831\">\n<p data-start=\"1786\" data-end=\"1831\">Facilite le nettoyage des surfaces apr\u00e8s soudure<\/p>\n<\/li>\n<li data-start=\"1832\" data-end=\"1867\">\n<p data-start=\"1834\" data-end=\"1867\">R\u00e9sistance \u00e0 haute temp\u00e9rature<\/p>\n<\/li>\n<li data-start=\"1868\" data-end=\"1906\">\n<p data-start=\"1870\" data-end=\"1906\">Ne provoque ni corrosion ni d\u00e9coloration<\/p>\n<\/li>\n<li data-start=\"1907\" data-end=\"1947\">\n<p data-start=\"1909\" data-end=\"1947\">S\u00e9chage rapide et \u00e9conomique \u00e0 utiliser<\/p>\n<\/li>\n<\/ul>\n<h3 data-start=\"1949\" data-end=\"1976\"><strong data-start=\"1949\" data-end=\"1974\">Param\u00e8tres techniques :<\/strong><\/h3>\n<ul data-start=\"1977\" data-end=\"2177\">\n<li data-start=\"1977\" data-end=\"2004\">\n<p data-start=\"1979\" data-end=\"2004\">Forme : A\u00e9rosol (Spray)<\/p>\n<\/li>\n<li data-start=\"2005\" data-end=\"2039\">\n<p data-start=\"2007\" data-end=\"2039\">Couleur : Incolore, inodore<\/p>\n<\/li>\n<li data-start=\"2040\" data-end=\"2068\">\n<p data-start=\"2042\" data-end=\"2068\">Densit\u00e9 : 0,84 &#8211; 0,85 g\/cm\u00b3<\/p>\n<\/li>\n<li data-start=\"2069\" data-end=\"2118\">\n<p data-start=\"2071\" data-end=\"2118\">Transporteur : m\u00e9lange propane\/butane<\/p>\n<\/li>\n<li data-start=\"2119\" data-end=\"2177\">\n<p data-start=\"2121\" data-end=\"2177\">Classification : A\u00e9rosol extr\u00eamement inflammable (H222, H229)<\/p>\n<\/li>\n<\/ul>\n<p data-start=\"2179\" data-end=\"2247\"><strong data-start=\"2179\" data-end=\"2193\">Capacit\u00e9 :<\/strong> 400 ml<\/p>\n","protected":false},"excerpt":{"rendered":"<p>AntiWeld \u2013 Spray de soudage anti-\u00e9chardes sans silicone Description du produit : AntyWeld est un agent de protection en a\u00e9rosol professionnel con\u00e7u pour prot\u00e9ger les composants soud\u00e9s et les accessoires [&hellip;]<\/p>\n","protected":false},"featured_media":8014,"template":"","meta":{"_acf_changed":false},"product_brand":[],"product_cat":[222,211],"product_tag":[],"class_list":{"0":"post-12918","1":"product","2":"type-product","3":"status-publish","4":"has-post-thumbnail","6":"product_cat-autres","7":"product_cat-huiles-et-liquides-de-refroidissement","9":"first","10":"instock","11":"taxable","12":"shipping-taxable","13":"purchasable","14":"product-type-simple"},"acf":[],"yoast_head":"<!-- This site is optimized with the Yoast SEO plugin v27.5 - https:\/\/yoast.com\/product\/yoast-seo-wordpress\/ -->\n<title>AntyWeld \u2013 spray anti-\u00e9chardes sans silicone | Coroner<\/title>\n<meta name=\"description\" content=\"AntyWeld est un spray anti-\u00e9chard\u00e9s professionnel sans silicone. Prot\u00e8ge les buses et surfaces lors du soudage MIG\/MAG, TIG, MMA.\" \/>\n<meta name=\"robots\" content=\"index, follow, max-snippet:-1, max-image-preview:large, max-video-preview:-1\" \/>\n<link rel=\"canonical\" href=\"https:\/\/www.koro.net.pl\/fr\/produkt\/spray-de-soudage-anti-echardes-silicone-koronet-anti-soudure-400ml\/\" \/>\n<meta property=\"og:locale\" content=\"fr_FR\" \/>\n<meta property=\"og:type\" content=\"article\" \/>\n<meta property=\"og:title\" content=\"AntyWeld \u2013 spray anti-\u00e9chardes sans silicone | Coroner\" \/>\n<meta property=\"og:description\" content=\"AntyWeld est un spray anti-\u00e9chard\u00e9s professionnel sans silicone. Prot\u00e8ge les buses et surfaces lors du soudage MIG\/MAG, TIG, MMA.\" \/>\n<meta property=\"og:url\" content=\"https:\/\/www.koro.net.pl\/fr\/produkt\/spray-de-soudage-anti-echardes-silicone-koronet-anti-soudure-400ml\/\" \/>\n<meta property=\"og:site_name\" content=\"Koronet\" \/>\n<meta property=\"og:image\" content=\"https:\/\/www.koro.net.pl\/wp-content\/uploads\/2025\/10\/AntyWeld-przod-800x800-1.png\" \/>\n\t<meta property=\"og:image:width\" content=\"800\" \/>\n\t<meta property=\"og:image:height\" content=\"800\" \/>\n\t<meta property=\"og:image:type\" content=\"image\/png\" \/>\n<meta name=\"twitter:card\" content=\"summary_large_image\" \/>\n<meta name=\"twitter:label1\" content=\"Dur\u00e9e de lecture estim\u00e9e\" \/>\n\t<meta name=\"twitter:data1\" content=\"1 minute\" \/>\n<script type=\"application\/ld+json\" class=\"yoast-schema-graph\">{\"@context\":\"https:\\\/\\\/schema.org\",\"@graph\":[{\"@type\":\"WebPage\",\"@id\":\"https:\\\/\\\/www.koro.net.pl\\\/fr\\\/produkt\\\/spray-de-soudage-anti-echardes-silicone-koronet-anti-soudure-400ml\\\/\",\"url\":\"https:\\\/\\\/www.koro.net.pl\\\/fr\\\/produkt\\\/spray-de-soudage-anti-echardes-silicone-koronet-anti-soudure-400ml\\\/\",\"name\":\"AntyWeld \u2013 spray anti-\u00e9chardes sans silicone | Coroner\",\"isPartOf\":{\"@id\":\"https:\\\/\\\/www.koro.net.pl\\\/fr\\\/#website\"},\"primaryImageOfPage\":{\"@id\":\"https:\\\/\\\/www.koro.net.pl\\\/fr\\\/produkt\\\/spray-de-soudage-anti-echardes-silicone-koronet-anti-soudure-400ml\\\/#primaryimage\"},\"image\":{\"@id\":\"https:\\\/\\\/www.koro.net.pl\\\/fr\\\/produkt\\\/spray-de-soudage-anti-echardes-silicone-koronet-anti-soudure-400ml\\\/#primaryimage\"},\"thumbnailUrl\":\"https:\\\/\\\/www.koro.net.pl\\\/wp-content\\\/uploads\\\/2025\\\/10\\\/AntyWeld-przod-800x800-1.png\",\"datePublished\":\"2025-10-29T11:24:47+00:00\",\"description\":\"AntyWeld est un spray anti-\u00e9chard\u00e9s professionnel sans silicone. Prot\u00e8ge les buses et surfaces lors du soudage MIG\\\/MAG, TIG, MMA.\",\"breadcrumb\":{\"@id\":\"https:\\\/\\\/www.koro.net.pl\\\/fr\\\/produkt\\\/spray-de-soudage-anti-echardes-silicone-koronet-anti-soudure-400ml\\\/#breadcrumb\"},\"inLanguage\":\"fr-FR\",\"potentialAction\":[{\"@type\":\"ReadAction\",\"target\":[\"https:\\\/\\\/www.koro.net.pl\\\/fr\\\/produkt\\\/spray-de-soudage-anti-echardes-silicone-koronet-anti-soudure-400ml\\\/\"]}]},{\"@type\":\"ImageObject\",\"inLanguage\":\"fr-FR\",\"@id\":\"https:\\\/\\\/www.koro.net.pl\\\/fr\\\/produkt\\\/spray-de-soudage-anti-echardes-silicone-koronet-anti-soudure-400ml\\\/#primaryimage\",\"url\":\"https:\\\/\\\/www.koro.net.pl\\\/wp-content\\\/uploads\\\/2025\\\/10\\\/AntyWeld-przod-800x800-1.png\",\"contentUrl\":\"https:\\\/\\\/www.koro.net.pl\\\/wp-content\\\/uploads\\\/2025\\\/10\\\/AntyWeld-przod-800x800-1.png\",\"width\":800,\"height\":800,\"caption\":\"Preparat antyodpryskowy Koronet\"},{\"@type\":\"BreadcrumbList\",\"@id\":\"https:\\\/\\\/www.koro.net.pl\\\/fr\\\/produkt\\\/spray-de-soudage-anti-echardes-silicone-koronet-anti-soudure-400ml\\\/#breadcrumb\",\"itemListElement\":[{\"@type\":\"ListItem\",\"position\":1,\"name\":\"Strona g\u0142\u00f3wna\",\"item\":\"https:\\\/\\\/www.koro.net.pl\\\/fr\\\/\"},{\"@type\":\"ListItem\",\"position\":2,\"name\":\"Spray de soudage anti-\u00e9chardes, silicone Koronet anti-soudure 400ml\"}]},{\"@type\":\"WebSite\",\"@id\":\"https:\\\/\\\/www.koro.net.pl\\\/fr\\\/#website\",\"url\":\"https:\\\/\\\/www.koro.net.pl\\\/fr\\\/\",\"name\":\"Koronet\",\"description\":\"\",\"publisher\":{\"@id\":\"https:\\\/\\\/www.koro.net.pl\\\/fr\\\/#organization\"},\"potentialAction\":[{\"@type\":\"SearchAction\",\"target\":{\"@type\":\"EntryPoint\",\"urlTemplate\":\"https:\\\/\\\/www.koro.net.pl\\\/fr\\\/?s={search_term_string}\"},\"query-input\":{\"@type\":\"PropertyValueSpecification\",\"valueRequired\":true,\"valueName\":\"search_term_string\"}}],\"inLanguage\":\"fr-FR\"},{\"@type\":\"Organization\",\"@id\":\"https:\\\/\\\/www.koro.net.pl\\\/fr\\\/#organization\",\"name\":\"Koronet\",\"alternateName\":\"Koronet\",\"url\":\"https:\\\/\\\/www.koro.net.pl\\\/fr\\\/\",\"logo\":{\"@type\":\"ImageObject\",\"inLanguage\":\"fr-FR\",\"@id\":\"https:\\\/\\\/www.koro.net.pl\\\/fr\\\/#\\\/schema\\\/logo\\\/image\\\/\",\"url\":\"https:\\\/\\\/www.koro.net.pl\\\/wp-content\\\/uploads\\\/2025\\\/02\\\/Koronet-spolka-z-o.o.png\",\"contentUrl\":\"https:\\\/\\\/www.koro.net.pl\\\/wp-content\\\/uploads\\\/2025\\\/02\\\/Koronet-spolka-z-o.o.png\",\"width\":696,\"height\":696,\"caption\":\"Koronet\"},\"image\":{\"@id\":\"https:\\\/\\\/www.koro.net.pl\\\/fr\\\/#\\\/schema\\\/logo\\\/image\\\/\"}}]}<\/script>\n<!-- \/ Yoast SEO plugin. -->","yoast_head_json":{"title":"AntyWeld \u2013 spray anti-\u00e9chardes sans silicone | Coroner","description":"AntyWeld est un spray anti-\u00e9chard\u00e9s professionnel sans silicone. Prot\u00e8ge les buses et surfaces lors du soudage MIG\/MAG, TIG, MMA.","robots":{"index":"index","follow":"follow","max-snippet":"max-snippet:-1","max-image-preview":"max-image-preview:large","max-video-preview":"max-video-preview:-1"},"canonical":"https:\/\/www.koro.net.pl\/fr\/produkt\/spray-de-soudage-anti-echardes-silicone-koronet-anti-soudure-400ml\/","og_locale":"fr_FR","og_type":"article","og_title":"AntyWeld \u2013 spray anti-\u00e9chardes sans silicone | Coroner","og_description":"AntyWeld est un spray anti-\u00e9chard\u00e9s professionnel sans silicone. Prot\u00e8ge les buses et surfaces lors du soudage MIG\/MAG, TIG, MMA.","og_url":"https:\/\/www.koro.net.pl\/fr\/produkt\/spray-de-soudage-anti-echardes-silicone-koronet-anti-soudure-400ml\/","og_site_name":"Koronet","og_image":[{"width":800,"height":800,"url":"https:\/\/www.koro.net.pl\/wp-content\/uploads\/2025\/10\/AntyWeld-przod-800x800-1.png","type":"image\/png"}],"twitter_card":"summary_large_image","twitter_misc":{"Dur\u00e9e de lecture estim\u00e9e":"1 minute"},"schema":{"@context":"https:\/\/schema.org","@graph":[{"@type":"WebPage","@id":"https:\/\/www.koro.net.pl\/fr\/produkt\/spray-de-soudage-anti-echardes-silicone-koronet-anti-soudure-400ml\/","url":"https:\/\/www.koro.net.pl\/fr\/produkt\/spray-de-soudage-anti-echardes-silicone-koronet-anti-soudure-400ml\/","name":"AntyWeld \u2013 spray anti-\u00e9chardes sans silicone | Coroner","isPartOf":{"@id":"https:\/\/www.koro.net.pl\/fr\/#website"},"primaryImageOfPage":{"@id":"https:\/\/www.koro.net.pl\/fr\/produkt\/spray-de-soudage-anti-echardes-silicone-koronet-anti-soudure-400ml\/#primaryimage"},"image":{"@id":"https:\/\/www.koro.net.pl\/fr\/produkt\/spray-de-soudage-anti-echardes-silicone-koronet-anti-soudure-400ml\/#primaryimage"},"thumbnailUrl":"https:\/\/www.koro.net.pl\/wp-content\/uploads\/2025\/10\/AntyWeld-przod-800x800-1.png","datePublished":"2025-10-29T11:24:47+00:00","description":"AntyWeld est un spray anti-\u00e9chard\u00e9s professionnel sans silicone. Prot\u00e8ge les buses et surfaces lors du soudage MIG\/MAG, TIG, MMA.","breadcrumb":{"@id":"https:\/\/www.koro.net.pl\/fr\/produkt\/spray-de-soudage-anti-echardes-silicone-koronet-anti-soudure-400ml\/#breadcrumb"},"inLanguage":"fr-FR","potentialAction":[{"@type":"ReadAction","target":["https:\/\/www.koro.net.pl\/fr\/produkt\/spray-de-soudage-anti-echardes-silicone-koronet-anti-soudure-400ml\/"]}]},{"@type":"ImageObject","inLanguage":"fr-FR","@id":"https:\/\/www.koro.net.pl\/fr\/produkt\/spray-de-soudage-anti-echardes-silicone-koronet-anti-soudure-400ml\/#primaryimage","url":"https:\/\/www.koro.net.pl\/wp-content\/uploads\/2025\/10\/AntyWeld-przod-800x800-1.png","contentUrl":"https:\/\/www.koro.net.pl\/wp-content\/uploads\/2025\/10\/AntyWeld-przod-800x800-1.png","width":800,"height":800,"caption":"Preparat antyodpryskowy Koronet"},{"@type":"BreadcrumbList","@id":"https:\/\/www.koro.net.pl\/fr\/produkt\/spray-de-soudage-anti-echardes-silicone-koronet-anti-soudure-400ml\/#breadcrumb","itemListElement":[{"@type":"ListItem","position":1,"name":"Strona g\u0142\u00f3wna","item":"https:\/\/www.koro.net.pl\/fr\/"},{"@type":"ListItem","position":2,"name":"Spray de soudage anti-\u00e9chardes, silicone Koronet anti-soudure 400ml"}]},{"@type":"WebSite","@id":"https:\/\/www.koro.net.pl\/fr\/#website","url":"https:\/\/www.koro.net.pl\/fr\/","name":"Koronet","description":"","publisher":{"@id":"https:\/\/www.koro.net.pl\/fr\/#organization"},"potentialAction":[{"@type":"SearchAction","target":{"@type":"EntryPoint","urlTemplate":"https:\/\/www.koro.net.pl\/fr\/?s={search_term_string}"},"query-input":{"@type":"PropertyValueSpecification","valueRequired":true,"valueName":"search_term_string"}}],"inLanguage":"fr-FR"},{"@type":"Organization","@id":"https:\/\/www.koro.net.pl\/fr\/#organization","name":"Koronet","alternateName":"Koronet","url":"https:\/\/www.koro.net.pl\/fr\/","logo":{"@type":"ImageObject","inLanguage":"fr-FR","@id":"https:\/\/www.koro.net.pl\/fr\/#\/schema\/logo\/image\/","url":"https:\/\/www.koro.net.pl\/wp-content\/uploads\/2025\/02\/Koronet-spolka-z-o.o.png","contentUrl":"https:\/\/www.koro.net.pl\/wp-content\/uploads\/2025\/02\/Koronet-spolka-z-o.o.png","width":696,"height":696,"caption":"Koronet"},"image":{"@id":"https:\/\/www.koro.net.pl\/fr\/#\/schema\/logo\/image\/"}}]}},"_links":{"self":[{"href":"https:\/\/www.koro.net.pl\/fr\/wp-json\/wp\/v2\/product\/12918","targetHints":{"allow":["GET"]}}],"collection":[{"href":"https:\/\/www.koro.net.pl\/fr\/wp-json\/wp\/v2\/product"}],"about":[{"href":"https:\/\/www.koro.net.pl\/fr\/wp-json\/wp\/v2\/types\/product"}],"wp:featuredmedia":[{"embeddable":true,"href":"https:\/\/www.koro.net.pl\/fr\/wp-json\/wp\/v2\/media\/8014"}],"wp:attachment":[{"href":"https:\/\/www.koro.net.pl\/fr\/wp-json\/wp\/v2\/media?parent=12918"}],"wp:term":[{"taxonomy":"product_brand","embeddable":true,"href":"https:\/\/www.koro.net.pl\/fr\/wp-json\/wp\/v2\/product_brand?post=12918"},{"taxonomy":"product_cat","embeddable":true,"href":"https:\/\/www.koro.net.pl\/fr\/wp-json\/wp\/v2\/product_cat?post=12918"},{"taxonomy":"product_tag","embeddable":true,"href":"https:\/\/www.koro.net.pl\/fr\/wp-json\/wp\/v2\/product_tag?post=12918"}],"curies":[{"name":"wp","href":"https:\/\/api.w.org\/{rel}","templated":true}]}}