{"id":12890,"date":"2024-12-11T15:52:01","date_gmt":"2024-12-11T14:52:01","guid":{"rendered":"https:\/\/www.koro.net.pl\/produkt\/koronet-de-fil-de-soudage-pour-mig-en-aluminium-alsi5\/"},"modified":"2024-12-11T15:52:01","modified_gmt":"2024-12-11T14:52:01","slug":"koronet-de-fil-de-soudage-pour-mig-en-aluminium-alsi5","status":"publish","type":"product","link":"https:\/\/www.koro.net.pl\/fr\/produkt\/koronet-de-fil-de-soudage-pour-mig-en-aluminium-alsi5\/","title":{"rendered":"Koronet de fil de soudage pour MIG en aluminium (AlSi5)"},"content":{"rendered":"<p>Le fil AlSi5 ER4043 est principalement compos\u00e9 d\u2019aluminium et d\u2019environ 5 % d\u2019additifs en silicium. Cela se traduit par une meilleure fluidit\u00e9 (adh\u00e9rence) du bassin de soudure. Une grande fluidit\u00e9 permet une esth\u00e9tique et moins sujette aux fissures par soudure. Le risque d\u2019articulations poreuses est \u00e9galement r\u00e9duit.   <\/p>\n<p>Le fil ajout\u00e9 au silicium est un fil polyvalent pour le soudage \u00e0 diff\u00e9rentes positions. Ce type de fil de soudure est souvent utilis\u00e9 pour souder des ch\u00e2ssis de voitures, des pi\u00e8ces a\u00e9rospatiales telles que les ailes et les r\u00e9servoirs. Il est parfait pour souder des \u00e9l\u00e9ments structurels en aluminium. En raison de sa r\u00e9sistance \u00e0 la corrosion, les fils AlSi5 sont utilis\u00e9s avec succ\u00e8s dans la construction navale.   <\/p>\n<ul>\n<li>D\u00e9claration de performance de la CE.<\/li>\n<li>Gaz de protection : Ar.<\/li>\n<li>M\u00e9thode de soudage : MIG.<\/li>\n<li>Classification des alliages : PN-EN ISO 18273 : S Al 4043 (AlSi5)<br \/>\n Classification des alliages : AWS A5.10 : ER 4043<\/li>\n<li>Courant de soudage : =+<\/li>\n<\/ul>\n<table>\n<tbody>\n<tr>\n<td><strong>POIDS<\/strong><\/td>\n<td><strong>BULE-BOULE<\/strong><\/td>\n<td><strong>DI\u00c2TRE<\/strong><\/td>\n<\/tr>\n<tr>\n<td>0,45 KG<\/td>\n<td>D100<\/td>\n<td>0,8 mm<\/td>\n<\/tr>\n<tr>\n<td>0,45 KG<\/td>\n<td>D100<\/td>\n<td>1,0 mm<\/td>\n<\/tr>\n<tr>\n<td>2 KG<\/td>\n<td>D200<\/td>\n<td>0,8 mm<\/td>\n<\/tr>\n<tr>\n<td>2 KG<\/td>\n<td>D200<\/td>\n<td>1,0 mm<\/td>\n<\/tr>\n<tr>\n<td>2 KG<\/td>\n<td>D200<\/td>\n<td>1,2 mm<\/td>\n<\/tr>\n<tr>\n<td>7 KG<\/td>\n<td>D300<\/td>\n<td>0,8 mm<\/td>\n<\/tr>\n<tr>\n<td>7 KG<\/td>\n<td>D300<\/td>\n<td>1,0 mm<\/td>\n<\/tr>\n<tr>\n<td>7 KG<\/td>\n<td>D300<\/td>\n<td>1,2 mm<\/td>\n<\/tr>\n<\/tbody>\n<\/table>\n","protected":false},"excerpt":{"rendered":"<p>Le fil AlSi5 ER4043 est principalement compos\u00e9 d\u2019aluminium et d\u2019environ 5 % d\u2019additifs en silicium. Cela se traduit par une meilleure fluidit\u00e9 (adh\u00e9rence) du bassin de soudure. Une grande fluidit\u00e9 [&hellip;]<\/p>\n","protected":false},"featured_media":7218,"template":"","meta":{"_acf_changed":false},"product_brand":[],"product_cat":[226,175,184],"product_tag":[201],"class_list":{"0":"post-12890","1":"product","2":"type-product","3":"status-publish","4":"has-post-thumbnail","6":"product_cat-fil-de-soudure-en-alliage-daluminium-2","7":"product_cat-fils-de-soudure","8":"product_cat-machines-a-ficelle","9":"product_tag-fils-de-soudure-en-aluminium-koronet","11":"first","12":"instock","13":"taxable","14":"shipping-taxable","15":"purchasable","16":"product-type-variable","17":"has-default-attributes"},"acf":[],"yoast_head":"<!-- This site is optimized with the Yoast SEO plugin v27.5 - https:\/\/yoast.com\/product\/yoast-seo-wordpress\/ -->\n<title>Fil de Koronet ALSI5 pour soudage en alliage d\u2019aluminium<\/title>\n<meta name=\"description\" content=\"Fil ALSI5 pour soudage en aluminium. Pour le soudage, la teneur en silicium en Al-Si et Al-Mg-Si offre d\u2019excellentes propri\u00e9t\u00e9s de soudage et une excellente r\u00e9sistance \u00e0 l\u2019oxydation\" \/>\n<meta name=\"robots\" content=\"index, follow, max-snippet:-1, max-image-preview:large, max-video-preview:-1\" \/>\n<link rel=\"canonical\" href=\"https:\/\/www.koro.net.pl\/fr\/produkt\/koronet-de-fil-de-soudage-pour-mig-en-aluminium-alsi5\/\" \/>\n<meta property=\"og:locale\" content=\"fr_FR\" \/>\n<meta property=\"og:type\" content=\"article\" \/>\n<meta property=\"og:title\" content=\"Fil de Koronet ALSI5 pour soudage en alliage d\u2019aluminium\" \/>\n<meta property=\"og:description\" content=\"Fil ALSI5 pour soudage en aluminium. Pour le soudage, la teneur en silicium en Al-Si et Al-Mg-Si offre d\u2019excellentes propri\u00e9t\u00e9s de soudage et une excellente r\u00e9sistance \u00e0 l\u2019oxydation\" \/>\n<meta property=\"og:url\" content=\"https:\/\/www.koro.net.pl\/fr\/produkt\/koronet-de-fil-de-soudage-pour-mig-en-aluminium-alsi5\/\" \/>\n<meta property=\"og:site_name\" content=\"Koronet\" \/>\n<meta property=\"og:image\" content=\"https:\/\/www.koro.net.pl\/wp-content\/uploads\/2024\/12\/ALSi5-pudelko-i-szpula.png\" \/>\n\t<meta property=\"og:image:width\" content=\"600\" \/>\n\t<meta property=\"og:image:height\" content=\"600\" \/>\n\t<meta property=\"og:image:type\" content=\"image\/png\" \/>\n<meta name=\"twitter:card\" content=\"summary_large_image\" \/>\n<meta name=\"twitter:label1\" content=\"Dur\u00e9e de lecture estim\u00e9e\" \/>\n\t<meta name=\"twitter:data1\" content=\"1 minute\" \/>\n<script type=\"application\/ld+json\" class=\"yoast-schema-graph\">{\"@context\":\"https:\\\/\\\/schema.org\",\"@graph\":[{\"@type\":\"WebPage\",\"@id\":\"https:\\\/\\\/www.koro.net.pl\\\/fr\\\/produkt\\\/koronet-de-fil-de-soudage-pour-mig-en-aluminium-alsi5\\\/\",\"url\":\"https:\\\/\\\/www.koro.net.pl\\\/fr\\\/produkt\\\/koronet-de-fil-de-soudage-pour-mig-en-aluminium-alsi5\\\/\",\"name\":\"Fil de Koronet ALSI5 pour soudage en alliage d\u2019aluminium\",\"isPartOf\":{\"@id\":\"https:\\\/\\\/www.koro.net.pl\\\/fr\\\/#website\"},\"primaryImageOfPage\":{\"@id\":\"https:\\\/\\\/www.koro.net.pl\\\/fr\\\/produkt\\\/koronet-de-fil-de-soudage-pour-mig-en-aluminium-alsi5\\\/#primaryimage\"},\"image\":{\"@id\":\"https:\\\/\\\/www.koro.net.pl\\\/fr\\\/produkt\\\/koronet-de-fil-de-soudage-pour-mig-en-aluminium-alsi5\\\/#primaryimage\"},\"thumbnailUrl\":\"https:\\\/\\\/www.koro.net.pl\\\/wp-content\\\/uploads\\\/2024\\\/12\\\/ALSi5-pudelko-i-szpula.png\",\"datePublished\":\"2024-12-11T14:52:01+00:00\",\"description\":\"Fil ALSI5 pour soudage en aluminium. Pour le soudage, la teneur en silicium en Al-Si et Al-Mg-Si offre d\u2019excellentes propri\u00e9t\u00e9s de soudage et une excellente r\u00e9sistance \u00e0 l\u2019oxydation\",\"breadcrumb\":{\"@id\":\"https:\\\/\\\/www.koro.net.pl\\\/fr\\\/produkt\\\/koronet-de-fil-de-soudage-pour-mig-en-aluminium-alsi5\\\/#breadcrumb\"},\"inLanguage\":\"fr-FR\",\"potentialAction\":[{\"@type\":\"ReadAction\",\"target\":[\"https:\\\/\\\/www.koro.net.pl\\\/fr\\\/produkt\\\/koronet-de-fil-de-soudage-pour-mig-en-aluminium-alsi5\\\/\"]}]},{\"@type\":\"ImageObject\",\"inLanguage\":\"fr-FR\",\"@id\":\"https:\\\/\\\/www.koro.net.pl\\\/fr\\\/produkt\\\/koronet-de-fil-de-soudage-pour-mig-en-aluminium-alsi5\\\/#primaryimage\",\"url\":\"https:\\\/\\\/www.koro.net.pl\\\/wp-content\\\/uploads\\\/2024\\\/12\\\/ALSi5-pudelko-i-szpula.png\",\"contentUrl\":\"https:\\\/\\\/www.koro.net.pl\\\/wp-content\\\/uploads\\\/2024\\\/12\\\/ALSi5-pudelko-i-szpula.png\",\"width\":600,\"height\":600,\"caption\":\"Drut do spawania aluminium ALSi5 Koronet\"},{\"@type\":\"BreadcrumbList\",\"@id\":\"https:\\\/\\\/www.koro.net.pl\\\/fr\\\/produkt\\\/koronet-de-fil-de-soudage-pour-mig-en-aluminium-alsi5\\\/#breadcrumb\",\"itemListElement\":[{\"@type\":\"ListItem\",\"position\":1,\"name\":\"Strona g\u0142\u00f3wna\",\"item\":\"https:\\\/\\\/www.koro.net.pl\\\/fr\\\/\"},{\"@type\":\"ListItem\",\"position\":2,\"name\":\"Fils de soudure\",\"item\":\"https:\\\/\\\/www.koro.net.pl\\\/fr\\\/produkty\\\/fils-de-soudure\\\/\"},{\"@type\":\"ListItem\",\"position\":3,\"name\":\"Koronet de fil de soudage pour MIG en aluminium (AlSi5)\"}]},{\"@type\":\"WebSite\",\"@id\":\"https:\\\/\\\/www.koro.net.pl\\\/fr\\\/#website\",\"url\":\"https:\\\/\\\/www.koro.net.pl\\\/fr\\\/\",\"name\":\"Koronet\",\"description\":\"\",\"publisher\":{\"@id\":\"https:\\\/\\\/www.koro.net.pl\\\/fr\\\/#organization\"},\"potentialAction\":[{\"@type\":\"SearchAction\",\"target\":{\"@type\":\"EntryPoint\",\"urlTemplate\":\"https:\\\/\\\/www.koro.net.pl\\\/fr\\\/?s={search_term_string}\"},\"query-input\":{\"@type\":\"PropertyValueSpecification\",\"valueRequired\":true,\"valueName\":\"search_term_string\"}}],\"inLanguage\":\"fr-FR\"},{\"@type\":\"Organization\",\"@id\":\"https:\\\/\\\/www.koro.net.pl\\\/fr\\\/#organization\",\"name\":\"Koronet\",\"alternateName\":\"Koronet\",\"url\":\"https:\\\/\\\/www.koro.net.pl\\\/fr\\\/\",\"logo\":{\"@type\":\"ImageObject\",\"inLanguage\":\"fr-FR\",\"@id\":\"https:\\\/\\\/www.koro.net.pl\\\/fr\\\/#\\\/schema\\\/logo\\\/image\\\/\",\"url\":\"https:\\\/\\\/www.koro.net.pl\\\/wp-content\\\/uploads\\\/2025\\\/02\\\/Koronet-spolka-z-o.o.png\",\"contentUrl\":\"https:\\\/\\\/www.koro.net.pl\\\/wp-content\\\/uploads\\\/2025\\\/02\\\/Koronet-spolka-z-o.o.png\",\"width\":696,\"height\":696,\"caption\":\"Koronet\"},\"image\":{\"@id\":\"https:\\\/\\\/www.koro.net.pl\\\/fr\\\/#\\\/schema\\\/logo\\\/image\\\/\"}}]}<\/script>\n<!-- \/ Yoast SEO plugin. -->","yoast_head_json":{"title":"Fil de Koronet ALSI5 pour soudage en alliage d\u2019aluminium","description":"Fil ALSI5 pour soudage en aluminium. Pour le soudage, la teneur en silicium en Al-Si et Al-Mg-Si offre d\u2019excellentes propri\u00e9t\u00e9s de soudage et une excellente r\u00e9sistance \u00e0 l\u2019oxydation","robots":{"index":"index","follow":"follow","max-snippet":"max-snippet:-1","max-image-preview":"max-image-preview:large","max-video-preview":"max-video-preview:-1"},"canonical":"https:\/\/www.koro.net.pl\/fr\/produkt\/koronet-de-fil-de-soudage-pour-mig-en-aluminium-alsi5\/","og_locale":"fr_FR","og_type":"article","og_title":"Fil de Koronet ALSI5 pour soudage en alliage d\u2019aluminium","og_description":"Fil ALSI5 pour soudage en aluminium. Pour le soudage, la teneur en silicium en Al-Si et Al-Mg-Si offre d\u2019excellentes propri\u00e9t\u00e9s de soudage et une excellente r\u00e9sistance \u00e0 l\u2019oxydation","og_url":"https:\/\/www.koro.net.pl\/fr\/produkt\/koronet-de-fil-de-soudage-pour-mig-en-aluminium-alsi5\/","og_site_name":"Koronet","og_image":[{"width":600,"height":600,"url":"https:\/\/www.koro.net.pl\/wp-content\/uploads\/2024\/12\/ALSi5-pudelko-i-szpula.png","type":"image\/png"}],"twitter_card":"summary_large_image","twitter_misc":{"Dur\u00e9e de lecture estim\u00e9e":"1 minute"},"schema":{"@context":"https:\/\/schema.org","@graph":[{"@type":"WebPage","@id":"https:\/\/www.koro.net.pl\/fr\/produkt\/koronet-de-fil-de-soudage-pour-mig-en-aluminium-alsi5\/","url":"https:\/\/www.koro.net.pl\/fr\/produkt\/koronet-de-fil-de-soudage-pour-mig-en-aluminium-alsi5\/","name":"Fil de Koronet ALSI5 pour soudage en alliage d\u2019aluminium","isPartOf":{"@id":"https:\/\/www.koro.net.pl\/fr\/#website"},"primaryImageOfPage":{"@id":"https:\/\/www.koro.net.pl\/fr\/produkt\/koronet-de-fil-de-soudage-pour-mig-en-aluminium-alsi5\/#primaryimage"},"image":{"@id":"https:\/\/www.koro.net.pl\/fr\/produkt\/koronet-de-fil-de-soudage-pour-mig-en-aluminium-alsi5\/#primaryimage"},"thumbnailUrl":"https:\/\/www.koro.net.pl\/wp-content\/uploads\/2024\/12\/ALSi5-pudelko-i-szpula.png","datePublished":"2024-12-11T14:52:01+00:00","description":"Fil ALSI5 pour soudage en aluminium. Pour le soudage, la teneur en silicium en Al-Si et Al-Mg-Si offre d\u2019excellentes propri\u00e9t\u00e9s de soudage et une excellente r\u00e9sistance \u00e0 l\u2019oxydation","breadcrumb":{"@id":"https:\/\/www.koro.net.pl\/fr\/produkt\/koronet-de-fil-de-soudage-pour-mig-en-aluminium-alsi5\/#breadcrumb"},"inLanguage":"fr-FR","potentialAction":[{"@type":"ReadAction","target":["https:\/\/www.koro.net.pl\/fr\/produkt\/koronet-de-fil-de-soudage-pour-mig-en-aluminium-alsi5\/"]}]},{"@type":"ImageObject","inLanguage":"fr-FR","@id":"https:\/\/www.koro.net.pl\/fr\/produkt\/koronet-de-fil-de-soudage-pour-mig-en-aluminium-alsi5\/#primaryimage","url":"https:\/\/www.koro.net.pl\/wp-content\/uploads\/2024\/12\/ALSi5-pudelko-i-szpula.png","contentUrl":"https:\/\/www.koro.net.pl\/wp-content\/uploads\/2024\/12\/ALSi5-pudelko-i-szpula.png","width":600,"height":600,"caption":"Drut do spawania aluminium ALSi5 Koronet"},{"@type":"BreadcrumbList","@id":"https:\/\/www.koro.net.pl\/fr\/produkt\/koronet-de-fil-de-soudage-pour-mig-en-aluminium-alsi5\/#breadcrumb","itemListElement":[{"@type":"ListItem","position":1,"name":"Strona g\u0142\u00f3wna","item":"https:\/\/www.koro.net.pl\/fr\/"},{"@type":"ListItem","position":2,"name":"Fils de soudure","item":"https:\/\/www.koro.net.pl\/fr\/produkty\/fils-de-soudure\/"},{"@type":"ListItem","position":3,"name":"Koronet de fil de soudage pour MIG en aluminium (AlSi5)"}]},{"@type":"WebSite","@id":"https:\/\/www.koro.net.pl\/fr\/#website","url":"https:\/\/www.koro.net.pl\/fr\/","name":"Koronet","description":"","publisher":{"@id":"https:\/\/www.koro.net.pl\/fr\/#organization"},"potentialAction":[{"@type":"SearchAction","target":{"@type":"EntryPoint","urlTemplate":"https:\/\/www.koro.net.pl\/fr\/?s={search_term_string}"},"query-input":{"@type":"PropertyValueSpecification","valueRequired":true,"valueName":"search_term_string"}}],"inLanguage":"fr-FR"},{"@type":"Organization","@id":"https:\/\/www.koro.net.pl\/fr\/#organization","name":"Koronet","alternateName":"Koronet","url":"https:\/\/www.koro.net.pl\/fr\/","logo":{"@type":"ImageObject","inLanguage":"fr-FR","@id":"https:\/\/www.koro.net.pl\/fr\/#\/schema\/logo\/image\/","url":"https:\/\/www.koro.net.pl\/wp-content\/uploads\/2025\/02\/Koronet-spolka-z-o.o.png","contentUrl":"https:\/\/www.koro.net.pl\/wp-content\/uploads\/2025\/02\/Koronet-spolka-z-o.o.png","width":696,"height":696,"caption":"Koronet"},"image":{"@id":"https:\/\/www.koro.net.pl\/fr\/#\/schema\/logo\/image\/"}}]}},"_links":{"self":[{"href":"https:\/\/www.koro.net.pl\/fr\/wp-json\/wp\/v2\/product\/12890","targetHints":{"allow":["GET"]}}],"collection":[{"href":"https:\/\/www.koro.net.pl\/fr\/wp-json\/wp\/v2\/product"}],"about":[{"href":"https:\/\/www.koro.net.pl\/fr\/wp-json\/wp\/v2\/types\/product"}],"wp:featuredmedia":[{"embeddable":true,"href":"https:\/\/www.koro.net.pl\/fr\/wp-json\/wp\/v2\/media\/7218"}],"wp:attachment":[{"href":"https:\/\/www.koro.net.pl\/fr\/wp-json\/wp\/v2\/media?parent=12890"}],"wp:term":[{"taxonomy":"product_brand","embeddable":true,"href":"https:\/\/www.koro.net.pl\/fr\/wp-json\/wp\/v2\/product_brand?post=12890"},{"taxonomy":"product_cat","embeddable":true,"href":"https:\/\/www.koro.net.pl\/fr\/wp-json\/wp\/v2\/product_cat?post=12890"},{"taxonomy":"product_tag","embeddable":true,"href":"https:\/\/www.koro.net.pl\/fr\/wp-json\/wp\/v2\/product_tag?post=12890"}],"curies":[{"name":"wp","href":"https:\/\/api.w.org\/{rel}","templated":true}]}}