{"id":12887,"date":"2024-08-26T15:52:52","date_gmt":"2024-08-26T13:52:52","guid":{"rendered":"https:\/\/www.koro.net.pl\/produkt\/din-335-c-hss-tin-drague-a-trois-pales\/"},"modified":"2024-08-26T15:52:52","modified_gmt":"2024-08-26T13:52:52","slug":"din-335-c-hss-tin-drague-a-trois-pales","status":"publish","type":"product","link":"https:\/\/www.koro.net.pl\/fr\/produkt\/din-335-c-hss-tin-drague-a-trois-pales\/","title":{"rendered":"DIN 335 C HSS TiN DRAGUE \u00c0 TROIS PALES"},"content":{"rendered":"<p>Fraiseuse \u00e0 trois lames DIN 335 avec tige cylindrique de la s\u00e9rie Premium Line Tools. Fabriqu\u00e9 en acier \u00e0 grande vitesse recouvert d\u2019un rev\u00eatement en nitrure de titane (TiN), garantissant une grande usinabilit\u00e9 et des performances. Les dragues r\u00e9sistent aux hautes temp\u00e9ratures. Ils sont parfaits pour creuser des trous existants, chanfreiner et \u00e9bavurer les bords des trous.   <\/p>\n<ul>\n<li>Mat\u00e9riel : HSS<\/li>\n<li>Rev\u00eatement : TiN<\/li>\n<li>Poign\u00e9e : cylindrique<\/li>\n<li>Standard : DIN 335<\/li>\n<li>Angle de la pale : 90\u00b0<\/li>\n<li>Direction du forage : \u00c0 droite<\/li>\n<li>Nombre de lames : 3<\/li>\n<\/ul>\n<p>Disponible en 9 tailles, de 6,3 mm \u00e0 31 mm.<\/p>\n<p><em>La norme de qualit\u00e9 allemande est le niveau que tous nos outils atteignent.<\/em><\/p>\n<p>&nbsp;<\/p>\n<table>\n<tbody>\n<tr>\n<td><strong>Diam\u00e8tre (mm)<\/strong><\/td>\n<td><strong>Longueur totale (mm)<\/strong><\/td>\n<td><strong>Diam\u00e8tre de la tige (mm)<\/strong><\/td>\n<\/tr>\n<tr>\n<td>6.3<\/td>\n<td>45<\/td>\n<td>5<\/td>\n<\/tr>\n<tr>\n<td>8.3<\/td>\n<td>50<\/td>\n<td>6<\/td>\n<\/tr>\n<tr>\n<td>10.4<\/td>\n<td>50<\/td>\n<td>6<\/td>\n<\/tr>\n<tr>\n<td>12.4<\/td>\n<td>56<\/td>\n<td>7<\/td>\n<\/tr>\n<tr>\n<td>15<\/td>\n<td>60<\/td>\n<td>10<\/td>\n<\/tr>\n<tr>\n<td>16,5<\/td>\n<td>60<\/td>\n<td>10<\/td>\n<\/tr>\n<tr>\n<td>20,5<\/td>\n<td>63<\/td>\n<td>10<\/td>\n<\/tr>\n<tr>\n<td>25<\/td>\n<td>67<\/td>\n<td>10<\/td>\n<\/tr>\n<tr>\n<td>31<\/td>\n<td>71<\/td>\n<td>12<\/td>\n<\/tr>\n<\/tbody>\n<\/table>\n","protected":false},"excerpt":{"rendered":"<p>Fraiseuse \u00e0 trois lames DIN 335 avec tige cylindrique de la s\u00e9rie Premium Line Tools. Fabriqu\u00e9 en acier \u00e0 grande vitesse recouvert d\u2019un rev\u00eatement en nitrure de titane (TiN), garantissant [&hellip;]<\/p>\n","protected":false},"featured_media":4779,"template":"","meta":{"_acf_changed":false},"product_brand":[],"product_cat":[225,174],"product_tag":[],"class_list":{"0":"post-12887","1":"product","2":"type-product","3":"status-publish","4":"has-post-thumbnail","6":"product_cat-dragueuses","7":"product_cat-outils","9":"first","10":"instock","11":"taxable","12":"shipping-taxable","13":"purchasable","14":"product-type-variable","15":"has-default-attributes"},"acf":[],"yoast_head":"<!-- This site is optimized with the Yoast SEO plugin v27.5 - https:\/\/yoast.com\/product\/yoast-seo-wordpress\/ -->\n<title>DIN 335 C HSS TiN DRAGUE \u00c0 TROIS PALES - Koronet<\/title>\n<meta name=\"description\" content=\"DIN 335 C HSS TiN DRAGUE \u00c0 TROIS PALES - kup teraz w Koronet \u27a4 Szeroka gama pi\u0142, narz\u0119dzi skrawaj\u0105cych i innych \u2705. Zapraszamy!\" \/>\n<meta name=\"robots\" content=\"index, follow, max-snippet:-1, max-image-preview:large, max-video-preview:-1\" \/>\n<link rel=\"canonical\" href=\"https:\/\/www.koro.net.pl\/fr\/produkt\/din-335-c-hss-tin-drague-a-trois-pales\/\" \/>\n<meta property=\"og:locale\" content=\"fr_FR\" \/>\n<meta property=\"og:type\" content=\"article\" \/>\n<meta property=\"og:title\" content=\"DIN 335 C HSS TiN DRAGUE \u00c0 TROIS PALES - Koronet\" \/>\n<meta property=\"og:description\" content=\"DIN 335 C HSS TiN DRAGUE \u00c0 TROIS PALES - kup teraz w Koronet \u27a4 Szeroka gama pi\u0142, narz\u0119dzi skrawaj\u0105cych i innych \u2705. Zapraszamy!\" \/>\n<meta property=\"og:url\" content=\"https:\/\/www.koro.net.pl\/fr\/produkt\/din-335-c-hss-tin-drague-a-trois-pales\/\" \/>\n<meta property=\"og:site_name\" content=\"Koronet\" \/>\n<meta property=\"og:image\" content=\"https:\/\/www.koro.net.pl\/wp-content\/uploads\/2024\/08\/Poglebiacz-DIN-335-HSS-TiN-Zdjecie-1.jpg\" \/>\n\t<meta property=\"og:image:width\" content=\"1200\" \/>\n\t<meta property=\"og:image:height\" content=\"1200\" \/>\n\t<meta property=\"og:image:type\" content=\"image\/jpeg\" \/>\n<meta name=\"twitter:card\" content=\"summary_large_image\" \/>\n<meta name=\"twitter:label1\" content=\"Dur\u00e9e de lecture estim\u00e9e\" \/>\n\t<meta name=\"twitter:data1\" content=\"1 minute\" \/>\n<script type=\"application\/ld+json\" class=\"yoast-schema-graph\">{\"@context\":\"https:\\\/\\\/schema.org\",\"@graph\":[{\"@type\":\"WebPage\",\"@id\":\"https:\\\/\\\/www.koro.net.pl\\\/fr\\\/produkt\\\/din-335-c-hss-tin-drague-a-trois-pales\\\/\",\"url\":\"https:\\\/\\\/www.koro.net.pl\\\/fr\\\/produkt\\\/din-335-c-hss-tin-drague-a-trois-pales\\\/\",\"name\":\"DIN 335 C HSS TiN DRAGUE \u00c0 TROIS PALES - Koronet\",\"isPartOf\":{\"@id\":\"https:\\\/\\\/www.koro.net.pl\\\/fr\\\/#website\"},\"primaryImageOfPage\":{\"@id\":\"https:\\\/\\\/www.koro.net.pl\\\/fr\\\/produkt\\\/din-335-c-hss-tin-drague-a-trois-pales\\\/#primaryimage\"},\"image\":{\"@id\":\"https:\\\/\\\/www.koro.net.pl\\\/fr\\\/produkt\\\/din-335-c-hss-tin-drague-a-trois-pales\\\/#primaryimage\"},\"thumbnailUrl\":\"https:\\\/\\\/www.koro.net.pl\\\/wp-content\\\/uploads\\\/2024\\\/08\\\/Poglebiacz-DIN-335-HSS-TiN-Zdjecie-1.jpg\",\"datePublished\":\"2024-08-26T13:52:52+00:00\",\"description\":\"DIN 335 C HSS TiN DRAGUE \u00c0 TROIS PALES - kup teraz w Koronet \u27a4 Szeroka gama pi\u0142, narz\u0119dzi skrawaj\u0105cych i innych \u2705. Zapraszamy!\",\"breadcrumb\":{\"@id\":\"https:\\\/\\\/www.koro.net.pl\\\/fr\\\/produkt\\\/din-335-c-hss-tin-drague-a-trois-pales\\\/#breadcrumb\"},\"inLanguage\":\"fr-FR\",\"potentialAction\":[{\"@type\":\"ReadAction\",\"target\":[\"https:\\\/\\\/www.koro.net.pl\\\/fr\\\/produkt\\\/din-335-c-hss-tin-drague-a-trois-pales\\\/\"]}]},{\"@type\":\"ImageObject\",\"inLanguage\":\"fr-FR\",\"@id\":\"https:\\\/\\\/www.koro.net.pl\\\/fr\\\/produkt\\\/din-335-c-hss-tin-drague-a-trois-pales\\\/#primaryimage\",\"url\":\"https:\\\/\\\/www.koro.net.pl\\\/wp-content\\\/uploads\\\/2024\\\/08\\\/Poglebiacz-DIN-335-HSS-TiN-Zdjecie-1.jpg\",\"contentUrl\":\"https:\\\/\\\/www.koro.net.pl\\\/wp-content\\\/uploads\\\/2024\\\/08\\\/Poglebiacz-DIN-335-HSS-TiN-Zdjecie-1.jpg\",\"width\":1200,\"height\":1200},{\"@type\":\"BreadcrumbList\",\"@id\":\"https:\\\/\\\/www.koro.net.pl\\\/fr\\\/produkt\\\/din-335-c-hss-tin-drague-a-trois-pales\\\/#breadcrumb\",\"itemListElement\":[{\"@type\":\"ListItem\",\"position\":1,\"name\":\"Strona g\u0142\u00f3wna\",\"item\":\"https:\\\/\\\/www.koro.net.pl\\\/fr\\\/\"},{\"@type\":\"ListItem\",\"position\":2,\"name\":\"DIN 335 C HSS TiN DRAGUE \u00c0 TROIS PALES\"}]},{\"@type\":\"WebSite\",\"@id\":\"https:\\\/\\\/www.koro.net.pl\\\/fr\\\/#website\",\"url\":\"https:\\\/\\\/www.koro.net.pl\\\/fr\\\/\",\"name\":\"Koronet\",\"description\":\"\",\"publisher\":{\"@id\":\"https:\\\/\\\/www.koro.net.pl\\\/fr\\\/#organization\"},\"potentialAction\":[{\"@type\":\"SearchAction\",\"target\":{\"@type\":\"EntryPoint\",\"urlTemplate\":\"https:\\\/\\\/www.koro.net.pl\\\/fr\\\/?s={search_term_string}\"},\"query-input\":{\"@type\":\"PropertyValueSpecification\",\"valueRequired\":true,\"valueName\":\"search_term_string\"}}],\"inLanguage\":\"fr-FR\"},{\"@type\":\"Organization\",\"@id\":\"https:\\\/\\\/www.koro.net.pl\\\/fr\\\/#organization\",\"name\":\"Koronet\",\"alternateName\":\"Koronet\",\"url\":\"https:\\\/\\\/www.koro.net.pl\\\/fr\\\/\",\"logo\":{\"@type\":\"ImageObject\",\"inLanguage\":\"fr-FR\",\"@id\":\"https:\\\/\\\/www.koro.net.pl\\\/fr\\\/#\\\/schema\\\/logo\\\/image\\\/\",\"url\":\"https:\\\/\\\/www.koro.net.pl\\\/wp-content\\\/uploads\\\/2025\\\/02\\\/Koronet-spolka-z-o.o.png\",\"contentUrl\":\"https:\\\/\\\/www.koro.net.pl\\\/wp-content\\\/uploads\\\/2025\\\/02\\\/Koronet-spolka-z-o.o.png\",\"width\":696,\"height\":696,\"caption\":\"Koronet\"},\"image\":{\"@id\":\"https:\\\/\\\/www.koro.net.pl\\\/fr\\\/#\\\/schema\\\/logo\\\/image\\\/\"}}]}<\/script>\n<!-- \/ Yoast SEO plugin. -->","yoast_head_json":{"title":"DIN 335 C HSS TiN DRAGUE \u00c0 TROIS PALES - Koronet","description":"DIN 335 C HSS TiN DRAGUE \u00c0 TROIS PALES - kup teraz w Koronet \u27a4 Szeroka gama pi\u0142, narz\u0119dzi skrawaj\u0105cych i innych \u2705. Zapraszamy!","robots":{"index":"index","follow":"follow","max-snippet":"max-snippet:-1","max-image-preview":"max-image-preview:large","max-video-preview":"max-video-preview:-1"},"canonical":"https:\/\/www.koro.net.pl\/fr\/produkt\/din-335-c-hss-tin-drague-a-trois-pales\/","og_locale":"fr_FR","og_type":"article","og_title":"DIN 335 C HSS TiN DRAGUE \u00c0 TROIS PALES - Koronet","og_description":"DIN 335 C HSS TiN DRAGUE \u00c0 TROIS PALES - kup teraz w Koronet \u27a4 Szeroka gama pi\u0142, narz\u0119dzi skrawaj\u0105cych i innych \u2705. Zapraszamy!","og_url":"https:\/\/www.koro.net.pl\/fr\/produkt\/din-335-c-hss-tin-drague-a-trois-pales\/","og_site_name":"Koronet","og_image":[{"width":1200,"height":1200,"url":"https:\/\/www.koro.net.pl\/wp-content\/uploads\/2024\/08\/Poglebiacz-DIN-335-HSS-TiN-Zdjecie-1.jpg","type":"image\/jpeg"}],"twitter_card":"summary_large_image","twitter_misc":{"Dur\u00e9e de lecture estim\u00e9e":"1 minute"},"schema":{"@context":"https:\/\/schema.org","@graph":[{"@type":"WebPage","@id":"https:\/\/www.koro.net.pl\/fr\/produkt\/din-335-c-hss-tin-drague-a-trois-pales\/","url":"https:\/\/www.koro.net.pl\/fr\/produkt\/din-335-c-hss-tin-drague-a-trois-pales\/","name":"DIN 335 C HSS TiN DRAGUE \u00c0 TROIS PALES - Koronet","isPartOf":{"@id":"https:\/\/www.koro.net.pl\/fr\/#website"},"primaryImageOfPage":{"@id":"https:\/\/www.koro.net.pl\/fr\/produkt\/din-335-c-hss-tin-drague-a-trois-pales\/#primaryimage"},"image":{"@id":"https:\/\/www.koro.net.pl\/fr\/produkt\/din-335-c-hss-tin-drague-a-trois-pales\/#primaryimage"},"thumbnailUrl":"https:\/\/www.koro.net.pl\/wp-content\/uploads\/2024\/08\/Poglebiacz-DIN-335-HSS-TiN-Zdjecie-1.jpg","datePublished":"2024-08-26T13:52:52+00:00","description":"DIN 335 C HSS TiN DRAGUE \u00c0 TROIS PALES - kup teraz w Koronet \u27a4 Szeroka gama pi\u0142, narz\u0119dzi skrawaj\u0105cych i innych \u2705. Zapraszamy!","breadcrumb":{"@id":"https:\/\/www.koro.net.pl\/fr\/produkt\/din-335-c-hss-tin-drague-a-trois-pales\/#breadcrumb"},"inLanguage":"fr-FR","potentialAction":[{"@type":"ReadAction","target":["https:\/\/www.koro.net.pl\/fr\/produkt\/din-335-c-hss-tin-drague-a-trois-pales\/"]}]},{"@type":"ImageObject","inLanguage":"fr-FR","@id":"https:\/\/www.koro.net.pl\/fr\/produkt\/din-335-c-hss-tin-drague-a-trois-pales\/#primaryimage","url":"https:\/\/www.koro.net.pl\/wp-content\/uploads\/2024\/08\/Poglebiacz-DIN-335-HSS-TiN-Zdjecie-1.jpg","contentUrl":"https:\/\/www.koro.net.pl\/wp-content\/uploads\/2024\/08\/Poglebiacz-DIN-335-HSS-TiN-Zdjecie-1.jpg","width":1200,"height":1200},{"@type":"BreadcrumbList","@id":"https:\/\/www.koro.net.pl\/fr\/produkt\/din-335-c-hss-tin-drague-a-trois-pales\/#breadcrumb","itemListElement":[{"@type":"ListItem","position":1,"name":"Strona g\u0142\u00f3wna","item":"https:\/\/www.koro.net.pl\/fr\/"},{"@type":"ListItem","position":2,"name":"DIN 335 C HSS TiN DRAGUE \u00c0 TROIS PALES"}]},{"@type":"WebSite","@id":"https:\/\/www.koro.net.pl\/fr\/#website","url":"https:\/\/www.koro.net.pl\/fr\/","name":"Koronet","description":"","publisher":{"@id":"https:\/\/www.koro.net.pl\/fr\/#organization"},"potentialAction":[{"@type":"SearchAction","target":{"@type":"EntryPoint","urlTemplate":"https:\/\/www.koro.net.pl\/fr\/?s={search_term_string}"},"query-input":{"@type":"PropertyValueSpecification","valueRequired":true,"valueName":"search_term_string"}}],"inLanguage":"fr-FR"},{"@type":"Organization","@id":"https:\/\/www.koro.net.pl\/fr\/#organization","name":"Koronet","alternateName":"Koronet","url":"https:\/\/www.koro.net.pl\/fr\/","logo":{"@type":"ImageObject","inLanguage":"fr-FR","@id":"https:\/\/www.koro.net.pl\/fr\/#\/schema\/logo\/image\/","url":"https:\/\/www.koro.net.pl\/wp-content\/uploads\/2025\/02\/Koronet-spolka-z-o.o.png","contentUrl":"https:\/\/www.koro.net.pl\/wp-content\/uploads\/2025\/02\/Koronet-spolka-z-o.o.png","width":696,"height":696,"caption":"Koronet"},"image":{"@id":"https:\/\/www.koro.net.pl\/fr\/#\/schema\/logo\/image\/"}}]}},"_links":{"self":[{"href":"https:\/\/www.koro.net.pl\/fr\/wp-json\/wp\/v2\/product\/12887","targetHints":{"allow":["GET"]}}],"collection":[{"href":"https:\/\/www.koro.net.pl\/fr\/wp-json\/wp\/v2\/product"}],"about":[{"href":"https:\/\/www.koro.net.pl\/fr\/wp-json\/wp\/v2\/types\/product"}],"wp:featuredmedia":[{"embeddable":true,"href":"https:\/\/www.koro.net.pl\/fr\/wp-json\/wp\/v2\/media\/4779"}],"wp:attachment":[{"href":"https:\/\/www.koro.net.pl\/fr\/wp-json\/wp\/v2\/media?parent=12887"}],"wp:term":[{"taxonomy":"product_brand","embeddable":true,"href":"https:\/\/www.koro.net.pl\/fr\/wp-json\/wp\/v2\/product_brand?post=12887"},{"taxonomy":"product_cat","embeddable":true,"href":"https:\/\/www.koro.net.pl\/fr\/wp-json\/wp\/v2\/product_cat?post=12887"},{"taxonomy":"product_tag","embeddable":true,"href":"https:\/\/www.koro.net.pl\/fr\/wp-json\/wp\/v2\/product_tag?post=12887"}],"curies":[{"name":"wp","href":"https:\/\/api.w.org\/{rel}","templated":true}]}}