{"id":12877,"date":"2024-12-11T15:51:31","date_gmt":"2024-12-11T14:51:31","guid":{"rendered":"https:\/\/www.koro.net.pl\/produkt\/sg3-g4si1-koronet-en-fil-de-soudure-en-cuivre\/"},"modified":"2024-12-11T15:51:31","modified_gmt":"2024-12-11T14:51:31","slug":"sg3-g4si1-koronet-en-fil-de-soudure-en-cuivre","status":"publish","type":"product","link":"https:\/\/www.koro.net.pl\/fr\/produkt\/sg3-g4si1-koronet-en-fil-de-soudure-en-cuivre\/","title":{"rendered":"SG3 (G4Si1) Koronet en fil de soudure en cuivre"},"content":{"rendered":"<p>Fil d\u2019acier cuivre-silicium-mangan\u00e8se con\u00e7u pour<a href=\"https:\/\/www.koro.net.pl\/fr\/produkty\/fils-de-soudure\/\"> le soudage<\/a> MIG\/MAG des aciers non alli\u00e9s et faibles en carbone dans le blindage gaz.<\/p>\n<p>Elle se distingue par une teneur accrue en mangan\u00e8se et en silicium, ce qui se traduit directement par une meilleure mouillabilit\u00e9, une fusion plus profonde et une r\u00e9sistance accrue de la soudure aux fissures. Recommand\u00e9 pour souder des composants structurels n\u00e9cessitant une forte r\u00e9sistance. <\/p>\n<p>La soudure avec du fil de cuivre, \u00e9galement appel\u00e9 fil recouvert de cuivre, offre une meilleure conductivit\u00e9 \u00e9lectrique (ce qui aide \u00e0 une transmission stable du courant), une meilleure dissipation de chaleur, le fil br\u00fble uniform\u00e9ment, ce qui affecte la meilleure qualit\u00e9 de la soudure.<\/p>\n<ul>\n<li>Mat\u00e9riau soud\u00e9 : 35 \/ S235 \u2013 P460 \/ S460, etc.<\/li>\n<li>Gaz de protection : M21, C1<\/li>\n<li>Courant de soudage :=(+)<\/li>\n<li>Approbations : T\u00dcV DB C<\/li>\n<li>Classification des alliages ; EN ISO 14341-A : G 42 4 M21 3SI1<\/li>\n<li>Classification des alliages : EN ISO 14341-A : G 38 3 C1 3Si1<\/li>\n<li><span style=\"vertical-align: inherit;\"><span style=\"vertical-align: inherit;\">Norme : EN ISO 14341-A : G4Si1<\/span><\/span><\/li>\n<li><span style=\"vertical-align: inherit;\"><span style=\"vertical-align: inherit;\">Normes : DIN 8559 SG-3<\/span><\/span><\/li>\n<li><span style=\"vertical-align: inherit;\"><span style=\"vertical-align: inherit;\">Norme : AWS A5.18 ER70S-6S-6<\/span><\/span><\/li>\n<\/ul>\n<table>\n<tbody>\n<tr>\n<td><strong>POIDS<\/strong><\/td>\n<td><strong>BULE-BOULE<\/strong><\/td>\n<td><strong>DI\u00c2TRE<\/strong><\/td>\n<\/tr>\n<tr>\n<td><span style=\"vertical-align: inherit;\"><span style=\"vertical-align: inherit;\">15 KG<\/span><\/span><\/td>\n<td><span style=\"vertical-align: inherit;\"><span style=\"vertical-align: inherit;\">K300<\/span><\/span><\/td>\n<td><span style=\"vertical-align: inherit;\"><span style=\"vertical-align: inherit;\">0,8 mm<\/span><\/span><\/td>\n<\/tr>\n<tr>\n<td><span style=\"vertical-align: inherit;\"><span style=\"vertical-align: inherit;\">15 KG<\/span><\/span><\/td>\n<td><span style=\"vertical-align: inherit;\"><span style=\"vertical-align: inherit;\">K300<\/span><\/span><\/td>\n<td><span style=\"vertical-align: inherit;\"><span style=\"vertical-align: inherit;\">1,0 mm<\/span><\/span><\/td>\n<\/tr>\n<tr>\n<td><span style=\"vertical-align: inherit;\"><span style=\"vertical-align: inherit;\">15 KG<\/span><\/span><\/td>\n<td><span style=\"vertical-align: inherit;\"><span style=\"vertical-align: inherit;\">K300<\/span><\/span><\/td>\n<td><span style=\"vertical-align: inherit;\"><span style=\"vertical-align: inherit;\">1,2 mm<\/span><\/span><\/td>\n<\/tr>\n<tr>\n<td><span style=\"vertical-align: inherit;\"><span style=\"vertical-align: inherit;\">15 KG<\/span><\/span><\/td>\n<td><span style=\"vertical-align: inherit;\"><span style=\"vertical-align: inherit;\">K300<\/span><\/span><\/td>\n<td><span style=\"vertical-align: inherit;\"><span style=\"vertical-align: inherit;\">1,6 mm<\/span><\/span><\/td>\n<\/tr>\n<\/tbody>\n<\/table>\n","protected":false},"excerpt":{"rendered":"<p>Fil d\u2019acier cuivre-silicium-mangan\u00e8se con\u00e7u pour le soudage MIG\/MAG des aciers non alli\u00e9s et faibles en carbone dans le blindage gaz. Elle se distingue par une teneur accrue en mangan\u00e8se et [&hellip;]<\/p>\n","protected":false},"featured_media":8033,"template":"","meta":{"_acf_changed":false},"product_brand":[],"product_cat":[185,175,184],"product_tag":[192],"class_list":{"0":"post-12877","1":"product","2":"type-product","3":"status-publish","4":"has-post-thumbnail","6":"product_cat-fil-pour-souder-des-aciers-structurels-a-faible-teneur-en-carbone","7":"product_cat-fils-de-soudure","8":"product_cat-machines-a-ficelle","9":"product_tag-fils-de-soudure-koronet-sg3","11":"first","12":"instock","13":"taxable","14":"shipping-taxable","15":"purchasable","16":"product-type-variable","17":"has-default-attributes"},"acf":[],"yoast_head":"<!-- This site is optimized with the Yoast SEO plugin v27.5 - https:\/\/yoast.com\/product\/yoast-seo-wordpress\/ -->\n<title>Fil de soudure inox Koronet SG3 Premium : MIG\/MAG<\/title>\n<meta name=\"description\" content=\"Fil de soudure en acier inoxydable Koronet SG3 premium pour soudure avanc\u00e9e MIG\/MAG. Plus de Si et de Mn signifient une plus grande r\u00e9sistance et une plus grande r\u00e9sistance \u00e0 la contamination.\" \/>\n<meta name=\"robots\" content=\"index, follow, max-snippet:-1, max-image-preview:large, max-video-preview:-1\" \/>\n<link rel=\"canonical\" href=\"https:\/\/www.koro.net.pl\/fr\/produkt\/sg3-g4si1-koronet-en-fil-de-soudure-en-cuivre\/\" \/>\n<meta property=\"og:locale\" content=\"fr_FR\" \/>\n<meta property=\"og:type\" content=\"article\" \/>\n<meta property=\"og:title\" content=\"Fil de soudure inox Koronet SG3 Premium : MIG\/MAG\" \/>\n<meta property=\"og:description\" content=\"Fil de soudure en acier inoxydable Koronet SG3 premium pour soudure avanc\u00e9e MIG\/MAG. Plus de Si et de Mn signifient une plus grande r\u00e9sistance et une plus grande r\u00e9sistance \u00e0 la contamination.\" \/>\n<meta property=\"og:url\" content=\"https:\/\/www.koro.net.pl\/fr\/produkt\/sg3-g4si1-koronet-en-fil-de-soudure-en-cuivre\/\" \/>\n<meta property=\"og:site_name\" content=\"Koronet\" \/>\n<meta property=\"og:image\" content=\"https:\/\/www.koro.net.pl\/wp-content\/uploads\/2025\/10\/G4Si1-800x800-1.png\" \/>\n\t<meta property=\"og:image:width\" content=\"800\" \/>\n\t<meta property=\"og:image:height\" content=\"800\" \/>\n\t<meta property=\"og:image:type\" content=\"image\/png\" \/>\n<meta name=\"twitter:card\" content=\"summary_large_image\" \/>\n<meta name=\"twitter:label1\" content=\"Dur\u00e9e de lecture estim\u00e9e\" \/>\n\t<meta name=\"twitter:data1\" content=\"1 minute\" \/>\n<script type=\"application\/ld+json\" class=\"yoast-schema-graph\">{\"@context\":\"https:\\\/\\\/schema.org\",\"@graph\":[{\"@type\":\"WebPage\",\"@id\":\"https:\\\/\\\/www.koro.net.pl\\\/fr\\\/produkt\\\/sg3-g4si1-koronet-en-fil-de-soudure-en-cuivre\\\/\",\"url\":\"https:\\\/\\\/www.koro.net.pl\\\/fr\\\/produkt\\\/sg3-g4si1-koronet-en-fil-de-soudure-en-cuivre\\\/\",\"name\":\"Fil de soudure inox Koronet SG3 Premium : MIG\\\/MAG\",\"isPartOf\":{\"@id\":\"https:\\\/\\\/www.koro.net.pl\\\/fr\\\/#website\"},\"primaryImageOfPage\":{\"@id\":\"https:\\\/\\\/www.koro.net.pl\\\/fr\\\/produkt\\\/sg3-g4si1-koronet-en-fil-de-soudure-en-cuivre\\\/#primaryimage\"},\"image\":{\"@id\":\"https:\\\/\\\/www.koro.net.pl\\\/fr\\\/produkt\\\/sg3-g4si1-koronet-en-fil-de-soudure-en-cuivre\\\/#primaryimage\"},\"thumbnailUrl\":\"https:\\\/\\\/www.koro.net.pl\\\/wp-content\\\/uploads\\\/2025\\\/10\\\/G4Si1-800x800-1.png\",\"datePublished\":\"2024-12-11T14:51:31+00:00\",\"description\":\"Fil de soudure en acier inoxydable Koronet SG3 premium pour soudure avanc\u00e9e MIG\\\/MAG. Plus de Si et de Mn signifient une plus grande r\u00e9sistance et une plus grande r\u00e9sistance \u00e0 la contamination.\",\"breadcrumb\":{\"@id\":\"https:\\\/\\\/www.koro.net.pl\\\/fr\\\/produkt\\\/sg3-g4si1-koronet-en-fil-de-soudure-en-cuivre\\\/#breadcrumb\"},\"inLanguage\":\"fr-FR\",\"potentialAction\":[{\"@type\":\"ReadAction\",\"target\":[\"https:\\\/\\\/www.koro.net.pl\\\/fr\\\/produkt\\\/sg3-g4si1-koronet-en-fil-de-soudure-en-cuivre\\\/\"]}]},{\"@type\":\"ImageObject\",\"inLanguage\":\"fr-FR\",\"@id\":\"https:\\\/\\\/www.koro.net.pl\\\/fr\\\/produkt\\\/sg3-g4si1-koronet-en-fil-de-soudure-en-cuivre\\\/#primaryimage\",\"url\":\"https:\\\/\\\/www.koro.net.pl\\\/wp-content\\\/uploads\\\/2025\\\/10\\\/G4Si1-800x800-1.png\",\"contentUrl\":\"https:\\\/\\\/www.koro.net.pl\\\/wp-content\\\/uploads\\\/2025\\\/10\\\/G4Si1-800x800-1.png\",\"width\":800,\"height\":800,\"caption\":\"Drut spawalniczy G4Si1 miedziowany Koronet\"},{\"@type\":\"BreadcrumbList\",\"@id\":\"https:\\\/\\\/www.koro.net.pl\\\/fr\\\/produkt\\\/sg3-g4si1-koronet-en-fil-de-soudure-en-cuivre\\\/#breadcrumb\",\"itemListElement\":[{\"@type\":\"ListItem\",\"position\":1,\"name\":\"Strona g\u0142\u00f3wna\",\"item\":\"https:\\\/\\\/www.koro.net.pl\\\/fr\\\/\"},{\"@type\":\"ListItem\",\"position\":2,\"name\":\"Fils de soudure\",\"item\":\"https:\\\/\\\/www.koro.net.pl\\\/fr\\\/produkty\\\/fils-de-soudure\\\/\"},{\"@type\":\"ListItem\",\"position\":3,\"name\":\"Machines \u00e0 ficelle\",\"item\":\"https:\\\/\\\/www.koro.net.pl\\\/fr\\\/produkty\\\/machines-a-ficelle\\\/\"},{\"@type\":\"ListItem\",\"position\":4,\"name\":\"SG3 (G4Si1) Koronet en fil de soudure en cuivre\"}]},{\"@type\":\"WebSite\",\"@id\":\"https:\\\/\\\/www.koro.net.pl\\\/fr\\\/#website\",\"url\":\"https:\\\/\\\/www.koro.net.pl\\\/fr\\\/\",\"name\":\"Koronet\",\"description\":\"\",\"publisher\":{\"@id\":\"https:\\\/\\\/www.koro.net.pl\\\/fr\\\/#organization\"},\"potentialAction\":[{\"@type\":\"SearchAction\",\"target\":{\"@type\":\"EntryPoint\",\"urlTemplate\":\"https:\\\/\\\/www.koro.net.pl\\\/fr\\\/?s={search_term_string}\"},\"query-input\":{\"@type\":\"PropertyValueSpecification\",\"valueRequired\":true,\"valueName\":\"search_term_string\"}}],\"inLanguage\":\"fr-FR\"},{\"@type\":\"Organization\",\"@id\":\"https:\\\/\\\/www.koro.net.pl\\\/fr\\\/#organization\",\"name\":\"Koronet\",\"alternateName\":\"Koronet\",\"url\":\"https:\\\/\\\/www.koro.net.pl\\\/fr\\\/\",\"logo\":{\"@type\":\"ImageObject\",\"inLanguage\":\"fr-FR\",\"@id\":\"https:\\\/\\\/www.koro.net.pl\\\/fr\\\/#\\\/schema\\\/logo\\\/image\\\/\",\"url\":\"https:\\\/\\\/www.koro.net.pl\\\/wp-content\\\/uploads\\\/2025\\\/02\\\/Koronet-spolka-z-o.o.png\",\"contentUrl\":\"https:\\\/\\\/www.koro.net.pl\\\/wp-content\\\/uploads\\\/2025\\\/02\\\/Koronet-spolka-z-o.o.png\",\"width\":696,\"height\":696,\"caption\":\"Koronet\"},\"image\":{\"@id\":\"https:\\\/\\\/www.koro.net.pl\\\/fr\\\/#\\\/schema\\\/logo\\\/image\\\/\"}}]}<\/script>\n<!-- \/ Yoast SEO plugin. -->","yoast_head_json":{"title":"Fil de soudure inox Koronet SG3 Premium : MIG\/MAG","description":"Fil de soudure en acier inoxydable Koronet SG3 premium pour soudure avanc\u00e9e MIG\/MAG. Plus de Si et de Mn signifient une plus grande r\u00e9sistance et une plus grande r\u00e9sistance \u00e0 la contamination.","robots":{"index":"index","follow":"follow","max-snippet":"max-snippet:-1","max-image-preview":"max-image-preview:large","max-video-preview":"max-video-preview:-1"},"canonical":"https:\/\/www.koro.net.pl\/fr\/produkt\/sg3-g4si1-koronet-en-fil-de-soudure-en-cuivre\/","og_locale":"fr_FR","og_type":"article","og_title":"Fil de soudure inox Koronet SG3 Premium : MIG\/MAG","og_description":"Fil de soudure en acier inoxydable Koronet SG3 premium pour soudure avanc\u00e9e MIG\/MAG. Plus de Si et de Mn signifient une plus grande r\u00e9sistance et une plus grande r\u00e9sistance \u00e0 la contamination.","og_url":"https:\/\/www.koro.net.pl\/fr\/produkt\/sg3-g4si1-koronet-en-fil-de-soudure-en-cuivre\/","og_site_name":"Koronet","og_image":[{"width":800,"height":800,"url":"https:\/\/www.koro.net.pl\/wp-content\/uploads\/2025\/10\/G4Si1-800x800-1.png","type":"image\/png"}],"twitter_card":"summary_large_image","twitter_misc":{"Dur\u00e9e de lecture estim\u00e9e":"1 minute"},"schema":{"@context":"https:\/\/schema.org","@graph":[{"@type":"WebPage","@id":"https:\/\/www.koro.net.pl\/fr\/produkt\/sg3-g4si1-koronet-en-fil-de-soudure-en-cuivre\/","url":"https:\/\/www.koro.net.pl\/fr\/produkt\/sg3-g4si1-koronet-en-fil-de-soudure-en-cuivre\/","name":"Fil de soudure inox Koronet SG3 Premium : MIG\/MAG","isPartOf":{"@id":"https:\/\/www.koro.net.pl\/fr\/#website"},"primaryImageOfPage":{"@id":"https:\/\/www.koro.net.pl\/fr\/produkt\/sg3-g4si1-koronet-en-fil-de-soudure-en-cuivre\/#primaryimage"},"image":{"@id":"https:\/\/www.koro.net.pl\/fr\/produkt\/sg3-g4si1-koronet-en-fil-de-soudure-en-cuivre\/#primaryimage"},"thumbnailUrl":"https:\/\/www.koro.net.pl\/wp-content\/uploads\/2025\/10\/G4Si1-800x800-1.png","datePublished":"2024-12-11T14:51:31+00:00","description":"Fil de soudure en acier inoxydable Koronet SG3 premium pour soudure avanc\u00e9e MIG\/MAG. Plus de Si et de Mn signifient une plus grande r\u00e9sistance et une plus grande r\u00e9sistance \u00e0 la contamination.","breadcrumb":{"@id":"https:\/\/www.koro.net.pl\/fr\/produkt\/sg3-g4si1-koronet-en-fil-de-soudure-en-cuivre\/#breadcrumb"},"inLanguage":"fr-FR","potentialAction":[{"@type":"ReadAction","target":["https:\/\/www.koro.net.pl\/fr\/produkt\/sg3-g4si1-koronet-en-fil-de-soudure-en-cuivre\/"]}]},{"@type":"ImageObject","inLanguage":"fr-FR","@id":"https:\/\/www.koro.net.pl\/fr\/produkt\/sg3-g4si1-koronet-en-fil-de-soudure-en-cuivre\/#primaryimage","url":"https:\/\/www.koro.net.pl\/wp-content\/uploads\/2025\/10\/G4Si1-800x800-1.png","contentUrl":"https:\/\/www.koro.net.pl\/wp-content\/uploads\/2025\/10\/G4Si1-800x800-1.png","width":800,"height":800,"caption":"Drut spawalniczy G4Si1 miedziowany Koronet"},{"@type":"BreadcrumbList","@id":"https:\/\/www.koro.net.pl\/fr\/produkt\/sg3-g4si1-koronet-en-fil-de-soudure-en-cuivre\/#breadcrumb","itemListElement":[{"@type":"ListItem","position":1,"name":"Strona g\u0142\u00f3wna","item":"https:\/\/www.koro.net.pl\/fr\/"},{"@type":"ListItem","position":2,"name":"Fils de soudure","item":"https:\/\/www.koro.net.pl\/fr\/produkty\/fils-de-soudure\/"},{"@type":"ListItem","position":3,"name":"Machines \u00e0 ficelle","item":"https:\/\/www.koro.net.pl\/fr\/produkty\/machines-a-ficelle\/"},{"@type":"ListItem","position":4,"name":"SG3 (G4Si1) Koronet en fil de soudure en cuivre"}]},{"@type":"WebSite","@id":"https:\/\/www.koro.net.pl\/fr\/#website","url":"https:\/\/www.koro.net.pl\/fr\/","name":"Koronet","description":"","publisher":{"@id":"https:\/\/www.koro.net.pl\/fr\/#organization"},"potentialAction":[{"@type":"SearchAction","target":{"@type":"EntryPoint","urlTemplate":"https:\/\/www.koro.net.pl\/fr\/?s={search_term_string}"},"query-input":{"@type":"PropertyValueSpecification","valueRequired":true,"valueName":"search_term_string"}}],"inLanguage":"fr-FR"},{"@type":"Organization","@id":"https:\/\/www.koro.net.pl\/fr\/#organization","name":"Koronet","alternateName":"Koronet","url":"https:\/\/www.koro.net.pl\/fr\/","logo":{"@type":"ImageObject","inLanguage":"fr-FR","@id":"https:\/\/www.koro.net.pl\/fr\/#\/schema\/logo\/image\/","url":"https:\/\/www.koro.net.pl\/wp-content\/uploads\/2025\/02\/Koronet-spolka-z-o.o.png","contentUrl":"https:\/\/www.koro.net.pl\/wp-content\/uploads\/2025\/02\/Koronet-spolka-z-o.o.png","width":696,"height":696,"caption":"Koronet"},"image":{"@id":"https:\/\/www.koro.net.pl\/fr\/#\/schema\/logo\/image\/"}}]}},"_links":{"self":[{"href":"https:\/\/www.koro.net.pl\/fr\/wp-json\/wp\/v2\/product\/12877","targetHints":{"allow":["GET"]}}],"collection":[{"href":"https:\/\/www.koro.net.pl\/fr\/wp-json\/wp\/v2\/product"}],"about":[{"href":"https:\/\/www.koro.net.pl\/fr\/wp-json\/wp\/v2\/types\/product"}],"wp:featuredmedia":[{"embeddable":true,"href":"https:\/\/www.koro.net.pl\/fr\/wp-json\/wp\/v2\/media\/8033"}],"wp:attachment":[{"href":"https:\/\/www.koro.net.pl\/fr\/wp-json\/wp\/v2\/media?parent=12877"}],"wp:term":[{"taxonomy":"product_brand","embeddable":true,"href":"https:\/\/www.koro.net.pl\/fr\/wp-json\/wp\/v2\/product_brand?post=12877"},{"taxonomy":"product_cat","embeddable":true,"href":"https:\/\/www.koro.net.pl\/fr\/wp-json\/wp\/v2\/product_cat?post=12877"},{"taxonomy":"product_tag","embeddable":true,"href":"https:\/\/www.koro.net.pl\/fr\/wp-json\/wp\/v2\/product_tag?post=12877"}],"curies":[{"name":"wp","href":"https:\/\/api.w.org\/{rel}","templated":true}]}}