{"id":12853,"date":"2024-12-11T15:50:32","date_gmt":"2024-12-11T14:50:32","guid":{"rendered":"https:\/\/www.koro.net.pl\/produkt\/fil-de-soudure-pour-acier-inoxydable-308-lsi-koronet-mig-mag\/"},"modified":"2024-12-11T15:50:32","modified_gmt":"2024-12-11T14:50:32","slug":"fil-de-soudure-pour-acier-inoxydable-308-lsi-koronet-mig-mag","status":"publish","type":"product","link":"https:\/\/www.koro.net.pl\/fr\/produkt\/fil-de-soudure-pour-acier-inoxydable-308-lsi-koronet-mig-mag\/","title":{"rendered":"Fil de soudure pour acier inoxydable 308 LSi Koronet MIG MAG"},"content":{"rendered":"<p>Fil plein grade 19 9 LSi \/ ER 308LSi pour <a href=\"https:\/\/www.koro.net.pl\/fr\/produkty\/fils-de-soudure\/\">soudage<\/a> MAG d\u2019aciers inoxydables grade 304 et 304L. La fusion pr\u00e9sente une forte r\u00e9sistance \u00e0 la corrosion intergranulaire en contact avec des liquides allant jusqu\u2019\u00e0 300\u00b0C. <\/p>\n<p>Le fil est utilis\u00e9 dans un large \u00e9ventail d\u2019applications pour souder des tuyaux, des canalisations, des plaques, ainsi que dans la fabrication de r\u00e9servoirs et d\u2019autres structures en acier inoxydable.<\/p>\n<p>Les m\u00e9langes \u00e0 base d\u2019argon doivent \u00eatre utilis\u00e9s comme gaz de protection : Ar+2 % O2 ou Ar+0,5-5 % de CO2. Une tr\u00e8s faible teneur en carbone dans l\u2019alliage r\u00e9duit le risque de corrosion intergranulaire, \u00e9liminant ainsi la n\u00e9cessit\u00e9 d\u2019introduire des additifs d\u2019alliage pour stabiliser la structure m\u00e9tallique. L\u2019augmentation de la teneur en silicium de silicium am\u00e9liore la fluidit\u00e9 de la piscine de soudure liquide et la mouillabilit\u00e9, assurant ainsi une surface uniforme de la face de soudure et une grande douceur des mailles avec des formes r\u00e9guli\u00e8res et douces.  <\/p>\n<ul>\n<li>Classification des alliages EN ISO 14343-A : G 19 9 L Si<\/li>\n<li>Validations : AWS A5.9 : ER 308LSi<span class=\"Apple-converted-space\"> <\/span><\/li>\n<li>Mat\u00e9riaux : 1.4541 (X6CrNiTi18-10) ; 1.4301 (X4CrNi18-10) ; 1.4311 (X2CrNiN18-10) ; AISI 304 &#8211; 304L &#8211; 302<\/li>\n<\/ul>\n<table>\n<tbody>\n<tr>\n<td><strong>POIDS<\/strong><\/td>\n<td><strong>BULE-BOULE<\/strong><\/td>\n<td><strong>DI\u00c2TRE<\/strong><\/td>\n<\/tr>\n<tr>\n<td><span style=\"vertical-align: inherit;\"><span style=\"vertical-align: inherit;\">1 KG<\/span><\/span><\/td>\n<td><span style=\"vertical-align: inherit;\"><span style=\"vertical-align: inherit;\">D100<\/span><\/span><\/td>\n<td><span style=\"vertical-align: inherit;\"><span style=\"vertical-align: inherit;\">0,8 mm<\/span><\/span><\/td>\n<\/tr>\n<tr>\n<td><span style=\"vertical-align: inherit;\"><span style=\"vertical-align: inherit;\">5 kg<\/span><\/span><\/td>\n<td><span style=\"vertical-align: inherit;\"><span style=\"vertical-align: inherit;\">D200<\/span><\/span><\/td>\n<td><span style=\"vertical-align: inherit;\"><span style=\"vertical-align: inherit;\">0,8 mm<\/span><\/span><\/td>\n<\/tr>\n<tr>\n<td><span style=\"vertical-align: inherit;\"><span style=\"vertical-align: inherit;\">5 kg<\/span><\/span><\/td>\n<td><span style=\"vertical-align: inherit;\"><span style=\"vertical-align: inherit;\">D200<\/span><\/span><\/td>\n<td><span style=\"vertical-align: inherit;\"><span style=\"vertical-align: inherit;\">1,0 mm<\/span><\/span><\/td>\n<\/tr>\n<tr>\n<td><span style=\"vertical-align: inherit;\"><span style=\"vertical-align: inherit;\">5 kg<\/span><\/span><\/td>\n<td><span style=\"vertical-align: inherit;\"><span style=\"vertical-align: inherit;\">D200<\/span><\/span><\/td>\n<td><span style=\"vertical-align: inherit;\"><span style=\"vertical-align: inherit;\">1,2 mm<\/span><\/span><\/td>\n<\/tr>\n<\/tbody>\n<\/table>\n","protected":false},"excerpt":{"rendered":"<p>Fil plein grade 19 9 LSi \/ ER 308LSi pour soudage MAG d\u2019aciers inoxydables grade 304 et 304L. La fusion pr\u00e9sente une forte r\u00e9sistance \u00e0 la corrosion intergranulaire en contact [&hellip;]<\/p>\n","protected":false},"featured_media":7268,"template":"","meta":{"_acf_changed":false},"product_brand":[],"product_cat":[188,175,184],"product_tag":[224,189],"class_list":{"0":"post-12853","1":"product","2":"type-product","3":"status-publish","4":"has-post-thumbnail","6":"product_cat-fil-de-soudure-en-acier-inoxydable","7":"product_cat-fils-de-soudure","8":"product_cat-machines-a-ficelle","9":"product_tag-fil-de-soudure-308lsi","10":"product_tag-fils-de-soudure-en-acier-inoxydable-koronet","12":"first","13":"instock","14":"taxable","15":"shipping-taxable","16":"purchasable","17":"product-type-variable","18":"has-default-attributes"},"acf":[],"yoast_head":"<!-- This site is optimized with the Yoast SEO plugin v27.5 - https:\/\/yoast.com\/product\/yoast-seo-wordpress\/ -->\n<title>Fil de soudure Koronet Master 308LSi MIG MAG.<\/title>\n<meta name=\"description\" content=\"Fil de soudure de haute qualit\u00e9 KORONET MASTER 308LSi MAG pour acier inoxydable 304 et 304L. R\u00e9sistant \u00e0 la corrosion, id\u00e9al pour souder des tuyaux et des structures.\" \/>\n<meta name=\"robots\" content=\"index, follow, max-snippet:-1, max-image-preview:large, max-video-preview:-1\" \/>\n<link rel=\"canonical\" href=\"https:\/\/www.koro.net.pl\/fr\/produkt\/fil-de-soudure-pour-acier-inoxydable-308-lsi-koronet-mig-mag\/\" \/>\n<meta property=\"og:locale\" content=\"fr_FR\" \/>\n<meta property=\"og:type\" content=\"article\" \/>\n<meta property=\"og:title\" content=\"Fil de soudure Koronet Master 308LSi MIG MAG.\" \/>\n<meta property=\"og:description\" content=\"Fil de soudure de haute qualit\u00e9 KORONET MASTER 308LSi MAG pour acier inoxydable 304 et 304L. R\u00e9sistant \u00e0 la corrosion, id\u00e9al pour souder des tuyaux et des structures.\" \/>\n<meta property=\"og:url\" content=\"https:\/\/www.koro.net.pl\/fr\/produkt\/fil-de-soudure-pour-acier-inoxydable-308-lsi-koronet-mig-mag\/\" \/>\n<meta property=\"og:site_name\" content=\"Koronet\" \/>\n<meta property=\"og:image\" content=\"https:\/\/www.koro.net.pl\/wp-content\/uploads\/2024\/12\/308-GPT-szpula-i-pudelko-produktowy.png\" \/>\n\t<meta property=\"og:image:width\" content=\"600\" \/>\n\t<meta property=\"og:image:height\" content=\"600\" \/>\n\t<meta property=\"og:image:type\" content=\"image\/png\" \/>\n<meta name=\"twitter:card\" content=\"summary_large_image\" \/>\n<meta name=\"twitter:label1\" content=\"Dur\u00e9e de lecture estim\u00e9e\" \/>\n\t<meta name=\"twitter:data1\" content=\"1 minute\" \/>\n<script type=\"application\/ld+json\" class=\"yoast-schema-graph\">{\"@context\":\"https:\\\/\\\/schema.org\",\"@graph\":[{\"@type\":\"WebPage\",\"@id\":\"https:\\\/\\\/www.koro.net.pl\\\/fr\\\/produkt\\\/fil-de-soudure-pour-acier-inoxydable-308-lsi-koronet-mig-mag\\\/\",\"url\":\"https:\\\/\\\/www.koro.net.pl\\\/fr\\\/produkt\\\/fil-de-soudure-pour-acier-inoxydable-308-lsi-koronet-mig-mag\\\/\",\"name\":\"Fil de soudure Koronet Master 308LSi MIG MAG.\",\"isPartOf\":{\"@id\":\"https:\\\/\\\/www.koro.net.pl\\\/fr\\\/#website\"},\"primaryImageOfPage\":{\"@id\":\"https:\\\/\\\/www.koro.net.pl\\\/fr\\\/produkt\\\/fil-de-soudure-pour-acier-inoxydable-308-lsi-koronet-mig-mag\\\/#primaryimage\"},\"image\":{\"@id\":\"https:\\\/\\\/www.koro.net.pl\\\/fr\\\/produkt\\\/fil-de-soudure-pour-acier-inoxydable-308-lsi-koronet-mig-mag\\\/#primaryimage\"},\"thumbnailUrl\":\"https:\\\/\\\/www.koro.net.pl\\\/wp-content\\\/uploads\\\/2024\\\/12\\\/308-GPT-szpula-i-pudelko-produktowy.png\",\"datePublished\":\"2024-12-11T14:50:32+00:00\",\"description\":\"Fil de soudure de haute qualit\u00e9 KORONET MASTER 308LSi MAG pour acier inoxydable 304 et 304L. R\u00e9sistant \u00e0 la corrosion, id\u00e9al pour souder des tuyaux et des structures.\",\"breadcrumb\":{\"@id\":\"https:\\\/\\\/www.koro.net.pl\\\/fr\\\/produkt\\\/fil-de-soudure-pour-acier-inoxydable-308-lsi-koronet-mig-mag\\\/#breadcrumb\"},\"inLanguage\":\"fr-FR\",\"potentialAction\":[{\"@type\":\"ReadAction\",\"target\":[\"https:\\\/\\\/www.koro.net.pl\\\/fr\\\/produkt\\\/fil-de-soudure-pour-acier-inoxydable-308-lsi-koronet-mig-mag\\\/\"]}]},{\"@type\":\"ImageObject\",\"inLanguage\":\"fr-FR\",\"@id\":\"https:\\\/\\\/www.koro.net.pl\\\/fr\\\/produkt\\\/fil-de-soudure-pour-acier-inoxydable-308-lsi-koronet-mig-mag\\\/#primaryimage\",\"url\":\"https:\\\/\\\/www.koro.net.pl\\\/wp-content\\\/uploads\\\/2024\\\/12\\\/308-GPT-szpula-i-pudelko-produktowy.png\",\"contentUrl\":\"https:\\\/\\\/www.koro.net.pl\\\/wp-content\\\/uploads\\\/2024\\\/12\\\/308-GPT-szpula-i-pudelko-produktowy.png\",\"width\":600,\"height\":600,\"caption\":\"Drut spawalniczy 308 LSi Koronet\"},{\"@type\":\"BreadcrumbList\",\"@id\":\"https:\\\/\\\/www.koro.net.pl\\\/fr\\\/produkt\\\/fil-de-soudure-pour-acier-inoxydable-308-lsi-koronet-mig-mag\\\/#breadcrumb\",\"itemListElement\":[{\"@type\":\"ListItem\",\"position\":1,\"name\":\"Strona g\u0142\u00f3wna\",\"item\":\"https:\\\/\\\/www.koro.net.pl\\\/fr\\\/\"},{\"@type\":\"ListItem\",\"position\":2,\"name\":\"Fils de soudure\",\"item\":\"https:\\\/\\\/www.koro.net.pl\\\/fr\\\/produkty\\\/fils-de-soudure\\\/\"},{\"@type\":\"ListItem\",\"position\":3,\"name\":\"Fil de soudure pour acier inoxydable 308 LSi Koronet MIG MAG\"}]},{\"@type\":\"WebSite\",\"@id\":\"https:\\\/\\\/www.koro.net.pl\\\/fr\\\/#website\",\"url\":\"https:\\\/\\\/www.koro.net.pl\\\/fr\\\/\",\"name\":\"Koronet\",\"description\":\"\",\"publisher\":{\"@id\":\"https:\\\/\\\/www.koro.net.pl\\\/fr\\\/#organization\"},\"potentialAction\":[{\"@type\":\"SearchAction\",\"target\":{\"@type\":\"EntryPoint\",\"urlTemplate\":\"https:\\\/\\\/www.koro.net.pl\\\/fr\\\/?s={search_term_string}\"},\"query-input\":{\"@type\":\"PropertyValueSpecification\",\"valueRequired\":true,\"valueName\":\"search_term_string\"}}],\"inLanguage\":\"fr-FR\"},{\"@type\":\"Organization\",\"@id\":\"https:\\\/\\\/www.koro.net.pl\\\/fr\\\/#organization\",\"name\":\"Koronet\",\"alternateName\":\"Koronet\",\"url\":\"https:\\\/\\\/www.koro.net.pl\\\/fr\\\/\",\"logo\":{\"@type\":\"ImageObject\",\"inLanguage\":\"fr-FR\",\"@id\":\"https:\\\/\\\/www.koro.net.pl\\\/fr\\\/#\\\/schema\\\/logo\\\/image\\\/\",\"url\":\"https:\\\/\\\/www.koro.net.pl\\\/wp-content\\\/uploads\\\/2025\\\/02\\\/Koronet-spolka-z-o.o.png\",\"contentUrl\":\"https:\\\/\\\/www.koro.net.pl\\\/wp-content\\\/uploads\\\/2025\\\/02\\\/Koronet-spolka-z-o.o.png\",\"width\":696,\"height\":696,\"caption\":\"Koronet\"},\"image\":{\"@id\":\"https:\\\/\\\/www.koro.net.pl\\\/fr\\\/#\\\/schema\\\/logo\\\/image\\\/\"}}]}<\/script>\n<!-- \/ Yoast SEO plugin. -->","yoast_head_json":{"title":"Fil de soudure Koronet Master 308LSi MIG MAG.","description":"Fil de soudure de haute qualit\u00e9 KORONET MASTER 308LSi MAG pour acier inoxydable 304 et 304L. R\u00e9sistant \u00e0 la corrosion, id\u00e9al pour souder des tuyaux et des structures.","robots":{"index":"index","follow":"follow","max-snippet":"max-snippet:-1","max-image-preview":"max-image-preview:large","max-video-preview":"max-video-preview:-1"},"canonical":"https:\/\/www.koro.net.pl\/fr\/produkt\/fil-de-soudure-pour-acier-inoxydable-308-lsi-koronet-mig-mag\/","og_locale":"fr_FR","og_type":"article","og_title":"Fil de soudure Koronet Master 308LSi MIG MAG.","og_description":"Fil de soudure de haute qualit\u00e9 KORONET MASTER 308LSi MAG pour acier inoxydable 304 et 304L. R\u00e9sistant \u00e0 la corrosion, id\u00e9al pour souder des tuyaux et des structures.","og_url":"https:\/\/www.koro.net.pl\/fr\/produkt\/fil-de-soudure-pour-acier-inoxydable-308-lsi-koronet-mig-mag\/","og_site_name":"Koronet","og_image":[{"width":600,"height":600,"url":"https:\/\/www.koro.net.pl\/wp-content\/uploads\/2024\/12\/308-GPT-szpula-i-pudelko-produktowy.png","type":"image\/png"}],"twitter_card":"summary_large_image","twitter_misc":{"Dur\u00e9e de lecture estim\u00e9e":"1 minute"},"schema":{"@context":"https:\/\/schema.org","@graph":[{"@type":"WebPage","@id":"https:\/\/www.koro.net.pl\/fr\/produkt\/fil-de-soudure-pour-acier-inoxydable-308-lsi-koronet-mig-mag\/","url":"https:\/\/www.koro.net.pl\/fr\/produkt\/fil-de-soudure-pour-acier-inoxydable-308-lsi-koronet-mig-mag\/","name":"Fil de soudure Koronet Master 308LSi MIG MAG.","isPartOf":{"@id":"https:\/\/www.koro.net.pl\/fr\/#website"},"primaryImageOfPage":{"@id":"https:\/\/www.koro.net.pl\/fr\/produkt\/fil-de-soudure-pour-acier-inoxydable-308-lsi-koronet-mig-mag\/#primaryimage"},"image":{"@id":"https:\/\/www.koro.net.pl\/fr\/produkt\/fil-de-soudure-pour-acier-inoxydable-308-lsi-koronet-mig-mag\/#primaryimage"},"thumbnailUrl":"https:\/\/www.koro.net.pl\/wp-content\/uploads\/2024\/12\/308-GPT-szpula-i-pudelko-produktowy.png","datePublished":"2024-12-11T14:50:32+00:00","description":"Fil de soudure de haute qualit\u00e9 KORONET MASTER 308LSi MAG pour acier inoxydable 304 et 304L. R\u00e9sistant \u00e0 la corrosion, id\u00e9al pour souder des tuyaux et des structures.","breadcrumb":{"@id":"https:\/\/www.koro.net.pl\/fr\/produkt\/fil-de-soudure-pour-acier-inoxydable-308-lsi-koronet-mig-mag\/#breadcrumb"},"inLanguage":"fr-FR","potentialAction":[{"@type":"ReadAction","target":["https:\/\/www.koro.net.pl\/fr\/produkt\/fil-de-soudure-pour-acier-inoxydable-308-lsi-koronet-mig-mag\/"]}]},{"@type":"ImageObject","inLanguage":"fr-FR","@id":"https:\/\/www.koro.net.pl\/fr\/produkt\/fil-de-soudure-pour-acier-inoxydable-308-lsi-koronet-mig-mag\/#primaryimage","url":"https:\/\/www.koro.net.pl\/wp-content\/uploads\/2024\/12\/308-GPT-szpula-i-pudelko-produktowy.png","contentUrl":"https:\/\/www.koro.net.pl\/wp-content\/uploads\/2024\/12\/308-GPT-szpula-i-pudelko-produktowy.png","width":600,"height":600,"caption":"Drut spawalniczy 308 LSi Koronet"},{"@type":"BreadcrumbList","@id":"https:\/\/www.koro.net.pl\/fr\/produkt\/fil-de-soudure-pour-acier-inoxydable-308-lsi-koronet-mig-mag\/#breadcrumb","itemListElement":[{"@type":"ListItem","position":1,"name":"Strona g\u0142\u00f3wna","item":"https:\/\/www.koro.net.pl\/fr\/"},{"@type":"ListItem","position":2,"name":"Fils de soudure","item":"https:\/\/www.koro.net.pl\/fr\/produkty\/fils-de-soudure\/"},{"@type":"ListItem","position":3,"name":"Fil de soudure pour acier inoxydable 308 LSi Koronet MIG MAG"}]},{"@type":"WebSite","@id":"https:\/\/www.koro.net.pl\/fr\/#website","url":"https:\/\/www.koro.net.pl\/fr\/","name":"Koronet","description":"","publisher":{"@id":"https:\/\/www.koro.net.pl\/fr\/#organization"},"potentialAction":[{"@type":"SearchAction","target":{"@type":"EntryPoint","urlTemplate":"https:\/\/www.koro.net.pl\/fr\/?s={search_term_string}"},"query-input":{"@type":"PropertyValueSpecification","valueRequired":true,"valueName":"search_term_string"}}],"inLanguage":"fr-FR"},{"@type":"Organization","@id":"https:\/\/www.koro.net.pl\/fr\/#organization","name":"Koronet","alternateName":"Koronet","url":"https:\/\/www.koro.net.pl\/fr\/","logo":{"@type":"ImageObject","inLanguage":"fr-FR","@id":"https:\/\/www.koro.net.pl\/fr\/#\/schema\/logo\/image\/","url":"https:\/\/www.koro.net.pl\/wp-content\/uploads\/2025\/02\/Koronet-spolka-z-o.o.png","contentUrl":"https:\/\/www.koro.net.pl\/wp-content\/uploads\/2025\/02\/Koronet-spolka-z-o.o.png","width":696,"height":696,"caption":"Koronet"},"image":{"@id":"https:\/\/www.koro.net.pl\/fr\/#\/schema\/logo\/image\/"}}]}},"_links":{"self":[{"href":"https:\/\/www.koro.net.pl\/fr\/wp-json\/wp\/v2\/product\/12853","targetHints":{"allow":["GET"]}}],"collection":[{"href":"https:\/\/www.koro.net.pl\/fr\/wp-json\/wp\/v2\/product"}],"about":[{"href":"https:\/\/www.koro.net.pl\/fr\/wp-json\/wp\/v2\/types\/product"}],"wp:featuredmedia":[{"embeddable":true,"href":"https:\/\/www.koro.net.pl\/fr\/wp-json\/wp\/v2\/media\/7268"}],"wp:attachment":[{"href":"https:\/\/www.koro.net.pl\/fr\/wp-json\/wp\/v2\/media?parent=12853"}],"wp:term":[{"taxonomy":"product_brand","embeddable":true,"href":"https:\/\/www.koro.net.pl\/fr\/wp-json\/wp\/v2\/product_brand?post=12853"},{"taxonomy":"product_cat","embeddable":true,"href":"https:\/\/www.koro.net.pl\/fr\/wp-json\/wp\/v2\/product_cat?post=12853"},{"taxonomy":"product_tag","embeddable":true,"href":"https:\/\/www.koro.net.pl\/fr\/wp-json\/wp\/v2\/product_tag?post=12853"}],"curies":[{"name":"wp","href":"https:\/\/api.w.org\/{rel}","templated":true}]}}