{"id":12838,"date":"2024-12-11T15:48:52","date_gmt":"2024-12-11T14:48:52","guid":{"rendered":"https:\/\/www.koro.net.pl\/produkt\/fil-de-soudure-en-cuivre-sg2g3si1-ligne-koronet-premium-de-5-kg\/"},"modified":"2024-12-11T15:48:52","modified_gmt":"2024-12-11T14:48:52","slug":"fil-de-soudure-en-cuivre-sg2g3si1-ligne-koronet-premium-de-5-kg","status":"publish","type":"product","link":"https:\/\/www.koro.net.pl\/fr\/produkt\/fil-de-soudure-en-cuivre-sg2g3si1-ligne-koronet-premium-de-5-kg\/","title":{"rendered":"Fil de soudure en cuivre SG2(G3Si1) Ligne Koronet Premium de 5 kg"},"content":{"rendered":"<p>Le fil de soudure est fabriqu\u00e9 en acier silicium-mangan\u00e8se rev\u00eatu de cuivre pour la m\u00e9thode MIG\/MAG, con\u00e7u pour <a href=\"https:\/\/www.koro.net.pl\/fr\/produkty\/fils-de-soudure\/\">souder <\/a>des aciers structurels, chaudi\u00e8res, navals et carbone-mangan\u00e8se \u00e0 grains fins, dans un blindage gazeux.<br \/>\nLe fil <strong> SG2 G3Si1<\/strong> est consid\u00e9r\u00e9 comme le fil de soudure le plus polyvalent.<\/p>\n<p>Il poss\u00e8de une bonne capacit\u00e9 de formage \u00e0 l\u2019arc et un faible risque de porosit\u00e9 de soudure.<\/p>\n<p>La soudure par fil de cuivre, \u00e9galement appel\u00e9e fil rev\u00eatu de cuivre, offre une meilleure conductivit\u00e9 \u00e9lectrique (ce qui aide \u00e0 une transmission stable du courant), la dissipation thermique est am\u00e9lior\u00e9e, le fil br\u00fble uniform\u00e9ment, ce qui affecte la meilleure qualit\u00e9 de la soudure.<\/p>\n<p>Il est efficace pour le soudage dans une vari\u00e9t\u00e9 de conditions et de positions.<br \/>\nLe fil de soudure Koronet Premium n\u2019est disponible qu\u2019en enroulement de pr\u00e9cision sur des bobines de 5 kg (D200) et 15 kg (K300). Trois diam\u00e8tres de 0,8 mm, 1,0 mm, 1,2 mm sont disponibles. <\/p>\n<p>Le fil de soudure de haute qualit\u00e9 jouit d\u2019une excellente r\u00e9putation bien m\u00e9rit\u00e9e, gr\u00e2ce \u00e0 sa grande qualit\u00e9 d\u2019alimentation, sa stabilit\u00e9 \u00e0 l\u2019arc et ses caract\u00e9ristiques uniques.<br \/>\n\u2022 Gaz de blindage (EN ISO 14175) : M20, M21, M3, C1<br \/>\n\u2022 Courant de soudure : =+<br \/>\n\u2022 Homologations : ABS ISO LR T\u00dcV CE DB<br \/>\n \u2022 Classification des alliages : EN ISO 14341, EN13479+, 0035-CPR-C751<\/p>\n<table>\n<tbody>\n<tr>\n<td><strong>POIDS<\/strong><\/td>\n<td><strong>BULE-BOULE<\/strong><\/td>\n<td><strong>DI\u00c2TRE<\/strong><\/td>\n<\/tr>\n<tr>\n<td>5 KG<\/td>\n<td>D200<\/td>\n<td>0,8 mm<\/td>\n<\/tr>\n<tr>\n<td>5 KG<\/td>\n<td>D200<\/td>\n<td>1,0 mm<\/td>\n<\/tr>\n<tr>\n<td>5 KG<\/td>\n<td>D200<\/td>\n<td>1,2 mm<\/td>\n<\/tr>\n<tr>\n<td>15 KG<\/td>\n<td>K300<\/td>\n<td>0,8 mm<\/td>\n<\/tr>\n<tr>\n<td>15 KG<\/td>\n<td>K300<\/td>\n<td>1,0 mm<\/td>\n<\/tr>\n<tr>\n<td>15 KG<\/td>\n<td>K300<\/td>\n<td>1,2 mm<\/td>\n<\/tr>\n<\/tbody>\n<\/table>\n","protected":false},"excerpt":{"rendered":"<p>Le fil de soudure est fabriqu\u00e9 en acier silicium-mangan\u00e8se rev\u00eatu de cuivre pour la m\u00e9thode MIG\/MAG, con\u00e7u pour souder des aciers structurels, chaudi\u00e8res, navals et carbone-mangan\u00e8se \u00e0 grains fins, dans [&hellip;]<\/p>\n","protected":false},"featured_media":7362,"template":"","meta":{"_acf_changed":false},"product_brand":[],"product_cat":[185,175,184],"product_tag":[186],"class_list":{"0":"post-12838","1":"product","2":"type-product","3":"status-publish","4":"has-post-thumbnail","6":"product_cat-fil-pour-souder-des-aciers-structurels-a-faible-teneur-en-carbone","7":"product_cat-fils-de-soudure","8":"product_cat-machines-a-ficelle","9":"product_tag-fils-de-soudure-koronet-sg2","11":"first","12":"instock","13":"taxable","14":"shipping-taxable","15":"purchasable","16":"product-type-variable","17":"has-default-attributes"},"acf":[],"yoast_head":"<!-- This site is optimized with the Yoast SEO plugin v27.5 - https:\/\/yoast.com\/product\/yoast-seo-wordpress\/ -->\n<title>M\u00e9thode MAG de fil de soudure Koronet SG2(G3Si1)I Premium<\/title>\n<meta name=\"description\" content=\"Fil de soudure en acier silicium-mangan\u00e8se KORONET G3Si1 SG2 (TIG), plaqu\u00e9 cuivre. Pour souder des aciers non alli\u00e9s et \u00e0 faible teneur en carbone. Une large application.\" \/>\n<meta name=\"robots\" content=\"index, follow, max-snippet:-1, max-image-preview:large, max-video-preview:-1\" \/>\n<link rel=\"canonical\" href=\"https:\/\/www.koro.net.pl\/fr\/produkt\/fil-de-soudure-en-cuivre-sg2g3si1-ligne-koronet-premium-de-5-kg\/\" \/>\n<meta property=\"og:locale\" content=\"fr_FR\" \/>\n<meta property=\"og:type\" content=\"article\" \/>\n<meta property=\"og:title\" content=\"M\u00e9thode MAG de fil de soudure Koronet SG2(G3Si1)I Premium\" \/>\n<meta property=\"og:description\" content=\"Fil de soudure en acier silicium-mangan\u00e8se KORONET G3Si1 SG2 (TIG), plaqu\u00e9 cuivre. Pour souder des aciers non alli\u00e9s et \u00e0 faible teneur en carbone. Une large application.\" \/>\n<meta property=\"og:url\" content=\"https:\/\/www.koro.net.pl\/fr\/produkt\/fil-de-soudure-en-cuivre-sg2g3si1-ligne-koronet-premium-de-5-kg\/\" \/>\n<meta property=\"og:site_name\" content=\"Koronet\" \/>\n<meta property=\"og:image\" content=\"https:\/\/www.koro.net.pl\/wp-content\/uploads\/2024\/12\/Miedziowany-G3Si1-szpula-pudelko-GPT-produktowe.png\" \/>\n\t<meta property=\"og:image:width\" content=\"600\" \/>\n\t<meta property=\"og:image:height\" content=\"600\" \/>\n\t<meta property=\"og:image:type\" content=\"image\/png\" \/>\n<meta name=\"twitter:card\" content=\"summary_large_image\" \/>\n<meta name=\"twitter:label1\" content=\"Dur\u00e9e de lecture estim\u00e9e\" \/>\n\t<meta name=\"twitter:data1\" content=\"1 minute\" \/>\n<script type=\"application\/ld+json\" class=\"yoast-schema-graph\">{\"@context\":\"https:\\\/\\\/schema.org\",\"@graph\":[{\"@type\":\"WebPage\",\"@id\":\"https:\\\/\\\/www.koro.net.pl\\\/fr\\\/produkt\\\/fil-de-soudure-en-cuivre-sg2g3si1-ligne-koronet-premium-de-5-kg\\\/\",\"url\":\"https:\\\/\\\/www.koro.net.pl\\\/fr\\\/produkt\\\/fil-de-soudure-en-cuivre-sg2g3si1-ligne-koronet-premium-de-5-kg\\\/\",\"name\":\"M\u00e9thode MAG de fil de soudure Koronet SG2(G3Si1)I Premium\",\"isPartOf\":{\"@id\":\"https:\\\/\\\/www.koro.net.pl\\\/fr\\\/#website\"},\"primaryImageOfPage\":{\"@id\":\"https:\\\/\\\/www.koro.net.pl\\\/fr\\\/produkt\\\/fil-de-soudure-en-cuivre-sg2g3si1-ligne-koronet-premium-de-5-kg\\\/#primaryimage\"},\"image\":{\"@id\":\"https:\\\/\\\/www.koro.net.pl\\\/fr\\\/produkt\\\/fil-de-soudure-en-cuivre-sg2g3si1-ligne-koronet-premium-de-5-kg\\\/#primaryimage\"},\"thumbnailUrl\":\"https:\\\/\\\/www.koro.net.pl\\\/wp-content\\\/uploads\\\/2024\\\/12\\\/Miedziowany-G3Si1-szpula-pudelko-GPT-produktowe.png\",\"datePublished\":\"2024-12-11T14:48:52+00:00\",\"description\":\"Fil de soudure en acier silicium-mangan\u00e8se KORONET G3Si1 SG2 (TIG), plaqu\u00e9 cuivre. Pour souder des aciers non alli\u00e9s et \u00e0 faible teneur en carbone. Une large application.\",\"breadcrumb\":{\"@id\":\"https:\\\/\\\/www.koro.net.pl\\\/fr\\\/produkt\\\/fil-de-soudure-en-cuivre-sg2g3si1-ligne-koronet-premium-de-5-kg\\\/#breadcrumb\"},\"inLanguage\":\"fr-FR\",\"potentialAction\":[{\"@type\":\"ReadAction\",\"target\":[\"https:\\\/\\\/www.koro.net.pl\\\/fr\\\/produkt\\\/fil-de-soudure-en-cuivre-sg2g3si1-ligne-koronet-premium-de-5-kg\\\/\"]}]},{\"@type\":\"ImageObject\",\"inLanguage\":\"fr-FR\",\"@id\":\"https:\\\/\\\/www.koro.net.pl\\\/fr\\\/produkt\\\/fil-de-soudure-en-cuivre-sg2g3si1-ligne-koronet-premium-de-5-kg\\\/#primaryimage\",\"url\":\"https:\\\/\\\/www.koro.net.pl\\\/wp-content\\\/uploads\\\/2024\\\/12\\\/Miedziowany-G3Si1-szpula-pudelko-GPT-produktowe.png\",\"contentUrl\":\"https:\\\/\\\/www.koro.net.pl\\\/wp-content\\\/uploads\\\/2024\\\/12\\\/Miedziowany-G3Si1-szpula-pudelko-GPT-produktowe.png\",\"width\":600,\"height\":600,\"caption\":\"drut spawalniczy miedziowany SG2 G3Si1 szpula i pude\u0142ko\"},{\"@type\":\"BreadcrumbList\",\"@id\":\"https:\\\/\\\/www.koro.net.pl\\\/fr\\\/produkt\\\/fil-de-soudure-en-cuivre-sg2g3si1-ligne-koronet-premium-de-5-kg\\\/#breadcrumb\",\"itemListElement\":[{\"@type\":\"ListItem\",\"position\":1,\"name\":\"Strona g\u0142\u00f3wna\",\"item\":\"https:\\\/\\\/www.koro.net.pl\\\/fr\\\/\"},{\"@type\":\"ListItem\",\"position\":2,\"name\":\"Fil de soudure en cuivre SG2(G3Si1) Ligne Koronet Premium de 5 kg\"}]},{\"@type\":\"WebSite\",\"@id\":\"https:\\\/\\\/www.koro.net.pl\\\/fr\\\/#website\",\"url\":\"https:\\\/\\\/www.koro.net.pl\\\/fr\\\/\",\"name\":\"Koronet\",\"description\":\"\",\"publisher\":{\"@id\":\"https:\\\/\\\/www.koro.net.pl\\\/fr\\\/#organization\"},\"potentialAction\":[{\"@type\":\"SearchAction\",\"target\":{\"@type\":\"EntryPoint\",\"urlTemplate\":\"https:\\\/\\\/www.koro.net.pl\\\/fr\\\/?s={search_term_string}\"},\"query-input\":{\"@type\":\"PropertyValueSpecification\",\"valueRequired\":true,\"valueName\":\"search_term_string\"}}],\"inLanguage\":\"fr-FR\"},{\"@type\":\"Organization\",\"@id\":\"https:\\\/\\\/www.koro.net.pl\\\/fr\\\/#organization\",\"name\":\"Koronet\",\"alternateName\":\"Koronet\",\"url\":\"https:\\\/\\\/www.koro.net.pl\\\/fr\\\/\",\"logo\":{\"@type\":\"ImageObject\",\"inLanguage\":\"fr-FR\",\"@id\":\"https:\\\/\\\/www.koro.net.pl\\\/fr\\\/#\\\/schema\\\/logo\\\/image\\\/\",\"url\":\"https:\\\/\\\/www.koro.net.pl\\\/wp-content\\\/uploads\\\/2025\\\/02\\\/Koronet-spolka-z-o.o.png\",\"contentUrl\":\"https:\\\/\\\/www.koro.net.pl\\\/wp-content\\\/uploads\\\/2025\\\/02\\\/Koronet-spolka-z-o.o.png\",\"width\":696,\"height\":696,\"caption\":\"Koronet\"},\"image\":{\"@id\":\"https:\\\/\\\/www.koro.net.pl\\\/fr\\\/#\\\/schema\\\/logo\\\/image\\\/\"}}]}<\/script>\n<!-- \/ Yoast SEO plugin. -->","yoast_head_json":{"title":"M\u00e9thode MAG de fil de soudure Koronet SG2(G3Si1)I Premium","description":"Fil de soudure en acier silicium-mangan\u00e8se KORONET G3Si1 SG2 (TIG), plaqu\u00e9 cuivre. Pour souder des aciers non alli\u00e9s et \u00e0 faible teneur en carbone. Une large application.","robots":{"index":"index","follow":"follow","max-snippet":"max-snippet:-1","max-image-preview":"max-image-preview:large","max-video-preview":"max-video-preview:-1"},"canonical":"https:\/\/www.koro.net.pl\/fr\/produkt\/fil-de-soudure-en-cuivre-sg2g3si1-ligne-koronet-premium-de-5-kg\/","og_locale":"fr_FR","og_type":"article","og_title":"M\u00e9thode MAG de fil de soudure Koronet SG2(G3Si1)I Premium","og_description":"Fil de soudure en acier silicium-mangan\u00e8se KORONET G3Si1 SG2 (TIG), plaqu\u00e9 cuivre. Pour souder des aciers non alli\u00e9s et \u00e0 faible teneur en carbone. Une large application.","og_url":"https:\/\/www.koro.net.pl\/fr\/produkt\/fil-de-soudure-en-cuivre-sg2g3si1-ligne-koronet-premium-de-5-kg\/","og_site_name":"Koronet","og_image":[{"width":600,"height":600,"url":"https:\/\/www.koro.net.pl\/wp-content\/uploads\/2024\/12\/Miedziowany-G3Si1-szpula-pudelko-GPT-produktowe.png","type":"image\/png"}],"twitter_card":"summary_large_image","twitter_misc":{"Dur\u00e9e de lecture estim\u00e9e":"1 minute"},"schema":{"@context":"https:\/\/schema.org","@graph":[{"@type":"WebPage","@id":"https:\/\/www.koro.net.pl\/fr\/produkt\/fil-de-soudure-en-cuivre-sg2g3si1-ligne-koronet-premium-de-5-kg\/","url":"https:\/\/www.koro.net.pl\/fr\/produkt\/fil-de-soudure-en-cuivre-sg2g3si1-ligne-koronet-premium-de-5-kg\/","name":"M\u00e9thode MAG de fil de soudure Koronet SG2(G3Si1)I Premium","isPartOf":{"@id":"https:\/\/www.koro.net.pl\/fr\/#website"},"primaryImageOfPage":{"@id":"https:\/\/www.koro.net.pl\/fr\/produkt\/fil-de-soudure-en-cuivre-sg2g3si1-ligne-koronet-premium-de-5-kg\/#primaryimage"},"image":{"@id":"https:\/\/www.koro.net.pl\/fr\/produkt\/fil-de-soudure-en-cuivre-sg2g3si1-ligne-koronet-premium-de-5-kg\/#primaryimage"},"thumbnailUrl":"https:\/\/www.koro.net.pl\/wp-content\/uploads\/2024\/12\/Miedziowany-G3Si1-szpula-pudelko-GPT-produktowe.png","datePublished":"2024-12-11T14:48:52+00:00","description":"Fil de soudure en acier silicium-mangan\u00e8se KORONET G3Si1 SG2 (TIG), plaqu\u00e9 cuivre. Pour souder des aciers non alli\u00e9s et \u00e0 faible teneur en carbone. Une large application.","breadcrumb":{"@id":"https:\/\/www.koro.net.pl\/fr\/produkt\/fil-de-soudure-en-cuivre-sg2g3si1-ligne-koronet-premium-de-5-kg\/#breadcrumb"},"inLanguage":"fr-FR","potentialAction":[{"@type":"ReadAction","target":["https:\/\/www.koro.net.pl\/fr\/produkt\/fil-de-soudure-en-cuivre-sg2g3si1-ligne-koronet-premium-de-5-kg\/"]}]},{"@type":"ImageObject","inLanguage":"fr-FR","@id":"https:\/\/www.koro.net.pl\/fr\/produkt\/fil-de-soudure-en-cuivre-sg2g3si1-ligne-koronet-premium-de-5-kg\/#primaryimage","url":"https:\/\/www.koro.net.pl\/wp-content\/uploads\/2024\/12\/Miedziowany-G3Si1-szpula-pudelko-GPT-produktowe.png","contentUrl":"https:\/\/www.koro.net.pl\/wp-content\/uploads\/2024\/12\/Miedziowany-G3Si1-szpula-pudelko-GPT-produktowe.png","width":600,"height":600,"caption":"drut spawalniczy miedziowany SG2 G3Si1 szpula i pude\u0142ko"},{"@type":"BreadcrumbList","@id":"https:\/\/www.koro.net.pl\/fr\/produkt\/fil-de-soudure-en-cuivre-sg2g3si1-ligne-koronet-premium-de-5-kg\/#breadcrumb","itemListElement":[{"@type":"ListItem","position":1,"name":"Strona g\u0142\u00f3wna","item":"https:\/\/www.koro.net.pl\/fr\/"},{"@type":"ListItem","position":2,"name":"Fil de soudure en cuivre SG2(G3Si1) Ligne Koronet Premium de 5 kg"}]},{"@type":"WebSite","@id":"https:\/\/www.koro.net.pl\/fr\/#website","url":"https:\/\/www.koro.net.pl\/fr\/","name":"Koronet","description":"","publisher":{"@id":"https:\/\/www.koro.net.pl\/fr\/#organization"},"potentialAction":[{"@type":"SearchAction","target":{"@type":"EntryPoint","urlTemplate":"https:\/\/www.koro.net.pl\/fr\/?s={search_term_string}"},"query-input":{"@type":"PropertyValueSpecification","valueRequired":true,"valueName":"search_term_string"}}],"inLanguage":"fr-FR"},{"@type":"Organization","@id":"https:\/\/www.koro.net.pl\/fr\/#organization","name":"Koronet","alternateName":"Koronet","url":"https:\/\/www.koro.net.pl\/fr\/","logo":{"@type":"ImageObject","inLanguage":"fr-FR","@id":"https:\/\/www.koro.net.pl\/fr\/#\/schema\/logo\/image\/","url":"https:\/\/www.koro.net.pl\/wp-content\/uploads\/2025\/02\/Koronet-spolka-z-o.o.png","contentUrl":"https:\/\/www.koro.net.pl\/wp-content\/uploads\/2025\/02\/Koronet-spolka-z-o.o.png","width":696,"height":696,"caption":"Koronet"},"image":{"@id":"https:\/\/www.koro.net.pl\/fr\/#\/schema\/logo\/image\/"}}]}},"_links":{"self":[{"href":"https:\/\/www.koro.net.pl\/fr\/wp-json\/wp\/v2\/product\/12838","targetHints":{"allow":["GET"]}}],"collection":[{"href":"https:\/\/www.koro.net.pl\/fr\/wp-json\/wp\/v2\/product"}],"about":[{"href":"https:\/\/www.koro.net.pl\/fr\/wp-json\/wp\/v2\/types\/product"}],"wp:featuredmedia":[{"embeddable":true,"href":"https:\/\/www.koro.net.pl\/fr\/wp-json\/wp\/v2\/media\/7362"}],"wp:attachment":[{"href":"https:\/\/www.koro.net.pl\/fr\/wp-json\/wp\/v2\/media?parent=12838"}],"wp:term":[{"taxonomy":"product_brand","embeddable":true,"href":"https:\/\/www.koro.net.pl\/fr\/wp-json\/wp\/v2\/product_brand?post=12838"},{"taxonomy":"product_cat","embeddable":true,"href":"https:\/\/www.koro.net.pl\/fr\/wp-json\/wp\/v2\/product_cat?post=12838"},{"taxonomy":"product_tag","embeddable":true,"href":"https:\/\/www.koro.net.pl\/fr\/wp-json\/wp\/v2\/product_tag?post=12838"}],"curies":[{"name":"wp","href":"https:\/\/api.w.org\/{rel}","templated":true}]}}