{"id":12836,"date":"2024-08-23T16:25:12","date_gmt":"2024-08-23T14:25:12","guid":{"rendered":"https:\/\/www.koro.net.pl\/produkt\/forme-de-flamme-a-lime-rotatif-hm\/"},"modified":"2024-08-23T16:25:12","modified_gmt":"2024-08-23T14:25:12","slug":"forme-de-flamme-a-lime-rotatif-hm","status":"publish","type":"product","link":"https:\/\/www.koro.net.pl\/fr\/produkt\/forme-de-flamme-a-lime-rotatif-hm\/","title":{"rendered":"Forme de flamme \u00e0 lime rotatif HM"},"content":{"rendered":"<p><a href=\"https:\/\/www.koro.net.pl\/fr\/produkty\/fichiers-rotatifs\/\">Lime rotatif HM<\/a> avec tige \u00e0 rouleau de la s\u00e9rie Premium Line Tools. Les limes sont fabriqu\u00e9es en carbure ciment\u00e9 de haute qualit\u00e9, garantissant une grande usinabilit\u00e9 et une grande efficacit\u00e9. D\u00e9di\u00e9 au travail dans diverses dureces mat\u00e9rielles. Large gamme de g\u00e9om\u00e9tries, 10 formes disponibles. Tige cylindrique de 6 mm La lime est con\u00e7ue pour \u00eatre utilis\u00e9e avec des meuleurs \u00e9lectriques ou pneumatiques.     <\/p>\n<ul>\n<li>Forme : Flamme<\/li>\n<li>Mat\u00e9riau : carbure ciment\u00e9<\/li>\n<li>R\u00e9alisation : Droitier<\/li>\n<li>Tige : cylindrique<\/li>\n<\/ul>\n<p><em>La norme de qualit\u00e9 allemande est le niveau que tous nos outils atteignent.<\/em><\/p>\n<table>\n<tbody>\n<tr>\n<td><strong>Diam\u00e8tre (mm)<\/strong><\/td>\n<td><strong>Longueur de travail (mm)<\/strong><\/td>\n<td><strong>Longueur totale (mm)<\/strong><\/td>\n<td><strong>Diam\u00e8tre de la tige (mm)<\/strong><\/td>\n<\/tr>\n<tr>\n<td>\n 6<\/td>\n<td>18<\/td>\n<td>63<\/td>\n<td>6<\/td>\n<\/tr>\n<tr>\n<td>\n 8<\/td>\n<td>20<\/td>\n<td>65<\/td>\n<td>6<\/td>\n<\/tr>\n<tr>\n<td>10<\/td>\n<td>25<\/td>\n<td>70<\/td>\n<td>6<\/td>\n<\/tr>\n<tr>\n<td>12<\/td>\n<td>32<\/td>\n<td>77<\/td>\n<td>6<\/td>\n<\/tr>\n<tr>\n<td>16<\/td>\n<td>36<\/td>\n<td>81<\/td>\n<td>6<\/td>\n<\/tr>\n<\/tbody>\n<\/table>\n<p>&nbsp;<\/p>\n","protected":false},"excerpt":{"rendered":"<p>Lime rotatif HM avec tige \u00e0 rouleau de la s\u00e9rie Premium Line Tools. Les limes sont fabriqu\u00e9es en carbure ciment\u00e9 de haute qualit\u00e9, garantissant une grande usinabilit\u00e9 et une grande [&hellip;]<\/p>\n","protected":false},"featured_media":4712,"template":"","meta":{"_acf_changed":false},"product_brand":[],"product_cat":[194,174],"product_tag":[],"class_list":{"0":"post-12836","1":"product","2":"type-product","3":"status-publish","4":"has-post-thumbnail","6":"product_cat-fichiers-rotatifs","7":"product_cat-outils","9":"first","10":"instock","11":"taxable","12":"shipping-taxable","13":"purchasable","14":"product-type-variable","15":"has-default-attributes"},"acf":[],"yoast_head":"<!-- This site is optimized with the Yoast SEO plugin v27.5 - https:\/\/yoast.com\/product\/yoast-seo-wordpress\/ -->\n<title>HM Rotary File (Flamme) - Carbure ciment\u00e9, tige 6 mm<\/title>\n<meta name=\"description\" content=\"Lime HM Flame - Carbure ciment\u00e9, 10 formes, tige de 6 mm Pour traiter une vari\u00e9t\u00e9 de mat\u00e9riaux. Outils Premium Line - garantie qualit\u00e9 !\" \/>\n<meta name=\"robots\" content=\"index, follow, max-snippet:-1, max-image-preview:large, max-video-preview:-1\" \/>\n<link rel=\"canonical\" href=\"https:\/\/www.koro.net.pl\/fr\/produkt\/forme-de-flamme-a-lime-rotatif-hm\/\" \/>\n<meta property=\"og:locale\" content=\"fr_FR\" \/>\n<meta property=\"og:type\" content=\"article\" \/>\n<meta property=\"og:title\" content=\"HM Rotary File (Flamme) - Carbure ciment\u00e9, tige 6 mm\" \/>\n<meta property=\"og:description\" content=\"Lime HM Flame - Carbure ciment\u00e9, 10 formes, tige de 6 mm Pour traiter une vari\u00e9t\u00e9 de mat\u00e9riaux. Outils Premium Line - garantie qualit\u00e9 !\" \/>\n<meta property=\"og:url\" content=\"https:\/\/www.koro.net.pl\/fr\/produkt\/forme-de-flamme-a-lime-rotatif-hm\/\" \/>\n<meta property=\"og:site_name\" content=\"Koronet\" \/>\n<meta property=\"og:image\" content=\"https:\/\/www.koro.net.pl\/wp-content\/uploads\/2024\/08\/Pilnik-obrotwy-PLOMIEN.jpg\" \/>\n\t<meta property=\"og:image:width\" content=\"1200\" \/>\n\t<meta property=\"og:image:height\" content=\"1200\" \/>\n\t<meta property=\"og:image:type\" content=\"image\/jpeg\" \/>\n<meta name=\"twitter:card\" content=\"summary_large_image\" \/>\n<meta name=\"twitter:label1\" content=\"Dur\u00e9e de lecture estim\u00e9e\" \/>\n\t<meta name=\"twitter:data1\" content=\"1 minute\" \/>\n<script type=\"application\/ld+json\" class=\"yoast-schema-graph\">{\"@context\":\"https:\\\/\\\/schema.org\",\"@graph\":[{\"@type\":\"WebPage\",\"@id\":\"https:\\\/\\\/www.koro.net.pl\\\/fr\\\/produkt\\\/forme-de-flamme-a-lime-rotatif-hm\\\/\",\"url\":\"https:\\\/\\\/www.koro.net.pl\\\/fr\\\/produkt\\\/forme-de-flamme-a-lime-rotatif-hm\\\/\",\"name\":\"HM Rotary File (Flamme) - Carbure ciment\u00e9, tige 6 mm\",\"isPartOf\":{\"@id\":\"https:\\\/\\\/www.koro.net.pl\\\/fr\\\/#website\"},\"primaryImageOfPage\":{\"@id\":\"https:\\\/\\\/www.koro.net.pl\\\/fr\\\/produkt\\\/forme-de-flamme-a-lime-rotatif-hm\\\/#primaryimage\"},\"image\":{\"@id\":\"https:\\\/\\\/www.koro.net.pl\\\/fr\\\/produkt\\\/forme-de-flamme-a-lime-rotatif-hm\\\/#primaryimage\"},\"thumbnailUrl\":\"https:\\\/\\\/www.koro.net.pl\\\/wp-content\\\/uploads\\\/2024\\\/08\\\/Pilnik-obrotwy-PLOMIEN.jpg\",\"datePublished\":\"2024-08-23T14:25:12+00:00\",\"description\":\"Lime HM Flame - Carbure ciment\u00e9, 10 formes, tige de 6 mm Pour traiter une vari\u00e9t\u00e9 de mat\u00e9riaux. Outils Premium Line - garantie qualit\u00e9 !\",\"breadcrumb\":{\"@id\":\"https:\\\/\\\/www.koro.net.pl\\\/fr\\\/produkt\\\/forme-de-flamme-a-lime-rotatif-hm\\\/#breadcrumb\"},\"inLanguage\":\"fr-FR\",\"potentialAction\":[{\"@type\":\"ReadAction\",\"target\":[\"https:\\\/\\\/www.koro.net.pl\\\/fr\\\/produkt\\\/forme-de-flamme-a-lime-rotatif-hm\\\/\"]}]},{\"@type\":\"ImageObject\",\"inLanguage\":\"fr-FR\",\"@id\":\"https:\\\/\\\/www.koro.net.pl\\\/fr\\\/produkt\\\/forme-de-flamme-a-lime-rotatif-hm\\\/#primaryimage\",\"url\":\"https:\\\/\\\/www.koro.net.pl\\\/wp-content\\\/uploads\\\/2024\\\/08\\\/Pilnik-obrotwy-PLOMIEN.jpg\",\"contentUrl\":\"https:\\\/\\\/www.koro.net.pl\\\/wp-content\\\/uploads\\\/2024\\\/08\\\/Pilnik-obrotwy-PLOMIEN.jpg\",\"width\":1200,\"height\":1200,\"caption\":\"Pilnik obrotowy HM kszta\u0142t p\u0142omie\u0144\"},{\"@type\":\"BreadcrumbList\",\"@id\":\"https:\\\/\\\/www.koro.net.pl\\\/fr\\\/produkt\\\/forme-de-flamme-a-lime-rotatif-hm\\\/#breadcrumb\",\"itemListElement\":[{\"@type\":\"ListItem\",\"position\":1,\"name\":\"Strona g\u0142\u00f3wna\",\"item\":\"https:\\\/\\\/www.koro.net.pl\\\/fr\\\/\"},{\"@type\":\"ListItem\",\"position\":2,\"name\":\"Forme de flamme \u00e0 lime rotatif HM\"}]},{\"@type\":\"WebSite\",\"@id\":\"https:\\\/\\\/www.koro.net.pl\\\/fr\\\/#website\",\"url\":\"https:\\\/\\\/www.koro.net.pl\\\/fr\\\/\",\"name\":\"Koronet\",\"description\":\"\",\"publisher\":{\"@id\":\"https:\\\/\\\/www.koro.net.pl\\\/fr\\\/#organization\"},\"potentialAction\":[{\"@type\":\"SearchAction\",\"target\":{\"@type\":\"EntryPoint\",\"urlTemplate\":\"https:\\\/\\\/www.koro.net.pl\\\/fr\\\/?s={search_term_string}\"},\"query-input\":{\"@type\":\"PropertyValueSpecification\",\"valueRequired\":true,\"valueName\":\"search_term_string\"}}],\"inLanguage\":\"fr-FR\"},{\"@type\":\"Organization\",\"@id\":\"https:\\\/\\\/www.koro.net.pl\\\/fr\\\/#organization\",\"name\":\"Koronet\",\"alternateName\":\"Koronet\",\"url\":\"https:\\\/\\\/www.koro.net.pl\\\/fr\\\/\",\"logo\":{\"@type\":\"ImageObject\",\"inLanguage\":\"fr-FR\",\"@id\":\"https:\\\/\\\/www.koro.net.pl\\\/fr\\\/#\\\/schema\\\/logo\\\/image\\\/\",\"url\":\"https:\\\/\\\/www.koro.net.pl\\\/wp-content\\\/uploads\\\/2025\\\/02\\\/Koronet-spolka-z-o.o.png\",\"contentUrl\":\"https:\\\/\\\/www.koro.net.pl\\\/wp-content\\\/uploads\\\/2025\\\/02\\\/Koronet-spolka-z-o.o.png\",\"width\":696,\"height\":696,\"caption\":\"Koronet\"},\"image\":{\"@id\":\"https:\\\/\\\/www.koro.net.pl\\\/fr\\\/#\\\/schema\\\/logo\\\/image\\\/\"}}]}<\/script>\n<!-- \/ Yoast SEO plugin. -->","yoast_head_json":{"title":"HM Rotary File (Flamme) - Carbure ciment\u00e9, tige 6 mm","description":"Lime HM Flame - Carbure ciment\u00e9, 10 formes, tige de 6 mm Pour traiter une vari\u00e9t\u00e9 de mat\u00e9riaux. Outils Premium Line - garantie qualit\u00e9 !","robots":{"index":"index","follow":"follow","max-snippet":"max-snippet:-1","max-image-preview":"max-image-preview:large","max-video-preview":"max-video-preview:-1"},"canonical":"https:\/\/www.koro.net.pl\/fr\/produkt\/forme-de-flamme-a-lime-rotatif-hm\/","og_locale":"fr_FR","og_type":"article","og_title":"HM Rotary File (Flamme) - Carbure ciment\u00e9, tige 6 mm","og_description":"Lime HM Flame - Carbure ciment\u00e9, 10 formes, tige de 6 mm Pour traiter une vari\u00e9t\u00e9 de mat\u00e9riaux. Outils Premium Line - garantie qualit\u00e9 !","og_url":"https:\/\/www.koro.net.pl\/fr\/produkt\/forme-de-flamme-a-lime-rotatif-hm\/","og_site_name":"Koronet","og_image":[{"width":1200,"height":1200,"url":"https:\/\/www.koro.net.pl\/wp-content\/uploads\/2024\/08\/Pilnik-obrotwy-PLOMIEN.jpg","type":"image\/jpeg"}],"twitter_card":"summary_large_image","twitter_misc":{"Dur\u00e9e de lecture estim\u00e9e":"1 minute"},"schema":{"@context":"https:\/\/schema.org","@graph":[{"@type":"WebPage","@id":"https:\/\/www.koro.net.pl\/fr\/produkt\/forme-de-flamme-a-lime-rotatif-hm\/","url":"https:\/\/www.koro.net.pl\/fr\/produkt\/forme-de-flamme-a-lime-rotatif-hm\/","name":"HM Rotary File (Flamme) - Carbure ciment\u00e9, tige 6 mm","isPartOf":{"@id":"https:\/\/www.koro.net.pl\/fr\/#website"},"primaryImageOfPage":{"@id":"https:\/\/www.koro.net.pl\/fr\/produkt\/forme-de-flamme-a-lime-rotatif-hm\/#primaryimage"},"image":{"@id":"https:\/\/www.koro.net.pl\/fr\/produkt\/forme-de-flamme-a-lime-rotatif-hm\/#primaryimage"},"thumbnailUrl":"https:\/\/www.koro.net.pl\/wp-content\/uploads\/2024\/08\/Pilnik-obrotwy-PLOMIEN.jpg","datePublished":"2024-08-23T14:25:12+00:00","description":"Lime HM Flame - Carbure ciment\u00e9, 10 formes, tige de 6 mm Pour traiter une vari\u00e9t\u00e9 de mat\u00e9riaux. Outils Premium Line - garantie qualit\u00e9 !","breadcrumb":{"@id":"https:\/\/www.koro.net.pl\/fr\/produkt\/forme-de-flamme-a-lime-rotatif-hm\/#breadcrumb"},"inLanguage":"fr-FR","potentialAction":[{"@type":"ReadAction","target":["https:\/\/www.koro.net.pl\/fr\/produkt\/forme-de-flamme-a-lime-rotatif-hm\/"]}]},{"@type":"ImageObject","inLanguage":"fr-FR","@id":"https:\/\/www.koro.net.pl\/fr\/produkt\/forme-de-flamme-a-lime-rotatif-hm\/#primaryimage","url":"https:\/\/www.koro.net.pl\/wp-content\/uploads\/2024\/08\/Pilnik-obrotwy-PLOMIEN.jpg","contentUrl":"https:\/\/www.koro.net.pl\/wp-content\/uploads\/2024\/08\/Pilnik-obrotwy-PLOMIEN.jpg","width":1200,"height":1200,"caption":"Pilnik obrotowy HM kszta\u0142t p\u0142omie\u0144"},{"@type":"BreadcrumbList","@id":"https:\/\/www.koro.net.pl\/fr\/produkt\/forme-de-flamme-a-lime-rotatif-hm\/#breadcrumb","itemListElement":[{"@type":"ListItem","position":1,"name":"Strona g\u0142\u00f3wna","item":"https:\/\/www.koro.net.pl\/fr\/"},{"@type":"ListItem","position":2,"name":"Forme de flamme \u00e0 lime rotatif HM"}]},{"@type":"WebSite","@id":"https:\/\/www.koro.net.pl\/fr\/#website","url":"https:\/\/www.koro.net.pl\/fr\/","name":"Koronet","description":"","publisher":{"@id":"https:\/\/www.koro.net.pl\/fr\/#organization"},"potentialAction":[{"@type":"SearchAction","target":{"@type":"EntryPoint","urlTemplate":"https:\/\/www.koro.net.pl\/fr\/?s={search_term_string}"},"query-input":{"@type":"PropertyValueSpecification","valueRequired":true,"valueName":"search_term_string"}}],"inLanguage":"fr-FR"},{"@type":"Organization","@id":"https:\/\/www.koro.net.pl\/fr\/#organization","name":"Koronet","alternateName":"Koronet","url":"https:\/\/www.koro.net.pl\/fr\/","logo":{"@type":"ImageObject","inLanguage":"fr-FR","@id":"https:\/\/www.koro.net.pl\/fr\/#\/schema\/logo\/image\/","url":"https:\/\/www.koro.net.pl\/wp-content\/uploads\/2025\/02\/Koronet-spolka-z-o.o.png","contentUrl":"https:\/\/www.koro.net.pl\/wp-content\/uploads\/2025\/02\/Koronet-spolka-z-o.o.png","width":696,"height":696,"caption":"Koronet"},"image":{"@id":"https:\/\/www.koro.net.pl\/fr\/#\/schema\/logo\/image\/"}}]}},"_links":{"self":[{"href":"https:\/\/www.koro.net.pl\/fr\/wp-json\/wp\/v2\/product\/12836","targetHints":{"allow":["GET"]}}],"collection":[{"href":"https:\/\/www.koro.net.pl\/fr\/wp-json\/wp\/v2\/product"}],"about":[{"href":"https:\/\/www.koro.net.pl\/fr\/wp-json\/wp\/v2\/types\/product"}],"wp:featuredmedia":[{"embeddable":true,"href":"https:\/\/www.koro.net.pl\/fr\/wp-json\/wp\/v2\/media\/4712"}],"wp:attachment":[{"href":"https:\/\/www.koro.net.pl\/fr\/wp-json\/wp\/v2\/media?parent=12836"}],"wp:term":[{"taxonomy":"product_brand","embeddable":true,"href":"https:\/\/www.koro.net.pl\/fr\/wp-json\/wp\/v2\/product_brand?post=12836"},{"taxonomy":"product_cat","embeddable":true,"href":"https:\/\/www.koro.net.pl\/fr\/wp-json\/wp\/v2\/product_cat?post=12836"},{"taxonomy":"product_tag","embeddable":true,"href":"https:\/\/www.koro.net.pl\/fr\/wp-json\/wp\/v2\/product_tag?post=12836"}],"curies":[{"name":"wp","href":"https:\/\/api.w.org\/{rel}","templated":true}]}}