{"id":12804,"date":"2024-08-07T13:08:40","date_gmt":"2024-08-07T11:08:40","guid":{"rendered":"https:\/\/www.koro.net.pl\/produkt\/ensemble-de-forets-a-pas-hss-tin\/"},"modified":"2024-08-07T13:08:40","modified_gmt":"2024-08-07T11:08:40","slug":"ensemble-de-forets-a-pas-hss-tin","status":"publish","type":"product","link":"https:\/\/www.koro.net.pl\/fr\/produkt\/ensemble-de-forets-a-pas-hss-tin\/","title":{"rendered":"Ensemble de forets \u00e0 pas HSS TiN"},"content":{"rendered":"<p><a href=\"https:\/\/www.koro.net.pl\/fr\/produkty\/ensembles-de-forage\/\">Ensemble de m\u00e8ches \u00e0 marche cylindrique de la s\u00e9rie Premium Line Tools.<\/a>  Fabriqu\u00e9 en acier \u00e0 grande vitesse recouvert d\u2019un rev\u00eatement en nitrure de titane (TiN), garantissant une grande usinabilit\u00e9 et des performances. Les m\u00e8ches r\u00e9sistent aux hautes temp\u00e9ratures. Adapt\u00e9 au forage en acier inoxydable, r\u00e9sistant aux acides et en acier outill\u00e9. Particuli\u00e8rement utile pour percer des composants fins tels que des plaques d\u2019acier, des m\u00e9taux non ferreux, des plastiques et des tuyaux. Utilis\u00e9 \u00e9galement pour percer, alezer des trous existants, chanfreiner et \u00e9bavurer les bords des trous.    <\/p>\n<ul>\n<li>Mat\u00e9riel : HSS<\/li>\n<li>Rev\u00eatement : TiN<\/li>\n<li>Tige 10mm<\/li>\n<li>Direction du forage : \u00c0 droite<\/li>\n<li>Angle de la pale : 118\u00b0<\/li>\n<li>Angle d\u2019inclinaison : 90\u00b0<\/li>\n<\/ul>\n<p>L\u2019ensemble comprend des m\u00e8ches \u00e0 3 pas (4-12\/4-20\/4-32)<\/p>\n<p><em>La norme de qualit\u00e9 allemande est le niveau que tous nos outils atteignent.<\/em><\/p>\n<table>\n<tbody>\n<tr>\n<td style=\"text-align: center;\" colspan=\"5\"><strong>M\u00e8che \u00e0 marche<\/strong><\/td>\n<\/tr>\n<tr>\n<td><strong>Taille<\/strong><\/td>\n<td><strong>Plage de forage<br \/>\n (mm)<\/strong><\/td>\n<td><strong>Longueur totale (mm)<\/strong><\/td>\n<td><strong>Nombre d\u2019\u00e9tapes<\/strong><\/td>\n<td><strong>Diam\u00e8tre de la tige (mm)<\/strong><\/td>\n<\/tr>\n<tr>\n<td>4-12<\/td>\n<td>4 \/ 5 \/ 6 \/ 7 \/ 8 \/ 9 \/ 10 \/ 11 \/ 12<\/td>\n<td>65<\/td>\n<td>\n 9<\/td>\n<td>10<\/td>\n<\/tr>\n<tr>\n<td>4-20<\/td>\n<td>4 \/ 6 \/ 8 \/ 10 \/ 12 \/ 14 \/ 16 \/ 18 \/ 20<\/td>\n<td>75<\/td>\n<td>\n 9<\/td>\n<td>10<\/td>\n<\/tr>\n<tr>\n<td>4-32<\/td>\n<td>4 \/ 6 \/ 8 \/ 10 \/ 12 \/ 14 \/ 16 \/ 18 \/20 \/<br \/>\n 22 \/ 24 \/ 26 \/ 28 \/ 30 \/ 32<\/td>\n<td>100<\/td>\n<td>15<\/td>\n<td>10<\/td>\n<\/tr>\n<\/tbody>\n<\/table>\n","protected":false},"excerpt":{"rendered":"<p>Ensemble de m\u00e8ches \u00e0 marche cylindrique de la s\u00e9rie Premium Line Tools. Fabriqu\u00e9 en acier \u00e0 grande vitesse recouvert d\u2019un rev\u00eatement en nitrure de titane (TiN), garantissant une grande usinabilit\u00e9 [&hellip;]<\/p>\n","protected":false},"featured_media":4323,"template":"","meta":{"_acf_changed":false},"product_brand":[],"product_cat":[187,174],"product_tag":[],"class_list":{"0":"post-12804","1":"product","2":"type-product","3":"status-publish","4":"has-post-thumbnail","6":"product_cat-ensembles-de-forage","7":"product_cat-outils","9":"first","10":"instock","11":"taxable","12":"shipping-taxable","13":"purchasable","14":"product-type-simple"},"acf":[],"yoast_head":"<!-- This site is optimized with the Yoast SEO plugin v27.5 - https:\/\/yoast.com\/product\/yoast-seo-wordpress\/ -->\n<title>Ensemble de foret \u00e0 escaliers HSS TiN 4-12\/4-20\/4-32<\/title>\n<meta name=\"description\" content=\"Un foret \u00e0 marche HSS fix\u00e9 avec un rev\u00eatement TiN (nitrure de titane). Tailles 4-12, 4-20, 4-32 mm. Tige cylindrique de 10 mm Pour l\u2019acier, les plastiques.\" \/>\n<meta name=\"robots\" content=\"index, follow, max-snippet:-1, max-image-preview:large, max-video-preview:-1\" \/>\n<link rel=\"canonical\" href=\"https:\/\/www.koro.net.pl\/fr\/produkt\/ensemble-de-forets-a-pas-hss-tin\/\" \/>\n<meta property=\"og:locale\" content=\"fr_FR\" \/>\n<meta property=\"og:type\" content=\"article\" \/>\n<meta property=\"og:title\" content=\"Ensemble de foret \u00e0 escaliers HSS TiN 4-12\/4-20\/4-32\" \/>\n<meta property=\"og:description\" content=\"Un foret \u00e0 marche HSS fix\u00e9 avec un rev\u00eatement TiN (nitrure de titane). Tailles 4-12, 4-20, 4-32 mm. Tige cylindrique de 10 mm Pour l\u2019acier, les plastiques.\" \/>\n<meta property=\"og:url\" content=\"https:\/\/www.koro.net.pl\/fr\/produkt\/ensemble-de-forets-a-pas-hss-tin\/\" \/>\n<meta property=\"og:site_name\" content=\"Koronet\" \/>\n<meta property=\"og:image\" content=\"https:\/\/www.koro.net.pl\/wp-content\/uploads\/2024\/06\/Wiertlo-stopniowe-HSS-TiN-zdjecie-1.jpg\" \/>\n\t<meta property=\"og:image:width\" content=\"1200\" \/>\n\t<meta property=\"og:image:height\" content=\"1200\" \/>\n\t<meta property=\"og:image:type\" content=\"image\/jpeg\" \/>\n<meta name=\"twitter:card\" content=\"summary_large_image\" \/>\n<meta name=\"twitter:label1\" content=\"Dur\u00e9e de lecture estim\u00e9e\" \/>\n\t<meta name=\"twitter:data1\" content=\"1 minute\" \/>\n<script type=\"application\/ld+json\" class=\"yoast-schema-graph\">{\"@context\":\"https:\\\/\\\/schema.org\",\"@graph\":[{\"@type\":\"WebPage\",\"@id\":\"https:\\\/\\\/www.koro.net.pl\\\/fr\\\/produkt\\\/ensemble-de-forets-a-pas-hss-tin\\\/\",\"url\":\"https:\\\/\\\/www.koro.net.pl\\\/fr\\\/produkt\\\/ensemble-de-forets-a-pas-hss-tin\\\/\",\"name\":\"Ensemble de foret \u00e0 escaliers HSS TiN 4-12\\\/4-20\\\/4-32\",\"isPartOf\":{\"@id\":\"https:\\\/\\\/www.koro.net.pl\\\/fr\\\/#website\"},\"primaryImageOfPage\":{\"@id\":\"https:\\\/\\\/www.koro.net.pl\\\/fr\\\/produkt\\\/ensemble-de-forets-a-pas-hss-tin\\\/#primaryimage\"},\"image\":{\"@id\":\"https:\\\/\\\/www.koro.net.pl\\\/fr\\\/produkt\\\/ensemble-de-forets-a-pas-hss-tin\\\/#primaryimage\"},\"thumbnailUrl\":\"https:\\\/\\\/www.koro.net.pl\\\/wp-content\\\/uploads\\\/2024\\\/06\\\/Wiertlo-stopniowe-HSS-TiN-zdjecie-1.jpg\",\"datePublished\":\"2024-08-07T11:08:40+00:00\",\"description\":\"Un foret \u00e0 marche HSS fix\u00e9 avec un rev\u00eatement TiN (nitrure de titane). Tailles 4-12, 4-20, 4-32 mm. Tige cylindrique de 10 mm Pour l\u2019acier, les plastiques.\",\"breadcrumb\":{\"@id\":\"https:\\\/\\\/www.koro.net.pl\\\/fr\\\/produkt\\\/ensemble-de-forets-a-pas-hss-tin\\\/#breadcrumb\"},\"inLanguage\":\"fr-FR\",\"potentialAction\":[{\"@type\":\"ReadAction\",\"target\":[\"https:\\\/\\\/www.koro.net.pl\\\/fr\\\/produkt\\\/ensemble-de-forets-a-pas-hss-tin\\\/\"]}]},{\"@type\":\"ImageObject\",\"inLanguage\":\"fr-FR\",\"@id\":\"https:\\\/\\\/www.koro.net.pl\\\/fr\\\/produkt\\\/ensemble-de-forets-a-pas-hss-tin\\\/#primaryimage\",\"url\":\"https:\\\/\\\/www.koro.net.pl\\\/wp-content\\\/uploads\\\/2024\\\/06\\\/Wiertlo-stopniowe-HSS-TiN-zdjecie-1.jpg\",\"contentUrl\":\"https:\\\/\\\/www.koro.net.pl\\\/wp-content\\\/uploads\\\/2024\\\/06\\\/Wiertlo-stopniowe-HSS-TiN-zdjecie-1.jpg\",\"width\":1200,\"height\":1200,\"caption\":\"Zestaw wierte\u0142 stopniowych HSS TiN\"},{\"@type\":\"BreadcrumbList\",\"@id\":\"https:\\\/\\\/www.koro.net.pl\\\/fr\\\/produkt\\\/ensemble-de-forets-a-pas-hss-tin\\\/#breadcrumb\",\"itemListElement\":[{\"@type\":\"ListItem\",\"position\":1,\"name\":\"Strona g\u0142\u00f3wna\",\"item\":\"https:\\\/\\\/www.koro.net.pl\\\/fr\\\/\"},{\"@type\":\"ListItem\",\"position\":2,\"name\":\"Ensemble de forets \u00e0 pas HSS TiN\"}]},{\"@type\":\"WebSite\",\"@id\":\"https:\\\/\\\/www.koro.net.pl\\\/fr\\\/#website\",\"url\":\"https:\\\/\\\/www.koro.net.pl\\\/fr\\\/\",\"name\":\"Koronet\",\"description\":\"\",\"publisher\":{\"@id\":\"https:\\\/\\\/www.koro.net.pl\\\/fr\\\/#organization\"},\"potentialAction\":[{\"@type\":\"SearchAction\",\"target\":{\"@type\":\"EntryPoint\",\"urlTemplate\":\"https:\\\/\\\/www.koro.net.pl\\\/fr\\\/?s={search_term_string}\"},\"query-input\":{\"@type\":\"PropertyValueSpecification\",\"valueRequired\":true,\"valueName\":\"search_term_string\"}}],\"inLanguage\":\"fr-FR\"},{\"@type\":\"Organization\",\"@id\":\"https:\\\/\\\/www.koro.net.pl\\\/fr\\\/#organization\",\"name\":\"Koronet\",\"alternateName\":\"Koronet\",\"url\":\"https:\\\/\\\/www.koro.net.pl\\\/fr\\\/\",\"logo\":{\"@type\":\"ImageObject\",\"inLanguage\":\"fr-FR\",\"@id\":\"https:\\\/\\\/www.koro.net.pl\\\/fr\\\/#\\\/schema\\\/logo\\\/image\\\/\",\"url\":\"https:\\\/\\\/www.koro.net.pl\\\/wp-content\\\/uploads\\\/2025\\\/02\\\/Koronet-spolka-z-o.o.png\",\"contentUrl\":\"https:\\\/\\\/www.koro.net.pl\\\/wp-content\\\/uploads\\\/2025\\\/02\\\/Koronet-spolka-z-o.o.png\",\"width\":696,\"height\":696,\"caption\":\"Koronet\"},\"image\":{\"@id\":\"https:\\\/\\\/www.koro.net.pl\\\/fr\\\/#\\\/schema\\\/logo\\\/image\\\/\"}}]}<\/script>\n<!-- \/ Yoast SEO plugin. -->","yoast_head_json":{"title":"Ensemble de foret \u00e0 escaliers HSS TiN 4-12\/4-20\/4-32","description":"Un foret \u00e0 marche HSS fix\u00e9 avec un rev\u00eatement TiN (nitrure de titane). Tailles 4-12, 4-20, 4-32 mm. Tige cylindrique de 10 mm Pour l\u2019acier, les plastiques.","robots":{"index":"index","follow":"follow","max-snippet":"max-snippet:-1","max-image-preview":"max-image-preview:large","max-video-preview":"max-video-preview:-1"},"canonical":"https:\/\/www.koro.net.pl\/fr\/produkt\/ensemble-de-forets-a-pas-hss-tin\/","og_locale":"fr_FR","og_type":"article","og_title":"Ensemble de foret \u00e0 escaliers HSS TiN 4-12\/4-20\/4-32","og_description":"Un foret \u00e0 marche HSS fix\u00e9 avec un rev\u00eatement TiN (nitrure de titane). Tailles 4-12, 4-20, 4-32 mm. Tige cylindrique de 10 mm Pour l\u2019acier, les plastiques.","og_url":"https:\/\/www.koro.net.pl\/fr\/produkt\/ensemble-de-forets-a-pas-hss-tin\/","og_site_name":"Koronet","og_image":[{"width":1200,"height":1200,"url":"https:\/\/www.koro.net.pl\/wp-content\/uploads\/2024\/06\/Wiertlo-stopniowe-HSS-TiN-zdjecie-1.jpg","type":"image\/jpeg"}],"twitter_card":"summary_large_image","twitter_misc":{"Dur\u00e9e de lecture estim\u00e9e":"1 minute"},"schema":{"@context":"https:\/\/schema.org","@graph":[{"@type":"WebPage","@id":"https:\/\/www.koro.net.pl\/fr\/produkt\/ensemble-de-forets-a-pas-hss-tin\/","url":"https:\/\/www.koro.net.pl\/fr\/produkt\/ensemble-de-forets-a-pas-hss-tin\/","name":"Ensemble de foret \u00e0 escaliers HSS TiN 4-12\/4-20\/4-32","isPartOf":{"@id":"https:\/\/www.koro.net.pl\/fr\/#website"},"primaryImageOfPage":{"@id":"https:\/\/www.koro.net.pl\/fr\/produkt\/ensemble-de-forets-a-pas-hss-tin\/#primaryimage"},"image":{"@id":"https:\/\/www.koro.net.pl\/fr\/produkt\/ensemble-de-forets-a-pas-hss-tin\/#primaryimage"},"thumbnailUrl":"https:\/\/www.koro.net.pl\/wp-content\/uploads\/2024\/06\/Wiertlo-stopniowe-HSS-TiN-zdjecie-1.jpg","datePublished":"2024-08-07T11:08:40+00:00","description":"Un foret \u00e0 marche HSS fix\u00e9 avec un rev\u00eatement TiN (nitrure de titane). Tailles 4-12, 4-20, 4-32 mm. Tige cylindrique de 10 mm Pour l\u2019acier, les plastiques.","breadcrumb":{"@id":"https:\/\/www.koro.net.pl\/fr\/produkt\/ensemble-de-forets-a-pas-hss-tin\/#breadcrumb"},"inLanguage":"fr-FR","potentialAction":[{"@type":"ReadAction","target":["https:\/\/www.koro.net.pl\/fr\/produkt\/ensemble-de-forets-a-pas-hss-tin\/"]}]},{"@type":"ImageObject","inLanguage":"fr-FR","@id":"https:\/\/www.koro.net.pl\/fr\/produkt\/ensemble-de-forets-a-pas-hss-tin\/#primaryimage","url":"https:\/\/www.koro.net.pl\/wp-content\/uploads\/2024\/06\/Wiertlo-stopniowe-HSS-TiN-zdjecie-1.jpg","contentUrl":"https:\/\/www.koro.net.pl\/wp-content\/uploads\/2024\/06\/Wiertlo-stopniowe-HSS-TiN-zdjecie-1.jpg","width":1200,"height":1200,"caption":"Zestaw wierte\u0142 stopniowych HSS TiN"},{"@type":"BreadcrumbList","@id":"https:\/\/www.koro.net.pl\/fr\/produkt\/ensemble-de-forets-a-pas-hss-tin\/#breadcrumb","itemListElement":[{"@type":"ListItem","position":1,"name":"Strona g\u0142\u00f3wna","item":"https:\/\/www.koro.net.pl\/fr\/"},{"@type":"ListItem","position":2,"name":"Ensemble de forets \u00e0 pas HSS TiN"}]},{"@type":"WebSite","@id":"https:\/\/www.koro.net.pl\/fr\/#website","url":"https:\/\/www.koro.net.pl\/fr\/","name":"Koronet","description":"","publisher":{"@id":"https:\/\/www.koro.net.pl\/fr\/#organization"},"potentialAction":[{"@type":"SearchAction","target":{"@type":"EntryPoint","urlTemplate":"https:\/\/www.koro.net.pl\/fr\/?s={search_term_string}"},"query-input":{"@type":"PropertyValueSpecification","valueRequired":true,"valueName":"search_term_string"}}],"inLanguage":"fr-FR"},{"@type":"Organization","@id":"https:\/\/www.koro.net.pl\/fr\/#organization","name":"Koronet","alternateName":"Koronet","url":"https:\/\/www.koro.net.pl\/fr\/","logo":{"@type":"ImageObject","inLanguage":"fr-FR","@id":"https:\/\/www.koro.net.pl\/fr\/#\/schema\/logo\/image\/","url":"https:\/\/www.koro.net.pl\/wp-content\/uploads\/2025\/02\/Koronet-spolka-z-o.o.png","contentUrl":"https:\/\/www.koro.net.pl\/wp-content\/uploads\/2025\/02\/Koronet-spolka-z-o.o.png","width":696,"height":696,"caption":"Koronet"},"image":{"@id":"https:\/\/www.koro.net.pl\/fr\/#\/schema\/logo\/image\/"}}]}},"_links":{"self":[{"href":"https:\/\/www.koro.net.pl\/fr\/wp-json\/wp\/v2\/product\/12804","targetHints":{"allow":["GET"]}}],"collection":[{"href":"https:\/\/www.koro.net.pl\/fr\/wp-json\/wp\/v2\/product"}],"about":[{"href":"https:\/\/www.koro.net.pl\/fr\/wp-json\/wp\/v2\/types\/product"}],"wp:featuredmedia":[{"embeddable":true,"href":"https:\/\/www.koro.net.pl\/fr\/wp-json\/wp\/v2\/media\/4323"}],"wp:attachment":[{"href":"https:\/\/www.koro.net.pl\/fr\/wp-json\/wp\/v2\/media?parent=12804"}],"wp:term":[{"taxonomy":"product_brand","embeddable":true,"href":"https:\/\/www.koro.net.pl\/fr\/wp-json\/wp\/v2\/product_brand?post=12804"},{"taxonomy":"product_cat","embeddable":true,"href":"https:\/\/www.koro.net.pl\/fr\/wp-json\/wp\/v2\/product_cat?post=12804"},{"taxonomy":"product_tag","embeddable":true,"href":"https:\/\/www.koro.net.pl\/fr\/wp-json\/wp\/v2\/product_tag?post=12804"}],"curies":[{"name":"wp","href":"https:\/\/api.w.org\/{rel}","templated":true}]}}