{"id":12762,"date":"2024-05-24T09:41:28","date_gmt":"2024-05-24T07:41:28","guid":{"rendered":"https:\/\/www.koro.net.pl\/produkt\/machine-a-perforation-traversante-din-376-b-hss-e-ticn-koronet\/"},"modified":"2024-05-24T09:41:28","modified_gmt":"2024-05-24T07:41:28","slug":"machine-a-perforation-traversante-din-376-b-hss-e-ticn-koronet","status":"publish","type":"product","link":"https:\/\/www.koro.net.pl\/fr\/produkt\/machine-a-perforation-traversante-din-376-b-hss-e-ticn-koronet\/","title":{"rendered":"Machine \u00e0 perforation traversante DIN 376 B HSS-E TiCN Koronet"},"content":{"rendered":"<h3><a href=\"https:\/\/www.koro.net.pl\/fr\/produkty\/taps\/\">Prise machine DIN 376 B HSS-E TiCN Koronet<\/a><\/h3>\n<p>Le robinet de machine <strong data-start=\"353\" data-end=\"377\">DIN 376 B HSS-E TiCN<\/strong> est un outil professionnel con\u00e7u pour des filetages internes ISO m\u00e9triques pr\u00e9cis dans les aciers structurels, les aciers alli\u00e9s et les mat\u00e9riaux \u00e0 haute r\u00e9sistance. Fabriqu\u00e9 en <strong data-start=\"625\" data-end=\"634\">acier cobalt haute qualit\u00e9 haute et rapide HSS-E<\/strong> et recouvert d\u2019un rev\u00eatement <strong data-start=\"666\" data-end=\"674\">avanc\u00e9 en TiCN<\/strong>, il assure une grande durabilit\u00e9, une stabilit\u00e9 du proc\u00e9d\u00e9 et une qualit\u00e9 de filetage reproductible dans les conditions de production. <i><\/i><\/p>\n<h3 data-start=\"785\" data-end=\"841\">Acier HSS-E \u2013 r\u00e9sistance et stabilit\u00e9 accrues du fonctionnement<\/h3>\n<p data-start=\"842\" data-end=\"1135\">Le robinet est fabriqu\u00e9 en acier \u00e0 grande vitesse avec ajout de cobalt (<strong data-start=\"912\" data-end=\"921\">HSS-E<\/strong>), caract\u00e9ris\u00e9 par :<br \/>\n \u2013 une forte r\u00e9sistance aux charges de torsion,<br data-start=\"993\" data-end=\"996\">\u2013 meilleure r\u00e9tention de la duret\u00e9 \u00e0 des temp\u00e9ratures \u00e9lev\u00e9es,<br data-start=\"1056\" data-end=\"1059\">\u2013 une r\u00e9sistance \u00e0 l\u2019usure accrue par rapport aux aciers HSS classiques.<\/p>\n<p data-start=\"1137\" data-end=\"1270\">Cela rend l\u2019outil adapt\u00e9 \u00e0 des cycles de filetage plus longs et \u00e0 des mat\u00e9riaux n\u00e9cessitant un usinage stable et contr\u00f4l\u00e9.<\/p>\n<h3 data-start=\"1277\" data-end=\"1339\">Rev\u00eatement TiCN \u2013 durabilit\u00e9 et r\u00e9sistance \u00e0 l\u2019usure accrues<\/h3>\n<p data-start=\"1340\" data-end=\"1590\">Le rev\u00eatement <strong data-start=\"1360\" data-end=\"1391\">en carbure de titane<\/strong> utilis\u00e9 se distingue par :<br \/>\n \u2013 une tr\u00e8s grande r\u00e9sistance \u00e0 l\u2019abrasion,<br data-start=\"1447\" data-end=\"1450\">\u2013 une duret\u00e9 accrue de la surface de travail,<br data-start=\"1495\" data-end=\"1498\">\u2013 coefficient de friction r\u00e9duit,<br data-start=\"1533\" data-end=\"1536\">\u2013 mieux travaill\u00e9 \u00e0 des charges de coupe plus \u00e9lev\u00e9es.<\/p>\n<p data-start=\"1592\" data-end=\"1736\">Le rev\u00eatement <strong>TiCN<\/strong> est particuli\u00e8rement recommand\u00e9 pour l\u2019usinage des aciers structurels et alli\u00e9s, o\u00f9 la dur\u00e9e de vie de l\u2019outil et la stabilit\u00e9 du proc\u00e9d\u00e9 sont importantes.<\/p>\n<h3 data-start=\"1743\" data-end=\"1799\">G\u00e9om\u00e9trie droite \u2013 optimale pour les trous traversants<\/h3>\n<p data-start=\"1800\" data-end=\"2082\">Des rainures droites assurent un guidage stable des prises et une \u00e9vacuation efficace des copeaux vers la face de l\u2019outil. Cette g\u00e9om\u00e9trie est id\u00e9ale pour <strong data-start=\"1967\" data-end=\"2003\">le filetage des trous traversants<\/strong>, augmentant la fiabilit\u00e9 du proc\u00e9d\u00e9 et l\u2019uniformit\u00e9 du formage du profil de filetage. <\/p>\n<h3 data-start=\"2089\" data-end=\"2143\">DIN 376 standard \u2013 design fin et poign\u00e9e plus longue<\/h3>\n<p data-start=\"2144\" data-end=\"2388\"><strong data-start=\"2161\" data-end=\"2172\">La conformit\u00e9 \u00e0 la norme DIN 376<\/strong> signifie une g\u00e9om\u00e9trie d\u2019outil plus fine et une partie de poign\u00e9e allong\u00e9e. Cela facilite le travail dans des ouvertures plus profondes et dans des endroits \u00e0 acc\u00e8s limit\u00e9, aussi bien sur les machines CNC que sur les machines conventionnelles. <\/p>\n<h3 data-start=\"2395\" data-end=\"2437\">Version B \u2013 phase d\u2019entr\u00e9e universelle<\/h3>\n<p data-start=\"2438\" data-end=\"2659\">La coupe <strong data-start=\"2450\" data-end=\"2455\">de type B<\/strong> (4-5 tours de chanfrein) facilite le passage du filetage et l\u2019alimentation stable de l\u2019outil dans le mat\u00e9riau. C\u2019est la g\u00e9om\u00e9trie la plus polyvalente et la plus largement utilis\u00e9e pour les filetages traversants dans l\u2019usinage de l\u2019acier. <\/p>\n<h3 data-start=\"2666\" data-end=\"2695\">Objectif mat\u00e9riel<\/h3>\n<p data-start=\"2696\" data-end=\"2963\">Le robinet de machine <strong data-start=\"2717\" data-end=\"2741\">DIN 376 B HSS-E TiCN<\/strong> est con\u00e7u pour l\u2019usinage :<br \/>\n \u2022 des aciers non alli\u00e9s<br data-start=\"2793\" data-end=\"2796\">\u2022 aciers structurels et \u00e0 faible alliage,<br data-start=\"2837\" data-end=\"2840\">\u2022 acier de moyenne et haute r\u00e9sistance,<br data-start=\"2888\" data-end=\"2891\">\u2022 mat\u00e9riaux n\u00e9cessitant une r\u00e9sistance accrue \u00e0 l\u2019usure de l\u2019outil.<\/p>\n<p data-start=\"2965\" data-end=\"3132\">L\u2019outil est recommand\u00e9 pour les travaux o\u00f9 la durabilit\u00e9, la pr\u00e9cision et la r\u00e9p\u00e9tabilit\u00e9 du filetage sont cruciales.<\/p>\n","protected":false},"excerpt":{"rendered":"<p>Prise machine DIN 376 B HSS-E TiCN Koronet Le robinet de machine DIN 376 B HSS-E TiCN est un outil professionnel con\u00e7u pour des filetages internes ISO m\u00e9triques pr\u00e9cis dans [&hellip;]<\/p>\n","protected":false},"featured_media":9608,"template":"","meta":{"_acf_changed":false},"product_brand":[],"product_cat":[174,177,178],"product_tag":[],"class_list":{"0":"post-12762","1":"product","2":"type-product","3":"status-publish","4":"has-post-thumbnail","6":"product_cat-outils","7":"product_cat-prises-mecaniques","8":"product_cat-taps","10":"first","11":"instock","12":"taxable","13":"shipping-taxable","14":"purchasable","15":"product-type-variable","16":"has-default-attributes"},"acf":[],"yoast_head":"<!-- This site is optimized with the Yoast SEO plugin v27.5 - https:\/\/yoast.com\/product\/yoast-seo-wordpress\/ -->\n<title>Prise m\u00e9canique DIN 376 B HSS-E TiCN \u2013 m\u00e9trique<\/title>\n<meta name=\"description\" content=\"DIN 376 B HSS-E TiCN pour la fabrication de filetages m\u00e9triques dans les aciers structurels et alli\u00e9s. Forme B, pour les trous traversants.\" \/>\n<meta name=\"robots\" content=\"index, follow, max-snippet:-1, max-image-preview:large, max-video-preview:-1\" \/>\n<link rel=\"canonical\" href=\"https:\/\/www.koro.net.pl\/fr\/produkt\/machine-a-perforation-traversante-din-376-b-hss-e-ticn-koronet\/\" \/>\n<meta property=\"og:locale\" content=\"fr_FR\" \/>\n<meta property=\"og:type\" content=\"article\" \/>\n<meta property=\"og:title\" content=\"Prise m\u00e9canique DIN 376 B HSS-E TiCN \u2013 m\u00e9trique\" \/>\n<meta property=\"og:description\" content=\"DIN 376 B HSS-E TiCN pour la fabrication de filetages m\u00e9triques dans les aciers structurels et alli\u00e9s. Forme B, pour les trous traversants.\" \/>\n<meta property=\"og:url\" content=\"https:\/\/www.koro.net.pl\/fr\/produkt\/machine-a-perforation-traversante-din-376-b-hss-e-ticn-koronet\/\" \/>\n<meta property=\"og:site_name\" content=\"Koronet\" \/>\n<meta property=\"og:image\" content=\"https:\/\/www.koro.net.pl\/wp-content\/uploads\/2024\/05\/Gwintownik-maszynowy-przelotowy-DIN-376-B-HSS-E-TiCN-Koronet.png\" \/>\n\t<meta property=\"og:image:width\" content=\"800\" \/>\n\t<meta property=\"og:image:height\" content=\"800\" \/>\n\t<meta property=\"og:image:type\" content=\"image\/png\" \/>\n<meta name=\"twitter:card\" content=\"summary_large_image\" \/>\n<meta name=\"twitter:label1\" content=\"Dur\u00e9e de lecture estim\u00e9e\" \/>\n\t<meta name=\"twitter:data1\" content=\"2 minutes\" \/>\n<script type=\"application\/ld+json\" class=\"yoast-schema-graph\">{\"@context\":\"https:\\\/\\\/schema.org\",\"@graph\":[{\"@type\":\"WebPage\",\"@id\":\"https:\\\/\\\/www.koro.net.pl\\\/fr\\\/produkt\\\/machine-a-perforation-traversante-din-376-b-hss-e-ticn-koronet\\\/\",\"url\":\"https:\\\/\\\/www.koro.net.pl\\\/fr\\\/produkt\\\/machine-a-perforation-traversante-din-376-b-hss-e-ticn-koronet\\\/\",\"name\":\"Prise m\u00e9canique DIN 376 B HSS-E TiCN \u2013 m\u00e9trique\",\"isPartOf\":{\"@id\":\"https:\\\/\\\/www.koro.net.pl\\\/fr\\\/#website\"},\"primaryImageOfPage\":{\"@id\":\"https:\\\/\\\/www.koro.net.pl\\\/fr\\\/produkt\\\/machine-a-perforation-traversante-din-376-b-hss-e-ticn-koronet\\\/#primaryimage\"},\"image\":{\"@id\":\"https:\\\/\\\/www.koro.net.pl\\\/fr\\\/produkt\\\/machine-a-perforation-traversante-din-376-b-hss-e-ticn-koronet\\\/#primaryimage\"},\"thumbnailUrl\":\"https:\\\/\\\/www.koro.net.pl\\\/wp-content\\\/uploads\\\/2024\\\/05\\\/Gwintownik-maszynowy-przelotowy-DIN-376-B-HSS-E-TiCN-Koronet.png\",\"datePublished\":\"2024-05-24T07:41:28+00:00\",\"description\":\"DIN 376 B HSS-E TiCN pour la fabrication de filetages m\u00e9triques dans les aciers structurels et alli\u00e9s. Forme B, pour les trous traversants.\",\"breadcrumb\":{\"@id\":\"https:\\\/\\\/www.koro.net.pl\\\/fr\\\/produkt\\\/machine-a-perforation-traversante-din-376-b-hss-e-ticn-koronet\\\/#breadcrumb\"},\"inLanguage\":\"fr-FR\",\"potentialAction\":[{\"@type\":\"ReadAction\",\"target\":[\"https:\\\/\\\/www.koro.net.pl\\\/fr\\\/produkt\\\/machine-a-perforation-traversante-din-376-b-hss-e-ticn-koronet\\\/\"]}]},{\"@type\":\"ImageObject\",\"inLanguage\":\"fr-FR\",\"@id\":\"https:\\\/\\\/www.koro.net.pl\\\/fr\\\/produkt\\\/machine-a-perforation-traversante-din-376-b-hss-e-ticn-koronet\\\/#primaryimage\",\"url\":\"https:\\\/\\\/www.koro.net.pl\\\/wp-content\\\/uploads\\\/2024\\\/05\\\/Gwintownik-maszynowy-przelotowy-DIN-376-B-HSS-E-TiCN-Koronet.png\",\"contentUrl\":\"https:\\\/\\\/www.koro.net.pl\\\/wp-content\\\/uploads\\\/2024\\\/05\\\/Gwintownik-maszynowy-przelotowy-DIN-376-B-HSS-E-TiCN-Koronet.png\",\"width\":800,\"height\":800,\"caption\":\"Gwintownik maszynowy przelotowy DIN 376 B HSS-E TiCN Koronet\"},{\"@type\":\"BreadcrumbList\",\"@id\":\"https:\\\/\\\/www.koro.net.pl\\\/fr\\\/produkt\\\/machine-a-perforation-traversante-din-376-b-hss-e-ticn-koronet\\\/#breadcrumb\",\"itemListElement\":[{\"@type\":\"ListItem\",\"position\":1,\"name\":\"Strona g\u0142\u00f3wna\",\"item\":\"https:\\\/\\\/www.koro.net.pl\\\/fr\\\/\"},{\"@type\":\"ListItem\",\"position\":2,\"name\":\"Machine \u00e0 perforation traversante DIN 376 B HSS-E TiCN Koronet\"}]},{\"@type\":\"WebSite\",\"@id\":\"https:\\\/\\\/www.koro.net.pl\\\/fr\\\/#website\",\"url\":\"https:\\\/\\\/www.koro.net.pl\\\/fr\\\/\",\"name\":\"Koronet\",\"description\":\"\",\"publisher\":{\"@id\":\"https:\\\/\\\/www.koro.net.pl\\\/fr\\\/#organization\"},\"potentialAction\":[{\"@type\":\"SearchAction\",\"target\":{\"@type\":\"EntryPoint\",\"urlTemplate\":\"https:\\\/\\\/www.koro.net.pl\\\/fr\\\/?s={search_term_string}\"},\"query-input\":{\"@type\":\"PropertyValueSpecification\",\"valueRequired\":true,\"valueName\":\"search_term_string\"}}],\"inLanguage\":\"fr-FR\"},{\"@type\":\"Organization\",\"@id\":\"https:\\\/\\\/www.koro.net.pl\\\/fr\\\/#organization\",\"name\":\"Koronet\",\"alternateName\":\"Koronet\",\"url\":\"https:\\\/\\\/www.koro.net.pl\\\/fr\\\/\",\"logo\":{\"@type\":\"ImageObject\",\"inLanguage\":\"fr-FR\",\"@id\":\"https:\\\/\\\/www.koro.net.pl\\\/fr\\\/#\\\/schema\\\/logo\\\/image\\\/\",\"url\":\"https:\\\/\\\/www.koro.net.pl\\\/wp-content\\\/uploads\\\/2025\\\/02\\\/Koronet-spolka-z-o.o.png\",\"contentUrl\":\"https:\\\/\\\/www.koro.net.pl\\\/wp-content\\\/uploads\\\/2025\\\/02\\\/Koronet-spolka-z-o.o.png\",\"width\":696,\"height\":696,\"caption\":\"Koronet\"},\"image\":{\"@id\":\"https:\\\/\\\/www.koro.net.pl\\\/fr\\\/#\\\/schema\\\/logo\\\/image\\\/\"}}]}<\/script>\n<!-- \/ Yoast SEO plugin. -->","yoast_head_json":{"title":"Prise m\u00e9canique DIN 376 B HSS-E TiCN \u2013 m\u00e9trique","description":"DIN 376 B HSS-E TiCN pour la fabrication de filetages m\u00e9triques dans les aciers structurels et alli\u00e9s. Forme B, pour les trous traversants.","robots":{"index":"index","follow":"follow","max-snippet":"max-snippet:-1","max-image-preview":"max-image-preview:large","max-video-preview":"max-video-preview:-1"},"canonical":"https:\/\/www.koro.net.pl\/fr\/produkt\/machine-a-perforation-traversante-din-376-b-hss-e-ticn-koronet\/","og_locale":"fr_FR","og_type":"article","og_title":"Prise m\u00e9canique DIN 376 B HSS-E TiCN \u2013 m\u00e9trique","og_description":"DIN 376 B HSS-E TiCN pour la fabrication de filetages m\u00e9triques dans les aciers structurels et alli\u00e9s. Forme B, pour les trous traversants.","og_url":"https:\/\/www.koro.net.pl\/fr\/produkt\/machine-a-perforation-traversante-din-376-b-hss-e-ticn-koronet\/","og_site_name":"Koronet","og_image":[{"width":800,"height":800,"url":"https:\/\/www.koro.net.pl\/wp-content\/uploads\/2024\/05\/Gwintownik-maszynowy-przelotowy-DIN-376-B-HSS-E-TiCN-Koronet.png","type":"image\/png"}],"twitter_card":"summary_large_image","twitter_misc":{"Dur\u00e9e de lecture estim\u00e9e":"2 minutes"},"schema":{"@context":"https:\/\/schema.org","@graph":[{"@type":"WebPage","@id":"https:\/\/www.koro.net.pl\/fr\/produkt\/machine-a-perforation-traversante-din-376-b-hss-e-ticn-koronet\/","url":"https:\/\/www.koro.net.pl\/fr\/produkt\/machine-a-perforation-traversante-din-376-b-hss-e-ticn-koronet\/","name":"Prise m\u00e9canique DIN 376 B HSS-E TiCN \u2013 m\u00e9trique","isPartOf":{"@id":"https:\/\/www.koro.net.pl\/fr\/#website"},"primaryImageOfPage":{"@id":"https:\/\/www.koro.net.pl\/fr\/produkt\/machine-a-perforation-traversante-din-376-b-hss-e-ticn-koronet\/#primaryimage"},"image":{"@id":"https:\/\/www.koro.net.pl\/fr\/produkt\/machine-a-perforation-traversante-din-376-b-hss-e-ticn-koronet\/#primaryimage"},"thumbnailUrl":"https:\/\/www.koro.net.pl\/wp-content\/uploads\/2024\/05\/Gwintownik-maszynowy-przelotowy-DIN-376-B-HSS-E-TiCN-Koronet.png","datePublished":"2024-05-24T07:41:28+00:00","description":"DIN 376 B HSS-E TiCN pour la fabrication de filetages m\u00e9triques dans les aciers structurels et alli\u00e9s. Forme B, pour les trous traversants.","breadcrumb":{"@id":"https:\/\/www.koro.net.pl\/fr\/produkt\/machine-a-perforation-traversante-din-376-b-hss-e-ticn-koronet\/#breadcrumb"},"inLanguage":"fr-FR","potentialAction":[{"@type":"ReadAction","target":["https:\/\/www.koro.net.pl\/fr\/produkt\/machine-a-perforation-traversante-din-376-b-hss-e-ticn-koronet\/"]}]},{"@type":"ImageObject","inLanguage":"fr-FR","@id":"https:\/\/www.koro.net.pl\/fr\/produkt\/machine-a-perforation-traversante-din-376-b-hss-e-ticn-koronet\/#primaryimage","url":"https:\/\/www.koro.net.pl\/wp-content\/uploads\/2024\/05\/Gwintownik-maszynowy-przelotowy-DIN-376-B-HSS-E-TiCN-Koronet.png","contentUrl":"https:\/\/www.koro.net.pl\/wp-content\/uploads\/2024\/05\/Gwintownik-maszynowy-przelotowy-DIN-376-B-HSS-E-TiCN-Koronet.png","width":800,"height":800,"caption":"Gwintownik maszynowy przelotowy DIN 376 B HSS-E TiCN Koronet"},{"@type":"BreadcrumbList","@id":"https:\/\/www.koro.net.pl\/fr\/produkt\/machine-a-perforation-traversante-din-376-b-hss-e-ticn-koronet\/#breadcrumb","itemListElement":[{"@type":"ListItem","position":1,"name":"Strona g\u0142\u00f3wna","item":"https:\/\/www.koro.net.pl\/fr\/"},{"@type":"ListItem","position":2,"name":"Machine \u00e0 perforation traversante DIN 376 B HSS-E TiCN Koronet"}]},{"@type":"WebSite","@id":"https:\/\/www.koro.net.pl\/fr\/#website","url":"https:\/\/www.koro.net.pl\/fr\/","name":"Koronet","description":"","publisher":{"@id":"https:\/\/www.koro.net.pl\/fr\/#organization"},"potentialAction":[{"@type":"SearchAction","target":{"@type":"EntryPoint","urlTemplate":"https:\/\/www.koro.net.pl\/fr\/?s={search_term_string}"},"query-input":{"@type":"PropertyValueSpecification","valueRequired":true,"valueName":"search_term_string"}}],"inLanguage":"fr-FR"},{"@type":"Organization","@id":"https:\/\/www.koro.net.pl\/fr\/#organization","name":"Koronet","alternateName":"Koronet","url":"https:\/\/www.koro.net.pl\/fr\/","logo":{"@type":"ImageObject","inLanguage":"fr-FR","@id":"https:\/\/www.koro.net.pl\/fr\/#\/schema\/logo\/image\/","url":"https:\/\/www.koro.net.pl\/wp-content\/uploads\/2025\/02\/Koronet-spolka-z-o.o.png","contentUrl":"https:\/\/www.koro.net.pl\/wp-content\/uploads\/2025\/02\/Koronet-spolka-z-o.o.png","width":696,"height":696,"caption":"Koronet"},"image":{"@id":"https:\/\/www.koro.net.pl\/fr\/#\/schema\/logo\/image\/"}}]}},"_links":{"self":[{"href":"https:\/\/www.koro.net.pl\/fr\/wp-json\/wp\/v2\/product\/12762","targetHints":{"allow":["GET"]}}],"collection":[{"href":"https:\/\/www.koro.net.pl\/fr\/wp-json\/wp\/v2\/product"}],"about":[{"href":"https:\/\/www.koro.net.pl\/fr\/wp-json\/wp\/v2\/types\/product"}],"wp:featuredmedia":[{"embeddable":true,"href":"https:\/\/www.koro.net.pl\/fr\/wp-json\/wp\/v2\/media\/9608"}],"wp:attachment":[{"href":"https:\/\/www.koro.net.pl\/fr\/wp-json\/wp\/v2\/media?parent=12762"}],"wp:term":[{"taxonomy":"product_brand","embeddable":true,"href":"https:\/\/www.koro.net.pl\/fr\/wp-json\/wp\/v2\/product_brand?post=12762"},{"taxonomy":"product_cat","embeddable":true,"href":"https:\/\/www.koro.net.pl\/fr\/wp-json\/wp\/v2\/product_cat?post=12762"},{"taxonomy":"product_tag","embeddable":true,"href":"https:\/\/www.koro.net.pl\/fr\/wp-json\/wp\/v2\/product_tag?post=12762"}],"curies":[{"name":"wp","href":"https:\/\/api.w.org\/{rel}","templated":true}]}}