{"id":12728,"date":"2024-08-23T08:51:36","date_gmt":"2024-08-23T06:51:36","guid":{"rendered":"https:\/\/www.koro.net.pl\/produkt\/din327-z2-hss-e-25-cutter\/"},"modified":"2024-08-23T08:51:36","modified_gmt":"2024-08-23T06:51:36","slug":"din327-z2-hss-e-25-cutter","status":"publish","type":"product","link":"https:\/\/www.koro.net.pl\/fr\/produkt\/din327-z2-hss-e-25-cutter\/","title":{"rendered":"DIN327 Z2 HSS-E 25\u00b0 Cutter"},"content":{"rendered":"<p><a href=\"https:\/\/www.koro.net.pl\/fr\/produkty\/fraises\/\">Fraise \u00e0 extr\u00e9mit\u00e9 avec lame centrale<\/a> DIN327 Z2 HSS-E 25\u00b0 de la s\u00e9rie Premium Line Tools. Les coupeurs sont fabriqu\u00e9s en acier rapide de haute qualit\u00e9 avec ajout de cobalt (CO5 %). D\u00e9di\u00e9 au travail dans diverses dureces mat\u00e9rielles.  <\/p>\n<p>HSS-E Cutter<\/p>\n<ul>\n<li>Mat\u00e9riel : HSS<\/li>\n<li>Durcissement : Cobalt (CO5 %)<\/li>\n<li>Nombre de lames : 2<\/li>\n<li>Angle de la ligne de vis : 25 degr\u00e9s<\/li>\n<li>Standard : DIN327<\/li>\n<li>Direction : \u00c0 droite<\/li>\n<\/ul>\n<p><i>La norme de qualit\u00e9 allemande est le niveau que tous nos outils atteignent.<\/i><\/p>\n<table>\n<tbody>\n<tr>\n<td><strong>Diam\u00e8tre (mm)<\/strong><\/td>\n<td><strong>Diam\u00e8tre de la tige (mm)<\/strong><\/td>\n<td><strong>Longueur de travail (mm)<\/strong><\/td>\n<td><strong>Longueur totale (mm)<\/strong><\/td>\n<\/tr>\n<tr>\n<td>\n 3<\/td>\n<td>\n 3<\/td>\n<td>\n 7<\/td>\n<td>50<\/td>\n<\/tr>\n<tr>\n<td>\n 4<\/td>\n<td>\n 6<\/td>\n<td>\n 8<\/td>\n<td>55<\/td>\n<\/tr>\n<tr>\n<td>\n 5<\/td>\n<td>\n 6<\/td>\n<td>\n 8<\/td>\n<td>57<\/td>\n<\/tr>\n<tr>\n<td>\n 6<\/td>\n<td>\n 6<\/td>\n<td>11<\/td>\n<td>57<\/td>\n<\/tr>\n<tr>\n<td>\n 8<\/td>\n<td>10<\/td>\n<td>13<\/td>\n<td>69<\/td>\n<\/tr>\n<tr>\n<td>10<\/td>\n<td>10<\/td>\n<td>16<\/td>\n<td>72<\/td>\n<\/tr>\n<tr>\n<td>12<\/td>\n<td>12<\/td>\n<td>16<\/td>\n<td>83<\/td>\n<\/tr>\n<tr>\n<td>14<\/td>\n<td>12<\/td>\n<td>19<\/td>\n<td>83<\/td>\n<\/tr>\n<tr>\n<td>16<\/td>\n<td>16<\/td>\n<td>19<\/td>\n<td>92<\/td>\n<\/tr>\n<tr>\n<td>18<\/td>\n<td>16<\/td>\n<td>22<\/td>\n<td>92<\/td>\n<\/tr>\n<tr>\n<td>20<\/td>\n<td>20<\/td>\n<td>22<\/td>\n<td>104<\/td>\n<\/tr>\n<tr>\n<td>22<\/td>\n<td>20<\/td>\n<td>26<\/td>\n<td>104<\/td>\n<\/tr>\n<tr>\n<td>24<\/td>\n<td>25<\/td>\n<td>26<\/td>\n<td>121<\/td>\n<\/tr>\n<tr>\n<td>26<\/td>\n<td>25<\/td>\n<td>26<\/td>\n<td>121<\/td>\n<\/tr>\n<tr>\n<td>28<\/td>\n<td>25<\/td>\n<td>26<\/td>\n<td>121<\/td>\n<\/tr>\n<tr>\n<td>30<\/td>\n<td>25<\/td>\n<td>26<\/td>\n<td>121<\/td>\n<\/tr>\n<\/tbody>\n<\/table>\n","protected":false},"excerpt":{"rendered":"<p>Fraise \u00e0 extr\u00e9mit\u00e9 avec lame centrale DIN327 Z2 HSS-E 25\u00b0 de la s\u00e9rie Premium Line Tools. Les coupeurs sont fabriqu\u00e9s en acier rapide de haute qualit\u00e9 avec ajout de cobalt [&hellip;]<\/p>\n","protected":false},"featured_media":4668,"template":"","meta":{"_acf_changed":false},"product_brand":[],"product_cat":[190,174],"product_tag":[],"class_list":{"0":"post-12728","1":"product","2":"type-product","3":"status-publish","4":"has-post-thumbnail","6":"product_cat-fraises","7":"product_cat-outils","9":"first","10":"instock","11":"taxable","12":"shipping-taxable","13":"purchasable","14":"product-type-variable","15":"has-default-attributes"},"acf":[],"yoast_head":"<!-- This site is optimized with the Yoast SEO plugin v27.5 - https:\/\/yoast.com\/product\/yoast-seo-wordpress\/ -->\n<title>Fraiseur HSS-E au cobalt (25\u00b0, DIN327)<\/title>\n<meta name=\"description\" content=\"Fraise professionnelle HSS-E au cobalt. Face cylindrique, 25\u00b0, 2 lames. Pour un usinage pr\u00e9cis de divers mat\u00e9riaux. Outils de ligne premium.\" \/>\n<meta name=\"robots\" content=\"index, follow, max-snippet:-1, max-image-preview:large, max-video-preview:-1\" \/>\n<link rel=\"canonical\" href=\"https:\/\/www.koro.net.pl\/fr\/produkt\/din327-z2-hss-e-25-cutter\/\" \/>\n<meta property=\"og:locale\" content=\"fr_FR\" \/>\n<meta property=\"og:type\" content=\"article\" \/>\n<meta property=\"og:title\" content=\"Fraiseur HSS-E au cobalt (25\u00b0, DIN327)\" \/>\n<meta property=\"og:description\" content=\"Fraise professionnelle HSS-E au cobalt. Face cylindrique, 25\u00b0, 2 lames. Pour un usinage pr\u00e9cis de divers mat\u00e9riaux. Outils de ligne premium.\" \/>\n<meta property=\"og:url\" content=\"https:\/\/www.koro.net.pl\/fr\/produkt\/din327-z2-hss-e-25-cutter\/\" \/>\n<meta property=\"og:site_name\" content=\"Koronet\" \/>\n<meta property=\"og:image\" content=\"https:\/\/www.koro.net.pl\/wp-content\/uploads\/2024\/08\/Frez-DIN327-Z2-HSS-E-25\u00b0.jpg\" \/>\n\t<meta property=\"og:image:width\" content=\"815\" \/>\n\t<meta property=\"og:image:height\" content=\"815\" \/>\n\t<meta property=\"og:image:type\" content=\"image\/jpeg\" \/>\n<meta name=\"twitter:card\" content=\"summary_large_image\" \/>\n<script type=\"application\/ld+json\" class=\"yoast-schema-graph\">{\"@context\":\"https:\\\/\\\/schema.org\",\"@graph\":[{\"@type\":\"WebPage\",\"@id\":\"https:\\\/\\\/www.koro.net.pl\\\/fr\\\/produkt\\\/din327-z2-hss-e-25-cutter\\\/\",\"url\":\"https:\\\/\\\/www.koro.net.pl\\\/fr\\\/produkt\\\/din327-z2-hss-e-25-cutter\\\/\",\"name\":\"Fraiseur HSS-E au cobalt (25\u00b0, DIN327)\",\"isPartOf\":{\"@id\":\"https:\\\/\\\/www.koro.net.pl\\\/fr\\\/#website\"},\"primaryImageOfPage\":{\"@id\":\"https:\\\/\\\/www.koro.net.pl\\\/fr\\\/produkt\\\/din327-z2-hss-e-25-cutter\\\/#primaryimage\"},\"image\":{\"@id\":\"https:\\\/\\\/www.koro.net.pl\\\/fr\\\/produkt\\\/din327-z2-hss-e-25-cutter\\\/#primaryimage\"},\"thumbnailUrl\":\"https:\\\/\\\/www.koro.net.pl\\\/wp-content\\\/uploads\\\/2024\\\/08\\\/Frez-DIN327-Z2-HSS-E-25\u00b0.jpg\",\"datePublished\":\"2024-08-23T06:51:36+00:00\",\"description\":\"Fraise professionnelle HSS-E au cobalt. Face cylindrique, 25\u00b0, 2 lames. Pour un usinage pr\u00e9cis de divers mat\u00e9riaux. Outils de ligne premium.\",\"breadcrumb\":{\"@id\":\"https:\\\/\\\/www.koro.net.pl\\\/fr\\\/produkt\\\/din327-z2-hss-e-25-cutter\\\/#breadcrumb\"},\"inLanguage\":\"fr-FR\",\"potentialAction\":[{\"@type\":\"ReadAction\",\"target\":[\"https:\\\/\\\/www.koro.net.pl\\\/fr\\\/produkt\\\/din327-z2-hss-e-25-cutter\\\/\"]}]},{\"@type\":\"ImageObject\",\"inLanguage\":\"fr-FR\",\"@id\":\"https:\\\/\\\/www.koro.net.pl\\\/fr\\\/produkt\\\/din327-z2-hss-e-25-cutter\\\/#primaryimage\",\"url\":\"https:\\\/\\\/www.koro.net.pl\\\/wp-content\\\/uploads\\\/2024\\\/08\\\/Frez-DIN327-Z2-HSS-E-25\u00b0.jpg\",\"contentUrl\":\"https:\\\/\\\/www.koro.net.pl\\\/wp-content\\\/uploads\\\/2024\\\/08\\\/Frez-DIN327-Z2-HSS-E-25\u00b0.jpg\",\"width\":815,\"height\":815,\"caption\":\"Frez DIN327 Z2 HSS-E 25\u00b0\"},{\"@type\":\"BreadcrumbList\",\"@id\":\"https:\\\/\\\/www.koro.net.pl\\\/fr\\\/produkt\\\/din327-z2-hss-e-25-cutter\\\/#breadcrumb\",\"itemListElement\":[{\"@type\":\"ListItem\",\"position\":1,\"name\":\"Strona g\u0142\u00f3wna\",\"item\":\"https:\\\/\\\/www.koro.net.pl\\\/fr\\\/\"},{\"@type\":\"ListItem\",\"position\":2,\"name\":\"DIN327 Z2 HSS-E 25\u00b0 Cutter\"}]},{\"@type\":\"WebSite\",\"@id\":\"https:\\\/\\\/www.koro.net.pl\\\/fr\\\/#website\",\"url\":\"https:\\\/\\\/www.koro.net.pl\\\/fr\\\/\",\"name\":\"Koronet\",\"description\":\"\",\"publisher\":{\"@id\":\"https:\\\/\\\/www.koro.net.pl\\\/fr\\\/#organization\"},\"potentialAction\":[{\"@type\":\"SearchAction\",\"target\":{\"@type\":\"EntryPoint\",\"urlTemplate\":\"https:\\\/\\\/www.koro.net.pl\\\/fr\\\/?s={search_term_string}\"},\"query-input\":{\"@type\":\"PropertyValueSpecification\",\"valueRequired\":true,\"valueName\":\"search_term_string\"}}],\"inLanguage\":\"fr-FR\"},{\"@type\":\"Organization\",\"@id\":\"https:\\\/\\\/www.koro.net.pl\\\/fr\\\/#organization\",\"name\":\"Koronet\",\"alternateName\":\"Koronet\",\"url\":\"https:\\\/\\\/www.koro.net.pl\\\/fr\\\/\",\"logo\":{\"@type\":\"ImageObject\",\"inLanguage\":\"fr-FR\",\"@id\":\"https:\\\/\\\/www.koro.net.pl\\\/fr\\\/#\\\/schema\\\/logo\\\/image\\\/\",\"url\":\"https:\\\/\\\/www.koro.net.pl\\\/wp-content\\\/uploads\\\/2025\\\/02\\\/Koronet-spolka-z-o.o.png\",\"contentUrl\":\"https:\\\/\\\/www.koro.net.pl\\\/wp-content\\\/uploads\\\/2025\\\/02\\\/Koronet-spolka-z-o.o.png\",\"width\":696,\"height\":696,\"caption\":\"Koronet\"},\"image\":{\"@id\":\"https:\\\/\\\/www.koro.net.pl\\\/fr\\\/#\\\/schema\\\/logo\\\/image\\\/\"}}]}<\/script>\n<!-- \/ Yoast SEO plugin. -->","yoast_head_json":{"title":"Fraiseur HSS-E au cobalt (25\u00b0, DIN327)","description":"Fraise professionnelle HSS-E au cobalt. Face cylindrique, 25\u00b0, 2 lames. Pour un usinage pr\u00e9cis de divers mat\u00e9riaux. Outils de ligne premium.","robots":{"index":"index","follow":"follow","max-snippet":"max-snippet:-1","max-image-preview":"max-image-preview:large","max-video-preview":"max-video-preview:-1"},"canonical":"https:\/\/www.koro.net.pl\/fr\/produkt\/din327-z2-hss-e-25-cutter\/","og_locale":"fr_FR","og_type":"article","og_title":"Fraiseur HSS-E au cobalt (25\u00b0, DIN327)","og_description":"Fraise professionnelle HSS-E au cobalt. Face cylindrique, 25\u00b0, 2 lames. Pour un usinage pr\u00e9cis de divers mat\u00e9riaux. Outils de ligne premium.","og_url":"https:\/\/www.koro.net.pl\/fr\/produkt\/din327-z2-hss-e-25-cutter\/","og_site_name":"Koronet","og_image":[{"width":815,"height":815,"url":"https:\/\/www.koro.net.pl\/wp-content\/uploads\/2024\/08\/Frez-DIN327-Z2-HSS-E-25\u00b0.jpg","type":"image\/jpeg"}],"twitter_card":"summary_large_image","schema":{"@context":"https:\/\/schema.org","@graph":[{"@type":"WebPage","@id":"https:\/\/www.koro.net.pl\/fr\/produkt\/din327-z2-hss-e-25-cutter\/","url":"https:\/\/www.koro.net.pl\/fr\/produkt\/din327-z2-hss-e-25-cutter\/","name":"Fraiseur HSS-E au cobalt (25\u00b0, DIN327)","isPartOf":{"@id":"https:\/\/www.koro.net.pl\/fr\/#website"},"primaryImageOfPage":{"@id":"https:\/\/www.koro.net.pl\/fr\/produkt\/din327-z2-hss-e-25-cutter\/#primaryimage"},"image":{"@id":"https:\/\/www.koro.net.pl\/fr\/produkt\/din327-z2-hss-e-25-cutter\/#primaryimage"},"thumbnailUrl":"https:\/\/www.koro.net.pl\/wp-content\/uploads\/2024\/08\/Frez-DIN327-Z2-HSS-E-25\u00b0.jpg","datePublished":"2024-08-23T06:51:36+00:00","description":"Fraise professionnelle HSS-E au cobalt. Face cylindrique, 25\u00b0, 2 lames. Pour un usinage pr\u00e9cis de divers mat\u00e9riaux. Outils de ligne premium.","breadcrumb":{"@id":"https:\/\/www.koro.net.pl\/fr\/produkt\/din327-z2-hss-e-25-cutter\/#breadcrumb"},"inLanguage":"fr-FR","potentialAction":[{"@type":"ReadAction","target":["https:\/\/www.koro.net.pl\/fr\/produkt\/din327-z2-hss-e-25-cutter\/"]}]},{"@type":"ImageObject","inLanguage":"fr-FR","@id":"https:\/\/www.koro.net.pl\/fr\/produkt\/din327-z2-hss-e-25-cutter\/#primaryimage","url":"https:\/\/www.koro.net.pl\/wp-content\/uploads\/2024\/08\/Frez-DIN327-Z2-HSS-E-25\u00b0.jpg","contentUrl":"https:\/\/www.koro.net.pl\/wp-content\/uploads\/2024\/08\/Frez-DIN327-Z2-HSS-E-25\u00b0.jpg","width":815,"height":815,"caption":"Frez DIN327 Z2 HSS-E 25\u00b0"},{"@type":"BreadcrumbList","@id":"https:\/\/www.koro.net.pl\/fr\/produkt\/din327-z2-hss-e-25-cutter\/#breadcrumb","itemListElement":[{"@type":"ListItem","position":1,"name":"Strona g\u0142\u00f3wna","item":"https:\/\/www.koro.net.pl\/fr\/"},{"@type":"ListItem","position":2,"name":"DIN327 Z2 HSS-E 25\u00b0 Cutter"}]},{"@type":"WebSite","@id":"https:\/\/www.koro.net.pl\/fr\/#website","url":"https:\/\/www.koro.net.pl\/fr\/","name":"Koronet","description":"","publisher":{"@id":"https:\/\/www.koro.net.pl\/fr\/#organization"},"potentialAction":[{"@type":"SearchAction","target":{"@type":"EntryPoint","urlTemplate":"https:\/\/www.koro.net.pl\/fr\/?s={search_term_string}"},"query-input":{"@type":"PropertyValueSpecification","valueRequired":true,"valueName":"search_term_string"}}],"inLanguage":"fr-FR"},{"@type":"Organization","@id":"https:\/\/www.koro.net.pl\/fr\/#organization","name":"Koronet","alternateName":"Koronet","url":"https:\/\/www.koro.net.pl\/fr\/","logo":{"@type":"ImageObject","inLanguage":"fr-FR","@id":"https:\/\/www.koro.net.pl\/fr\/#\/schema\/logo\/image\/","url":"https:\/\/www.koro.net.pl\/wp-content\/uploads\/2025\/02\/Koronet-spolka-z-o.o.png","contentUrl":"https:\/\/www.koro.net.pl\/wp-content\/uploads\/2025\/02\/Koronet-spolka-z-o.o.png","width":696,"height":696,"caption":"Koronet"},"image":{"@id":"https:\/\/www.koro.net.pl\/fr\/#\/schema\/logo\/image\/"}}]}},"_links":{"self":[{"href":"https:\/\/www.koro.net.pl\/fr\/wp-json\/wp\/v2\/product\/12728","targetHints":{"allow":["GET"]}}],"collection":[{"href":"https:\/\/www.koro.net.pl\/fr\/wp-json\/wp\/v2\/product"}],"about":[{"href":"https:\/\/www.koro.net.pl\/fr\/wp-json\/wp\/v2\/types\/product"}],"wp:featuredmedia":[{"embeddable":true,"href":"https:\/\/www.koro.net.pl\/fr\/wp-json\/wp\/v2\/media\/4668"}],"wp:attachment":[{"href":"https:\/\/www.koro.net.pl\/fr\/wp-json\/wp\/v2\/media?parent=12728"}],"wp:term":[{"taxonomy":"product_brand","embeddable":true,"href":"https:\/\/www.koro.net.pl\/fr\/wp-json\/wp\/v2\/product_brand?post=12728"},{"taxonomy":"product_cat","embeddable":true,"href":"https:\/\/www.koro.net.pl\/fr\/wp-json\/wp\/v2\/product_cat?post=12728"},{"taxonomy":"product_tag","embeddable":true,"href":"https:\/\/www.koro.net.pl\/fr\/wp-json\/wp\/v2\/product_tag?post=12728"}],"curies":[{"name":"wp","href":"https:\/\/api.w.org\/{rel}","templated":true}]}}