{"id":12711,"date":"2025-11-28T13:26:12","date_gmt":"2025-11-28T12:26:12","guid":{"rendered":"https:\/\/www.koro.net.pl\/produkt\/prise-a-main-aveugle-din-376-c-hss-e-tin-koronet\/"},"modified":"2025-11-28T13:26:12","modified_gmt":"2025-11-28T12:26:12","slug":"prise-a-main-aveugle-din-376-c-hss-e-tin-koronet","status":"publish","type":"product","link":"https:\/\/www.koro.net.pl\/fr\/produkt\/prise-a-main-aveugle-din-376-c-hss-e-tin-koronet\/","title":{"rendered":"Prise \u00e0 main aveugle DIN 376 C HSS-E TiN &#8211; Koronet"},"content":{"rendered":"<p data-start=\"366\" data-end=\"804\"><a href=\"https:\/\/www.koro.net.pl\/fr\/produkty\/taps\/\"><strong data-start=\"366\" data-end=\"410\">Le DIN 376 C HSS-E TiN<\/strong><\/a> est un outil professionnel con\u00e7u pour un filetage interne pr\u00e9cis dans les aciers structurels, les aciers \u00e0 faible alliage et les mat\u00e9riaux de moyenne r\u00e9sistance. Fabriqu\u00e9 en acier cobalt <strong>HSS-E<\/strong> r\u00e9sistant \u00e0 haute vitesse et recouvert d\u2019un rev\u00eatement classique <strong>TiN<\/strong>, il assure un fonctionnement stable, une r\u00e9sistance accrue \u00e0 l\u2019usure et de bonnes performances dans les proc\u00e9d\u00e9s de production en s\u00e9rie et unitaire. <\/p>\n<h3 data-start=\"806\" data-end=\"868\"><strong data-start=\"809\" data-end=\"868\">Acier HSS-E \u2013 r\u00e9sistance \u00e0 la chaleur et stabilit\u00e9 accrues<\/strong><\/h3>\n<p data-start=\"869\" data-end=\"969\">L\u2019outil est fabriqu\u00e9 en acier rapide avec ajout de cobalt (HSS-E), caract\u00e9ris\u00e9 par :<\/p>\n<ul data-start=\"970\" data-end=\"1123\">\n<li data-start=\"970\" data-end=\"1013\">\n<p data-start=\"972\" data-end=\"1013\">haute r\u00e9sistance aux charges torsionnelles,<\/p>\n<\/li>\n<li data-start=\"1014\" data-end=\"1053\">\n<p data-start=\"1016\" data-end=\"1053\">duret\u00e9 accrue \u00e0 la temp\u00e9rature,<\/p>\n<\/li>\n<li data-start=\"1054\" data-end=\"1123\">\n<p data-start=\"1056\" data-end=\"1123\">meilleure r\u00e9sistance \u00e0 l\u2019abrasion compar\u00e9e \u00e0 l\u2019acier HSS classique.<\/p>\n<\/li>\n<\/ul>\n<p data-start=\"1125\" data-end=\"1268\">Cela garantit que le robinet maintient des performances stables m\u00eame dans des mat\u00e9riaux \u00e0 haute r\u00e9sistance et lors de cycles d\u2019usinage plus longs.<\/p>\n<h3 data-start=\"1270\" data-end=\"1322\"><strong data-start=\"1273\" data-end=\"1322\">Rev\u00eatement TiN \u2013 durable, universel, \u00e9prouv\u00e9<\/strong><\/h3>\n<p data-start=\"1323\" data-end=\"1534\">Le rev\u00eatement TiN (nitrure de titane) offre :<br \/>\n \u2013 une r\u00e9sistance accrue \u00e0 l\u2019abrasion,<br data-start=\"1408\" data-end=\"1411\">\u2013 r\u00e9duction de la friction dans la zone de coupe,<br data-start=\"1449\" data-end=\"1452\">\u2013 une dissipation de la chaleur plus efficace,<br data-start=\"1494\" data-end=\"1497\">\u2013 am\u00e9lioration de la qualit\u00e9 de la surface du filetage.<\/p>\n<p data-start=\"1536\" data-end=\"1690\">C\u2019est une solution \u00e9prouv\u00e9e et fiable pour un large \u00e9ventail d\u2019applications standard dans les aciers structurels et les mat\u00e9riaux de r\u00e9sistance moyenne.<\/p>\n<h3 data-start=\"1692\" data-end=\"1780\"><strong data-start=\"1695\" data-end=\"1780\">G\u00e9om\u00e9trie en spirale \u2013 id\u00e9ale pour les trous aveugles et les mat\u00e9riaux ductiles<\/strong><\/h3>\n<p data-start=\"1781\" data-end=\"1842\">La rainure de vis dirige l\u2019\u00e9clat vers l\u2019arri\u00e8re (vers le haut), ce qui vous permet de :<\/p>\n<ul data-start=\"1843\" data-end=\"2020\">\n<li data-start=\"1843\" data-end=\"1898\">\n<p data-start=\"1845\" data-end=\"1898\">Enfilage s\u00fbr des <strong data-start=\"1868\" data-end=\"1895\">trous aveugles<\/strong>,<\/p>\n<\/li>\n<li data-start=\"1899\" data-end=\"1943\">\n<p data-start=\"1901\" data-end=\"1943\">Fonctionnement stable dans des mat\u00e9riaux mall\u00e9ables,<\/p>\n<\/li>\n<li data-start=\"1944\" data-end=\"1984\">\n<p data-start=\"1946\" data-end=\"1984\">r\u00e9duction du risque de brouillage des puces,<\/p>\n<\/li>\n<li data-start=\"1985\" data-end=\"2020\">\n<p data-start=\"1987\" data-end=\"2020\">Meilleure formation du profil de file.<\/p>\n<\/li>\n<\/ul>\n<p data-start=\"2022\" data-end=\"2147\">La rainure \u00e0 vis est la g\u00e9om\u00e9trie pr\u00e9f\u00e9r\u00e9e en production en s\u00e9rie, notamment pour l\u2019usinage d\u2019aciers \u00e0 faible alliage et de structure.<\/p>\n<h3 data-start=\"2149\" data-end=\"2217\"><strong data-start=\"2152\" data-end=\"2217\">Norme DIN 376 \u2013 poign\u00e9e plus fine, meilleur acc\u00e8s au travail<\/strong><\/h3>\n<p data-start=\"2218\" data-end=\"2271\">Le prise conforme \u00e0 la norme DIN 376 se caract\u00e9rise par :<\/p>\n<ul data-start=\"2272\" data-end=\"2359\">\n<li data-start=\"2272\" data-end=\"2292\">\n<p data-start=\"2274\" data-end=\"2292\">Silhouette plus mince,<\/p>\n<\/li>\n<li data-start=\"2293\" data-end=\"2314\">\n<p data-start=\"2295\" data-end=\"2314\">prise allong\u00e9e,<\/p>\n<\/li>\n<li data-start=\"2315\" data-end=\"2359\">\n<p data-start=\"2317\" data-end=\"2359\">Acc\u00e8s plus facile aux ouvertures plus profondes.<\/p>\n<\/li>\n<\/ul>\n<p data-start=\"2361\" data-end=\"2494\">C\u2019est une solution id\u00e9ale pour les machines-outils CNC et les machines conventionnelles, o\u00f9 la commodit\u00e9 de l\u2019outil et la pr\u00e9cision du mouvement sont essentielles.<\/p>\n<h3 data-start=\"2496\" data-end=\"2539\"><strong data-start=\"2499\" data-end=\"2539\">Version C \u2013 Phase moyenne (2-3 rouleaux)<\/strong><\/h3>\n<p data-start=\"2540\" data-end=\"2799\"><strong data-start=\"2552\" data-end=\"2557\">Le type C de d\u00e9coupe<\/strong> est le choix le plus polyvalent pour enfileter des trous <strong data-start=\"2621\" data-end=\"2640\">aveugles<\/strong> et pour les mat\u00e9riaux o\u00f9 une \u00e9vacuation s\u00e9curis\u00e9e des copeaux est importante.<br data-start=\"2725\" data-end=\"2728\">Cela facilite le d\u00e9marrage du filetage et assure une formation stable du profil.<\/p>\n<p data-start=\"2834\" data-end=\"3063\"><strong>La prise TiN DIN 376 C HSS-E est id\u00e9ale pour l\u2019usinage :<\/strong><br \/>\n\u2022 les aciers structurels,<br data-start=\"2923\" data-end=\"2926\">\u2022 les aciers non alli\u00e9s et \u00e0 faible alliage,<br data-start=\"2964\" data-end=\"2967\">\u2022 mat\u00e9riaux de r\u00e9sistance moyenne,<br data-start=\"3005\" data-end=\"3008\">\u2022 m\u00e9taux \u00e0 comportement ductile et sujets \u00e0 l\u2019accumulation.<\/p>\n<p data-start=\"3065\" data-end=\"3221\">Cet outil convient au travail sur des machines CNC et des machines \u00e0 taraudage conventionnelles, o\u00f9 la r\u00e9p\u00e9tabilit\u00e9, le fonctionnement fluide et la dur\u00e9e de vie de l\u2019outil sont essentiels.<\/p>\n","protected":false},"excerpt":{"rendered":"<p>Le DIN 376 C HSS-E TiN est un outil professionnel con\u00e7u pour un filetage interne pr\u00e9cis dans les aciers structurels, les aciers \u00e0 faible alliage et les mat\u00e9riaux de moyenne [&hellip;]<\/p>\n","protected":false},"featured_media":8386,"template":"","meta":{"_acf_changed":false},"product_brand":[],"product_cat":[174,177,178],"product_tag":[],"class_list":{"0":"post-12711","1":"product","2":"type-product","3":"status-publish","4":"has-post-thumbnail","6":"product_cat-outils","7":"product_cat-prises-mecaniques","8":"product_cat-taps","10":"first","11":"instock","12":"taxable","13":"shipping-taxable","14":"purchasable","15":"product-type-variable","16":"has-default-attributes"},"acf":[],"yoast_head":"<!-- This site is optimized with the Yoast SEO plugin v27.5 - https:\/\/yoast.com\/product\/yoast-seo-wordpress\/ -->\n<title>Prise m\u00e9canique DIN 376 C HSS-E TiN \u2013 spirale<\/title>\n<meta name=\"description\" content=\"DIN 376 C HSS-E TiN pour trous aveugles. Les rainures en spirale, l\u2019acier au cobalt et le rev\u00eatement TiN garantissent durabilit\u00e9, stabilit\u00e9 et qualit\u00e9 de filetage propre.\" \/>\n<meta name=\"robots\" content=\"index, follow, max-snippet:-1, max-image-preview:large, max-video-preview:-1\" \/>\n<link rel=\"canonical\" href=\"https:\/\/www.koro.net.pl\/fr\/produkt\/prise-a-main-aveugle-din-376-c-hss-e-tin-koronet\/\" \/>\n<meta property=\"og:locale\" content=\"fr_FR\" \/>\n<meta property=\"og:type\" content=\"article\" \/>\n<meta property=\"og:title\" content=\"Prise m\u00e9canique DIN 376 C HSS-E TiN \u2013 spirale\" \/>\n<meta property=\"og:description\" content=\"DIN 376 C HSS-E TiN pour trous aveugles. Les rainures en spirale, l\u2019acier au cobalt et le rev\u00eatement TiN garantissent durabilit\u00e9, stabilit\u00e9 et qualit\u00e9 de filetage propre.\" \/>\n<meta property=\"og:url\" content=\"https:\/\/www.koro.net.pl\/fr\/produkt\/prise-a-main-aveugle-din-376-c-hss-e-tin-koronet\/\" \/>\n<meta property=\"og:site_name\" content=\"Koronet\" \/>\n<meta property=\"og:image\" content=\"https:\/\/www.koro.net.pl\/wp-content\/uploads\/2025\/11\/DIN376C-TIN-HSS-E.1.png\" \/>\n\t<meta property=\"og:image:width\" content=\"800\" \/>\n\t<meta property=\"og:image:height\" content=\"800\" \/>\n\t<meta property=\"og:image:type\" content=\"image\/png\" \/>\n<meta name=\"twitter:card\" content=\"summary_large_image\" \/>\n<meta name=\"twitter:label1\" content=\"Dur\u00e9e de lecture estim\u00e9e\" \/>\n\t<meta name=\"twitter:data1\" content=\"2 minutes\" \/>\n<script type=\"application\/ld+json\" class=\"yoast-schema-graph\">{\"@context\":\"https:\\\/\\\/schema.org\",\"@graph\":[{\"@type\":\"WebPage\",\"@id\":\"https:\\\/\\\/www.koro.net.pl\\\/fr\\\/produkt\\\/prise-a-main-aveugle-din-376-c-hss-e-tin-koronet\\\/\",\"url\":\"https:\\\/\\\/www.koro.net.pl\\\/fr\\\/produkt\\\/prise-a-main-aveugle-din-376-c-hss-e-tin-koronet\\\/\",\"name\":\"Prise m\u00e9canique DIN 376 C HSS-E TiN \u2013 spirale\",\"isPartOf\":{\"@id\":\"https:\\\/\\\/www.koro.net.pl\\\/fr\\\/#website\"},\"primaryImageOfPage\":{\"@id\":\"https:\\\/\\\/www.koro.net.pl\\\/fr\\\/produkt\\\/prise-a-main-aveugle-din-376-c-hss-e-tin-koronet\\\/#primaryimage\"},\"image\":{\"@id\":\"https:\\\/\\\/www.koro.net.pl\\\/fr\\\/produkt\\\/prise-a-main-aveugle-din-376-c-hss-e-tin-koronet\\\/#primaryimage\"},\"thumbnailUrl\":\"https:\\\/\\\/www.koro.net.pl\\\/wp-content\\\/uploads\\\/2025\\\/11\\\/DIN376C-TIN-HSS-E.1.png\",\"datePublished\":\"2025-11-28T12:26:12+00:00\",\"description\":\"DIN 376 C HSS-E TiN pour trous aveugles. Les rainures en spirale, l\u2019acier au cobalt et le rev\u00eatement TiN garantissent durabilit\u00e9, stabilit\u00e9 et qualit\u00e9 de filetage propre.\",\"breadcrumb\":{\"@id\":\"https:\\\/\\\/www.koro.net.pl\\\/fr\\\/produkt\\\/prise-a-main-aveugle-din-376-c-hss-e-tin-koronet\\\/#breadcrumb\"},\"inLanguage\":\"fr-FR\",\"potentialAction\":[{\"@type\":\"ReadAction\",\"target\":[\"https:\\\/\\\/www.koro.net.pl\\\/fr\\\/produkt\\\/prise-a-main-aveugle-din-376-c-hss-e-tin-koronet\\\/\"]}]},{\"@type\":\"ImageObject\",\"inLanguage\":\"fr-FR\",\"@id\":\"https:\\\/\\\/www.koro.net.pl\\\/fr\\\/produkt\\\/prise-a-main-aveugle-din-376-c-hss-e-tin-koronet\\\/#primaryimage\",\"url\":\"https:\\\/\\\/www.koro.net.pl\\\/wp-content\\\/uploads\\\/2025\\\/11\\\/DIN376C-TIN-HSS-E.1.png\",\"contentUrl\":\"https:\\\/\\\/www.koro.net.pl\\\/wp-content\\\/uploads\\\/2025\\\/11\\\/DIN376C-TIN-HSS-E.1.png\",\"width\":800,\"height\":800,\"caption\":\"Gwintownik maszynowy DIN 376 C HSS-E TiN z rowkiem spiralnym, widok na ca\u0142e narz\u0119dzie w uj\u0119ciu pionowym.\"},{\"@type\":\"BreadcrumbList\",\"@id\":\"https:\\\/\\\/www.koro.net.pl\\\/fr\\\/produkt\\\/prise-a-main-aveugle-din-376-c-hss-e-tin-koronet\\\/#breadcrumb\",\"itemListElement\":[{\"@type\":\"ListItem\",\"position\":1,\"name\":\"Strona g\u0142\u00f3wna\",\"item\":\"https:\\\/\\\/www.koro.net.pl\\\/fr\\\/\"},{\"@type\":\"ListItem\",\"position\":2,\"name\":\"Prise \u00e0 main aveugle DIN 376 C HSS-E TiN &#8211; Koronet\"}]},{\"@type\":\"WebSite\",\"@id\":\"https:\\\/\\\/www.koro.net.pl\\\/fr\\\/#website\",\"url\":\"https:\\\/\\\/www.koro.net.pl\\\/fr\\\/\",\"name\":\"Koronet\",\"description\":\"\",\"publisher\":{\"@id\":\"https:\\\/\\\/www.koro.net.pl\\\/fr\\\/#organization\"},\"potentialAction\":[{\"@type\":\"SearchAction\",\"target\":{\"@type\":\"EntryPoint\",\"urlTemplate\":\"https:\\\/\\\/www.koro.net.pl\\\/fr\\\/?s={search_term_string}\"},\"query-input\":{\"@type\":\"PropertyValueSpecification\",\"valueRequired\":true,\"valueName\":\"search_term_string\"}}],\"inLanguage\":\"fr-FR\"},{\"@type\":\"Organization\",\"@id\":\"https:\\\/\\\/www.koro.net.pl\\\/fr\\\/#organization\",\"name\":\"Koronet\",\"alternateName\":\"Koronet\",\"url\":\"https:\\\/\\\/www.koro.net.pl\\\/fr\\\/\",\"logo\":{\"@type\":\"ImageObject\",\"inLanguage\":\"fr-FR\",\"@id\":\"https:\\\/\\\/www.koro.net.pl\\\/fr\\\/#\\\/schema\\\/logo\\\/image\\\/\",\"url\":\"https:\\\/\\\/www.koro.net.pl\\\/wp-content\\\/uploads\\\/2025\\\/02\\\/Koronet-spolka-z-o.o.png\",\"contentUrl\":\"https:\\\/\\\/www.koro.net.pl\\\/wp-content\\\/uploads\\\/2025\\\/02\\\/Koronet-spolka-z-o.o.png\",\"width\":696,\"height\":696,\"caption\":\"Koronet\"},\"image\":{\"@id\":\"https:\\\/\\\/www.koro.net.pl\\\/fr\\\/#\\\/schema\\\/logo\\\/image\\\/\"}}]}<\/script>\n<!-- \/ Yoast SEO plugin. -->","yoast_head_json":{"title":"Prise m\u00e9canique DIN 376 C HSS-E TiN \u2013 spirale","description":"DIN 376 C HSS-E TiN pour trous aveugles. Les rainures en spirale, l\u2019acier au cobalt et le rev\u00eatement TiN garantissent durabilit\u00e9, stabilit\u00e9 et qualit\u00e9 de filetage propre.","robots":{"index":"index","follow":"follow","max-snippet":"max-snippet:-1","max-image-preview":"max-image-preview:large","max-video-preview":"max-video-preview:-1"},"canonical":"https:\/\/www.koro.net.pl\/fr\/produkt\/prise-a-main-aveugle-din-376-c-hss-e-tin-koronet\/","og_locale":"fr_FR","og_type":"article","og_title":"Prise m\u00e9canique DIN 376 C HSS-E TiN \u2013 spirale","og_description":"DIN 376 C HSS-E TiN pour trous aveugles. Les rainures en spirale, l\u2019acier au cobalt et le rev\u00eatement TiN garantissent durabilit\u00e9, stabilit\u00e9 et qualit\u00e9 de filetage propre.","og_url":"https:\/\/www.koro.net.pl\/fr\/produkt\/prise-a-main-aveugle-din-376-c-hss-e-tin-koronet\/","og_site_name":"Koronet","og_image":[{"width":800,"height":800,"url":"https:\/\/www.koro.net.pl\/wp-content\/uploads\/2025\/11\/DIN376C-TIN-HSS-E.1.png","type":"image\/png"}],"twitter_card":"summary_large_image","twitter_misc":{"Dur\u00e9e de lecture estim\u00e9e":"2 minutes"},"schema":{"@context":"https:\/\/schema.org","@graph":[{"@type":"WebPage","@id":"https:\/\/www.koro.net.pl\/fr\/produkt\/prise-a-main-aveugle-din-376-c-hss-e-tin-koronet\/","url":"https:\/\/www.koro.net.pl\/fr\/produkt\/prise-a-main-aveugle-din-376-c-hss-e-tin-koronet\/","name":"Prise m\u00e9canique DIN 376 C HSS-E TiN \u2013 spirale","isPartOf":{"@id":"https:\/\/www.koro.net.pl\/fr\/#website"},"primaryImageOfPage":{"@id":"https:\/\/www.koro.net.pl\/fr\/produkt\/prise-a-main-aveugle-din-376-c-hss-e-tin-koronet\/#primaryimage"},"image":{"@id":"https:\/\/www.koro.net.pl\/fr\/produkt\/prise-a-main-aveugle-din-376-c-hss-e-tin-koronet\/#primaryimage"},"thumbnailUrl":"https:\/\/www.koro.net.pl\/wp-content\/uploads\/2025\/11\/DIN376C-TIN-HSS-E.1.png","datePublished":"2025-11-28T12:26:12+00:00","description":"DIN 376 C HSS-E TiN pour trous aveugles. Les rainures en spirale, l\u2019acier au cobalt et le rev\u00eatement TiN garantissent durabilit\u00e9, stabilit\u00e9 et qualit\u00e9 de filetage propre.","breadcrumb":{"@id":"https:\/\/www.koro.net.pl\/fr\/produkt\/prise-a-main-aveugle-din-376-c-hss-e-tin-koronet\/#breadcrumb"},"inLanguage":"fr-FR","potentialAction":[{"@type":"ReadAction","target":["https:\/\/www.koro.net.pl\/fr\/produkt\/prise-a-main-aveugle-din-376-c-hss-e-tin-koronet\/"]}]},{"@type":"ImageObject","inLanguage":"fr-FR","@id":"https:\/\/www.koro.net.pl\/fr\/produkt\/prise-a-main-aveugle-din-376-c-hss-e-tin-koronet\/#primaryimage","url":"https:\/\/www.koro.net.pl\/wp-content\/uploads\/2025\/11\/DIN376C-TIN-HSS-E.1.png","contentUrl":"https:\/\/www.koro.net.pl\/wp-content\/uploads\/2025\/11\/DIN376C-TIN-HSS-E.1.png","width":800,"height":800,"caption":"Gwintownik maszynowy DIN 376 C HSS-E TiN z rowkiem spiralnym, widok na ca\u0142e narz\u0119dzie w uj\u0119ciu pionowym."},{"@type":"BreadcrumbList","@id":"https:\/\/www.koro.net.pl\/fr\/produkt\/prise-a-main-aveugle-din-376-c-hss-e-tin-koronet\/#breadcrumb","itemListElement":[{"@type":"ListItem","position":1,"name":"Strona g\u0142\u00f3wna","item":"https:\/\/www.koro.net.pl\/fr\/"},{"@type":"ListItem","position":2,"name":"Prise \u00e0 main aveugle DIN 376 C HSS-E TiN &#8211; Koronet"}]},{"@type":"WebSite","@id":"https:\/\/www.koro.net.pl\/fr\/#website","url":"https:\/\/www.koro.net.pl\/fr\/","name":"Koronet","description":"","publisher":{"@id":"https:\/\/www.koro.net.pl\/fr\/#organization"},"potentialAction":[{"@type":"SearchAction","target":{"@type":"EntryPoint","urlTemplate":"https:\/\/www.koro.net.pl\/fr\/?s={search_term_string}"},"query-input":{"@type":"PropertyValueSpecification","valueRequired":true,"valueName":"search_term_string"}}],"inLanguage":"fr-FR"},{"@type":"Organization","@id":"https:\/\/www.koro.net.pl\/fr\/#organization","name":"Koronet","alternateName":"Koronet","url":"https:\/\/www.koro.net.pl\/fr\/","logo":{"@type":"ImageObject","inLanguage":"fr-FR","@id":"https:\/\/www.koro.net.pl\/fr\/#\/schema\/logo\/image\/","url":"https:\/\/www.koro.net.pl\/wp-content\/uploads\/2025\/02\/Koronet-spolka-z-o.o.png","contentUrl":"https:\/\/www.koro.net.pl\/wp-content\/uploads\/2025\/02\/Koronet-spolka-z-o.o.png","width":696,"height":696,"caption":"Koronet"},"image":{"@id":"https:\/\/www.koro.net.pl\/fr\/#\/schema\/logo\/image\/"}}]}},"_links":{"self":[{"href":"https:\/\/www.koro.net.pl\/fr\/wp-json\/wp\/v2\/product\/12711","targetHints":{"allow":["GET"]}}],"collection":[{"href":"https:\/\/www.koro.net.pl\/fr\/wp-json\/wp\/v2\/product"}],"about":[{"href":"https:\/\/www.koro.net.pl\/fr\/wp-json\/wp\/v2\/types\/product"}],"wp:featuredmedia":[{"embeddable":true,"href":"https:\/\/www.koro.net.pl\/fr\/wp-json\/wp\/v2\/media\/8386"}],"wp:attachment":[{"href":"https:\/\/www.koro.net.pl\/fr\/wp-json\/wp\/v2\/media?parent=12711"}],"wp:term":[{"taxonomy":"product_brand","embeddable":true,"href":"https:\/\/www.koro.net.pl\/fr\/wp-json\/wp\/v2\/product_brand?post=12711"},{"taxonomy":"product_cat","embeddable":true,"href":"https:\/\/www.koro.net.pl\/fr\/wp-json\/wp\/v2\/product_cat?post=12711"},{"taxonomy":"product_tag","embeddable":true,"href":"https:\/\/www.koro.net.pl\/fr\/wp-json\/wp\/v2\/product_tag?post=12711"}],"curies":[{"name":"wp","href":"https:\/\/api.w.org\/{rel}","templated":true}]}}