{"id":12688,"date":"2025-11-28T12:36:09","date_gmt":"2025-11-28T11:36:09","guid":{"rendered":"https:\/\/www.koro.net.pl\/produkt\/prise-mecanique-din-376-b-hss-e-tin-pour-trous-traversants-revetement-tin-koronet\/"},"modified":"2025-11-28T12:36:09","modified_gmt":"2025-11-28T11:36:09","slug":"prise-mecanique-din-376-b-hss-e-tin-pour-trous-traversants-revetement-tin-koronet","status":"publish","type":"product","link":"https:\/\/www.koro.net.pl\/fr\/produkt\/prise-mecanique-din-376-b-hss-e-tin-pour-trous-traversants-revetement-tin-koronet\/","title":{"rendered":"Prise m\u00e9canique DIN 376 B HSS-E TiN \u2013 pour trous traversants, rev\u00eatement TiN &#8211; Koronet"},"content":{"rendered":"<p data-start=\"394\" data-end=\"797\"><a href=\"https:\/\/www.koro.net.pl\/fr\/produkty\/taps\/\">Le <strong>DIN 376 B HSS-E TiN<\/strong><\/a> est un outil robuste con\u00e7u pour un filetage interne pr\u00e9cis dans les aciers structurels, les aciers alli\u00e9s et les mat\u00e9riaux de moyenne r\u00e9sistance. Fabriqu\u00e9 en<strong> acier cobalt haute vitesse de haute qualit\u00e9 HSS-E<\/strong> et recouvert d\u2019un rev\u00eatement<strong> TiN<\/strong>, il offre une meilleure r\u00e9sistance \u00e0 l\u2019usure et un fonctionnement stable et r\u00e9p\u00e9table en atelier et en production. <\/p>\n<h3 data-start=\"804\" data-end=\"860\"><strong data-start=\"808\" data-end=\"858\">Acier HSS-E \u2013 r\u00e9sistance et durabilit\u00e9 accrues<\/strong><\/h3>\n<p data-start=\"861\" data-end=\"1167\">Le robinet est fabriqu\u00e9 en acier \u00e0 grande vitesse avec ajout de cobalt (HSS-E), caract\u00e9ris\u00e9 par une forte r\u00e9sistance aux charges torsionnelles et une r\u00e9tention accrue de la duret\u00e9 \u00e0 la temp\u00e9rature. Cela garantit que l\u2019outil fonctionne \u00e9galement de mani\u00e8re stable sur des mat\u00e9riaux \u00e0 plus grande r\u00e9sistance et \u00e0 des cycles de filetage plus longs. <\/p>\n<h3 data-start=\"1174\" data-end=\"1246\"><strong data-start=\"1178\" data-end=\"1244\">  Rev\u00eatement TiN \u2013 protection classique avec de bonnes performances<\/strong><\/h3>\n<p data-start=\"1247\" data-end=\"1450\">Le rev\u00eatement TiN (nitrure de titane) utilis\u00e9 se caract\u00e9rise par :<br data-start=\"1306\" data-end=\"1309\">\u2013 une r\u00e9sistance accrue \u00e0 l\u2019abrasion,<br data-start=\"1347\" data-end=\"1350\">\u2013 r\u00e9duction de la friction \u00e0 la surface des rainures,<br data-start=\"1395\" data-end=\"1398\">\u2013 une meilleure dissipation de la chaleur lors de la coupe.<\/p>\n<p data-start=\"1452\" data-end=\"1603\">C\u2019est une solution polyvalente, adapt\u00e9e \u00e0 un large \u00e9ventail d\u2019applications standard dans les aciers structurels, les aciers \u00e0 faible alliage et les plastiques ferreux.<\/p>\n<h3 data-start=\"1610\" data-end=\"1674\"><strong data-start=\"1614\" data-end=\"1672\">G\u00e9om\u00e9trie droite \u2013 optimale pour les trous traversants<\/strong><\/h3>\n<p data-start=\"1675\" data-end=\"1887\">Les rainures droites guident l\u2019outil de mani\u00e8re stable et dirigent l\u2019\u00e9clat vers l\u2019avant, ce qui est id\u00e9al pour passer des trous. Cela assure un fonctionnement plus s\u00fbr et une formation uniforme du profil de filetage. <\/p>\n<h3 data-start=\"1894\" data-end=\"1947\"><strong data-start=\"1898\" data-end=\"1945\">  DIN 376 standard \u2013 pi\u00e8ce de poign\u00e9e plus longue<\/strong><\/h3>\n<p data-start=\"1948\" data-end=\"2127\">La conformit\u00e9 DIN 376 signifie une g\u00e9om\u00e9trie plus fine et un manche allong\u00e9 qui facilite l\u2019acc\u00e8s aux ouvertures plus profondes et am\u00e9liore le confort de travail dans les zones difficiles d\u2019acc\u00e8s.<\/p>\n<h3 data-start=\"2134\" data-end=\"2173\"><strong data-start=\"2138\" data-end=\"2171\">Version B \u2013 4-5 tours chanfrein\u00e9s<\/strong><\/h3>\n<p data-start=\"2174\" data-end=\"2366\">La coupe de type B facilite le d\u00e9marrage du filetage et augmente la s\u00e9curit\u00e9 de la formation de filetage dans les trous traversants. C\u2019est le type de g\u00e9om\u00e9trie le plus polyvalent et le plus largement utilis\u00e9 dans l\u2019usinage de l\u2019acier. <\/p>\n<h3 data-start=\"2373\" data-end=\"2408\"><strong data-start=\"2377\" data-end=\"2406\">Objectif mat\u00e9riel<\/strong><\/h3>\n<p data-start=\"2409\" data-end=\"2641\">Le robinet TiN DIN 376 B HSS-E convient \u00e0 l\u2019usinage :<br data-start=\"2463\" data-end=\"2466\">\u2022 des aciers non alli\u00e9s ;<br data-start=\"2487\" data-end=\"2490\">\u2022 aciers structurels et \u00e0 faible alliage,<br data-start=\"2531\" data-end=\"2534\">\u2022 acier de r\u00e9sistance moyenne,<br data-start=\"2567\" data-end=\"2570\">\u2022 des mat\u00e9riaux qui ont tendance \u00e0 cro\u00eetre en l\u2019absence de refroidissement.<\/p>\n<p data-start=\"2643\" data-end=\"2813\">L\u2019outil convient aussi bien aux machines-outils CNC qu\u2019au filetage sur les machines conventionnelles, o\u00f9 la r\u00e9p\u00e9tabilit\u00e9, la stabilit\u00e9 et la durabilit\u00e9 sont importantes.<\/p>\n","protected":false},"excerpt":{"rendered":"<p>Le DIN 376 B HSS-E TiN est un outil robuste con\u00e7u pour un filetage interne pr\u00e9cis dans les aciers structurels, les aciers alli\u00e9s et les mat\u00e9riaux de moyenne r\u00e9sistance. Fabriqu\u00e9 [&hellip;]<\/p>\n","protected":false},"featured_media":8375,"template":"","meta":{"_acf_changed":false},"product_brand":[],"product_cat":[174,177,178],"product_tag":[],"class_list":{"0":"post-12688","1":"product","2":"type-product","3":"status-publish","4":"has-post-thumbnail","6":"product_cat-outils","7":"product_cat-prises-mecaniques","8":"product_cat-taps","10":"first","11":"instock","12":"taxable","13":"shipping-taxable","14":"purchasable","15":"product-type-variable","16":"has-default-attributes"},"acf":[],"yoast_head":"<!-- This site is optimized with the Yoast SEO plugin v27.5 - https:\/\/yoast.com\/product\/yoast-seo-wordpress\/ -->\n<title>Prise m\u00e9canique DIN 376 B HSS-E TiN \u2013 pour l\u2019acier<\/title>\n<meta name=\"description\" content=\"Prise de machine HSS-E DIN 376 B avec rev\u00eatement TiN. Durable, stable et con\u00e7u pour les trous traversants dans les aciers structurels et alli\u00e9s\" \/>\n<meta name=\"robots\" content=\"index, follow, max-snippet:-1, max-image-preview:large, max-video-preview:-1\" \/>\n<link rel=\"canonical\" href=\"https:\/\/www.koro.net.pl\/fr\/produkt\/prise-mecanique-din-376-b-hss-e-tin-pour-trous-traversants-revetement-tin-koronet\/\" \/>\n<meta property=\"og:locale\" content=\"fr_FR\" \/>\n<meta property=\"og:type\" content=\"article\" \/>\n<meta property=\"og:title\" content=\"Prise m\u00e9canique DIN 376 B HSS-E TiN \u2013 pour l\u2019acier\" \/>\n<meta property=\"og:description\" content=\"Prise de machine HSS-E DIN 376 B avec rev\u00eatement TiN. Durable, stable et con\u00e7u pour les trous traversants dans les aciers structurels et alli\u00e9s\" \/>\n<meta property=\"og:url\" content=\"https:\/\/www.koro.net.pl\/fr\/produkt\/prise-mecanique-din-376-b-hss-e-tin-pour-trous-traversants-revetement-tin-koronet\/\" \/>\n<meta property=\"og:site_name\" content=\"Koronet\" \/>\n<meta property=\"og:image\" content=\"https:\/\/www.koro.net.pl\/wp-content\/uploads\/2025\/11\/DIN376B.TIN_.1.png\" \/>\n\t<meta property=\"og:image:width\" content=\"800\" \/>\n\t<meta property=\"og:image:height\" content=\"800\" \/>\n\t<meta property=\"og:image:type\" content=\"image\/png\" \/>\n<meta name=\"twitter:card\" content=\"summary_large_image\" \/>\n<meta name=\"twitter:label1\" content=\"Dur\u00e9e de lecture estim\u00e9e\" \/>\n\t<meta name=\"twitter:data1\" content=\"2 minutes\" \/>\n<script type=\"application\/ld+json\" class=\"yoast-schema-graph\">{\"@context\":\"https:\\\/\\\/schema.org\",\"@graph\":[{\"@type\":\"WebPage\",\"@id\":\"https:\\\/\\\/www.koro.net.pl\\\/fr\\\/produkt\\\/prise-mecanique-din-376-b-hss-e-tin-pour-trous-traversants-revetement-tin-koronet\\\/\",\"url\":\"https:\\\/\\\/www.koro.net.pl\\\/fr\\\/produkt\\\/prise-mecanique-din-376-b-hss-e-tin-pour-trous-traversants-revetement-tin-koronet\\\/\",\"name\":\"Prise m\u00e9canique DIN 376 B HSS-E TiN \u2013 pour l\u2019acier\",\"isPartOf\":{\"@id\":\"https:\\\/\\\/www.koro.net.pl\\\/fr\\\/#website\"},\"primaryImageOfPage\":{\"@id\":\"https:\\\/\\\/www.koro.net.pl\\\/fr\\\/produkt\\\/prise-mecanique-din-376-b-hss-e-tin-pour-trous-traversants-revetement-tin-koronet\\\/#primaryimage\"},\"image\":{\"@id\":\"https:\\\/\\\/www.koro.net.pl\\\/fr\\\/produkt\\\/prise-mecanique-din-376-b-hss-e-tin-pour-trous-traversants-revetement-tin-koronet\\\/#primaryimage\"},\"thumbnailUrl\":\"https:\\\/\\\/www.koro.net.pl\\\/wp-content\\\/uploads\\\/2025\\\/11\\\/DIN376B.TIN_.1.png\",\"datePublished\":\"2025-11-28T11:36:09+00:00\",\"description\":\"Prise de machine HSS-E DIN 376 B avec rev\u00eatement TiN. Durable, stable et con\u00e7u pour les trous traversants dans les aciers structurels et alli\u00e9s\",\"breadcrumb\":{\"@id\":\"https:\\\/\\\/www.koro.net.pl\\\/fr\\\/produkt\\\/prise-mecanique-din-376-b-hss-e-tin-pour-trous-traversants-revetement-tin-koronet\\\/#breadcrumb\"},\"inLanguage\":\"fr-FR\",\"potentialAction\":[{\"@type\":\"ReadAction\",\"target\":[\"https:\\\/\\\/www.koro.net.pl\\\/fr\\\/produkt\\\/prise-mecanique-din-376-b-hss-e-tin-pour-trous-traversants-revetement-tin-koronet\\\/\"]}]},{\"@type\":\"ImageObject\",\"inLanguage\":\"fr-FR\",\"@id\":\"https:\\\/\\\/www.koro.net.pl\\\/fr\\\/produkt\\\/prise-mecanique-din-376-b-hss-e-tin-pour-trous-traversants-revetement-tin-koronet\\\/#primaryimage\",\"url\":\"https:\\\/\\\/www.koro.net.pl\\\/wp-content\\\/uploads\\\/2025\\\/11\\\/DIN376B.TIN_.1.png\",\"contentUrl\":\"https:\\\/\\\/www.koro.net.pl\\\/wp-content\\\/uploads\\\/2025\\\/11\\\/DIN376B.TIN_.1.png\",\"width\":800,\"height\":800,\"caption\":\"Gwintownik maszynowy DIN 376 B HSS-E z pow\u0142ok\u0105 TiN \u2013 widok pe\u0142ny narz\u0119dzia na bia\u0142ym tle\"},{\"@type\":\"BreadcrumbList\",\"@id\":\"https:\\\/\\\/www.koro.net.pl\\\/fr\\\/produkt\\\/prise-mecanique-din-376-b-hss-e-tin-pour-trous-traversants-revetement-tin-koronet\\\/#breadcrumb\",\"itemListElement\":[{\"@type\":\"ListItem\",\"position\":1,\"name\":\"Strona g\u0142\u00f3wna\",\"item\":\"https:\\\/\\\/www.koro.net.pl\\\/fr\\\/\"},{\"@type\":\"ListItem\",\"position\":2,\"name\":\"Prise m\u00e9canique DIN 376 B HSS-E TiN \u2013 pour trous traversants, rev\u00eatement TiN &#8211; Koronet\"}]},{\"@type\":\"WebSite\",\"@id\":\"https:\\\/\\\/www.koro.net.pl\\\/fr\\\/#website\",\"url\":\"https:\\\/\\\/www.koro.net.pl\\\/fr\\\/\",\"name\":\"Koronet\",\"description\":\"\",\"publisher\":{\"@id\":\"https:\\\/\\\/www.koro.net.pl\\\/fr\\\/#organization\"},\"potentialAction\":[{\"@type\":\"SearchAction\",\"target\":{\"@type\":\"EntryPoint\",\"urlTemplate\":\"https:\\\/\\\/www.koro.net.pl\\\/fr\\\/?s={search_term_string}\"},\"query-input\":{\"@type\":\"PropertyValueSpecification\",\"valueRequired\":true,\"valueName\":\"search_term_string\"}}],\"inLanguage\":\"fr-FR\"},{\"@type\":\"Organization\",\"@id\":\"https:\\\/\\\/www.koro.net.pl\\\/fr\\\/#organization\",\"name\":\"Koronet\",\"alternateName\":\"Koronet\",\"url\":\"https:\\\/\\\/www.koro.net.pl\\\/fr\\\/\",\"logo\":{\"@type\":\"ImageObject\",\"inLanguage\":\"fr-FR\",\"@id\":\"https:\\\/\\\/www.koro.net.pl\\\/fr\\\/#\\\/schema\\\/logo\\\/image\\\/\",\"url\":\"https:\\\/\\\/www.koro.net.pl\\\/wp-content\\\/uploads\\\/2025\\\/02\\\/Koronet-spolka-z-o.o.png\",\"contentUrl\":\"https:\\\/\\\/www.koro.net.pl\\\/wp-content\\\/uploads\\\/2025\\\/02\\\/Koronet-spolka-z-o.o.png\",\"width\":696,\"height\":696,\"caption\":\"Koronet\"},\"image\":{\"@id\":\"https:\\\/\\\/www.koro.net.pl\\\/fr\\\/#\\\/schema\\\/logo\\\/image\\\/\"}}]}<\/script>\n<!-- \/ Yoast SEO plugin. -->","yoast_head_json":{"title":"Prise m\u00e9canique DIN 376 B HSS-E TiN \u2013 pour l\u2019acier","description":"Prise de machine HSS-E DIN 376 B avec rev\u00eatement TiN. Durable, stable et con\u00e7u pour les trous traversants dans les aciers structurels et alli\u00e9s","robots":{"index":"index","follow":"follow","max-snippet":"max-snippet:-1","max-image-preview":"max-image-preview:large","max-video-preview":"max-video-preview:-1"},"canonical":"https:\/\/www.koro.net.pl\/fr\/produkt\/prise-mecanique-din-376-b-hss-e-tin-pour-trous-traversants-revetement-tin-koronet\/","og_locale":"fr_FR","og_type":"article","og_title":"Prise m\u00e9canique DIN 376 B HSS-E TiN \u2013 pour l\u2019acier","og_description":"Prise de machine HSS-E DIN 376 B avec rev\u00eatement TiN. Durable, stable et con\u00e7u pour les trous traversants dans les aciers structurels et alli\u00e9s","og_url":"https:\/\/www.koro.net.pl\/fr\/produkt\/prise-mecanique-din-376-b-hss-e-tin-pour-trous-traversants-revetement-tin-koronet\/","og_site_name":"Koronet","og_image":[{"width":800,"height":800,"url":"https:\/\/www.koro.net.pl\/wp-content\/uploads\/2025\/11\/DIN376B.TIN_.1.png","type":"image\/png"}],"twitter_card":"summary_large_image","twitter_misc":{"Dur\u00e9e de lecture estim\u00e9e":"2 minutes"},"schema":{"@context":"https:\/\/schema.org","@graph":[{"@type":"WebPage","@id":"https:\/\/www.koro.net.pl\/fr\/produkt\/prise-mecanique-din-376-b-hss-e-tin-pour-trous-traversants-revetement-tin-koronet\/","url":"https:\/\/www.koro.net.pl\/fr\/produkt\/prise-mecanique-din-376-b-hss-e-tin-pour-trous-traversants-revetement-tin-koronet\/","name":"Prise m\u00e9canique DIN 376 B HSS-E TiN \u2013 pour l\u2019acier","isPartOf":{"@id":"https:\/\/www.koro.net.pl\/fr\/#website"},"primaryImageOfPage":{"@id":"https:\/\/www.koro.net.pl\/fr\/produkt\/prise-mecanique-din-376-b-hss-e-tin-pour-trous-traversants-revetement-tin-koronet\/#primaryimage"},"image":{"@id":"https:\/\/www.koro.net.pl\/fr\/produkt\/prise-mecanique-din-376-b-hss-e-tin-pour-trous-traversants-revetement-tin-koronet\/#primaryimage"},"thumbnailUrl":"https:\/\/www.koro.net.pl\/wp-content\/uploads\/2025\/11\/DIN376B.TIN_.1.png","datePublished":"2025-11-28T11:36:09+00:00","description":"Prise de machine HSS-E DIN 376 B avec rev\u00eatement TiN. Durable, stable et con\u00e7u pour les trous traversants dans les aciers structurels et alli\u00e9s","breadcrumb":{"@id":"https:\/\/www.koro.net.pl\/fr\/produkt\/prise-mecanique-din-376-b-hss-e-tin-pour-trous-traversants-revetement-tin-koronet\/#breadcrumb"},"inLanguage":"fr-FR","potentialAction":[{"@type":"ReadAction","target":["https:\/\/www.koro.net.pl\/fr\/produkt\/prise-mecanique-din-376-b-hss-e-tin-pour-trous-traversants-revetement-tin-koronet\/"]}]},{"@type":"ImageObject","inLanguage":"fr-FR","@id":"https:\/\/www.koro.net.pl\/fr\/produkt\/prise-mecanique-din-376-b-hss-e-tin-pour-trous-traversants-revetement-tin-koronet\/#primaryimage","url":"https:\/\/www.koro.net.pl\/wp-content\/uploads\/2025\/11\/DIN376B.TIN_.1.png","contentUrl":"https:\/\/www.koro.net.pl\/wp-content\/uploads\/2025\/11\/DIN376B.TIN_.1.png","width":800,"height":800,"caption":"Gwintownik maszynowy DIN 376 B HSS-E z pow\u0142ok\u0105 TiN \u2013 widok pe\u0142ny narz\u0119dzia na bia\u0142ym tle"},{"@type":"BreadcrumbList","@id":"https:\/\/www.koro.net.pl\/fr\/produkt\/prise-mecanique-din-376-b-hss-e-tin-pour-trous-traversants-revetement-tin-koronet\/#breadcrumb","itemListElement":[{"@type":"ListItem","position":1,"name":"Strona g\u0142\u00f3wna","item":"https:\/\/www.koro.net.pl\/fr\/"},{"@type":"ListItem","position":2,"name":"Prise m\u00e9canique DIN 376 B HSS-E TiN \u2013 pour trous traversants, rev\u00eatement TiN &#8211; Koronet"}]},{"@type":"WebSite","@id":"https:\/\/www.koro.net.pl\/fr\/#website","url":"https:\/\/www.koro.net.pl\/fr\/","name":"Koronet","description":"","publisher":{"@id":"https:\/\/www.koro.net.pl\/fr\/#organization"},"potentialAction":[{"@type":"SearchAction","target":{"@type":"EntryPoint","urlTemplate":"https:\/\/www.koro.net.pl\/fr\/?s={search_term_string}"},"query-input":{"@type":"PropertyValueSpecification","valueRequired":true,"valueName":"search_term_string"}}],"inLanguage":"fr-FR"},{"@type":"Organization","@id":"https:\/\/www.koro.net.pl\/fr\/#organization","name":"Koronet","alternateName":"Koronet","url":"https:\/\/www.koro.net.pl\/fr\/","logo":{"@type":"ImageObject","inLanguage":"fr-FR","@id":"https:\/\/www.koro.net.pl\/fr\/#\/schema\/logo\/image\/","url":"https:\/\/www.koro.net.pl\/wp-content\/uploads\/2025\/02\/Koronet-spolka-z-o.o.png","contentUrl":"https:\/\/www.koro.net.pl\/wp-content\/uploads\/2025\/02\/Koronet-spolka-z-o.o.png","width":696,"height":696,"caption":"Koronet"},"image":{"@id":"https:\/\/www.koro.net.pl\/fr\/#\/schema\/logo\/image\/"}}]}},"_links":{"self":[{"href":"https:\/\/www.koro.net.pl\/fr\/wp-json\/wp\/v2\/product\/12688","targetHints":{"allow":["GET"]}}],"collection":[{"href":"https:\/\/www.koro.net.pl\/fr\/wp-json\/wp\/v2\/product"}],"about":[{"href":"https:\/\/www.koro.net.pl\/fr\/wp-json\/wp\/v2\/types\/product"}],"wp:featuredmedia":[{"embeddable":true,"href":"https:\/\/www.koro.net.pl\/fr\/wp-json\/wp\/v2\/media\/8375"}],"wp:attachment":[{"href":"https:\/\/www.koro.net.pl\/fr\/wp-json\/wp\/v2\/media?parent=12688"}],"wp:term":[{"taxonomy":"product_brand","embeddable":true,"href":"https:\/\/www.koro.net.pl\/fr\/wp-json\/wp\/v2\/product_brand?post=12688"},{"taxonomy":"product_cat","embeddable":true,"href":"https:\/\/www.koro.net.pl\/fr\/wp-json\/wp\/v2\/product_cat?post=12688"},{"taxonomy":"product_tag","embeddable":true,"href":"https:\/\/www.koro.net.pl\/fr\/wp-json\/wp\/v2\/product_tag?post=12688"}],"curies":[{"name":"wp","href":"https:\/\/api.w.org\/{rel}","templated":true}]}}