{"id":12685,"date":"2026-01-08T11:22:13","date_gmt":"2026-01-08T10:22:13","guid":{"rendered":"https:\/\/www.koro.net.pl\/produkt\/prise-a-la-machine-din-376-b-hss-e-pour-le-trou-traversant-koronet\/"},"modified":"2026-01-08T11:22:13","modified_gmt":"2026-01-08T10:22:13","slug":"prise-a-la-machine-din-376-b-hss-e-pour-le-trou-traversant-koronet","status":"publish","type":"product","link":"https:\/\/www.koro.net.pl\/fr\/produkt\/prise-a-la-machine-din-376-b-hss-e-pour-le-trou-traversant-koronet\/","title":{"rendered":"Prise \u00e0 la machine DIN 376 B HSS-E pour le trou traversant \u2013 Koronet"},"content":{"rendered":"<p data-start=\"375\" data-end=\"728\"><a href=\"https:\/\/www.koro.net.pl\/fr\/produkty\/taps\/\">Le <strong>DIN 376 B HSS-E<\/strong> de <strong data-start=\"418\" data-end=\"429\">Koronet<\/strong><\/a> est un outil de pr\u00e9cision con\u00e7u pour <strong data-start=\"482\" data-end=\"530\">le filetage interne dans les trous traversants<\/strong>. Fabriqu\u00e9 en acier cobalt haute <strong>vitesse HSS-E de haute qualit\u00e9<\/strong>, il assure un fonctionnement stable, une bonne r\u00e9sistance \u00e0 l\u2019usure et une qualit\u00e9 \u00e9lev\u00e9e du filetage produit en conditions de production et d\u2019atelier. L\u2019outil est con\u00e7u pour l\u2019usinage d\u2019aciers structurels, d\u2019aciers \u00e0 faible alliage et de mat\u00e9riaux de r\u00e9sistance moyenne, o\u00f9 la r\u00e9p\u00e9tabilit\u00e9 et le contr\u00f4le du filetage sont n\u00e9cessaires.  <\/p>\n<h3 data-start=\"921\" data-end=\"976\"><strong data-start=\"925\" data-end=\"976\">Acier HSS-E \u2013 durabilit\u00e9 et r\u00e9sistance aux charges<\/strong><\/h3>\n<p data-start=\"978\" data-end=\"1079\">Le robinet est fabriqu\u00e9 en acier \u00e0 grande vitesse avec ajout de cobalt (HSS-E), caract\u00e9ris\u00e9 par :<\/p>\n<ul data-start=\"1081\" data-end=\"1259\">\n<li data-start=\"1081\" data-end=\"1130\">\n<p data-start=\"1083\" data-end=\"1130\">r\u00e9sistance accrue aux charges torsionnelles,<\/p>\n<\/li>\n<li data-start=\"1131\" data-end=\"1189\">\n<p data-start=\"1133\" data-end=\"1189\">meilleure stabilit\u00e9 de fonctionnement \u00e0 des temp\u00e9ratures \u00e9lev\u00e9es,<\/p>\n<\/li>\n<li data-start=\"1190\" data-end=\"1259\">\n<p data-start=\"1192\" data-end=\"1259\">une r\u00e9sistance \u00e0 l\u2019usure plus \u00e9lev\u00e9e que l\u2019acier HSS classique.<\/p>\n<\/li>\n<\/ul>\n<p data-start=\"1261\" data-end=\"1390\">Gr\u00e2ce \u00e0 ces propri\u00e9t\u00e9s, l\u2019outil assure une coupe uniforme et une dur\u00e9e de vie plus longue tout en conservant un filetage de haute qualit\u00e9.<\/p>\n<h3 data-start=\"1397\" data-end=\"1442\"><strong data-start=\"1401\" data-end=\"1442\">G\u00e9om\u00e9trie B \u2013 pour les trous traversants<\/strong><\/h3>\n<p data-start=\"1444\" data-end=\"1498\">La police <strong data-start=\"1456\" data-end=\"1461\">Type B<\/strong> est con\u00e7ue sp\u00e9cifiquement pour :<\/p>\n<ul data-start=\"1500\" data-end=\"1676\">\n<li data-start=\"1500\" data-end=\"1552\">\n<p data-start=\"1502\" data-end=\"1552\">enfiler <strong data-start=\"1524\" data-end=\"1549\">des trous \u00e0 travers<\/strong>,<\/p>\n<\/li>\n<li data-start=\"1553\" data-end=\"1613\">\n<p data-start=\"1555\" data-end=\"1613\">insertion stable et fluide de l\u2019outil dans le mat\u00e9riau,<\/p>\n<\/li>\n<li data-start=\"1614\" data-end=\"1676\">\n<p data-start=\"1616\" data-end=\"1676\">D\u00e9charge efficace des copeaux vers la sortie du trou.<\/p>\n<\/li>\n<\/ul>\n<p data-start=\"1678\" data-end=\"1813\">Cette g\u00e9om\u00e9trie r\u00e9duit le risque de dommages au filetage et am\u00e9liore la s\u00e9curit\u00e9 du processus de filetage, notamment lors du travail \u00e0 la machine.<\/p>\n<h3 data-start=\"1820\" data-end=\"1866\"><strong data-start=\"1824\" data-end=\"1866\">Rainures droites \u2013 une solution universelle<\/strong><\/h3>\n<p data-start=\"1868\" data-end=\"1922\">Le robinet poss\u00e8de <strong data-start=\"1887\" data-end=\"1903\">des rainures droites<\/strong> qui fournissent :<\/p>\n<ul data-start=\"1924\" data-end=\"2082\">\n<li data-start=\"1924\" data-end=\"1966\">\n<p data-start=\"1926\" data-end=\"1966\">g\u00e9om\u00e9trie de coupe simple et stable,<\/p>\n<\/li>\n<li data-start=\"1967\" data-end=\"2025\">\n<p data-start=\"1969\" data-end=\"2025\">Un bon contr\u00f4le des proc\u00e9d\u00e9s dans les applications standards,<\/p>\n<\/li>\n<li data-start=\"2026\" data-end=\"2082\">\n<p data-start=\"2028\" data-end=\"2082\">polyvalence dans le traitement des mat\u00e9riaux en acier typiques.<\/p>\n<\/li>\n<\/ul>\n<p data-start=\"2084\" data-end=\"2169\">C\u2019est une solution \u00e9prouv\u00e9e utilis\u00e9e en production en s\u00e9rie et en atelier.<\/p>\n<h3 data-start=\"2176\" data-end=\"2232\"><strong data-start=\"2180\" data-end=\"2232\">Norme DIN 376 \u2013 conception pour filetages plus profonds<\/strong><\/h3>\n<p data-start=\"2234\" data-end=\"2271\"><strong data-start=\"2251\" data-end=\"2262\">La conformit\u00e9 \u00e0 la norme DIN 376<\/strong> signifie :<\/p>\n<ul data-start=\"2273\" data-end=\"2406\">\n<li data-start=\"2273\" data-end=\"2309\">\n<p data-start=\"2275\" data-end=\"2309\">conception d\u2019outils allong\u00e9e,<\/p>\n<\/li>\n<li data-start=\"2310\" data-end=\"2358\">\n<p data-start=\"2312\" data-end=\"2358\">la capacit\u00e9 <strong data-start=\"2334\" data-end=\"2355\">de faire des fils plus profonds<\/strong>,<\/p>\n<\/li>\n<li data-start=\"2359\" data-end=\"2406\">\n<p data-start=\"2361\" data-end=\"2406\">Un guidage stable dans les supports de machine.<\/p>\n<\/li>\n<\/ul>\n<p data-start=\"2408\" data-end=\"2544\">Le robinet est con\u00e7u pour fonctionner sur des machines-outils CNC et des machines conventionnelles, o\u00f9 la r\u00e9p\u00e9tabilit\u00e9 et la pr\u00e9cision sont essentielles.<\/p>\n<h3 data-start=\"2551\" data-end=\"2571\"><strong data-start=\"2555\" data-end=\"2571\">Application<\/strong><\/h3>\n<p data-start=\"2573\" data-end=\"2635\">La prise de machine HSS-E DIN 376B est recommand\u00e9e pour l\u2019usinage :<\/p>\n<ul data-start=\"2637\" data-end=\"2805\">\n<li data-start=\"2637\" data-end=\"2663\">\n<p data-start=\"2639\" data-end=\"2663\">Aciers structurels,<\/p>\n<\/li>\n<li data-start=\"2664\" data-end=\"2701\">\n<p data-start=\"2666\" data-end=\"2701\">aciers \u00e0 faible alliage et alliages,<\/p>\n<\/li>\n<li data-start=\"2702\" data-end=\"2742\">\n<p data-start=\"2704\" data-end=\"2742\">mat\u00e9riaux de moyenne r\u00e9sistance,<\/p>\n<\/li>\n<li data-start=\"2743\" data-end=\"2805\">\n<p data-start=\"2745\" data-end=\"2805\">Des pi\u00e8ces qui doivent \u00eatre enfil\u00e9es dans des <strong data-start=\"2779\" data-end=\"2804\">trous traversants<\/strong>.<\/p>\n<\/li>\n<\/ul>\n<p data-start=\"2807\" data-end=\"2923\">L\u2019outil offre un fonctionnement stable, une bonne qualit\u00e9 de filetage et une fiabilit\u00e9 dans les applications de production quotidiennes.<\/p>\n","protected":false},"excerpt":{"rendered":"<p>Le DIN 376 B HSS-E de Koronet est un outil de pr\u00e9cision con\u00e7u pour le filetage interne dans les trous traversants. Fabriqu\u00e9 en acier cobalt haute vitesse HSS-E de haute [&hellip;]<\/p>\n","protected":false},"featured_media":9610,"template":"","meta":{"_acf_changed":false},"product_brand":[],"product_cat":[174,177,178],"product_tag":[],"class_list":{"0":"post-12685","1":"product","2":"type-product","3":"status-publish","4":"has-post-thumbnail","6":"product_cat-outils","7":"product_cat-prises-mecaniques","8":"product_cat-taps","10":"first","11":"instock","12":"taxable","13":"shipping-taxable","14":"purchasable","15":"product-type-variable","16":"has-default-attributes"},"acf":[],"yoast_head":"<!-- This site is optimized with the Yoast SEO plugin v27.5 - https:\/\/yoast.com\/product\/yoast-seo-wordpress\/ -->\n<title>Prise m\u00e9canique DIN 376 B HSS-E M16 ISO 2\/6H | Coroner<\/title>\n<meta name=\"description\" content=\"DIN 376 B HSS-E pour la fabrication de filetages m\u00e9triques M16 dans des trous traversants. Norme ISO 2\/6H, rainures droites, conception allong\u00e9e.\" \/>\n<meta name=\"robots\" content=\"index, follow, max-snippet:-1, max-image-preview:large, max-video-preview:-1\" \/>\n<link rel=\"canonical\" href=\"https:\/\/www.koro.net.pl\/fr\/produkt\/prise-a-la-machine-din-376-b-hss-e-pour-le-trou-traversant-koronet\/\" \/>\n<meta property=\"og:locale\" content=\"fr_FR\" \/>\n<meta property=\"og:type\" content=\"article\" \/>\n<meta property=\"og:title\" content=\"Prise m\u00e9canique DIN 376 B HSS-E M16 ISO 2\/6H | Coroner\" \/>\n<meta property=\"og:description\" content=\"DIN 376 B HSS-E pour la fabrication de filetages m\u00e9triques M16 dans des trous traversants. Norme ISO 2\/6H, rainures droites, conception allong\u00e9e.\" \/>\n<meta property=\"og:url\" content=\"https:\/\/www.koro.net.pl\/fr\/produkt\/prise-a-la-machine-din-376-b-hss-e-pour-le-trou-traversant-koronet\/\" \/>\n<meta property=\"og:site_name\" content=\"Koronet\" \/>\n<meta property=\"og:image\" content=\"https:\/\/www.koro.net.pl\/wp-content\/uploads\/2026\/01\/Gwintownik-maszynowy-DIN-376-B-HSS-E-do-otworow-przelotowych-\u2013-Koronet.png\" \/>\n\t<meta property=\"og:image:width\" content=\"800\" \/>\n\t<meta property=\"og:image:height\" content=\"800\" \/>\n\t<meta property=\"og:image:type\" content=\"image\/png\" \/>\n<meta name=\"twitter:card\" content=\"summary_large_image\" \/>\n<meta name=\"twitter:label1\" content=\"Dur\u00e9e de lecture estim\u00e9e\" \/>\n\t<meta name=\"twitter:data1\" content=\"2 minutes\" \/>\n<script type=\"application\/ld+json\" class=\"yoast-schema-graph\">{\"@context\":\"https:\\\/\\\/schema.org\",\"@graph\":[{\"@type\":\"WebPage\",\"@id\":\"https:\\\/\\\/www.koro.net.pl\\\/fr\\\/produkt\\\/prise-a-la-machine-din-376-b-hss-e-pour-le-trou-traversant-koronet\\\/\",\"url\":\"https:\\\/\\\/www.koro.net.pl\\\/fr\\\/produkt\\\/prise-a-la-machine-din-376-b-hss-e-pour-le-trou-traversant-koronet\\\/\",\"name\":\"Prise m\u00e9canique DIN 376 B HSS-E M16 ISO 2\\\/6H | Coroner\",\"isPartOf\":{\"@id\":\"https:\\\/\\\/www.koro.net.pl\\\/fr\\\/#website\"},\"primaryImageOfPage\":{\"@id\":\"https:\\\/\\\/www.koro.net.pl\\\/fr\\\/produkt\\\/prise-a-la-machine-din-376-b-hss-e-pour-le-trou-traversant-koronet\\\/#primaryimage\"},\"image\":{\"@id\":\"https:\\\/\\\/www.koro.net.pl\\\/fr\\\/produkt\\\/prise-a-la-machine-din-376-b-hss-e-pour-le-trou-traversant-koronet\\\/#primaryimage\"},\"thumbnailUrl\":\"https:\\\/\\\/www.koro.net.pl\\\/wp-content\\\/uploads\\\/2026\\\/01\\\/Gwintownik-maszynowy-DIN-376-B-HSS-E-do-otworow-przelotowych-\u2013-Koronet.png\",\"datePublished\":\"2026-01-08T10:22:13+00:00\",\"description\":\"DIN 376 B HSS-E pour la fabrication de filetages m\u00e9triques M16 dans des trous traversants. Norme ISO 2\\\/6H, rainures droites, conception allong\u00e9e.\",\"breadcrumb\":{\"@id\":\"https:\\\/\\\/www.koro.net.pl\\\/fr\\\/produkt\\\/prise-a-la-machine-din-376-b-hss-e-pour-le-trou-traversant-koronet\\\/#breadcrumb\"},\"inLanguage\":\"fr-FR\",\"potentialAction\":[{\"@type\":\"ReadAction\",\"target\":[\"https:\\\/\\\/www.koro.net.pl\\\/fr\\\/produkt\\\/prise-a-la-machine-din-376-b-hss-e-pour-le-trou-traversant-koronet\\\/\"]}]},{\"@type\":\"ImageObject\",\"inLanguage\":\"fr-FR\",\"@id\":\"https:\\\/\\\/www.koro.net.pl\\\/fr\\\/produkt\\\/prise-a-la-machine-din-376-b-hss-e-pour-le-trou-traversant-koronet\\\/#primaryimage\",\"url\":\"https:\\\/\\\/www.koro.net.pl\\\/wp-content\\\/uploads\\\/2026\\\/01\\\/Gwintownik-maszynowy-DIN-376-B-HSS-E-do-otworow-przelotowych-\u2013-Koronet.png\",\"contentUrl\":\"https:\\\/\\\/www.koro.net.pl\\\/wp-content\\\/uploads\\\/2026\\\/01\\\/Gwintownik-maszynowy-DIN-376-B-HSS-E-do-otworow-przelotowych-\u2013-Koronet.png\",\"width\":800,\"height\":800,\"caption\":\"Gwintownik maszynowy DIN 376 B HSS-E do otwor\u00f3w przelotowych \u2013 Koronet\"},{\"@type\":\"BreadcrumbList\",\"@id\":\"https:\\\/\\\/www.koro.net.pl\\\/fr\\\/produkt\\\/prise-a-la-machine-din-376-b-hss-e-pour-le-trou-traversant-koronet\\\/#breadcrumb\",\"itemListElement\":[{\"@type\":\"ListItem\",\"position\":1,\"name\":\"Strona g\u0142\u00f3wna\",\"item\":\"https:\\\/\\\/www.koro.net.pl\\\/fr\\\/\"},{\"@type\":\"ListItem\",\"position\":2,\"name\":\"Prise \u00e0 la machine DIN 376 B HSS-E pour le trou traversant \u2013 Koronet\"}]},{\"@type\":\"WebSite\",\"@id\":\"https:\\\/\\\/www.koro.net.pl\\\/fr\\\/#website\",\"url\":\"https:\\\/\\\/www.koro.net.pl\\\/fr\\\/\",\"name\":\"Koronet\",\"description\":\"\",\"publisher\":{\"@id\":\"https:\\\/\\\/www.koro.net.pl\\\/fr\\\/#organization\"},\"potentialAction\":[{\"@type\":\"SearchAction\",\"target\":{\"@type\":\"EntryPoint\",\"urlTemplate\":\"https:\\\/\\\/www.koro.net.pl\\\/fr\\\/?s={search_term_string}\"},\"query-input\":{\"@type\":\"PropertyValueSpecification\",\"valueRequired\":true,\"valueName\":\"search_term_string\"}}],\"inLanguage\":\"fr-FR\"},{\"@type\":\"Organization\",\"@id\":\"https:\\\/\\\/www.koro.net.pl\\\/fr\\\/#organization\",\"name\":\"Koronet\",\"alternateName\":\"Koronet\",\"url\":\"https:\\\/\\\/www.koro.net.pl\\\/fr\\\/\",\"logo\":{\"@type\":\"ImageObject\",\"inLanguage\":\"fr-FR\",\"@id\":\"https:\\\/\\\/www.koro.net.pl\\\/fr\\\/#\\\/schema\\\/logo\\\/image\\\/\",\"url\":\"https:\\\/\\\/www.koro.net.pl\\\/wp-content\\\/uploads\\\/2025\\\/02\\\/Koronet-spolka-z-o.o.png\",\"contentUrl\":\"https:\\\/\\\/www.koro.net.pl\\\/wp-content\\\/uploads\\\/2025\\\/02\\\/Koronet-spolka-z-o.o.png\",\"width\":696,\"height\":696,\"caption\":\"Koronet\"},\"image\":{\"@id\":\"https:\\\/\\\/www.koro.net.pl\\\/fr\\\/#\\\/schema\\\/logo\\\/image\\\/\"}}]}<\/script>\n<!-- \/ Yoast SEO plugin. -->","yoast_head_json":{"title":"Prise m\u00e9canique DIN 376 B HSS-E M16 ISO 2\/6H | Coroner","description":"DIN 376 B HSS-E pour la fabrication de filetages m\u00e9triques M16 dans des trous traversants. Norme ISO 2\/6H, rainures droites, conception allong\u00e9e.","robots":{"index":"index","follow":"follow","max-snippet":"max-snippet:-1","max-image-preview":"max-image-preview:large","max-video-preview":"max-video-preview:-1"},"canonical":"https:\/\/www.koro.net.pl\/fr\/produkt\/prise-a-la-machine-din-376-b-hss-e-pour-le-trou-traversant-koronet\/","og_locale":"fr_FR","og_type":"article","og_title":"Prise m\u00e9canique DIN 376 B HSS-E M16 ISO 2\/6H | Coroner","og_description":"DIN 376 B HSS-E pour la fabrication de filetages m\u00e9triques M16 dans des trous traversants. Norme ISO 2\/6H, rainures droites, conception allong\u00e9e.","og_url":"https:\/\/www.koro.net.pl\/fr\/produkt\/prise-a-la-machine-din-376-b-hss-e-pour-le-trou-traversant-koronet\/","og_site_name":"Koronet","og_image":[{"width":800,"height":800,"url":"https:\/\/www.koro.net.pl\/wp-content\/uploads\/2026\/01\/Gwintownik-maszynowy-DIN-376-B-HSS-E-do-otworow-przelotowych-\u2013-Koronet.png","type":"image\/png"}],"twitter_card":"summary_large_image","twitter_misc":{"Dur\u00e9e de lecture estim\u00e9e":"2 minutes"},"schema":{"@context":"https:\/\/schema.org","@graph":[{"@type":"WebPage","@id":"https:\/\/www.koro.net.pl\/fr\/produkt\/prise-a-la-machine-din-376-b-hss-e-pour-le-trou-traversant-koronet\/","url":"https:\/\/www.koro.net.pl\/fr\/produkt\/prise-a-la-machine-din-376-b-hss-e-pour-le-trou-traversant-koronet\/","name":"Prise m\u00e9canique DIN 376 B HSS-E M16 ISO 2\/6H | Coroner","isPartOf":{"@id":"https:\/\/www.koro.net.pl\/fr\/#website"},"primaryImageOfPage":{"@id":"https:\/\/www.koro.net.pl\/fr\/produkt\/prise-a-la-machine-din-376-b-hss-e-pour-le-trou-traversant-koronet\/#primaryimage"},"image":{"@id":"https:\/\/www.koro.net.pl\/fr\/produkt\/prise-a-la-machine-din-376-b-hss-e-pour-le-trou-traversant-koronet\/#primaryimage"},"thumbnailUrl":"https:\/\/www.koro.net.pl\/wp-content\/uploads\/2026\/01\/Gwintownik-maszynowy-DIN-376-B-HSS-E-do-otworow-przelotowych-\u2013-Koronet.png","datePublished":"2026-01-08T10:22:13+00:00","description":"DIN 376 B HSS-E pour la fabrication de filetages m\u00e9triques M16 dans des trous traversants. Norme ISO 2\/6H, rainures droites, conception allong\u00e9e.","breadcrumb":{"@id":"https:\/\/www.koro.net.pl\/fr\/produkt\/prise-a-la-machine-din-376-b-hss-e-pour-le-trou-traversant-koronet\/#breadcrumb"},"inLanguage":"fr-FR","potentialAction":[{"@type":"ReadAction","target":["https:\/\/www.koro.net.pl\/fr\/produkt\/prise-a-la-machine-din-376-b-hss-e-pour-le-trou-traversant-koronet\/"]}]},{"@type":"ImageObject","inLanguage":"fr-FR","@id":"https:\/\/www.koro.net.pl\/fr\/produkt\/prise-a-la-machine-din-376-b-hss-e-pour-le-trou-traversant-koronet\/#primaryimage","url":"https:\/\/www.koro.net.pl\/wp-content\/uploads\/2026\/01\/Gwintownik-maszynowy-DIN-376-B-HSS-E-do-otworow-przelotowych-\u2013-Koronet.png","contentUrl":"https:\/\/www.koro.net.pl\/wp-content\/uploads\/2026\/01\/Gwintownik-maszynowy-DIN-376-B-HSS-E-do-otworow-przelotowych-\u2013-Koronet.png","width":800,"height":800,"caption":"Gwintownik maszynowy DIN 376 B HSS-E do otwor\u00f3w przelotowych \u2013 Koronet"},{"@type":"BreadcrumbList","@id":"https:\/\/www.koro.net.pl\/fr\/produkt\/prise-a-la-machine-din-376-b-hss-e-pour-le-trou-traversant-koronet\/#breadcrumb","itemListElement":[{"@type":"ListItem","position":1,"name":"Strona g\u0142\u00f3wna","item":"https:\/\/www.koro.net.pl\/fr\/"},{"@type":"ListItem","position":2,"name":"Prise \u00e0 la machine DIN 376 B HSS-E pour le trou traversant \u2013 Koronet"}]},{"@type":"WebSite","@id":"https:\/\/www.koro.net.pl\/fr\/#website","url":"https:\/\/www.koro.net.pl\/fr\/","name":"Koronet","description":"","publisher":{"@id":"https:\/\/www.koro.net.pl\/fr\/#organization"},"potentialAction":[{"@type":"SearchAction","target":{"@type":"EntryPoint","urlTemplate":"https:\/\/www.koro.net.pl\/fr\/?s={search_term_string}"},"query-input":{"@type":"PropertyValueSpecification","valueRequired":true,"valueName":"search_term_string"}}],"inLanguage":"fr-FR"},{"@type":"Organization","@id":"https:\/\/www.koro.net.pl\/fr\/#organization","name":"Koronet","alternateName":"Koronet","url":"https:\/\/www.koro.net.pl\/fr\/","logo":{"@type":"ImageObject","inLanguage":"fr-FR","@id":"https:\/\/www.koro.net.pl\/fr\/#\/schema\/logo\/image\/","url":"https:\/\/www.koro.net.pl\/wp-content\/uploads\/2025\/02\/Koronet-spolka-z-o.o.png","contentUrl":"https:\/\/www.koro.net.pl\/wp-content\/uploads\/2025\/02\/Koronet-spolka-z-o.o.png","width":696,"height":696,"caption":"Koronet"},"image":{"@id":"https:\/\/www.koro.net.pl\/fr\/#\/schema\/logo\/image\/"}}]}},"_links":{"self":[{"href":"https:\/\/www.koro.net.pl\/fr\/wp-json\/wp\/v2\/product\/12685","targetHints":{"allow":["GET"]}}],"collection":[{"href":"https:\/\/www.koro.net.pl\/fr\/wp-json\/wp\/v2\/product"}],"about":[{"href":"https:\/\/www.koro.net.pl\/fr\/wp-json\/wp\/v2\/types\/product"}],"wp:featuredmedia":[{"embeddable":true,"href":"https:\/\/www.koro.net.pl\/fr\/wp-json\/wp\/v2\/media\/9610"}],"wp:attachment":[{"href":"https:\/\/www.koro.net.pl\/fr\/wp-json\/wp\/v2\/media?parent=12685"}],"wp:term":[{"taxonomy":"product_brand","embeddable":true,"href":"https:\/\/www.koro.net.pl\/fr\/wp-json\/wp\/v2\/product_brand?post=12685"},{"taxonomy":"product_cat","embeddable":true,"href":"https:\/\/www.koro.net.pl\/fr\/wp-json\/wp\/v2\/product_cat?post=12685"},{"taxonomy":"product_tag","embeddable":true,"href":"https:\/\/www.koro.net.pl\/fr\/wp-json\/wp\/v2\/product_tag?post=12685"}],"curies":[{"name":"wp","href":"https:\/\/api.w.org\/{rel}","templated":true}]}}