{"id":12665,"date":"2025-12-01T12:10:13","date_gmt":"2025-12-01T11:10:13","guid":{"rendered":"https:\/\/www.koro.net.pl\/produkt\/prise-mecanique-din-376-c-hsse-ticn-pour-trous-aveugles-koronet\/"},"modified":"2025-12-01T12:10:13","modified_gmt":"2025-12-01T11:10:13","slug":"prise-mecanique-din-376-c-hsse-ticn-pour-trous-aveugles-koronet","status":"publish","type":"product","link":"https:\/\/www.koro.net.pl\/fr\/produkt\/prise-mecanique-din-376-c-hsse-ticn-pour-trous-aveugles-koronet\/","title":{"rendered":"Prise m\u00e9canique DIN 376 C HSSE TiCN pour trous aveugles &#8211; Koronet"},"content":{"rendered":"<p><a href=\"https:\/\/www.koro.net.pl\/fr\/produkty\/taps\/\"><strong data-start=\"459\" data-end=\"511\">Prise de machine Koronet DIN 376 C HSSE TiCN<\/strong> <\/a>C\u2019est un outil de pr\u00e9cision con\u00e7u pour le filetage interne des aciers structurels, des aciers \u00e0 faible alliage et des mat\u00e9riaux \u00e0 haute r\u00e9sistance. Fabriqu\u00e9 en <strong>acier cobalt \u00e0 grande vitesse HSSE<\/strong> et <strong>recouvert de TiCN,<\/strong> il offre une r\u00e9sistance accrue \u00e0 l\u2019usure, un fonctionnement stable et une grande durabilit\u00e9 lors de l\u2019usinage de mat\u00e9riaux m\u00e9talliques exigeants. <\/p>\n<h3 data-start=\"878\" data-end=\"938\"><strong data-start=\"882\" data-end=\"938\">Acier HSSE \u2013 r\u00e9sistance et stabilit\u00e9 du proc\u00e9d\u00e9 de coupe<\/strong><\/h3>\n<p data-start=\"940\" data-end=\"1018\">Le robinet est fabriqu\u00e9 en acier cobalt haute vitesse HSSE, qui offre :<\/p>\n<ul data-start=\"1020\" data-end=\"1190\">\n<li data-start=\"1020\" data-end=\"1063\">\n<p data-start=\"1022\" data-end=\"1063\">haute r\u00e9sistance aux charges torsionnelles,<\/p>\n<\/li>\n<li data-start=\"1064\" data-end=\"1122\">\n<p data-start=\"1066\" data-end=\"1122\">duret\u00e9 accrue dans des conditions de haute temp\u00e9rature,<\/p>\n<\/li>\n<li data-start=\"1123\" data-end=\"1190\">\n<p data-start=\"1125\" data-end=\"1190\">meilleure r\u00e9sistance \u00e0 l\u2019abrasion compar\u00e9e \u00e0 l\u2019acier HSS classique.<\/p>\n<\/li>\n<\/ul>\n<p data-start=\"1192\" data-end=\"1370\">Gr\u00e2ce \u00e0 ces propri\u00e9t\u00e9s, l\u2019outil garantit un processus de coupe stable et r\u00e9p\u00e9table ainsi qu\u2019une qualit\u00e9 de filetage \u00e9lev\u00e9e, tant en production en s\u00e9rie qu\u2019en atelier.<\/p>\n<h3 data-start=\"1377\" data-end=\"1436\"><strong data-start=\"1381\" data-end=\"1436\">Rev\u00eatement TiCN \u2013 r\u00e9sistance accrue et friction r\u00e9duite<\/strong><\/h3>\n<p data-start=\"1438\" data-end=\"1499\">Garanties avanc\u00e9es de rev\u00eatement TiCN (carbonitrire de titane) :<\/p>\n<ul data-start=\"1501\" data-end=\"1680\">\n<li data-start=\"1501\" data-end=\"1561\">\n<p data-start=\"1503\" data-end=\"1561\">une r\u00e9sistance \u00e0 l\u2019abrasion nettement sup\u00e9rieure \u00e0 celle du rev\u00eatement TiN,<\/p>\n<\/li>\n<li data-start=\"1562\" data-end=\"1605\">\n<p data-start=\"1564\" data-end=\"1605\">friction r\u00e9duite dans la zone de coupe,<\/p>\n<\/li>\n<li data-start=\"1606\" data-end=\"1638\">\n<p data-start=\"1608\" data-end=\"1638\">Meilleur contr\u00f4le de la temp\u00e9rature,<\/p>\n<\/li>\n<li data-start=\"1639\" data-end=\"1680\">\n<p data-start=\"1641\" data-end=\"1680\">Surface plus lisse du fil fait.<\/p>\n<\/li>\n<\/ul>\n<p data-start=\"1682\" data-end=\"1819\">La finition graphite gris fonc\u00e9 de l\u2019outil confirme la pr\u00e9sence d\u2019un rev\u00eatement \u00e0 grande duret\u00e9 et aux tr\u00e8s bonnes propri\u00e9t\u00e9s de glissement.<\/p>\n<h3 data-start=\"1826\" data-end=\"1882\"><strong data-start=\"1830\" data-end=\"1882\">G\u00e9om\u00e9trie C \u2013 id\u00e9ale pour les trous aveugles<\/strong><\/h3>\n<p data-start=\"1884\" data-end=\"1947\"><strong data-start=\"1891\" data-end=\"1900\">Le type C<\/strong> (2-3 bobines) est con\u00e7u sp\u00e9cifiquement pour :<\/p>\n<ul data-start=\"1949\" data-end=\"2095\">\n<li data-start=\"1949\" data-end=\"2000\">\n<p data-start=\"1951\" data-end=\"2000\">enfiler des trous aveugles,<\/p>\n<\/li>\n<li data-start=\"2001\" data-end=\"2029\">\n<p data-start=\"2003\" data-end=\"2029\">En travaillant pr\u00e8s du fond du trou,<\/p>\n<\/li>\n<li data-start=\"2030\" data-end=\"2095\">\n<p data-start=\"2032\" data-end=\"2095\">\u00c9vacuation efficace des puces vers le haut gr\u00e2ce \u00e0 des rainures en spirale.<\/p>\n<\/li>\n<\/ul>\n<p data-start=\"2097\" data-end=\"2212\">Cette g\u00e9om\u00e9trie r\u00e9duit le risque de blocage des puces et offre un processus de filetage plus fluide et plus s\u00fbr.<\/p>\n<h3 data-start=\"2219\" data-end=\"2275\"><strong data-start=\"2223\" data-end=\"2275\">Norme DIN 376 \u2013 conception pour filetages plus profonds<\/strong><\/h3>\n<p data-start=\"2277\" data-end=\"2310\">La conformit\u00e9 \u00e0 la norme DIN 376 signifie :<\/p>\n<ul data-start=\"2312\" data-end=\"2436\">\n<li data-start=\"2312\" data-end=\"2343\">\n<p data-start=\"2314\" data-end=\"2343\">prise standard, plus longue,<\/p>\n<\/li>\n<li data-start=\"2344\" data-end=\"2388\">\n<p data-start=\"2346\" data-end=\"2388\">la capacit\u00e9 de percer des trous plus profonds,<\/p>\n<\/li>\n<li data-start=\"2389\" data-end=\"2436\">\n<p data-start=\"2391\" data-end=\"2436\">Un guidage stable de l\u2019outil pendant le fonctionnement.<\/p>\n<\/li>\n<\/ul>\n<p data-start=\"2438\" data-end=\"2555\">C\u2019est un choix id\u00e9al pour les machines conventionnelles et les machines-outils CNC, o\u00f9 une grande pr\u00e9cision et une grande r\u00e9p\u00e9tabilit\u00e9 sont requises.<\/p>\n<p data-start=\"2584\" data-end=\"2640\"><strong>Le robinet DIN 376 C HSSE TiCN est recommand\u00e9 pour l\u2019usinage :<\/strong><\/p>\n<ul data-start=\"2642\" data-end=\"2824\">\n<li data-start=\"2642\" data-end=\"2668\">\n<p data-start=\"2644\" data-end=\"2668\">Aciers structurels,<\/p>\n<\/li>\n<li data-start=\"2669\" data-end=\"2706\">\n<p data-start=\"2671\" data-end=\"2706\">aciers \u00e0 faible alliage et alliages,<\/p>\n<\/li>\n<li data-start=\"2707\" data-end=\"2762\">\n<p data-start=\"2709\" data-end=\"2762\">mat\u00e9riaux de r\u00e9sistance moyenne et \u00e9lev\u00e9e,<\/p>\n<\/li>\n<li data-start=\"2763\" data-end=\"2824\">\n<p data-start=\"2765\" data-end=\"2824\">Des pi\u00e8ces qui n\u00e9cessitent un filetage dans des trous aveugles.<\/p>\n<\/li>\n<\/ul>\n<p data-start=\"2826\" data-end=\"2986\">L\u2019outil garantit une grande durabilit\u00e9, un usinage fluide, une \u00e9vacuation efficace des copeaux et une fiabilit\u00e9 du proc\u00e9d\u00e9, m\u00eame dans des conditions de production exigeantes.<\/p>\n","protected":false},"excerpt":{"rendered":"<p>Prise de machine Koronet DIN 376 C HSSE TiCN C\u2019est un outil de pr\u00e9cision con\u00e7u pour le filetage interne des aciers structurels, des aciers \u00e0 faible alliage et des mat\u00e9riaux [&hellip;]<\/p>\n","protected":false},"featured_media":8428,"template":"","meta":{"_acf_changed":false},"product_brand":[],"product_cat":[174,177,178],"product_tag":[],"class_list":{"0":"post-12665","1":"product","2":"type-product","3":"status-publish","4":"has-post-thumbnail","6":"product_cat-outils","7":"product_cat-prises-mecaniques","8":"product_cat-taps","10":"first","11":"instock","12":"taxable","13":"shipping-taxable","14":"purchasable","15":"product-type-variable","16":"has-default-attributes"},"acf":[],"yoast_head":"<!-- This site is optimized with the Yoast SEO plugin v27.5 - https:\/\/yoast.com\/product\/yoast-seo-wordpress\/ -->\n<title>Coronet tap DIN 376 C HSSE TiCN<\/title>\n<meta name=\"description\" content=\"Prise Koronet DIN 376 C HSSE TiCN pour l\u2019usinage des aciers structurels et alli\u00e9s. Haute durabilit\u00e9, rev\u00eatement TiCN et g\u00e9om\u00e9trie pour les trous aveugles.\" \/>\n<meta name=\"robots\" content=\"index, follow, max-snippet:-1, max-image-preview:large, max-video-preview:-1\" \/>\n<link rel=\"canonical\" href=\"https:\/\/www.koro.net.pl\/fr\/produkt\/prise-mecanique-din-376-c-hsse-ticn-pour-trous-aveugles-koronet\/\" \/>\n<meta property=\"og:locale\" content=\"fr_FR\" \/>\n<meta property=\"og:type\" content=\"article\" \/>\n<meta property=\"og:title\" content=\"Coronet tap DIN 376 C HSSE TiCN\" \/>\n<meta property=\"og:description\" content=\"Prise Koronet DIN 376 C HSSE TiCN pour l\u2019usinage des aciers structurels et alli\u00e9s. Haute durabilit\u00e9, rev\u00eatement TiCN et g\u00e9om\u00e9trie pour les trous aveugles.\" \/>\n<meta property=\"og:url\" content=\"https:\/\/www.koro.net.pl\/fr\/produkt\/prise-mecanique-din-376-c-hsse-ticn-pour-trous-aveugles-koronet\/\" \/>\n<meta property=\"og:site_name\" content=\"Koronet\" \/>\n<meta property=\"og:image\" content=\"https:\/\/www.koro.net.pl\/wp-content\/uploads\/2025\/12\/DIN376C-HSSE-TiCN.1.png\" \/>\n\t<meta property=\"og:image:width\" content=\"800\" \/>\n\t<meta property=\"og:image:height\" content=\"800\" \/>\n\t<meta property=\"og:image:type\" content=\"image\/png\" \/>\n<meta name=\"twitter:card\" content=\"summary_large_image\" \/>\n<meta name=\"twitter:label1\" content=\"Dur\u00e9e de lecture estim\u00e9e\" \/>\n\t<meta name=\"twitter:data1\" content=\"2 minutes\" \/>\n<script type=\"application\/ld+json\" class=\"yoast-schema-graph\">{\"@context\":\"https:\\\/\\\/schema.org\",\"@graph\":[{\"@type\":\"WebPage\",\"@id\":\"https:\\\/\\\/www.koro.net.pl\\\/fr\\\/produkt\\\/prise-mecanique-din-376-c-hsse-ticn-pour-trous-aveugles-koronet\\\/\",\"url\":\"https:\\\/\\\/www.koro.net.pl\\\/fr\\\/produkt\\\/prise-mecanique-din-376-c-hsse-ticn-pour-trous-aveugles-koronet\\\/\",\"name\":\"Coronet tap DIN 376 C HSSE TiCN\",\"isPartOf\":{\"@id\":\"https:\\\/\\\/www.koro.net.pl\\\/fr\\\/#website\"},\"primaryImageOfPage\":{\"@id\":\"https:\\\/\\\/www.koro.net.pl\\\/fr\\\/produkt\\\/prise-mecanique-din-376-c-hsse-ticn-pour-trous-aveugles-koronet\\\/#primaryimage\"},\"image\":{\"@id\":\"https:\\\/\\\/www.koro.net.pl\\\/fr\\\/produkt\\\/prise-mecanique-din-376-c-hsse-ticn-pour-trous-aveugles-koronet\\\/#primaryimage\"},\"thumbnailUrl\":\"https:\\\/\\\/www.koro.net.pl\\\/wp-content\\\/uploads\\\/2025\\\/12\\\/DIN376C-HSSE-TiCN.1.png\",\"datePublished\":\"2025-12-01T11:10:13+00:00\",\"description\":\"Prise Koronet DIN 376 C HSSE TiCN pour l\u2019usinage des aciers structurels et alli\u00e9s. Haute durabilit\u00e9, rev\u00eatement TiCN et g\u00e9om\u00e9trie pour les trous aveugles.\",\"breadcrumb\":{\"@id\":\"https:\\\/\\\/www.koro.net.pl\\\/fr\\\/produkt\\\/prise-mecanique-din-376-c-hsse-ticn-pour-trous-aveugles-koronet\\\/#breadcrumb\"},\"inLanguage\":\"fr-FR\",\"potentialAction\":[{\"@type\":\"ReadAction\",\"target\":[\"https:\\\/\\\/www.koro.net.pl\\\/fr\\\/produkt\\\/prise-mecanique-din-376-c-hsse-ticn-pour-trous-aveugles-koronet\\\/\"]}]},{\"@type\":\"ImageObject\",\"inLanguage\":\"fr-FR\",\"@id\":\"https:\\\/\\\/www.koro.net.pl\\\/fr\\\/produkt\\\/prise-mecanique-din-376-c-hsse-ticn-pour-trous-aveugles-koronet\\\/#primaryimage\",\"url\":\"https:\\\/\\\/www.koro.net.pl\\\/wp-content\\\/uploads\\\/2025\\\/12\\\/DIN376C-HSSE-TiCN.1.png\",\"contentUrl\":\"https:\\\/\\\/www.koro.net.pl\\\/wp-content\\\/uploads\\\/2025\\\/12\\\/DIN376C-HSSE-TiCN.1.png\",\"width\":800,\"height\":800,\"caption\":\"Gwintownik maszynowy Koronet DIN 376 C HSSE TiCN z rowkami spiralnymi \u2013 widok z przodu\"},{\"@type\":\"BreadcrumbList\",\"@id\":\"https:\\\/\\\/www.koro.net.pl\\\/fr\\\/produkt\\\/prise-mecanique-din-376-c-hsse-ticn-pour-trous-aveugles-koronet\\\/#breadcrumb\",\"itemListElement\":[{\"@type\":\"ListItem\",\"position\":1,\"name\":\"Strona g\u0142\u00f3wna\",\"item\":\"https:\\\/\\\/www.koro.net.pl\\\/fr\\\/\"},{\"@type\":\"ListItem\",\"position\":2,\"name\":\"Prise m\u00e9canique DIN 376 C HSSE TiCN pour trous aveugles &#8211; Koronet\"}]},{\"@type\":\"WebSite\",\"@id\":\"https:\\\/\\\/www.koro.net.pl\\\/fr\\\/#website\",\"url\":\"https:\\\/\\\/www.koro.net.pl\\\/fr\\\/\",\"name\":\"Koronet\",\"description\":\"\",\"publisher\":{\"@id\":\"https:\\\/\\\/www.koro.net.pl\\\/fr\\\/#organization\"},\"potentialAction\":[{\"@type\":\"SearchAction\",\"target\":{\"@type\":\"EntryPoint\",\"urlTemplate\":\"https:\\\/\\\/www.koro.net.pl\\\/fr\\\/?s={search_term_string}\"},\"query-input\":{\"@type\":\"PropertyValueSpecification\",\"valueRequired\":true,\"valueName\":\"search_term_string\"}}],\"inLanguage\":\"fr-FR\"},{\"@type\":\"Organization\",\"@id\":\"https:\\\/\\\/www.koro.net.pl\\\/fr\\\/#organization\",\"name\":\"Koronet\",\"alternateName\":\"Koronet\",\"url\":\"https:\\\/\\\/www.koro.net.pl\\\/fr\\\/\",\"logo\":{\"@type\":\"ImageObject\",\"inLanguage\":\"fr-FR\",\"@id\":\"https:\\\/\\\/www.koro.net.pl\\\/fr\\\/#\\\/schema\\\/logo\\\/image\\\/\",\"url\":\"https:\\\/\\\/www.koro.net.pl\\\/wp-content\\\/uploads\\\/2025\\\/02\\\/Koronet-spolka-z-o.o.png\",\"contentUrl\":\"https:\\\/\\\/www.koro.net.pl\\\/wp-content\\\/uploads\\\/2025\\\/02\\\/Koronet-spolka-z-o.o.png\",\"width\":696,\"height\":696,\"caption\":\"Koronet\"},\"image\":{\"@id\":\"https:\\\/\\\/www.koro.net.pl\\\/fr\\\/#\\\/schema\\\/logo\\\/image\\\/\"}}]}<\/script>\n<!-- \/ Yoast SEO plugin. -->","yoast_head_json":{"title":"Coronet tap DIN 376 C HSSE TiCN","description":"Prise Koronet DIN 376 C HSSE TiCN pour l\u2019usinage des aciers structurels et alli\u00e9s. Haute durabilit\u00e9, rev\u00eatement TiCN et g\u00e9om\u00e9trie pour les trous aveugles.","robots":{"index":"index","follow":"follow","max-snippet":"max-snippet:-1","max-image-preview":"max-image-preview:large","max-video-preview":"max-video-preview:-1"},"canonical":"https:\/\/www.koro.net.pl\/fr\/produkt\/prise-mecanique-din-376-c-hsse-ticn-pour-trous-aveugles-koronet\/","og_locale":"fr_FR","og_type":"article","og_title":"Coronet tap DIN 376 C HSSE TiCN","og_description":"Prise Koronet DIN 376 C HSSE TiCN pour l\u2019usinage des aciers structurels et alli\u00e9s. Haute durabilit\u00e9, rev\u00eatement TiCN et g\u00e9om\u00e9trie pour les trous aveugles.","og_url":"https:\/\/www.koro.net.pl\/fr\/produkt\/prise-mecanique-din-376-c-hsse-ticn-pour-trous-aveugles-koronet\/","og_site_name":"Koronet","og_image":[{"width":800,"height":800,"url":"https:\/\/www.koro.net.pl\/wp-content\/uploads\/2025\/12\/DIN376C-HSSE-TiCN.1.png","type":"image\/png"}],"twitter_card":"summary_large_image","twitter_misc":{"Dur\u00e9e de lecture estim\u00e9e":"2 minutes"},"schema":{"@context":"https:\/\/schema.org","@graph":[{"@type":"WebPage","@id":"https:\/\/www.koro.net.pl\/fr\/produkt\/prise-mecanique-din-376-c-hsse-ticn-pour-trous-aveugles-koronet\/","url":"https:\/\/www.koro.net.pl\/fr\/produkt\/prise-mecanique-din-376-c-hsse-ticn-pour-trous-aveugles-koronet\/","name":"Coronet tap DIN 376 C HSSE TiCN","isPartOf":{"@id":"https:\/\/www.koro.net.pl\/fr\/#website"},"primaryImageOfPage":{"@id":"https:\/\/www.koro.net.pl\/fr\/produkt\/prise-mecanique-din-376-c-hsse-ticn-pour-trous-aveugles-koronet\/#primaryimage"},"image":{"@id":"https:\/\/www.koro.net.pl\/fr\/produkt\/prise-mecanique-din-376-c-hsse-ticn-pour-trous-aveugles-koronet\/#primaryimage"},"thumbnailUrl":"https:\/\/www.koro.net.pl\/wp-content\/uploads\/2025\/12\/DIN376C-HSSE-TiCN.1.png","datePublished":"2025-12-01T11:10:13+00:00","description":"Prise Koronet DIN 376 C HSSE TiCN pour l\u2019usinage des aciers structurels et alli\u00e9s. Haute durabilit\u00e9, rev\u00eatement TiCN et g\u00e9om\u00e9trie pour les trous aveugles.","breadcrumb":{"@id":"https:\/\/www.koro.net.pl\/fr\/produkt\/prise-mecanique-din-376-c-hsse-ticn-pour-trous-aveugles-koronet\/#breadcrumb"},"inLanguage":"fr-FR","potentialAction":[{"@type":"ReadAction","target":["https:\/\/www.koro.net.pl\/fr\/produkt\/prise-mecanique-din-376-c-hsse-ticn-pour-trous-aveugles-koronet\/"]}]},{"@type":"ImageObject","inLanguage":"fr-FR","@id":"https:\/\/www.koro.net.pl\/fr\/produkt\/prise-mecanique-din-376-c-hsse-ticn-pour-trous-aveugles-koronet\/#primaryimage","url":"https:\/\/www.koro.net.pl\/wp-content\/uploads\/2025\/12\/DIN376C-HSSE-TiCN.1.png","contentUrl":"https:\/\/www.koro.net.pl\/wp-content\/uploads\/2025\/12\/DIN376C-HSSE-TiCN.1.png","width":800,"height":800,"caption":"Gwintownik maszynowy Koronet DIN 376 C HSSE TiCN z rowkami spiralnymi \u2013 widok z przodu"},{"@type":"BreadcrumbList","@id":"https:\/\/www.koro.net.pl\/fr\/produkt\/prise-mecanique-din-376-c-hsse-ticn-pour-trous-aveugles-koronet\/#breadcrumb","itemListElement":[{"@type":"ListItem","position":1,"name":"Strona g\u0142\u00f3wna","item":"https:\/\/www.koro.net.pl\/fr\/"},{"@type":"ListItem","position":2,"name":"Prise m\u00e9canique DIN 376 C HSSE TiCN pour trous aveugles &#8211; Koronet"}]},{"@type":"WebSite","@id":"https:\/\/www.koro.net.pl\/fr\/#website","url":"https:\/\/www.koro.net.pl\/fr\/","name":"Koronet","description":"","publisher":{"@id":"https:\/\/www.koro.net.pl\/fr\/#organization"},"potentialAction":[{"@type":"SearchAction","target":{"@type":"EntryPoint","urlTemplate":"https:\/\/www.koro.net.pl\/fr\/?s={search_term_string}"},"query-input":{"@type":"PropertyValueSpecification","valueRequired":true,"valueName":"search_term_string"}}],"inLanguage":"fr-FR"},{"@type":"Organization","@id":"https:\/\/www.koro.net.pl\/fr\/#organization","name":"Koronet","alternateName":"Koronet","url":"https:\/\/www.koro.net.pl\/fr\/","logo":{"@type":"ImageObject","inLanguage":"fr-FR","@id":"https:\/\/www.koro.net.pl\/fr\/#\/schema\/logo\/image\/","url":"https:\/\/www.koro.net.pl\/wp-content\/uploads\/2025\/02\/Koronet-spolka-z-o.o.png","contentUrl":"https:\/\/www.koro.net.pl\/wp-content\/uploads\/2025\/02\/Koronet-spolka-z-o.o.png","width":696,"height":696,"caption":"Koronet"},"image":{"@id":"https:\/\/www.koro.net.pl\/fr\/#\/schema\/logo\/image\/"}}]}},"_links":{"self":[{"href":"https:\/\/www.koro.net.pl\/fr\/wp-json\/wp\/v2\/product\/12665","targetHints":{"allow":["GET"]}}],"collection":[{"href":"https:\/\/www.koro.net.pl\/fr\/wp-json\/wp\/v2\/product"}],"about":[{"href":"https:\/\/www.koro.net.pl\/fr\/wp-json\/wp\/v2\/types\/product"}],"wp:featuredmedia":[{"embeddable":true,"href":"https:\/\/www.koro.net.pl\/fr\/wp-json\/wp\/v2\/media\/8428"}],"wp:attachment":[{"href":"https:\/\/www.koro.net.pl\/fr\/wp-json\/wp\/v2\/media?parent=12665"}],"wp:term":[{"taxonomy":"product_brand","embeddable":true,"href":"https:\/\/www.koro.net.pl\/fr\/wp-json\/wp\/v2\/product_brand?post=12665"},{"taxonomy":"product_cat","embeddable":true,"href":"https:\/\/www.koro.net.pl\/fr\/wp-json\/wp\/v2\/product_cat?post=12665"},{"taxonomy":"product_tag","embeddable":true,"href":"https:\/\/www.koro.net.pl\/fr\/wp-json\/wp\/v2\/product_tag?post=12665"}],"curies":[{"name":"wp","href":"https:\/\/api.w.org\/{rel}","templated":true}]}}