{"id":12664,"date":"2025-11-19T14:21:54","date_gmt":"2025-11-19T13:21:54","guid":{"rendered":"https:\/\/www.koro.net.pl\/produkt\/prise-a-prise-traversante-din-371-b-hsse-pm-supreme-900x-koronet\/"},"modified":"2025-11-19T14:21:54","modified_gmt":"2025-11-19T13:21:54","slug":"prise-a-prise-traversante-din-371-b-hsse-pm-supreme-900x-koronet","status":"publish","type":"product","link":"https:\/\/www.koro.net.pl\/fr\/produkt\/prise-a-prise-traversante-din-371-b-hsse-pm-supreme-900x-koronet\/","title":{"rendered":"Prise \u00e0 prise traversante DIN 371 B HSSE-PM SUPREME 900X &#8211; Koronet"},"content":{"rendered":"<p><a href=\"https:\/\/www.koro.net.pl\/fr\/produkty\/taps\/\">Le roubinet <strong data-start=\"326\" data-end=\"342\">Koronet SUPREME 900X<\/strong> <\/a>est un outil haut de gamme con\u00e7u pour un filetage interne pr\u00e9cis dans les aciers structurels, les aciers alli\u00e9s et les mat\u00e9riaux n\u00e9cessitant un processus d\u2019usinage stable et r\u00e9p\u00e9table. Fabriqu\u00e9 en acier HSSE-PM (m\u00e9tallurgie des poudres) de haute qualit\u00e9 <strong data-start=\"587\" data-end=\"598\">et \u00e0 grande vitesse<\/strong> et \u00e9quip\u00e9 d\u2019un rev\u00eatement <strong data-start=\"663\" data-end=\"676\">avanc\u00e9 en AlCrN<\/strong>, il offre une durabilit\u00e9 accrue et une r\u00e9sistance \u00e0 l\u2019usure nettement sup\u00e9rieure compar\u00e9 aux robinets standards recouverts de TiN ou TiCN. <\/p>\n<h3 data-start=\"860\" data-end=\"929\"><strong>\u2022 Acier HSSE-PM \u2013 stabilit\u00e9 et durabilit\u00e9 dans des conditions exigeantes<\/strong><\/h3>\n<p data-start=\"930\" data-end=\"1226\">Le robinet est fabriqu\u00e9 en acier HSSE-PM haute vitesse de qualit\u00e9 poudreuse, qui combine une tr\u00e8s grande r\u00e9sistance \u00e0 l\u2019abrasion avec une excellente r\u00e9sistance \u00e0 la charge torsionnelle. La technologie PM assure une structure mat\u00e9rielle homog\u00e8ne, ce qui se traduit par un fonctionnement stable m\u00eame dans des grades d\u2019acier plus difficiles. <\/p>\n<h3 data-start=\"1228\" data-end=\"1276\"><strong>\u2022 Premium SUPREME 900X \u2013 Rev\u00eatement AlCrN<\/strong><\/h3>\n<p data-start=\"1277\" data-end=\"1495\">Un rev\u00eatement multicouche avanc\u00e9 du groupe AlCrN\/S3p offre :<br \/>\n \u2013 une r\u00e9sistance thermique accrue,<br data-start=\"1375\" data-end=\"1378\">\u2013 protection contre l\u2019abrasion et les convulsions,<br data-start=\"1418\" data-end=\"1421\">\u2013 limitant le ph\u00e9nom\u00e8ne de croissance,<br data-start=\"1453\" data-end=\"1456\">\u2013 une dur\u00e9e de vie de l\u2019outil bien plus longue.<\/p>\n<p data-start=\"1497\" data-end=\"1624\">Cela permet au robinet de fonctionner en toute s\u00e9curit\u00e9 \u00e0 des param\u00e8tres plus \u00e9lev\u00e9s et dans des applications industrielles plus exigeantes.<\/p>\n<h3 data-start=\"1626\" data-end=\"1672\"><strong>\u2022 Rainures droites \u2013 pour les trous traversants<\/strong><\/h3>\n<p data-start=\"1673\" data-end=\"1892\">La g\u00e9om\u00e9trie des rainures droites permet un guidage lin\u00e9aire et une \u00e9vacuation efficace des copeaux dans la direction oppos\u00e9e \u00e0 la rotation de l\u2019outil. Cette solution est consid\u00e9r\u00e9e comme la plus efficace pour passer des trous. <\/p>\n<h3 data-start=\"1894\" data-end=\"1939\"><strong>\u2022 Norme DIN 371 \u2013 poign\u00e9e renforc\u00e9e<\/strong><\/h3>\n<p data-start=\"1940\" data-end=\"2130\">La conformit\u00e9 \u00e0 la norme DIN 371 signifie l\u2019utilisation d\u2019un arbre renforc\u00e9, plus r\u00e9sistant \u00e0 la flexion et garantissant un fonctionnement stable m\u00eame lors de cycles de production intensifs.<\/p>\n<h3 data-start=\"2132\" data-end=\"2167\"><strong>\u2022 Version B \u2013 4-5 tours chanfrein\u00e9s<\/strong><\/h3>\n<p data-start=\"2168\" data-end=\"2403\">La coupe de type B am\u00e9liore le guidage de l\u2019outil, facilite son insertion dans le mat\u00e9riau et permet un filetage s\u00fbr dans les trous traversants. C\u2019est une g\u00e9om\u00e9trie universelle utilis\u00e9e \u00e0 la fois en production en s\u00e9rie et en atelier. <\/p>\n<h3 data-start=\"2430\" data-end=\"2484\"><strong>Le robinet SUPREME 900X est recommand\u00e9 pour l\u2019usinage :<\/strong><\/h3>\n<p data-start=\"2486\" data-end=\"2657\">\u2022 aciers non alli\u00e9s et structurels,<br data-start=\"2525\" data-end=\"2528\">\u2022 aciers alli\u00e9s et trait\u00e9s thermiquement,<br data-start=\"2572\" data-end=\"2575\">\u2022 acier \u00e0 r\u00e9sistance accrue,<br data-start=\"2611\" data-end=\"2614\">\u2022 des mat\u00e9riaux qui ont tendance \u00e0 cro\u00eetre.<\/p>\n<p data-start=\"2659\" data-end=\"2881\">Elle est id\u00e9ale aussi bien pour les <strong data-start=\"2706\" data-end=\"2713\">machines-outils CNC<\/strong> que pour les t\u00eates de machine conventionnelles de pr\u00e9cision \u2013 partout o\u00f9 une grande dur\u00e9e de vie de l\u2019outil, une stabilit\u00e9 du proc\u00e9d\u00e9 et une qualit\u00e9 de filetage r\u00e9p\u00e9table sont requises.<\/p>\n","protected":false},"excerpt":{"rendered":"<p>Le roubinet Koronet SUPREME 900X est un outil haut de gamme con\u00e7u pour un filetage interne pr\u00e9cis dans les aciers structurels, les aciers alli\u00e9s et les mat\u00e9riaux n\u00e9cessitant un processus [&hellip;]<\/p>\n","protected":false},"featured_media":8281,"template":"","meta":{"_acf_changed":false},"product_brand":[],"product_cat":[174,177,178],"product_tag":[],"class_list":{"0":"post-12664","1":"product","2":"type-product","3":"status-publish","4":"has-post-thumbnail","6":"product_cat-outils","7":"product_cat-prises-mecaniques","8":"product_cat-taps","10":"first","11":"instock","12":"taxable","13":"shipping-taxable","14":"purchasable","15":"product-type-variable","16":"has-default-attributes"},"acf":[],"yoast_head":"<!-- This site is optimized with the Yoast SEO plugin v27.5 - https:\/\/yoast.com\/product\/yoast-seo-wordpress\/ -->\n<title>Tap DIN 371 B HSSE-PM SUPREME 900X \u2013 Koronet<\/title>\n<meta name=\"description\" content=\"Taraud de machine HSSE-PM avec rev\u00eatement d\u2019AlCrN. S\u00e9rie SUPREME 900X pour le filetage des trous traversants dans l\u2019acier. Haute durabilit\u00e9 et stabilit\u00e9 de fonctionnement.\" \/>\n<meta name=\"robots\" content=\"index, follow, max-snippet:-1, max-image-preview:large, max-video-preview:-1\" \/>\n<link rel=\"canonical\" href=\"https:\/\/www.koro.net.pl\/fr\/produkt\/prise-a-prise-traversante-din-371-b-hsse-pm-supreme-900x-koronet\/\" \/>\n<meta property=\"og:locale\" content=\"fr_FR\" \/>\n<meta property=\"og:type\" content=\"article\" \/>\n<meta property=\"og:title\" content=\"Tap DIN 371 B HSSE-PM SUPREME 900X \u2013 Koronet\" \/>\n<meta property=\"og:description\" content=\"Taraud de machine HSSE-PM avec rev\u00eatement d\u2019AlCrN. S\u00e9rie SUPREME 900X pour le filetage des trous traversants dans l\u2019acier. Haute durabilit\u00e9 et stabilit\u00e9 de fonctionnement.\" \/>\n<meta property=\"og:url\" content=\"https:\/\/www.koro.net.pl\/fr\/produkt\/prise-a-prise-traversante-din-371-b-hsse-pm-supreme-900x-koronet\/\" \/>\n<meta property=\"og:site_name\" content=\"Koronet\" \/>\n<meta property=\"og:image\" content=\"https:\/\/www.koro.net.pl\/wp-content\/uploads\/2025\/11\/DIN371B.1.png\" \/>\n\t<meta property=\"og:image:width\" content=\"800\" \/>\n\t<meta property=\"og:image:height\" content=\"800\" \/>\n\t<meta property=\"og:image:type\" content=\"image\/png\" \/>\n<meta name=\"twitter:card\" content=\"summary_large_image\" \/>\n<meta name=\"twitter:label1\" content=\"Dur\u00e9e de lecture estim\u00e9e\" \/>\n\t<meta name=\"twitter:data1\" content=\"2 minutes\" \/>\n<script type=\"application\/ld+json\" class=\"yoast-schema-graph\">{\"@context\":\"https:\\\/\\\/schema.org\",\"@graph\":[{\"@type\":\"WebPage\",\"@id\":\"https:\\\/\\\/www.koro.net.pl\\\/fr\\\/produkt\\\/prise-a-prise-traversante-din-371-b-hsse-pm-supreme-900x-koronet\\\/\",\"url\":\"https:\\\/\\\/www.koro.net.pl\\\/fr\\\/produkt\\\/prise-a-prise-traversante-din-371-b-hsse-pm-supreme-900x-koronet\\\/\",\"name\":\"Tap DIN 371 B HSSE-PM SUPREME 900X \u2013 Koronet\",\"isPartOf\":{\"@id\":\"https:\\\/\\\/www.koro.net.pl\\\/fr\\\/#website\"},\"primaryImageOfPage\":{\"@id\":\"https:\\\/\\\/www.koro.net.pl\\\/fr\\\/produkt\\\/prise-a-prise-traversante-din-371-b-hsse-pm-supreme-900x-koronet\\\/#primaryimage\"},\"image\":{\"@id\":\"https:\\\/\\\/www.koro.net.pl\\\/fr\\\/produkt\\\/prise-a-prise-traversante-din-371-b-hsse-pm-supreme-900x-koronet\\\/#primaryimage\"},\"thumbnailUrl\":\"https:\\\/\\\/www.koro.net.pl\\\/wp-content\\\/uploads\\\/2025\\\/11\\\/DIN371B.1.png\",\"datePublished\":\"2025-11-19T13:21:54+00:00\",\"description\":\"Taraud de machine HSSE-PM avec rev\u00eatement d\u2019AlCrN. S\u00e9rie SUPREME 900X pour le filetage des trous traversants dans l\u2019acier. Haute durabilit\u00e9 et stabilit\u00e9 de fonctionnement.\",\"breadcrumb\":{\"@id\":\"https:\\\/\\\/www.koro.net.pl\\\/fr\\\/produkt\\\/prise-a-prise-traversante-din-371-b-hsse-pm-supreme-900x-koronet\\\/#breadcrumb\"},\"inLanguage\":\"fr-FR\",\"potentialAction\":[{\"@type\":\"ReadAction\",\"target\":[\"https:\\\/\\\/www.koro.net.pl\\\/fr\\\/produkt\\\/prise-a-prise-traversante-din-371-b-hsse-pm-supreme-900x-koronet\\\/\"]}]},{\"@type\":\"ImageObject\",\"inLanguage\":\"fr-FR\",\"@id\":\"https:\\\/\\\/www.koro.net.pl\\\/fr\\\/produkt\\\/prise-a-prise-traversante-din-371-b-hsse-pm-supreme-900x-koronet\\\/#primaryimage\",\"url\":\"https:\\\/\\\/www.koro.net.pl\\\/wp-content\\\/uploads\\\/2025\\\/11\\\/DIN371B.1.png\",\"contentUrl\":\"https:\\\/\\\/www.koro.net.pl\\\/wp-content\\\/uploads\\\/2025\\\/11\\\/DIN371B.1.png\",\"width\":800,\"height\":800,\"caption\":\"Gwintownik maszynowy DIN 371 B HSSE-PM SUPREME 900X \u2013 widok ca\u0142kowity, sekcja robocza i trzonek widoczne w ca\u0142o\u015bci.\"},{\"@type\":\"BreadcrumbList\",\"@id\":\"https:\\\/\\\/www.koro.net.pl\\\/fr\\\/produkt\\\/prise-a-prise-traversante-din-371-b-hsse-pm-supreme-900x-koronet\\\/#breadcrumb\",\"itemListElement\":[{\"@type\":\"ListItem\",\"position\":1,\"name\":\"Strona g\u0142\u00f3wna\",\"item\":\"https:\\\/\\\/www.koro.net.pl\\\/fr\\\/\"},{\"@type\":\"ListItem\",\"position\":2,\"name\":\"Prise \u00e0 prise traversante DIN 371 B HSSE-PM SUPREME 900X &#8211; Koronet\"}]},{\"@type\":\"WebSite\",\"@id\":\"https:\\\/\\\/www.koro.net.pl\\\/fr\\\/#website\",\"url\":\"https:\\\/\\\/www.koro.net.pl\\\/fr\\\/\",\"name\":\"Koronet\",\"description\":\"\",\"publisher\":{\"@id\":\"https:\\\/\\\/www.koro.net.pl\\\/fr\\\/#organization\"},\"potentialAction\":[{\"@type\":\"SearchAction\",\"target\":{\"@type\":\"EntryPoint\",\"urlTemplate\":\"https:\\\/\\\/www.koro.net.pl\\\/fr\\\/?s={search_term_string}\"},\"query-input\":{\"@type\":\"PropertyValueSpecification\",\"valueRequired\":true,\"valueName\":\"search_term_string\"}}],\"inLanguage\":\"fr-FR\"},{\"@type\":\"Organization\",\"@id\":\"https:\\\/\\\/www.koro.net.pl\\\/fr\\\/#organization\",\"name\":\"Koronet\",\"alternateName\":\"Koronet\",\"url\":\"https:\\\/\\\/www.koro.net.pl\\\/fr\\\/\",\"logo\":{\"@type\":\"ImageObject\",\"inLanguage\":\"fr-FR\",\"@id\":\"https:\\\/\\\/www.koro.net.pl\\\/fr\\\/#\\\/schema\\\/logo\\\/image\\\/\",\"url\":\"https:\\\/\\\/www.koro.net.pl\\\/wp-content\\\/uploads\\\/2025\\\/02\\\/Koronet-spolka-z-o.o.png\",\"contentUrl\":\"https:\\\/\\\/www.koro.net.pl\\\/wp-content\\\/uploads\\\/2025\\\/02\\\/Koronet-spolka-z-o.o.png\",\"width\":696,\"height\":696,\"caption\":\"Koronet\"},\"image\":{\"@id\":\"https:\\\/\\\/www.koro.net.pl\\\/fr\\\/#\\\/schema\\\/logo\\\/image\\\/\"}}]}<\/script>\n<!-- \/ Yoast SEO plugin. -->","yoast_head_json":{"title":"Tap DIN 371 B HSSE-PM SUPREME 900X \u2013 Koronet","description":"Taraud de machine HSSE-PM avec rev\u00eatement d\u2019AlCrN. S\u00e9rie SUPREME 900X pour le filetage des trous traversants dans l\u2019acier. Haute durabilit\u00e9 et stabilit\u00e9 de fonctionnement.","robots":{"index":"index","follow":"follow","max-snippet":"max-snippet:-1","max-image-preview":"max-image-preview:large","max-video-preview":"max-video-preview:-1"},"canonical":"https:\/\/www.koro.net.pl\/fr\/produkt\/prise-a-prise-traversante-din-371-b-hsse-pm-supreme-900x-koronet\/","og_locale":"fr_FR","og_type":"article","og_title":"Tap DIN 371 B HSSE-PM SUPREME 900X \u2013 Koronet","og_description":"Taraud de machine HSSE-PM avec rev\u00eatement d\u2019AlCrN. S\u00e9rie SUPREME 900X pour le filetage des trous traversants dans l\u2019acier. Haute durabilit\u00e9 et stabilit\u00e9 de fonctionnement.","og_url":"https:\/\/www.koro.net.pl\/fr\/produkt\/prise-a-prise-traversante-din-371-b-hsse-pm-supreme-900x-koronet\/","og_site_name":"Koronet","og_image":[{"width":800,"height":800,"url":"https:\/\/www.koro.net.pl\/wp-content\/uploads\/2025\/11\/DIN371B.1.png","type":"image\/png"}],"twitter_card":"summary_large_image","twitter_misc":{"Dur\u00e9e de lecture estim\u00e9e":"2 minutes"},"schema":{"@context":"https:\/\/schema.org","@graph":[{"@type":"WebPage","@id":"https:\/\/www.koro.net.pl\/fr\/produkt\/prise-a-prise-traversante-din-371-b-hsse-pm-supreme-900x-koronet\/","url":"https:\/\/www.koro.net.pl\/fr\/produkt\/prise-a-prise-traversante-din-371-b-hsse-pm-supreme-900x-koronet\/","name":"Tap DIN 371 B HSSE-PM SUPREME 900X \u2013 Koronet","isPartOf":{"@id":"https:\/\/www.koro.net.pl\/fr\/#website"},"primaryImageOfPage":{"@id":"https:\/\/www.koro.net.pl\/fr\/produkt\/prise-a-prise-traversante-din-371-b-hsse-pm-supreme-900x-koronet\/#primaryimage"},"image":{"@id":"https:\/\/www.koro.net.pl\/fr\/produkt\/prise-a-prise-traversante-din-371-b-hsse-pm-supreme-900x-koronet\/#primaryimage"},"thumbnailUrl":"https:\/\/www.koro.net.pl\/wp-content\/uploads\/2025\/11\/DIN371B.1.png","datePublished":"2025-11-19T13:21:54+00:00","description":"Taraud de machine HSSE-PM avec rev\u00eatement d\u2019AlCrN. S\u00e9rie SUPREME 900X pour le filetage des trous traversants dans l\u2019acier. Haute durabilit\u00e9 et stabilit\u00e9 de fonctionnement.","breadcrumb":{"@id":"https:\/\/www.koro.net.pl\/fr\/produkt\/prise-a-prise-traversante-din-371-b-hsse-pm-supreme-900x-koronet\/#breadcrumb"},"inLanguage":"fr-FR","potentialAction":[{"@type":"ReadAction","target":["https:\/\/www.koro.net.pl\/fr\/produkt\/prise-a-prise-traversante-din-371-b-hsse-pm-supreme-900x-koronet\/"]}]},{"@type":"ImageObject","inLanguage":"fr-FR","@id":"https:\/\/www.koro.net.pl\/fr\/produkt\/prise-a-prise-traversante-din-371-b-hsse-pm-supreme-900x-koronet\/#primaryimage","url":"https:\/\/www.koro.net.pl\/wp-content\/uploads\/2025\/11\/DIN371B.1.png","contentUrl":"https:\/\/www.koro.net.pl\/wp-content\/uploads\/2025\/11\/DIN371B.1.png","width":800,"height":800,"caption":"Gwintownik maszynowy DIN 371 B HSSE-PM SUPREME 900X \u2013 widok ca\u0142kowity, sekcja robocza i trzonek widoczne w ca\u0142o\u015bci."},{"@type":"BreadcrumbList","@id":"https:\/\/www.koro.net.pl\/fr\/produkt\/prise-a-prise-traversante-din-371-b-hsse-pm-supreme-900x-koronet\/#breadcrumb","itemListElement":[{"@type":"ListItem","position":1,"name":"Strona g\u0142\u00f3wna","item":"https:\/\/www.koro.net.pl\/fr\/"},{"@type":"ListItem","position":2,"name":"Prise \u00e0 prise traversante DIN 371 B HSSE-PM SUPREME 900X &#8211; Koronet"}]},{"@type":"WebSite","@id":"https:\/\/www.koro.net.pl\/fr\/#website","url":"https:\/\/www.koro.net.pl\/fr\/","name":"Koronet","description":"","publisher":{"@id":"https:\/\/www.koro.net.pl\/fr\/#organization"},"potentialAction":[{"@type":"SearchAction","target":{"@type":"EntryPoint","urlTemplate":"https:\/\/www.koro.net.pl\/fr\/?s={search_term_string}"},"query-input":{"@type":"PropertyValueSpecification","valueRequired":true,"valueName":"search_term_string"}}],"inLanguage":"fr-FR"},{"@type":"Organization","@id":"https:\/\/www.koro.net.pl\/fr\/#organization","name":"Koronet","alternateName":"Koronet","url":"https:\/\/www.koro.net.pl\/fr\/","logo":{"@type":"ImageObject","inLanguage":"fr-FR","@id":"https:\/\/www.koro.net.pl\/fr\/#\/schema\/logo\/image\/","url":"https:\/\/www.koro.net.pl\/wp-content\/uploads\/2025\/02\/Koronet-spolka-z-o.o.png","contentUrl":"https:\/\/www.koro.net.pl\/wp-content\/uploads\/2025\/02\/Koronet-spolka-z-o.o.png","width":696,"height":696,"caption":"Koronet"},"image":{"@id":"https:\/\/www.koro.net.pl\/fr\/#\/schema\/logo\/image\/"}}]}},"_links":{"self":[{"href":"https:\/\/www.koro.net.pl\/fr\/wp-json\/wp\/v2\/product\/12664","targetHints":{"allow":["GET"]}}],"collection":[{"href":"https:\/\/www.koro.net.pl\/fr\/wp-json\/wp\/v2\/product"}],"about":[{"href":"https:\/\/www.koro.net.pl\/fr\/wp-json\/wp\/v2\/types\/product"}],"wp:featuredmedia":[{"embeddable":true,"href":"https:\/\/www.koro.net.pl\/fr\/wp-json\/wp\/v2\/media\/8281"}],"wp:attachment":[{"href":"https:\/\/www.koro.net.pl\/fr\/wp-json\/wp\/v2\/media?parent=12664"}],"wp:term":[{"taxonomy":"product_brand","embeddable":true,"href":"https:\/\/www.koro.net.pl\/fr\/wp-json\/wp\/v2\/product_brand?post=12664"},{"taxonomy":"product_cat","embeddable":true,"href":"https:\/\/www.koro.net.pl\/fr\/wp-json\/wp\/v2\/product_cat?post=12664"},{"taxonomy":"product_tag","embeddable":true,"href":"https:\/\/www.koro.net.pl\/fr\/wp-json\/wp\/v2\/product_tag?post=12664"}],"curies":[{"name":"wp","href":"https:\/\/api.w.org\/{rel}","templated":true}]}}