{"id":12645,"date":"2025-11-14T14:10:48","date_gmt":"2025-11-14T13:10:48","guid":{"rendered":"https:\/\/www.koro.net.pl\/produkt\/robinet-a-machine-a-trou-traversant-mf-hsse-supreme-900x-din374-b-koronet\/"},"modified":"2025-11-14T14:10:48","modified_gmt":"2025-11-14T13:10:48","slug":"robinet-a-machine-a-trou-traversant-mf-hsse-supreme-900x-din374-b-koronet","status":"publish","type":"product","link":"https:\/\/www.koro.net.pl\/fr\/produkt\/robinet-a-machine-a-trou-traversant-mf-hsse-supreme-900x-din374-b-koronet\/","title":{"rendered":"ROBINET \u00c0 MACHINE \u00c0 TROU TRAVERSANT MF HSSE SUPREME 900X DIN374 B &#8211; Koronet"},"content":{"rendered":"<p data-start=\"377\" data-end=\"452\"><strong data-start=\"377\" data-end=\"452\">Prise professionnelle MF Precision <a href=\"https:\/\/www.koro.net.pl\/fr\/produkty\/taps\/\">Fine Threading<\/a><\/strong><\/p>\n<p data-start=\"454\" data-end=\"964\">Le roubinet <strong data-start=\"483\" data-end=\"499\">Koronet SUPREME 900X<\/strong> est un outil haut de gamme con\u00e7u pour des filetages m\u00e9triques de pr\u00e9cision dans les aciers structurels, les aciers alli\u00e9s et les mat\u00e9riaux \u00e0 haute r\u00e9sistance.<br data-start=\"702\" data-end=\"705\">Fabriqu\u00e9 en acier <strong data-start=\"752\" data-end=\"760\">HSSE haute<\/strong> vitesse de haute qualit\u00e9 et \u00e9quip\u00e9 d\u2019un rev\u00eatement <strong data-start=\"792\" data-end=\"807\">AlCrN <\/strong>, il garantit un processus de coupe stable, une grande r\u00e9sistance \u00e0 l\u2019usure et une dur\u00e9e de vie significativement plus longue que les robinets typiques rev\u00eatus de TiN\/TiCN.<\/p>\n<h3 data-start=\"971\" data-end=\"1006\"><strong data-start=\"974\" data-end=\"1006\">Points forts des produits<\/strong><\/h3>\n<h3 data-start=\"1008\" data-end=\"1071\"><strong data-start=\"1012\" data-end=\"1071\">\u2022 Acier HSSE de haute qualit\u00e9 \u2013 stabilit\u00e9 et r\u00e9sistance<\/strong><\/h3>\n<p data-start=\"1072\" data-end=\"1158\">Le noyau de l\u2019outil est fabriqu\u00e9 en acier <strong data-start=\"1134\" data-end=\"1142\">HSSE \u00e0 grande vitesse<\/strong> am\u00e9lior\u00e9, fournissant :<\/p>\n<ul data-start=\"1159\" data-end=\"1331\">\n<li data-start=\"1159\" data-end=\"1200\">\n<p data-start=\"1161\" data-end=\"1200\">haute r\u00e9sistance aux charges torsionnelles,<\/p>\n<\/li>\n<li data-start=\"1201\" data-end=\"1250\">\n<p data-start=\"1203\" data-end=\"1250\">stabilit\u00e9 de fonctionnement dans les aciers \u00e0 duret\u00e9 plus \u00e9lev\u00e9e,<\/p>\n<\/li>\n<li data-start=\"1251\" data-end=\"1331\">\n<p data-start=\"1253\" data-end=\"1331\">Risque r\u00e9duit d\u2019\u00e9caillage lors du filetage de mat\u00e9riaux plus difficiles \u00e0 traiter.<\/p>\n<\/li>\n<\/ul>\n<p data-start=\"1333\" data-end=\"1405\">C\u2019est un mat\u00e9riau de choix o\u00f9 la r\u00e9p\u00e9tabilit\u00e9 et la fiabilit\u00e9 sont importantes.<\/p>\n<h3 data-start=\"1412\" data-end=\"1476\"><strong data-start=\"1416\" data-end=\"1476\">\u2022 Rev\u00eatement AlCrN \u2013 classe premium de la s\u00e9rie SUPREME 900X<\/strong><\/h3>\n<p data-start=\"1477\" data-end=\"1553\">Un rev\u00eatement avanc\u00e9 du groupe <strong data-start=\"1506\" data-end=\"1515\">AlCrN<\/strong> fournit :<\/p>\n<ul data-start=\"1554\" data-end=\"1747\">\n<li data-start=\"1554\" data-end=\"1593\">\n<p data-start=\"1556\" data-end=\"1593\">Tr\u00e8s forte r\u00e9sistance \u00e0 l\u2019abrasion,<\/p>\n<\/li>\n<li data-start=\"1594\" data-end=\"1628\">\n<p data-start=\"1596\" data-end=\"1628\">stabilit\u00e9 thermique accrue,<\/p>\n<\/li>\n<li data-start=\"1629\" data-end=\"1683\">\n<p data-start=\"1631\" data-end=\"1683\">r\u00e9duction de l\u2019adh\u00e9rence et de l\u2019accumulation du mat\u00e9riau,<\/p>\n<\/li>\n<li data-start=\"1684\" data-end=\"1747\">\n<p data-start=\"1686\" data-end=\"1747\">dur\u00e9e de vie significativement plus longue que les rev\u00eatements TiN\/TiCN.<\/p>\n<\/li>\n<\/ul>\n<p data-start=\"1749\" data-end=\"1870\">Cela permet \u00e0 l\u2019outil de fonctionner \u00e0 des param\u00e8tres plus \u00e9lev\u00e9s et de mieux r\u00e9sister au filetage des grades d\u2019acier plus difficiles.<\/p>\n<h3 data-start=\"1877\" data-end=\"1948\"><strong data-start=\"1881\" data-end=\"1948\">Norme DIN 374 \u2013 filetage pour filetages MF (finement tourn\u00e9s)<\/strong><\/h3>\n<p data-start=\"1949\" data-end=\"2078\">Outil fabriqu\u00e9 conform\u00e9ment \u00e0 <strong data-start=\"1984\" data-end=\"1995\">la norme DIN 374<\/strong>, typique pour <strong data-start=\"2048\" data-end=\"2054\">la MF <\/strong>(<strong>M<\/strong> <strong>etric F<\/strong>ine &#8211; filetage fin m\u00e9trique)<br data-start=\"2055\" data-end=\"2058\">Cette norme pr\u00e9voit :<\/p>\n<ul data-start=\"2079\" data-end=\"2226\">\n<li data-start=\"2079\" data-end=\"2105\">\n<p data-start=\"2081\" data-end=\"2105\">une partie de travail allong\u00e9e,<\/p>\n<\/li>\n<li data-start=\"2106\" data-end=\"2163\">\n<p data-start=\"2108\" data-end=\"2163\">g\u00e9om\u00e9trie plus fine b\u00e9n\u00e9fique pour l\u2019usinage de pr\u00e9cision,<\/p>\n<\/li>\n<li data-start=\"2164\" data-end=\"2226\">\n<p data-start=\"2166\" data-end=\"2226\">un niveau \u00e9lev\u00e9 de fabrication garantissant la r\u00e9p\u00e9tabilit\u00e9 du filetage.<\/p>\n<\/li>\n<\/ul>\n<h3 data-start=\"2233\" data-end=\"2270\"><strong data-start=\"2237\" data-end=\"2268\">Type B \u2013 coupe 4-5 bobines<\/strong><\/h3>\n<p data-start=\"2271\" data-end=\"2297\"><strong data-start=\"2281\" data-end=\"2286\">La g\u00e9om\u00e9trie B<\/strong> permet :<\/p>\n<ul data-start=\"2298\" data-end=\"2436\">\n<li data-start=\"2298\" data-end=\"2338\">\n<p data-start=\"2300\" data-end=\"2338\">entr\u00e9e fluide du point de prise dans le mat\u00e9riau,<\/p>\n<\/li>\n<li data-start=\"2339\" data-end=\"2387\">\n<p data-start=\"2341\" data-end=\"2387\">fil stable formant sur toute la longueur,<\/p>\n<\/li>\n<li data-start=\"2388\" data-end=\"2436\">\n<p data-start=\"2390\" data-end=\"2436\">Guidage optimal dans les trous traversants.<\/p>\n<\/li>\n<\/ul>\n<p data-start=\"2438\" data-end=\"2522\">C\u2019est la police la plus universelle utilis\u00e9e en atelier et en production industrielle.<\/p>\n<h3 data-start=\"2529\" data-end=\"2579\"><strong data-start=\"2533\" data-end=\"2577\">Rainures droites \u2013 pour les trous traversants<\/strong><\/h3>\n<p data-start=\"2580\" data-end=\"2604\">Les sillons droits offrent :<\/p>\n<ul data-start=\"2605\" data-end=\"2760\">\n<li data-start=\"2605\" data-end=\"2637\">\n<p data-start=\"2607\" data-end=\"2637\">Guidance lin\u00e9aire pour les outils,<\/p>\n<\/li>\n<li data-start=\"2638\" data-end=\"2680\">\n<p data-start=\"2640\" data-end=\"2680\">\u00c9vacuation efficace de la puce en ligne droite,<\/p>\n<\/li>\n<li data-start=\"2681\" data-end=\"2760\">\n<p data-start=\"2683\" data-end=\"2760\">Fonctionnement stable et contr\u00f4l\u00e9 lors du passage \u00e0 travers des trous dans l\u2019acier.<\/p>\n<\/li>\n<\/ul>\n<p data-start=\"2787\" data-end=\"2861\"><strong>La prise Koronet SUPREME 900X MF10\u00d71.0 est con\u00e7ue pour l\u2019usinage :<\/strong><\/p>\n<ul data-start=\"2862\" data-end=\"3041\">\n<li data-start=\"2862\" data-end=\"2901\">\n<p data-start=\"2864\" data-end=\"2901\">des aciers structurels et non alli\u00e9s,<\/p>\n<\/li>\n<li data-start=\"2902\" data-end=\"2920\">\n<p data-start=\"2904\" data-end=\"2920\">Aciers alli\u00e9s,<\/p>\n<\/li>\n<li data-start=\"2921\" data-end=\"2950\">\n<p data-start=\"2923\" data-end=\"2950\">Aciers trait\u00e9s thermiquement,<\/p>\n<\/li>\n<li data-start=\"2951\" data-end=\"2993\">\n<p data-start=\"2953\" data-end=\"2993\">des mat\u00e9riaux \u00e0 r\u00e9sistance accrue,<\/p>\n<\/li>\n<li data-start=\"2994\" data-end=\"3041\">\n<p data-start=\"2996\" data-end=\"3041\">Des mat\u00e9riaux qui ont tendance \u00e0 pousser.<\/p>\n<\/li>\n<\/ul>\n<p data-start=\"3043\" data-end=\"3066\">Recommand\u00e9 pour le travail :<\/p>\n<ul data-start=\"3067\" data-end=\"3151\">\n<li data-start=\"3067\" data-end=\"3095\">\n<p data-start=\"3069\" data-end=\"3095\">sur les machines-outils <strong data-start=\"3085\" data-end=\"3092\">CNC<\/strong>,<\/p>\n<\/li>\n<li data-start=\"3096\" data-end=\"3151\">\n<p data-start=\"3098\" data-end=\"3151\">dans <strong data-start=\"3113\" data-end=\"3150\">les t\u00eates de pr\u00e9cision des machines conventionnelles<\/strong>.<\/p>\n<\/li>\n<\/ul>\n<p data-start=\"3153\" data-end=\"3263\">Id\u00e9al l\u00e0 o\u00f9 une grande dur\u00e9e de vie de l\u2019outil, une stabilit\u00e9 du proc\u00e9d\u00e9 et une qualit\u00e9 de filetage MF reproductible sont requises.<\/p>\n","protected":false},"excerpt":{"rendered":"<p>Prise professionnelle MF Precision Fine Threading Le roubinet Koronet SUPREME 900X est un outil haut de gamme con\u00e7u pour des filetages m\u00e9triques de pr\u00e9cision dans les aciers structurels, les aciers [&hellip;]<\/p>\n","protected":false},"featured_media":8215,"template":"","meta":{"_acf_changed":false},"product_brand":[],"product_cat":[174,177,178],"product_tag":[],"class_list":{"0":"post-12645","1":"product","2":"type-product","3":"status-publish","4":"has-post-thumbnail","6":"product_cat-outils","7":"product_cat-prises-mecaniques","8":"product_cat-taps","10":"first","11":"instock","12":"taxable","13":"shipping-taxable","14":"purchasable","15":"product-type-variable"},"acf":[],"yoast_head":"<!-- This site is optimized with the Yoast SEO plugin v27.5 - https:\/\/yoast.com\/product\/yoast-seo-wordpress\/ -->\n<title>MF HSSE SUPREME 900X tap \u2013 Koronet<\/title>\n<meta name=\"description\" content=\"Robinet MF fabriqu\u00e9 en acier HSSE de haute qualit\u00e9 et rev\u00eatement AlCrN. Outil haut de gamme pour un filetage pr\u00e9cis en acier structurel et alli\u00e9.\" \/>\n<meta name=\"robots\" content=\"index, follow, max-snippet:-1, max-image-preview:large, max-video-preview:-1\" \/>\n<link rel=\"canonical\" href=\"https:\/\/www.koro.net.pl\/fr\/produkt\/robinet-a-machine-a-trou-traversant-mf-hsse-supreme-900x-din374-b-koronet\/\" \/>\n<meta property=\"og:locale\" content=\"fr_FR\" \/>\n<meta property=\"og:type\" content=\"article\" \/>\n<meta property=\"og:title\" content=\"MF HSSE SUPREME 900X tap \u2013 Koronet\" \/>\n<meta property=\"og:description\" content=\"Robinet MF fabriqu\u00e9 en acier HSSE de haute qualit\u00e9 et rev\u00eatement AlCrN. Outil haut de gamme pour un filetage pr\u00e9cis en acier structurel et alli\u00e9.\" \/>\n<meta property=\"og:url\" content=\"https:\/\/www.koro.net.pl\/fr\/produkt\/robinet-a-machine-a-trou-traversant-mf-hsse-supreme-900x-din374-b-koronet\/\" \/>\n<meta property=\"og:site_name\" content=\"Koronet\" \/>\n<meta property=\"og:image\" content=\"https:\/\/www.koro.net.pl\/wp-content\/uploads\/2025\/11\/gwintownik-stojacy-2.png\" \/>\n\t<meta property=\"og:image:width\" content=\"800\" \/>\n\t<meta property=\"og:image:height\" content=\"800\" \/>\n\t<meta property=\"og:image:type\" content=\"image\/png\" \/>\n<meta name=\"twitter:card\" content=\"summary_large_image\" \/>\n<meta name=\"twitter:label1\" content=\"Dur\u00e9e de lecture estim\u00e9e\" \/>\n\t<meta name=\"twitter:data1\" content=\"2 minutes\" \/>\n<script type=\"application\/ld+json\" class=\"yoast-schema-graph\">{\"@context\":\"https:\\\/\\\/schema.org\",\"@graph\":[{\"@type\":\"WebPage\",\"@id\":\"https:\\\/\\\/www.koro.net.pl\\\/fr\\\/produkt\\\/robinet-a-machine-a-trou-traversant-mf-hsse-supreme-900x-din374-b-koronet\\\/\",\"url\":\"https:\\\/\\\/www.koro.net.pl\\\/fr\\\/produkt\\\/robinet-a-machine-a-trou-traversant-mf-hsse-supreme-900x-din374-b-koronet\\\/\",\"name\":\"MF HSSE SUPREME 900X tap \u2013 Koronet\",\"isPartOf\":{\"@id\":\"https:\\\/\\\/www.koro.net.pl\\\/fr\\\/#website\"},\"primaryImageOfPage\":{\"@id\":\"https:\\\/\\\/www.koro.net.pl\\\/fr\\\/produkt\\\/robinet-a-machine-a-trou-traversant-mf-hsse-supreme-900x-din374-b-koronet\\\/#primaryimage\"},\"image\":{\"@id\":\"https:\\\/\\\/www.koro.net.pl\\\/fr\\\/produkt\\\/robinet-a-machine-a-trou-traversant-mf-hsse-supreme-900x-din374-b-koronet\\\/#primaryimage\"},\"thumbnailUrl\":\"https:\\\/\\\/www.koro.net.pl\\\/wp-content\\\/uploads\\\/2025\\\/11\\\/gwintownik-stojacy-2.png\",\"datePublished\":\"2025-11-14T13:10:48+00:00\",\"description\":\"Robinet MF fabriqu\u00e9 en acier HSSE de haute qualit\u00e9 et rev\u00eatement AlCrN. Outil haut de gamme pour un filetage pr\u00e9cis en acier structurel et alli\u00e9.\",\"breadcrumb\":{\"@id\":\"https:\\\/\\\/www.koro.net.pl\\\/fr\\\/produkt\\\/robinet-a-machine-a-trou-traversant-mf-hsse-supreme-900x-din374-b-koronet\\\/#breadcrumb\"},\"inLanguage\":\"fr-FR\",\"potentialAction\":[{\"@type\":\"ReadAction\",\"target\":[\"https:\\\/\\\/www.koro.net.pl\\\/fr\\\/produkt\\\/robinet-a-machine-a-trou-traversant-mf-hsse-supreme-900x-din374-b-koronet\\\/\"]}]},{\"@type\":\"ImageObject\",\"inLanguage\":\"fr-FR\",\"@id\":\"https:\\\/\\\/www.koro.net.pl\\\/fr\\\/produkt\\\/robinet-a-machine-a-trou-traversant-mf-hsse-supreme-900x-din374-b-koronet\\\/#primaryimage\",\"url\":\"https:\\\/\\\/www.koro.net.pl\\\/wp-content\\\/uploads\\\/2025\\\/11\\\/gwintownik-stojacy-2.png\",\"contentUrl\":\"https:\\\/\\\/www.koro.net.pl\\\/wp-content\\\/uploads\\\/2025\\\/11\\\/gwintownik-stojacy-2.png\",\"width\":800,\"height\":800,\"caption\":\"Gwintownik maszynowy Koronet SUPREME\"},{\"@type\":\"BreadcrumbList\",\"@id\":\"https:\\\/\\\/www.koro.net.pl\\\/fr\\\/produkt\\\/robinet-a-machine-a-trou-traversant-mf-hsse-supreme-900x-din374-b-koronet\\\/#breadcrumb\",\"itemListElement\":[{\"@type\":\"ListItem\",\"position\":1,\"name\":\"Strona g\u0142\u00f3wna\",\"item\":\"https:\\\/\\\/www.koro.net.pl\\\/fr\\\/\"},{\"@type\":\"ListItem\",\"position\":2,\"name\":\"ROBINET \u00c0 MACHINE \u00c0 TROU TRAVERSANT MF HSSE SUPREME 900X DIN374 B &#8211; Koronet\"}]},{\"@type\":\"WebSite\",\"@id\":\"https:\\\/\\\/www.koro.net.pl\\\/fr\\\/#website\",\"url\":\"https:\\\/\\\/www.koro.net.pl\\\/fr\\\/\",\"name\":\"Koronet\",\"description\":\"\",\"publisher\":{\"@id\":\"https:\\\/\\\/www.koro.net.pl\\\/fr\\\/#organization\"},\"potentialAction\":[{\"@type\":\"SearchAction\",\"target\":{\"@type\":\"EntryPoint\",\"urlTemplate\":\"https:\\\/\\\/www.koro.net.pl\\\/fr\\\/?s={search_term_string}\"},\"query-input\":{\"@type\":\"PropertyValueSpecification\",\"valueRequired\":true,\"valueName\":\"search_term_string\"}}],\"inLanguage\":\"fr-FR\"},{\"@type\":\"Organization\",\"@id\":\"https:\\\/\\\/www.koro.net.pl\\\/fr\\\/#organization\",\"name\":\"Koronet\",\"alternateName\":\"Koronet\",\"url\":\"https:\\\/\\\/www.koro.net.pl\\\/fr\\\/\",\"logo\":{\"@type\":\"ImageObject\",\"inLanguage\":\"fr-FR\",\"@id\":\"https:\\\/\\\/www.koro.net.pl\\\/fr\\\/#\\\/schema\\\/logo\\\/image\\\/\",\"url\":\"https:\\\/\\\/www.koro.net.pl\\\/wp-content\\\/uploads\\\/2025\\\/02\\\/Koronet-spolka-z-o.o.png\",\"contentUrl\":\"https:\\\/\\\/www.koro.net.pl\\\/wp-content\\\/uploads\\\/2025\\\/02\\\/Koronet-spolka-z-o.o.png\",\"width\":696,\"height\":696,\"caption\":\"Koronet\"},\"image\":{\"@id\":\"https:\\\/\\\/www.koro.net.pl\\\/fr\\\/#\\\/schema\\\/logo\\\/image\\\/\"}}]}<\/script>\n<!-- \/ Yoast SEO plugin. -->","yoast_head_json":{"title":"MF HSSE SUPREME 900X tap \u2013 Koronet","description":"Robinet MF fabriqu\u00e9 en acier HSSE de haute qualit\u00e9 et rev\u00eatement AlCrN. Outil haut de gamme pour un filetage pr\u00e9cis en acier structurel et alli\u00e9.","robots":{"index":"index","follow":"follow","max-snippet":"max-snippet:-1","max-image-preview":"max-image-preview:large","max-video-preview":"max-video-preview:-1"},"canonical":"https:\/\/www.koro.net.pl\/fr\/produkt\/robinet-a-machine-a-trou-traversant-mf-hsse-supreme-900x-din374-b-koronet\/","og_locale":"fr_FR","og_type":"article","og_title":"MF HSSE SUPREME 900X tap \u2013 Koronet","og_description":"Robinet MF fabriqu\u00e9 en acier HSSE de haute qualit\u00e9 et rev\u00eatement AlCrN. Outil haut de gamme pour un filetage pr\u00e9cis en acier structurel et alli\u00e9.","og_url":"https:\/\/www.koro.net.pl\/fr\/produkt\/robinet-a-machine-a-trou-traversant-mf-hsse-supreme-900x-din374-b-koronet\/","og_site_name":"Koronet","og_image":[{"width":800,"height":800,"url":"https:\/\/www.koro.net.pl\/wp-content\/uploads\/2025\/11\/gwintownik-stojacy-2.png","type":"image\/png"}],"twitter_card":"summary_large_image","twitter_misc":{"Dur\u00e9e de lecture estim\u00e9e":"2 minutes"},"schema":{"@context":"https:\/\/schema.org","@graph":[{"@type":"WebPage","@id":"https:\/\/www.koro.net.pl\/fr\/produkt\/robinet-a-machine-a-trou-traversant-mf-hsse-supreme-900x-din374-b-koronet\/","url":"https:\/\/www.koro.net.pl\/fr\/produkt\/robinet-a-machine-a-trou-traversant-mf-hsse-supreme-900x-din374-b-koronet\/","name":"MF HSSE SUPREME 900X tap \u2013 Koronet","isPartOf":{"@id":"https:\/\/www.koro.net.pl\/fr\/#website"},"primaryImageOfPage":{"@id":"https:\/\/www.koro.net.pl\/fr\/produkt\/robinet-a-machine-a-trou-traversant-mf-hsse-supreme-900x-din374-b-koronet\/#primaryimage"},"image":{"@id":"https:\/\/www.koro.net.pl\/fr\/produkt\/robinet-a-machine-a-trou-traversant-mf-hsse-supreme-900x-din374-b-koronet\/#primaryimage"},"thumbnailUrl":"https:\/\/www.koro.net.pl\/wp-content\/uploads\/2025\/11\/gwintownik-stojacy-2.png","datePublished":"2025-11-14T13:10:48+00:00","description":"Robinet MF fabriqu\u00e9 en acier HSSE de haute qualit\u00e9 et rev\u00eatement AlCrN. Outil haut de gamme pour un filetage pr\u00e9cis en acier structurel et alli\u00e9.","breadcrumb":{"@id":"https:\/\/www.koro.net.pl\/fr\/produkt\/robinet-a-machine-a-trou-traversant-mf-hsse-supreme-900x-din374-b-koronet\/#breadcrumb"},"inLanguage":"fr-FR","potentialAction":[{"@type":"ReadAction","target":["https:\/\/www.koro.net.pl\/fr\/produkt\/robinet-a-machine-a-trou-traversant-mf-hsse-supreme-900x-din374-b-koronet\/"]}]},{"@type":"ImageObject","inLanguage":"fr-FR","@id":"https:\/\/www.koro.net.pl\/fr\/produkt\/robinet-a-machine-a-trou-traversant-mf-hsse-supreme-900x-din374-b-koronet\/#primaryimage","url":"https:\/\/www.koro.net.pl\/wp-content\/uploads\/2025\/11\/gwintownik-stojacy-2.png","contentUrl":"https:\/\/www.koro.net.pl\/wp-content\/uploads\/2025\/11\/gwintownik-stojacy-2.png","width":800,"height":800,"caption":"Gwintownik maszynowy Koronet SUPREME"},{"@type":"BreadcrumbList","@id":"https:\/\/www.koro.net.pl\/fr\/produkt\/robinet-a-machine-a-trou-traversant-mf-hsse-supreme-900x-din374-b-koronet\/#breadcrumb","itemListElement":[{"@type":"ListItem","position":1,"name":"Strona g\u0142\u00f3wna","item":"https:\/\/www.koro.net.pl\/fr\/"},{"@type":"ListItem","position":2,"name":"ROBINET \u00c0 MACHINE \u00c0 TROU TRAVERSANT MF HSSE SUPREME 900X DIN374 B &#8211; Koronet"}]},{"@type":"WebSite","@id":"https:\/\/www.koro.net.pl\/fr\/#website","url":"https:\/\/www.koro.net.pl\/fr\/","name":"Koronet","description":"","publisher":{"@id":"https:\/\/www.koro.net.pl\/fr\/#organization"},"potentialAction":[{"@type":"SearchAction","target":{"@type":"EntryPoint","urlTemplate":"https:\/\/www.koro.net.pl\/fr\/?s={search_term_string}"},"query-input":{"@type":"PropertyValueSpecification","valueRequired":true,"valueName":"search_term_string"}}],"inLanguage":"fr-FR"},{"@type":"Organization","@id":"https:\/\/www.koro.net.pl\/fr\/#organization","name":"Koronet","alternateName":"Koronet","url":"https:\/\/www.koro.net.pl\/fr\/","logo":{"@type":"ImageObject","inLanguage":"fr-FR","@id":"https:\/\/www.koro.net.pl\/fr\/#\/schema\/logo\/image\/","url":"https:\/\/www.koro.net.pl\/wp-content\/uploads\/2025\/02\/Koronet-spolka-z-o.o.png","contentUrl":"https:\/\/www.koro.net.pl\/wp-content\/uploads\/2025\/02\/Koronet-spolka-z-o.o.png","width":696,"height":696,"caption":"Koronet"},"image":{"@id":"https:\/\/www.koro.net.pl\/fr\/#\/schema\/logo\/image\/"}}]}},"_links":{"self":[{"href":"https:\/\/www.koro.net.pl\/fr\/wp-json\/wp\/v2\/product\/12645","targetHints":{"allow":["GET"]}}],"collection":[{"href":"https:\/\/www.koro.net.pl\/fr\/wp-json\/wp\/v2\/product"}],"about":[{"href":"https:\/\/www.koro.net.pl\/fr\/wp-json\/wp\/v2\/types\/product"}],"wp:featuredmedia":[{"embeddable":true,"href":"https:\/\/www.koro.net.pl\/fr\/wp-json\/wp\/v2\/media\/8215"}],"wp:attachment":[{"href":"https:\/\/www.koro.net.pl\/fr\/wp-json\/wp\/v2\/media?parent=12645"}],"wp:term":[{"taxonomy":"product_brand","embeddable":true,"href":"https:\/\/www.koro.net.pl\/fr\/wp-json\/wp\/v2\/product_brand?post=12645"},{"taxonomy":"product_cat","embeddable":true,"href":"https:\/\/www.koro.net.pl\/fr\/wp-json\/wp\/v2\/product_cat?post=12645"},{"taxonomy":"product_tag","embeddable":true,"href":"https:\/\/www.koro.net.pl\/fr\/wp-json\/wp\/v2\/product_tag?post=12645"}],"curies":[{"name":"wp","href":"https:\/\/api.w.org\/{rel}","templated":true}]}}