{"id":12644,"date":"2025-11-28T15:41:50","date_gmt":"2025-11-28T14:41:50","guid":{"rendered":"https:\/\/www.koro.net.pl\/produkt\/prise-a-prise-machine-din-371-c-hsse-ticn-pour-trous-aveugles-koronet\/"},"modified":"2025-11-28T15:41:50","modified_gmt":"2025-11-28T14:41:50","slug":"prise-a-prise-machine-din-371-c-hsse-ticn-pour-trous-aveugles-koronet","status":"publish","type":"product","link":"https:\/\/www.koro.net.pl\/fr\/produkt\/prise-a-prise-machine-din-371-c-hsse-ticn-pour-trous-aveugles-koronet\/","title":{"rendered":"Prise \u00e0 prise machine DIN 371 C HSSE TiCN \u2013 pour trous aveugles &#8211; Koronet"},"content":{"rendered":"<p><a href=\"https:\/\/www.koro.net.pl\/fr\/produkty\/taps\/\"><strong data-start=\"396\" data-end=\"440\">Le robinet de machine DIN 371 C HSSE TiCN<\/strong><\/a> est un outil de pr\u00e9cision con\u00e7u pour le filetage interne dans les aciers structurels, les aciers \u00e0 faible alliage, ainsi que les mat\u00e9riaux de moyenne et haute r\u00e9sistance. Fabriqu\u00e9 en acier cobalt de haute qualit\u00e9 \u00e0 grande vitesse HSSE et recouvert de TiCN, il offre une r\u00e9sistance accrue \u00e0 l\u2019usure, un fonctionnement stable et une dur\u00e9e de vie plus longue des outils dans des proc\u00e9d\u00e9s d\u2019usinage exigeants. <\/p>\n<h3 data-start=\"834\" data-end=\"899\"><strong data-start=\"837\" data-end=\"899\">Acier HSSE \u2013 durabilit\u00e9 et stabilit\u00e9 dans des conditions exigeantes<\/strong><\/h3>\n<p data-start=\"900\" data-end=\"983\">Le noyau de l\u2019outil est fabriqu\u00e9 en acier cobalt haute vitesse HSSE, qui propose :<\/p>\n<ul data-start=\"985\" data-end=\"1159\">\n<li data-start=\"985\" data-end=\"1028\">\n<p data-start=\"987\" data-end=\"1028\">haute r\u00e9sistance aux charges torsionnelles,<\/p>\n<\/li>\n<li data-start=\"1029\" data-end=\"1089\">\n<p data-start=\"1031\" data-end=\"1089\">duret\u00e9 et stabilit\u00e9 accrues \u00e0 temp\u00e9rature de fonctionnement,<\/p>\n<\/li>\n<li data-start=\"1090\" data-end=\"1159\">\n<p data-start=\"1092\" data-end=\"1159\">meilleure r\u00e9sistance \u00e0 l\u2019abrasion compar\u00e9e \u00e0 l\u2019acier HSS classique.<\/p>\n<\/li>\n<\/ul>\n<p data-start=\"1161\" data-end=\"1319\">Cela garantit que le filetage maintient une qualit\u00e9 de filetage r\u00e9p\u00e9table et des param\u00e8tres d\u2019usinage stables, m\u00eame avec de longs cycles et des mat\u00e9riaux plus difficiles \u00e0 usiner.<\/p>\n<h3 data-start=\"1326\" data-end=\"1387\"><strong data-start=\"1329\" data-end=\"1387\">Rev\u00eatement TiCN \u2013 r\u00e9sistance accrue et friction r\u00e9duite<\/strong><\/h3>\n<p data-start=\"1388\" data-end=\"1492\">Le rev\u00eatement TiCN (carbonitrire de titane) conf\u00e8re \u00e0 l\u2019outil sa teinte gris fonc\u00e9 caract\u00e9ristique et garantit :<\/p>\n<ul data-start=\"1494\" data-end=\"1696\">\n<li data-start=\"1494\" data-end=\"1563\">\n<p data-start=\"1496\" data-end=\"1563\">une r\u00e9sistance \u00e0 l\u2019abrasion bien sup\u00e9rieure \u00e0 celle du rev\u00eatement classique TiN,<\/p>\n<\/li>\n<li data-start=\"1564\" data-end=\"1595\">\n<p data-start=\"1566\" data-end=\"1595\">coefficient de friction plus faible,<\/p>\n<\/li>\n<li data-start=\"1596\" data-end=\"1643\">\n<p data-start=\"1598\" data-end=\"1643\">Meilleur contr\u00f4le de la chaleur dans la zone de coupe,<\/p>\n<\/li>\n<li data-start=\"1644\" data-end=\"1696\">\n<p data-start=\"1646\" data-end=\"1696\">am\u00e9lioration de la qualit\u00e9 de surface du filetage fabriqu\u00e9.<\/p>\n<\/li>\n<\/ul>\n<p data-start=\"1698\" data-end=\"1825\">Cette solution est id\u00e9ale pour les mat\u00e9riaux \u00e0 plus grande r\u00e9sistance et pour les proc\u00e9d\u00e9s o\u00f9 la dur\u00e9e de vie des outils est cruciale.<\/p>\n<h3 data-start=\"1832\" data-end=\"1884\"><strong data-start=\"1835\" data-end=\"1884\">G\u00e9om\u00e9trie de type C \u2013 pour trous aveugles<\/strong><\/h3>\n<p data-start=\"1885\" data-end=\"1979\">La version C du <strong data-start=\"1905\" data-end=\"1910\">robinet<\/strong> poss\u00e8de un raccourci (2-3 bobines) et des rainures en spirale, ce qui permet :<\/p>\n<ul data-start=\"1981\" data-end=\"2140\">\n<li data-start=\"1981\" data-end=\"2023\">\n<p data-start=\"1983\" data-end=\"2023\">d\u00e9charge effective de la puce vers le haut,<\/p>\n<\/li>\n<li data-start=\"2024\" data-end=\"2075\">\n<p data-start=\"2026\" data-end=\"2075\">Enfilage s\u00fbr des trous aveugles,<\/p>\n<\/li>\n<li data-start=\"2076\" data-end=\"2140\">\n<p data-start=\"2078\" data-end=\"2140\">travail dans des mat\u00e9riaux mall\u00e9ables et des aciers structurels.<\/p>\n<\/li>\n<\/ul>\n<p data-start=\"2142\" data-end=\"2250\">C\u2019est une g\u00e9om\u00e9trie con\u00e7ue pour un formage de filetage pr\u00e9cis l\u00e0 o\u00f9 l\u2019espace des puces est limit\u00e9.<\/p>\n<h3 data-start=\"2257\" data-end=\"2328\"><strong data-start=\"2260\" data-end=\"2328\">Norme DIN 371 \u2013 tige renforc\u00e9e pour un travail m\u00e9canique de pr\u00e9cision<\/strong><\/h3>\n<p data-start=\"2329\" data-end=\"2354\">La norme DIN 371 signifie :<\/p>\n<ul data-start=\"2356\" data-end=\"2522\">\n<li data-start=\"2356\" data-end=\"2389\">\n<p data-start=\"2358\" data-end=\"2389\"><strong data-start=\"2358\" data-end=\"2386\">Prise renforc\u00e9e, fine<\/strong>,<\/p>\n<\/li>\n<li data-start=\"2390\" data-end=\"2425\">\n<p data-start=\"2392\" data-end=\"2425\">rigidit\u00e9 accrue de l\u2019outil,<\/p>\n<\/li>\n<li data-start=\"2426\" data-end=\"2490\">\n<p data-start=\"2428\" data-end=\"2490\">Guidage stable \u00e0 prise lors de l\u2019usinage,<\/p>\n<\/li>\n<li data-start=\"2491\" data-end=\"2522\">\n<p data-start=\"2493\" data-end=\"2522\">Une grande r\u00e9p\u00e9tabilit\u00e9 du processus.<\/p>\n<\/li>\n<\/ul>\n<p data-start=\"2524\" data-end=\"2639\">Les robinets fabriqu\u00e9s selon cette norme sont parfaits pour les machines-outils CNC et les machines conventionnelles.<\/p>\n<p data-start=\"2666\" data-end=\"2724\"><strong>Le robinet DIN 371 C HSSE TiCN convient \u00e0 l\u2019usinage :<\/strong><\/p>\n<ul data-start=\"2726\" data-end=\"2913\">\n<li data-start=\"2726\" data-end=\"2752\">\n<p data-start=\"2728\" data-end=\"2752\">Aciers structurels,<\/p>\n<\/li>\n<li data-start=\"2753\" data-end=\"2790\">\n<p data-start=\"2755\" data-end=\"2790\">aciers \u00e0 faible alliage et alliages,<\/p>\n<\/li>\n<li data-start=\"2791\" data-end=\"2846\">\n<p data-start=\"2793\" data-end=\"2846\">mat\u00e9riaux de r\u00e9sistance moyenne et \u00e9lev\u00e9e,<\/p>\n<\/li>\n<li data-start=\"2847\" data-end=\"2913\">\n<p data-start=\"2849\" data-end=\"2913\">des m\u00e9taux o\u00f9 un transport efficace des puces vers le sommet est n\u00e9cessaire.<\/p>\n<\/li>\n<\/ul>\n<p data-start=\"2915\" data-end=\"3060\">C\u2019est un outil professionnel qui garantit une grande durabilit\u00e9, une grande r\u00e9p\u00e9tabilit\u00e9 et une fiabilit\u00e9 des proc\u00e9d\u00e9s, tant en s\u00e9rie qu\u2019en production.<\/p>\n","protected":false},"excerpt":{"rendered":"<p>Le robinet de machine DIN 371 C HSSE TiCN est un outil de pr\u00e9cision con\u00e7u pour le filetage interne dans les aciers structurels, les aciers \u00e0 faible alliage, ainsi que [&hellip;]<\/p>\n","protected":false},"featured_media":8404,"template":"","meta":{"_acf_changed":false},"product_brand":[],"product_cat":[174,177,178],"product_tag":[],"class_list":{"0":"post-12644","1":"product","2":"type-product","3":"status-publish","4":"has-post-thumbnail","6":"product_cat-outils","7":"product_cat-prises-mecaniques","8":"product_cat-taps","10":"first","11":"instock","12":"taxable","13":"shipping-taxable","14":"purchasable","15":"product-type-variable","16":"has-default-attributes"},"acf":[],"yoast_head":"<!-- This site is optimized with the Yoast SEO plugin v27.5 - https:\/\/yoast.com\/product\/yoast-seo-wordpress\/ -->\n<title>Prise DIN 371 C HSSE TiCN \u2013 pour trous aveugles<\/title>\n<meta name=\"description\" content=\"DIN 371 C HSSE TiCN pour trous aveugles. L\u2019acier HSSE durable, le rev\u00eatement TiCN et la g\u00e9om\u00e9trie h\u00e9lico\u00efdale garantissent pr\u00e9cision et une dur\u00e9e de vie plus longue.\" \/>\n<meta name=\"robots\" content=\"index, follow, max-snippet:-1, max-image-preview:large, max-video-preview:-1\" \/>\n<link rel=\"canonical\" href=\"https:\/\/www.koro.net.pl\/fr\/produkt\/prise-a-prise-machine-din-371-c-hsse-ticn-pour-trous-aveugles-koronet\/\" \/>\n<meta property=\"og:locale\" content=\"fr_FR\" \/>\n<meta property=\"og:type\" content=\"article\" \/>\n<meta property=\"og:title\" content=\"Prise DIN 371 C HSSE TiCN \u2013 pour trous aveugles\" \/>\n<meta property=\"og:description\" content=\"DIN 371 C HSSE TiCN pour trous aveugles. L\u2019acier HSSE durable, le rev\u00eatement TiCN et la g\u00e9om\u00e9trie h\u00e9lico\u00efdale garantissent pr\u00e9cision et une dur\u00e9e de vie plus longue.\" \/>\n<meta property=\"og:url\" content=\"https:\/\/www.koro.net.pl\/fr\/produkt\/prise-a-prise-machine-din-371-c-hsse-ticn-pour-trous-aveugles-koronet\/\" \/>\n<meta property=\"og:site_name\" content=\"Koronet\" \/>\n<meta property=\"og:image\" content=\"https:\/\/www.koro.net.pl\/wp-content\/uploads\/2025\/11\/DIN371C-HSSE-TiCN.1.png\" \/>\n\t<meta property=\"og:image:width\" content=\"800\" \/>\n\t<meta property=\"og:image:height\" content=\"800\" \/>\n\t<meta property=\"og:image:type\" content=\"image\/png\" \/>\n<meta name=\"twitter:card\" content=\"summary_large_image\" \/>\n<meta name=\"twitter:label1\" content=\"Dur\u00e9e de lecture estim\u00e9e\" \/>\n\t<meta name=\"twitter:data1\" content=\"2 minutes\" \/>\n<script type=\"application\/ld+json\" class=\"yoast-schema-graph\">{\"@context\":\"https:\\\/\\\/schema.org\",\"@graph\":[{\"@type\":\"WebPage\",\"@id\":\"https:\\\/\\\/www.koro.net.pl\\\/fr\\\/produkt\\\/prise-a-prise-machine-din-371-c-hsse-ticn-pour-trous-aveugles-koronet\\\/\",\"url\":\"https:\\\/\\\/www.koro.net.pl\\\/fr\\\/produkt\\\/prise-a-prise-machine-din-371-c-hsse-ticn-pour-trous-aveugles-koronet\\\/\",\"name\":\"Prise DIN 371 C HSSE TiCN \u2013 pour trous aveugles\",\"isPartOf\":{\"@id\":\"https:\\\/\\\/www.koro.net.pl\\\/fr\\\/#website\"},\"primaryImageOfPage\":{\"@id\":\"https:\\\/\\\/www.koro.net.pl\\\/fr\\\/produkt\\\/prise-a-prise-machine-din-371-c-hsse-ticn-pour-trous-aveugles-koronet\\\/#primaryimage\"},\"image\":{\"@id\":\"https:\\\/\\\/www.koro.net.pl\\\/fr\\\/produkt\\\/prise-a-prise-machine-din-371-c-hsse-ticn-pour-trous-aveugles-koronet\\\/#primaryimage\"},\"thumbnailUrl\":\"https:\\\/\\\/www.koro.net.pl\\\/wp-content\\\/uploads\\\/2025\\\/11\\\/DIN371C-HSSE-TiCN.1.png\",\"datePublished\":\"2025-11-28T14:41:50+00:00\",\"description\":\"DIN 371 C HSSE TiCN pour trous aveugles. L\u2019acier HSSE durable, le rev\u00eatement TiCN et la g\u00e9om\u00e9trie h\u00e9lico\u00efdale garantissent pr\u00e9cision et une dur\u00e9e de vie plus longue.\",\"breadcrumb\":{\"@id\":\"https:\\\/\\\/www.koro.net.pl\\\/fr\\\/produkt\\\/prise-a-prise-machine-din-371-c-hsse-ticn-pour-trous-aveugles-koronet\\\/#breadcrumb\"},\"inLanguage\":\"fr-FR\",\"potentialAction\":[{\"@type\":\"ReadAction\",\"target\":[\"https:\\\/\\\/www.koro.net.pl\\\/fr\\\/produkt\\\/prise-a-prise-machine-din-371-c-hsse-ticn-pour-trous-aveugles-koronet\\\/\"]}]},{\"@type\":\"ImageObject\",\"inLanguage\":\"fr-FR\",\"@id\":\"https:\\\/\\\/www.koro.net.pl\\\/fr\\\/produkt\\\/prise-a-prise-machine-din-371-c-hsse-ticn-pour-trous-aveugles-koronet\\\/#primaryimage\",\"url\":\"https:\\\/\\\/www.koro.net.pl\\\/wp-content\\\/uploads\\\/2025\\\/11\\\/DIN371C-HSSE-TiCN.1.png\",\"contentUrl\":\"https:\\\/\\\/www.koro.net.pl\\\/wp-content\\\/uploads\\\/2025\\\/11\\\/DIN371C-HSSE-TiCN.1.png\",\"width\":800,\"height\":800,\"caption\":\"Gwintownik maszynowy DIN 371 C HSSE TiCN \u2013 widok og\u00f3lny narz\u0119dzia z pe\u0142n\u0105 d\u0142ugo\u015bci\u0105 i spiralnymi rowkami.\"},{\"@type\":\"BreadcrumbList\",\"@id\":\"https:\\\/\\\/www.koro.net.pl\\\/fr\\\/produkt\\\/prise-a-prise-machine-din-371-c-hsse-ticn-pour-trous-aveugles-koronet\\\/#breadcrumb\",\"itemListElement\":[{\"@type\":\"ListItem\",\"position\":1,\"name\":\"Strona g\u0142\u00f3wna\",\"item\":\"https:\\\/\\\/www.koro.net.pl\\\/fr\\\/\"},{\"@type\":\"ListItem\",\"position\":2,\"name\":\"Prise \u00e0 prise machine DIN 371 C HSSE TiCN \u2013 pour trous aveugles &#8211; Koronet\"}]},{\"@type\":\"WebSite\",\"@id\":\"https:\\\/\\\/www.koro.net.pl\\\/fr\\\/#website\",\"url\":\"https:\\\/\\\/www.koro.net.pl\\\/fr\\\/\",\"name\":\"Koronet\",\"description\":\"\",\"publisher\":{\"@id\":\"https:\\\/\\\/www.koro.net.pl\\\/fr\\\/#organization\"},\"potentialAction\":[{\"@type\":\"SearchAction\",\"target\":{\"@type\":\"EntryPoint\",\"urlTemplate\":\"https:\\\/\\\/www.koro.net.pl\\\/fr\\\/?s={search_term_string}\"},\"query-input\":{\"@type\":\"PropertyValueSpecification\",\"valueRequired\":true,\"valueName\":\"search_term_string\"}}],\"inLanguage\":\"fr-FR\"},{\"@type\":\"Organization\",\"@id\":\"https:\\\/\\\/www.koro.net.pl\\\/fr\\\/#organization\",\"name\":\"Koronet\",\"alternateName\":\"Koronet\",\"url\":\"https:\\\/\\\/www.koro.net.pl\\\/fr\\\/\",\"logo\":{\"@type\":\"ImageObject\",\"inLanguage\":\"fr-FR\",\"@id\":\"https:\\\/\\\/www.koro.net.pl\\\/fr\\\/#\\\/schema\\\/logo\\\/image\\\/\",\"url\":\"https:\\\/\\\/www.koro.net.pl\\\/wp-content\\\/uploads\\\/2025\\\/02\\\/Koronet-spolka-z-o.o.png\",\"contentUrl\":\"https:\\\/\\\/www.koro.net.pl\\\/wp-content\\\/uploads\\\/2025\\\/02\\\/Koronet-spolka-z-o.o.png\",\"width\":696,\"height\":696,\"caption\":\"Koronet\"},\"image\":{\"@id\":\"https:\\\/\\\/www.koro.net.pl\\\/fr\\\/#\\\/schema\\\/logo\\\/image\\\/\"}}]}<\/script>\n<!-- \/ Yoast SEO plugin. -->","yoast_head_json":{"title":"Prise DIN 371 C HSSE TiCN \u2013 pour trous aveugles","description":"DIN 371 C HSSE TiCN pour trous aveugles. L\u2019acier HSSE durable, le rev\u00eatement TiCN et la g\u00e9om\u00e9trie h\u00e9lico\u00efdale garantissent pr\u00e9cision et une dur\u00e9e de vie plus longue.","robots":{"index":"index","follow":"follow","max-snippet":"max-snippet:-1","max-image-preview":"max-image-preview:large","max-video-preview":"max-video-preview:-1"},"canonical":"https:\/\/www.koro.net.pl\/fr\/produkt\/prise-a-prise-machine-din-371-c-hsse-ticn-pour-trous-aveugles-koronet\/","og_locale":"fr_FR","og_type":"article","og_title":"Prise DIN 371 C HSSE TiCN \u2013 pour trous aveugles","og_description":"DIN 371 C HSSE TiCN pour trous aveugles. L\u2019acier HSSE durable, le rev\u00eatement TiCN et la g\u00e9om\u00e9trie h\u00e9lico\u00efdale garantissent pr\u00e9cision et une dur\u00e9e de vie plus longue.","og_url":"https:\/\/www.koro.net.pl\/fr\/produkt\/prise-a-prise-machine-din-371-c-hsse-ticn-pour-trous-aveugles-koronet\/","og_site_name":"Koronet","og_image":[{"width":800,"height":800,"url":"https:\/\/www.koro.net.pl\/wp-content\/uploads\/2025\/11\/DIN371C-HSSE-TiCN.1.png","type":"image\/png"}],"twitter_card":"summary_large_image","twitter_misc":{"Dur\u00e9e de lecture estim\u00e9e":"2 minutes"},"schema":{"@context":"https:\/\/schema.org","@graph":[{"@type":"WebPage","@id":"https:\/\/www.koro.net.pl\/fr\/produkt\/prise-a-prise-machine-din-371-c-hsse-ticn-pour-trous-aveugles-koronet\/","url":"https:\/\/www.koro.net.pl\/fr\/produkt\/prise-a-prise-machine-din-371-c-hsse-ticn-pour-trous-aveugles-koronet\/","name":"Prise DIN 371 C HSSE TiCN \u2013 pour trous aveugles","isPartOf":{"@id":"https:\/\/www.koro.net.pl\/fr\/#website"},"primaryImageOfPage":{"@id":"https:\/\/www.koro.net.pl\/fr\/produkt\/prise-a-prise-machine-din-371-c-hsse-ticn-pour-trous-aveugles-koronet\/#primaryimage"},"image":{"@id":"https:\/\/www.koro.net.pl\/fr\/produkt\/prise-a-prise-machine-din-371-c-hsse-ticn-pour-trous-aveugles-koronet\/#primaryimage"},"thumbnailUrl":"https:\/\/www.koro.net.pl\/wp-content\/uploads\/2025\/11\/DIN371C-HSSE-TiCN.1.png","datePublished":"2025-11-28T14:41:50+00:00","description":"DIN 371 C HSSE TiCN pour trous aveugles. L\u2019acier HSSE durable, le rev\u00eatement TiCN et la g\u00e9om\u00e9trie h\u00e9lico\u00efdale garantissent pr\u00e9cision et une dur\u00e9e de vie plus longue.","breadcrumb":{"@id":"https:\/\/www.koro.net.pl\/fr\/produkt\/prise-a-prise-machine-din-371-c-hsse-ticn-pour-trous-aveugles-koronet\/#breadcrumb"},"inLanguage":"fr-FR","potentialAction":[{"@type":"ReadAction","target":["https:\/\/www.koro.net.pl\/fr\/produkt\/prise-a-prise-machine-din-371-c-hsse-ticn-pour-trous-aveugles-koronet\/"]}]},{"@type":"ImageObject","inLanguage":"fr-FR","@id":"https:\/\/www.koro.net.pl\/fr\/produkt\/prise-a-prise-machine-din-371-c-hsse-ticn-pour-trous-aveugles-koronet\/#primaryimage","url":"https:\/\/www.koro.net.pl\/wp-content\/uploads\/2025\/11\/DIN371C-HSSE-TiCN.1.png","contentUrl":"https:\/\/www.koro.net.pl\/wp-content\/uploads\/2025\/11\/DIN371C-HSSE-TiCN.1.png","width":800,"height":800,"caption":"Gwintownik maszynowy DIN 371 C HSSE TiCN \u2013 widok og\u00f3lny narz\u0119dzia z pe\u0142n\u0105 d\u0142ugo\u015bci\u0105 i spiralnymi rowkami."},{"@type":"BreadcrumbList","@id":"https:\/\/www.koro.net.pl\/fr\/produkt\/prise-a-prise-machine-din-371-c-hsse-ticn-pour-trous-aveugles-koronet\/#breadcrumb","itemListElement":[{"@type":"ListItem","position":1,"name":"Strona g\u0142\u00f3wna","item":"https:\/\/www.koro.net.pl\/fr\/"},{"@type":"ListItem","position":2,"name":"Prise \u00e0 prise machine DIN 371 C HSSE TiCN \u2013 pour trous aveugles &#8211; Koronet"}]},{"@type":"WebSite","@id":"https:\/\/www.koro.net.pl\/fr\/#website","url":"https:\/\/www.koro.net.pl\/fr\/","name":"Koronet","description":"","publisher":{"@id":"https:\/\/www.koro.net.pl\/fr\/#organization"},"potentialAction":[{"@type":"SearchAction","target":{"@type":"EntryPoint","urlTemplate":"https:\/\/www.koro.net.pl\/fr\/?s={search_term_string}"},"query-input":{"@type":"PropertyValueSpecification","valueRequired":true,"valueName":"search_term_string"}}],"inLanguage":"fr-FR"},{"@type":"Organization","@id":"https:\/\/www.koro.net.pl\/fr\/#organization","name":"Koronet","alternateName":"Koronet","url":"https:\/\/www.koro.net.pl\/fr\/","logo":{"@type":"ImageObject","inLanguage":"fr-FR","@id":"https:\/\/www.koro.net.pl\/fr\/#\/schema\/logo\/image\/","url":"https:\/\/www.koro.net.pl\/wp-content\/uploads\/2025\/02\/Koronet-spolka-z-o.o.png","contentUrl":"https:\/\/www.koro.net.pl\/wp-content\/uploads\/2025\/02\/Koronet-spolka-z-o.o.png","width":696,"height":696,"caption":"Koronet"},"image":{"@id":"https:\/\/www.koro.net.pl\/fr\/#\/schema\/logo\/image\/"}}]}},"_links":{"self":[{"href":"https:\/\/www.koro.net.pl\/fr\/wp-json\/wp\/v2\/product\/12644","targetHints":{"allow":["GET"]}}],"collection":[{"href":"https:\/\/www.koro.net.pl\/fr\/wp-json\/wp\/v2\/product"}],"about":[{"href":"https:\/\/www.koro.net.pl\/fr\/wp-json\/wp\/v2\/types\/product"}],"wp:featuredmedia":[{"embeddable":true,"href":"https:\/\/www.koro.net.pl\/fr\/wp-json\/wp\/v2\/media\/8404"}],"wp:attachment":[{"href":"https:\/\/www.koro.net.pl\/fr\/wp-json\/wp\/v2\/media?parent=12644"}],"wp:term":[{"taxonomy":"product_brand","embeddable":true,"href":"https:\/\/www.koro.net.pl\/fr\/wp-json\/wp\/v2\/product_brand?post=12644"},{"taxonomy":"product_cat","embeddable":true,"href":"https:\/\/www.koro.net.pl\/fr\/wp-json\/wp\/v2\/product_cat?post=12644"},{"taxonomy":"product_tag","embeddable":true,"href":"https:\/\/www.koro.net.pl\/fr\/wp-json\/wp\/v2\/product_tag?post=12644"}],"curies":[{"name":"wp","href":"https:\/\/api.w.org\/{rel}","templated":true}]}}