{"id":12624,"date":"2025-11-14T10:51:31","date_gmt":"2025-11-14T09:51:31","guid":{"rendered":"https:\/\/www.koro.net.pl\/produkt\/prise-a-la-machine-aveugle-hsse-pm-supreme-900x-din-371-c-koronet\/"},"modified":"2025-11-14T10:51:31","modified_gmt":"2025-11-14T09:51:31","slug":"prise-a-la-machine-aveugle-hsse-pm-supreme-900x-din-371-c-koronet","status":"publish","type":"product","link":"https:\/\/www.koro.net.pl\/fr\/produkt\/prise-a-la-machine-aveugle-hsse-pm-supreme-900x-din-371-c-koronet\/","title":{"rendered":"Prise \u00e0 la machine aveugle HSSE-PM SUPREME 900X \u2013 DIN 371 C &#8211; Koronet"},"content":{"rendered":"<p data-start=\"402\" data-end=\"845\">Le <a href=\"https:\/\/www.koro.net.pl\/fr\/produkty\/taps\/\">robinet<\/a> <strong data-start=\"423\" data-end=\"447\">Koronet SUPREME 900X<\/strong> est un outil haut de gamme con\u00e7u pour un filetage interne pr\u00e9cis dans des mat\u00e9riaux m\u00e9talliques exigeants. Fabriqu\u00e9 en <strong data-start=\"587\" data-end=\"628\">acier haute vitesse en poudre HSSE-PM<\/strong> et \u00e9quip\u00e9 d\u2019un rev\u00eatement <strong data-start=\"676\" data-end=\"689\">avanc\u00e9 en AlCrN<\/strong>, il offre une dur\u00e9e de vie et une stabilit\u00e9 de proc\u00e9d\u00e9 nettement sup\u00e9rieures aux robinets standards recouverts de couches traditionnelles telles que <strong data-start=\"828\" data-end=\"835\">TiN<\/strong> ou TiCN. <\/p>\n<p data-start=\"885\" data-end=\"1141\"><strong data-start=\"885\" data-end=\"923\">\u2022 Acier HSSE-PM (m\u00e9tallurgie des poudres)<\/strong><br data-start=\"923\" data-end=\"926\">Un mat\u00e9riau \u00e0 structure homog\u00e8ne et fine, offrant une tr\u00e8s grande r\u00e9sistance aux charges de torsion et minimisant le risque d\u2019\u00e9caillage des bords lors du filetage de mat\u00e9riaux plus difficiles \u00e0 traiter.<\/p>\n<p data-start=\"1143\" data-end=\"1541\"><strong data-start=\"1143\" data-end=\"1185\">\u2022 Rev\u00eatement premium \u2013 SUPREME 900X<\/strong><br data-start=\"1185\" data-end=\"1188\">Le rev\u00eatement avanc\u00e9 \u00e0 base d\u2019AlCrN se caract\u00e9rise par :<br data-start=\"1247\" data-end=\"1250\">\u2013 tr\u00e8s haute duret\u00e9 et r\u00e9sistance \u00e0 l\u2019abrasion,<br data-start=\"1304\" data-end=\"1307\">\u2013 une stabilit\u00e9 thermique accrue,<br data-start=\"1343\" data-end=\"1346\">\u2013 minimiser l\u2019adh\u00e9rence des puces,<br data-start=\"1381\" data-end=\"1384\">\u2013 une dur\u00e9e de vie de l\u2019outil plus longue compar\u00e9e aux rev\u00eatements TiN.<br data-start=\"1445\" data-end=\"1448\">Cela vous permet de travailler avec des param\u00e8tres de coupe plus \u00e9lev\u00e9s et dans des grades d\u2019acier plus difficiles.<\/p>\n<p data-start=\"1543\" data-end=\"1760\"><strong data-start=\"1543\" data-end=\"1596\">\u2022 G\u00e9om\u00e9trie en spirale \u2013 pour les trous aveugles<\/strong><br data-start=\"1596\" data-end=\"1599\">L\u2019angle d\u2019h\u00e9lice \u00e9lev\u00e9 assure un guidage efficace vers l\u2019ext\u00e9rieur des puces, ce qui augmente la s\u00e9curit\u00e9 des proc\u00e9d\u00e9s dans les trous aveugles et r\u00e9duit le risque de bloquage.<\/p>\n<p data-start=\"1762\" data-end=\"1987\"><strong data-start=\"1762\" data-end=\"1803\">\u2022 Norme DIN 371 \u2013 arbre renforc\u00e9<\/strong><br data-start=\"1803\" data-end=\"1806\">Prise \u00e0 tige renforc\u00e9e, utilis\u00e9e dans des outils fabriqu\u00e9s en mat\u00e9riaux de meilleure qualit\u00e9. Il assure une tenue de route stable et augmente la r\u00e9sistance aux charges de torsion. <\/p>\n<p data-start=\"1989\" data-end=\"2158\"><strong data-start=\"1989\" data-end=\"2021\">\u2022 Version C \u2013 2-3 tours chanfrein\u00e9s<\/strong><br data-start=\"2021\" data-end=\"2024\">La solution optimale pour enfileter les trous aveugles, garantissant une insertion facile de l\u2019outil et une g\u00e9om\u00e9trie de filetage pr\u00e9cise.<\/p>\n<p data-start=\"2182\" data-end=\"2446\"><strong>Le robinet SUPREME 900X est con\u00e7u pour le traitement :<\/strong><br data-start=\"2235\" data-end=\"2238\">\u2022 aciers structurels et \u00e0 faible alliage,<br data-start=\"2279\" data-end=\"2282\">\u2022 les aciers alli\u00e9s \u00e0 r\u00e9sistance accrue,<br data-start=\"2329\" data-end=\"2332\">\u2022 aciers inoxydables (A2, A4),<br data-start=\"2362\" data-end=\"2365\">\u2022 aciers trait\u00e9s thermiquement,<br data-start=\"2394\" data-end=\"2397\">\u2022 mat\u00e9riaux sujets \u00e0 la croissance sur le bord.<\/p>\n<p data-start=\"2448\" data-end=\"2640\">Recommand\u00e9 lorsque la grande r\u00e9p\u00e9tabilit\u00e9, la dur\u00e9e de vie longue de l\u2019outil et la stabilit\u00e9 du proc\u00e9d\u00e9 sont requises \u2013 aussi bien sur les machines CNC que sur les t\u00eates de pr\u00e9cision des machines conventionnelles.<\/p>\n","protected":false},"excerpt":{"rendered":"<p>Le robinet Koronet SUPREME 900X est un outil haut de gamme con\u00e7u pour un filetage interne pr\u00e9cis dans des mat\u00e9riaux m\u00e9talliques exigeants. Fabriqu\u00e9 en acier haute vitesse en poudre HSSE-PM [&hellip;]<\/p>\n","protected":false},"featured_media":8195,"template":"","meta":{"_acf_changed":false},"product_brand":[],"product_cat":[174,177,178],"product_tag":[],"class_list":{"0":"post-12624","1":"product","2":"type-product","3":"status-publish","4":"has-post-thumbnail","6":"product_cat-outils","7":"product_cat-prises-mecaniques","8":"product_cat-taps","10":"first","11":"instock","12":"taxable","13":"shipping-taxable","14":"purchasable","15":"product-type-variable","16":"has-default-attributes"},"acf":[],"yoast_head":"<!-- This site is optimized with the Yoast SEO plugin v27.5 - https:\/\/yoast.com\/product\/yoast-seo-wordpress\/ -->\n<title>Prise \u00e0 la machine HSSE-PM 900X DIN 371 C \u2013 spirale<\/title>\n<meta name=\"description\" content=\"Roubinet spirale HSSE-PM avec rev\u00eatement premium 900X. Pour les aciers de structure, les aciers inoxydables et les aciers alli\u00e9s. Durable, pr\u00e9cis, professionnel.\" \/>\n<meta name=\"robots\" content=\"index, follow, max-snippet:-1, max-image-preview:large, max-video-preview:-1\" \/>\n<link rel=\"canonical\" href=\"https:\/\/www.koro.net.pl\/fr\/produkt\/prise-a-la-machine-aveugle-hsse-pm-supreme-900x-din-371-c-koronet\/\" \/>\n<meta property=\"og:locale\" content=\"fr_FR\" \/>\n<meta property=\"og:type\" content=\"article\" \/>\n<meta property=\"og:title\" content=\"Prise \u00e0 la machine HSSE-PM 900X DIN 371 C \u2013 spirale\" \/>\n<meta property=\"og:description\" content=\"Roubinet spirale HSSE-PM avec rev\u00eatement premium 900X. Pour les aciers de structure, les aciers inoxydables et les aciers alli\u00e9s. Durable, pr\u00e9cis, professionnel.\" \/>\n<meta property=\"og:url\" content=\"https:\/\/www.koro.net.pl\/fr\/produkt\/prise-a-la-machine-aveugle-hsse-pm-supreme-900x-din-371-c-koronet\/\" \/>\n<meta property=\"og:site_name\" content=\"Koronet\" \/>\n<meta property=\"og:image\" content=\"https:\/\/www.koro.net.pl\/wp-content\/uploads\/2025\/11\/gwintownik-stojacy-1.png\" \/>\n\t<meta property=\"og:image:width\" content=\"800\" \/>\n\t<meta property=\"og:image:height\" content=\"800\" \/>\n\t<meta property=\"og:image:type\" content=\"image\/png\" \/>\n<meta name=\"twitter:card\" content=\"summary_large_image\" \/>\n<meta name=\"twitter:label1\" content=\"Dur\u00e9e de lecture estim\u00e9e\" \/>\n\t<meta name=\"twitter:data1\" content=\"2 minutes\" \/>\n<script type=\"application\/ld+json\" class=\"yoast-schema-graph\">{\"@context\":\"https:\\\/\\\/schema.org\",\"@graph\":[{\"@type\":\"WebPage\",\"@id\":\"https:\\\/\\\/www.koro.net.pl\\\/fr\\\/produkt\\\/prise-a-la-machine-aveugle-hsse-pm-supreme-900x-din-371-c-koronet\\\/\",\"url\":\"https:\\\/\\\/www.koro.net.pl\\\/fr\\\/produkt\\\/prise-a-la-machine-aveugle-hsse-pm-supreme-900x-din-371-c-koronet\\\/\",\"name\":\"Prise \u00e0 la machine HSSE-PM 900X DIN 371 C \u2013 spirale\",\"isPartOf\":{\"@id\":\"https:\\\/\\\/www.koro.net.pl\\\/fr\\\/#website\"},\"primaryImageOfPage\":{\"@id\":\"https:\\\/\\\/www.koro.net.pl\\\/fr\\\/produkt\\\/prise-a-la-machine-aveugle-hsse-pm-supreme-900x-din-371-c-koronet\\\/#primaryimage\"},\"image\":{\"@id\":\"https:\\\/\\\/www.koro.net.pl\\\/fr\\\/produkt\\\/prise-a-la-machine-aveugle-hsse-pm-supreme-900x-din-371-c-koronet\\\/#primaryimage\"},\"thumbnailUrl\":\"https:\\\/\\\/www.koro.net.pl\\\/wp-content\\\/uploads\\\/2025\\\/11\\\/gwintownik-stojacy-1.png\",\"datePublished\":\"2025-11-14T09:51:31+00:00\",\"description\":\"Roubinet spirale HSSE-PM avec rev\u00eatement premium 900X. Pour les aciers de structure, les aciers inoxydables et les aciers alli\u00e9s. Durable, pr\u00e9cis, professionnel.\",\"breadcrumb\":{\"@id\":\"https:\\\/\\\/www.koro.net.pl\\\/fr\\\/produkt\\\/prise-a-la-machine-aveugle-hsse-pm-supreme-900x-din-371-c-koronet\\\/#breadcrumb\"},\"inLanguage\":\"fr-FR\",\"potentialAction\":[{\"@type\":\"ReadAction\",\"target\":[\"https:\\\/\\\/www.koro.net.pl\\\/fr\\\/produkt\\\/prise-a-la-machine-aveugle-hsse-pm-supreme-900x-din-371-c-koronet\\\/\"]}]},{\"@type\":\"ImageObject\",\"inLanguage\":\"fr-FR\",\"@id\":\"https:\\\/\\\/www.koro.net.pl\\\/fr\\\/produkt\\\/prise-a-la-machine-aveugle-hsse-pm-supreme-900x-din-371-c-koronet\\\/#primaryimage\",\"url\":\"https:\\\/\\\/www.koro.net.pl\\\/wp-content\\\/uploads\\\/2025\\\/11\\\/gwintownik-stojacy-1.png\",\"contentUrl\":\"https:\\\/\\\/www.koro.net.pl\\\/wp-content\\\/uploads\\\/2025\\\/11\\\/gwintownik-stojacy-1.png\",\"width\":800,\"height\":800,\"caption\":\"Gwintownik maszynowy HSSE-PM\"},{\"@type\":\"BreadcrumbList\",\"@id\":\"https:\\\/\\\/www.koro.net.pl\\\/fr\\\/produkt\\\/prise-a-la-machine-aveugle-hsse-pm-supreme-900x-din-371-c-koronet\\\/#breadcrumb\",\"itemListElement\":[{\"@type\":\"ListItem\",\"position\":1,\"name\":\"Strona g\u0142\u00f3wna\",\"item\":\"https:\\\/\\\/www.koro.net.pl\\\/fr\\\/\"},{\"@type\":\"ListItem\",\"position\":2,\"name\":\"Prise \u00e0 la machine aveugle HSSE-PM SUPREME 900X \u2013 DIN 371 C &#8211; Koronet\"}]},{\"@type\":\"WebSite\",\"@id\":\"https:\\\/\\\/www.koro.net.pl\\\/fr\\\/#website\",\"url\":\"https:\\\/\\\/www.koro.net.pl\\\/fr\\\/\",\"name\":\"Koronet\",\"description\":\"\",\"publisher\":{\"@id\":\"https:\\\/\\\/www.koro.net.pl\\\/fr\\\/#organization\"},\"potentialAction\":[{\"@type\":\"SearchAction\",\"target\":{\"@type\":\"EntryPoint\",\"urlTemplate\":\"https:\\\/\\\/www.koro.net.pl\\\/fr\\\/?s={search_term_string}\"},\"query-input\":{\"@type\":\"PropertyValueSpecification\",\"valueRequired\":true,\"valueName\":\"search_term_string\"}}],\"inLanguage\":\"fr-FR\"},{\"@type\":\"Organization\",\"@id\":\"https:\\\/\\\/www.koro.net.pl\\\/fr\\\/#organization\",\"name\":\"Koronet\",\"alternateName\":\"Koronet\",\"url\":\"https:\\\/\\\/www.koro.net.pl\\\/fr\\\/\",\"logo\":{\"@type\":\"ImageObject\",\"inLanguage\":\"fr-FR\",\"@id\":\"https:\\\/\\\/www.koro.net.pl\\\/fr\\\/#\\\/schema\\\/logo\\\/image\\\/\",\"url\":\"https:\\\/\\\/www.koro.net.pl\\\/wp-content\\\/uploads\\\/2025\\\/02\\\/Koronet-spolka-z-o.o.png\",\"contentUrl\":\"https:\\\/\\\/www.koro.net.pl\\\/wp-content\\\/uploads\\\/2025\\\/02\\\/Koronet-spolka-z-o.o.png\",\"width\":696,\"height\":696,\"caption\":\"Koronet\"},\"image\":{\"@id\":\"https:\\\/\\\/www.koro.net.pl\\\/fr\\\/#\\\/schema\\\/logo\\\/image\\\/\"}}]}<\/script>\n<!-- \/ Yoast SEO plugin. -->","yoast_head_json":{"title":"Prise \u00e0 la machine HSSE-PM 900X DIN 371 C \u2013 spirale","description":"Roubinet spirale HSSE-PM avec rev\u00eatement premium 900X. Pour les aciers de structure, les aciers inoxydables et les aciers alli\u00e9s. Durable, pr\u00e9cis, professionnel.","robots":{"index":"index","follow":"follow","max-snippet":"max-snippet:-1","max-image-preview":"max-image-preview:large","max-video-preview":"max-video-preview:-1"},"canonical":"https:\/\/www.koro.net.pl\/fr\/produkt\/prise-a-la-machine-aveugle-hsse-pm-supreme-900x-din-371-c-koronet\/","og_locale":"fr_FR","og_type":"article","og_title":"Prise \u00e0 la machine HSSE-PM 900X DIN 371 C \u2013 spirale","og_description":"Roubinet spirale HSSE-PM avec rev\u00eatement premium 900X. Pour les aciers de structure, les aciers inoxydables et les aciers alli\u00e9s. Durable, pr\u00e9cis, professionnel.","og_url":"https:\/\/www.koro.net.pl\/fr\/produkt\/prise-a-la-machine-aveugle-hsse-pm-supreme-900x-din-371-c-koronet\/","og_site_name":"Koronet","og_image":[{"width":800,"height":800,"url":"https:\/\/www.koro.net.pl\/wp-content\/uploads\/2025\/11\/gwintownik-stojacy-1.png","type":"image\/png"}],"twitter_card":"summary_large_image","twitter_misc":{"Dur\u00e9e de lecture estim\u00e9e":"2 minutes"},"schema":{"@context":"https:\/\/schema.org","@graph":[{"@type":"WebPage","@id":"https:\/\/www.koro.net.pl\/fr\/produkt\/prise-a-la-machine-aveugle-hsse-pm-supreme-900x-din-371-c-koronet\/","url":"https:\/\/www.koro.net.pl\/fr\/produkt\/prise-a-la-machine-aveugle-hsse-pm-supreme-900x-din-371-c-koronet\/","name":"Prise \u00e0 la machine HSSE-PM 900X DIN 371 C \u2013 spirale","isPartOf":{"@id":"https:\/\/www.koro.net.pl\/fr\/#website"},"primaryImageOfPage":{"@id":"https:\/\/www.koro.net.pl\/fr\/produkt\/prise-a-la-machine-aveugle-hsse-pm-supreme-900x-din-371-c-koronet\/#primaryimage"},"image":{"@id":"https:\/\/www.koro.net.pl\/fr\/produkt\/prise-a-la-machine-aveugle-hsse-pm-supreme-900x-din-371-c-koronet\/#primaryimage"},"thumbnailUrl":"https:\/\/www.koro.net.pl\/wp-content\/uploads\/2025\/11\/gwintownik-stojacy-1.png","datePublished":"2025-11-14T09:51:31+00:00","description":"Roubinet spirale HSSE-PM avec rev\u00eatement premium 900X. Pour les aciers de structure, les aciers inoxydables et les aciers alli\u00e9s. Durable, pr\u00e9cis, professionnel.","breadcrumb":{"@id":"https:\/\/www.koro.net.pl\/fr\/produkt\/prise-a-la-machine-aveugle-hsse-pm-supreme-900x-din-371-c-koronet\/#breadcrumb"},"inLanguage":"fr-FR","potentialAction":[{"@type":"ReadAction","target":["https:\/\/www.koro.net.pl\/fr\/produkt\/prise-a-la-machine-aveugle-hsse-pm-supreme-900x-din-371-c-koronet\/"]}]},{"@type":"ImageObject","inLanguage":"fr-FR","@id":"https:\/\/www.koro.net.pl\/fr\/produkt\/prise-a-la-machine-aveugle-hsse-pm-supreme-900x-din-371-c-koronet\/#primaryimage","url":"https:\/\/www.koro.net.pl\/wp-content\/uploads\/2025\/11\/gwintownik-stojacy-1.png","contentUrl":"https:\/\/www.koro.net.pl\/wp-content\/uploads\/2025\/11\/gwintownik-stojacy-1.png","width":800,"height":800,"caption":"Gwintownik maszynowy HSSE-PM"},{"@type":"BreadcrumbList","@id":"https:\/\/www.koro.net.pl\/fr\/produkt\/prise-a-la-machine-aveugle-hsse-pm-supreme-900x-din-371-c-koronet\/#breadcrumb","itemListElement":[{"@type":"ListItem","position":1,"name":"Strona g\u0142\u00f3wna","item":"https:\/\/www.koro.net.pl\/fr\/"},{"@type":"ListItem","position":2,"name":"Prise \u00e0 la machine aveugle HSSE-PM SUPREME 900X \u2013 DIN 371 C &#8211; Koronet"}]},{"@type":"WebSite","@id":"https:\/\/www.koro.net.pl\/fr\/#website","url":"https:\/\/www.koro.net.pl\/fr\/","name":"Koronet","description":"","publisher":{"@id":"https:\/\/www.koro.net.pl\/fr\/#organization"},"potentialAction":[{"@type":"SearchAction","target":{"@type":"EntryPoint","urlTemplate":"https:\/\/www.koro.net.pl\/fr\/?s={search_term_string}"},"query-input":{"@type":"PropertyValueSpecification","valueRequired":true,"valueName":"search_term_string"}}],"inLanguage":"fr-FR"},{"@type":"Organization","@id":"https:\/\/www.koro.net.pl\/fr\/#organization","name":"Koronet","alternateName":"Koronet","url":"https:\/\/www.koro.net.pl\/fr\/","logo":{"@type":"ImageObject","inLanguage":"fr-FR","@id":"https:\/\/www.koro.net.pl\/fr\/#\/schema\/logo\/image\/","url":"https:\/\/www.koro.net.pl\/wp-content\/uploads\/2025\/02\/Koronet-spolka-z-o.o.png","contentUrl":"https:\/\/www.koro.net.pl\/wp-content\/uploads\/2025\/02\/Koronet-spolka-z-o.o.png","width":696,"height":696,"caption":"Koronet"},"image":{"@id":"https:\/\/www.koro.net.pl\/fr\/#\/schema\/logo\/image\/"}}]}},"_links":{"self":[{"href":"https:\/\/www.koro.net.pl\/fr\/wp-json\/wp\/v2\/product\/12624","targetHints":{"allow":["GET"]}}],"collection":[{"href":"https:\/\/www.koro.net.pl\/fr\/wp-json\/wp\/v2\/product"}],"about":[{"href":"https:\/\/www.koro.net.pl\/fr\/wp-json\/wp\/v2\/types\/product"}],"wp:featuredmedia":[{"embeddable":true,"href":"https:\/\/www.koro.net.pl\/fr\/wp-json\/wp\/v2\/media\/8195"}],"wp:attachment":[{"href":"https:\/\/www.koro.net.pl\/fr\/wp-json\/wp\/v2\/media?parent=12624"}],"wp:term":[{"taxonomy":"product_brand","embeddable":true,"href":"https:\/\/www.koro.net.pl\/fr\/wp-json\/wp\/v2\/product_brand?post=12624"},{"taxonomy":"product_cat","embeddable":true,"href":"https:\/\/www.koro.net.pl\/fr\/wp-json\/wp\/v2\/product_cat?post=12624"},{"taxonomy":"product_tag","embeddable":true,"href":"https:\/\/www.koro.net.pl\/fr\/wp-json\/wp\/v2\/product_tag?post=12624"}],"curies":[{"name":"wp","href":"https:\/\/api.w.org\/{rel}","templated":true}]}}