{"id":12623,"date":"2025-11-28T14:46:54","date_gmt":"2025-11-28T13:46:54","guid":{"rendered":"https:\/\/www.koro.net.pl\/produkt\/prise-a-prise-din-371-b-hsse-ticn-pour-trous-traversants-koronet\/"},"modified":"2025-11-28T14:46:54","modified_gmt":"2025-11-28T13:46:54","slug":"prise-a-prise-din-371-b-hsse-ticn-pour-trous-traversants-koronet","status":"publish","type":"product","link":"https:\/\/www.koro.net.pl\/fr\/produkt\/prise-a-prise-din-371-b-hsse-ticn-pour-trous-traversants-koronet\/","title":{"rendered":"Prise \u00e0 prise DIN 371 B HSSE TiCN \u2013 pour trous traversants &#8211; Koronet"},"content":{"rendered":"<p><a href=\"https:\/\/www.koro.net.pl\/fr\/produkty\/taps\/\">Le robinet de machine <strong>DIN 371 B HSSE TiCN<\/strong><\/a> est un outil de pr\u00e9cision con\u00e7u pour le filetage interne dans les aciers structurels, les aciers \u00e0 faible alliage et les mat\u00e9riaux \u00e0 haute r\u00e9sistance. Fabriqu\u00e9 en <strong>acier cobalt de haute qualit\u00e9 \u00e0 grande vitesse HSSE<\/strong> et recouvert d\u2019un rev\u00eatement <strong>avanc\u00e9 en TiCN<\/strong>, il offre une r\u00e9sistance \u00e0 l\u2019usure accrue, un fonctionnement stable et une longue dur\u00e9e de vie des outils m\u00eame lors de l\u2019usinage de mat\u00e9riaux plus difficiles. <\/p>\n<h3 data-start=\"854\" data-end=\"917\"><strong data-start=\"857\" data-end=\"917\">Acier HSSE \u2013 meilleure r\u00e9sistance et param\u00e8tres de fonctionnement stables<\/strong><\/h3>\n<p data-start=\"919\" data-end=\"993\">Le mat\u00e9riau de l\u2019outil est l\u2019acier cobalt haute vitesse HSSE, qui offre :<\/p>\n<ul data-start=\"995\" data-end=\"1161\">\n<li data-start=\"995\" data-end=\"1038\">\n<p data-start=\"997\" data-end=\"1038\">haute r\u00e9sistance aux charges torsionnelles,<\/p>\n<\/li>\n<li data-start=\"1039\" data-end=\"1093\">\n<p data-start=\"1041\" data-end=\"1093\">duret\u00e9 accrue \u00e0 des temp\u00e9ratures \u00e9lev\u00e9es,<\/p>\n<\/li>\n<li data-start=\"1094\" data-end=\"1161\">\n<p data-start=\"1096\" data-end=\"1161\">meilleure r\u00e9sistance \u00e0 l\u2019abrasion compar\u00e9e \u00e0 l\u2019acier HSS classique.<\/p>\n<\/li>\n<\/ul>\n<p data-start=\"1163\" data-end=\"1320\">Cela garantit que le robinet maintient une qualit\u00e9 de filetage r\u00e9p\u00e9table et une performance de coupe stable, m\u00eame avec des cycles plus longs et des mat\u00e9riaux m\u00e9talliques exigeants.<\/p>\n<h3 data-start=\"1327\" data-end=\"1384\"><strong data-start=\"1330\" data-end=\"1384\">Rev\u00eatement TiCN \u2013 durabilit\u00e9 accrue et friction r\u00e9duite<\/strong><\/h3>\n<p data-start=\"1386\" data-end=\"1490\">Le rev\u00eatement TiCN (carbonitrire de titane) conf\u00e8re \u00e0 l\u2019outil sa couleur gris fonc\u00e9 caract\u00e9ristique et fournit :<\/p>\n<ul data-start=\"1492\" data-end=\"1687\">\n<li data-start=\"1492\" data-end=\"1543\">\n<p data-start=\"1494\" data-end=\"1543\">une r\u00e9sistance \u00e0 l\u2019abrasion bien sup\u00e9rieure \u00e0 celle du TiN,<\/p>\n<\/li>\n<li data-start=\"1544\" data-end=\"1587\">\n<p data-start=\"1546\" data-end=\"1587\">friction r\u00e9duite dans la zone de coupe,<\/p>\n<\/li>\n<li data-start=\"1588\" data-end=\"1636\">\n<p data-start=\"1590\" data-end=\"1636\">meilleur contr\u00f4le de la temp\u00e9rature lors de l\u2019usinage,<\/p>\n<\/li>\n<li data-start=\"1637\" data-end=\"1687\">\n<p data-start=\"1639\" data-end=\"1687\">am\u00e9lioration de la qualit\u00e9 de surface du filetage fabriqu\u00e9.<\/p>\n<\/li>\n<\/ul>\n<p data-start=\"1689\" data-end=\"1813\">C\u2019est un rev\u00eatement recommand\u00e9 pour l\u2019usinage de mat\u00e9riaux \u00e0 plus grande r\u00e9sistance et pour les proc\u00e9d\u00e9s o\u00f9 la dur\u00e9e de vie de l\u2019outil est cruciale.<\/p>\n<h3 data-start=\"1820\" data-end=\"1879\"><strong data-start=\"1823\" data-end=\"1879\">G\u00e9om\u00e9trie de type B \u2013 optimale pour les trous traversants<\/strong><\/h3>\n<p data-start=\"1881\" data-end=\"1961\">Le robinet de type B (4-5 tours) est principalement con\u00e7u pour :<\/p>\n<ul data-start=\"1963\" data-end=\"2126\">\n<li data-start=\"1963\" data-end=\"2000\">\n<p data-start=\"1965\" data-end=\"2000\">passer \u00e0 travers des trous,<\/p>\n<\/li>\n<li data-start=\"2001\" data-end=\"2059\">\n<p data-start=\"2003\" data-end=\"2059\">Fonctionnement stable dans les aciers structurels et alli\u00e9s,<\/p>\n<\/li>\n<li data-start=\"2060\" data-end=\"2126\">\n<p data-start=\"2062\" data-end=\"2126\">Alimentation efficace des copeaux vers l\u2019avant, loin de la pi\u00e8ce.<\/p>\n<\/li>\n<\/ul>\n<p data-start=\"2128\" data-end=\"2274\">Cette g\u00e9om\u00e9trie minimise le risque de blocage des puces et permet un threadage rapide et s\u00fbr dans les processus en s\u00e9rie et unitaires.<\/p>\n<h3 data-start=\"2281\" data-end=\"2343\"><strong data-start=\"2284\" data-end=\"2343\">Norme DIN 371 \u2013 poign\u00e9e renforc\u00e9e et conception compacte<\/strong><\/h3>\n<p data-start=\"2345\" data-end=\"2367\">DIN 371 signifie :<\/p>\n<ul data-start=\"2369\" data-end=\"2546\">\n<li data-start=\"2369\" data-end=\"2445\">\n<p data-start=\"2371\" data-end=\"2445\">Tige cylindrique renforc\u00e9e, adapt\u00e9e \u00e0 un fonctionnement stable de machines,<\/p>\n<\/li>\n<li data-start=\"2446\" data-end=\"2483\">\n<p data-start=\"2448\" data-end=\"2483\">conception compacte d\u2019outils,<\/p>\n<\/li>\n<li data-start=\"2484\" data-end=\"2546\">\n<p data-start=\"2486\" data-end=\"2546\">une rigidit\u00e9 de l\u2019ensemble du robinet par rapport \u00e0 la norme DIN 376.<\/p>\n<\/li>\n<\/ul>\n<p data-start=\"2548\" data-end=\"2708\">Cette solution est souvent utilis\u00e9e dans les centres d\u2019usinage et les machines conventionnelles, o\u00f9 la pr\u00e9cision du guidage de l\u2019outil et la stabilit\u00e9 du filetage sont importantes.<\/p>\n<p data-start=\"2736\" data-end=\"2800\"><strong>Le robinet DIN 371B HSSE TiCN est id\u00e9al pour l\u2019usinage :<\/strong><\/p>\n<ul data-start=\"2802\" data-end=\"2984\">\n<li data-start=\"2802\" data-end=\"2828\">\n<p data-start=\"2804\" data-end=\"2828\">Aciers structurels,<\/p>\n<\/li>\n<li data-start=\"2829\" data-end=\"2866\">\n<p data-start=\"2831\" data-end=\"2866\">aciers \u00e0 faible alliage et alliages,<\/p>\n<\/li>\n<li data-start=\"2867\" data-end=\"2922\">\n<p data-start=\"2869\" data-end=\"2922\">mat\u00e9riaux de r\u00e9sistance moyenne et \u00e9lev\u00e9e,<\/p>\n<\/li>\n<li data-start=\"2923\" data-end=\"2984\">\n<p data-start=\"2925\" data-end=\"2984\">des m\u00e9taux o\u00f9 une \u00e9vacuation efficace des puces est importante.<\/p>\n<\/li>\n<\/ul>\n<p data-start=\"2986\" data-end=\"3127\">Adapt\u00e9 pour travailler sur des machines-outils CNC et des machines conventionnelles, il garantit une grande durabilit\u00e9, une grande r\u00e9p\u00e9tabilit\u00e9 et une fiabilit\u00e9 des proc\u00e9d\u00e9s.<\/p>\n","protected":false},"excerpt":{"rendered":"<p>Le robinet de machine DIN 371 B HSSE TiCN est un outil de pr\u00e9cision con\u00e7u pour le filetage interne dans les aciers structurels, les aciers \u00e0 faible alliage et les [&hellip;]<\/p>\n","protected":false},"featured_media":8394,"template":"","meta":{"_acf_changed":false},"product_brand":[],"product_cat":[174,177,178],"product_tag":[],"class_list":{"0":"post-12623","1":"product","2":"type-product","3":"status-publish","4":"has-post-thumbnail","6":"product_cat-outils","7":"product_cat-prises-mecaniques","8":"product_cat-taps","10":"first","11":"instock","12":"taxable","13":"shipping-taxable","14":"purchasable","15":"product-type-variable","16":"has-default-attributes"},"acf":[],"yoast_head":"<!-- This site is optimized with the Yoast SEO plugin v27.5 - https:\/\/yoast.com\/product\/yoast-seo-wordpress\/ -->\n<title>DIN 371 B prise HSSE avec rev\u00eatement TiCN<\/title>\n<meta name=\"description\" content=\"Prise de machine DIN 371 B en acier HSSE et rev\u00eatement TiCN, con\u00e7ue pour un filetage pr\u00e9cis des trous traversants dans les aciers structurels et difficiles \u00e0 usiner. Haute durabilit\u00e9, fonctionnement stable et \u00e9vacuation efficace des puces.\" \/>\n<meta name=\"robots\" content=\"index, follow, max-snippet:-1, max-image-preview:large, max-video-preview:-1\" \/>\n<link rel=\"canonical\" href=\"https:\/\/www.koro.net.pl\/fr\/produkt\/prise-a-prise-din-371-b-hsse-ticn-pour-trous-traversants-koronet\/\" \/>\n<meta property=\"og:locale\" content=\"fr_FR\" \/>\n<meta property=\"og:type\" content=\"article\" \/>\n<meta property=\"og:title\" content=\"DIN 371 B prise HSSE avec rev\u00eatement TiCN\" \/>\n<meta property=\"og:description\" content=\"Prise de machine DIN 371 B en acier HSSE et rev\u00eatement TiCN, con\u00e7ue pour un filetage pr\u00e9cis des trous traversants dans les aciers structurels et difficiles \u00e0 usiner. Haute durabilit\u00e9, fonctionnement stable et \u00e9vacuation efficace des puces.\" \/>\n<meta property=\"og:url\" content=\"https:\/\/www.koro.net.pl\/fr\/produkt\/prise-a-prise-din-371-b-hsse-ticn-pour-trous-traversants-koronet\/\" \/>\n<meta property=\"og:site_name\" content=\"Koronet\" \/>\n<meta property=\"og:image\" content=\"https:\/\/www.koro.net.pl\/wp-content\/uploads\/2025\/11\/DIN371BHssE-TiCN.1.png\" \/>\n\t<meta property=\"og:image:width\" content=\"800\" \/>\n\t<meta property=\"og:image:height\" content=\"800\" \/>\n\t<meta property=\"og:image:type\" content=\"image\/png\" \/>\n<meta name=\"twitter:card\" content=\"summary_large_image\" \/>\n<meta name=\"twitter:label1\" content=\"Dur\u00e9e de lecture estim\u00e9e\" \/>\n\t<meta name=\"twitter:data1\" content=\"2 minutes\" \/>\n<script type=\"application\/ld+json\" class=\"yoast-schema-graph\">{\"@context\":\"https:\\\/\\\/schema.org\",\"@graph\":[{\"@type\":\"WebPage\",\"@id\":\"https:\\\/\\\/www.koro.net.pl\\\/fr\\\/produkt\\\/prise-a-prise-din-371-b-hsse-ticn-pour-trous-traversants-koronet\\\/\",\"url\":\"https:\\\/\\\/www.koro.net.pl\\\/fr\\\/produkt\\\/prise-a-prise-din-371-b-hsse-ticn-pour-trous-traversants-koronet\\\/\",\"name\":\"DIN 371 B prise HSSE avec rev\u00eatement TiCN\",\"isPartOf\":{\"@id\":\"https:\\\/\\\/www.koro.net.pl\\\/fr\\\/#website\"},\"primaryImageOfPage\":{\"@id\":\"https:\\\/\\\/www.koro.net.pl\\\/fr\\\/produkt\\\/prise-a-prise-din-371-b-hsse-ticn-pour-trous-traversants-koronet\\\/#primaryimage\"},\"image\":{\"@id\":\"https:\\\/\\\/www.koro.net.pl\\\/fr\\\/produkt\\\/prise-a-prise-din-371-b-hsse-ticn-pour-trous-traversants-koronet\\\/#primaryimage\"},\"thumbnailUrl\":\"https:\\\/\\\/www.koro.net.pl\\\/wp-content\\\/uploads\\\/2025\\\/11\\\/DIN371BHssE-TiCN.1.png\",\"datePublished\":\"2025-11-28T13:46:54+00:00\",\"description\":\"Prise de machine DIN 371 B en acier HSSE et rev\u00eatement TiCN, con\u00e7ue pour un filetage pr\u00e9cis des trous traversants dans les aciers structurels et difficiles \u00e0 usiner. Haute durabilit\u00e9, fonctionnement stable et \u00e9vacuation efficace des puces.\",\"breadcrumb\":{\"@id\":\"https:\\\/\\\/www.koro.net.pl\\\/fr\\\/produkt\\\/prise-a-prise-din-371-b-hsse-ticn-pour-trous-traversants-koronet\\\/#breadcrumb\"},\"inLanguage\":\"fr-FR\",\"potentialAction\":[{\"@type\":\"ReadAction\",\"target\":[\"https:\\\/\\\/www.koro.net.pl\\\/fr\\\/produkt\\\/prise-a-prise-din-371-b-hsse-ticn-pour-trous-traversants-koronet\\\/\"]}]},{\"@type\":\"ImageObject\",\"inLanguage\":\"fr-FR\",\"@id\":\"https:\\\/\\\/www.koro.net.pl\\\/fr\\\/produkt\\\/prise-a-prise-din-371-b-hsse-ticn-pour-trous-traversants-koronet\\\/#primaryimage\",\"url\":\"https:\\\/\\\/www.koro.net.pl\\\/wp-content\\\/uploads\\\/2025\\\/11\\\/DIN371BHssE-TiCN.1.png\",\"contentUrl\":\"https:\\\/\\\/www.koro.net.pl\\\/wp-content\\\/uploads\\\/2025\\\/11\\\/DIN371BHssE-TiCN.1.png\",\"width\":800,\"height\":800,\"caption\":\"Gwintownik maszynowy DIN 371 B HSSE TiCN widoczny w ca\u0142o\u015bci, z pow\u0142ok\u0105 TiCN na cz\u0119\u015bci roboczej i sze\u015bciok\u0105tnym chwytem.\"},{\"@type\":\"BreadcrumbList\",\"@id\":\"https:\\\/\\\/www.koro.net.pl\\\/fr\\\/produkt\\\/prise-a-prise-din-371-b-hsse-ticn-pour-trous-traversants-koronet\\\/#breadcrumb\",\"itemListElement\":[{\"@type\":\"ListItem\",\"position\":1,\"name\":\"Strona g\u0142\u00f3wna\",\"item\":\"https:\\\/\\\/www.koro.net.pl\\\/fr\\\/\"},{\"@type\":\"ListItem\",\"position\":2,\"name\":\"Prise \u00e0 prise DIN 371 B HSSE TiCN \u2013 pour trous traversants &#8211; Koronet\"}]},{\"@type\":\"WebSite\",\"@id\":\"https:\\\/\\\/www.koro.net.pl\\\/fr\\\/#website\",\"url\":\"https:\\\/\\\/www.koro.net.pl\\\/fr\\\/\",\"name\":\"Koronet\",\"description\":\"\",\"publisher\":{\"@id\":\"https:\\\/\\\/www.koro.net.pl\\\/fr\\\/#organization\"},\"potentialAction\":[{\"@type\":\"SearchAction\",\"target\":{\"@type\":\"EntryPoint\",\"urlTemplate\":\"https:\\\/\\\/www.koro.net.pl\\\/fr\\\/?s={search_term_string}\"},\"query-input\":{\"@type\":\"PropertyValueSpecification\",\"valueRequired\":true,\"valueName\":\"search_term_string\"}}],\"inLanguage\":\"fr-FR\"},{\"@type\":\"Organization\",\"@id\":\"https:\\\/\\\/www.koro.net.pl\\\/fr\\\/#organization\",\"name\":\"Koronet\",\"alternateName\":\"Koronet\",\"url\":\"https:\\\/\\\/www.koro.net.pl\\\/fr\\\/\",\"logo\":{\"@type\":\"ImageObject\",\"inLanguage\":\"fr-FR\",\"@id\":\"https:\\\/\\\/www.koro.net.pl\\\/fr\\\/#\\\/schema\\\/logo\\\/image\\\/\",\"url\":\"https:\\\/\\\/www.koro.net.pl\\\/wp-content\\\/uploads\\\/2025\\\/02\\\/Koronet-spolka-z-o.o.png\",\"contentUrl\":\"https:\\\/\\\/www.koro.net.pl\\\/wp-content\\\/uploads\\\/2025\\\/02\\\/Koronet-spolka-z-o.o.png\",\"width\":696,\"height\":696,\"caption\":\"Koronet\"},\"image\":{\"@id\":\"https:\\\/\\\/www.koro.net.pl\\\/fr\\\/#\\\/schema\\\/logo\\\/image\\\/\"}}]}<\/script>\n<!-- \/ Yoast SEO plugin. -->","yoast_head_json":{"title":"DIN 371 B prise HSSE avec rev\u00eatement TiCN","description":"Prise de machine DIN 371 B en acier HSSE et rev\u00eatement TiCN, con\u00e7ue pour un filetage pr\u00e9cis des trous traversants dans les aciers structurels et difficiles \u00e0 usiner. Haute durabilit\u00e9, fonctionnement stable et \u00e9vacuation efficace des puces.","robots":{"index":"index","follow":"follow","max-snippet":"max-snippet:-1","max-image-preview":"max-image-preview:large","max-video-preview":"max-video-preview:-1"},"canonical":"https:\/\/www.koro.net.pl\/fr\/produkt\/prise-a-prise-din-371-b-hsse-ticn-pour-trous-traversants-koronet\/","og_locale":"fr_FR","og_type":"article","og_title":"DIN 371 B prise HSSE avec rev\u00eatement TiCN","og_description":"Prise de machine DIN 371 B en acier HSSE et rev\u00eatement TiCN, con\u00e7ue pour un filetage pr\u00e9cis des trous traversants dans les aciers structurels et difficiles \u00e0 usiner. Haute durabilit\u00e9, fonctionnement stable et \u00e9vacuation efficace des puces.","og_url":"https:\/\/www.koro.net.pl\/fr\/produkt\/prise-a-prise-din-371-b-hsse-ticn-pour-trous-traversants-koronet\/","og_site_name":"Koronet","og_image":[{"width":800,"height":800,"url":"https:\/\/www.koro.net.pl\/wp-content\/uploads\/2025\/11\/DIN371BHssE-TiCN.1.png","type":"image\/png"}],"twitter_card":"summary_large_image","twitter_misc":{"Dur\u00e9e de lecture estim\u00e9e":"2 minutes"},"schema":{"@context":"https:\/\/schema.org","@graph":[{"@type":"WebPage","@id":"https:\/\/www.koro.net.pl\/fr\/produkt\/prise-a-prise-din-371-b-hsse-ticn-pour-trous-traversants-koronet\/","url":"https:\/\/www.koro.net.pl\/fr\/produkt\/prise-a-prise-din-371-b-hsse-ticn-pour-trous-traversants-koronet\/","name":"DIN 371 B prise HSSE avec rev\u00eatement TiCN","isPartOf":{"@id":"https:\/\/www.koro.net.pl\/fr\/#website"},"primaryImageOfPage":{"@id":"https:\/\/www.koro.net.pl\/fr\/produkt\/prise-a-prise-din-371-b-hsse-ticn-pour-trous-traversants-koronet\/#primaryimage"},"image":{"@id":"https:\/\/www.koro.net.pl\/fr\/produkt\/prise-a-prise-din-371-b-hsse-ticn-pour-trous-traversants-koronet\/#primaryimage"},"thumbnailUrl":"https:\/\/www.koro.net.pl\/wp-content\/uploads\/2025\/11\/DIN371BHssE-TiCN.1.png","datePublished":"2025-11-28T13:46:54+00:00","description":"Prise de machine DIN 371 B en acier HSSE et rev\u00eatement TiCN, con\u00e7ue pour un filetage pr\u00e9cis des trous traversants dans les aciers structurels et difficiles \u00e0 usiner. Haute durabilit\u00e9, fonctionnement stable et \u00e9vacuation efficace des puces.","breadcrumb":{"@id":"https:\/\/www.koro.net.pl\/fr\/produkt\/prise-a-prise-din-371-b-hsse-ticn-pour-trous-traversants-koronet\/#breadcrumb"},"inLanguage":"fr-FR","potentialAction":[{"@type":"ReadAction","target":["https:\/\/www.koro.net.pl\/fr\/produkt\/prise-a-prise-din-371-b-hsse-ticn-pour-trous-traversants-koronet\/"]}]},{"@type":"ImageObject","inLanguage":"fr-FR","@id":"https:\/\/www.koro.net.pl\/fr\/produkt\/prise-a-prise-din-371-b-hsse-ticn-pour-trous-traversants-koronet\/#primaryimage","url":"https:\/\/www.koro.net.pl\/wp-content\/uploads\/2025\/11\/DIN371BHssE-TiCN.1.png","contentUrl":"https:\/\/www.koro.net.pl\/wp-content\/uploads\/2025\/11\/DIN371BHssE-TiCN.1.png","width":800,"height":800,"caption":"Gwintownik maszynowy DIN 371 B HSSE TiCN widoczny w ca\u0142o\u015bci, z pow\u0142ok\u0105 TiCN na cz\u0119\u015bci roboczej i sze\u015bciok\u0105tnym chwytem."},{"@type":"BreadcrumbList","@id":"https:\/\/www.koro.net.pl\/fr\/produkt\/prise-a-prise-din-371-b-hsse-ticn-pour-trous-traversants-koronet\/#breadcrumb","itemListElement":[{"@type":"ListItem","position":1,"name":"Strona g\u0142\u00f3wna","item":"https:\/\/www.koro.net.pl\/fr\/"},{"@type":"ListItem","position":2,"name":"Prise \u00e0 prise DIN 371 B HSSE TiCN \u2013 pour trous traversants &#8211; Koronet"}]},{"@type":"WebSite","@id":"https:\/\/www.koro.net.pl\/fr\/#website","url":"https:\/\/www.koro.net.pl\/fr\/","name":"Koronet","description":"","publisher":{"@id":"https:\/\/www.koro.net.pl\/fr\/#organization"},"potentialAction":[{"@type":"SearchAction","target":{"@type":"EntryPoint","urlTemplate":"https:\/\/www.koro.net.pl\/fr\/?s={search_term_string}"},"query-input":{"@type":"PropertyValueSpecification","valueRequired":true,"valueName":"search_term_string"}}],"inLanguage":"fr-FR"},{"@type":"Organization","@id":"https:\/\/www.koro.net.pl\/fr\/#organization","name":"Koronet","alternateName":"Koronet","url":"https:\/\/www.koro.net.pl\/fr\/","logo":{"@type":"ImageObject","inLanguage":"fr-FR","@id":"https:\/\/www.koro.net.pl\/fr\/#\/schema\/logo\/image\/","url":"https:\/\/www.koro.net.pl\/wp-content\/uploads\/2025\/02\/Koronet-spolka-z-o.o.png","contentUrl":"https:\/\/www.koro.net.pl\/wp-content\/uploads\/2025\/02\/Koronet-spolka-z-o.o.png","width":696,"height":696,"caption":"Koronet"},"image":{"@id":"https:\/\/www.koro.net.pl\/fr\/#\/schema\/logo\/image\/"}}]}},"_links":{"self":[{"href":"https:\/\/www.koro.net.pl\/fr\/wp-json\/wp\/v2\/product\/12623","targetHints":{"allow":["GET"]}}],"collection":[{"href":"https:\/\/www.koro.net.pl\/fr\/wp-json\/wp\/v2\/product"}],"about":[{"href":"https:\/\/www.koro.net.pl\/fr\/wp-json\/wp\/v2\/types\/product"}],"wp:featuredmedia":[{"embeddable":true,"href":"https:\/\/www.koro.net.pl\/fr\/wp-json\/wp\/v2\/media\/8394"}],"wp:attachment":[{"href":"https:\/\/www.koro.net.pl\/fr\/wp-json\/wp\/v2\/media?parent=12623"}],"wp:term":[{"taxonomy":"product_brand","embeddable":true,"href":"https:\/\/www.koro.net.pl\/fr\/wp-json\/wp\/v2\/product_brand?post=12623"},{"taxonomy":"product_cat","embeddable":true,"href":"https:\/\/www.koro.net.pl\/fr\/wp-json\/wp\/v2\/product_cat?post=12623"},{"taxonomy":"product_tag","embeddable":true,"href":"https:\/\/www.koro.net.pl\/fr\/wp-json\/wp\/v2\/product_tag?post=12623"}],"curies":[{"name":"wp","href":"https:\/\/api.w.org\/{rel}","templated":true}]}}