{"id":12617,"date":"2023-10-13T10:18:05","date_gmt":"2023-10-13T08:18:05","guid":{"rendered":"https:\/\/www.koro.net.pl\/produkt\/scierie-electrique-a-bande-cormak-e810\/"},"modified":"2023-10-13T10:18:05","modified_gmt":"2023-10-13T08:18:05","slug":"scierie-electrique-a-bande-cormak-e810","status":"publish","type":"product","link":"https:\/\/www.koro.net.pl\/fr\/produkt\/scierie-electrique-a-bande-cormak-e810\/","title":{"rendered":"Scierie \u00e9lectrique \u00e0 bande Cormak E810"},"content":{"rendered":"<p><strong>Scierie \u00e0 bande \u00e9lectrique CORMAK E810 &#8211; nouveau mod\u00e8le plus grand<\/strong><\/p>\n<p>Gratuit &#8211; 5 pi\u00e8ces de scies \u00e0 ruban d\u00e9di\u00e9es dans le coffret.<\/p>\n<p>Simple et facile \u00e0 utiliser, la scierie \u00e0 bande Cormak E810 est la machine id\u00e9ale et fonctionnelle, adapt\u00e9e \u00e0 la d\u00e9coupe pr\u00e9cise du bois tendre, dur, sec et congel\u00e9. La scierie est mont\u00e9e sur une structure rigide et correcte, gr\u00e2ce \u00e0 laquelle l\u2019ensemble est stable. La machine utilise plusieurs solutions suppl\u00e9mentaires, ce qui n\u2019est pas pr\u00e9sent dans les variantes pr\u00e9c\u00e9dentes. Tout d\u2019abord, la largeur de coupe maximale est de 70 cm. L\u2019ensemble complet de l\u2019option standard mesure 6 m\u00e8tres de long. Actuellement, c\u2019est le plus grand mod\u00e8le de la gamme Koronet.     <\/p>\n<p>Description de la machine :<\/p>\n<p>&#8212; Sauf que dans notre offre, la scierie Cormak E810 vous permet d\u2019utiliser des scies de 35 mm de largeur.<br \/>\n&#8212; Le nouveau cadre renforc\u00e9 assure une grande stabilit\u00e9 de la scierie pendant le fonctionnement, et les glissi\u00e8res<br \/>\nguides de la lame permettent un usinage avec une pr\u00e9cision maximale.<br \/>\n&#8212; La longueur du mat\u00e9riau coup\u00e9 dans nos scies standard ne peut atteindre 5200 mm.<br \/>\n&#8212; La machine peut couper tous types de bois avec une seule scie.<br \/>\n&#8212; La lame de scie du coupe-coupe est refroidie \u00e0 l\u2019eau.<br \/>\n&#8212; La machine dispose d\u2019un entra\u00eenement manuel et d\u2019un r\u00e9glage manuel de la hauteur de coupe.<br \/>\n&#8212; Le p\u00e9rim\u00e8tre de livraison inclut des rails d\u2019une longueur de 6000 mm. Vous pouvez aussi en acheter davantage. <\/p>\n<p>La machine poss\u00e8de :<\/p>\n<p>* \u00c9normes et pr\u00e9cises roues de coul\u00e9e,<br \/>\n guides de pr\u00e9cision,<br \/>\n * pinces excentriques,<br \/>\n porte-boissons,<br \/>\n r\u00e9glage manuel de la hauteur de coupe,<br \/>\n alimentation manuelle,<br \/>\n mesure pr\u00e9cise<br \/>\n, interrupteur de fin<br \/>\n de course* panneau de contr\u00f4le<\/p>\n<p>Param\u00e8tres techniques :<\/p>\n<p>* Moteur : \u00e9lectrique 400 V<br \/>\n* Puissance : 7,5 kW<br \/>\n* Largeur de coupe maximale : 700 mm<br \/>\n* Hauteur maximale de la pale (hauteur r\u00e9glable en hauteur) : 690 mm<br \/>\n* Hauteur minimale de la pale (hauteur r\u00e9glable en hauteur) : 55 mm<br \/>\n* Max.    \u00c9paisseur de coupe : 170 mm<br \/>\n* Longueur de coupe : 5300 mm<br \/>\n* Protection de la bande de coupe<br \/>\n* Largeur de bande de coupe : 35 mm<br \/>\n* Longueur de la scie : 4000 mm<br \/>\n* \u00c9paisseur maximale de coupe : 170 mm<br \/>\n* Diam\u00e8tre du volant moteur : 480 mm<br \/>\n* Largeur du volant d\u2019inertie : 25 mm<br \/>\n* Vitesse de la bande : 17 m\/s<br \/>\n* Espace de coupe : 1,4-2,2 mm<br \/>\n* Capacit\u00e9 du r\u00e9servoir de refroidissement : 10 litres<br \/>\n* Alimentation : manuelle<br \/>\n* Poids net : environ 427 kg <\/p>\n<p>Le Cormak E810 est un mod\u00e8le robuste et r\u00e9sistant aux vibrations qui ne n\u00e9cessite pas d\u2019entretien constant. Elle est parfaite pour les petits entrepreneurs et les amateurs qui valorisent la qualit\u00e9 de traitement, la simplicit\u00e9 de la fabrication et la facilit\u00e9 d\u2019utilisation. <\/p>\n<p><strong>Avez-vous des questions ? Appelez le num\u00e9ro ; 609-939-822<\/strong><\/p>\n","protected":false},"excerpt":{"rendered":"<p>Scierie \u00e0 bande \u00e9lectrique CORMAK E810 &#8211; nouveau mod\u00e8le plus grand Gratuit &#8211; 5 pi\u00e8ces de scies \u00e0 ruban d\u00e9di\u00e9es dans le coffret. Simple et facile \u00e0 utiliser, la scierie [&hellip;]<\/p>\n","protected":false},"featured_media":6053,"template":"","meta":{"_acf_changed":false},"product_brand":[],"product_cat":[206,208],"product_tag":[],"class_list":{"0":"post-12617","1":"product","2":"type-product","3":"status-publish","4":"has-post-thumbnail","6":"product_cat-machines-et-equipements","7":"product_cat-scieries-a-ruban","8":"product_shipping_class-rubans","10":"first","11":"instock","12":"taxable","13":"shipping-taxable","14":"purchasable","15":"product-type-simple"},"acf":[],"yoast_head":"<!-- This site is optimized with the Yoast SEO plugin v27.5 - https:\/\/yoast.com\/product\/yoast-seo-wordpress\/ -->\n<title>Scierie \u00e0 bande \u00e9lectrique CORMAK E810 + 5 scies GRATUITES !<\/title>\n<meta name=\"description\" content=\"Scierie \u00e9lectrique \u00e0 bande CORMAK E810 avec 5 scies GRATUITES ! 70 cm de largeur de coupe, 5,2 m de long. Id\u00e9al pour les bois tendres et les feuillus. Regardez l\u2019offre !\" \/>\n<meta name=\"robots\" content=\"index, follow, max-snippet:-1, max-image-preview:large, max-video-preview:-1\" \/>\n<link rel=\"canonical\" href=\"https:\/\/www.koro.net.pl\/fr\/produkt\/scierie-electrique-a-bande-cormak-e810\/\" \/>\n<meta property=\"og:locale\" content=\"fr_FR\" \/>\n<meta property=\"og:type\" content=\"article\" \/>\n<meta property=\"og:title\" content=\"Scierie \u00e0 bande \u00e9lectrique CORMAK E810 + 5 scies GRATUITES !\" \/>\n<meta property=\"og:description\" content=\"Scierie \u00e9lectrique \u00e0 bande CORMAK E810 avec 5 scies GRATUITES ! 70 cm de largeur de coupe, 5,2 m de long. Id\u00e9al pour les bois tendres et les feuillus. Regardez l\u2019offre !\" \/>\n<meta property=\"og:url\" content=\"https:\/\/www.koro.net.pl\/fr\/produkt\/scierie-electrique-a-bande-cormak-e810\/\" \/>\n<meta property=\"og:site_name\" content=\"Koronet\" \/>\n<meta property=\"og:image\" content=\"https:\/\/www.koro.net.pl\/wp-content\/uploads\/2023\/10\/cormak.webp\" \/>\n\t<meta property=\"og:image:width\" content=\"600\" \/>\n\t<meta property=\"og:image:height\" content=\"317\" \/>\n\t<meta property=\"og:image:type\" content=\"image\/webp\" \/>\n<meta name=\"twitter:card\" content=\"summary_large_image\" \/>\n<meta name=\"twitter:label1\" content=\"Dur\u00e9e de lecture estim\u00e9e\" \/>\n\t<meta name=\"twitter:data1\" content=\"2 minutes\" \/>\n<script type=\"application\/ld+json\" class=\"yoast-schema-graph\">{\"@context\":\"https:\\\/\\\/schema.org\",\"@graph\":[{\"@type\":\"WebPage\",\"@id\":\"https:\\\/\\\/www.koro.net.pl\\\/fr\\\/produkt\\\/scierie-electrique-a-bande-cormak-e810\\\/\",\"url\":\"https:\\\/\\\/www.koro.net.pl\\\/fr\\\/produkt\\\/scierie-electrique-a-bande-cormak-e810\\\/\",\"name\":\"Scierie \u00e0 bande \u00e9lectrique CORMAK E810 + 5 scies GRATUITES !\",\"isPartOf\":{\"@id\":\"https:\\\/\\\/www.koro.net.pl\\\/fr\\\/#website\"},\"primaryImageOfPage\":{\"@id\":\"https:\\\/\\\/www.koro.net.pl\\\/fr\\\/produkt\\\/scierie-electrique-a-bande-cormak-e810\\\/#primaryimage\"},\"image\":{\"@id\":\"https:\\\/\\\/www.koro.net.pl\\\/fr\\\/produkt\\\/scierie-electrique-a-bande-cormak-e810\\\/#primaryimage\"},\"thumbnailUrl\":\"https:\\\/\\\/www.koro.net.pl\\\/wp-content\\\/uploads\\\/2023\\\/10\\\/cormak.webp\",\"datePublished\":\"2023-10-13T08:18:05+00:00\",\"description\":\"Scierie \u00e9lectrique \u00e0 bande CORMAK E810 avec 5 scies GRATUITES ! 70 cm de largeur de coupe, 5,2 m de long. Id\u00e9al pour les bois tendres et les feuillus. Regardez l\u2019offre !\",\"breadcrumb\":{\"@id\":\"https:\\\/\\\/www.koro.net.pl\\\/fr\\\/produkt\\\/scierie-electrique-a-bande-cormak-e810\\\/#breadcrumb\"},\"inLanguage\":\"fr-FR\",\"potentialAction\":[{\"@type\":\"ReadAction\",\"target\":[\"https:\\\/\\\/www.koro.net.pl\\\/fr\\\/produkt\\\/scierie-electrique-a-bande-cormak-e810\\\/\"]}]},{\"@type\":\"ImageObject\",\"inLanguage\":\"fr-FR\",\"@id\":\"https:\\\/\\\/www.koro.net.pl\\\/fr\\\/produkt\\\/scierie-electrique-a-bande-cormak-e810\\\/#primaryimage\",\"url\":\"https:\\\/\\\/www.koro.net.pl\\\/wp-content\\\/uploads\\\/2023\\\/10\\\/cormak.webp\",\"contentUrl\":\"https:\\\/\\\/www.koro.net.pl\\\/wp-content\\\/uploads\\\/2023\\\/10\\\/cormak.webp\",\"width\":600,\"height\":317,\"caption\":\"Trak ta\u015bmowy elektryczny Cormak E810\"},{\"@type\":\"BreadcrumbList\",\"@id\":\"https:\\\/\\\/www.koro.net.pl\\\/fr\\\/produkt\\\/scierie-electrique-a-bande-cormak-e810\\\/#breadcrumb\",\"itemListElement\":[{\"@type\":\"ListItem\",\"position\":1,\"name\":\"Strona g\u0142\u00f3wna\",\"item\":\"https:\\\/\\\/www.koro.net.pl\\\/fr\\\/\"},{\"@type\":\"ListItem\",\"position\":2,\"name\":\"Machines et \u00e9quipements\",\"item\":\"https:\\\/\\\/www.koro.net.pl\\\/fr\\\/produkty\\\/machines-et-equipements\\\/\"},{\"@type\":\"ListItem\",\"position\":3,\"name\":\"Scieries \u00e0 ruban\",\"item\":\"https:\\\/\\\/www.koro.net.pl\\\/fr\\\/produkty\\\/scieries-a-ruban\\\/\"},{\"@type\":\"ListItem\",\"position\":4,\"name\":\"Scierie \u00e9lectrique \u00e0 bande Cormak E810\"}]},{\"@type\":\"WebSite\",\"@id\":\"https:\\\/\\\/www.koro.net.pl\\\/fr\\\/#website\",\"url\":\"https:\\\/\\\/www.koro.net.pl\\\/fr\\\/\",\"name\":\"Koronet\",\"description\":\"\",\"publisher\":{\"@id\":\"https:\\\/\\\/www.koro.net.pl\\\/fr\\\/#organization\"},\"potentialAction\":[{\"@type\":\"SearchAction\",\"target\":{\"@type\":\"EntryPoint\",\"urlTemplate\":\"https:\\\/\\\/www.koro.net.pl\\\/fr\\\/?s={search_term_string}\"},\"query-input\":{\"@type\":\"PropertyValueSpecification\",\"valueRequired\":true,\"valueName\":\"search_term_string\"}}],\"inLanguage\":\"fr-FR\"},{\"@type\":\"Organization\",\"@id\":\"https:\\\/\\\/www.koro.net.pl\\\/fr\\\/#organization\",\"name\":\"Koronet\",\"alternateName\":\"Koronet\",\"url\":\"https:\\\/\\\/www.koro.net.pl\\\/fr\\\/\",\"logo\":{\"@type\":\"ImageObject\",\"inLanguage\":\"fr-FR\",\"@id\":\"https:\\\/\\\/www.koro.net.pl\\\/fr\\\/#\\\/schema\\\/logo\\\/image\\\/\",\"url\":\"https:\\\/\\\/www.koro.net.pl\\\/wp-content\\\/uploads\\\/2025\\\/02\\\/Koronet-spolka-z-o.o.png\",\"contentUrl\":\"https:\\\/\\\/www.koro.net.pl\\\/wp-content\\\/uploads\\\/2025\\\/02\\\/Koronet-spolka-z-o.o.png\",\"width\":696,\"height\":696,\"caption\":\"Koronet\"},\"image\":{\"@id\":\"https:\\\/\\\/www.koro.net.pl\\\/fr\\\/#\\\/schema\\\/logo\\\/image\\\/\"}}]}<\/script>\n<!-- \/ Yoast SEO plugin. -->","yoast_head_json":{"title":"Scierie \u00e0 bande \u00e9lectrique CORMAK E810 + 5 scies GRATUITES !","description":"Scierie \u00e9lectrique \u00e0 bande CORMAK E810 avec 5 scies GRATUITES ! 70 cm de largeur de coupe, 5,2 m de long. Id\u00e9al pour les bois tendres et les feuillus. Regardez l\u2019offre !","robots":{"index":"index","follow":"follow","max-snippet":"max-snippet:-1","max-image-preview":"max-image-preview:large","max-video-preview":"max-video-preview:-1"},"canonical":"https:\/\/www.koro.net.pl\/fr\/produkt\/scierie-electrique-a-bande-cormak-e810\/","og_locale":"fr_FR","og_type":"article","og_title":"Scierie \u00e0 bande \u00e9lectrique CORMAK E810 + 5 scies GRATUITES !","og_description":"Scierie \u00e9lectrique \u00e0 bande CORMAK E810 avec 5 scies GRATUITES ! 70 cm de largeur de coupe, 5,2 m de long. Id\u00e9al pour les bois tendres et les feuillus. Regardez l\u2019offre !","og_url":"https:\/\/www.koro.net.pl\/fr\/produkt\/scierie-electrique-a-bande-cormak-e810\/","og_site_name":"Koronet","og_image":[{"width":600,"height":317,"url":"https:\/\/www.koro.net.pl\/wp-content\/uploads\/2023\/10\/cormak.webp","type":"image\/webp"}],"twitter_card":"summary_large_image","twitter_misc":{"Dur\u00e9e de lecture estim\u00e9e":"2 minutes"},"schema":{"@context":"https:\/\/schema.org","@graph":[{"@type":"WebPage","@id":"https:\/\/www.koro.net.pl\/fr\/produkt\/scierie-electrique-a-bande-cormak-e810\/","url":"https:\/\/www.koro.net.pl\/fr\/produkt\/scierie-electrique-a-bande-cormak-e810\/","name":"Scierie \u00e0 bande \u00e9lectrique CORMAK E810 + 5 scies GRATUITES !","isPartOf":{"@id":"https:\/\/www.koro.net.pl\/fr\/#website"},"primaryImageOfPage":{"@id":"https:\/\/www.koro.net.pl\/fr\/produkt\/scierie-electrique-a-bande-cormak-e810\/#primaryimage"},"image":{"@id":"https:\/\/www.koro.net.pl\/fr\/produkt\/scierie-electrique-a-bande-cormak-e810\/#primaryimage"},"thumbnailUrl":"https:\/\/www.koro.net.pl\/wp-content\/uploads\/2023\/10\/cormak.webp","datePublished":"2023-10-13T08:18:05+00:00","description":"Scierie \u00e9lectrique \u00e0 bande CORMAK E810 avec 5 scies GRATUITES ! 70 cm de largeur de coupe, 5,2 m de long. Id\u00e9al pour les bois tendres et les feuillus. Regardez l\u2019offre !","breadcrumb":{"@id":"https:\/\/www.koro.net.pl\/fr\/produkt\/scierie-electrique-a-bande-cormak-e810\/#breadcrumb"},"inLanguage":"fr-FR","potentialAction":[{"@type":"ReadAction","target":["https:\/\/www.koro.net.pl\/fr\/produkt\/scierie-electrique-a-bande-cormak-e810\/"]}]},{"@type":"ImageObject","inLanguage":"fr-FR","@id":"https:\/\/www.koro.net.pl\/fr\/produkt\/scierie-electrique-a-bande-cormak-e810\/#primaryimage","url":"https:\/\/www.koro.net.pl\/wp-content\/uploads\/2023\/10\/cormak.webp","contentUrl":"https:\/\/www.koro.net.pl\/wp-content\/uploads\/2023\/10\/cormak.webp","width":600,"height":317,"caption":"Trak ta\u015bmowy elektryczny Cormak E810"},{"@type":"BreadcrumbList","@id":"https:\/\/www.koro.net.pl\/fr\/produkt\/scierie-electrique-a-bande-cormak-e810\/#breadcrumb","itemListElement":[{"@type":"ListItem","position":1,"name":"Strona g\u0142\u00f3wna","item":"https:\/\/www.koro.net.pl\/fr\/"},{"@type":"ListItem","position":2,"name":"Machines et \u00e9quipements","item":"https:\/\/www.koro.net.pl\/fr\/produkty\/machines-et-equipements\/"},{"@type":"ListItem","position":3,"name":"Scieries \u00e0 ruban","item":"https:\/\/www.koro.net.pl\/fr\/produkty\/scieries-a-ruban\/"},{"@type":"ListItem","position":4,"name":"Scierie \u00e9lectrique \u00e0 bande Cormak E810"}]},{"@type":"WebSite","@id":"https:\/\/www.koro.net.pl\/fr\/#website","url":"https:\/\/www.koro.net.pl\/fr\/","name":"Koronet","description":"","publisher":{"@id":"https:\/\/www.koro.net.pl\/fr\/#organization"},"potentialAction":[{"@type":"SearchAction","target":{"@type":"EntryPoint","urlTemplate":"https:\/\/www.koro.net.pl\/fr\/?s={search_term_string}"},"query-input":{"@type":"PropertyValueSpecification","valueRequired":true,"valueName":"search_term_string"}}],"inLanguage":"fr-FR"},{"@type":"Organization","@id":"https:\/\/www.koro.net.pl\/fr\/#organization","name":"Koronet","alternateName":"Koronet","url":"https:\/\/www.koro.net.pl\/fr\/","logo":{"@type":"ImageObject","inLanguage":"fr-FR","@id":"https:\/\/www.koro.net.pl\/fr\/#\/schema\/logo\/image\/","url":"https:\/\/www.koro.net.pl\/wp-content\/uploads\/2025\/02\/Koronet-spolka-z-o.o.png","contentUrl":"https:\/\/www.koro.net.pl\/wp-content\/uploads\/2025\/02\/Koronet-spolka-z-o.o.png","width":696,"height":696,"caption":"Koronet"},"image":{"@id":"https:\/\/www.koro.net.pl\/fr\/#\/schema\/logo\/image\/"}}]}},"_links":{"self":[{"href":"https:\/\/www.koro.net.pl\/fr\/wp-json\/wp\/v2\/product\/12617","targetHints":{"allow":["GET"]}}],"collection":[{"href":"https:\/\/www.koro.net.pl\/fr\/wp-json\/wp\/v2\/product"}],"about":[{"href":"https:\/\/www.koro.net.pl\/fr\/wp-json\/wp\/v2\/types\/product"}],"wp:featuredmedia":[{"embeddable":true,"href":"https:\/\/www.koro.net.pl\/fr\/wp-json\/wp\/v2\/media\/6053"}],"wp:attachment":[{"href":"https:\/\/www.koro.net.pl\/fr\/wp-json\/wp\/v2\/media?parent=12617"}],"wp:term":[{"taxonomy":"product_brand","embeddable":true,"href":"https:\/\/www.koro.net.pl\/fr\/wp-json\/wp\/v2\/product_brand?post=12617"},{"taxonomy":"product_cat","embeddable":true,"href":"https:\/\/www.koro.net.pl\/fr\/wp-json\/wp\/v2\/product_cat?post=12617"},{"taxonomy":"product_tag","embeddable":true,"href":"https:\/\/www.koro.net.pl\/fr\/wp-json\/wp\/v2\/product_tag?post=12617"}],"curies":[{"name":"wp","href":"https:\/\/api.w.org\/{rel}","templated":true}]}}