{"id":12613,"date":"2023-10-13T10:03:03","date_gmt":"2023-10-13T08:03:03","guid":{"rendered":"https:\/\/www.koro.net.pl\/produkt\/ecarteuse-a-scie-a-ruban-automatique\/"},"modified":"2023-10-13T10:03:03","modified_gmt":"2023-10-13T08:03:03","slug":"ecarteuse-a-scie-a-ruban-automatique","status":"publish","type":"product","link":"https:\/\/www.koro.net.pl\/fr\/produkt\/ecarteuse-a-scie-a-ruban-automatique\/","title":{"rendered":"\u00c9carteuse \u00e0 scie \u00e0 ruban &#8211; Automatique"},"content":{"rendered":"<p><a href=\"https:\/\/www.koro.net.pl\/fr\/produkty\/spinners\/\"><strong><span style=\"font-family: Times New Roman, serif;\"><span style=\"font-size: large;\">Changeur automatique de scie \u00e0 bande RPT-60A<\/span><\/span><\/strong><\/a><\/p>\n<p align=\"justify\"><span style=\"color: #000000;\"><span style=\"font-family: Times New Roman, serif;\"><span style=\"font-size: medium;\"><span lang=\"pl-PL\"><u><b>Principe de fonctionnement du distributeur de scie \u00e0 bande<\/b><\/u><\/span><\/span><\/span><\/span><\/p>\n<p align=\"justify\"><span style=\"color: #000000;\"><span style=\"font-family: Times New Roman, serif;\"><span style=\"font-size: medium;\">  L\u2019ouverture se fait automatiquement, en r\u00e9glant le nombre de cycles pour ouvrir la scie \u00e0 ruban sur l\u2019affichage num\u00e9rique, qui serre les m\u00e2choires de la scie. Les dents sont perc\u00e9es par des plaques de carbure plac\u00e9es en face. L\u2019employ\u00e9 peut facilement d\u00e9finir la taille d\u2019ouverture souhait\u00e9e, et en pla\u00e7ant le pousseur au bon endroit, ouvrir les dents droites\/gauche\/droites.  <\/span><\/span><\/span><\/p>\n<p align=\"justify\"><span style=\"color: #000000;\"><span style=\"font-family: Times New Roman, serif;\"><span style=\"font-size: medium;\">  Gr\u00e2ce \u00e0 l\u2019utilisation d\u2019inserts en carbure en forme de cubo\u00efde, nous pouvons<br \/>\nd\u00e9finir la taille d\u2019ouverture souhait\u00e9e avec une grande pr\u00e9cision. De plus, les inserts en carbure assurent la r\u00e9p\u00e9tabilit\u00e9 de l\u2019ouverture gr\u00e2ce \u00e0 leur r\u00e9sistance \u00e0 l\u2019abrasion. L\u2019extr\u00e9mit\u00e9 du supporter est \u00e9galement faite de carbure ciment\u00e9.  <\/span><\/span><\/span><\/p>\n<p><span style=\"color: #000000;\"><span style=\"font-family: Times New Roman, serif;\"><span style=\"font-size: medium;\"><span lang=\"pl-PL\"><u><b>Donn\u00e9es techniques de l\u2019unboxer :<\/b><\/u><\/span><\/span><\/span><\/span><\/p>\n<table width=\"420\" cellspacing=\"0\" cellpadding=\"5\">\n<tbody>\n<tr>\n<td style=\"background: #ffffff;\" bgcolor=\"#ffffff\" width=\"242\" height=\"13\"><span style=\"color: #000000;\"><span style=\"font-family: Times New Roman, serif;\"><span style=\"font-size: medium;\">Largeur de la scie \u00e0 tourner<\/span><\/span><\/span><\/td>\n<td style=\"background: #ffffff;\" bgcolor=\"#ffffff\" width=\"156\">\n<p align=\"right\"><span style=\"color: #000000;\"><span style=\"font-family: Times New Roman, serif;\"><span style=\"font-size: medium;\">20\u00f760 mm<\/span><\/span><\/span><\/p>\n<\/td>\n<\/tr>\n<tr>\n<td style=\"background: #ffffff;\" bgcolor=\"#ffffff\" width=\"242\" height=\"14\"><span style=\"color: #000000;\"><span style=\"font-family: Times New Roman, serif;\"><span style=\"font-size: medium;\">\u00c9paisseur de la scie \u00e0 tourner<\/span><\/span><\/span><\/td>\n<td style=\"background: #ffffff;\" bgcolor=\"#ffffff\" width=\"156\">\n<p align=\"right\"><span style=\"color: #000000;\"><span style=\"font-family: Times New Roman, serif;\"><span style=\"font-size: medium;\">0,8\u00f71,25 mm<\/span><\/span><\/span><\/p>\n<\/td>\n<\/tr>\n<tr>\n<td style=\"background: #ffffff;\" bgcolor=\"#ffffff\" width=\"242\" height=\"14\"><span style=\"color: #000000;\"><span style=\"font-family: Times New Roman, serif;\"><span style=\"font-size: medium;\">Longueur de la scie \u00e0 tourner<\/span><\/span><\/span><\/td>\n<td style=\"background: #ffffff;\" bgcolor=\"#ffffff\" width=\"156\">\n<p align=\"right\"><span style=\"color: #000000;\"><span style=\"font-family: Times New Roman, serif;\"><span style=\"font-size: medium;\">6000 mm<\/span><\/span><\/span><\/p>\n<\/td>\n<\/tr>\n<tr>\n<td style=\"background: #ffffff;\" bgcolor=\"#ffffff\" width=\"242\" height=\"14\"><span style=\"color: #000000;\"><span style=\"font-family: Times New Roman, serif;\"><span style=\"font-size: medium;\">Hauteur des dents ouvertes<\/span><\/span><\/span><\/td>\n<td style=\"background: #ffffff;\" bgcolor=\"#ffffff\" width=\"156\">\n<p align=\"right\"><span style=\"color: #000000;\"><span style=\"font-family: Times New Roman, serif;\"><span style=\"font-size: medium;\">22,2 mm<\/span><\/span><\/span><\/p>\n<\/td>\n<\/tr>\n<tr>\n<td style=\"background: #ffffff;\" bgcolor=\"#ffffff\" width=\"242\" height=\"14\"><span style=\"color: #000000;\"><span style=\"font-family: Times New Roman, serif;\"><span style=\"font-size: medium;\">Dur\u00e9e de l\u2019ouverture<\/span><\/span><\/span><\/td>\n<td style=\"background: #ffffff;\" bgcolor=\"#ffffff\" width=\"156\">\n<p align=\"right\"><span style=\"color: #000000;\"><span style=\"font-family: Times New Roman, serif;\"><span style=\"font-size: medium;\">jusqu\u2019\u00e0 1 mm par page<\/span><\/span><\/span><\/p>\n<\/td>\n<\/tr>\n<tr>\n<td style=\"background: #ffffff;\" bgcolor=\"#ffffff\" width=\"242\" height=\"14\"><span style=\"color: #000000;\"><span style=\"font-family: Times New Roman, serif;\"><span style=\"font-size: medium;\">Pr\u00e9cision d\u2019ouverture<\/span><\/span><\/span><\/td>\n<td style=\"background: #ffffff;\" bgcolor=\"#ffffff\" width=\"156\">\n<p align=\"right\"><span style=\"color: #000000;\"><span style=\"font-family: Times New Roman, serif;\"><span style=\"font-size: medium;\">\u00b10,05 mm<\/span><\/span><\/span><\/p>\n<\/td>\n<\/tr>\n<tr>\n<td style=\"background: #ffffff;\" bgcolor=\"#ffffff\" width=\"242\" height=\"14\"><span style=\"color: #000000;\"><span style=\"font-family: Times New Roman, serif;\"><span style=\"font-size: medium;\">Vitesse d\u2019ouverture<\/span><\/span><\/span><\/td>\n<td style=\"background: #ffffff;\" bgcolor=\"#ffffff\" width=\"156\">\n<p align=\"right\"><span style=\"color: #000000;\"><span style=\"font-family: Times New Roman, serif;\"><span style=\"font-size: medium;\">220 dents\/min<\/span><\/span><\/span><\/p>\n<\/td>\n<\/tr>\n<tr>\n<td style=\"background: #ffffff;\" bgcolor=\"#ffffff\" width=\"242\" height=\"14\"><span style=\"color: #000000;\"><span style=\"font-family: Times New Roman, serif;\"><span style=\"font-size: medium;\">Hauteur des dents de la scie \u00e0 balancement<\/span><\/span><\/span><\/td>\n<td style=\"background: #ffffff;\" bgcolor=\"#ffffff\" width=\"156\">\n<p align=\"right\"><span style=\"color: #000000;\"><span style=\"font-family: Times New Roman, serif;\"><span style=\"font-size: medium;\">4\u00f710 mm<\/span><\/span><\/span><\/p>\n<\/td>\n<\/tr>\n<tr>\n<td style=\"background: #ffffff;\" bgcolor=\"#ffffff\" width=\"242\" height=\"14\"><span style=\"color: #000000;\"><span style=\"font-family: Times New Roman, serif;\"><span style=\"font-size: medium;\">Alimentation install\u00e9e<\/span><\/span><\/span><\/td>\n<td style=\"background: #ffffff;\" bgcolor=\"#ffffff\" width=\"156\">\n<p align=\"right\"><span style=\"color: #000000;\"><span style=\"font-family: Times New Roman, serif;\"><span style=\"font-size: medium;\">0,25kW \/ 390V<\/span><\/span><\/span><\/p>\n<\/td>\n<\/tr>\n<tr>\n<td style=\"background: #ffffff;\" bgcolor=\"#ffffff\" width=\"242\" height=\"14\"><span style=\"color: #000000;\"><span style=\"font-family: Times New Roman, serif;\"><span style=\"font-size: medium;\">Dimensions<\/span><\/span><\/span><\/td>\n<td style=\"background: #ffffff;\" bgcolor=\"#ffffff\" width=\"156\">\n<p align=\"right\"><span style=\"color: #000000;\"><span style=\"font-family: Times New Roman, serif;\"><span style=\"font-size: medium;\">600x600x130 mm  <\/span><\/span><\/span><\/p>\n<\/td>\n<\/tr>\n<tr>\n<td style=\"background: #ffffff;\" bgcolor=\"#ffffff\" width=\"242\" height=\"13\"><span style=\"color: #000000;\"><span style=\"font-family: Times New Roman, serif;\"><span style=\"font-size: medium;\">Poids<\/span><\/span><\/span><\/td>\n<td style=\"background: #ffffff;\" bgcolor=\"#ffffff\" width=\"156\">\n<p align=\"right\"><span style=\"color: #000000;\"><span style=\"font-family: Times New Roman, serif;\"><span style=\"font-size: medium;\">63 kg<\/span><\/span><\/span><\/p>\n<\/td>\n<\/tr>\n<\/tbody>\n<\/table>\n<p>&nbsp;<\/p>\n<p><strong>Avez-vous des questions ? Appelez le num\u00e9ro ; 609-939-822<\/strong><\/p>\n","protected":false},"excerpt":{"rendered":"<p>Changeur automatique de scie \u00e0 bande RPT-60A Principe de fonctionnement du distributeur de scie \u00e0 bande L\u2019ouverture se fait automatiquement, en r\u00e9glant le nombre de cycles pour ouvrir la scie [&hellip;]<\/p>\n","protected":false},"featured_media":3236,"template":"","meta":{"_acf_changed":false},"product_brand":[],"product_cat":[206,219],"product_tag":[],"class_list":{"0":"post-12613","1":"product","2":"type-product","3":"status-publish","4":"has-post-thumbnail","6":"product_cat-machines-et-equipements","7":"product_cat-spinners","9":"first","10":"instock","11":"taxable","12":"shipping-taxable","13":"purchasable","14":"product-type-simple"},"acf":[],"yoast_head":"<!-- This site is optimized with the Yoast SEO plugin v27.5 - https:\/\/yoast.com\/product\/yoast-seo-wordpress\/ -->\n<title>Changeur automatique de scie \u00e0 bande RPT-60A<\/title>\n<meta name=\"description\" content=\"S\u00e9parateur automatique \u00e0 bande RPT-60A - ouverture pr\u00e9cise et rapide des dents. Les inserts en carbure garantissent la r\u00e9p\u00e9tabilit\u00e9 et la durabilit\u00e9.\" \/>\n<meta name=\"robots\" content=\"index, follow, max-snippet:-1, max-image-preview:large, max-video-preview:-1\" \/>\n<link rel=\"canonical\" href=\"https:\/\/www.koro.net.pl\/fr\/produkt\/ecarteuse-a-scie-a-ruban-automatique\/\" \/>\n<meta property=\"og:locale\" content=\"fr_FR\" \/>\n<meta property=\"og:type\" content=\"article\" \/>\n<meta property=\"og:title\" content=\"Changeur automatique de scie \u00e0 bande RPT-60A\" \/>\n<meta property=\"og:description\" content=\"S\u00e9parateur automatique \u00e0 bande RPT-60A - ouverture pr\u00e9cise et rapide des dents. Les inserts en carbure garantissent la r\u00e9p\u00e9tabilit\u00e9 et la durabilit\u00e9.\" \/>\n<meta property=\"og:url\" content=\"https:\/\/www.koro.net.pl\/fr\/produkt\/ecarteuse-a-scie-a-ruban-automatique\/\" \/>\n<meta property=\"og:site_name\" content=\"Koronet\" \/>\n<meta property=\"og:image\" content=\"https:\/\/www.koro.net.pl\/wp-content\/uploads\/2023\/10\/4P8A2510_bez-1.jpg\" \/>\n\t<meta property=\"og:image:width\" content=\"1344\" \/>\n\t<meta property=\"og:image:height\" content=\"896\" \/>\n\t<meta property=\"og:image:type\" content=\"image\/jpeg\" \/>\n<meta name=\"twitter:card\" content=\"summary_large_image\" \/>\n<meta name=\"twitter:label1\" content=\"Dur\u00e9e de lecture estim\u00e9e\" \/>\n\t<meta name=\"twitter:data1\" content=\"1 minute\" \/>\n<script type=\"application\/ld+json\" class=\"yoast-schema-graph\">{\"@context\":\"https:\\\/\\\/schema.org\",\"@graph\":[{\"@type\":\"WebPage\",\"@id\":\"https:\\\/\\\/www.koro.net.pl\\\/fr\\\/produkt\\\/ecarteuse-a-scie-a-ruban-automatique\\\/\",\"url\":\"https:\\\/\\\/www.koro.net.pl\\\/fr\\\/produkt\\\/ecarteuse-a-scie-a-ruban-automatique\\\/\",\"name\":\"Changeur automatique de scie \u00e0 bande RPT-60A\",\"isPartOf\":{\"@id\":\"https:\\\/\\\/www.koro.net.pl\\\/fr\\\/#website\"},\"primaryImageOfPage\":{\"@id\":\"https:\\\/\\\/www.koro.net.pl\\\/fr\\\/produkt\\\/ecarteuse-a-scie-a-ruban-automatique\\\/#primaryimage\"},\"image\":{\"@id\":\"https:\\\/\\\/www.koro.net.pl\\\/fr\\\/produkt\\\/ecarteuse-a-scie-a-ruban-automatique\\\/#primaryimage\"},\"thumbnailUrl\":\"https:\\\/\\\/www.koro.net.pl\\\/wp-content\\\/uploads\\\/2023\\\/10\\\/4P8A2510_bez-1.jpg\",\"datePublished\":\"2023-10-13T08:03:03+00:00\",\"description\":\"S\u00e9parateur automatique \u00e0 bande RPT-60A - ouverture pr\u00e9cise et rapide des dents. Les inserts en carbure garantissent la r\u00e9p\u00e9tabilit\u00e9 et la durabilit\u00e9.\",\"breadcrumb\":{\"@id\":\"https:\\\/\\\/www.koro.net.pl\\\/fr\\\/produkt\\\/ecarteuse-a-scie-a-ruban-automatique\\\/#breadcrumb\"},\"inLanguage\":\"fr-FR\",\"potentialAction\":[{\"@type\":\"ReadAction\",\"target\":[\"https:\\\/\\\/www.koro.net.pl\\\/fr\\\/produkt\\\/ecarteuse-a-scie-a-ruban-automatique\\\/\"]}]},{\"@type\":\"ImageObject\",\"inLanguage\":\"fr-FR\",\"@id\":\"https:\\\/\\\/www.koro.net.pl\\\/fr\\\/produkt\\\/ecarteuse-a-scie-a-ruban-automatique\\\/#primaryimage\",\"url\":\"https:\\\/\\\/www.koro.net.pl\\\/wp-content\\\/uploads\\\/2023\\\/10\\\/4P8A2510_bez-1.jpg\",\"contentUrl\":\"https:\\\/\\\/www.koro.net.pl\\\/wp-content\\\/uploads\\\/2023\\\/10\\\/4P8A2510_bez-1.jpg\",\"width\":1344,\"height\":896,\"caption\":\"Rozwieracz pi\u0142 ta\u015bmowych - Automat\"},{\"@type\":\"BreadcrumbList\",\"@id\":\"https:\\\/\\\/www.koro.net.pl\\\/fr\\\/produkt\\\/ecarteuse-a-scie-a-ruban-automatique\\\/#breadcrumb\",\"itemListElement\":[{\"@type\":\"ListItem\",\"position\":1,\"name\":\"Strona g\u0142\u00f3wna\",\"item\":\"https:\\\/\\\/www.koro.net.pl\\\/fr\\\/\"},{\"@type\":\"ListItem\",\"position\":2,\"name\":\"Machines et \u00e9quipements\",\"item\":\"https:\\\/\\\/www.koro.net.pl\\\/fr\\\/produkty\\\/machines-et-equipements\\\/\"},{\"@type\":\"ListItem\",\"position\":3,\"name\":\"Spinners\",\"item\":\"https:\\\/\\\/www.koro.net.pl\\\/fr\\\/produkty\\\/spinners\\\/\"},{\"@type\":\"ListItem\",\"position\":4,\"name\":\"\u00c9carteuse \u00e0 scie \u00e0 ruban &#8211; Automatique\"}]},{\"@type\":\"WebSite\",\"@id\":\"https:\\\/\\\/www.koro.net.pl\\\/fr\\\/#website\",\"url\":\"https:\\\/\\\/www.koro.net.pl\\\/fr\\\/\",\"name\":\"Koronet\",\"description\":\"\",\"publisher\":{\"@id\":\"https:\\\/\\\/www.koro.net.pl\\\/fr\\\/#organization\"},\"potentialAction\":[{\"@type\":\"SearchAction\",\"target\":{\"@type\":\"EntryPoint\",\"urlTemplate\":\"https:\\\/\\\/www.koro.net.pl\\\/fr\\\/?s={search_term_string}\"},\"query-input\":{\"@type\":\"PropertyValueSpecification\",\"valueRequired\":true,\"valueName\":\"search_term_string\"}}],\"inLanguage\":\"fr-FR\"},{\"@type\":\"Organization\",\"@id\":\"https:\\\/\\\/www.koro.net.pl\\\/fr\\\/#organization\",\"name\":\"Koronet\",\"alternateName\":\"Koronet\",\"url\":\"https:\\\/\\\/www.koro.net.pl\\\/fr\\\/\",\"logo\":{\"@type\":\"ImageObject\",\"inLanguage\":\"fr-FR\",\"@id\":\"https:\\\/\\\/www.koro.net.pl\\\/fr\\\/#\\\/schema\\\/logo\\\/image\\\/\",\"url\":\"https:\\\/\\\/www.koro.net.pl\\\/wp-content\\\/uploads\\\/2025\\\/02\\\/Koronet-spolka-z-o.o.png\",\"contentUrl\":\"https:\\\/\\\/www.koro.net.pl\\\/wp-content\\\/uploads\\\/2025\\\/02\\\/Koronet-spolka-z-o.o.png\",\"width\":696,\"height\":696,\"caption\":\"Koronet\"},\"image\":{\"@id\":\"https:\\\/\\\/www.koro.net.pl\\\/fr\\\/#\\\/schema\\\/logo\\\/image\\\/\"}}]}<\/script>\n<!-- \/ Yoast SEO plugin. -->","yoast_head_json":{"title":"Changeur automatique de scie \u00e0 bande RPT-60A","description":"S\u00e9parateur automatique \u00e0 bande RPT-60A - ouverture pr\u00e9cise et rapide des dents. Les inserts en carbure garantissent la r\u00e9p\u00e9tabilit\u00e9 et la durabilit\u00e9.","robots":{"index":"index","follow":"follow","max-snippet":"max-snippet:-1","max-image-preview":"max-image-preview:large","max-video-preview":"max-video-preview:-1"},"canonical":"https:\/\/www.koro.net.pl\/fr\/produkt\/ecarteuse-a-scie-a-ruban-automatique\/","og_locale":"fr_FR","og_type":"article","og_title":"Changeur automatique de scie \u00e0 bande RPT-60A","og_description":"S\u00e9parateur automatique \u00e0 bande RPT-60A - ouverture pr\u00e9cise et rapide des dents. Les inserts en carbure garantissent la r\u00e9p\u00e9tabilit\u00e9 et la durabilit\u00e9.","og_url":"https:\/\/www.koro.net.pl\/fr\/produkt\/ecarteuse-a-scie-a-ruban-automatique\/","og_site_name":"Koronet","og_image":[{"width":1344,"height":896,"url":"https:\/\/www.koro.net.pl\/wp-content\/uploads\/2023\/10\/4P8A2510_bez-1.jpg","type":"image\/jpeg"}],"twitter_card":"summary_large_image","twitter_misc":{"Dur\u00e9e de lecture estim\u00e9e":"1 minute"},"schema":{"@context":"https:\/\/schema.org","@graph":[{"@type":"WebPage","@id":"https:\/\/www.koro.net.pl\/fr\/produkt\/ecarteuse-a-scie-a-ruban-automatique\/","url":"https:\/\/www.koro.net.pl\/fr\/produkt\/ecarteuse-a-scie-a-ruban-automatique\/","name":"Changeur automatique de scie \u00e0 bande RPT-60A","isPartOf":{"@id":"https:\/\/www.koro.net.pl\/fr\/#website"},"primaryImageOfPage":{"@id":"https:\/\/www.koro.net.pl\/fr\/produkt\/ecarteuse-a-scie-a-ruban-automatique\/#primaryimage"},"image":{"@id":"https:\/\/www.koro.net.pl\/fr\/produkt\/ecarteuse-a-scie-a-ruban-automatique\/#primaryimage"},"thumbnailUrl":"https:\/\/www.koro.net.pl\/wp-content\/uploads\/2023\/10\/4P8A2510_bez-1.jpg","datePublished":"2023-10-13T08:03:03+00:00","description":"S\u00e9parateur automatique \u00e0 bande RPT-60A - ouverture pr\u00e9cise et rapide des dents. Les inserts en carbure garantissent la r\u00e9p\u00e9tabilit\u00e9 et la durabilit\u00e9.","breadcrumb":{"@id":"https:\/\/www.koro.net.pl\/fr\/produkt\/ecarteuse-a-scie-a-ruban-automatique\/#breadcrumb"},"inLanguage":"fr-FR","potentialAction":[{"@type":"ReadAction","target":["https:\/\/www.koro.net.pl\/fr\/produkt\/ecarteuse-a-scie-a-ruban-automatique\/"]}]},{"@type":"ImageObject","inLanguage":"fr-FR","@id":"https:\/\/www.koro.net.pl\/fr\/produkt\/ecarteuse-a-scie-a-ruban-automatique\/#primaryimage","url":"https:\/\/www.koro.net.pl\/wp-content\/uploads\/2023\/10\/4P8A2510_bez-1.jpg","contentUrl":"https:\/\/www.koro.net.pl\/wp-content\/uploads\/2023\/10\/4P8A2510_bez-1.jpg","width":1344,"height":896,"caption":"Rozwieracz pi\u0142 ta\u015bmowych - Automat"},{"@type":"BreadcrumbList","@id":"https:\/\/www.koro.net.pl\/fr\/produkt\/ecarteuse-a-scie-a-ruban-automatique\/#breadcrumb","itemListElement":[{"@type":"ListItem","position":1,"name":"Strona g\u0142\u00f3wna","item":"https:\/\/www.koro.net.pl\/fr\/"},{"@type":"ListItem","position":2,"name":"Machines et \u00e9quipements","item":"https:\/\/www.koro.net.pl\/fr\/produkty\/machines-et-equipements\/"},{"@type":"ListItem","position":3,"name":"Spinners","item":"https:\/\/www.koro.net.pl\/fr\/produkty\/spinners\/"},{"@type":"ListItem","position":4,"name":"\u00c9carteuse \u00e0 scie \u00e0 ruban &#8211; Automatique"}]},{"@type":"WebSite","@id":"https:\/\/www.koro.net.pl\/fr\/#website","url":"https:\/\/www.koro.net.pl\/fr\/","name":"Koronet","description":"","publisher":{"@id":"https:\/\/www.koro.net.pl\/fr\/#organization"},"potentialAction":[{"@type":"SearchAction","target":{"@type":"EntryPoint","urlTemplate":"https:\/\/www.koro.net.pl\/fr\/?s={search_term_string}"},"query-input":{"@type":"PropertyValueSpecification","valueRequired":true,"valueName":"search_term_string"}}],"inLanguage":"fr-FR"},{"@type":"Organization","@id":"https:\/\/www.koro.net.pl\/fr\/#organization","name":"Koronet","alternateName":"Koronet","url":"https:\/\/www.koro.net.pl\/fr\/","logo":{"@type":"ImageObject","inLanguage":"fr-FR","@id":"https:\/\/www.koro.net.pl\/fr\/#\/schema\/logo\/image\/","url":"https:\/\/www.koro.net.pl\/wp-content\/uploads\/2025\/02\/Koronet-spolka-z-o.o.png","contentUrl":"https:\/\/www.koro.net.pl\/wp-content\/uploads\/2025\/02\/Koronet-spolka-z-o.o.png","width":696,"height":696,"caption":"Koronet"},"image":{"@id":"https:\/\/www.koro.net.pl\/fr\/#\/schema\/logo\/image\/"}}]}},"_links":{"self":[{"href":"https:\/\/www.koro.net.pl\/fr\/wp-json\/wp\/v2\/product\/12613","targetHints":{"allow":["GET"]}}],"collection":[{"href":"https:\/\/www.koro.net.pl\/fr\/wp-json\/wp\/v2\/product"}],"about":[{"href":"https:\/\/www.koro.net.pl\/fr\/wp-json\/wp\/v2\/types\/product"}],"wp:featuredmedia":[{"embeddable":true,"href":"https:\/\/www.koro.net.pl\/fr\/wp-json\/wp\/v2\/media\/3236"}],"wp:attachment":[{"href":"https:\/\/www.koro.net.pl\/fr\/wp-json\/wp\/v2\/media?parent=12613"}],"wp:term":[{"taxonomy":"product_brand","embeddable":true,"href":"https:\/\/www.koro.net.pl\/fr\/wp-json\/wp\/v2\/product_brand?post=12613"},{"taxonomy":"product_cat","embeddable":true,"href":"https:\/\/www.koro.net.pl\/fr\/wp-json\/wp\/v2\/product_cat?post=12613"},{"taxonomy":"product_tag","embeddable":true,"href":"https:\/\/www.koro.net.pl\/fr\/wp-json\/wp\/v2\/product_tag?post=12613"}],"curies":[{"name":"wp","href":"https:\/\/api.w.org\/{rel}","templated":true}]}}