{"id":12601,"date":"2023-10-26T10:19:38","date_gmt":"2023-10-26T08:19:38","guid":{"rendered":"https:\/\/www.koro.net.pl\/produkt\/scie-a-bande-metallique-rontgen-varicut-titanium-m42-20x09x2360\/"},"modified":"2023-10-26T10:19:38","modified_gmt":"2023-10-26T08:19:38","slug":"scie-a-bande-metallique-rontgen-varicut-titanium-m42-20x09x2360","status":"publish","type":"product","link":"https:\/\/www.koro.net.pl\/fr\/produkt\/scie-a-bande-metallique-rontgen-varicut-titanium-m42-20x09x2360\/","title":{"rendered":"Scie \u00e0 bande m\u00e9tallique R\u00d6NTGEN VariCut Titanium M42 20&#215;0,9&#215;2360"},"content":{"rendered":"<p><strong>Scie \u00e0 ruban R\u00d6NTGEN VariCut en titane <\/strong>&#8211; Scie \u00e0 bande en acier M42. Elle est con\u00e7ue pour d\u00e9couper des pi\u00e8ces et profils solides de grande et moyenne taille sur tous types de scies \u00e0 ruban. Cela permet de couper des pi\u00e8ces individuellement et en paquets.  <\/p>\n<p>Utilisation<br \/>\n <b>recommand\u00e9e <\/b>Acier : Structurel, carbone, aluminium<br \/>\n\u00e0 faible alliage<br \/>\n, cuivre<\/p>\n","protected":false},"excerpt":{"rendered":"<p>Scie \u00e0 ruban R\u00d6NTGEN VariCut en titane &#8211; Scie \u00e0 bande en acier M42. Elle est con\u00e7ue pour d\u00e9couper des pi\u00e8ces et profils solides de grande et moyenne taille sur [&hellip;]<\/p>\n","protected":false},"featured_media":7714,"template":"","meta":{"_acf_changed":false},"product_brand":[],"product_cat":[203,213,180],"product_tag":[223],"class_list":{"0":"post-12601","1":"product","2":"type-product","3":"status-publish","4":"has-post-thumbnail","6":"product_cat-populaire","7":"product_cat-scies-a-ruban-bimetalliques","8":"product_cat-scies-a-ruban-pour-metal","9":"product_tag-produits-populaires-scies-a-metal","11":"first","12":"instock","13":"taxable","14":"shipping-taxable","15":"purchasable","16":"product-type-simple"},"acf":[],"yoast_head":"<!-- This site is optimized with the Yoast SEO plugin v27.5 - https:\/\/yoast.com\/product\/yoast-seo-wordpress\/ -->\n<title>Scie \u00e0 ruban en titane R\u00d6NTGEN VariCut pour la d\u00e9coupe de m\u00e9tal<\/title>\n<meta name=\"description\" content=\"Puissante scie \u00e0 bande R\u00d6NTGEN VariCut en titane M42 pour la coupe de l\u2019acier, de l\u2019aluminium, du cuivre et du laiton. Coupe simple et paquet.\" \/>\n<meta name=\"robots\" content=\"index, follow, max-snippet:-1, max-image-preview:large, max-video-preview:-1\" \/>\n<link rel=\"canonical\" href=\"https:\/\/www.koro.net.pl\/fr\/produkt\/scie-a-bande-metallique-rontgen-varicut-titanium-m42-20x09x2360\/\" \/>\n<meta property=\"og:locale\" content=\"fr_FR\" \/>\n<meta property=\"og:type\" content=\"article\" \/>\n<meta property=\"og:title\" content=\"Scie \u00e0 ruban en titane R\u00d6NTGEN VariCut pour la d\u00e9coupe de m\u00e9tal\" \/>\n<meta property=\"og:description\" content=\"Puissante scie \u00e0 bande R\u00d6NTGEN VariCut en titane M42 pour la coupe de l\u2019acier, de l\u2019aluminium, du cuivre et du laiton. Coupe simple et paquet.\" \/>\n<meta property=\"og:url\" content=\"https:\/\/www.koro.net.pl\/fr\/produkt\/scie-a-bande-metallique-rontgen-varicut-titanium-m42-20x09x2360\/\" \/>\n<meta property=\"og:site_name\" content=\"Koronet\" \/>\n<meta property=\"og:image\" content=\"https:\/\/www.koro.net.pl\/wp-content\/uploads\/2023\/10\/Varicut-obrocone-800x500-1.png\" \/>\n\t<meta property=\"og:image:width\" content=\"800\" \/>\n\t<meta property=\"og:image:height\" content=\"500\" \/>\n\t<meta property=\"og:image:type\" content=\"image\/png\" \/>\n<meta name=\"twitter:card\" content=\"summary_large_image\" \/>\n<script type=\"application\/ld+json\" class=\"yoast-schema-graph\">{\"@context\":\"https:\\\/\\\/schema.org\",\"@graph\":[{\"@type\":\"WebPage\",\"@id\":\"https:\\\/\\\/www.koro.net.pl\\\/fr\\\/produkt\\\/scie-a-bande-metallique-rontgen-varicut-titanium-m42-20x09x2360\\\/\",\"url\":\"https:\\\/\\\/www.koro.net.pl\\\/fr\\\/produkt\\\/scie-a-bande-metallique-rontgen-varicut-titanium-m42-20x09x2360\\\/\",\"name\":\"Scie \u00e0 ruban en titane R\u00d6NTGEN VariCut pour la d\u00e9coupe de m\u00e9tal\",\"isPartOf\":{\"@id\":\"https:\\\/\\\/www.koro.net.pl\\\/fr\\\/#website\"},\"primaryImageOfPage\":{\"@id\":\"https:\\\/\\\/www.koro.net.pl\\\/fr\\\/produkt\\\/scie-a-bande-metallique-rontgen-varicut-titanium-m42-20x09x2360\\\/#primaryimage\"},\"image\":{\"@id\":\"https:\\\/\\\/www.koro.net.pl\\\/fr\\\/produkt\\\/scie-a-bande-metallique-rontgen-varicut-titanium-m42-20x09x2360\\\/#primaryimage\"},\"thumbnailUrl\":\"https:\\\/\\\/www.koro.net.pl\\\/wp-content\\\/uploads\\\/2023\\\/10\\\/Varicut-obrocone-800x500-1.png\",\"datePublished\":\"2023-10-26T08:19:38+00:00\",\"description\":\"Puissante scie \u00e0 bande R\u00d6NTGEN VariCut en titane M42 pour la coupe de l\u2019acier, de l\u2019aluminium, du cuivre et du laiton. Coupe simple et paquet.\",\"breadcrumb\":{\"@id\":\"https:\\\/\\\/www.koro.net.pl\\\/fr\\\/produkt\\\/scie-a-bande-metallique-rontgen-varicut-titanium-m42-20x09x2360\\\/#breadcrumb\"},\"inLanguage\":\"fr-FR\",\"potentialAction\":[{\"@type\":\"ReadAction\",\"target\":[\"https:\\\/\\\/www.koro.net.pl\\\/fr\\\/produkt\\\/scie-a-bande-metallique-rontgen-varicut-titanium-m42-20x09x2360\\\/\"]}]},{\"@type\":\"ImageObject\",\"inLanguage\":\"fr-FR\",\"@id\":\"https:\\\/\\\/www.koro.net.pl\\\/fr\\\/produkt\\\/scie-a-bande-metallique-rontgen-varicut-titanium-m42-20x09x2360\\\/#primaryimage\",\"url\":\"https:\\\/\\\/www.koro.net.pl\\\/wp-content\\\/uploads\\\/2023\\\/10\\\/Varicut-obrocone-800x500-1.png\",\"contentUrl\":\"https:\\\/\\\/www.koro.net.pl\\\/wp-content\\\/uploads\\\/2023\\\/10\\\/Varicut-obrocone-800x500-1.png\",\"width\":800,\"height\":500,\"caption\":\"pi\u0142a ta\u015bmowa do metalu\"},{\"@type\":\"BreadcrumbList\",\"@id\":\"https:\\\/\\\/www.koro.net.pl\\\/fr\\\/produkt\\\/scie-a-bande-metallique-rontgen-varicut-titanium-m42-20x09x2360\\\/#breadcrumb\",\"itemListElement\":[{\"@type\":\"ListItem\",\"position\":1,\"name\":\"Strona g\u0142\u00f3wna\",\"item\":\"https:\\\/\\\/www.koro.net.pl\\\/fr\\\/\"},{\"@type\":\"ListItem\",\"position\":2,\"name\":\"Scie \u00e0 bande m\u00e9tallique R\u00d6NTGEN VariCut Titanium M42 20&#215;0,9&#215;2360\"}]},{\"@type\":\"WebSite\",\"@id\":\"https:\\\/\\\/www.koro.net.pl\\\/fr\\\/#website\",\"url\":\"https:\\\/\\\/www.koro.net.pl\\\/fr\\\/\",\"name\":\"Koronet\",\"description\":\"\",\"publisher\":{\"@id\":\"https:\\\/\\\/www.koro.net.pl\\\/fr\\\/#organization\"},\"potentialAction\":[{\"@type\":\"SearchAction\",\"target\":{\"@type\":\"EntryPoint\",\"urlTemplate\":\"https:\\\/\\\/www.koro.net.pl\\\/fr\\\/?s={search_term_string}\"},\"query-input\":{\"@type\":\"PropertyValueSpecification\",\"valueRequired\":true,\"valueName\":\"search_term_string\"}}],\"inLanguage\":\"fr-FR\"},{\"@type\":\"Organization\",\"@id\":\"https:\\\/\\\/www.koro.net.pl\\\/fr\\\/#organization\",\"name\":\"Koronet\",\"alternateName\":\"Koronet\",\"url\":\"https:\\\/\\\/www.koro.net.pl\\\/fr\\\/\",\"logo\":{\"@type\":\"ImageObject\",\"inLanguage\":\"fr-FR\",\"@id\":\"https:\\\/\\\/www.koro.net.pl\\\/fr\\\/#\\\/schema\\\/logo\\\/image\\\/\",\"url\":\"https:\\\/\\\/www.koro.net.pl\\\/wp-content\\\/uploads\\\/2025\\\/02\\\/Koronet-spolka-z-o.o.png\",\"contentUrl\":\"https:\\\/\\\/www.koro.net.pl\\\/wp-content\\\/uploads\\\/2025\\\/02\\\/Koronet-spolka-z-o.o.png\",\"width\":696,\"height\":696,\"caption\":\"Koronet\"},\"image\":{\"@id\":\"https:\\\/\\\/www.koro.net.pl\\\/fr\\\/#\\\/schema\\\/logo\\\/image\\\/\"}}]}<\/script>\n<!-- \/ Yoast SEO plugin. -->","yoast_head_json":{"title":"Scie \u00e0 ruban en titane R\u00d6NTGEN VariCut pour la d\u00e9coupe de m\u00e9tal","description":"Puissante scie \u00e0 bande R\u00d6NTGEN VariCut en titane M42 pour la coupe de l\u2019acier, de l\u2019aluminium, du cuivre et du laiton. Coupe simple et paquet.","robots":{"index":"index","follow":"follow","max-snippet":"max-snippet:-1","max-image-preview":"max-image-preview:large","max-video-preview":"max-video-preview:-1"},"canonical":"https:\/\/www.koro.net.pl\/fr\/produkt\/scie-a-bande-metallique-rontgen-varicut-titanium-m42-20x09x2360\/","og_locale":"fr_FR","og_type":"article","og_title":"Scie \u00e0 ruban en titane R\u00d6NTGEN VariCut pour la d\u00e9coupe de m\u00e9tal","og_description":"Puissante scie \u00e0 bande R\u00d6NTGEN VariCut en titane M42 pour la coupe de l\u2019acier, de l\u2019aluminium, du cuivre et du laiton. Coupe simple et paquet.","og_url":"https:\/\/www.koro.net.pl\/fr\/produkt\/scie-a-bande-metallique-rontgen-varicut-titanium-m42-20x09x2360\/","og_site_name":"Koronet","og_image":[{"width":800,"height":500,"url":"https:\/\/www.koro.net.pl\/wp-content\/uploads\/2023\/10\/Varicut-obrocone-800x500-1.png","type":"image\/png"}],"twitter_card":"summary_large_image","schema":{"@context":"https:\/\/schema.org","@graph":[{"@type":"WebPage","@id":"https:\/\/www.koro.net.pl\/fr\/produkt\/scie-a-bande-metallique-rontgen-varicut-titanium-m42-20x09x2360\/","url":"https:\/\/www.koro.net.pl\/fr\/produkt\/scie-a-bande-metallique-rontgen-varicut-titanium-m42-20x09x2360\/","name":"Scie \u00e0 ruban en titane R\u00d6NTGEN VariCut pour la d\u00e9coupe de m\u00e9tal","isPartOf":{"@id":"https:\/\/www.koro.net.pl\/fr\/#website"},"primaryImageOfPage":{"@id":"https:\/\/www.koro.net.pl\/fr\/produkt\/scie-a-bande-metallique-rontgen-varicut-titanium-m42-20x09x2360\/#primaryimage"},"image":{"@id":"https:\/\/www.koro.net.pl\/fr\/produkt\/scie-a-bande-metallique-rontgen-varicut-titanium-m42-20x09x2360\/#primaryimage"},"thumbnailUrl":"https:\/\/www.koro.net.pl\/wp-content\/uploads\/2023\/10\/Varicut-obrocone-800x500-1.png","datePublished":"2023-10-26T08:19:38+00:00","description":"Puissante scie \u00e0 bande R\u00d6NTGEN VariCut en titane M42 pour la coupe de l\u2019acier, de l\u2019aluminium, du cuivre et du laiton. Coupe simple et paquet.","breadcrumb":{"@id":"https:\/\/www.koro.net.pl\/fr\/produkt\/scie-a-bande-metallique-rontgen-varicut-titanium-m42-20x09x2360\/#breadcrumb"},"inLanguage":"fr-FR","potentialAction":[{"@type":"ReadAction","target":["https:\/\/www.koro.net.pl\/fr\/produkt\/scie-a-bande-metallique-rontgen-varicut-titanium-m42-20x09x2360\/"]}]},{"@type":"ImageObject","inLanguage":"fr-FR","@id":"https:\/\/www.koro.net.pl\/fr\/produkt\/scie-a-bande-metallique-rontgen-varicut-titanium-m42-20x09x2360\/#primaryimage","url":"https:\/\/www.koro.net.pl\/wp-content\/uploads\/2023\/10\/Varicut-obrocone-800x500-1.png","contentUrl":"https:\/\/www.koro.net.pl\/wp-content\/uploads\/2023\/10\/Varicut-obrocone-800x500-1.png","width":800,"height":500,"caption":"pi\u0142a ta\u015bmowa do metalu"},{"@type":"BreadcrumbList","@id":"https:\/\/www.koro.net.pl\/fr\/produkt\/scie-a-bande-metallique-rontgen-varicut-titanium-m42-20x09x2360\/#breadcrumb","itemListElement":[{"@type":"ListItem","position":1,"name":"Strona g\u0142\u00f3wna","item":"https:\/\/www.koro.net.pl\/fr\/"},{"@type":"ListItem","position":2,"name":"Scie \u00e0 bande m\u00e9tallique R\u00d6NTGEN VariCut Titanium M42 20&#215;0,9&#215;2360"}]},{"@type":"WebSite","@id":"https:\/\/www.koro.net.pl\/fr\/#website","url":"https:\/\/www.koro.net.pl\/fr\/","name":"Koronet","description":"","publisher":{"@id":"https:\/\/www.koro.net.pl\/fr\/#organization"},"potentialAction":[{"@type":"SearchAction","target":{"@type":"EntryPoint","urlTemplate":"https:\/\/www.koro.net.pl\/fr\/?s={search_term_string}"},"query-input":{"@type":"PropertyValueSpecification","valueRequired":true,"valueName":"search_term_string"}}],"inLanguage":"fr-FR"},{"@type":"Organization","@id":"https:\/\/www.koro.net.pl\/fr\/#organization","name":"Koronet","alternateName":"Koronet","url":"https:\/\/www.koro.net.pl\/fr\/","logo":{"@type":"ImageObject","inLanguage":"fr-FR","@id":"https:\/\/www.koro.net.pl\/fr\/#\/schema\/logo\/image\/","url":"https:\/\/www.koro.net.pl\/wp-content\/uploads\/2025\/02\/Koronet-spolka-z-o.o.png","contentUrl":"https:\/\/www.koro.net.pl\/wp-content\/uploads\/2025\/02\/Koronet-spolka-z-o.o.png","width":696,"height":696,"caption":"Koronet"},"image":{"@id":"https:\/\/www.koro.net.pl\/fr\/#\/schema\/logo\/image\/"}}]}},"_links":{"self":[{"href":"https:\/\/www.koro.net.pl\/fr\/wp-json\/wp\/v2\/product\/12601","targetHints":{"allow":["GET"]}}],"collection":[{"href":"https:\/\/www.koro.net.pl\/fr\/wp-json\/wp\/v2\/product"}],"about":[{"href":"https:\/\/www.koro.net.pl\/fr\/wp-json\/wp\/v2\/types\/product"}],"wp:featuredmedia":[{"embeddable":true,"href":"https:\/\/www.koro.net.pl\/fr\/wp-json\/wp\/v2\/media\/7714"}],"wp:attachment":[{"href":"https:\/\/www.koro.net.pl\/fr\/wp-json\/wp\/v2\/media?parent=12601"}],"wp:term":[{"taxonomy":"product_brand","embeddable":true,"href":"https:\/\/www.koro.net.pl\/fr\/wp-json\/wp\/v2\/product_brand?post=12601"},{"taxonomy":"product_cat","embeddable":true,"href":"https:\/\/www.koro.net.pl\/fr\/wp-json\/wp\/v2\/product_cat?post=12601"},{"taxonomy":"product_tag","embeddable":true,"href":"https:\/\/www.koro.net.pl\/fr\/wp-json\/wp\/v2\/product_tag?post=12601"}],"curies":[{"name":"wp","href":"https:\/\/api.w.org\/{rel}","templated":true}]}}