{"id":12595,"date":"2023-06-05T13:00:14","date_gmt":"2023-06-05T11:00:14","guid":{"rendered":"https:\/\/www.koro.net.pl\/produkt\/huile-lubrifiante-pour-chaine-koronet-lumberjack-5l\/"},"modified":"2023-06-05T13:00:14","modified_gmt":"2023-06-05T11:00:14","slug":"huile-lubrifiante-pour-chaine-koronet-lumberjack-5l","status":"publish","type":"product","link":"https:\/\/www.koro.net.pl\/fr\/produkt\/huile-lubrifiante-pour-chaine-koronet-lumberjack-5l\/","title":{"rendered":"Huile lubrifiante pour cha\u00eene Koronet Lumberjack 5l"},"content":{"rendered":"<h2 data-sourcepos=\"5:1-5:58\"><a href=\"https:\/\/www.koro.net.pl\/fr\/produkty\/huiles-et-liquides-de-refroidissement\/\"><strong>Huile de lubrification pour cha\u00eene de b\u00fbcheron Protection professionnelle et performance pour votre scie<\/strong><\/a><\/h2>\n<p data-sourcepos=\"7:1-7:302\">Koronet Drwal est une huile sp\u00e9ciale multisaison pour lubrifier cha\u00eenes et cha\u00eenes de scies m\u00e9caniques, cr\u00e9\u00e9e pour un usage intensif en foresterie, vergers et autres travaux forestiers. Sa formule unique offre une excellente lubrification et protection, m\u00eame dans des environnements difficiles. <\/p>\n<h2 data-sourcepos=\"9:1-9:32\"><strong>Avantages que vous appr\u00e9cierez :<\/strong><\/h2>\n<ul data-sourcepos=\"11:1-15:0\">\n<li data-sourcepos=\"11:1-11:119\"><strong>Adh\u00e9rence exceptionnelle :<\/strong> L\u2019huile de b\u00fbcheron adh\u00e8re parfaitement aux parties mobiles de la scie, minimisant la friction et l\u2019usure.<\/li>\n<li data-sourcepos=\"12:1-12:169\"><strong>Lubrification dans toutes les conditions :<\/strong> Il conserve ses propri\u00e9t\u00e9s lubrifiantes \u00e0 haute et basse temp\u00e9rature, garantissant un fonctionnement sans probl\u00e8me toute l\u2019ann\u00e9e.<\/li>\n<li data-sourcepos=\"13:1-13:143\"><strong>Protection contre l\u2019usure et la corrosion :<\/strong> Il prot\u00e8ge efficacement la cha\u00eene et le guide contre l\u2019usure abrasive et la corrosion, prolongeant ainsi leur dur\u00e9e de vie.<\/li>\n<li data-sourcepos=\"14:1-15:0\"><strong>Application polyvalente :<\/strong> Id\u00e9al pour les scies m\u00e9caniques utilis\u00e9es en foresterie, dans les vergers, ainsi que pour d\u2019autres machines utilis\u00e9es dans l\u2019abattage forestier.<\/li>\n<\/ul>\n<h2 data-sourcepos=\"16:1-16:41\"><strong>Propri\u00e9t\u00e9s du p\u00e9trole pour Koronet Lumberjack :<\/strong><\/h2>\n<ul data-sourcepos=\"18:1-27:0\">\n<li data-sourcepos=\"18:1-18:43\">Base : Huile min\u00e9rale profond\u00e9ment raffin\u00e9e<\/li>\n<li data-sourcepos=\"19:1-19:112\">Additifs de raffinage : additif viscosificant-d\u00e9pressif, additif pour am\u00e9liorer l\u2019adh\u00e9rence de l\u2019huile au m\u00e9tal<\/li>\n<li data-sourcepos=\"20:1-20:31\">Densit\u00e9 \u00e0 20\u00b0C : 0,898 g\/cm3<\/li>\n<li data-sourcepos=\"21:1-21:44\">Viscosit\u00e9 cin\u00e9matique \u00e0 100\u00b0C : 9,35 mm2\/s<\/li>\n<li data-sourcepos=\"22:1-22:43\">Viscosit\u00e9 cin\u00e9matique \u00e0 40\u00b0C : 64,9 mm2\/s<\/li>\n<li data-sourcepos=\"23:1-23:32\">Valeur acide : 0,41 mgKOH\/g<\/li>\n<li data-sourcepos=\"24:1-24:26\">Indice de viscosit\u00e9 : 101<\/li>\n<li data-sourcepos=\"25:1-25:30\">Point d\u2019\u00e9clair : 242\u00b0C<\/li>\n<li data-sourcepos=\"26:1-27:0\">Point de fusion : -31\u00b0C<\/li>\n<\/ul>\n<h2 data-sourcepos=\"28:1-28:22\"><strong>Application :<\/strong><\/h2>\n<p data-sourcepos=\"30:1-30:113\">L\u2019huile de b\u00fbcheron est destin\u00e9e \u00e0 lubrifier le syst\u00e8me de coupe (cha\u00eene) et les guides de tron\u00e7onneuse utilis\u00e9s dans :<\/p>\n<ul data-sourcepos=\"32:1-35:0\">\n<li data-sourcepos=\"32:1-32:21\">Gestion foresti\u00e8re<\/li>\n<li data-sourcepos=\"33:1-33:16\">Culture fruiti\u00e8re<\/li>\n<li data-sourcepos=\"34:1-35:0\">Autres travaux li\u00e9s \u00e0 la d\u00e9forestation<\/li>\n<\/ul>\n<p data-sourcepos=\"36:1-36:85\">Il peut \u00e9galement \u00eatre utilis\u00e9 pour lubrifier d\u2019autres machines utilis\u00e9es dans l\u2019exploitation foresti\u00e8re.<\/p>\n<p data-sourcepos=\"36:1-36:85\"><strong>Les valeurs r\u00e9elles sont plac\u00e9es sur les certificats de qualit\u00e9 attach\u00e9s \u00e0 chaque lot du produit.<\/strong><\/p>\n<p data-sourcepos=\"36:1-36:85\"><strong>  Achetez d\u00e8s maintenant et prenez soin de votre scie !<\/strong><\/p>\n<p>&nbsp;<\/p>\n","protected":false},"excerpt":{"rendered":"<p>Huile de lubrification pour cha\u00eene de b\u00fbcheron Protection professionnelle et performance pour votre scie Koronet Drwal est une huile sp\u00e9ciale multisaison pour lubrifier cha\u00eenes et cha\u00eenes de scies m\u00e9caniques, cr\u00e9\u00e9e [&hellip;]<\/p>\n","protected":false},"featured_media":12599,"template":"","meta":{"_acf_changed":false},"product_brand":[],"product_cat":[222,211],"product_tag":[],"class_list":{"0":"post-12595","1":"product","2":"type-product","3":"status-publish","4":"has-post-thumbnail","6":"product_cat-autres","7":"product_cat-huiles-et-liquides-de-refroidissement","9":"first","10":"instock","11":"taxable","12":"shipping-taxable","13":"purchasable","14":"product-type-simple"},"acf":[],"yoast_head":"<!-- This site is optimized with the Yoast SEO plugin v27.5 - https:\/\/yoast.com\/product\/yoast-seo-wordpress\/ -->\n<title>Huile lubrifiante pour cha\u00eene (toutes saisons). Koronet B\u00fbcheron 5l<\/title>\n<meta name=\"description\" content=\"B\u00fbcheron - huile pour lubrifier les cha\u00eenes. Multi-saisons, offre une excellente lubrification et protection contre l\u2019usure. Pour un usage professionnel.\" \/>\n<meta name=\"robots\" content=\"index, follow, max-snippet:-1, max-image-preview:large, max-video-preview:-1\" \/>\n<link rel=\"canonical\" href=\"https:\/\/www.koro.net.pl\/fr\/produkt\/huile-lubrifiante-pour-chaine-koronet-lumberjack-5l\/\" \/>\n<meta property=\"og:locale\" content=\"fr_FR\" \/>\n<meta property=\"og:type\" content=\"article\" \/>\n<meta property=\"og:title\" content=\"Huile lubrifiante pour cha\u00eene (toutes saisons). Koronet B\u00fbcheron 5l\" \/>\n<meta property=\"og:description\" content=\"B\u00fbcheron - huile pour lubrifier les cha\u00eenes. Multi-saisons, offre une excellente lubrification et protection contre l\u2019usure. Pour un usage professionnel.\" \/>\n<meta property=\"og:url\" content=\"https:\/\/www.koro.net.pl\/fr\/produkt\/huile-lubrifiante-pour-chaine-koronet-lumberjack-5l\/\" \/>\n<meta property=\"og:site_name\" content=\"Koronet\" \/>\n<meta property=\"og:image\" content=\"https:\/\/www.koro.net.pl\/wp-content\/uploads\/2023\/06\/olej-do-pil.png\" \/>\n\t<meta property=\"og:image:width\" content=\"800\" \/>\n\t<meta property=\"og:image:height\" content=\"800\" \/>\n\t<meta property=\"og:image:type\" content=\"image\/png\" \/>\n<meta name=\"twitter:card\" content=\"summary_large_image\" \/>\n<meta name=\"twitter:label1\" content=\"Dur\u00e9e de lecture estim\u00e9e\" \/>\n\t<meta name=\"twitter:data1\" content=\"2 minutes\" \/>\n<script type=\"application\/ld+json\" class=\"yoast-schema-graph\">{\"@context\":\"https:\\\/\\\/schema.org\",\"@graph\":[{\"@type\":\"WebPage\",\"@id\":\"https:\\\/\\\/www.koro.net.pl\\\/fr\\\/produkt\\\/huile-lubrifiante-pour-chaine-koronet-lumberjack-5l\\\/\",\"url\":\"https:\\\/\\\/www.koro.net.pl\\\/fr\\\/produkt\\\/huile-lubrifiante-pour-chaine-koronet-lumberjack-5l\\\/\",\"name\":\"Huile lubrifiante pour cha\u00eene (toutes saisons). Koronet B\u00fbcheron 5l\",\"isPartOf\":{\"@id\":\"https:\\\/\\\/www.koro.net.pl\\\/fr\\\/#website\"},\"primaryImageOfPage\":{\"@id\":\"https:\\\/\\\/www.koro.net.pl\\\/fr\\\/produkt\\\/huile-lubrifiante-pour-chaine-koronet-lumberjack-5l\\\/#primaryimage\"},\"image\":{\"@id\":\"https:\\\/\\\/www.koro.net.pl\\\/fr\\\/produkt\\\/huile-lubrifiante-pour-chaine-koronet-lumberjack-5l\\\/#primaryimage\"},\"thumbnailUrl\":\"https:\\\/\\\/www.koro.net.pl\\\/wp-content\\\/uploads\\\/2023\\\/06\\\/olej-do-pil.png\",\"datePublished\":\"2023-06-05T11:00:14+00:00\",\"description\":\"B\u00fbcheron - huile pour lubrifier les cha\u00eenes. Multi-saisons, offre une excellente lubrification et protection contre l\u2019usure. Pour un usage professionnel.\",\"breadcrumb\":{\"@id\":\"https:\\\/\\\/www.koro.net.pl\\\/fr\\\/produkt\\\/huile-lubrifiante-pour-chaine-koronet-lumberjack-5l\\\/#breadcrumb\"},\"inLanguage\":\"fr-FR\",\"potentialAction\":[{\"@type\":\"ReadAction\",\"target\":[\"https:\\\/\\\/www.koro.net.pl\\\/fr\\\/produkt\\\/huile-lubrifiante-pour-chaine-koronet-lumberjack-5l\\\/\"]}]},{\"@type\":\"ImageObject\",\"inLanguage\":\"fr-FR\",\"@id\":\"https:\\\/\\\/www.koro.net.pl\\\/fr\\\/produkt\\\/huile-lubrifiante-pour-chaine-koronet-lumberjack-5l\\\/#primaryimage\",\"url\":\"https:\\\/\\\/www.koro.net.pl\\\/wp-content\\\/uploads\\\/2023\\\/06\\\/olej-do-pil.png\",\"contentUrl\":\"https:\\\/\\\/www.koro.net.pl\\\/wp-content\\\/uploads\\\/2023\\\/06\\\/olej-do-pil.png\",\"width\":800,\"height\":800,\"caption\":\"Huile de tron\u00e7onneuse\"},{\"@type\":\"BreadcrumbList\",\"@id\":\"https:\\\/\\\/www.koro.net.pl\\\/fr\\\/produkt\\\/huile-lubrifiante-pour-chaine-koronet-lumberjack-5l\\\/#breadcrumb\",\"itemListElement\":[{\"@type\":\"ListItem\",\"position\":1,\"name\":\"Strona g\u0142\u00f3wna\",\"item\":\"https:\\\/\\\/www.koro.net.pl\\\/fr\\\/\"},{\"@type\":\"ListItem\",\"position\":2,\"name\":\"Huile lubrifiante pour cha\u00eene Koronet Lumberjack 5l\"}]},{\"@type\":\"WebSite\",\"@id\":\"https:\\\/\\\/www.koro.net.pl\\\/fr\\\/#website\",\"url\":\"https:\\\/\\\/www.koro.net.pl\\\/fr\\\/\",\"name\":\"Koronet\",\"description\":\"\",\"publisher\":{\"@id\":\"https:\\\/\\\/www.koro.net.pl\\\/fr\\\/#organization\"},\"potentialAction\":[{\"@type\":\"SearchAction\",\"target\":{\"@type\":\"EntryPoint\",\"urlTemplate\":\"https:\\\/\\\/www.koro.net.pl\\\/fr\\\/?s={search_term_string}\"},\"query-input\":{\"@type\":\"PropertyValueSpecification\",\"valueRequired\":true,\"valueName\":\"search_term_string\"}}],\"inLanguage\":\"fr-FR\"},{\"@type\":\"Organization\",\"@id\":\"https:\\\/\\\/www.koro.net.pl\\\/fr\\\/#organization\",\"name\":\"Koronet\",\"alternateName\":\"Koronet\",\"url\":\"https:\\\/\\\/www.koro.net.pl\\\/fr\\\/\",\"logo\":{\"@type\":\"ImageObject\",\"inLanguage\":\"fr-FR\",\"@id\":\"https:\\\/\\\/www.koro.net.pl\\\/fr\\\/#\\\/schema\\\/logo\\\/image\\\/\",\"url\":\"https:\\\/\\\/www.koro.net.pl\\\/wp-content\\\/uploads\\\/2025\\\/02\\\/Koronet-spolka-z-o.o.png\",\"contentUrl\":\"https:\\\/\\\/www.koro.net.pl\\\/wp-content\\\/uploads\\\/2025\\\/02\\\/Koronet-spolka-z-o.o.png\",\"width\":696,\"height\":696,\"caption\":\"Koronet\"},\"image\":{\"@id\":\"https:\\\/\\\/www.koro.net.pl\\\/fr\\\/#\\\/schema\\\/logo\\\/image\\\/\"}}]}<\/script>\n<!-- \/ Yoast SEO plugin. -->","yoast_head_json":{"title":"Huile lubrifiante pour cha\u00eene (toutes saisons). Koronet B\u00fbcheron 5l","description":"B\u00fbcheron - huile pour lubrifier les cha\u00eenes. Multi-saisons, offre une excellente lubrification et protection contre l\u2019usure. Pour un usage professionnel.","robots":{"index":"index","follow":"follow","max-snippet":"max-snippet:-1","max-image-preview":"max-image-preview:large","max-video-preview":"max-video-preview:-1"},"canonical":"https:\/\/www.koro.net.pl\/fr\/produkt\/huile-lubrifiante-pour-chaine-koronet-lumberjack-5l\/","og_locale":"fr_FR","og_type":"article","og_title":"Huile lubrifiante pour cha\u00eene (toutes saisons). Koronet B\u00fbcheron 5l","og_description":"B\u00fbcheron - huile pour lubrifier les cha\u00eenes. Multi-saisons, offre une excellente lubrification et protection contre l\u2019usure. Pour un usage professionnel.","og_url":"https:\/\/www.koro.net.pl\/fr\/produkt\/huile-lubrifiante-pour-chaine-koronet-lumberjack-5l\/","og_site_name":"Koronet","og_image":[{"width":800,"height":800,"url":"https:\/\/www.koro.net.pl\/wp-content\/uploads\/2023\/06\/olej-do-pil.png","type":"image\/png"}],"twitter_card":"summary_large_image","twitter_misc":{"Dur\u00e9e de lecture estim\u00e9e":"2 minutes"},"schema":{"@context":"https:\/\/schema.org","@graph":[{"@type":"WebPage","@id":"https:\/\/www.koro.net.pl\/fr\/produkt\/huile-lubrifiante-pour-chaine-koronet-lumberjack-5l\/","url":"https:\/\/www.koro.net.pl\/fr\/produkt\/huile-lubrifiante-pour-chaine-koronet-lumberjack-5l\/","name":"Huile lubrifiante pour cha\u00eene (toutes saisons). Koronet B\u00fbcheron 5l","isPartOf":{"@id":"https:\/\/www.koro.net.pl\/fr\/#website"},"primaryImageOfPage":{"@id":"https:\/\/www.koro.net.pl\/fr\/produkt\/huile-lubrifiante-pour-chaine-koronet-lumberjack-5l\/#primaryimage"},"image":{"@id":"https:\/\/www.koro.net.pl\/fr\/produkt\/huile-lubrifiante-pour-chaine-koronet-lumberjack-5l\/#primaryimage"},"thumbnailUrl":"https:\/\/www.koro.net.pl\/wp-content\/uploads\/2023\/06\/olej-do-pil.png","datePublished":"2023-06-05T11:00:14+00:00","description":"B\u00fbcheron - huile pour lubrifier les cha\u00eenes. Multi-saisons, offre une excellente lubrification et protection contre l\u2019usure. Pour un usage professionnel.","breadcrumb":{"@id":"https:\/\/www.koro.net.pl\/fr\/produkt\/huile-lubrifiante-pour-chaine-koronet-lumberjack-5l\/#breadcrumb"},"inLanguage":"fr-FR","potentialAction":[{"@type":"ReadAction","target":["https:\/\/www.koro.net.pl\/fr\/produkt\/huile-lubrifiante-pour-chaine-koronet-lumberjack-5l\/"]}]},{"@type":"ImageObject","inLanguage":"fr-FR","@id":"https:\/\/www.koro.net.pl\/fr\/produkt\/huile-lubrifiante-pour-chaine-koronet-lumberjack-5l\/#primaryimage","url":"https:\/\/www.koro.net.pl\/wp-content\/uploads\/2023\/06\/olej-do-pil.png","contentUrl":"https:\/\/www.koro.net.pl\/wp-content\/uploads\/2023\/06\/olej-do-pil.png","width":800,"height":800,"caption":"Huile de tron\u00e7onneuse"},{"@type":"BreadcrumbList","@id":"https:\/\/www.koro.net.pl\/fr\/produkt\/huile-lubrifiante-pour-chaine-koronet-lumberjack-5l\/#breadcrumb","itemListElement":[{"@type":"ListItem","position":1,"name":"Strona g\u0142\u00f3wna","item":"https:\/\/www.koro.net.pl\/fr\/"},{"@type":"ListItem","position":2,"name":"Huile lubrifiante pour cha\u00eene Koronet Lumberjack 5l"}]},{"@type":"WebSite","@id":"https:\/\/www.koro.net.pl\/fr\/#website","url":"https:\/\/www.koro.net.pl\/fr\/","name":"Koronet","description":"","publisher":{"@id":"https:\/\/www.koro.net.pl\/fr\/#organization"},"potentialAction":[{"@type":"SearchAction","target":{"@type":"EntryPoint","urlTemplate":"https:\/\/www.koro.net.pl\/fr\/?s={search_term_string}"},"query-input":{"@type":"PropertyValueSpecification","valueRequired":true,"valueName":"search_term_string"}}],"inLanguage":"fr-FR"},{"@type":"Organization","@id":"https:\/\/www.koro.net.pl\/fr\/#organization","name":"Koronet","alternateName":"Koronet","url":"https:\/\/www.koro.net.pl\/fr\/","logo":{"@type":"ImageObject","inLanguage":"fr-FR","@id":"https:\/\/www.koro.net.pl\/fr\/#\/schema\/logo\/image\/","url":"https:\/\/www.koro.net.pl\/wp-content\/uploads\/2025\/02\/Koronet-spolka-z-o.o.png","contentUrl":"https:\/\/www.koro.net.pl\/wp-content\/uploads\/2025\/02\/Koronet-spolka-z-o.o.png","width":696,"height":696,"caption":"Koronet"},"image":{"@id":"https:\/\/www.koro.net.pl\/fr\/#\/schema\/logo\/image\/"}}]}},"_links":{"self":[{"href":"https:\/\/www.koro.net.pl\/fr\/wp-json\/wp\/v2\/product\/12595","targetHints":{"allow":["GET"]}}],"collection":[{"href":"https:\/\/www.koro.net.pl\/fr\/wp-json\/wp\/v2\/product"}],"about":[{"href":"https:\/\/www.koro.net.pl\/fr\/wp-json\/wp\/v2\/types\/product"}],"wp:featuredmedia":[{"embeddable":true,"href":"https:\/\/www.koro.net.pl\/fr\/wp-json\/wp\/v2\/media\/12599"}],"wp:attachment":[{"href":"https:\/\/www.koro.net.pl\/fr\/wp-json\/wp\/v2\/media?parent=12595"}],"wp:term":[{"taxonomy":"product_brand","embeddable":true,"href":"https:\/\/www.koro.net.pl\/fr\/wp-json\/wp\/v2\/product_brand?post=12595"},{"taxonomy":"product_cat","embeddable":true,"href":"https:\/\/www.koro.net.pl\/fr\/wp-json\/wp\/v2\/product_cat?post=12595"},{"taxonomy":"product_tag","embeddable":true,"href":"https:\/\/www.koro.net.pl\/fr\/wp-json\/wp\/v2\/product_tag?post=12595"}],"curies":[{"name":"wp","href":"https:\/\/api.w.org\/{rel}","templated":true}]}}