{"id":12529,"date":"2023-05-17T15:51:37","date_gmt":"2023-05-17T13:51:37","guid":{"rendered":"https:\/\/www.koro.net.pl\/produkt\/double-meche-de-forage-din338-rn-hss-e-renverse\/"},"modified":"2023-05-17T15:51:37","modified_gmt":"2023-05-17T13:51:37","slug":"double-meche-de-forage-din338-rn-hss-e-renverse","status":"publish","type":"product","link":"https:\/\/www.koro.net.pl\/fr\/produkt\/double-meche-de-forage-din338-rn-hss-e-renverse\/","title":{"rendered":"Double m\u00e8che de forage DIN338 RN HSS-E renvers\u00e9"},"content":{"rendered":"<p><a href=\"https:\/\/www.koro.net.pl\/fr\/produkty\/meches-de-perceuse\/\">M\u00e8che double meul\u00e9e pour professionnels avec une tige inf\u00e9rieure de 13,00 mm de diam\u00e8tre.<\/a>  Il est fabriqu\u00e9 en acier HSS \u00e0 grande vitesse avec 5 % d\u2019ajout de cobalt (CO5 %), ce qui garantit une culture de travail \u00e9lev\u00e9e avec une efficacit\u00e9 accrue. Le foret r\u00e9siste aux temp\u00e9ratures \u00e9lev\u00e9es. Il est id\u00e9alement adapt\u00e9 au forage dans l\u2019acier inoxydable, r\u00e9sistant aux acides et en acier outill\u00e9.  <\/p>\n<ul>\n<li>Standard : DIN338<\/li>\n<li>Additif au cobalt (CO5 %)<\/li>\n<li>Double terrain<\/li>\n<li>Angle de la pale de 131\u00b0<\/li>\n<li>Poign\u00e9e sur\u00e9lev\u00e9e \u2013 diam\u00e8tre de 13,00 mm<\/li>\n<\/ul>\n<p>Classe de tol\u00e9rance de forage : H8<br \/>\nDirection de forage : Droite<\/p>\n<p>Application des outils :<\/p>\n<ul>\n<li>Acier de structure<\/li>\n<li>Acier \u00e0 outils<\/li>\n<li>Acier inoxydable<\/li>\n<li>M\u00e9taux non ferreux<\/li>\n<li>et autres<\/li>\n<\/ul>\n<p><em>La norme de qualit\u00e9 allemande est le niveau que tous nos outils atteignent.<\/em><\/p>\n<p>7 tailles disponibles de 16,50 mm \u00e0 20 mm<\/p>\n<table>\n<tbody>\n<tr>\n<td><strong>Taille (mm)<\/strong><\/td>\n<td><strong>Longueur totale (mm)<\/strong><\/td>\n<td><strong>Longueur de la tige (mm)<\/strong><\/td>\n<td><strong>Diam\u00e8tre de la tige (mm)<\/strong><\/td>\n<\/tr>\n<tr>\n<td>16,5<\/td>\n<td>184<\/td>\n<td>35<\/td>\n<td>13<\/td>\n<\/tr>\n<tr>\n<td>17<\/td>\n<td>184<\/td>\n<td>35<\/td>\n<td>13<\/td>\n<\/tr>\n<tr>\n<td>17,5<\/td>\n<td>191<\/td>\n<td>35<\/td>\n<td>13<\/td>\n<\/tr>\n<tr>\n<td>18<\/td>\n<td>191<\/td>\n<td>35<\/td>\n<td>13<\/td>\n<\/tr>\n<tr>\n<td>18,5<\/td>\n<td>198<\/td>\n<td>35<\/td>\n<td>13<\/td>\n<\/tr>\n<tr>\n<td>19<\/td>\n<td>198<\/td>\n<td>35<\/td>\n<td>13<\/td>\n<\/tr>\n<tr>\n<td>20<\/td>\n<td>205<\/td>\n<td>35<\/td>\n<td>13<\/td>\n<\/tr>\n<\/tbody>\n<\/table>\n","protected":false},"excerpt":{"rendered":"<p>M\u00e8che double meul\u00e9e pour professionnels avec une tige inf\u00e9rieure de 13,00 mm de diam\u00e8tre. Il est fabriqu\u00e9 en acier HSS \u00e0 grande vitesse avec 5 % d\u2019ajout de cobalt (CO5 [&hellip;]<\/p>\n","protected":false},"featured_media":5099,"template":"","meta":{"_acf_changed":false},"product_brand":[],"product_cat":[176,174],"product_tag":[],"class_list":{"0":"post-12529","1":"product","2":"type-product","3":"status-publish","4":"has-post-thumbnail","6":"product_cat-meches-de-perceuse","7":"product_cat-outils","9":"first","10":"instock","11":"taxable","12":"shipping-taxable","13":"purchasable","14":"product-type-variable","15":"has-default-attributes"},"acf":[],"yoast_head":"<!-- This site is optimized with the Yoast SEO plugin v27.5 - https:\/\/yoast.com\/product\/yoast-seo-wordpress\/ -->\n<title>M\u00e8che double \u00e0 terreau HSS Co5 % 13 mm DIN338<\/title>\n<meta name=\"description\" content=\"M\u00e8che double meul\u00e9e en cobalt (HSS Co5 %). Angle de la pale 131\u00b0. Il est id\u00e9alement adapt\u00e9 au forage dans l\u2019acier inoxydable, r\u00e9sistant aux acides et en acier outill\u00e9.\" \/>\n<meta name=\"robots\" content=\"index, follow, max-snippet:-1, max-image-preview:large, max-video-preview:-1\" \/>\n<link rel=\"canonical\" href=\"https:\/\/www.koro.net.pl\/fr\/produkt\/double-meche-de-forage-din338-rn-hss-e-renverse\/\" \/>\n<meta property=\"og:locale\" content=\"fr_FR\" \/>\n<meta property=\"og:type\" content=\"article\" \/>\n<meta property=\"og:title\" content=\"M\u00e8che double \u00e0 terreau HSS Co5 % 13 mm DIN338\" \/>\n<meta property=\"og:description\" content=\"M\u00e8che double meul\u00e9e en cobalt (HSS Co5 %). Angle de la pale 131\u00b0. Il est id\u00e9alement adapt\u00e9 au forage dans l\u2019acier inoxydable, r\u00e9sistant aux acides et en acier outill\u00e9.\" \/>\n<meta property=\"og:url\" content=\"https:\/\/www.koro.net.pl\/fr\/produkt\/double-meche-de-forage-din338-rn-hss-e-renverse\/\" \/>\n<meta property=\"og:site_name\" content=\"Koronet\" \/>\n<meta property=\"og:image\" content=\"https:\/\/www.koro.net.pl\/wp-content\/uploads\/2023\/05\/40.-Narzedzia41-scaled.jpg\" \/>\n\t<meta property=\"og:image:width\" content=\"2560\" \/>\n\t<meta property=\"og:image:height\" content=\"2560\" \/>\n\t<meta property=\"og:image:type\" content=\"image\/jpeg\" \/>\n<meta name=\"twitter:card\" content=\"summary_large_image\" \/>\n<meta name=\"twitter:label1\" content=\"Dur\u00e9e de lecture estim\u00e9e\" \/>\n\t<meta name=\"twitter:data1\" content=\"1 minute\" \/>\n<script type=\"application\/ld+json\" class=\"yoast-schema-graph\">{\"@context\":\"https:\\\/\\\/schema.org\",\"@graph\":[{\"@type\":\"WebPage\",\"@id\":\"https:\\\/\\\/www.koro.net.pl\\\/fr\\\/produkt\\\/double-meche-de-forage-din338-rn-hss-e-renverse\\\/\",\"url\":\"https:\\\/\\\/www.koro.net.pl\\\/fr\\\/produkt\\\/double-meche-de-forage-din338-rn-hss-e-renverse\\\/\",\"name\":\"M\u00e8che double \u00e0 terreau HSS Co5 % 13 mm DIN338\",\"isPartOf\":{\"@id\":\"https:\\\/\\\/www.koro.net.pl\\\/fr\\\/#website\"},\"primaryImageOfPage\":{\"@id\":\"https:\\\/\\\/www.koro.net.pl\\\/fr\\\/produkt\\\/double-meche-de-forage-din338-rn-hss-e-renverse\\\/#primaryimage\"},\"image\":{\"@id\":\"https:\\\/\\\/www.koro.net.pl\\\/fr\\\/produkt\\\/double-meche-de-forage-din338-rn-hss-e-renverse\\\/#primaryimage\"},\"thumbnailUrl\":\"https:\\\/\\\/www.koro.net.pl\\\/wp-content\\\/uploads\\\/2023\\\/05\\\/40.-Narzedzia41-scaled.jpg\",\"datePublished\":\"2023-05-17T13:51:37+00:00\",\"description\":\"M\u00e8che double meul\u00e9e en cobalt (HSS Co5 %). Angle de la pale 131\u00b0. Il est id\u00e9alement adapt\u00e9 au forage dans l\u2019acier inoxydable, r\u00e9sistant aux acides et en acier outill\u00e9.\",\"breadcrumb\":{\"@id\":\"https:\\\/\\\/www.koro.net.pl\\\/fr\\\/produkt\\\/double-meche-de-forage-din338-rn-hss-e-renverse\\\/#breadcrumb\"},\"inLanguage\":\"fr-FR\",\"potentialAction\":[{\"@type\":\"ReadAction\",\"target\":[\"https:\\\/\\\/www.koro.net.pl\\\/fr\\\/produkt\\\/double-meche-de-forage-din338-rn-hss-e-renverse\\\/\"]}]},{\"@type\":\"ImageObject\",\"inLanguage\":\"fr-FR\",\"@id\":\"https:\\\/\\\/www.koro.net.pl\\\/fr\\\/produkt\\\/double-meche-de-forage-din338-rn-hss-e-renverse\\\/#primaryimage\",\"url\":\"https:\\\/\\\/www.koro.net.pl\\\/wp-content\\\/uploads\\\/2023\\\/05\\\/40.-Narzedzia41-scaled.jpg\",\"contentUrl\":\"https:\\\/\\\/www.koro.net.pl\\\/wp-content\\\/uploads\\\/2023\\\/05\\\/40.-Narzedzia41-scaled.jpg\",\"width\":2560,\"height\":2560,\"caption\":\"Wiert\u0142o podw\u00f3jnie szlifowane DIN338 RN HSS-E podtaczane\"},{\"@type\":\"BreadcrumbList\",\"@id\":\"https:\\\/\\\/www.koro.net.pl\\\/fr\\\/produkt\\\/double-meche-de-forage-din338-rn-hss-e-renverse\\\/#breadcrumb\",\"itemListElement\":[{\"@type\":\"ListItem\",\"position\":1,\"name\":\"Strona g\u0142\u00f3wna\",\"item\":\"https:\\\/\\\/www.koro.net.pl\\\/fr\\\/\"},{\"@type\":\"ListItem\",\"position\":2,\"name\":\"Double m\u00e8che de forage DIN338 RN HSS-E renvers\u00e9\"}]},{\"@type\":\"WebSite\",\"@id\":\"https:\\\/\\\/www.koro.net.pl\\\/fr\\\/#website\",\"url\":\"https:\\\/\\\/www.koro.net.pl\\\/fr\\\/\",\"name\":\"Koronet\",\"description\":\"\",\"publisher\":{\"@id\":\"https:\\\/\\\/www.koro.net.pl\\\/fr\\\/#organization\"},\"potentialAction\":[{\"@type\":\"SearchAction\",\"target\":{\"@type\":\"EntryPoint\",\"urlTemplate\":\"https:\\\/\\\/www.koro.net.pl\\\/fr\\\/?s={search_term_string}\"},\"query-input\":{\"@type\":\"PropertyValueSpecification\",\"valueRequired\":true,\"valueName\":\"search_term_string\"}}],\"inLanguage\":\"fr-FR\"},{\"@type\":\"Organization\",\"@id\":\"https:\\\/\\\/www.koro.net.pl\\\/fr\\\/#organization\",\"name\":\"Koronet\",\"alternateName\":\"Koronet\",\"url\":\"https:\\\/\\\/www.koro.net.pl\\\/fr\\\/\",\"logo\":{\"@type\":\"ImageObject\",\"inLanguage\":\"fr-FR\",\"@id\":\"https:\\\/\\\/www.koro.net.pl\\\/fr\\\/#\\\/schema\\\/logo\\\/image\\\/\",\"url\":\"https:\\\/\\\/www.koro.net.pl\\\/wp-content\\\/uploads\\\/2025\\\/02\\\/Koronet-spolka-z-o.o.png\",\"contentUrl\":\"https:\\\/\\\/www.koro.net.pl\\\/wp-content\\\/uploads\\\/2025\\\/02\\\/Koronet-spolka-z-o.o.png\",\"width\":696,\"height\":696,\"caption\":\"Koronet\"},\"image\":{\"@id\":\"https:\\\/\\\/www.koro.net.pl\\\/fr\\\/#\\\/schema\\\/logo\\\/image\\\/\"}}]}<\/script>\n<!-- \/ Yoast SEO plugin. -->","yoast_head_json":{"title":"M\u00e8che double \u00e0 terreau HSS Co5 % 13 mm DIN338","description":"M\u00e8che double meul\u00e9e en cobalt (HSS Co5 %). Angle de la pale 131\u00b0. Il est id\u00e9alement adapt\u00e9 au forage dans l\u2019acier inoxydable, r\u00e9sistant aux acides et en acier outill\u00e9.","robots":{"index":"index","follow":"follow","max-snippet":"max-snippet:-1","max-image-preview":"max-image-preview:large","max-video-preview":"max-video-preview:-1"},"canonical":"https:\/\/www.koro.net.pl\/fr\/produkt\/double-meche-de-forage-din338-rn-hss-e-renverse\/","og_locale":"fr_FR","og_type":"article","og_title":"M\u00e8che double \u00e0 terreau HSS Co5 % 13 mm DIN338","og_description":"M\u00e8che double meul\u00e9e en cobalt (HSS Co5 %). Angle de la pale 131\u00b0. Il est id\u00e9alement adapt\u00e9 au forage dans l\u2019acier inoxydable, r\u00e9sistant aux acides et en acier outill\u00e9.","og_url":"https:\/\/www.koro.net.pl\/fr\/produkt\/double-meche-de-forage-din338-rn-hss-e-renverse\/","og_site_name":"Koronet","og_image":[{"width":2560,"height":2560,"url":"https:\/\/www.koro.net.pl\/wp-content\/uploads\/2023\/05\/40.-Narzedzia41-scaled.jpg","type":"image\/jpeg"}],"twitter_card":"summary_large_image","twitter_misc":{"Dur\u00e9e de lecture estim\u00e9e":"1 minute"},"schema":{"@context":"https:\/\/schema.org","@graph":[{"@type":"WebPage","@id":"https:\/\/www.koro.net.pl\/fr\/produkt\/double-meche-de-forage-din338-rn-hss-e-renverse\/","url":"https:\/\/www.koro.net.pl\/fr\/produkt\/double-meche-de-forage-din338-rn-hss-e-renverse\/","name":"M\u00e8che double \u00e0 terreau HSS Co5 % 13 mm DIN338","isPartOf":{"@id":"https:\/\/www.koro.net.pl\/fr\/#website"},"primaryImageOfPage":{"@id":"https:\/\/www.koro.net.pl\/fr\/produkt\/double-meche-de-forage-din338-rn-hss-e-renverse\/#primaryimage"},"image":{"@id":"https:\/\/www.koro.net.pl\/fr\/produkt\/double-meche-de-forage-din338-rn-hss-e-renverse\/#primaryimage"},"thumbnailUrl":"https:\/\/www.koro.net.pl\/wp-content\/uploads\/2023\/05\/40.-Narzedzia41-scaled.jpg","datePublished":"2023-05-17T13:51:37+00:00","description":"M\u00e8che double meul\u00e9e en cobalt (HSS Co5 %). Angle de la pale 131\u00b0. Il est id\u00e9alement adapt\u00e9 au forage dans l\u2019acier inoxydable, r\u00e9sistant aux acides et en acier outill\u00e9.","breadcrumb":{"@id":"https:\/\/www.koro.net.pl\/fr\/produkt\/double-meche-de-forage-din338-rn-hss-e-renverse\/#breadcrumb"},"inLanguage":"fr-FR","potentialAction":[{"@type":"ReadAction","target":["https:\/\/www.koro.net.pl\/fr\/produkt\/double-meche-de-forage-din338-rn-hss-e-renverse\/"]}]},{"@type":"ImageObject","inLanguage":"fr-FR","@id":"https:\/\/www.koro.net.pl\/fr\/produkt\/double-meche-de-forage-din338-rn-hss-e-renverse\/#primaryimage","url":"https:\/\/www.koro.net.pl\/wp-content\/uploads\/2023\/05\/40.-Narzedzia41-scaled.jpg","contentUrl":"https:\/\/www.koro.net.pl\/wp-content\/uploads\/2023\/05\/40.-Narzedzia41-scaled.jpg","width":2560,"height":2560,"caption":"Wiert\u0142o podw\u00f3jnie szlifowane DIN338 RN HSS-E podtaczane"},{"@type":"BreadcrumbList","@id":"https:\/\/www.koro.net.pl\/fr\/produkt\/double-meche-de-forage-din338-rn-hss-e-renverse\/#breadcrumb","itemListElement":[{"@type":"ListItem","position":1,"name":"Strona g\u0142\u00f3wna","item":"https:\/\/www.koro.net.pl\/fr\/"},{"@type":"ListItem","position":2,"name":"Double m\u00e8che de forage DIN338 RN HSS-E renvers\u00e9"}]},{"@type":"WebSite","@id":"https:\/\/www.koro.net.pl\/fr\/#website","url":"https:\/\/www.koro.net.pl\/fr\/","name":"Koronet","description":"","publisher":{"@id":"https:\/\/www.koro.net.pl\/fr\/#organization"},"potentialAction":[{"@type":"SearchAction","target":{"@type":"EntryPoint","urlTemplate":"https:\/\/www.koro.net.pl\/fr\/?s={search_term_string}"},"query-input":{"@type":"PropertyValueSpecification","valueRequired":true,"valueName":"search_term_string"}}],"inLanguage":"fr-FR"},{"@type":"Organization","@id":"https:\/\/www.koro.net.pl\/fr\/#organization","name":"Koronet","alternateName":"Koronet","url":"https:\/\/www.koro.net.pl\/fr\/","logo":{"@type":"ImageObject","inLanguage":"fr-FR","@id":"https:\/\/www.koro.net.pl\/fr\/#\/schema\/logo\/image\/","url":"https:\/\/www.koro.net.pl\/wp-content\/uploads\/2025\/02\/Koronet-spolka-z-o.o.png","contentUrl":"https:\/\/www.koro.net.pl\/wp-content\/uploads\/2025\/02\/Koronet-spolka-z-o.o.png","width":696,"height":696,"caption":"Koronet"},"image":{"@id":"https:\/\/www.koro.net.pl\/fr\/#\/schema\/logo\/image\/"}}]}},"_links":{"self":[{"href":"https:\/\/www.koro.net.pl\/fr\/wp-json\/wp\/v2\/product\/12529","targetHints":{"allow":["GET"]}}],"collection":[{"href":"https:\/\/www.koro.net.pl\/fr\/wp-json\/wp\/v2\/product"}],"about":[{"href":"https:\/\/www.koro.net.pl\/fr\/wp-json\/wp\/v2\/types\/product"}],"wp:featuredmedia":[{"embeddable":true,"href":"https:\/\/www.koro.net.pl\/fr\/wp-json\/wp\/v2\/media\/5099"}],"wp:attachment":[{"href":"https:\/\/www.koro.net.pl\/fr\/wp-json\/wp\/v2\/media?parent=12529"}],"wp:term":[{"taxonomy":"product_brand","embeddable":true,"href":"https:\/\/www.koro.net.pl\/fr\/wp-json\/wp\/v2\/product_brand?post=12529"},{"taxonomy":"product_cat","embeddable":true,"href":"https:\/\/www.koro.net.pl\/fr\/wp-json\/wp\/v2\/product_cat?post=12529"},{"taxonomy":"product_tag","embeddable":true,"href":"https:\/\/www.koro.net.pl\/fr\/wp-json\/wp\/v2\/product_tag?post=12529"}],"curies":[{"name":"wp","href":"https:\/\/api.w.org\/{rel}","templated":true}]}}