{"id":12476,"date":"2023-05-17T15:50:21","date_gmt":"2023-05-17T13:50:21","guid":{"rendered":"https:\/\/www.koro.net.pl\/produkt\/double-meche-de-forage-din338-rn-hss-e\/"},"modified":"2023-05-17T15:50:21","modified_gmt":"2023-05-17T13:50:21","slug":"double-meche-de-forage-din338-rn-hss-e","status":"publish","type":"product","link":"https:\/\/www.koro.net.pl\/fr\/produkt\/double-meche-de-forage-din338-rn-hss-e\/","title":{"rendered":"Double m\u00e8che de forage DIN338 RN HSS-E"},"content":{"rendered":"<p><a href=\"https:\/\/www.koro.net.pl\/fr\/produkty\/meches-de-perceuse\/\">M\u00e8che \u00e0 double meulage<\/a> pour professionnels avec tige cylindrique. Il est fabriqu\u00e9 en acier HSS \u00e0 grande vitesse avec 5 % d\u2019ajout de cobalt (CO5 %), ce qui garantit une culture de travail \u00e9lev\u00e9e avec une efficacit\u00e9 accrue. La m\u00e8che de forage double meulage r\u00e9siste aux temp\u00e9ratures \u00e9lev\u00e9es. Il est id\u00e9alement adapt\u00e9 au forage dans l\u2019acier inoxydable, r\u00e9sistant aux acides et en acier outill\u00e9.   <\/p>\n<ul>\n<li>Standard : DIN338<\/li>\n<li>Additif au cobalt (CO5 %)<\/li>\n<li>Tige cylindrique<\/li>\n<li>Double terrain<\/li>\n<li>angle de pale 131\u00b0<\/li>\n<\/ul>\n<p>Classe de tol\u00e9rance de forage : H8<br \/>\nDirection de forage : Droite<\/p>\n<p>Application des outils :<\/p>\n<ul>\n<li>Acier de structure<\/li>\n<li>Acier \u00e0 outils<\/li>\n<li>Acier inoxydable<\/li>\n<li>M\u00e9taux non ferreux<\/li>\n<li>et autres<\/li>\n<\/ul>\n<p><em>La norme de qualit\u00e9 allemande est le niveau que tous nos outils atteignent.<\/em><\/p>\n<p>46 tailles disponibles de 2,0 mm \u00e0 16,00 mm<\/p>\n<p>&nbsp;<\/p>\n<table>\n<tbody>\n<tr>\n<td><strong>Taille (mm)<\/strong><\/td>\n<td><strong>Longueur totale (mm)<\/strong><\/td>\n<td><strong>Longueur de travail (mm)<\/strong><\/td>\n<\/tr>\n<tr>\n<td>\n 2<\/td>\n<td>49<\/td>\n<td>24<\/td>\n<\/tr>\n<tr>\n<td>2.5<\/td>\n<td>57<\/td>\n<td>30<\/td>\n<\/tr>\n<tr>\n<td>\n 3<\/td>\n<td>61<\/td>\n<td>33<\/td>\n<\/tr>\n<tr>\n<td>3.3<\/td>\n<td>65<\/td>\n<td>36<\/td>\n<\/tr>\n<tr>\n<td>\n 4<\/td>\n<td>75<\/td>\n<td>43<\/td>\n<\/tr>\n<tr>\n<td>4.2<\/td>\n<td>75<\/td>\n<td>43<\/td>\n<\/tr>\n<tr>\n<td>4.5<\/td>\n<td>80<\/td>\n<td>47<\/td>\n<\/tr>\n<tr>\n<td>\n 5<\/td>\n<td>86<\/td>\n<td>52<\/td>\n<\/tr>\n<tr>\n<td>5.2<\/td>\n<td>86<\/td>\n<td>52<\/td>\n<\/tr>\n<tr>\n<td>5.5<\/td>\n<td>93<\/td>\n<td>57<\/td>\n<\/tr>\n<tr>\n<td>\n 6<\/td>\n<td>93<\/td>\n<td>57<\/td>\n<\/tr>\n<tr>\n<td>6.8<\/td>\n<td>109<\/td>\n<td>69<\/td>\n<\/tr>\n<tr>\n<td>\n 7<\/td>\n<td>109<\/td>\n<td>69<\/td>\n<\/tr>\n<tr>\n<td>7,5<\/td>\n<td>109<\/td>\n<td>69<\/td>\n<\/tr>\n<tr>\n<td>\n 8<\/td>\n<td>117<\/td>\n<td>75<\/td>\n<\/tr>\n<tr>\n<td>8,5<\/td>\n<td>117<\/td>\n<td>75<\/td>\n<\/tr>\n<tr>\n<td>\n 9<\/td>\n<td>125<\/td>\n<td>81<\/td>\n<\/tr>\n<tr>\n<td>9,5<\/td>\n<td>125<\/td>\n<td>81<\/td>\n<\/tr>\n<tr>\n<td>10<\/td>\n<td>133<\/td>\n<td>87<\/td>\n<\/tr>\n<tr>\n<td>10.2<\/td>\n<td>133<\/td>\n<td>87<\/td>\n<\/tr>\n<tr>\n<td>10,5<\/td>\n<td>133<\/td>\n<td>87<\/td>\n<\/tr>\n<tr>\n<td>11<\/td>\n<td>142<\/td>\n<td>94<\/td>\n<\/tr>\n<tr>\n<td>11,5<\/td>\n<td>142<\/td>\n<td>94<\/td>\n<\/tr>\n<tr>\n<td>12<\/td>\n<td>151<\/td>\n<td>101<\/td>\n<\/tr>\n<tr>\n<td>13<\/td>\n<td>151<\/td>\n<td>101<\/td>\n<\/tr>\n<tr>\n<td>14<\/td>\n<td>160<\/td>\n<td>108<\/td>\n<\/tr>\n<tr>\n<td>15<\/td>\n<td>169<\/td>\n<td>114<\/td>\n<\/tr>\n<tr>\n<td>15,5<\/td>\n<td>169<\/td>\n<td>114<\/td>\n<\/tr>\n<tr>\n<td>16<\/td>\n<td>178<\/td>\n<td>120<\/td>\n<\/tr>\n<\/tbody>\n<\/table>\n","protected":false},"excerpt":{"rendered":"<p>M\u00e8che \u00e0 double meulage pour professionnels avec tige cylindrique. Il est fabriqu\u00e9 en acier HSS \u00e0 grande vitesse avec 5 % d\u2019ajout de cobalt (CO5 %), ce qui garantit une [&hellip;]<\/p>\n","protected":false},"featured_media":5039,"template":"","meta":{"_acf_changed":false},"product_brand":[],"product_cat":[176,174],"product_tag":[],"class_list":{"0":"post-12476","1":"product","2":"type-product","3":"status-publish","4":"has-post-thumbnail","6":"product_cat-meches-de-perceuse","7":"product_cat-outils","9":"first","10":"instock","11":"taxable","12":"shipping-taxable","13":"purchasable","14":"product-type-variable","15":"has-default-attributes"},"acf":[],"yoast_head":"<!-- This site is optimized with the Yoast SEO plugin v27.5 - https:\/\/yoast.com\/product\/yoast-seo-wordpress\/ -->\n<title>M\u00e8che de forage double cobalt HSS \u00e0 5 %<\/title>\n<meta name=\"description\" content=\"M\u00e8che professionnelle HSS double meul\u00e9e avec 5 % de cobalt (CO5 %). Tige cylindrique Id\u00e9al pour travailler l\u2019acier inoxydable, r\u00e9sistant aux acides et en acier outill\u00e9.\" \/>\n<meta name=\"robots\" content=\"index, follow, max-snippet:-1, max-image-preview:large, max-video-preview:-1\" \/>\n<link rel=\"canonical\" href=\"https:\/\/www.koro.net.pl\/fr\/produkt\/double-meche-de-forage-din338-rn-hss-e\/\" \/>\n<meta property=\"og:locale\" content=\"fr_FR\" \/>\n<meta property=\"og:type\" content=\"article\" \/>\n<meta property=\"og:title\" content=\"M\u00e8che de forage double cobalt HSS \u00e0 5 %\" \/>\n<meta property=\"og:description\" content=\"M\u00e8che professionnelle HSS double meul\u00e9e avec 5 % de cobalt (CO5 %). Tige cylindrique Id\u00e9al pour travailler l\u2019acier inoxydable, r\u00e9sistant aux acides et en acier outill\u00e9.\" \/>\n<meta property=\"og:url\" content=\"https:\/\/www.koro.net.pl\/fr\/produkt\/double-meche-de-forage-din338-rn-hss-e\/\" \/>\n<meta property=\"og:site_name\" content=\"Koronet\" \/>\n<meta property=\"og:image\" content=\"https:\/\/www.koro.net.pl\/wp-content\/uploads\/2023\/05\/39.-Narzedzia33-7-scaled.jpg\" \/>\n\t<meta property=\"og:image:width\" content=\"2560\" \/>\n\t<meta property=\"og:image:height\" content=\"2560\" \/>\n\t<meta property=\"og:image:type\" content=\"image\/jpeg\" \/>\n<meta name=\"twitter:card\" content=\"summary_large_image\" \/>\n<meta name=\"twitter:label1\" content=\"Dur\u00e9e de lecture estim\u00e9e\" \/>\n\t<meta name=\"twitter:data1\" content=\"1 minute\" \/>\n<script type=\"application\/ld+json\" class=\"yoast-schema-graph\">{\"@context\":\"https:\\\/\\\/schema.org\",\"@graph\":[{\"@type\":\"WebPage\",\"@id\":\"https:\\\/\\\/www.koro.net.pl\\\/fr\\\/produkt\\\/double-meche-de-forage-din338-rn-hss-e\\\/\",\"url\":\"https:\\\/\\\/www.koro.net.pl\\\/fr\\\/produkt\\\/double-meche-de-forage-din338-rn-hss-e\\\/\",\"name\":\"M\u00e8che de forage double cobalt HSS \u00e0 5 %\",\"isPartOf\":{\"@id\":\"https:\\\/\\\/www.koro.net.pl\\\/fr\\\/#website\"},\"primaryImageOfPage\":{\"@id\":\"https:\\\/\\\/www.koro.net.pl\\\/fr\\\/produkt\\\/double-meche-de-forage-din338-rn-hss-e\\\/#primaryimage\"},\"image\":{\"@id\":\"https:\\\/\\\/www.koro.net.pl\\\/fr\\\/produkt\\\/double-meche-de-forage-din338-rn-hss-e\\\/#primaryimage\"},\"thumbnailUrl\":\"https:\\\/\\\/www.koro.net.pl\\\/wp-content\\\/uploads\\\/2023\\\/05\\\/39.-Narzedzia33-7-scaled.jpg\",\"datePublished\":\"2023-05-17T13:50:21+00:00\",\"description\":\"M\u00e8che professionnelle HSS double meul\u00e9e avec 5 % de cobalt (CO5 %). Tige cylindrique Id\u00e9al pour travailler l\u2019acier inoxydable, r\u00e9sistant aux acides et en acier outill\u00e9.\",\"breadcrumb\":{\"@id\":\"https:\\\/\\\/www.koro.net.pl\\\/fr\\\/produkt\\\/double-meche-de-forage-din338-rn-hss-e\\\/#breadcrumb\"},\"inLanguage\":\"fr-FR\",\"potentialAction\":[{\"@type\":\"ReadAction\",\"target\":[\"https:\\\/\\\/www.koro.net.pl\\\/fr\\\/produkt\\\/double-meche-de-forage-din338-rn-hss-e\\\/\"]}]},{\"@type\":\"ImageObject\",\"inLanguage\":\"fr-FR\",\"@id\":\"https:\\\/\\\/www.koro.net.pl\\\/fr\\\/produkt\\\/double-meche-de-forage-din338-rn-hss-e\\\/#primaryimage\",\"url\":\"https:\\\/\\\/www.koro.net.pl\\\/wp-content\\\/uploads\\\/2023\\\/05\\\/39.-Narzedzia33-7-scaled.jpg\",\"contentUrl\":\"https:\\\/\\\/www.koro.net.pl\\\/wp-content\\\/uploads\\\/2023\\\/05\\\/39.-Narzedzia33-7-scaled.jpg\",\"width\":2560,\"height\":2560,\"caption\":\"Wiert\u0142o podw\u00f3jnie szlifowane DIN338 RN HSS-E\"},{\"@type\":\"BreadcrumbList\",\"@id\":\"https:\\\/\\\/www.koro.net.pl\\\/fr\\\/produkt\\\/double-meche-de-forage-din338-rn-hss-e\\\/#breadcrumb\",\"itemListElement\":[{\"@type\":\"ListItem\",\"position\":1,\"name\":\"Strona g\u0142\u00f3wna\",\"item\":\"https:\\\/\\\/www.koro.net.pl\\\/fr\\\/\"},{\"@type\":\"ListItem\",\"position\":2,\"name\":\"Double m\u00e8che de forage DIN338 RN HSS-E\"}]},{\"@type\":\"WebSite\",\"@id\":\"https:\\\/\\\/www.koro.net.pl\\\/fr\\\/#website\",\"url\":\"https:\\\/\\\/www.koro.net.pl\\\/fr\\\/\",\"name\":\"Koronet\",\"description\":\"\",\"publisher\":{\"@id\":\"https:\\\/\\\/www.koro.net.pl\\\/fr\\\/#organization\"},\"potentialAction\":[{\"@type\":\"SearchAction\",\"target\":{\"@type\":\"EntryPoint\",\"urlTemplate\":\"https:\\\/\\\/www.koro.net.pl\\\/fr\\\/?s={search_term_string}\"},\"query-input\":{\"@type\":\"PropertyValueSpecification\",\"valueRequired\":true,\"valueName\":\"search_term_string\"}}],\"inLanguage\":\"fr-FR\"},{\"@type\":\"Organization\",\"@id\":\"https:\\\/\\\/www.koro.net.pl\\\/fr\\\/#organization\",\"name\":\"Koronet\",\"alternateName\":\"Koronet\",\"url\":\"https:\\\/\\\/www.koro.net.pl\\\/fr\\\/\",\"logo\":{\"@type\":\"ImageObject\",\"inLanguage\":\"fr-FR\",\"@id\":\"https:\\\/\\\/www.koro.net.pl\\\/fr\\\/#\\\/schema\\\/logo\\\/image\\\/\",\"url\":\"https:\\\/\\\/www.koro.net.pl\\\/wp-content\\\/uploads\\\/2025\\\/02\\\/Koronet-spolka-z-o.o.png\",\"contentUrl\":\"https:\\\/\\\/www.koro.net.pl\\\/wp-content\\\/uploads\\\/2025\\\/02\\\/Koronet-spolka-z-o.o.png\",\"width\":696,\"height\":696,\"caption\":\"Koronet\"},\"image\":{\"@id\":\"https:\\\/\\\/www.koro.net.pl\\\/fr\\\/#\\\/schema\\\/logo\\\/image\\\/\"}}]}<\/script>\n<!-- \/ Yoast SEO plugin. -->","yoast_head_json":{"title":"M\u00e8che de forage double cobalt HSS \u00e0 5 %","description":"M\u00e8che professionnelle HSS double meul\u00e9e avec 5 % de cobalt (CO5 %). Tige cylindrique Id\u00e9al pour travailler l\u2019acier inoxydable, r\u00e9sistant aux acides et en acier outill\u00e9.","robots":{"index":"index","follow":"follow","max-snippet":"max-snippet:-1","max-image-preview":"max-image-preview:large","max-video-preview":"max-video-preview:-1"},"canonical":"https:\/\/www.koro.net.pl\/fr\/produkt\/double-meche-de-forage-din338-rn-hss-e\/","og_locale":"fr_FR","og_type":"article","og_title":"M\u00e8che de forage double cobalt HSS \u00e0 5 %","og_description":"M\u00e8che professionnelle HSS double meul\u00e9e avec 5 % de cobalt (CO5 %). Tige cylindrique Id\u00e9al pour travailler l\u2019acier inoxydable, r\u00e9sistant aux acides et en acier outill\u00e9.","og_url":"https:\/\/www.koro.net.pl\/fr\/produkt\/double-meche-de-forage-din338-rn-hss-e\/","og_site_name":"Koronet","og_image":[{"width":2560,"height":2560,"url":"https:\/\/www.koro.net.pl\/wp-content\/uploads\/2023\/05\/39.-Narzedzia33-7-scaled.jpg","type":"image\/jpeg"}],"twitter_card":"summary_large_image","twitter_misc":{"Dur\u00e9e de lecture estim\u00e9e":"1 minute"},"schema":{"@context":"https:\/\/schema.org","@graph":[{"@type":"WebPage","@id":"https:\/\/www.koro.net.pl\/fr\/produkt\/double-meche-de-forage-din338-rn-hss-e\/","url":"https:\/\/www.koro.net.pl\/fr\/produkt\/double-meche-de-forage-din338-rn-hss-e\/","name":"M\u00e8che de forage double cobalt HSS \u00e0 5 %","isPartOf":{"@id":"https:\/\/www.koro.net.pl\/fr\/#website"},"primaryImageOfPage":{"@id":"https:\/\/www.koro.net.pl\/fr\/produkt\/double-meche-de-forage-din338-rn-hss-e\/#primaryimage"},"image":{"@id":"https:\/\/www.koro.net.pl\/fr\/produkt\/double-meche-de-forage-din338-rn-hss-e\/#primaryimage"},"thumbnailUrl":"https:\/\/www.koro.net.pl\/wp-content\/uploads\/2023\/05\/39.-Narzedzia33-7-scaled.jpg","datePublished":"2023-05-17T13:50:21+00:00","description":"M\u00e8che professionnelle HSS double meul\u00e9e avec 5 % de cobalt (CO5 %). Tige cylindrique Id\u00e9al pour travailler l\u2019acier inoxydable, r\u00e9sistant aux acides et en acier outill\u00e9.","breadcrumb":{"@id":"https:\/\/www.koro.net.pl\/fr\/produkt\/double-meche-de-forage-din338-rn-hss-e\/#breadcrumb"},"inLanguage":"fr-FR","potentialAction":[{"@type":"ReadAction","target":["https:\/\/www.koro.net.pl\/fr\/produkt\/double-meche-de-forage-din338-rn-hss-e\/"]}]},{"@type":"ImageObject","inLanguage":"fr-FR","@id":"https:\/\/www.koro.net.pl\/fr\/produkt\/double-meche-de-forage-din338-rn-hss-e\/#primaryimage","url":"https:\/\/www.koro.net.pl\/wp-content\/uploads\/2023\/05\/39.-Narzedzia33-7-scaled.jpg","contentUrl":"https:\/\/www.koro.net.pl\/wp-content\/uploads\/2023\/05\/39.-Narzedzia33-7-scaled.jpg","width":2560,"height":2560,"caption":"Wiert\u0142o podw\u00f3jnie szlifowane DIN338 RN HSS-E"},{"@type":"BreadcrumbList","@id":"https:\/\/www.koro.net.pl\/fr\/produkt\/double-meche-de-forage-din338-rn-hss-e\/#breadcrumb","itemListElement":[{"@type":"ListItem","position":1,"name":"Strona g\u0142\u00f3wna","item":"https:\/\/www.koro.net.pl\/fr\/"},{"@type":"ListItem","position":2,"name":"Double m\u00e8che de forage DIN338 RN HSS-E"}]},{"@type":"WebSite","@id":"https:\/\/www.koro.net.pl\/fr\/#website","url":"https:\/\/www.koro.net.pl\/fr\/","name":"Koronet","description":"","publisher":{"@id":"https:\/\/www.koro.net.pl\/fr\/#organization"},"potentialAction":[{"@type":"SearchAction","target":{"@type":"EntryPoint","urlTemplate":"https:\/\/www.koro.net.pl\/fr\/?s={search_term_string}"},"query-input":{"@type":"PropertyValueSpecification","valueRequired":true,"valueName":"search_term_string"}}],"inLanguage":"fr-FR"},{"@type":"Organization","@id":"https:\/\/www.koro.net.pl\/fr\/#organization","name":"Koronet","alternateName":"Koronet","url":"https:\/\/www.koro.net.pl\/fr\/","logo":{"@type":"ImageObject","inLanguage":"fr-FR","@id":"https:\/\/www.koro.net.pl\/fr\/#\/schema\/logo\/image\/","url":"https:\/\/www.koro.net.pl\/wp-content\/uploads\/2025\/02\/Koronet-spolka-z-o.o.png","contentUrl":"https:\/\/www.koro.net.pl\/wp-content\/uploads\/2025\/02\/Koronet-spolka-z-o.o.png","width":696,"height":696,"caption":"Koronet"},"image":{"@id":"https:\/\/www.koro.net.pl\/fr\/#\/schema\/logo\/image\/"}}]}},"_links":{"self":[{"href":"https:\/\/www.koro.net.pl\/fr\/wp-json\/wp\/v2\/product\/12476","targetHints":{"allow":["GET"]}}],"collection":[{"href":"https:\/\/www.koro.net.pl\/fr\/wp-json\/wp\/v2\/product"}],"about":[{"href":"https:\/\/www.koro.net.pl\/fr\/wp-json\/wp\/v2\/types\/product"}],"wp:featuredmedia":[{"embeddable":true,"href":"https:\/\/www.koro.net.pl\/fr\/wp-json\/wp\/v2\/media\/5039"}],"wp:attachment":[{"href":"https:\/\/www.koro.net.pl\/fr\/wp-json\/wp\/v2\/media?parent=12476"}],"wp:term":[{"taxonomy":"product_brand","embeddable":true,"href":"https:\/\/www.koro.net.pl\/fr\/wp-json\/wp\/v2\/product_brand?post=12476"},{"taxonomy":"product_cat","embeddable":true,"href":"https:\/\/www.koro.net.pl\/fr\/wp-json\/wp\/v2\/product_cat?post=12476"},{"taxonomy":"product_tag","embeddable":true,"href":"https:\/\/www.koro.net.pl\/fr\/wp-json\/wp\/v2\/product_tag?post=12476"}],"curies":[{"name":"wp","href":"https:\/\/api.w.org\/{rel}","templated":true}]}}