{"id":12423,"date":"2023-05-17T15:19:05","date_gmt":"2023-05-17T13:19:05","guid":{"rendered":"https:\/\/www.koro.net.pl\/produkt\/tournage-fin-tap-din374-mf-hsse-ticn\/"},"modified":"2023-05-17T15:19:05","modified_gmt":"2023-05-17T13:19:05","slug":"tournage-fin-tap-din374-mf-hsse-ticn","status":"publish","type":"product","link":"https:\/\/www.koro.net.pl\/fr\/produkt\/tournage-fin-tap-din374-mf-hsse-ticn\/","title":{"rendered":"Tournage fin Tap DIN374 MF HSSE TiCN"},"content":{"rendered":"<p><a href=\"https:\/\/www.koro.net.pl\/fr\/produkty\/taps\/\">Prise sp\u00e9cialis\u00e9e pour machine \u00e0 tournage fin<\/a> , fabriqu\u00e9e en acier HSS haute vitesse de haute qualit\u00e9 avec un rev\u00eatement ajout\u00e9 en cobalt (CO5&nbsp;%) et en nitrure de titane (TiCN) pour les filetages \u00e0 tournage fin m\u00e9trique. Cela garantit un haut niveau de culture du travail. R\u00e9sistant aux temp\u00e9ratures \u00e9lev\u00e9es. Le rev\u00eatement TiCN suppl\u00e9mentaire pr\u00e9sente une grande duret\u00e9 de la surface de travail, ce qui prolonge la dur\u00e9e de vie du robinet. La r\u00e9duction de la friction permet un traitement sans probl\u00e8me des mat\u00e9riaux \u00e0 haute duret\u00e9. Disponible en deux versions pour trous traversants et aveugles (B et C).     <\/p>\n<ul>\n<li>Fil fin m\u00e9trique<\/li>\n<li>Norme : DIN 374<\/li>\n<li>Additif au cobalt (CO5 %)<\/li>\n<li>Rev\u00eatement TiCN (Nitrure de Carbone de Titane)<\/li>\n<li>\u00c0 travers (B, rainures droites)<\/li>\n<li>Aveugle (C, rainures de torsion)<\/li>\n<\/ul>\n<p>Classe de tol\u00e9rance de prise : ISO 2 6H<br \/>\nDirection du filet : Droite<\/p>\n<p>Application de la machine \u00e0 enroulement fin :<\/p>\n<ul>\n<li>Acier de structure<\/li>\n<li>Acier \u00e0 outils<\/li>\n<li>Acier inoxydable<\/li>\n<li>M\u00e9taux non ferreux<\/li>\n<li>et autres<\/li>\n<\/ul>\n<p><em>La norme de qualit\u00e9 allemande est le niveau que tous nos outils atteignent.<\/em><\/p>\n<p>9 tailles sont disponibles, de MF6 \u00e0 MF20, en deux versions pour les trous traversants et aveugles (B et C)<\/p>\n<table>\n<tbody>\n<tr>\n<td><strong>Symbole<\/strong><\/td>\n<td><strong>Pas de filetage (mm)<\/strong><\/td>\n<td><strong>Diam\u00e8tre du trou de filetage (mm)<\/strong><\/td>\n<td><strong>Diam\u00e8tre de la tige (mm)<\/strong><\/td>\n<td><strong>Longueur totale (mm)<\/strong><\/td>\n<td><strong>Longueur de travail (mm)<\/strong><\/td>\n<\/tr>\n<tr>\n<td>MF6x0.75<\/td>\n<td>0,75<\/td>\n<td>5,2<\/td>\n<td>4,5<\/td>\n<td>80<\/td>\n<td>10<\/td>\n<\/tr>\n<tr>\n<td>MF8x1.0<\/td>\n<td>1<\/td>\n<td>7<\/td>\n<td>6<\/td>\n<td>90<\/td>\n<td>13<\/td>\n<\/tr>\n<tr>\n<td>MF10x1.0<\/td>\n<td>1<\/td>\n<td>9<\/td>\n<td>7<\/td>\n<td>90<\/td>\n<td>12<\/td>\n<\/tr>\n<tr>\n<td>MF10x1.25<\/td>\n<td>1,25<\/td>\n<td>8,8<\/td>\n<td>7<\/td>\n<td>100<\/td>\n<td>15<\/td>\n<\/tr>\n<tr>\n<td>MF12x1.0<\/td>\n<td>1<\/td>\n<td>11<\/td>\n<td>9<\/td>\n<td>100<\/td>\n<td>14<\/td>\n<\/tr>\n<tr>\n<td>MF12x1.25<\/td>\n<td>1,25<\/td>\n<td>10,8<\/td>\n<td>9<\/td>\n<td>100<\/td>\n<td>14<\/td>\n<\/tr>\n<tr>\n<td>MF12x1.5<\/td>\n<td>1,5<\/td>\n<td>10,5<\/td>\n<td>9<\/td>\n<td>100<\/td>\n<td>14<\/td>\n<\/tr>\n<tr>\n<td>MF16x1.5<\/td>\n<td>1,5<\/td>\n<td>14,5<\/td>\n<td>12<\/td>\n<td>100<\/td>\n<td>16<\/td>\n<\/tr>\n<tr>\n<td>MF20x1.5<\/td>\n<td>1,5<\/td>\n<td>18,5<\/td>\n<td>16<\/td>\n<td>125<\/td>\n<td>20<\/td>\n<\/tr>\n<\/tbody>\n<\/table>\n","protected":false},"excerpt":{"rendered":"<p>Prise sp\u00e9cialis\u00e9e pour machine \u00e0 tournage fin , fabriqu\u00e9e en acier HSS haute vitesse de haute qualit\u00e9 avec un rev\u00eatement ajout\u00e9 en cobalt (CO5&nbsp;%) et en nitrure de titane (TiCN) [&hellip;]<\/p>\n","protected":false},"featured_media":4965,"template":"","meta":{"_acf_changed":false},"product_brand":[],"product_cat":[174,177,178],"product_tag":[],"class_list":{"0":"post-12423","1":"product","2":"type-product","3":"status-publish","4":"has-post-thumbnail","6":"product_cat-outils","7":"product_cat-prises-mecaniques","8":"product_cat-taps","10":"first","11":"instock","12":"taxable","13":"shipping-taxable","14":"purchasable","15":"product-type-variable","16":"has-default-attributes"},"acf":[],"yoast_head":"<!-- This site is optimized with the Yoast SEO plugin v27.5 - https:\/\/yoast.com\/product\/yoast-seo-wordpress\/ -->\n<title>Prise de machine \u00e0 tournage fin : HSS CO5 % TiCN<\/title>\n<meta name=\"description\" content=\"Machine \u00e0 bobines fines \u00e0 prise HSS Co5\u00a0% TiCN - id\u00e9ale pour des applications exigeantes. R\u00e9sistance \u00e0 la temp\u00e9rature, filetage pr\u00e9cis. Versions B et C.\" \/>\n<meta name=\"robots\" content=\"index, follow, max-snippet:-1, max-image-preview:large, max-video-preview:-1\" \/>\n<link rel=\"canonical\" href=\"https:\/\/www.koro.net.pl\/fr\/produkt\/tournage-fin-tap-din374-mf-hsse-ticn\/\" \/>\n<meta property=\"og:locale\" content=\"fr_FR\" \/>\n<meta property=\"og:type\" content=\"article\" \/>\n<meta property=\"og:title\" content=\"Prise de machine \u00e0 tournage fin : HSS CO5 % TiCN\" \/>\n<meta property=\"og:description\" content=\"Machine \u00e0 bobines fines \u00e0 prise HSS Co5\u00a0% TiCN - id\u00e9ale pour des applications exigeantes. R\u00e9sistance \u00e0 la temp\u00e9rature, filetage pr\u00e9cis. Versions B et C.\" \/>\n<meta property=\"og:url\" content=\"https:\/\/www.koro.net.pl\/fr\/produkt\/tournage-fin-tap-din374-mf-hsse-ticn\/\" \/>\n<meta property=\"og:site_name\" content=\"Koronet\" \/>\n<meta property=\"og:image\" content=\"https:\/\/www.koro.net.pl\/wp-content\/uploads\/2023\/05\/38.-TICN-MF-1.jpg\" \/>\n\t<meta property=\"og:image:width\" content=\"1200\" \/>\n\t<meta property=\"og:image:height\" content=\"1200\" \/>\n\t<meta property=\"og:image:type\" content=\"image\/jpeg\" \/>\n<meta name=\"twitter:card\" content=\"summary_large_image\" \/>\n<meta name=\"twitter:label1\" content=\"Dur\u00e9e de lecture estim\u00e9e\" \/>\n\t<meta name=\"twitter:data1\" content=\"1 minute\" \/>\n<script type=\"application\/ld+json\" class=\"yoast-schema-graph\">{\"@context\":\"https:\\\/\\\/schema.org\",\"@graph\":[{\"@type\":\"WebPage\",\"@id\":\"https:\\\/\\\/www.koro.net.pl\\\/fr\\\/produkt\\\/tournage-fin-tap-din374-mf-hsse-ticn\\\/\",\"url\":\"https:\\\/\\\/www.koro.net.pl\\\/fr\\\/produkt\\\/tournage-fin-tap-din374-mf-hsse-ticn\\\/\",\"name\":\"Prise de machine \u00e0 tournage fin : HSS CO5 % TiCN\",\"isPartOf\":{\"@id\":\"https:\\\/\\\/www.koro.net.pl\\\/fr\\\/#website\"},\"primaryImageOfPage\":{\"@id\":\"https:\\\/\\\/www.koro.net.pl\\\/fr\\\/produkt\\\/tournage-fin-tap-din374-mf-hsse-ticn\\\/#primaryimage\"},\"image\":{\"@id\":\"https:\\\/\\\/www.koro.net.pl\\\/fr\\\/produkt\\\/tournage-fin-tap-din374-mf-hsse-ticn\\\/#primaryimage\"},\"thumbnailUrl\":\"https:\\\/\\\/www.koro.net.pl\\\/wp-content\\\/uploads\\\/2023\\\/05\\\/38.-TICN-MF-1.jpg\",\"datePublished\":\"2023-05-17T13:19:05+00:00\",\"description\":\"Machine \u00e0 bobines fines \u00e0 prise HSS Co5\u00a0% TiCN - id\u00e9ale pour des applications exigeantes. R\u00e9sistance \u00e0 la temp\u00e9rature, filetage pr\u00e9cis. Versions B et C.\",\"breadcrumb\":{\"@id\":\"https:\\\/\\\/www.koro.net.pl\\\/fr\\\/produkt\\\/tournage-fin-tap-din374-mf-hsse-ticn\\\/#breadcrumb\"},\"inLanguage\":\"fr-FR\",\"potentialAction\":[{\"@type\":\"ReadAction\",\"target\":[\"https:\\\/\\\/www.koro.net.pl\\\/fr\\\/produkt\\\/tournage-fin-tap-din374-mf-hsse-ticn\\\/\"]}]},{\"@type\":\"ImageObject\",\"inLanguage\":\"fr-FR\",\"@id\":\"https:\\\/\\\/www.koro.net.pl\\\/fr\\\/produkt\\\/tournage-fin-tap-din374-mf-hsse-ticn\\\/#primaryimage\",\"url\":\"https:\\\/\\\/www.koro.net.pl\\\/wp-content\\\/uploads\\\/2023\\\/05\\\/38.-TICN-MF-1.jpg\",\"contentUrl\":\"https:\\\/\\\/www.koro.net.pl\\\/wp-content\\\/uploads\\\/2023\\\/05\\\/38.-TICN-MF-1.jpg\",\"width\":1200,\"height\":1200,\"caption\":\"Gwintownik maszynowy drobnozwojny DIN374 MF HSSE TiCN\"},{\"@type\":\"BreadcrumbList\",\"@id\":\"https:\\\/\\\/www.koro.net.pl\\\/fr\\\/produkt\\\/tournage-fin-tap-din374-mf-hsse-ticn\\\/#breadcrumb\",\"itemListElement\":[{\"@type\":\"ListItem\",\"position\":1,\"name\":\"Strona g\u0142\u00f3wna\",\"item\":\"https:\\\/\\\/www.koro.net.pl\\\/fr\\\/\"},{\"@type\":\"ListItem\",\"position\":2,\"name\":\"Tournage fin Tap DIN374 MF HSSE TiCN\"}]},{\"@type\":\"WebSite\",\"@id\":\"https:\\\/\\\/www.koro.net.pl\\\/fr\\\/#website\",\"url\":\"https:\\\/\\\/www.koro.net.pl\\\/fr\\\/\",\"name\":\"Koronet\",\"description\":\"\",\"publisher\":{\"@id\":\"https:\\\/\\\/www.koro.net.pl\\\/fr\\\/#organization\"},\"potentialAction\":[{\"@type\":\"SearchAction\",\"target\":{\"@type\":\"EntryPoint\",\"urlTemplate\":\"https:\\\/\\\/www.koro.net.pl\\\/fr\\\/?s={search_term_string}\"},\"query-input\":{\"@type\":\"PropertyValueSpecification\",\"valueRequired\":true,\"valueName\":\"search_term_string\"}}],\"inLanguage\":\"fr-FR\"},{\"@type\":\"Organization\",\"@id\":\"https:\\\/\\\/www.koro.net.pl\\\/fr\\\/#organization\",\"name\":\"Koronet\",\"alternateName\":\"Koronet\",\"url\":\"https:\\\/\\\/www.koro.net.pl\\\/fr\\\/\",\"logo\":{\"@type\":\"ImageObject\",\"inLanguage\":\"fr-FR\",\"@id\":\"https:\\\/\\\/www.koro.net.pl\\\/fr\\\/#\\\/schema\\\/logo\\\/image\\\/\",\"url\":\"https:\\\/\\\/www.koro.net.pl\\\/wp-content\\\/uploads\\\/2025\\\/02\\\/Koronet-spolka-z-o.o.png\",\"contentUrl\":\"https:\\\/\\\/www.koro.net.pl\\\/wp-content\\\/uploads\\\/2025\\\/02\\\/Koronet-spolka-z-o.o.png\",\"width\":696,\"height\":696,\"caption\":\"Koronet\"},\"image\":{\"@id\":\"https:\\\/\\\/www.koro.net.pl\\\/fr\\\/#\\\/schema\\\/logo\\\/image\\\/\"}}]}<\/script>\n<!-- \/ Yoast SEO plugin. -->","yoast_head_json":{"title":"Prise de machine \u00e0 tournage fin : HSS CO5 % TiCN","description":"Machine \u00e0 bobines fines \u00e0 prise HSS Co5\u00a0% TiCN - id\u00e9ale pour des applications exigeantes. R\u00e9sistance \u00e0 la temp\u00e9rature, filetage pr\u00e9cis. Versions B et C.","robots":{"index":"index","follow":"follow","max-snippet":"max-snippet:-1","max-image-preview":"max-image-preview:large","max-video-preview":"max-video-preview:-1"},"canonical":"https:\/\/www.koro.net.pl\/fr\/produkt\/tournage-fin-tap-din374-mf-hsse-ticn\/","og_locale":"fr_FR","og_type":"article","og_title":"Prise de machine \u00e0 tournage fin : HSS CO5 % TiCN","og_description":"Machine \u00e0 bobines fines \u00e0 prise HSS Co5\u00a0% TiCN - id\u00e9ale pour des applications exigeantes. R\u00e9sistance \u00e0 la temp\u00e9rature, filetage pr\u00e9cis. Versions B et C.","og_url":"https:\/\/www.koro.net.pl\/fr\/produkt\/tournage-fin-tap-din374-mf-hsse-ticn\/","og_site_name":"Koronet","og_image":[{"width":1200,"height":1200,"url":"https:\/\/www.koro.net.pl\/wp-content\/uploads\/2023\/05\/38.-TICN-MF-1.jpg","type":"image\/jpeg"}],"twitter_card":"summary_large_image","twitter_misc":{"Dur\u00e9e de lecture estim\u00e9e":"1 minute"},"schema":{"@context":"https:\/\/schema.org","@graph":[{"@type":"WebPage","@id":"https:\/\/www.koro.net.pl\/fr\/produkt\/tournage-fin-tap-din374-mf-hsse-ticn\/","url":"https:\/\/www.koro.net.pl\/fr\/produkt\/tournage-fin-tap-din374-mf-hsse-ticn\/","name":"Prise de machine \u00e0 tournage fin : HSS CO5 % TiCN","isPartOf":{"@id":"https:\/\/www.koro.net.pl\/fr\/#website"},"primaryImageOfPage":{"@id":"https:\/\/www.koro.net.pl\/fr\/produkt\/tournage-fin-tap-din374-mf-hsse-ticn\/#primaryimage"},"image":{"@id":"https:\/\/www.koro.net.pl\/fr\/produkt\/tournage-fin-tap-din374-mf-hsse-ticn\/#primaryimage"},"thumbnailUrl":"https:\/\/www.koro.net.pl\/wp-content\/uploads\/2023\/05\/38.-TICN-MF-1.jpg","datePublished":"2023-05-17T13:19:05+00:00","description":"Machine \u00e0 bobines fines \u00e0 prise HSS Co5\u00a0% TiCN - id\u00e9ale pour des applications exigeantes. R\u00e9sistance \u00e0 la temp\u00e9rature, filetage pr\u00e9cis. Versions B et C.","breadcrumb":{"@id":"https:\/\/www.koro.net.pl\/fr\/produkt\/tournage-fin-tap-din374-mf-hsse-ticn\/#breadcrumb"},"inLanguage":"fr-FR","potentialAction":[{"@type":"ReadAction","target":["https:\/\/www.koro.net.pl\/fr\/produkt\/tournage-fin-tap-din374-mf-hsse-ticn\/"]}]},{"@type":"ImageObject","inLanguage":"fr-FR","@id":"https:\/\/www.koro.net.pl\/fr\/produkt\/tournage-fin-tap-din374-mf-hsse-ticn\/#primaryimage","url":"https:\/\/www.koro.net.pl\/wp-content\/uploads\/2023\/05\/38.-TICN-MF-1.jpg","contentUrl":"https:\/\/www.koro.net.pl\/wp-content\/uploads\/2023\/05\/38.-TICN-MF-1.jpg","width":1200,"height":1200,"caption":"Gwintownik maszynowy drobnozwojny DIN374 MF HSSE TiCN"},{"@type":"BreadcrumbList","@id":"https:\/\/www.koro.net.pl\/fr\/produkt\/tournage-fin-tap-din374-mf-hsse-ticn\/#breadcrumb","itemListElement":[{"@type":"ListItem","position":1,"name":"Strona g\u0142\u00f3wna","item":"https:\/\/www.koro.net.pl\/fr\/"},{"@type":"ListItem","position":2,"name":"Tournage fin Tap DIN374 MF HSSE TiCN"}]},{"@type":"WebSite","@id":"https:\/\/www.koro.net.pl\/fr\/#website","url":"https:\/\/www.koro.net.pl\/fr\/","name":"Koronet","description":"","publisher":{"@id":"https:\/\/www.koro.net.pl\/fr\/#organization"},"potentialAction":[{"@type":"SearchAction","target":{"@type":"EntryPoint","urlTemplate":"https:\/\/www.koro.net.pl\/fr\/?s={search_term_string}"},"query-input":{"@type":"PropertyValueSpecification","valueRequired":true,"valueName":"search_term_string"}}],"inLanguage":"fr-FR"},{"@type":"Organization","@id":"https:\/\/www.koro.net.pl\/fr\/#organization","name":"Koronet","alternateName":"Koronet","url":"https:\/\/www.koro.net.pl\/fr\/","logo":{"@type":"ImageObject","inLanguage":"fr-FR","@id":"https:\/\/www.koro.net.pl\/fr\/#\/schema\/logo\/image\/","url":"https:\/\/www.koro.net.pl\/wp-content\/uploads\/2025\/02\/Koronet-spolka-z-o.o.png","contentUrl":"https:\/\/www.koro.net.pl\/wp-content\/uploads\/2025\/02\/Koronet-spolka-z-o.o.png","width":696,"height":696,"caption":"Koronet"},"image":{"@id":"https:\/\/www.koro.net.pl\/fr\/#\/schema\/logo\/image\/"}}]}},"_links":{"self":[{"href":"https:\/\/www.koro.net.pl\/fr\/wp-json\/wp\/v2\/product\/12423","targetHints":{"allow":["GET"]}}],"collection":[{"href":"https:\/\/www.koro.net.pl\/fr\/wp-json\/wp\/v2\/product"}],"about":[{"href":"https:\/\/www.koro.net.pl\/fr\/wp-json\/wp\/v2\/types\/product"}],"wp:featuredmedia":[{"embeddable":true,"href":"https:\/\/www.koro.net.pl\/fr\/wp-json\/wp\/v2\/media\/4965"}],"wp:attachment":[{"href":"https:\/\/www.koro.net.pl\/fr\/wp-json\/wp\/v2\/media?parent=12423"}],"wp:term":[{"taxonomy":"product_brand","embeddable":true,"href":"https:\/\/www.koro.net.pl\/fr\/wp-json\/wp\/v2\/product_brand?post=12423"},{"taxonomy":"product_cat","embeddable":true,"href":"https:\/\/www.koro.net.pl\/fr\/wp-json\/wp\/v2\/product_cat?post=12423"},{"taxonomy":"product_tag","embeddable":true,"href":"https:\/\/www.koro.net.pl\/fr\/wp-json\/wp\/v2\/product_tag?post=12423"}],"curies":[{"name":"wp","href":"https:\/\/api.w.org\/{rel}","templated":true}]}}