{"id":12370,"date":"2023-05-17T15:16:25","date_gmt":"2023-05-17T13:16:25","guid":{"rendered":"https:\/\/www.koro.net.pl\/produkt\/tapotements-manuels-g1-din-5157-hss-ensemble-2-pieces\/"},"modified":"2023-05-17T15:16:25","modified_gmt":"2023-05-17T13:16:25","slug":"tapotements-manuels-g1-din-5157-hss-ensemble-2-pieces","status":"publish","type":"product","link":"https:\/\/www.koro.net.pl\/fr\/produkt\/tapotements-manuels-g1-din-5157-hss-ensemble-2-pieces\/","title":{"rendered":"Tapotements manuels G1&Prime; DIN 5157 HSS \u2013 ensemble 2 pi\u00e8ces"},"content":{"rendered":"<p data-start=\"326\" data-end=\"612\"><a href=\"https:\/\/www.koro.net.pl\/fr\/produkty\/taps\/\">Un ensemble de deux robinets \u00e0 main<\/a> con\u00e7us pour la production de <strong data-start=\"391\" data-end=\"440\">filetages cylindriques de type G (BSPP)<\/strong> conform\u00e9ment \u00e0 <strong data-start=\"458\" data-end=\"470\">la norme DIN 5157<\/strong>. Outils fabriqu\u00e9s en acier HSS \u00e0 grande vitesse, con\u00e7us pour un usinage de trous pr\u00e9cis en atelier et dans des applications industrielles. <\/p>\n<p data-start=\"614\" data-end=\"804\">Les prises permettent la production de filetages avec une grande pr\u00e9cision et r\u00e9p\u00e9tabilit\u00e9, notamment pour les composants n\u00e9cessitant un assemblage ult\u00e9rieur \u00e0 l\u2019aide de joints (par exemple, rondelles, joints toriques).<\/p>\n<h3 data-section-id=\"1qh027t\" data-start=\"811\" data-end=\"845\">Conception et principe de fonctionnement<\/h3>\n<p data-start=\"847\" data-end=\"922\">Le set en deux parties comprend des robinets avec diff\u00e9rentes g\u00e9om\u00e9tries de travail :<\/p>\n<ul data-start=\"924\" data-end=\"1106\">\n<li data-section-id=\"1x7n27k\" data-start=\"924\" data-end=\"1030\"><strong data-start=\"926\" data-end=\"958\">Pr\u00e9-prise (grossi\u00e8re)<\/strong> \u2013 responsable du d\u00e9marrage du filetage et du guidage de l\u2019outil,<\/li>\n<li data-section-id=\"17ksl29\" data-start=\"1031\" data-end=\"1106\"><strong data-start=\"1033\" data-end=\"1060\">Finition de finition<\/strong> \u2013 D\u00e9finit le profil cible et la pr\u00e9cision du filetage.<\/li>\n<\/ul>\n<p data-start=\"1108\" data-end=\"1239\">L\u2019utilisation de rainures droites permet un fonctionnement stable dans les trous traversants et les applications g\u00e9n\u00e9rales en atelier.<\/p>\n<h3 data-section-id=\"18dqcgb\" data-start=\"1246\" data-end=\"1269\">Mat\u00e9riau et durabilit\u00e9<\/h3>\n<ul data-start=\"1271\" data-end=\"1477\">\n<li data-section-id=\"3yg5td\" data-start=\"1271\" data-end=\"1477\"><strong data-start=\"1273\" data-end=\"1297\">L\u2019acier haute vitesse HSS<\/strong> fournit :\n<ul data-start=\"1310\" data-end=\"1477\">\n<li data-section-id=\"1etl08b\" data-start=\"1310\" data-end=\"1355\">r\u00e9sistance \u00e0 la temp\u00e9rature pendant la coupe,<\/li>\n<li data-section-id=\"1wvvyu2\" data-start=\"1358\" data-end=\"1393\">stabilit\u00e9 des ar\u00eates de coupe,<\/li>\n<li data-section-id=\"1o3ygi3\" data-start=\"1396\" data-end=\"1477\">la possibilit\u00e9 d\u2019un fonctionnement manuel et m\u00e9canique (tout en maintenant des param\u00e8tres appropri\u00e9s).<\/li>\n<\/ul>\n<\/li>\n<\/ul>\n<h3 data-section-id=\"jss82k\" data-start=\"1484\" data-end=\"1511\">Sp\u00e9cifications techniques<\/h3>\n<ul data-start=\"1513\" data-end=\"1707\">\n<li data-section-id=\"70thu2\" data-start=\"1513\" data-end=\"1559\">Type de filetage : <strong data-start=\"1527\" data-end=\"1559\">G cylindrique tubulaire (BSPP)<\/strong><\/li>\n<li data-section-id=\"a4le14\" data-start=\"1560\" data-end=\"1581\">Norme : <strong data-start=\"1569\" data-end=\"1581\">DIN 5157<\/strong><\/li>\n<li data-section-id=\"1oa2gdf\" data-start=\"1582\" data-end=\"1610\">Tol\u00e9rance : <strong data-start=\"1596\" data-end=\"1610\">ISO 2\/6H<\/strong><\/li>\n<li data-section-id=\"11mkv55\" data-start=\"1611\" data-end=\"1639\">Direction du fil : <strong data-start=\"1630\" data-end=\"1639\">\u00c0 droite<\/strong><\/li>\n<li data-section-id=\"1fumo73\" data-start=\"1640\" data-end=\"1659\">Mat\u00e9riel : <strong data-start=\"1652\" data-end=\"1659\">HSS<\/strong><\/li>\n<li data-section-id=\"1snkh8t\" data-start=\"1660\" data-end=\"1707\">Ensemble : <strong data-start=\"1670\" data-end=\"1707\">2 pi\u00e8ces (initial + finition)<\/strong><\/li>\n<\/ul>\n<h3 data-section-id=\"f0997w\" data-start=\"1714\" data-end=\"1740\">Caract\u00e9ristiques du filetage<\/h3>\n<p data-start=\"1742\" data-end=\"1832\">Le fil fabriqu\u00e9 avec ces outils est <strong data-start=\"1790\" data-end=\"1815\">un fil cylindrique<\/strong>, ce qui signifie que :<\/p>\n<ul data-start=\"1834\" data-end=\"2032\">\n<li data-section-id=\"osiyam\" data-start=\"1834\" data-end=\"1888\">ne garantit pas l\u2019auto-scellement de la connexion,<\/li>\n<li data-section-id=\"1k5uegi\" data-start=\"1889\" data-end=\"1962\">n\u00e9cessite l\u2019utilisation d\u2019un \u00e9l\u00e9ment d\u2019\u00e9tanch\u00e9it\u00e9 (par exemple rondelle, joint torique),<\/li>\n<li data-section-id=\"ahrmxc\" data-start=\"1963\" data-end=\"2032\">Assure une grande r\u00e9p\u00e9tabilit\u00e9 et la possibilit\u00e9 d\u2019installation multiple.<\/li>\n<\/ul>\n<h3 data-section-id=\"1x0f331\" data-start=\"2039\" data-end=\"2055\">Application<\/h3>\n<p data-start=\"2057\" data-end=\"2115\">Des robinets con\u00e7us pour traiter des mat\u00e9riaux tels que :<\/p>\n<ul data-start=\"2117\" data-end=\"2238\">\n<li data-section-id=\"13fcexc\" data-start=\"2117\" data-end=\"2138\">acier structurel,<\/li>\n<li data-section-id=\"3yucf2\" data-start=\"2139\" data-end=\"2158\">acier \u00e0 outils,<\/li>\n<li data-section-id=\"1ivghzn\" data-start=\"2159\" data-end=\"2219\">acier inoxydable (avec l\u2019utilisation d\u2019un lubrifiant adapt\u00e9),<\/li>\n<li data-section-id=\"nbyryy\" data-start=\"2220\" data-end=\"2238\">m\u00e9taux non ferreux.<\/li>\n<\/ul>\n<p data-start=\"2240\" data-end=\"2268\">Domaines d\u2019application typiques :<\/p>\n<ul data-start=\"2270\" data-end=\"2420\">\n<li style=\"list-style-type: none;\">\n<ul data-start=\"2270\" data-end=\"2420\">\n<li data-section-id=\"1ezg2fo\" data-start=\"2270\" data-end=\"2311\">installations hydrauliques et pneumatiques,<\/li>\n<li data-section-id=\"166h7hg\" data-start=\"2312\" data-end=\"2358\">composants de la machine n\u00e9cessitant des filetages de tuyaux,<\/li>\n<li data-section-id=\"kmpxfz\" data-start=\"2359\" data-end=\"2420\">production et entretien de composants avec connexions filet\u00e9es.<\/li>\n<\/ul>\n<\/li>\n<\/ul>\n<details>\n<summary><strong>Pour quels filets ces robinets sont-ils con\u00e7us ?<\/strong><\/summary>\n<p>Les robinets sont utilis\u00e9s pour fabriquer des filetages cylindriques de type G (BSPP), conformes \u00e0 la norme DIN 5157. Ce sont des filetages utilis\u00e9s dans les syst\u00e8mes hydrauliques et pneumatiques, o\u00f9 l\u2019\u00e9tanchement est obtenue par un joint suppl\u00e9mentaire et non par le filetage lui-m\u00eame. <\/p>\n<\/details>\n<details>\n<summary><strong>Le fil est-il fait avec ce robinet bien serr\u00e9 ?<\/strong><\/summary>\n<p>Non. Un filetage de type G est un filetage cylindrique qui ne fournit pas de connexion auto-\u00e9tanch\u00e9e. Un joint, une rondelle ou un joint torique est n\u00e9cessaire pour obtenir un raccordement.  <\/p>\n<\/details>\n<details>\n<summary><strong>Quelle est la diff\u00e9rence entre un filetage cylindrique (G) et un filetage effil\u00e9 (R) ?<\/strong><\/summary>\n<p>Le filetage cylindrique (G) a un diam\u00e8tre fixe et est responsable de la connexion des composants, tandis que le filetage conique (R) se r\u00e9tr\u00e9cit et peut sceller la connexion par lui-m\u00eame en coin\u00e7ant les composants.<\/p>\n<\/details>\n<details>\n<summary><strong>Pourquoi le set se compose-t-il de deux taps ?<\/strong><\/summary>\n<p>Le kit comprend un pr\u00e9-taraud (le dit d\u00e9capage), qui lance le processus de d\u00e9coupe et guide l\u2019outil, ainsi qu\u2019un taraud de finition (finisseur), qui donne le profil final et la pr\u00e9cision du filetage. Cela augmente la pr\u00e9cision et r\u00e9duit le risque d\u2019endommage de l\u2019outil. <\/p>\n<\/details>\n<details>\n<summary><strong>Peut-on utiliser un seul tap dans le kit ?<\/strong><\/summary>\n<p>Ce n\u2019est pas recommand\u00e9. Sauter la pr\u00e9-\u00e9tape (d\u00e9caper) augmente la charge sur l\u2019outil de finition et peut entra\u00eener une usure ou des dommages plus rapides, surtout avec des filets de diam\u00e8tre plus grand. <\/p>\n<\/details>\n<details>\n<summary><strong>Pour quels mat\u00e9riaux ces robinets sont-ils adapt\u00e9s ?<\/strong><\/summary>\n<p>Les robinets en acier HSS conviennent \u00e0 l\u2019usinage de l\u2019acier doux, de l\u2019acier \u00e0 outils, de l\u2019acier inoxydable (avec le bon lubrifiant) et des m\u00e9taux non ferreux.<\/p>\n<\/details>\n<details>\n<summary><strong>Dois-je utiliser de l\u2019huile lors du passage du fil ?<\/strong><\/summary>\n<p>Oui. L\u2019utilisation d\u2019huile \u00e0 fileteter r\u00e9duit consid\u00e9rablement la friction, am\u00e9liore la qualit\u00e9 de la surface du filetage, facilite l\u2019\u00e9vacuation des \u00e9clats et prolonge la dur\u00e9e de vie de l\u2019outil. <\/p>\n<\/details>\n<details>\n<summary><strong>Ces robinets sont-ils adapt\u00e9s au travail m\u00e9canique ?<\/strong><\/summary>\n<p>Ces robinets sont principalement con\u00e7us pour le travail manuel. Dans certains cas, ils peuvent \u00eatre utilis\u00e9s dans des machines, mais cela n\u00e9cessite une gestion et un contr\u00f4le appropri\u00e9s des param\u00e8tres de fonctionnement. <\/p>\n<\/details>\n<details>\n<summary><strong>Comment \u00e9viter de casser le robinet pendant le fonctionnement ?<\/strong><\/summary>\n<p>Utilisez la bonne huile, effectuez des mouvements r\u00e9tractables pour casser les \u00e9clats et \u00e9vitez une charge excessive. Il est particuli\u00e8rement important de guider le robinet axialement vers le canon. <\/p>\n<\/details>\n<details>\n<summary><strong>Le fil fabriqu\u00e9 avec cet outil est-il r\u00e9utilisable ?<\/strong><\/summary>\n<p>Oui. Les filetages cylindriques de type G offrent une grande r\u00e9p\u00e9tabilit\u00e9 et permettent plusieurs assemblages et d\u00e9montages, \u00e0 condition d\u2019utiliser l\u2019\u00e9l\u00e9ment d\u2019\u00e9tanch\u00e9it\u00e9 appropri\u00e9. <\/p>\n<\/details>\n<table>\n<tbody>\n<tr>\n<td><strong>Symbole<\/strong><\/td>\n<td><strong>Nombre de tours par pouce<\/strong><\/td>\n<td><strong>Diam\u00e8tre du trou de filetage (mm)<\/strong><\/td>\n<td><strong>Longueur totale (mm)<\/strong><\/td>\n<td><strong>Longueur de travail (mm)<\/strong><\/td>\n<\/tr>\n<tr>\n<td>G1\/8<\/td>\n<td>28<\/td>\n<td>8.8<\/td>\n<td>63<\/td>\n<td>18<\/td>\n<\/tr>\n<tr>\n<td>G1\/4<\/td>\n<td>19<\/td>\n<td>11.8<\/td>\n<td>70<\/td>\n<td>20<\/td>\n<\/tr>\n<tr>\n<td>G3\/8<\/td>\n<td>19<\/td>\n<td>15h25<\/td>\n<td>70<\/td>\n<td>20<\/td>\n<\/tr>\n<tr>\n<td>G1\/2<\/td>\n<td>14<\/td>\n<td>19<\/td>\n<td>80<\/td>\n<td>22<\/td>\n<\/tr>\n<tr>\n<td>G3\/4<\/td>\n<td>14<\/td>\n<td>24,5<\/td>\n<td>90<\/td>\n<td>22<\/td>\n<\/tr>\n<tr>\n<td>G1<\/td>\n<td>11<\/td>\n<td>30,75<\/td>\n<td>100<\/td>\n<td>25<\/td>\n<\/tr>\n<\/tbody>\n<\/table>\n","protected":false},"excerpt":{"rendered":"<p>Un ensemble de deux robinets \u00e0 main con\u00e7us pour la production de filetages cylindriques de type G (BSPP) conform\u00e9ment \u00e0 la norme DIN 5157. Outils fabriqu\u00e9s en acier HSS \u00e0 [&hellip;]<\/p>\n","protected":false},"featured_media":9604,"template":"","meta":{"_acf_changed":false},"product_brand":[],"product_cat":[174,215,178],"product_tag":[],"class_list":{"0":"post-12370","1":"product","2":"type-product","3":"status-publish","4":"has-post-thumbnail","6":"product_cat-outils","7":"product_cat-tapotements-manuels","8":"product_cat-taps","10":"first","11":"instock","12":"taxable","13":"shipping-taxable","14":"purchasable","15":"product-type-variable","16":"has-default-attributes"},"acf":[],"yoast_head":"<!-- This site is optimized with the Yoast SEO plugin v27.5 - https:\/\/yoast.com\/product\/yoast-seo-wordpress\/ -->\n<title>Tapotements manuels G1 DIN 5157 HSS \u2013 jeu de 2<\/title>\n<meta name=\"description\" content=\"Tapotements manuels G1 DIN 5157 HSS. Ensemble de 2 pi\u00e8ces. pour les filetages cylindriques de tuyaux. Haute pr\u00e9cision et durabilit\u00e9 de fonctionnement.\" \/>\n<meta name=\"robots\" content=\"index, follow, max-snippet:-1, max-image-preview:large, max-video-preview:-1\" \/>\n<link rel=\"canonical\" href=\"https:\/\/www.koro.net.pl\/fr\/produkt\/tapotements-manuels-g1-din-5157-hss-ensemble-2-pieces\/\" \/>\n<meta property=\"og:locale\" content=\"fr_FR\" \/>\n<meta property=\"og:type\" content=\"article\" \/>\n<meta property=\"og:title\" content=\"Tapotements manuels G1 DIN 5157 HSS \u2013 jeu de 2\" \/>\n<meta property=\"og:description\" content=\"Tapotements manuels G1 DIN 5157 HSS. Ensemble de 2 pi\u00e8ces. pour les filetages cylindriques de tuyaux. Haute pr\u00e9cision et durabilit\u00e9 de fonctionnement.\" \/>\n<meta property=\"og:url\" content=\"https:\/\/www.koro.net.pl\/fr\/produkt\/tapotements-manuels-g1-din-5157-hss-ensemble-2-pieces\/\" \/>\n<meta property=\"og:site_name\" content=\"Koronet\" \/>\n<meta property=\"og:image\" content=\"https:\/\/www.koro.net.pl\/wp-content\/uploads\/2023\/05\/gwintowniki-reczne.1.png\" \/>\n\t<meta property=\"og:image:width\" content=\"800\" \/>\n\t<meta property=\"og:image:height\" content=\"800\" \/>\n\t<meta property=\"og:image:type\" content=\"image\/png\" \/>\n<meta name=\"twitter:card\" content=\"summary_large_image\" \/>\n<meta name=\"twitter:label1\" content=\"Dur\u00e9e de lecture estim\u00e9e\" \/>\n\t<meta name=\"twitter:data1\" content=\"4 minutes\" \/>\n<script type=\"application\/ld+json\" class=\"yoast-schema-graph\">{\"@context\":\"https:\\\/\\\/schema.org\",\"@graph\":[{\"@type\":\"WebPage\",\"@id\":\"https:\\\/\\\/www.koro.net.pl\\\/fr\\\/produkt\\\/tapotements-manuels-g1-din-5157-hss-ensemble-2-pieces\\\/\",\"url\":\"https:\\\/\\\/www.koro.net.pl\\\/fr\\\/produkt\\\/tapotements-manuels-g1-din-5157-hss-ensemble-2-pieces\\\/\",\"name\":\"Tapotements manuels G1 DIN 5157 HSS \u2013 jeu de 2\",\"isPartOf\":{\"@id\":\"https:\\\/\\\/www.koro.net.pl\\\/fr\\\/#website\"},\"primaryImageOfPage\":{\"@id\":\"https:\\\/\\\/www.koro.net.pl\\\/fr\\\/produkt\\\/tapotements-manuels-g1-din-5157-hss-ensemble-2-pieces\\\/#primaryimage\"},\"image\":{\"@id\":\"https:\\\/\\\/www.koro.net.pl\\\/fr\\\/produkt\\\/tapotements-manuels-g1-din-5157-hss-ensemble-2-pieces\\\/#primaryimage\"},\"thumbnailUrl\":\"https:\\\/\\\/www.koro.net.pl\\\/wp-content\\\/uploads\\\/2023\\\/05\\\/gwintowniki-reczne.1.png\",\"datePublished\":\"2023-05-17T13:16:25+00:00\",\"description\":\"Tapotements manuels G1 DIN 5157 HSS. Ensemble de 2 pi\u00e8ces. pour les filetages cylindriques de tuyaux. Haute pr\u00e9cision et durabilit\u00e9 de fonctionnement.\",\"breadcrumb\":{\"@id\":\"https:\\\/\\\/www.koro.net.pl\\\/fr\\\/produkt\\\/tapotements-manuels-g1-din-5157-hss-ensemble-2-pieces\\\/#breadcrumb\"},\"inLanguage\":\"fr-FR\",\"potentialAction\":[{\"@type\":\"ReadAction\",\"target\":[\"https:\\\/\\\/www.koro.net.pl\\\/fr\\\/produkt\\\/tapotements-manuels-g1-din-5157-hss-ensemble-2-pieces\\\/\"]}]},{\"@type\":\"ImageObject\",\"inLanguage\":\"fr-FR\",\"@id\":\"https:\\\/\\\/www.koro.net.pl\\\/fr\\\/produkt\\\/tapotements-manuels-g1-din-5157-hss-ensemble-2-pieces\\\/#primaryimage\",\"url\":\"https:\\\/\\\/www.koro.net.pl\\\/wp-content\\\/uploads\\\/2023\\\/05\\\/gwintowniki-reczne.1.png\",\"contentUrl\":\"https:\\\/\\\/www.koro.net.pl\\\/wp-content\\\/uploads\\\/2023\\\/05\\\/gwintowniki-reczne.1.png\",\"width\":800,\"height\":800,\"caption\":\"Gwintowniki r\u0119czne G1 DIN 5157 HSS zestaw 2 sztuki wst\u0119pny i wyka\u0144czaj\u0105cy widok z przodu\"},{\"@type\":\"BreadcrumbList\",\"@id\":\"https:\\\/\\\/www.koro.net.pl\\\/fr\\\/produkt\\\/tapotements-manuels-g1-din-5157-hss-ensemble-2-pieces\\\/#breadcrumb\",\"itemListElement\":[{\"@type\":\"ListItem\",\"position\":1,\"name\":\"Strona g\u0142\u00f3wna\",\"item\":\"https:\\\/\\\/www.koro.net.pl\\\/fr\\\/\"},{\"@type\":\"ListItem\",\"position\":2,\"name\":\"Outils\",\"item\":\"https:\\\/\\\/www.koro.net.pl\\\/fr\\\/produkty\\\/outils\\\/\"},{\"@type\":\"ListItem\",\"position\":3,\"name\":\"Taps\",\"item\":\"https:\\\/\\\/www.koro.net.pl\\\/fr\\\/produkty\\\/taps\\\/\"},{\"@type\":\"ListItem\",\"position\":4,\"name\":\"Tapotements manuels G1&Prime; DIN 5157 HSS \u2013 ensemble 2 pi\u00e8ces\"}]},{\"@type\":\"WebSite\",\"@id\":\"https:\\\/\\\/www.koro.net.pl\\\/fr\\\/#website\",\"url\":\"https:\\\/\\\/www.koro.net.pl\\\/fr\\\/\",\"name\":\"Koronet\",\"description\":\"\",\"publisher\":{\"@id\":\"https:\\\/\\\/www.koro.net.pl\\\/fr\\\/#organization\"},\"potentialAction\":[{\"@type\":\"SearchAction\",\"target\":{\"@type\":\"EntryPoint\",\"urlTemplate\":\"https:\\\/\\\/www.koro.net.pl\\\/fr\\\/?s={search_term_string}\"},\"query-input\":{\"@type\":\"PropertyValueSpecification\",\"valueRequired\":true,\"valueName\":\"search_term_string\"}}],\"inLanguage\":\"fr-FR\"},{\"@type\":\"Organization\",\"@id\":\"https:\\\/\\\/www.koro.net.pl\\\/fr\\\/#organization\",\"name\":\"Koronet\",\"alternateName\":\"Koronet\",\"url\":\"https:\\\/\\\/www.koro.net.pl\\\/fr\\\/\",\"logo\":{\"@type\":\"ImageObject\",\"inLanguage\":\"fr-FR\",\"@id\":\"https:\\\/\\\/www.koro.net.pl\\\/fr\\\/#\\\/schema\\\/logo\\\/image\\\/\",\"url\":\"https:\\\/\\\/www.koro.net.pl\\\/wp-content\\\/uploads\\\/2025\\\/02\\\/Koronet-spolka-z-o.o.png\",\"contentUrl\":\"https:\\\/\\\/www.koro.net.pl\\\/wp-content\\\/uploads\\\/2025\\\/02\\\/Koronet-spolka-z-o.o.png\",\"width\":696,\"height\":696,\"caption\":\"Koronet\"},\"image\":{\"@id\":\"https:\\\/\\\/www.koro.net.pl\\\/fr\\\/#\\\/schema\\\/logo\\\/image\\\/\"}}]}<\/script>\n<!-- \/ Yoast SEO plugin. -->","yoast_head_json":{"title":"Tapotements manuels G1 DIN 5157 HSS \u2013 jeu de 2","description":"Tapotements manuels G1 DIN 5157 HSS. Ensemble de 2 pi\u00e8ces. pour les filetages cylindriques de tuyaux. Haute pr\u00e9cision et durabilit\u00e9 de fonctionnement.","robots":{"index":"index","follow":"follow","max-snippet":"max-snippet:-1","max-image-preview":"max-image-preview:large","max-video-preview":"max-video-preview:-1"},"canonical":"https:\/\/www.koro.net.pl\/fr\/produkt\/tapotements-manuels-g1-din-5157-hss-ensemble-2-pieces\/","og_locale":"fr_FR","og_type":"article","og_title":"Tapotements manuels G1 DIN 5157 HSS \u2013 jeu de 2","og_description":"Tapotements manuels G1 DIN 5157 HSS. Ensemble de 2 pi\u00e8ces. pour les filetages cylindriques de tuyaux. Haute pr\u00e9cision et durabilit\u00e9 de fonctionnement.","og_url":"https:\/\/www.koro.net.pl\/fr\/produkt\/tapotements-manuels-g1-din-5157-hss-ensemble-2-pieces\/","og_site_name":"Koronet","og_image":[{"width":800,"height":800,"url":"https:\/\/www.koro.net.pl\/wp-content\/uploads\/2023\/05\/gwintowniki-reczne.1.png","type":"image\/png"}],"twitter_card":"summary_large_image","twitter_misc":{"Dur\u00e9e de lecture estim\u00e9e":"4 minutes"},"schema":{"@context":"https:\/\/schema.org","@graph":[{"@type":"WebPage","@id":"https:\/\/www.koro.net.pl\/fr\/produkt\/tapotements-manuels-g1-din-5157-hss-ensemble-2-pieces\/","url":"https:\/\/www.koro.net.pl\/fr\/produkt\/tapotements-manuels-g1-din-5157-hss-ensemble-2-pieces\/","name":"Tapotements manuels G1 DIN 5157 HSS \u2013 jeu de 2","isPartOf":{"@id":"https:\/\/www.koro.net.pl\/fr\/#website"},"primaryImageOfPage":{"@id":"https:\/\/www.koro.net.pl\/fr\/produkt\/tapotements-manuels-g1-din-5157-hss-ensemble-2-pieces\/#primaryimage"},"image":{"@id":"https:\/\/www.koro.net.pl\/fr\/produkt\/tapotements-manuels-g1-din-5157-hss-ensemble-2-pieces\/#primaryimage"},"thumbnailUrl":"https:\/\/www.koro.net.pl\/wp-content\/uploads\/2023\/05\/gwintowniki-reczne.1.png","datePublished":"2023-05-17T13:16:25+00:00","description":"Tapotements manuels G1 DIN 5157 HSS. Ensemble de 2 pi\u00e8ces. pour les filetages cylindriques de tuyaux. Haute pr\u00e9cision et durabilit\u00e9 de fonctionnement.","breadcrumb":{"@id":"https:\/\/www.koro.net.pl\/fr\/produkt\/tapotements-manuels-g1-din-5157-hss-ensemble-2-pieces\/#breadcrumb"},"inLanguage":"fr-FR","potentialAction":[{"@type":"ReadAction","target":["https:\/\/www.koro.net.pl\/fr\/produkt\/tapotements-manuels-g1-din-5157-hss-ensemble-2-pieces\/"]}]},{"@type":"ImageObject","inLanguage":"fr-FR","@id":"https:\/\/www.koro.net.pl\/fr\/produkt\/tapotements-manuels-g1-din-5157-hss-ensemble-2-pieces\/#primaryimage","url":"https:\/\/www.koro.net.pl\/wp-content\/uploads\/2023\/05\/gwintowniki-reczne.1.png","contentUrl":"https:\/\/www.koro.net.pl\/wp-content\/uploads\/2023\/05\/gwintowniki-reczne.1.png","width":800,"height":800,"caption":"Gwintowniki r\u0119czne G1 DIN 5157 HSS zestaw 2 sztuki wst\u0119pny i wyka\u0144czaj\u0105cy widok z przodu"},{"@type":"BreadcrumbList","@id":"https:\/\/www.koro.net.pl\/fr\/produkt\/tapotements-manuels-g1-din-5157-hss-ensemble-2-pieces\/#breadcrumb","itemListElement":[{"@type":"ListItem","position":1,"name":"Strona g\u0142\u00f3wna","item":"https:\/\/www.koro.net.pl\/fr\/"},{"@type":"ListItem","position":2,"name":"Outils","item":"https:\/\/www.koro.net.pl\/fr\/produkty\/outils\/"},{"@type":"ListItem","position":3,"name":"Taps","item":"https:\/\/www.koro.net.pl\/fr\/produkty\/taps\/"},{"@type":"ListItem","position":4,"name":"Tapotements manuels G1&Prime; DIN 5157 HSS \u2013 ensemble 2 pi\u00e8ces"}]},{"@type":"WebSite","@id":"https:\/\/www.koro.net.pl\/fr\/#website","url":"https:\/\/www.koro.net.pl\/fr\/","name":"Koronet","description":"","publisher":{"@id":"https:\/\/www.koro.net.pl\/fr\/#organization"},"potentialAction":[{"@type":"SearchAction","target":{"@type":"EntryPoint","urlTemplate":"https:\/\/www.koro.net.pl\/fr\/?s={search_term_string}"},"query-input":{"@type":"PropertyValueSpecification","valueRequired":true,"valueName":"search_term_string"}}],"inLanguage":"fr-FR"},{"@type":"Organization","@id":"https:\/\/www.koro.net.pl\/fr\/#organization","name":"Koronet","alternateName":"Koronet","url":"https:\/\/www.koro.net.pl\/fr\/","logo":{"@type":"ImageObject","inLanguage":"fr-FR","@id":"https:\/\/www.koro.net.pl\/fr\/#\/schema\/logo\/image\/","url":"https:\/\/www.koro.net.pl\/wp-content\/uploads\/2025\/02\/Koronet-spolka-z-o.o.png","contentUrl":"https:\/\/www.koro.net.pl\/wp-content\/uploads\/2025\/02\/Koronet-spolka-z-o.o.png","width":696,"height":696,"caption":"Koronet"},"image":{"@id":"https:\/\/www.koro.net.pl\/fr\/#\/schema\/logo\/image\/"}}]}},"_links":{"self":[{"href":"https:\/\/www.koro.net.pl\/fr\/wp-json\/wp\/v2\/product\/12370","targetHints":{"allow":["GET"]}}],"collection":[{"href":"https:\/\/www.koro.net.pl\/fr\/wp-json\/wp\/v2\/product"}],"about":[{"href":"https:\/\/www.koro.net.pl\/fr\/wp-json\/wp\/v2\/types\/product"}],"wp:featuredmedia":[{"embeddable":true,"href":"https:\/\/www.koro.net.pl\/fr\/wp-json\/wp\/v2\/media\/9604"}],"wp:attachment":[{"href":"https:\/\/www.koro.net.pl\/fr\/wp-json\/wp\/v2\/media?parent=12370"}],"wp:term":[{"taxonomy":"product_brand","embeddable":true,"href":"https:\/\/www.koro.net.pl\/fr\/wp-json\/wp\/v2\/product_brand?post=12370"},{"taxonomy":"product_cat","embeddable":true,"href":"https:\/\/www.koro.net.pl\/fr\/wp-json\/wp\/v2\/product_cat?post=12370"},{"taxonomy":"product_tag","embeddable":true,"href":"https:\/\/www.koro.net.pl\/fr\/wp-json\/wp\/v2\/product_tag?post=12370"}],"curies":[{"name":"wp","href":"https:\/\/api.w.org\/{rel}","templated":true}]}}