{"id":12349,"date":"2023-05-17T15:47:21","date_gmt":"2023-05-17T13:47:21","guid":{"rendered":"https:\/\/www.koro.net.pl\/produkt\/meche-de-forage-a-tube-de-trepanation\/"},"modified":"2023-05-17T15:47:21","modified_gmt":"2023-05-17T13:47:21","slug":"meche-de-forage-a-tube-de-trepanation","status":"publish","type":"product","link":"https:\/\/www.koro.net.pl\/fr\/produkt\/meche-de-forage-a-tube-de-trepanation\/","title":{"rendered":"M\u00e8che de forage \u00e0 tube de tr\u00e9panation"},"content":{"rendered":"<p data-path-to-node=\"3\"><strong>Sur les photos de la galerie produit, une perceuse de taille 40&#215;55<\/strong>.<\/p>\n<p data-path-to-node=\"3\">Des perceuses professionnelles con\u00e7ues pour percer des trous dans les aciers structurels et les m\u00e9taux non ferreux utilisant des perceuses magn\u00e9tiques et des machines stationnaires \u00e9quip\u00e9es de si\u00e8ges appropri\u00e9s.<\/p>\n<h3 data-path-to-node=\"4\">Mat\u00e9riaux et sp\u00e9cifications de construction :<\/h3>\n<ul data-path-to-node=\"5\">\n<li>\n<p data-path-to-node=\"5,0,0\"><b data-path-to-node=\"5,0,0\" data-index-in-node=\"0\">Mat\u00e9riau du corps :<\/b> <b data-path-to-node=\"5,0,0\" data-index-in-node=\"35\">HSS (High-Speed Steel) acier \u00e0 grande vitesse<\/b> avec une forte r\u00e9sistance \u00e0 la fracture.<\/p>\n<\/li>\n<li>\n<p data-path-to-node=\"5,1,0\"><b data-path-to-node=\"5,1,0\" data-index-in-node=\"0\">Rev\u00eatement :<\/b> <b data-path-to-node=\"5,1,0\" data-index-in-node=\"9\">TiN (nitrure de titane).<\/b> Le rev\u00eatement utilis\u00e9 augmente la duret\u00e9 de surface des lames (jusqu\u2019\u00e0 environ 2300 HV) et r\u00e9duit significativement le coefficient de friction, ce qui diminue la chaleur de l\u2019outil lors d\u2019un fonctionnement continu. <\/p>\n<\/li>\n<li>\n<p data-path-to-node=\"5,2,0\"><b data-path-to-node=\"5,2,0\" data-index-in-node=\"0\">Syst\u00e8me de r\u00e9paration :<\/b> Mandrin standard <b data-path-to-node=\"5,2,0\" data-index-in-node=\"37\">Weldon de 19 mm (3\/4&Prime;).<\/b> Il offre un si\u00e8ge rigide et s\u00e9curis\u00e9, \u00e9liminant ainsi le risque de rotation de l\u2019outil sous charge. <\/p>\n<\/li>\n<li>\n<p data-path-to-node=\"5,3,0\"><b data-path-to-node=\"5,3,0\" data-index-in-node=\"0\">G\u00e9om\u00e9trie de la lame :<\/b> Les ar\u00eates de coupe \u00e0 plusieurs \u00e9tages assurent un guidage pr\u00e9cis dans le mat\u00e9riau et nettoient les bords des trous sans besoin de pr\u00e9-\u00e9bavure.<\/p>\n<\/li>\n<\/ul>\n<h3 data-path-to-node=\"6\">Param\u00e8tres de fonctionnement :<\/h3>\n<ul data-path-to-node=\"7\">\n<li>\n<p data-path-to-node=\"7,0,0\"><b data-path-to-node=\"7,0,0\" data-index-in-node=\"0\">Profondeur de coupe :<\/b> Des variantes avec <b data-path-to-node=\"7,0,0\" data-index-in-node=\"57\">une partie de travail de 30 mm<\/b> et <b data-path-to-node=\"7,0,0\" data-index-in-node=\"68\">55<\/b> mm sont disponibles.<\/p>\n<\/li>\n<li>\n<p data-path-to-node=\"7,1,0\"><b data-path-to-node=\"7,1,0\" data-index-in-node=\"0\">Direction de coupe :<\/b> Exact.<\/p>\n<\/li>\n<li>\n<p data-path-to-node=\"7,2,0\"><b data-path-to-node=\"7,2,0\" data-index-in-node=\"0\">Performance :<\/b> Gr\u00e2ce \u00e0 la technologie de tr\u00e9panation (coupe en anneaux), l\u2019outil ne retire que la circonf\u00e9rence du trou, ce qui r\u00e9duit consid\u00e9rablement la consommation d\u2019\u00e9nergie et la r\u00e9sistance \u00e0 la coupe.<\/p>\n<\/li>\n<li>\n<p data-path-to-node=\"7,3,0\"><b data-path-to-node=\"7,3,0\" data-index-in-node=\"0\">Stabilit\u00e9 thermique :<\/b> Le rev\u00eatement TiN permet de travailler avec des param\u00e8tres d\u2019avance et de vitesse plus \u00e9lev\u00e9s tout en maintenant une dur\u00e9e de vie \u00e9lev\u00e9e du tranchant.<\/p>\n<\/li>\n<\/ul>\n<h3 data-path-to-node=\"8\">Informations suppl\u00e9mentaires :<\/h3>\n<ul data-path-to-node=\"9\">\n<li>\n<p data-path-to-node=\"9,0,0\">Une coop\u00e9ration avec un \u00e9jecteur appropri\u00e9 (t\u00e9l\u00e9commande) est n\u00e9cessaire, qui est responsable du centrage et de l\u2019ouverture de la vanne de refroidissement.<\/p>\n<\/li>\n<li>\n<p data-path-to-node=\"9,1,0\"><a href=\"https:\/\/www.koro.net.pl\/fr\/produkt\/telecommande-ejecteur-pour-forets-hss-et-tct\/\"><b data-path-to-node=\"9,1,0\" data-index-in-node=\"0\">Les t\u00e9l\u00e9commandes ne sont pas incluses dans le set et sont disponibles dans une offre s\u00e9par\u00e9e.<\/b><\/a><\/p>\n<\/li>\n<li>\n<p data-path-to-node=\"9,2,0\">Pour maintenir une dur\u00e9e de vie maximale de l\u2019outil, il est recommand\u00e9 d\u2019utiliser un liquide de refroidissement \u00e9mulsifiant ou une huile de coupe.<\/p>\n<\/li>\n<\/ul>\n<p>Les fraises de tr\u00e9panation fonctionnent mieux avec des perceuses magn\u00e9tiques, mais elles peuvent aussi \u00eatre utilis\u00e9es sur des forets de laboratoire et de colonnes avec une rigidit\u00e9 et des param\u00e8tres de fonctionnement appropri\u00e9s ; L\u2019utilisation dans des perceuses manuelles n\u2019est pas recommand\u00e9e.<\/p>\n<div class=\"row\">\n<div class=\"col-12 col-md-6 col-lg-6\">\n<table>\n<tbody>\n<tr>\n<td><strong>Diam\u00e8tre de la tige (mm)<\/strong><\/td>\n<td><strong>Diam\u00e8tre de travail (mm)<\/strong><\/td>\n<td><strong>Longueur de travail (mm)<\/strong><\/td>\n<\/tr>\n<tr>\n<td>19<\/td>\n<td>12<\/td>\n<td>30<\/td>\n<\/tr>\n<tr>\n<td>19<\/td>\n<td>13<\/td>\n<td>30<\/td>\n<\/tr>\n<tr>\n<td>19<\/td>\n<td>14<\/td>\n<td>30<\/td>\n<\/tr>\n<tr>\n<td>19<\/td>\n<td>15<\/td>\n<td>30<\/td>\n<\/tr>\n<tr>\n<td>19<\/td>\n<td>16<\/td>\n<td>30<\/td>\n<\/tr>\n<tr>\n<td>19<\/td>\n<td>17<\/td>\n<td>30<\/td>\n<\/tr>\n<tr>\n<td>19<\/td>\n<td>18<\/td>\n<td>30<\/td>\n<\/tr>\n<tr>\n<td>19<\/td>\n<td>19<\/td>\n<td>30<\/td>\n<\/tr>\n<tr>\n<td>19<\/td>\n<td>20<\/td>\n<td>30<\/td>\n<\/tr>\n<tr>\n<td>19<\/td>\n<td>21<\/td>\n<td>30<\/td>\n<\/tr>\n<tr>\n<td>19<\/td>\n<td>22<\/td>\n<td>30<\/td>\n<\/tr>\n<tr>\n<td>19<\/td>\n<td>23<\/td>\n<td>30<\/td>\n<\/tr>\n<tr>\n<td>19<\/td>\n<td>24<\/td>\n<td>30<\/td>\n<\/tr>\n<tr>\n<td>19<\/td>\n<td>25<\/td>\n<td>30<\/td>\n<\/tr>\n<tr>\n<td>19<\/td>\n<td>26<\/td>\n<td>30<\/td>\n<\/tr>\n<tr>\n<td>19<\/td>\n<td>27<\/td>\n<td>30<\/td>\n<\/tr>\n<tr>\n<td>19<\/td>\n<td>28<\/td>\n<td>30<\/td>\n<\/tr>\n<tr>\n<td>19<\/td>\n<td>29<\/td>\n<td>30<\/td>\n<\/tr>\n<tr>\n<td>19<\/td>\n<td>30<\/td>\n<td>30<\/td>\n<\/tr>\n<tr>\n<td>19<\/td>\n<td>31<\/td>\n<td>30<\/td>\n<\/tr>\n<tr>\n<td>19<\/td>\n<td>32<\/td>\n<td>30<\/td>\n<\/tr>\n<tr>\n<td>19<\/td>\n<td>33<\/td>\n<td>30<\/td>\n<\/tr>\n<tr>\n<td>19<\/td>\n<td>34<\/td>\n<td>30<\/td>\n<\/tr>\n<tr>\n<td>19<\/td>\n<td>35<\/td>\n<td>30<\/td>\n<\/tr>\n<tr>\n<td>19<\/td>\n<td>36<\/td>\n<td>30<\/td>\n<\/tr>\n<tr>\n<td>19<\/td>\n<td>37<\/td>\n<td>30<\/td>\n<\/tr>\n<tr>\n<td>19<\/td>\n<td>38<\/td>\n<td>30<\/td>\n<\/tr>\n<tr>\n<td>19<\/td>\n<td>39<\/td>\n<td>30<\/td>\n<\/tr>\n<tr>\n<td>19<\/td>\n<td>40<\/td>\n<td>30<\/td>\n<\/tr>\n<\/tbody>\n<\/table>\n<\/div>\n<div class=\"col-12 col-md-6 col-lg-6\">\n<table>\n<tbody>\n<tr>\n<td><strong>Diam\u00e8tre de la tige (mm)<\/strong><\/td>\n<td><strong>Diam\u00e8tre de travail (mm)<\/strong><\/td>\n<td><strong>Longueur de travail (mm)<\/strong><\/td>\n<\/tr>\n<tr>\n<td>19<\/td>\n<td>12<\/td>\n<td>55<\/td>\n<\/tr>\n<tr>\n<td>19<\/td>\n<td>13<\/td>\n<td>55<\/td>\n<\/tr>\n<tr>\n<td>19<\/td>\n<td>14<\/td>\n<td>55<\/td>\n<\/tr>\n<tr>\n<td>19<\/td>\n<td>15<\/td>\n<td>55<\/td>\n<\/tr>\n<tr>\n<td>19<\/td>\n<td>16<\/td>\n<td>55<\/td>\n<\/tr>\n<tr>\n<td>19<\/td>\n<td>17<\/td>\n<td>55<\/td>\n<\/tr>\n<tr>\n<td>19<\/td>\n<td>18<\/td>\n<td>55<\/td>\n<\/tr>\n<tr>\n<td>19<\/td>\n<td>19<\/td>\n<td>55<\/td>\n<\/tr>\n<tr>\n<td>19<\/td>\n<td>20<\/td>\n<td>55<\/td>\n<\/tr>\n<tr>\n<td>19<\/td>\n<td>21<\/td>\n<td>55<\/td>\n<\/tr>\n<tr>\n<td>19<\/td>\n<td>22<\/td>\n<td>55<\/td>\n<\/tr>\n<tr>\n<td>19<\/td>\n<td>23<\/td>\n<td>55<\/td>\n<\/tr>\n<tr>\n<td>19<\/td>\n<td>24<\/td>\n<td>55<\/td>\n<\/tr>\n<tr>\n<td>19<\/td>\n<td>25<\/td>\n<td>55<\/td>\n<\/tr>\n<tr>\n<td>19<\/td>\n<td>26<\/td>\n<td>55<\/td>\n<\/tr>\n<tr>\n<td>19<\/td>\n<td>27<\/td>\n<td>55<\/td>\n<\/tr>\n<tr>\n<td>19<\/td>\n<td>28<\/td>\n<td>55<\/td>\n<\/tr>\n<tr>\n<td>19<\/td>\n<td>29<\/td>\n<td>55<\/td>\n<\/tr>\n<tr>\n<td>19<\/td>\n<td>30<\/td>\n<td>55<\/td>\n<\/tr>\n<tr>\n<td>19<\/td>\n<td>31<\/td>\n<td>55<\/td>\n<\/tr>\n<tr>\n<td>19<\/td>\n<td>32<\/td>\n<td>55<\/td>\n<\/tr>\n<tr>\n<td>19<\/td>\n<td>33<\/td>\n<td>55<\/td>\n<\/tr>\n<tr>\n<td>19<\/td>\n<td>34<\/td>\n<td>55<\/td>\n<\/tr>\n<tr>\n<td>19<\/td>\n<td>35<\/td>\n<td>55<\/td>\n<\/tr>\n<tr>\n<td>19<\/td>\n<td>36<\/td>\n<td>55<\/td>\n<\/tr>\n<tr>\n<td>19<\/td>\n<td>37<\/td>\n<td>55<\/td>\n<\/tr>\n<tr>\n<td>19<\/td>\n<td>38<\/td>\n<td>55<\/td>\n<\/tr>\n<tr>\n<td>19<\/td>\n<td>39<\/td>\n<td>55<\/td>\n<\/tr>\n<tr>\n<td>19<\/td>\n<td>40<\/td>\n<td>55<\/td>\n<\/tr>\n<tr>\n<td>19<\/td>\n<td>41<\/td>\n<td>55<\/td>\n<\/tr>\n<tr>\n<td>19<\/td>\n<td>42<\/td>\n<td>55<\/td>\n<\/tr>\n<tr>\n<td>19<\/td>\n<td>43<\/td>\n<td>55<\/td>\n<\/tr>\n<tr>\n<td>19<\/td>\n<td>44<\/td>\n<td>55<\/td>\n<\/tr>\n<tr>\n<td>19<\/td>\n<td>45<\/td>\n<td>55<\/td>\n<\/tr>\n<tr>\n<td>19<\/td>\n<td>46<\/td>\n<td>55<\/td>\n<\/tr>\n<tr>\n<td>19<\/td>\n<td>47<\/td>\n<td>55<\/td>\n<\/tr>\n<tr>\n<td>19<\/td>\n<td>48<\/td>\n<td>55<\/td>\n<\/tr>\n<tr>\n<td>19<\/td>\n<td>49<\/td>\n<td>55<\/td>\n<\/tr>\n<tr>\n<td>19<\/td>\n<td>50<\/td>\n<td>55<\/td>\n<\/tr>\n<tr>\n<td>19<\/td>\n<td>52<\/td>\n<td>55<\/td>\n<\/tr>\n<\/tbody>\n<\/table>\n<\/div>\n<\/div>\n","protected":false},"excerpt":{"rendered":"<p>Sur les photos de la galerie produit, une perceuse de taille 40&#215;55. Des perceuses professionnelles con\u00e7ues pour percer des trous dans les aciers structurels et les m\u00e9taux non ferreux utilisant [&hellip;]<\/p>\n","protected":false},"featured_media":9483,"template":"","meta":{"_acf_changed":false},"product_brand":[],"product_cat":[176,174],"product_tag":[],"class_list":{"0":"post-12349","1":"product","2":"type-product","3":"status-publish","4":"has-post-thumbnail","6":"product_cat-meches-de-perceuse","7":"product_cat-outils","9":"first","10":"instock","11":"taxable","12":"shipping-taxable","13":"purchasable","14":"product-type-variable","15":"has-default-attributes"},"acf":[],"yoast_head":"<!-- This site is optimized with the Yoast SEO plugin v27.5 - https:\/\/yoast.com\/product\/yoast-seo-wordpress\/ -->\n<title>M\u00e8ches tr\u00e9pan\u00e9es \u00e0 tige Weldon de 19 mm de diam\u00e8tre<\/title>\n<meta name=\"description\" content=\"Les tr\u00e9pans Weldon d\u2019un diam\u00e8tre de 19 mm sont des outils modernes con\u00e7us pour r\u00e9pondre aux normes industrielles exigeantes.\" \/>\n<meta name=\"robots\" content=\"index, follow, max-snippet:-1, max-image-preview:large, max-video-preview:-1\" \/>\n<link rel=\"canonical\" href=\"https:\/\/www.koro.net.pl\/fr\/produkt\/meche-de-forage-a-tube-de-trepanation\/\" \/>\n<meta property=\"og:locale\" content=\"fr_FR\" \/>\n<meta property=\"og:type\" content=\"article\" \/>\n<meta property=\"og:title\" content=\"M\u00e8ches tr\u00e9pan\u00e9es \u00e0 tige Weldon de 19 mm de diam\u00e8tre\" \/>\n<meta property=\"og:description\" content=\"Les tr\u00e9pans Weldon d\u2019un diam\u00e8tre de 19 mm sont des outils modernes con\u00e7us pour r\u00e9pondre aux normes industrielles exigeantes.\" \/>\n<meta property=\"og:url\" content=\"https:\/\/www.koro.net.pl\/fr\/produkt\/meche-de-forage-a-tube-de-trepanation\/\" \/>\n<meta property=\"og:site_name\" content=\"Koronet\" \/>\n<meta property=\"og:image\" content=\"https:\/\/www.koro.net.pl\/wp-content\/uploads\/2023\/05\/Zestaw.png\" \/>\n\t<meta property=\"og:image:width\" content=\"800\" \/>\n\t<meta property=\"og:image:height\" content=\"500\" \/>\n\t<meta property=\"og:image:type\" content=\"image\/png\" \/>\n<meta name=\"twitter:card\" content=\"summary_large_image\" \/>\n<meta name=\"twitter:label1\" content=\"Dur\u00e9e de lecture estim\u00e9e\" \/>\n\t<meta name=\"twitter:data1\" content=\"2 minutes\" \/>\n<script type=\"application\/ld+json\" class=\"yoast-schema-graph\">{\"@context\":\"https:\\\/\\\/schema.org\",\"@graph\":[{\"@type\":\"WebPage\",\"@id\":\"https:\\\/\\\/www.koro.net.pl\\\/fr\\\/produkt\\\/meche-de-forage-a-tube-de-trepanation\\\/\",\"url\":\"https:\\\/\\\/www.koro.net.pl\\\/fr\\\/produkt\\\/meche-de-forage-a-tube-de-trepanation\\\/\",\"name\":\"M\u00e8ches tr\u00e9pan\u00e9es \u00e0 tige Weldon de 19 mm de diam\u00e8tre\",\"isPartOf\":{\"@id\":\"https:\\\/\\\/www.koro.net.pl\\\/fr\\\/#website\"},\"primaryImageOfPage\":{\"@id\":\"https:\\\/\\\/www.koro.net.pl\\\/fr\\\/produkt\\\/meche-de-forage-a-tube-de-trepanation\\\/#primaryimage\"},\"image\":{\"@id\":\"https:\\\/\\\/www.koro.net.pl\\\/fr\\\/produkt\\\/meche-de-forage-a-tube-de-trepanation\\\/#primaryimage\"},\"thumbnailUrl\":\"https:\\\/\\\/www.koro.net.pl\\\/wp-content\\\/uploads\\\/2023\\\/05\\\/Zestaw.png\",\"datePublished\":\"2023-05-17T13:47:21+00:00\",\"description\":\"Les tr\u00e9pans Weldon d\u2019un diam\u00e8tre de 19 mm sont des outils modernes con\u00e7us pour r\u00e9pondre aux normes industrielles exigeantes.\",\"breadcrumb\":{\"@id\":\"https:\\\/\\\/www.koro.net.pl\\\/fr\\\/produkt\\\/meche-de-forage-a-tube-de-trepanation\\\/#breadcrumb\"},\"inLanguage\":\"fr-FR\",\"potentialAction\":[{\"@type\":\"ReadAction\",\"target\":[\"https:\\\/\\\/www.koro.net.pl\\\/fr\\\/produkt\\\/meche-de-forage-a-tube-de-trepanation\\\/\"]}]},{\"@type\":\"ImageObject\",\"inLanguage\":\"fr-FR\",\"@id\":\"https:\\\/\\\/www.koro.net.pl\\\/fr\\\/produkt\\\/meche-de-forage-a-tube-de-trepanation\\\/#primaryimage\",\"url\":\"https:\\\/\\\/www.koro.net.pl\\\/wp-content\\\/uploads\\\/2023\\\/05\\\/Zestaw.png\",\"contentUrl\":\"https:\\\/\\\/www.koro.net.pl\\\/wp-content\\\/uploads\\\/2023\\\/05\\\/Zestaw.png\",\"width\":800,\"height\":500,\"caption\":\"Wiert\u0142a rurowe trepanacyjne Koronet\"},{\"@type\":\"BreadcrumbList\",\"@id\":\"https:\\\/\\\/www.koro.net.pl\\\/fr\\\/produkt\\\/meche-de-forage-a-tube-de-trepanation\\\/#breadcrumb\",\"itemListElement\":[{\"@type\":\"ListItem\",\"position\":1,\"name\":\"Strona g\u0142\u00f3wna\",\"item\":\"https:\\\/\\\/www.koro.net.pl\\\/fr\\\/\"},{\"@type\":\"ListItem\",\"position\":2,\"name\":\"M\u00e8che de forage \u00e0 tube de tr\u00e9panation\"}]},{\"@type\":\"WebSite\",\"@id\":\"https:\\\/\\\/www.koro.net.pl\\\/fr\\\/#website\",\"url\":\"https:\\\/\\\/www.koro.net.pl\\\/fr\\\/\",\"name\":\"Koronet\",\"description\":\"\",\"publisher\":{\"@id\":\"https:\\\/\\\/www.koro.net.pl\\\/fr\\\/#organization\"},\"potentialAction\":[{\"@type\":\"SearchAction\",\"target\":{\"@type\":\"EntryPoint\",\"urlTemplate\":\"https:\\\/\\\/www.koro.net.pl\\\/fr\\\/?s={search_term_string}\"},\"query-input\":{\"@type\":\"PropertyValueSpecification\",\"valueRequired\":true,\"valueName\":\"search_term_string\"}}],\"inLanguage\":\"fr-FR\"},{\"@type\":\"Organization\",\"@id\":\"https:\\\/\\\/www.koro.net.pl\\\/fr\\\/#organization\",\"name\":\"Koronet\",\"alternateName\":\"Koronet\",\"url\":\"https:\\\/\\\/www.koro.net.pl\\\/fr\\\/\",\"logo\":{\"@type\":\"ImageObject\",\"inLanguage\":\"fr-FR\",\"@id\":\"https:\\\/\\\/www.koro.net.pl\\\/fr\\\/#\\\/schema\\\/logo\\\/image\\\/\",\"url\":\"https:\\\/\\\/www.koro.net.pl\\\/wp-content\\\/uploads\\\/2025\\\/02\\\/Koronet-spolka-z-o.o.png\",\"contentUrl\":\"https:\\\/\\\/www.koro.net.pl\\\/wp-content\\\/uploads\\\/2025\\\/02\\\/Koronet-spolka-z-o.o.png\",\"width\":696,\"height\":696,\"caption\":\"Koronet\"},\"image\":{\"@id\":\"https:\\\/\\\/www.koro.net.pl\\\/fr\\\/#\\\/schema\\\/logo\\\/image\\\/\"}}]}<\/script>\n<!-- \/ Yoast SEO plugin. -->","yoast_head_json":{"title":"M\u00e8ches tr\u00e9pan\u00e9es \u00e0 tige Weldon de 19 mm de diam\u00e8tre","description":"Les tr\u00e9pans Weldon d\u2019un diam\u00e8tre de 19 mm sont des outils modernes con\u00e7us pour r\u00e9pondre aux normes industrielles exigeantes.","robots":{"index":"index","follow":"follow","max-snippet":"max-snippet:-1","max-image-preview":"max-image-preview:large","max-video-preview":"max-video-preview:-1"},"canonical":"https:\/\/www.koro.net.pl\/fr\/produkt\/meche-de-forage-a-tube-de-trepanation\/","og_locale":"fr_FR","og_type":"article","og_title":"M\u00e8ches tr\u00e9pan\u00e9es \u00e0 tige Weldon de 19 mm de diam\u00e8tre","og_description":"Les tr\u00e9pans Weldon d\u2019un diam\u00e8tre de 19 mm sont des outils modernes con\u00e7us pour r\u00e9pondre aux normes industrielles exigeantes.","og_url":"https:\/\/www.koro.net.pl\/fr\/produkt\/meche-de-forage-a-tube-de-trepanation\/","og_site_name":"Koronet","og_image":[{"width":800,"height":500,"url":"https:\/\/www.koro.net.pl\/wp-content\/uploads\/2023\/05\/Zestaw.png","type":"image\/png"}],"twitter_card":"summary_large_image","twitter_misc":{"Dur\u00e9e de lecture estim\u00e9e":"2 minutes"},"schema":{"@context":"https:\/\/schema.org","@graph":[{"@type":"WebPage","@id":"https:\/\/www.koro.net.pl\/fr\/produkt\/meche-de-forage-a-tube-de-trepanation\/","url":"https:\/\/www.koro.net.pl\/fr\/produkt\/meche-de-forage-a-tube-de-trepanation\/","name":"M\u00e8ches tr\u00e9pan\u00e9es \u00e0 tige Weldon de 19 mm de diam\u00e8tre","isPartOf":{"@id":"https:\/\/www.koro.net.pl\/fr\/#website"},"primaryImageOfPage":{"@id":"https:\/\/www.koro.net.pl\/fr\/produkt\/meche-de-forage-a-tube-de-trepanation\/#primaryimage"},"image":{"@id":"https:\/\/www.koro.net.pl\/fr\/produkt\/meche-de-forage-a-tube-de-trepanation\/#primaryimage"},"thumbnailUrl":"https:\/\/www.koro.net.pl\/wp-content\/uploads\/2023\/05\/Zestaw.png","datePublished":"2023-05-17T13:47:21+00:00","description":"Les tr\u00e9pans Weldon d\u2019un diam\u00e8tre de 19 mm sont des outils modernes con\u00e7us pour r\u00e9pondre aux normes industrielles exigeantes.","breadcrumb":{"@id":"https:\/\/www.koro.net.pl\/fr\/produkt\/meche-de-forage-a-tube-de-trepanation\/#breadcrumb"},"inLanguage":"fr-FR","potentialAction":[{"@type":"ReadAction","target":["https:\/\/www.koro.net.pl\/fr\/produkt\/meche-de-forage-a-tube-de-trepanation\/"]}]},{"@type":"ImageObject","inLanguage":"fr-FR","@id":"https:\/\/www.koro.net.pl\/fr\/produkt\/meche-de-forage-a-tube-de-trepanation\/#primaryimage","url":"https:\/\/www.koro.net.pl\/wp-content\/uploads\/2023\/05\/Zestaw.png","contentUrl":"https:\/\/www.koro.net.pl\/wp-content\/uploads\/2023\/05\/Zestaw.png","width":800,"height":500,"caption":"Wiert\u0142a rurowe trepanacyjne Koronet"},{"@type":"BreadcrumbList","@id":"https:\/\/www.koro.net.pl\/fr\/produkt\/meche-de-forage-a-tube-de-trepanation\/#breadcrumb","itemListElement":[{"@type":"ListItem","position":1,"name":"Strona g\u0142\u00f3wna","item":"https:\/\/www.koro.net.pl\/fr\/"},{"@type":"ListItem","position":2,"name":"M\u00e8che de forage \u00e0 tube de tr\u00e9panation"}]},{"@type":"WebSite","@id":"https:\/\/www.koro.net.pl\/fr\/#website","url":"https:\/\/www.koro.net.pl\/fr\/","name":"Koronet","description":"","publisher":{"@id":"https:\/\/www.koro.net.pl\/fr\/#organization"},"potentialAction":[{"@type":"SearchAction","target":{"@type":"EntryPoint","urlTemplate":"https:\/\/www.koro.net.pl\/fr\/?s={search_term_string}"},"query-input":{"@type":"PropertyValueSpecification","valueRequired":true,"valueName":"search_term_string"}}],"inLanguage":"fr-FR"},{"@type":"Organization","@id":"https:\/\/www.koro.net.pl\/fr\/#organization","name":"Koronet","alternateName":"Koronet","url":"https:\/\/www.koro.net.pl\/fr\/","logo":{"@type":"ImageObject","inLanguage":"fr-FR","@id":"https:\/\/www.koro.net.pl\/fr\/#\/schema\/logo\/image\/","url":"https:\/\/www.koro.net.pl\/wp-content\/uploads\/2025\/02\/Koronet-spolka-z-o.o.png","contentUrl":"https:\/\/www.koro.net.pl\/wp-content\/uploads\/2025\/02\/Koronet-spolka-z-o.o.png","width":696,"height":696,"caption":"Koronet"},"image":{"@id":"https:\/\/www.koro.net.pl\/fr\/#\/schema\/logo\/image\/"}}]}},"_links":{"self":[{"href":"https:\/\/www.koro.net.pl\/fr\/wp-json\/wp\/v2\/product\/12349","targetHints":{"allow":["GET"]}}],"collection":[{"href":"https:\/\/www.koro.net.pl\/fr\/wp-json\/wp\/v2\/product"}],"about":[{"href":"https:\/\/www.koro.net.pl\/fr\/wp-json\/wp\/v2\/types\/product"}],"wp:featuredmedia":[{"embeddable":true,"href":"https:\/\/www.koro.net.pl\/fr\/wp-json\/wp\/v2\/media\/9483"}],"wp:attachment":[{"href":"https:\/\/www.koro.net.pl\/fr\/wp-json\/wp\/v2\/media?parent=12349"}],"wp:term":[{"taxonomy":"product_brand","embeddable":true,"href":"https:\/\/www.koro.net.pl\/fr\/wp-json\/wp\/v2\/product_brand?post=12349"},{"taxonomy":"product_cat","embeddable":true,"href":"https:\/\/www.koro.net.pl\/fr\/wp-json\/wp\/v2\/product_cat?post=12349"},{"taxonomy":"product_tag","embeddable":true,"href":"https:\/\/www.koro.net.pl\/fr\/wp-json\/wp\/v2\/product_tag?post=12349"}],"curies":[{"name":"wp","href":"https:\/\/api.w.org\/{rel}","templated":true}]}}