{"id":12342,"date":"2023-05-17T15:13:56","date_gmt":"2023-05-17T13:13:56","guid":{"rendered":"https:\/\/www.koro.net.pl\/produkt\/prise-longue-a-la-machine-din-357-hss\/"},"modified":"2023-05-17T15:13:56","modified_gmt":"2023-05-17T13:13:56","slug":"prise-longue-a-la-machine-din-357-hss","status":"publish","type":"product","link":"https:\/\/www.koro.net.pl\/fr\/produkt\/prise-longue-a-la-machine-din-357-hss\/","title":{"rendered":"Prise longue \u00e0 la machine DIN 357 HSS"},"content":{"rendered":"<p><a href=\"https:\/\/www.koro.net.pl\/fr\/produkty\/taps\/\"><strong data-start=\"322\" data-end=\"333\">Le filetage long Koronet<\/strong> pour machine<\/a>, fabriqu\u00e9 conform\u00e9ment \u00e0 <strong data-start=\"360\" data-end=\"371\">la norme DIN 357<\/strong>, est con\u00e7u pour la production de <strong data-start=\"406\" data-end=\"446\">filetages internes ISO m\u00e9triques<\/strong> en atelier et en conditions de production. L\u2019outil est con\u00e7u pour un fonctionnement stable et reproductible de la machine, o\u00f9 le contr\u00f4le du proc\u00e9d\u00e9 et la charge de coupe uniforme sont importants. <\/p>\n<h3 data-start=\"646\" data-end=\"707\"><strong>Norme DIN 357 \u2013 coupe prolong\u00e9e et r\u00e9sistance \u00e0 la coupe plus faible<\/strong><\/h3>\n<p data-start=\"708\" data-end=\"798\"><strong data-start=\"725\" data-end=\"736\">Le respect de la norme DIN 357<\/strong> signifie <strong data-start=\"758\" data-end=\"781\">l\u2019utilisation d\u2019une coupe allong\u00e9e<\/strong> qui garantit :<\/p>\n<ul data-start=\"800\" data-end=\"968\">\n<li data-start=\"800\" data-end=\"844\">\n<p data-start=\"802\" data-end=\"844\">une entr\u00e9e plus fluide de l\u2019outil dans le mat\u00e9riau,<\/p>\n<\/li>\n<li data-start=\"845\" data-end=\"889\">\n<p data-start=\"847\" data-end=\"889\">augmentation progressive de la charge de coupe,<\/p>\n<\/li>\n<li data-start=\"890\" data-end=\"922\">\n<p data-start=\"892\" data-end=\"922\">r\u00e9duction de la r\u00e9sistance \u00e0 la coupe,<\/p>\n<\/li>\n<li data-start=\"923\" data-end=\"968\">\n<p data-start=\"925\" data-end=\"968\">Processus de threading plus stable.<\/p>\n<\/li>\n<\/ul>\n<p data-start=\"970\" data-end=\"1102\">Cette g\u00e9om\u00e9trie favorise une formation pr\u00e9cise du filetage et r\u00e9duit le risque de surcharge d\u2019outils, notamment lors du travail m\u00e9canique.<\/p>\n<h3 data-start=\"646\" data-end=\"707\"><strong>Norme DIN 357 \u2013 coupe prolong\u00e9e et r\u00e9sistance \u00e0 la coupe plus faible<\/strong><\/h3>\n<p data-start=\"708\" data-end=\"798\"><strong data-start=\"725\" data-end=\"736\">Le respect de la norme DIN 357<\/strong> signifie <strong data-start=\"758\" data-end=\"781\">l\u2019utilisation d\u2019une coupe allong\u00e9e<\/strong> qui garantit :<\/p>\n<ul data-start=\"800\" data-end=\"968\">\n<li data-start=\"800\" data-end=\"844\">\n<p data-start=\"802\" data-end=\"844\">une entr\u00e9e plus fluide de l\u2019outil dans le mat\u00e9riau,<\/p>\n<\/li>\n<li data-start=\"845\" data-end=\"889\">\n<p data-start=\"847\" data-end=\"889\">augmentation progressive de la charge de coupe,<\/p>\n<\/li>\n<li data-start=\"890\" data-end=\"922\">\n<p data-start=\"892\" data-end=\"922\">r\u00e9duction de la r\u00e9sistance \u00e0 la coupe,<\/p>\n<\/li>\n<li data-start=\"923\" data-end=\"968\">\n<p data-start=\"925\" data-end=\"968\">Processus de threading plus stable.<\/p>\n<\/li>\n<\/ul>\n<p data-start=\"970\" data-end=\"1102\">Cette g\u00e9om\u00e9trie favorise une formation pr\u00e9cise du filetage et r\u00e9duit le risque de surcharge d\u2019outils, notamment lors du travail m\u00e9canique.<\/p>\n<h3 data-start=\"1510\" data-end=\"1567\"><strong>G\u00e9om\u00e9trie de travail \u2013 coupe contr\u00f4l\u00e9e et stable<\/strong><\/h3>\n<p data-start=\"1568\" data-end=\"1644\">La partie de travail du robinet est dot\u00e9e de <strong data-start=\"1612\" data-end=\"1628\">rainures droites<\/strong>, vous permettant de :<\/p>\n<ul data-start=\"1646\" data-end=\"1787\">\n<li data-start=\"1646\" data-end=\"1692\">\n<p data-start=\"1648\" data-end=\"1692\">un guidage stable de l\u2019outil dans l\u2019axe du trou,<\/p>\n<\/li>\n<li data-start=\"1693\" data-end=\"1737\">\n<p data-start=\"1695\" data-end=\"1737\">processus de filetage contr\u00f4l\u00e9,<\/p>\n<\/li>\n<li data-start=\"1738\" data-end=\"1787\">\n<p data-start=\"1740\" data-end=\"1787\">Obtenez un profil de filetage propre et pr\u00e9cis.<\/p>\n<\/li>\n<\/ul>\n<p data-start=\"1789\" data-end=\"1884\">Cette solution fonctionne bien dans un large \u00e9ventail d\u2019op\u00e9rations standard de threading machine.<\/p>\n<h3 data-start=\"1891\" data-end=\"1916\"><strong>Construction m\u00e9canique<\/strong><\/h3>\n<p data-start=\"1917\" data-end=\"2124\">Le robinet est adapt\u00e9 pour <strong data-start=\"1950\" data-end=\"2010\">fonctionner dans les machines-outils CNC et les machines conventionnelles<\/strong>. La conception compacte et axiale permet un serrage s\u00e9curis\u00e9 dans les supports de machines et garantit une grande r\u00e9p\u00e9tabilit\u00e9 du proc\u00e9d\u00e9. <\/p>\n<h3 data-start=\"2131\" data-end=\"2147\"><strong>Application<\/strong><\/h3>\n<p data-start=\"2148\" data-end=\"2227\">La prise de machine HSS DIN 357 de Koronet est utilis\u00e9e pour le traitement de :<\/p>\n<ul data-start=\"2229\" data-end=\"2328\">\n<li data-start=\"2229\" data-end=\"2253\">\n<p data-start=\"2231\" data-end=\"2253\">Aciers structurels,<\/p>\n<\/li>\n<li data-start=\"2254\" data-end=\"2289\">\n<p data-start=\"2256\" data-end=\"2289\">aciers \u00e0 faible alliage et alliages,<\/p>\n<\/li>\n<li data-start=\"2290\" data-end=\"2328\">\n<p data-start=\"2292\" data-end=\"2328\">Mat\u00e9riaux de r\u00e9sistance moyenne.<\/p>\n<\/li>\n<\/ul>\n<p data-start=\"2330\" data-end=\"2469\">L\u2019outil est con\u00e7u pour des applications o\u00f9 <strong data-start=\"2393\" data-end=\"2448\">la pr\u00e9cision, la stabilit\u00e9 et la r\u00e9duction de la r\u00e9sistance de coupe<\/strong> pendant le filetage sont importantes.<\/p>\n<table>\n<tbody>\n<tr>\n<td><strong>Symbole<\/strong><\/td>\n<td><strong>Pas de filetage (mm)<\/strong><\/td>\n<td><strong>Diam\u00e8tre du trou de filetage (mm)<\/strong><\/td>\n<td><strong>Diam\u00e8tre de la tige (mm)<\/strong><\/td>\n<td><strong>Longueur totale (mm)<\/strong><\/td>\n<td><strong>Longueur de travail (mm)<\/strong><\/td>\n<\/tr>\n<tr>\n<td>M3-DIN357<\/td>\n<td>0,5<\/td>\n<td>2,5<\/td>\n<td>2,2<\/td>\n<td>70<\/td>\n<td>22<\/td>\n<\/tr>\n<tr>\n<td>M4-DIN357<\/td>\n<td>0,7<\/td>\n<td>3,3<\/td>\n<td>2,8<\/td>\n<td>90<\/td>\n<td>25<\/td>\n<\/tr>\n<tr>\n<td>M5-DIN357<\/td>\n<td>0,8<\/td>\n<td>4,2<\/td>\n<td>3,5<\/td>\n<td>100<\/td>\n<td>28<\/td>\n<\/tr>\n<tr>\n<td>M6-DIN357<\/td>\n<td>1<\/td>\n<td>5<\/td>\n<td>4,5<\/td>\n<td>110<\/td>\n<td>32<\/td>\n<\/tr>\n<tr>\n<td>M8-DIN357<\/td>\n<td>1,25<\/td>\n<td>6,8<\/td>\n<td>6<\/td>\n<td>125<\/td>\n<td>40<\/td>\n<\/tr>\n<tr>\n<td>M10-DIN357<\/td>\n<td>1,5<\/td>\n<td>8,5<\/td>\n<td>7<\/td>\n<td>140<\/td>\n<td>45<\/td>\n<\/tr>\n<tr>\n<td>M12-DIN357<\/td>\n<td>1,75<\/td>\n<td>10,2<\/td>\n<td>9<\/td>\n<td>180<\/td>\n<td>50<\/td>\n<\/tr>\n<tr>\n<td>M16-DIN357<\/td>\n<td>2<\/td>\n<td>14<\/td>\n<td>12<\/td>\n<td>200<\/td>\n<td>63<\/td>\n<\/tr>\n<\/tbody>\n<\/table>\n","protected":false},"excerpt":{"rendered":"<p>Le filetage long Koronet pour machine, fabriqu\u00e9 conform\u00e9ment \u00e0 la norme DIN 357, est con\u00e7u pour la production de filetages internes ISO m\u00e9triques en atelier et en conditions de production. [&hellip;]<\/p>\n","protected":false},"featured_media":9611,"template":"","meta":{"_acf_changed":false},"product_brand":[],"product_cat":[174,177,178],"product_tag":[],"class_list":{"0":"post-12342","1":"product","2":"type-product","3":"status-publish","4":"has-post-thumbnail","6":"product_cat-outils","7":"product_cat-prises-mecaniques","8":"product_cat-taps","10":"first","11":"instock","12":"taxable","13":"shipping-taxable","14":"purchasable","15":"product-type-variable","16":"has-default-attributes"},"acf":[],"yoast_head":"<!-- This site is optimized with the Yoast SEO plugin v27.5 - https:\/\/yoast.com\/product\/yoast-seo-wordpress\/ -->\n<title>Prise longue \u00e0 la machine DIN 357 HSS | Coroner<\/title>\n<meta name=\"description\" content=\"Prise longue machine HSS pour les trous de travers. Acier haute qualit\u00e9 \u00e0 grande vitesse, r\u00e9sistant \u00e0 l\u2019abrasion. DIN 357. Regardez l\u2019offre !\" \/>\n<meta name=\"robots\" content=\"index, follow, max-snippet:-1, max-image-preview:large, max-video-preview:-1\" \/>\n<link rel=\"canonical\" href=\"https:\/\/www.koro.net.pl\/fr\/produkt\/prise-longue-a-la-machine-din-357-hss\/\" \/>\n<meta property=\"og:locale\" content=\"fr_FR\" \/>\n<meta property=\"og:type\" content=\"article\" \/>\n<meta property=\"og:title\" content=\"Prise longue \u00e0 la machine DIN 357 HSS | Coroner\" \/>\n<meta property=\"og:description\" content=\"Prise longue machine HSS pour les trous de travers. Acier haute qualit\u00e9 \u00e0 grande vitesse, r\u00e9sistant \u00e0 l\u2019abrasion. DIN 357. Regardez l\u2019offre !\" \/>\n<meta property=\"og:url\" content=\"https:\/\/www.koro.net.pl\/fr\/produkt\/prise-longue-a-la-machine-din-357-hss\/\" \/>\n<meta property=\"og:site_name\" content=\"Koronet\" \/>\n<meta property=\"og:image\" content=\"https:\/\/www.koro.net.pl\/wp-content\/uploads\/2023\/05\/Gwintownik-maszynowy-dlugi-DIN-357-HSS.png\" \/>\n\t<meta property=\"og:image:width\" content=\"800\" \/>\n\t<meta property=\"og:image:height\" content=\"800\" \/>\n\t<meta property=\"og:image:type\" content=\"image\/png\" \/>\n<meta name=\"twitter:card\" content=\"summary_large_image\" \/>\n<meta name=\"twitter:label1\" content=\"Dur\u00e9e de lecture estim\u00e9e\" \/>\n\t<meta name=\"twitter:data1\" content=\"2 minutes\" \/>\n<script type=\"application\/ld+json\" class=\"yoast-schema-graph\">{\"@context\":\"https:\\\/\\\/schema.org\",\"@graph\":[{\"@type\":\"WebPage\",\"@id\":\"https:\\\/\\\/www.koro.net.pl\\\/fr\\\/produkt\\\/prise-longue-a-la-machine-din-357-hss\\\/\",\"url\":\"https:\\\/\\\/www.koro.net.pl\\\/fr\\\/produkt\\\/prise-longue-a-la-machine-din-357-hss\\\/\",\"name\":\"Prise longue \u00e0 la machine DIN 357 HSS | Coroner\",\"isPartOf\":{\"@id\":\"https:\\\/\\\/www.koro.net.pl\\\/fr\\\/#website\"},\"primaryImageOfPage\":{\"@id\":\"https:\\\/\\\/www.koro.net.pl\\\/fr\\\/produkt\\\/prise-longue-a-la-machine-din-357-hss\\\/#primaryimage\"},\"image\":{\"@id\":\"https:\\\/\\\/www.koro.net.pl\\\/fr\\\/produkt\\\/prise-longue-a-la-machine-din-357-hss\\\/#primaryimage\"},\"thumbnailUrl\":\"https:\\\/\\\/www.koro.net.pl\\\/wp-content\\\/uploads\\\/2023\\\/05\\\/Gwintownik-maszynowy-dlugi-DIN-357-HSS.png\",\"datePublished\":\"2023-05-17T13:13:56+00:00\",\"description\":\"Prise longue machine HSS pour les trous de travers. Acier haute qualit\u00e9 \u00e0 grande vitesse, r\u00e9sistant \u00e0 l\u2019abrasion. DIN 357. Regardez l\u2019offre !\",\"breadcrumb\":{\"@id\":\"https:\\\/\\\/www.koro.net.pl\\\/fr\\\/produkt\\\/prise-longue-a-la-machine-din-357-hss\\\/#breadcrumb\"},\"inLanguage\":\"fr-FR\",\"potentialAction\":[{\"@type\":\"ReadAction\",\"target\":[\"https:\\\/\\\/www.koro.net.pl\\\/fr\\\/produkt\\\/prise-longue-a-la-machine-din-357-hss\\\/\"]}]},{\"@type\":\"ImageObject\",\"inLanguage\":\"fr-FR\",\"@id\":\"https:\\\/\\\/www.koro.net.pl\\\/fr\\\/produkt\\\/prise-longue-a-la-machine-din-357-hss\\\/#primaryimage\",\"url\":\"https:\\\/\\\/www.koro.net.pl\\\/wp-content\\\/uploads\\\/2023\\\/05\\\/Gwintownik-maszynowy-dlugi-DIN-357-HSS.png\",\"contentUrl\":\"https:\\\/\\\/www.koro.net.pl\\\/wp-content\\\/uploads\\\/2023\\\/05\\\/Gwintownik-maszynowy-dlugi-DIN-357-HSS.png\",\"width\":800,\"height\":800,\"caption\":\"Gwintownik maszynowy d\u0142ugi DIN 357 HSS\"},{\"@type\":\"BreadcrumbList\",\"@id\":\"https:\\\/\\\/www.koro.net.pl\\\/fr\\\/produkt\\\/prise-longue-a-la-machine-din-357-hss\\\/#breadcrumb\",\"itemListElement\":[{\"@type\":\"ListItem\",\"position\":1,\"name\":\"Strona g\u0142\u00f3wna\",\"item\":\"https:\\\/\\\/www.koro.net.pl\\\/fr\\\/\"},{\"@type\":\"ListItem\",\"position\":2,\"name\":\"Prise longue \u00e0 la machine DIN 357 HSS\"}]},{\"@type\":\"WebSite\",\"@id\":\"https:\\\/\\\/www.koro.net.pl\\\/fr\\\/#website\",\"url\":\"https:\\\/\\\/www.koro.net.pl\\\/fr\\\/\",\"name\":\"Koronet\",\"description\":\"\",\"publisher\":{\"@id\":\"https:\\\/\\\/www.koro.net.pl\\\/fr\\\/#organization\"},\"potentialAction\":[{\"@type\":\"SearchAction\",\"target\":{\"@type\":\"EntryPoint\",\"urlTemplate\":\"https:\\\/\\\/www.koro.net.pl\\\/fr\\\/?s={search_term_string}\"},\"query-input\":{\"@type\":\"PropertyValueSpecification\",\"valueRequired\":true,\"valueName\":\"search_term_string\"}}],\"inLanguage\":\"fr-FR\"},{\"@type\":\"Organization\",\"@id\":\"https:\\\/\\\/www.koro.net.pl\\\/fr\\\/#organization\",\"name\":\"Koronet\",\"alternateName\":\"Koronet\",\"url\":\"https:\\\/\\\/www.koro.net.pl\\\/fr\\\/\",\"logo\":{\"@type\":\"ImageObject\",\"inLanguage\":\"fr-FR\",\"@id\":\"https:\\\/\\\/www.koro.net.pl\\\/fr\\\/#\\\/schema\\\/logo\\\/image\\\/\",\"url\":\"https:\\\/\\\/www.koro.net.pl\\\/wp-content\\\/uploads\\\/2025\\\/02\\\/Koronet-spolka-z-o.o.png\",\"contentUrl\":\"https:\\\/\\\/www.koro.net.pl\\\/wp-content\\\/uploads\\\/2025\\\/02\\\/Koronet-spolka-z-o.o.png\",\"width\":696,\"height\":696,\"caption\":\"Koronet\"},\"image\":{\"@id\":\"https:\\\/\\\/www.koro.net.pl\\\/fr\\\/#\\\/schema\\\/logo\\\/image\\\/\"}}]}<\/script>\n<!-- \/ Yoast SEO plugin. -->","yoast_head_json":{"title":"Prise longue \u00e0 la machine DIN 357 HSS | Coroner","description":"Prise longue machine HSS pour les trous de travers. Acier haute qualit\u00e9 \u00e0 grande vitesse, r\u00e9sistant \u00e0 l\u2019abrasion. DIN 357. Regardez l\u2019offre !","robots":{"index":"index","follow":"follow","max-snippet":"max-snippet:-1","max-image-preview":"max-image-preview:large","max-video-preview":"max-video-preview:-1"},"canonical":"https:\/\/www.koro.net.pl\/fr\/produkt\/prise-longue-a-la-machine-din-357-hss\/","og_locale":"fr_FR","og_type":"article","og_title":"Prise longue \u00e0 la machine DIN 357 HSS | Coroner","og_description":"Prise longue machine HSS pour les trous de travers. Acier haute qualit\u00e9 \u00e0 grande vitesse, r\u00e9sistant \u00e0 l\u2019abrasion. DIN 357. Regardez l\u2019offre !","og_url":"https:\/\/www.koro.net.pl\/fr\/produkt\/prise-longue-a-la-machine-din-357-hss\/","og_site_name":"Koronet","og_image":[{"width":800,"height":800,"url":"https:\/\/www.koro.net.pl\/wp-content\/uploads\/2023\/05\/Gwintownik-maszynowy-dlugi-DIN-357-HSS.png","type":"image\/png"}],"twitter_card":"summary_large_image","twitter_misc":{"Dur\u00e9e de lecture estim\u00e9e":"2 minutes"},"schema":{"@context":"https:\/\/schema.org","@graph":[{"@type":"WebPage","@id":"https:\/\/www.koro.net.pl\/fr\/produkt\/prise-longue-a-la-machine-din-357-hss\/","url":"https:\/\/www.koro.net.pl\/fr\/produkt\/prise-longue-a-la-machine-din-357-hss\/","name":"Prise longue \u00e0 la machine DIN 357 HSS | Coroner","isPartOf":{"@id":"https:\/\/www.koro.net.pl\/fr\/#website"},"primaryImageOfPage":{"@id":"https:\/\/www.koro.net.pl\/fr\/produkt\/prise-longue-a-la-machine-din-357-hss\/#primaryimage"},"image":{"@id":"https:\/\/www.koro.net.pl\/fr\/produkt\/prise-longue-a-la-machine-din-357-hss\/#primaryimage"},"thumbnailUrl":"https:\/\/www.koro.net.pl\/wp-content\/uploads\/2023\/05\/Gwintownik-maszynowy-dlugi-DIN-357-HSS.png","datePublished":"2023-05-17T13:13:56+00:00","description":"Prise longue machine HSS pour les trous de travers. Acier haute qualit\u00e9 \u00e0 grande vitesse, r\u00e9sistant \u00e0 l\u2019abrasion. DIN 357. Regardez l\u2019offre !","breadcrumb":{"@id":"https:\/\/www.koro.net.pl\/fr\/produkt\/prise-longue-a-la-machine-din-357-hss\/#breadcrumb"},"inLanguage":"fr-FR","potentialAction":[{"@type":"ReadAction","target":["https:\/\/www.koro.net.pl\/fr\/produkt\/prise-longue-a-la-machine-din-357-hss\/"]}]},{"@type":"ImageObject","inLanguage":"fr-FR","@id":"https:\/\/www.koro.net.pl\/fr\/produkt\/prise-longue-a-la-machine-din-357-hss\/#primaryimage","url":"https:\/\/www.koro.net.pl\/wp-content\/uploads\/2023\/05\/Gwintownik-maszynowy-dlugi-DIN-357-HSS.png","contentUrl":"https:\/\/www.koro.net.pl\/wp-content\/uploads\/2023\/05\/Gwintownik-maszynowy-dlugi-DIN-357-HSS.png","width":800,"height":800,"caption":"Gwintownik maszynowy d\u0142ugi DIN 357 HSS"},{"@type":"BreadcrumbList","@id":"https:\/\/www.koro.net.pl\/fr\/produkt\/prise-longue-a-la-machine-din-357-hss\/#breadcrumb","itemListElement":[{"@type":"ListItem","position":1,"name":"Strona g\u0142\u00f3wna","item":"https:\/\/www.koro.net.pl\/fr\/"},{"@type":"ListItem","position":2,"name":"Prise longue \u00e0 la machine DIN 357 HSS"}]},{"@type":"WebSite","@id":"https:\/\/www.koro.net.pl\/fr\/#website","url":"https:\/\/www.koro.net.pl\/fr\/","name":"Koronet","description":"","publisher":{"@id":"https:\/\/www.koro.net.pl\/fr\/#organization"},"potentialAction":[{"@type":"SearchAction","target":{"@type":"EntryPoint","urlTemplate":"https:\/\/www.koro.net.pl\/fr\/?s={search_term_string}"},"query-input":{"@type":"PropertyValueSpecification","valueRequired":true,"valueName":"search_term_string"}}],"inLanguage":"fr-FR"},{"@type":"Organization","@id":"https:\/\/www.koro.net.pl\/fr\/#organization","name":"Koronet","alternateName":"Koronet","url":"https:\/\/www.koro.net.pl\/fr\/","logo":{"@type":"ImageObject","inLanguage":"fr-FR","@id":"https:\/\/www.koro.net.pl\/fr\/#\/schema\/logo\/image\/","url":"https:\/\/www.koro.net.pl\/wp-content\/uploads\/2025\/02\/Koronet-spolka-z-o.o.png","contentUrl":"https:\/\/www.koro.net.pl\/wp-content\/uploads\/2025\/02\/Koronet-spolka-z-o.o.png","width":696,"height":696,"caption":"Koronet"},"image":{"@id":"https:\/\/www.koro.net.pl\/fr\/#\/schema\/logo\/image\/"}}]}},"_links":{"self":[{"href":"https:\/\/www.koro.net.pl\/fr\/wp-json\/wp\/v2\/product\/12342","targetHints":{"allow":["GET"]}}],"collection":[{"href":"https:\/\/www.koro.net.pl\/fr\/wp-json\/wp\/v2\/product"}],"about":[{"href":"https:\/\/www.koro.net.pl\/fr\/wp-json\/wp\/v2\/types\/product"}],"wp:featuredmedia":[{"embeddable":true,"href":"https:\/\/www.koro.net.pl\/fr\/wp-json\/wp\/v2\/media\/9611"}],"wp:attachment":[{"href":"https:\/\/www.koro.net.pl\/fr\/wp-json\/wp\/v2\/media?parent=12342"}],"wp:term":[{"taxonomy":"product_brand","embeddable":true,"href":"https:\/\/www.koro.net.pl\/fr\/wp-json\/wp\/v2\/product_brand?post=12342"},{"taxonomy":"product_cat","embeddable":true,"href":"https:\/\/www.koro.net.pl\/fr\/wp-json\/wp\/v2\/product_cat?post=12342"},{"taxonomy":"product_tag","embeddable":true,"href":"https:\/\/www.koro.net.pl\/fr\/wp-json\/wp\/v2\/product_tag?post=12342"}],"curies":[{"name":"wp","href":"https:\/\/api.w.org\/{rel}","templated":true}]}}