{"id":12334,"date":"2023-05-17T15:10:23","date_gmt":"2023-05-17T13:10:23","guid":{"rendered":"https:\/\/www.koro.net.pl\/produkt\/extension-pour-scierie-cormak-e350\/"},"modified":"2023-05-17T15:10:23","modified_gmt":"2023-05-17T13:10:23","slug":"extension-pour-scierie-cormak-e350","status":"publish","type":"product","link":"https:\/\/www.koro.net.pl\/fr\/produkt\/extension-pour-scierie-cormak-e350\/","title":{"rendered":"Extension pour scierie CORMAK E350"},"content":{"rendered":"<p>Nous proposons une extension d\u2019origine pour la <a href=\"https:\/\/www.koro.net.pl\/fr\/produkty\/scieries-a-ruban\/\">scierie \u00e0 bande<\/a> Cormak E350, la longueur de l\u2019extension est de 1,5 m.<\/p>\n<ul>\n<li>Poids brut : 29 kg<\/li>\n<li>Poids net : 27 kg<\/li>\n<li>Largeur du paquet : 240 mm<\/li>\n<li>Longueur du paquet : 1,610 mm<\/li>\n<li>Hauteur du colis : 210 mm<\/li>\n<\/ul>\n","protected":false},"excerpt":{"rendered":"<p>Nous proposons une extension d\u2019origine pour la scierie \u00e0 bande Cormak E350, la longueur de l\u2019extension est de 1,5 m. Poids brut : 29 kg Poids net : 27 kg [&hellip;]<\/p>\n","protected":false},"featured_media":719,"template":"","meta":{"_acf_changed":false},"product_brand":[],"product_cat":[206,208],"product_tag":[],"class_list":{"0":"post-12334","1":"product","2":"type-product","3":"status-publish","4":"has-post-thumbnail","6":"product_cat-machines-et-equipements","7":"product_cat-scieries-a-ruban","9":"first","10":"outofstock","11":"taxable","12":"shipping-taxable","13":"purchasable","14":"product-type-simple"},"acf":[],"yoast_head":"<!-- This site is optimized with the Yoast SEO plugin v27.5 - https:\/\/yoast.com\/product\/yoast-seo-wordpress\/ -->\n<title>Extension pour la scierie \u00e0 bande Cormak E350 ; 1,5 m<\/title>\n<meta name=\"description\" content=\"Extension pour la scierie \u00e0 bande Cormak E350 de 1,5 m. Pi\u00e8ce d\u00e9tach\u00e9e d\u2019origine, assemblage facile. Parfait ajustement. D\u00e9couvrez notre offre et commandez en ligne !\" \/>\n<meta name=\"robots\" content=\"index, follow, max-snippet:-1, max-image-preview:large, max-video-preview:-1\" \/>\n<link rel=\"canonical\" href=\"https:\/\/www.koro.net.pl\/fr\/produkt\/extension-pour-scierie-cormak-e350\/\" \/>\n<meta property=\"og:locale\" content=\"fr_FR\" \/>\n<meta property=\"og:type\" content=\"article\" \/>\n<meta property=\"og:title\" content=\"Extension pour la scierie \u00e0 bande Cormak E350 ; 1,5 m\" \/>\n<meta property=\"og:description\" content=\"Extension pour la scierie \u00e0 bande Cormak E350 de 1,5 m. Pi\u00e8ce d\u00e9tach\u00e9e d\u2019origine, assemblage facile. Parfait ajustement. D\u00e9couvrez notre offre et commandez en ligne !\" \/>\n<meta property=\"og:url\" content=\"https:\/\/www.koro.net.pl\/fr\/produkt\/extension-pour-scierie-cormak-e350\/\" \/>\n<meta property=\"og:site_name\" content=\"Koronet\" \/>\n<meta property=\"og:image\" content=\"https:\/\/www.koro.net.pl\/wp-content\/uploads\/2023\/05\/Przedluzka-do-traka-CORMAK-E350.jpeg\" \/>\n\t<meta property=\"og:image:width\" content=\"1200\" \/>\n\t<meta property=\"og:image:height\" content=\"1103\" \/>\n\t<meta property=\"og:image:type\" content=\"image\/jpeg\" \/>\n<meta name=\"twitter:card\" content=\"summary_large_image\" \/>\n<script type=\"application\/ld+json\" class=\"yoast-schema-graph\">{\"@context\":\"https:\\\/\\\/schema.org\",\"@graph\":[{\"@type\":\"WebPage\",\"@id\":\"https:\\\/\\\/www.koro.net.pl\\\/fr\\\/produkt\\\/extension-pour-scierie-cormak-e350\\\/\",\"url\":\"https:\\\/\\\/www.koro.net.pl\\\/fr\\\/produkt\\\/extension-pour-scierie-cormak-e350\\\/\",\"name\":\"Extension pour la scierie \u00e0 bande Cormak E350 ; 1,5 m\",\"isPartOf\":{\"@id\":\"https:\\\/\\\/www.koro.net.pl\\\/fr\\\/#website\"},\"primaryImageOfPage\":{\"@id\":\"https:\\\/\\\/www.koro.net.pl\\\/fr\\\/produkt\\\/extension-pour-scierie-cormak-e350\\\/#primaryimage\"},\"image\":{\"@id\":\"https:\\\/\\\/www.koro.net.pl\\\/fr\\\/produkt\\\/extension-pour-scierie-cormak-e350\\\/#primaryimage\"},\"thumbnailUrl\":\"https:\\\/\\\/www.koro.net.pl\\\/wp-content\\\/uploads\\\/2023\\\/05\\\/Przedluzka-do-traka-CORMAK-E350.jpeg\",\"datePublished\":\"2023-05-17T13:10:23+00:00\",\"description\":\"Extension pour la scierie \u00e0 bande Cormak E350 de 1,5 m. Pi\u00e8ce d\u00e9tach\u00e9e d\u2019origine, assemblage facile. Parfait ajustement. D\u00e9couvrez notre offre et commandez en ligne !\",\"breadcrumb\":{\"@id\":\"https:\\\/\\\/www.koro.net.pl\\\/fr\\\/produkt\\\/extension-pour-scierie-cormak-e350\\\/#breadcrumb\"},\"inLanguage\":\"fr-FR\",\"potentialAction\":[{\"@type\":\"ReadAction\",\"target\":[\"https:\\\/\\\/www.koro.net.pl\\\/fr\\\/produkt\\\/extension-pour-scierie-cormak-e350\\\/\"]}]},{\"@type\":\"ImageObject\",\"inLanguage\":\"fr-FR\",\"@id\":\"https:\\\/\\\/www.koro.net.pl\\\/fr\\\/produkt\\\/extension-pour-scierie-cormak-e350\\\/#primaryimage\",\"url\":\"https:\\\/\\\/www.koro.net.pl\\\/wp-content\\\/uploads\\\/2023\\\/05\\\/Przedluzka-do-traka-CORMAK-E350.jpeg\",\"contentUrl\":\"https:\\\/\\\/www.koro.net.pl\\\/wp-content\\\/uploads\\\/2023\\\/05\\\/Przedluzka-do-traka-CORMAK-E350.jpeg\",\"width\":1200,\"height\":1103,\"caption\":\"Przed\u0142u\u017cenie do traka CORMAK E350\"},{\"@type\":\"BreadcrumbList\",\"@id\":\"https:\\\/\\\/www.koro.net.pl\\\/fr\\\/produkt\\\/extension-pour-scierie-cormak-e350\\\/#breadcrumb\",\"itemListElement\":[{\"@type\":\"ListItem\",\"position\":1,\"name\":\"Strona g\u0142\u00f3wna\",\"item\":\"https:\\\/\\\/www.koro.net.pl\\\/fr\\\/\"},{\"@type\":\"ListItem\",\"position\":2,\"name\":\"Extension pour scierie CORMAK E350\"}]},{\"@type\":\"WebSite\",\"@id\":\"https:\\\/\\\/www.koro.net.pl\\\/fr\\\/#website\",\"url\":\"https:\\\/\\\/www.koro.net.pl\\\/fr\\\/\",\"name\":\"Koronet\",\"description\":\"\",\"publisher\":{\"@id\":\"https:\\\/\\\/www.koro.net.pl\\\/fr\\\/#organization\"},\"potentialAction\":[{\"@type\":\"SearchAction\",\"target\":{\"@type\":\"EntryPoint\",\"urlTemplate\":\"https:\\\/\\\/www.koro.net.pl\\\/fr\\\/?s={search_term_string}\"},\"query-input\":{\"@type\":\"PropertyValueSpecification\",\"valueRequired\":true,\"valueName\":\"search_term_string\"}}],\"inLanguage\":\"fr-FR\"},{\"@type\":\"Organization\",\"@id\":\"https:\\\/\\\/www.koro.net.pl\\\/fr\\\/#organization\",\"name\":\"Koronet\",\"alternateName\":\"Koronet\",\"url\":\"https:\\\/\\\/www.koro.net.pl\\\/fr\\\/\",\"logo\":{\"@type\":\"ImageObject\",\"inLanguage\":\"fr-FR\",\"@id\":\"https:\\\/\\\/www.koro.net.pl\\\/fr\\\/#\\\/schema\\\/logo\\\/image\\\/\",\"url\":\"https:\\\/\\\/www.koro.net.pl\\\/wp-content\\\/uploads\\\/2025\\\/02\\\/Koronet-spolka-z-o.o.png\",\"contentUrl\":\"https:\\\/\\\/www.koro.net.pl\\\/wp-content\\\/uploads\\\/2025\\\/02\\\/Koronet-spolka-z-o.o.png\",\"width\":696,\"height\":696,\"caption\":\"Koronet\"},\"image\":{\"@id\":\"https:\\\/\\\/www.koro.net.pl\\\/fr\\\/#\\\/schema\\\/logo\\\/image\\\/\"}}]}<\/script>\n<!-- \/ Yoast SEO plugin. -->","yoast_head_json":{"title":"Extension pour la scierie \u00e0 bande Cormak E350 ; 1,5 m","description":"Extension pour la scierie \u00e0 bande Cormak E350 de 1,5 m. Pi\u00e8ce d\u00e9tach\u00e9e d\u2019origine, assemblage facile. Parfait ajustement. D\u00e9couvrez notre offre et commandez en ligne !","robots":{"index":"index","follow":"follow","max-snippet":"max-snippet:-1","max-image-preview":"max-image-preview:large","max-video-preview":"max-video-preview:-1"},"canonical":"https:\/\/www.koro.net.pl\/fr\/produkt\/extension-pour-scierie-cormak-e350\/","og_locale":"fr_FR","og_type":"article","og_title":"Extension pour la scierie \u00e0 bande Cormak E350 ; 1,5 m","og_description":"Extension pour la scierie \u00e0 bande Cormak E350 de 1,5 m. Pi\u00e8ce d\u00e9tach\u00e9e d\u2019origine, assemblage facile. Parfait ajustement. D\u00e9couvrez notre offre et commandez en ligne !","og_url":"https:\/\/www.koro.net.pl\/fr\/produkt\/extension-pour-scierie-cormak-e350\/","og_site_name":"Koronet","og_image":[{"width":1200,"height":1103,"url":"https:\/\/www.koro.net.pl\/wp-content\/uploads\/2023\/05\/Przedluzka-do-traka-CORMAK-E350.jpeg","type":"image\/jpeg"}],"twitter_card":"summary_large_image","schema":{"@context":"https:\/\/schema.org","@graph":[{"@type":"WebPage","@id":"https:\/\/www.koro.net.pl\/fr\/produkt\/extension-pour-scierie-cormak-e350\/","url":"https:\/\/www.koro.net.pl\/fr\/produkt\/extension-pour-scierie-cormak-e350\/","name":"Extension pour la scierie \u00e0 bande Cormak E350 ; 1,5 m","isPartOf":{"@id":"https:\/\/www.koro.net.pl\/fr\/#website"},"primaryImageOfPage":{"@id":"https:\/\/www.koro.net.pl\/fr\/produkt\/extension-pour-scierie-cormak-e350\/#primaryimage"},"image":{"@id":"https:\/\/www.koro.net.pl\/fr\/produkt\/extension-pour-scierie-cormak-e350\/#primaryimage"},"thumbnailUrl":"https:\/\/www.koro.net.pl\/wp-content\/uploads\/2023\/05\/Przedluzka-do-traka-CORMAK-E350.jpeg","datePublished":"2023-05-17T13:10:23+00:00","description":"Extension pour la scierie \u00e0 bande Cormak E350 de 1,5 m. Pi\u00e8ce d\u00e9tach\u00e9e d\u2019origine, assemblage facile. Parfait ajustement. D\u00e9couvrez notre offre et commandez en ligne !","breadcrumb":{"@id":"https:\/\/www.koro.net.pl\/fr\/produkt\/extension-pour-scierie-cormak-e350\/#breadcrumb"},"inLanguage":"fr-FR","potentialAction":[{"@type":"ReadAction","target":["https:\/\/www.koro.net.pl\/fr\/produkt\/extension-pour-scierie-cormak-e350\/"]}]},{"@type":"ImageObject","inLanguage":"fr-FR","@id":"https:\/\/www.koro.net.pl\/fr\/produkt\/extension-pour-scierie-cormak-e350\/#primaryimage","url":"https:\/\/www.koro.net.pl\/wp-content\/uploads\/2023\/05\/Przedluzka-do-traka-CORMAK-E350.jpeg","contentUrl":"https:\/\/www.koro.net.pl\/wp-content\/uploads\/2023\/05\/Przedluzka-do-traka-CORMAK-E350.jpeg","width":1200,"height":1103,"caption":"Przed\u0142u\u017cenie do traka CORMAK E350"},{"@type":"BreadcrumbList","@id":"https:\/\/www.koro.net.pl\/fr\/produkt\/extension-pour-scierie-cormak-e350\/#breadcrumb","itemListElement":[{"@type":"ListItem","position":1,"name":"Strona g\u0142\u00f3wna","item":"https:\/\/www.koro.net.pl\/fr\/"},{"@type":"ListItem","position":2,"name":"Extension pour scierie CORMAK E350"}]},{"@type":"WebSite","@id":"https:\/\/www.koro.net.pl\/fr\/#website","url":"https:\/\/www.koro.net.pl\/fr\/","name":"Koronet","description":"","publisher":{"@id":"https:\/\/www.koro.net.pl\/fr\/#organization"},"potentialAction":[{"@type":"SearchAction","target":{"@type":"EntryPoint","urlTemplate":"https:\/\/www.koro.net.pl\/fr\/?s={search_term_string}"},"query-input":{"@type":"PropertyValueSpecification","valueRequired":true,"valueName":"search_term_string"}}],"inLanguage":"fr-FR"},{"@type":"Organization","@id":"https:\/\/www.koro.net.pl\/fr\/#organization","name":"Koronet","alternateName":"Koronet","url":"https:\/\/www.koro.net.pl\/fr\/","logo":{"@type":"ImageObject","inLanguage":"fr-FR","@id":"https:\/\/www.koro.net.pl\/fr\/#\/schema\/logo\/image\/","url":"https:\/\/www.koro.net.pl\/wp-content\/uploads\/2025\/02\/Koronet-spolka-z-o.o.png","contentUrl":"https:\/\/www.koro.net.pl\/wp-content\/uploads\/2025\/02\/Koronet-spolka-z-o.o.png","width":696,"height":696,"caption":"Koronet"},"image":{"@id":"https:\/\/www.koro.net.pl\/fr\/#\/schema\/logo\/image\/"}}]}},"_links":{"self":[{"href":"https:\/\/www.koro.net.pl\/fr\/wp-json\/wp\/v2\/product\/12334","targetHints":{"allow":["GET"]}}],"collection":[{"href":"https:\/\/www.koro.net.pl\/fr\/wp-json\/wp\/v2\/product"}],"about":[{"href":"https:\/\/www.koro.net.pl\/fr\/wp-json\/wp\/v2\/types\/product"}],"wp:featuredmedia":[{"embeddable":true,"href":"https:\/\/www.koro.net.pl\/fr\/wp-json\/wp\/v2\/media\/719"}],"wp:attachment":[{"href":"https:\/\/www.koro.net.pl\/fr\/wp-json\/wp\/v2\/media?parent=12334"}],"wp:term":[{"taxonomy":"product_brand","embeddable":true,"href":"https:\/\/www.koro.net.pl\/fr\/wp-json\/wp\/v2\/product_brand?post=12334"},{"taxonomy":"product_cat","embeddable":true,"href":"https:\/\/www.koro.net.pl\/fr\/wp-json\/wp\/v2\/product_cat?post=12334"},{"taxonomy":"product_tag","embeddable":true,"href":"https:\/\/www.koro.net.pl\/fr\/wp-json\/wp\/v2\/product_tag?post=12334"}],"curies":[{"name":"wp","href":"https:\/\/api.w.org\/{rel}","templated":true}]}}