{"id":12321,"date":"2023-05-17T15:09:11","date_gmt":"2023-05-17T13:09:11","guid":{"rendered":"https:\/\/www.koro.net.pl\/produkt\/extension-pour-scierie-2-metres-cormak-e560-s560\/"},"modified":"2023-05-17T15:09:11","modified_gmt":"2023-05-17T13:09:11","slug":"extension-pour-scierie-2-metres-cormak-e560-s560","status":"publish","type":"product","link":"https:\/\/www.koro.net.pl\/fr\/produkt\/extension-pour-scierie-2-metres-cormak-e560-s560\/","title":{"rendered":"Extension pour scierie (2 m\u00e8tres) CORMAK E560, S560"},"content":{"rendered":"<p>Nous proposons <a href=\"https:\/\/www.koro.net.pl\/fr\/produkty\/scieries-a-ruban\/\">l\u2019extension originale pour la scierie \u00e0 ruban (2 m\u00e8tres)<\/a> Cormak E560 et S560.<\/p>\n<ul>\n<li><b>Poids brut :<\/b> 60 kg<\/li>\n<li><b>Poids net :<\/b> 50 kg<\/li>\n<li><b>Largeur du paquet :<\/b> 230 mm<\/li>\n<li><b>Longueur du paquet :<\/b> 2,200 mm<\/li>\n<li><b>Hauteur du paquet :<\/b> 220 mm<\/li>\n<\/ul>\n","protected":false},"excerpt":{"rendered":"<p>Nous proposons l\u2019extension originale pour la scierie \u00e0 ruban (2 m\u00e8tres) Cormak E560 et S560. Poids brut : 60 kg Poids net : 50 kg Largeur du paquet : 230 [&hellip;]<\/p>\n","protected":false},"featured_media":717,"template":"","meta":{"_acf_changed":false},"product_brand":[],"product_cat":[206,208],"product_tag":[],"class_list":{"0":"post-12321","1":"product","2":"type-product","3":"status-publish","4":"has-post-thumbnail","6":"product_cat-machines-et-equipements","7":"product_cat-scieries-a-ruban","8":"product_shipping_class-rubans","10":"first","11":"instock","12":"taxable","13":"shipping-taxable","14":"purchasable","15":"product-type-simple"},"acf":[],"yoast_head":"<!-- This site is optimized with the Yoast SEO plugin v27.5 - https:\/\/yoast.com\/product\/yoast-seo-wordpress\/ -->\n<title>Extension de scierie (2 m\u00e8tres) CORMAK E560, S560, accessoires<\/title>\n<meta name=\"description\" content=\"Rallonge pour la scierie \u00e0 bande Cormak E560\/S560 (2 m\u00e8tres) - la solution parfaite pour votre scierie. Pi\u00e8ce d\u00e9tach\u00e9e d\u2019origine, assemblage facile. Commandez d\u00e8s aujourd\u2019hui !\" \/>\n<meta name=\"robots\" content=\"index, follow, max-snippet:-1, max-image-preview:large, max-video-preview:-1\" \/>\n<link rel=\"canonical\" href=\"https:\/\/www.koro.net.pl\/fr\/produkt\/extension-pour-scierie-2-metres-cormak-e560-s560\/\" \/>\n<meta property=\"og:locale\" content=\"fr_FR\" \/>\n<meta property=\"og:type\" content=\"article\" \/>\n<meta property=\"og:title\" content=\"Extension de scierie (2 m\u00e8tres) CORMAK E560, S560, accessoires\" \/>\n<meta property=\"og:description\" content=\"Rallonge pour la scierie \u00e0 bande Cormak E560\/S560 (2 m\u00e8tres) - la solution parfaite pour votre scierie. Pi\u00e8ce d\u00e9tach\u00e9e d\u2019origine, assemblage facile. Commandez d\u00e8s aujourd\u2019hui !\" \/>\n<meta property=\"og:url\" content=\"https:\/\/www.koro.net.pl\/fr\/produkt\/extension-pour-scierie-2-metres-cormak-e560-s560\/\" \/>\n<meta property=\"og:site_name\" content=\"Koronet\" \/>\n<meta property=\"og:image\" content=\"https:\/\/www.koro.net.pl\/wp-content\/uploads\/2023\/05\/Przedluzka-do-traka-CORMAK-E560-i-S560-loze.jpeg\" \/>\n\t<meta property=\"og:image:width\" content=\"1200\" \/>\n\t<meta property=\"og:image:height\" content=\"1126\" \/>\n\t<meta property=\"og:image:type\" content=\"image\/jpeg\" \/>\n<meta name=\"twitter:card\" content=\"summary_large_image\" \/>\n<script type=\"application\/ld+json\" class=\"yoast-schema-graph\">{\"@context\":\"https:\\\/\\\/schema.org\",\"@graph\":[{\"@type\":\"WebPage\",\"@id\":\"https:\\\/\\\/www.koro.net.pl\\\/fr\\\/produkt\\\/extension-pour-scierie-2-metres-cormak-e560-s560\\\/\",\"url\":\"https:\\\/\\\/www.koro.net.pl\\\/fr\\\/produkt\\\/extension-pour-scierie-2-metres-cormak-e560-s560\\\/\",\"name\":\"Extension de scierie (2 m\u00e8tres) CORMAK E560, S560, accessoires\",\"isPartOf\":{\"@id\":\"https:\\\/\\\/www.koro.net.pl\\\/fr\\\/#website\"},\"primaryImageOfPage\":{\"@id\":\"https:\\\/\\\/www.koro.net.pl\\\/fr\\\/produkt\\\/extension-pour-scierie-2-metres-cormak-e560-s560\\\/#primaryimage\"},\"image\":{\"@id\":\"https:\\\/\\\/www.koro.net.pl\\\/fr\\\/produkt\\\/extension-pour-scierie-2-metres-cormak-e560-s560\\\/#primaryimage\"},\"thumbnailUrl\":\"https:\\\/\\\/www.koro.net.pl\\\/wp-content\\\/uploads\\\/2023\\\/05\\\/Przedluzka-do-traka-CORMAK-E560-i-S560-loze.jpeg\",\"datePublished\":\"2023-05-17T13:09:11+00:00\",\"description\":\"Rallonge pour la scierie \u00e0 bande Cormak E560\\\/S560 (2 m\u00e8tres) - la solution parfaite pour votre scierie. Pi\u00e8ce d\u00e9tach\u00e9e d\u2019origine, assemblage facile. Commandez d\u00e8s aujourd\u2019hui !\",\"breadcrumb\":{\"@id\":\"https:\\\/\\\/www.koro.net.pl\\\/fr\\\/produkt\\\/extension-pour-scierie-2-metres-cormak-e560-s560\\\/#breadcrumb\"},\"inLanguage\":\"fr-FR\",\"potentialAction\":[{\"@type\":\"ReadAction\",\"target\":[\"https:\\\/\\\/www.koro.net.pl\\\/fr\\\/produkt\\\/extension-pour-scierie-2-metres-cormak-e560-s560\\\/\"]}]},{\"@type\":\"ImageObject\",\"inLanguage\":\"fr-FR\",\"@id\":\"https:\\\/\\\/www.koro.net.pl\\\/fr\\\/produkt\\\/extension-pour-scierie-2-metres-cormak-e560-s560\\\/#primaryimage\",\"url\":\"https:\\\/\\\/www.koro.net.pl\\\/wp-content\\\/uploads\\\/2023\\\/05\\\/Przedluzka-do-traka-CORMAK-E560-i-S560-loze.jpeg\",\"contentUrl\":\"https:\\\/\\\/www.koro.net.pl\\\/wp-content\\\/uploads\\\/2023\\\/05\\\/Przedluzka-do-traka-CORMAK-E560-i-S560-loze.jpeg\",\"width\":1200,\"height\":1126,\"caption\":\"Przed\u0142u\u017cenie do traka (2 metry) CORMAK E560, S560\"},{\"@type\":\"BreadcrumbList\",\"@id\":\"https:\\\/\\\/www.koro.net.pl\\\/fr\\\/produkt\\\/extension-pour-scierie-2-metres-cormak-e560-s560\\\/#breadcrumb\",\"itemListElement\":[{\"@type\":\"ListItem\",\"position\":1,\"name\":\"Strona g\u0142\u00f3wna\",\"item\":\"https:\\\/\\\/www.koro.net.pl\\\/fr\\\/\"},{\"@type\":\"ListItem\",\"position\":2,\"name\":\"Machines et \u00e9quipements\",\"item\":\"https:\\\/\\\/www.koro.net.pl\\\/fr\\\/produkty\\\/machines-et-equipements\\\/\"},{\"@type\":\"ListItem\",\"position\":3,\"name\":\"Scieries \u00e0 ruban\",\"item\":\"https:\\\/\\\/www.koro.net.pl\\\/fr\\\/produkty\\\/scieries-a-ruban\\\/\"},{\"@type\":\"ListItem\",\"position\":4,\"name\":\"Extension pour scierie (2 m\u00e8tres) CORMAK E560, S560\"}]},{\"@type\":\"WebSite\",\"@id\":\"https:\\\/\\\/www.koro.net.pl\\\/fr\\\/#website\",\"url\":\"https:\\\/\\\/www.koro.net.pl\\\/fr\\\/\",\"name\":\"Koronet\",\"description\":\"\",\"publisher\":{\"@id\":\"https:\\\/\\\/www.koro.net.pl\\\/fr\\\/#organization\"},\"potentialAction\":[{\"@type\":\"SearchAction\",\"target\":{\"@type\":\"EntryPoint\",\"urlTemplate\":\"https:\\\/\\\/www.koro.net.pl\\\/fr\\\/?s={search_term_string}\"},\"query-input\":{\"@type\":\"PropertyValueSpecification\",\"valueRequired\":true,\"valueName\":\"search_term_string\"}}],\"inLanguage\":\"fr-FR\"},{\"@type\":\"Organization\",\"@id\":\"https:\\\/\\\/www.koro.net.pl\\\/fr\\\/#organization\",\"name\":\"Koronet\",\"alternateName\":\"Koronet\",\"url\":\"https:\\\/\\\/www.koro.net.pl\\\/fr\\\/\",\"logo\":{\"@type\":\"ImageObject\",\"inLanguage\":\"fr-FR\",\"@id\":\"https:\\\/\\\/www.koro.net.pl\\\/fr\\\/#\\\/schema\\\/logo\\\/image\\\/\",\"url\":\"https:\\\/\\\/www.koro.net.pl\\\/wp-content\\\/uploads\\\/2025\\\/02\\\/Koronet-spolka-z-o.o.png\",\"contentUrl\":\"https:\\\/\\\/www.koro.net.pl\\\/wp-content\\\/uploads\\\/2025\\\/02\\\/Koronet-spolka-z-o.o.png\",\"width\":696,\"height\":696,\"caption\":\"Koronet\"},\"image\":{\"@id\":\"https:\\\/\\\/www.koro.net.pl\\\/fr\\\/#\\\/schema\\\/logo\\\/image\\\/\"}}]}<\/script>\n<!-- \/ Yoast SEO plugin. -->","yoast_head_json":{"title":"Extension de scierie (2 m\u00e8tres) CORMAK E560, S560, accessoires","description":"Rallonge pour la scierie \u00e0 bande Cormak E560\/S560 (2 m\u00e8tres) - la solution parfaite pour votre scierie. Pi\u00e8ce d\u00e9tach\u00e9e d\u2019origine, assemblage facile. Commandez d\u00e8s aujourd\u2019hui !","robots":{"index":"index","follow":"follow","max-snippet":"max-snippet:-1","max-image-preview":"max-image-preview:large","max-video-preview":"max-video-preview:-1"},"canonical":"https:\/\/www.koro.net.pl\/fr\/produkt\/extension-pour-scierie-2-metres-cormak-e560-s560\/","og_locale":"fr_FR","og_type":"article","og_title":"Extension de scierie (2 m\u00e8tres) CORMAK E560, S560, accessoires","og_description":"Rallonge pour la scierie \u00e0 bande Cormak E560\/S560 (2 m\u00e8tres) - la solution parfaite pour votre scierie. Pi\u00e8ce d\u00e9tach\u00e9e d\u2019origine, assemblage facile. Commandez d\u00e8s aujourd\u2019hui !","og_url":"https:\/\/www.koro.net.pl\/fr\/produkt\/extension-pour-scierie-2-metres-cormak-e560-s560\/","og_site_name":"Koronet","og_image":[{"width":1200,"height":1126,"url":"https:\/\/www.koro.net.pl\/wp-content\/uploads\/2023\/05\/Przedluzka-do-traka-CORMAK-E560-i-S560-loze.jpeg","type":"image\/jpeg"}],"twitter_card":"summary_large_image","schema":{"@context":"https:\/\/schema.org","@graph":[{"@type":"WebPage","@id":"https:\/\/www.koro.net.pl\/fr\/produkt\/extension-pour-scierie-2-metres-cormak-e560-s560\/","url":"https:\/\/www.koro.net.pl\/fr\/produkt\/extension-pour-scierie-2-metres-cormak-e560-s560\/","name":"Extension de scierie (2 m\u00e8tres) CORMAK E560, S560, accessoires","isPartOf":{"@id":"https:\/\/www.koro.net.pl\/fr\/#website"},"primaryImageOfPage":{"@id":"https:\/\/www.koro.net.pl\/fr\/produkt\/extension-pour-scierie-2-metres-cormak-e560-s560\/#primaryimage"},"image":{"@id":"https:\/\/www.koro.net.pl\/fr\/produkt\/extension-pour-scierie-2-metres-cormak-e560-s560\/#primaryimage"},"thumbnailUrl":"https:\/\/www.koro.net.pl\/wp-content\/uploads\/2023\/05\/Przedluzka-do-traka-CORMAK-E560-i-S560-loze.jpeg","datePublished":"2023-05-17T13:09:11+00:00","description":"Rallonge pour la scierie \u00e0 bande Cormak E560\/S560 (2 m\u00e8tres) - la solution parfaite pour votre scierie. Pi\u00e8ce d\u00e9tach\u00e9e d\u2019origine, assemblage facile. Commandez d\u00e8s aujourd\u2019hui !","breadcrumb":{"@id":"https:\/\/www.koro.net.pl\/fr\/produkt\/extension-pour-scierie-2-metres-cormak-e560-s560\/#breadcrumb"},"inLanguage":"fr-FR","potentialAction":[{"@type":"ReadAction","target":["https:\/\/www.koro.net.pl\/fr\/produkt\/extension-pour-scierie-2-metres-cormak-e560-s560\/"]}]},{"@type":"ImageObject","inLanguage":"fr-FR","@id":"https:\/\/www.koro.net.pl\/fr\/produkt\/extension-pour-scierie-2-metres-cormak-e560-s560\/#primaryimage","url":"https:\/\/www.koro.net.pl\/wp-content\/uploads\/2023\/05\/Przedluzka-do-traka-CORMAK-E560-i-S560-loze.jpeg","contentUrl":"https:\/\/www.koro.net.pl\/wp-content\/uploads\/2023\/05\/Przedluzka-do-traka-CORMAK-E560-i-S560-loze.jpeg","width":1200,"height":1126,"caption":"Przed\u0142u\u017cenie do traka (2 metry) CORMAK E560, S560"},{"@type":"BreadcrumbList","@id":"https:\/\/www.koro.net.pl\/fr\/produkt\/extension-pour-scierie-2-metres-cormak-e560-s560\/#breadcrumb","itemListElement":[{"@type":"ListItem","position":1,"name":"Strona g\u0142\u00f3wna","item":"https:\/\/www.koro.net.pl\/fr\/"},{"@type":"ListItem","position":2,"name":"Machines et \u00e9quipements","item":"https:\/\/www.koro.net.pl\/fr\/produkty\/machines-et-equipements\/"},{"@type":"ListItem","position":3,"name":"Scieries \u00e0 ruban","item":"https:\/\/www.koro.net.pl\/fr\/produkty\/scieries-a-ruban\/"},{"@type":"ListItem","position":4,"name":"Extension pour scierie (2 m\u00e8tres) CORMAK E560, S560"}]},{"@type":"WebSite","@id":"https:\/\/www.koro.net.pl\/fr\/#website","url":"https:\/\/www.koro.net.pl\/fr\/","name":"Koronet","description":"","publisher":{"@id":"https:\/\/www.koro.net.pl\/fr\/#organization"},"potentialAction":[{"@type":"SearchAction","target":{"@type":"EntryPoint","urlTemplate":"https:\/\/www.koro.net.pl\/fr\/?s={search_term_string}"},"query-input":{"@type":"PropertyValueSpecification","valueRequired":true,"valueName":"search_term_string"}}],"inLanguage":"fr-FR"},{"@type":"Organization","@id":"https:\/\/www.koro.net.pl\/fr\/#organization","name":"Koronet","alternateName":"Koronet","url":"https:\/\/www.koro.net.pl\/fr\/","logo":{"@type":"ImageObject","inLanguage":"fr-FR","@id":"https:\/\/www.koro.net.pl\/fr\/#\/schema\/logo\/image\/","url":"https:\/\/www.koro.net.pl\/wp-content\/uploads\/2025\/02\/Koronet-spolka-z-o.o.png","contentUrl":"https:\/\/www.koro.net.pl\/wp-content\/uploads\/2025\/02\/Koronet-spolka-z-o.o.png","width":696,"height":696,"caption":"Koronet"},"image":{"@id":"https:\/\/www.koro.net.pl\/fr\/#\/schema\/logo\/image\/"}}]}},"_links":{"self":[{"href":"https:\/\/www.koro.net.pl\/fr\/wp-json\/wp\/v2\/product\/12321","targetHints":{"allow":["GET"]}}],"collection":[{"href":"https:\/\/www.koro.net.pl\/fr\/wp-json\/wp\/v2\/product"}],"about":[{"href":"https:\/\/www.koro.net.pl\/fr\/wp-json\/wp\/v2\/types\/product"}],"wp:featuredmedia":[{"embeddable":true,"href":"https:\/\/www.koro.net.pl\/fr\/wp-json\/wp\/v2\/media\/717"}],"wp:attachment":[{"href":"https:\/\/www.koro.net.pl\/fr\/wp-json\/wp\/v2\/media?parent=12321"}],"wp:term":[{"taxonomy":"product_brand","embeddable":true,"href":"https:\/\/www.koro.net.pl\/fr\/wp-json\/wp\/v2\/product_brand?post=12321"},{"taxonomy":"product_cat","embeddable":true,"href":"https:\/\/www.koro.net.pl\/fr\/wp-json\/wp\/v2\/product_cat?post=12321"},{"taxonomy":"product_tag","embeddable":true,"href":"https:\/\/www.koro.net.pl\/fr\/wp-json\/wp\/v2\/product_tag?post=12321"}],"curies":[{"name":"wp","href":"https:\/\/api.w.org\/{rel}","templated":true}]}}