{"id":12295,"date":"2023-05-05T17:03:48","date_gmt":"2023-05-05T15:03:48","guid":{"rendered":"https:\/\/www.koro.net.pl\/produkt\/scie-de-menuisier-rontgen-flexback\/"},"modified":"2023-05-05T17:03:48","modified_gmt":"2023-05-05T15:03:48","slug":"scie-de-menuisier-rontgen-flexback","status":"publish","type":"product","link":"https:\/\/www.koro.net.pl\/fr\/produkt\/scie-de-menuisier-rontgen-flexback\/","title":{"rendered":"Scie de menuisier R\u00d6NTGEN flexback"},"content":{"rendered":"<p>La ceinture carbone R\u00d6NTGEN RRR flexback poss\u00e8de une structure en carbure de 30 \u00e0 50 grains par \u03bcm\u00b2. La pr\u00e9sence de granules de carbure rend la ceinture r\u00e9sistante \u00e0 l\u2019abrasion et flexible en m\u00eame temps. <\/p>\n<p>La ceinture carbone Rontgen RRR flexback est recommand\u00e9e pour la d\u00e9coupe de mat\u00e9riaux faciles \u00e0 traiter, avec un accent particulier sur le bois et les panneaux \u00e0 base de bois.<\/p>\n<p>Application :<\/p>\n<p><img decoding=\"async\" class=\"alignnone size-full wp-image-337 lazyload\" data-src=\"https:\/\/sp-ao.shortpixel.ai\/client\/to_webp,q_lossy,ret_img,w_90,h_110\/https:\/\/www.koro.net.pl\/wp-content\/uploads\/2020\/03\/plytki2.png\" alt=\"\" width=\"90\" height=\"110\" src=\"data:image\/svg+xml;base64,PHN2ZyB3aWR0aD0iMSIgaGVpZ2h0PSIxIiB4bWxucz0iaHR0cDovL3d3dy53My5vcmcvMjAwMC9zdmciPjwvc3ZnPg==\" style=\"--smush-placeholder-width: 90px; --smush-placeholder-aspect-ratio: 90\/110;\"> <img decoding=\"async\" class=\"alignnone size-full wp-image-336 lazyload\" data-src=\"https:\/\/sp-ao.shortpixel.ai\/client\/to_webp,q_lossy,ret_img,w_90,h_110\/https:\/\/www.koro.net.pl\/wp-content\/uploads\/2020\/03\/solidneokragle2.png\" alt=\"\" width=\"90\" height=\"110\" src=\"data:image\/svg+xml;base64,PHN2ZyB3aWR0aD0iMSIgaGVpZ2h0PSIxIiB4bWxucz0iaHR0cDovL3d3dy53My5vcmcvMjAwMC9zdmciPjwvc3ZnPg==\" style=\"--smush-placeholder-width: 90px; --smush-placeholder-aspect-ratio: 90\/110;\"> <img decoding=\"async\" class=\"alignnone size-full wp-image-335 lazyload\" data-src=\"https:\/\/sp-ao.shortpixel.ai\/client\/to_webp,q_lossy,ret_img,w_90,h_110\/https:\/\/www.koro.net.pl\/wp-content\/uploads\/2020\/03\/male.png\" alt=\"\" width=\"90\" height=\"110\" src=\"data:image\/svg+xml;base64,PHN2ZyB3aWR0aD0iMSIgaGVpZ2h0PSIxIiB4bWxucz0iaHR0cDovL3d3dy53My5vcmcvMjAwMC9zdmciPjwvc3ZnPg==\" style=\"--smush-placeholder-width: 90px; --smush-placeholder-aspect-ratio: 90\/110;\"><\/p>\n<p><b>Dent par pouce :<\/b><\/p>\n<p>Une dent tordue<\/p>\n<p><img decoding=\"async\" class=\"alignnone size-full wp-image-342 lazyload\" data-src=\"https:\/\/sp-ao.shortpixel.ai\/client\/to_webp,q_lossy,ret_img,w_637,h_195\/https:\/\/www.koro.net.pl\/wp-content\/uploads\/2020\/03\/27.jpg\" data-sizes=\"(max-width: 637px) 100vw, 637px\" data-srcset=\"https:\/\/sp-ao.shortpixel.ai\/client\/to_webp,q_lossy,ret_img,w_637\/https:\/\/www.koro.net.pl\/wp-content\/uploads\/2020\/03\/27.jpg 637w, https:\/\/sp-ao.shortpixel.ai\/client\/to_webp,q_lossy,ret_img,w_600\/https:\/\/www.koro.net.pl\/wp-content\/uploads\/2020\/03\/27-600x184.jpg 600w, https:\/\/sp-ao.shortpixel.ai\/client\/to_webp,q_lossy,ret_img,w_300\/https:\/\/www.koro.net.pl\/wp-content\/uploads\/2020\/03\/27-300x92.jpg 300w\" alt=\"\" width=\"637\" height=\"195\" src=\"data:image\/svg+xml;base64,PHN2ZyB3aWR0aD0iMSIgaGVpZ2h0PSIxIiB4bWxucz0iaHR0cDovL3d3dy53My5vcmcvMjAwMC9zdmciPjwvc3ZnPg==\" style=\"--smush-placeholder-width: 637px; --smush-placeholder-aspect-ratio: 637\/195;\"><\/p>\n<p>Dent normale<\/p>\n<p><img decoding=\"async\" class=\"alignnone size-full wp-image-343 lazyload\" data-src=\"https:\/\/sp-ao.shortpixel.ai\/client\/to_webp,q_lossy,ret_img,w_637,h_195\/https:\/\/www.koro.net.pl\/wp-content\/uploads\/2020\/03\/28.jpg\" data-sizes=\"(max-width: 637px) 100vw, 637px\" data-srcset=\"https:\/\/sp-ao.shortpixel.ai\/client\/to_webp,q_lossy,ret_img,w_637\/https:\/\/www.koro.net.pl\/wp-content\/uploads\/2020\/03\/28.jpg 637w, https:\/\/sp-ao.shortpixel.ai\/client\/to_webp,q_lossy,ret_img,w_600\/https:\/\/www.koro.net.pl\/wp-content\/uploads\/2020\/03\/28-600x184.jpg 600w, https:\/\/sp-ao.shortpixel.ai\/client\/to_webp,q_lossy,ret_img,w_300\/https:\/\/www.koro.net.pl\/wp-content\/uploads\/2020\/03\/28-300x92.jpg 300w\" alt=\"\" width=\"637\" height=\"195\" src=\"data:image\/svg+xml;base64,PHN2ZyB3aWR0aD0iMSIgaGVpZ2h0PSIxIiB4bWxucz0iaHR0cDovL3d3dy53My5vcmcvMjAwMC9zdmciPjwvc3ZnPg==\" style=\"--smush-placeholder-width: 637px; --smush-placeholder-aspect-ratio: 637\/195;\"><\/p>\n","protected":false},"excerpt":{"rendered":"<p>La ceinture carbone R\u00d6NTGEN RRR flexback poss\u00e8de une structure en carbure de 30 \u00e0 50 grains par \u03bcm\u00b2. La pr\u00e9sence de granules de carbure rend la ceinture r\u00e9sistante \u00e0 l\u2019abrasion [&hellip;]<\/p>\n","protected":false},"featured_media":12296,"template":"","meta":{"_acf_changed":false},"product_brand":[],"product_cat":[214,220],"product_tag":[],"class_list":{"0":"post-12295","1":"product","2":"type-product","3":"status-publish","4":"has-post-thumbnail","6":"product_cat-scies-a-ruban-pour-menuiserie","7":"product_cat-scies-de-menuiserie-rontgen","8":"product_shipping_class-livraison-gratuite-scies-a-bois","10":"first","11":"instock","12":"taxable","13":"shipping-taxable","14":"purchasable","15":"product-type-variable"},"acf":[],"yoast_head":"<!-- This site is optimized with the Yoast SEO plugin v27.5 - https:\/\/yoast.com\/product\/yoast-seo-wordpress\/ -->\n<title>Scie de menuisier R\u00d6NTGEN flexback - Koronet<\/title>\n<meta name=\"description\" content=\"Scie de menuisier R\u00d6NTGEN flexback - kup teraz w Koronet \u27a4 Szeroka gama pi\u0142, narz\u0119dzi skrawaj\u0105cych i innych \u2705. Zapraszamy!\" \/>\n<meta name=\"robots\" content=\"noindex, follow\" \/>\n<meta property=\"og:locale\" content=\"fr_FR\" \/>\n<meta property=\"og:type\" content=\"article\" \/>\n<meta property=\"og:title\" content=\"Scie de menuisier R\u00d6NTGEN flexback - Koronet\" \/>\n<meta property=\"og:description\" content=\"Scie de menuisier R\u00d6NTGEN flexback - kup teraz w Koronet \u27a4 Szeroka gama pi\u0142, narz\u0119dzi skrawaj\u0105cych i innych \u2705. Zapraszamy!\" \/>\n<meta property=\"og:url\" content=\"https:\/\/www.koro.net.pl\/fr\/produkt\/scie-de-menuisier-rontgen-flexback\/\" \/>\n<meta property=\"og:site_name\" content=\"Koronet\" \/>\n<meta property=\"og:image\" content=\"https:\/\/www.koro.net.pl\/wp-content\/uploads\/2023\/05\/stolarska-rrr-1.jpg\" \/>\n\t<meta property=\"og:image:width\" content=\"600\" \/>\n\t<meta property=\"og:image:height\" content=\"600\" \/>\n\t<meta property=\"og:image:type\" content=\"image\/jpeg\" \/>\n<meta name=\"twitter:card\" content=\"summary_large_image\" \/>\n<script type=\"application\/ld+json\" class=\"yoast-schema-graph\">{\"@context\":\"https:\\\/\\\/schema.org\",\"@graph\":[{\"@type\":\"WebPage\",\"@id\":\"https:\\\/\\\/www.koro.net.pl\\\/fr\\\/produkt\\\/scie-de-menuisier-rontgen-flexback\\\/\",\"url\":\"https:\\\/\\\/www.koro.net.pl\\\/fr\\\/produkt\\\/scie-de-menuisier-rontgen-flexback\\\/\",\"name\":\"Scie de menuisier R\u00d6NTGEN flexback - Koronet\",\"isPartOf\":{\"@id\":\"https:\\\/\\\/www.koro.net.pl\\\/fr\\\/#website\"},\"primaryImageOfPage\":{\"@id\":\"https:\\\/\\\/www.koro.net.pl\\\/fr\\\/produkt\\\/scie-de-menuisier-rontgen-flexback\\\/#primaryimage\"},\"image\":{\"@id\":\"https:\\\/\\\/www.koro.net.pl\\\/fr\\\/produkt\\\/scie-de-menuisier-rontgen-flexback\\\/#primaryimage\"},\"thumbnailUrl\":\"https:\\\/\\\/www.koro.net.pl\\\/wp-content\\\/uploads\\\/2023\\\/05\\\/stolarska-rrr-1.jpg\",\"datePublished\":\"2023-05-05T15:03:48+00:00\",\"description\":\"Scie de menuisier R\u00d6NTGEN flexback - kup teraz w Koronet \u27a4 Szeroka gama pi\u0142, narz\u0119dzi skrawaj\u0105cych i innych \u2705. Zapraszamy!\",\"breadcrumb\":{\"@id\":\"https:\\\/\\\/www.koro.net.pl\\\/fr\\\/produkt\\\/scie-de-menuisier-rontgen-flexback\\\/#breadcrumb\"},\"inLanguage\":\"fr-FR\",\"potentialAction\":[{\"@type\":\"ReadAction\",\"target\":[\"https:\\\/\\\/www.koro.net.pl\\\/fr\\\/produkt\\\/scie-de-menuisier-rontgen-flexback\\\/\"]}]},{\"@type\":\"ImageObject\",\"inLanguage\":\"fr-FR\",\"@id\":\"https:\\\/\\\/www.koro.net.pl\\\/fr\\\/produkt\\\/scie-de-menuisier-rontgen-flexback\\\/#primaryimage\",\"url\":\"https:\\\/\\\/www.koro.net.pl\\\/wp-content\\\/uploads\\\/2023\\\/05\\\/stolarska-rrr-1.jpg\",\"contentUrl\":\"https:\\\/\\\/www.koro.net.pl\\\/wp-content\\\/uploads\\\/2023\\\/05\\\/stolarska-rrr-1.jpg\",\"width\":600,\"height\":600},{\"@type\":\"BreadcrumbList\",\"@id\":\"https:\\\/\\\/www.koro.net.pl\\\/fr\\\/produkt\\\/scie-de-menuisier-rontgen-flexback\\\/#breadcrumb\",\"itemListElement\":[{\"@type\":\"ListItem\",\"position\":1,\"name\":\"Strona g\u0142\u00f3wna\",\"item\":\"https:\\\/\\\/www.koro.net.pl\\\/fr\\\/\"},{\"@type\":\"ListItem\",\"position\":2,\"name\":\"Scies \u00e0 ruban pour menuiserie\",\"item\":\"https:\\\/\\\/www.koro.net.pl\\\/fr\\\/produkty\\\/scies-a-ruban-pour-menuiserie\\\/\"},{\"@type\":\"ListItem\",\"position\":3,\"name\":\"Scies de menuiserie R\u00d6NTGEN\",\"item\":\"https:\\\/\\\/www.koro.net.pl\\\/fr\\\/produkty\\\/scies-de-menuiserie-rontgen\\\/\"},{\"@type\":\"ListItem\",\"position\":4,\"name\":\"Scie de menuisier R\u00d6NTGEN flexback\"}]},{\"@type\":\"WebSite\",\"@id\":\"https:\\\/\\\/www.koro.net.pl\\\/fr\\\/#website\",\"url\":\"https:\\\/\\\/www.koro.net.pl\\\/fr\\\/\",\"name\":\"Koronet\",\"description\":\"\",\"publisher\":{\"@id\":\"https:\\\/\\\/www.koro.net.pl\\\/fr\\\/#organization\"},\"potentialAction\":[{\"@type\":\"SearchAction\",\"target\":{\"@type\":\"EntryPoint\",\"urlTemplate\":\"https:\\\/\\\/www.koro.net.pl\\\/fr\\\/?s={search_term_string}\"},\"query-input\":{\"@type\":\"PropertyValueSpecification\",\"valueRequired\":true,\"valueName\":\"search_term_string\"}}],\"inLanguage\":\"fr-FR\"},{\"@type\":\"Organization\",\"@id\":\"https:\\\/\\\/www.koro.net.pl\\\/fr\\\/#organization\",\"name\":\"Koronet\",\"alternateName\":\"Koronet\",\"url\":\"https:\\\/\\\/www.koro.net.pl\\\/fr\\\/\",\"logo\":{\"@type\":\"ImageObject\",\"inLanguage\":\"fr-FR\",\"@id\":\"https:\\\/\\\/www.koro.net.pl\\\/fr\\\/#\\\/schema\\\/logo\\\/image\\\/\",\"url\":\"https:\\\/\\\/www.koro.net.pl\\\/wp-content\\\/uploads\\\/2025\\\/02\\\/Koronet-spolka-z-o.o.png\",\"contentUrl\":\"https:\\\/\\\/www.koro.net.pl\\\/wp-content\\\/uploads\\\/2025\\\/02\\\/Koronet-spolka-z-o.o.png\",\"width\":696,\"height\":696,\"caption\":\"Koronet\"},\"image\":{\"@id\":\"https:\\\/\\\/www.koro.net.pl\\\/fr\\\/#\\\/schema\\\/logo\\\/image\\\/\"}}]}<\/script>\n<!-- \/ Yoast SEO plugin. -->","yoast_head_json":{"title":"Scie de menuisier R\u00d6NTGEN flexback - Koronet","description":"Scie de menuisier R\u00d6NTGEN flexback - kup teraz w Koronet \u27a4 Szeroka gama pi\u0142, narz\u0119dzi skrawaj\u0105cych i innych \u2705. Zapraszamy!","robots":{"index":"noindex","follow":"follow"},"og_locale":"fr_FR","og_type":"article","og_title":"Scie de menuisier R\u00d6NTGEN flexback - Koronet","og_description":"Scie de menuisier R\u00d6NTGEN flexback - kup teraz w Koronet \u27a4 Szeroka gama pi\u0142, narz\u0119dzi skrawaj\u0105cych i innych \u2705. Zapraszamy!","og_url":"https:\/\/www.koro.net.pl\/fr\/produkt\/scie-de-menuisier-rontgen-flexback\/","og_site_name":"Koronet","og_image":[{"width":600,"height":600,"url":"https:\/\/www.koro.net.pl\/wp-content\/uploads\/2023\/05\/stolarska-rrr-1.jpg","type":"image\/jpeg"}],"twitter_card":"summary_large_image","schema":{"@context":"https:\/\/schema.org","@graph":[{"@type":"WebPage","@id":"https:\/\/www.koro.net.pl\/fr\/produkt\/scie-de-menuisier-rontgen-flexback\/","url":"https:\/\/www.koro.net.pl\/fr\/produkt\/scie-de-menuisier-rontgen-flexback\/","name":"Scie de menuisier R\u00d6NTGEN flexback - Koronet","isPartOf":{"@id":"https:\/\/www.koro.net.pl\/fr\/#website"},"primaryImageOfPage":{"@id":"https:\/\/www.koro.net.pl\/fr\/produkt\/scie-de-menuisier-rontgen-flexback\/#primaryimage"},"image":{"@id":"https:\/\/www.koro.net.pl\/fr\/produkt\/scie-de-menuisier-rontgen-flexback\/#primaryimage"},"thumbnailUrl":"https:\/\/www.koro.net.pl\/wp-content\/uploads\/2023\/05\/stolarska-rrr-1.jpg","datePublished":"2023-05-05T15:03:48+00:00","description":"Scie de menuisier R\u00d6NTGEN flexback - kup teraz w Koronet \u27a4 Szeroka gama pi\u0142, narz\u0119dzi skrawaj\u0105cych i innych \u2705. Zapraszamy!","breadcrumb":{"@id":"https:\/\/www.koro.net.pl\/fr\/produkt\/scie-de-menuisier-rontgen-flexback\/#breadcrumb"},"inLanguage":"fr-FR","potentialAction":[{"@type":"ReadAction","target":["https:\/\/www.koro.net.pl\/fr\/produkt\/scie-de-menuisier-rontgen-flexback\/"]}]},{"@type":"ImageObject","inLanguage":"fr-FR","@id":"https:\/\/www.koro.net.pl\/fr\/produkt\/scie-de-menuisier-rontgen-flexback\/#primaryimage","url":"https:\/\/www.koro.net.pl\/wp-content\/uploads\/2023\/05\/stolarska-rrr-1.jpg","contentUrl":"https:\/\/www.koro.net.pl\/wp-content\/uploads\/2023\/05\/stolarska-rrr-1.jpg","width":600,"height":600},{"@type":"BreadcrumbList","@id":"https:\/\/www.koro.net.pl\/fr\/produkt\/scie-de-menuisier-rontgen-flexback\/#breadcrumb","itemListElement":[{"@type":"ListItem","position":1,"name":"Strona g\u0142\u00f3wna","item":"https:\/\/www.koro.net.pl\/fr\/"},{"@type":"ListItem","position":2,"name":"Scies \u00e0 ruban pour menuiserie","item":"https:\/\/www.koro.net.pl\/fr\/produkty\/scies-a-ruban-pour-menuiserie\/"},{"@type":"ListItem","position":3,"name":"Scies de menuiserie R\u00d6NTGEN","item":"https:\/\/www.koro.net.pl\/fr\/produkty\/scies-de-menuiserie-rontgen\/"},{"@type":"ListItem","position":4,"name":"Scie de menuisier R\u00d6NTGEN flexback"}]},{"@type":"WebSite","@id":"https:\/\/www.koro.net.pl\/fr\/#website","url":"https:\/\/www.koro.net.pl\/fr\/","name":"Koronet","description":"","publisher":{"@id":"https:\/\/www.koro.net.pl\/fr\/#organization"},"potentialAction":[{"@type":"SearchAction","target":{"@type":"EntryPoint","urlTemplate":"https:\/\/www.koro.net.pl\/fr\/?s={search_term_string}"},"query-input":{"@type":"PropertyValueSpecification","valueRequired":true,"valueName":"search_term_string"}}],"inLanguage":"fr-FR"},{"@type":"Organization","@id":"https:\/\/www.koro.net.pl\/fr\/#organization","name":"Koronet","alternateName":"Koronet","url":"https:\/\/www.koro.net.pl\/fr\/","logo":{"@type":"ImageObject","inLanguage":"fr-FR","@id":"https:\/\/www.koro.net.pl\/fr\/#\/schema\/logo\/image\/","url":"https:\/\/www.koro.net.pl\/wp-content\/uploads\/2025\/02\/Koronet-spolka-z-o.o.png","contentUrl":"https:\/\/www.koro.net.pl\/wp-content\/uploads\/2025\/02\/Koronet-spolka-z-o.o.png","width":696,"height":696,"caption":"Koronet"},"image":{"@id":"https:\/\/www.koro.net.pl\/fr\/#\/schema\/logo\/image\/"}}]}},"_links":{"self":[{"href":"https:\/\/www.koro.net.pl\/fr\/wp-json\/wp\/v2\/product\/12295","targetHints":{"allow":["GET"]}}],"collection":[{"href":"https:\/\/www.koro.net.pl\/fr\/wp-json\/wp\/v2\/product"}],"about":[{"href":"https:\/\/www.koro.net.pl\/fr\/wp-json\/wp\/v2\/types\/product"}],"wp:featuredmedia":[{"embeddable":true,"href":"https:\/\/www.koro.net.pl\/fr\/wp-json\/wp\/v2\/media\/12296"}],"wp:attachment":[{"href":"https:\/\/www.koro.net.pl\/fr\/wp-json\/wp\/v2\/media?parent=12295"}],"wp:term":[{"taxonomy":"product_brand","embeddable":true,"href":"https:\/\/www.koro.net.pl\/fr\/wp-json\/wp\/v2\/product_brand?post=12295"},{"taxonomy":"product_cat","embeddable":true,"href":"https:\/\/www.koro.net.pl\/fr\/wp-json\/wp\/v2\/product_cat?post=12295"},{"taxonomy":"product_tag","embeddable":true,"href":"https:\/\/www.koro.net.pl\/fr\/wp-json\/wp\/v2\/product_tag?post=12295"}],"curies":[{"name":"wp","href":"https:\/\/api.w.org\/{rel}","templated":true}]}}