{"id":12288,"date":"2023-05-16T12:02:07","date_gmt":"2023-05-16T10:02:07","guid":{"rendered":"https:\/\/www.koro.net.pl\/produkt\/alereuse-a-scie-a-ruban-manuel\/"},"modified":"2023-05-16T12:02:07","modified_gmt":"2023-05-16T10:02:07","slug":"alereuse-a-scie-a-ruban-manuel","status":"publish","type":"product","link":"https:\/\/www.koro.net.pl\/fr\/produkt\/alereuse-a-scie-a-ruban-manuel\/","title":{"rendered":"Al\u00e9reuse \u00e0 scie \u00e0 ruban &#8211; Manuel"},"content":{"rendered":"<p><a href=\"https:\/\/www.koro.net.pl\/fr\/produkty\/spinners\/\">L\u2019al\u00e9reur \u00e0 scie \u00e0 ruban est con\u00e7u pour ouvrir rapidement et facilement les dents des scies \u00e0 ruban<\/a><strong>.<\/strong><\/p>\n<p>L\u2019ouverture des dents se fait manuellement en appuyant sur le levier, et lors du mouvement inverse, la scie est d\u00e9plac\u00e9e vers les dents suivantes.<\/p>\n<p>Selon le type de scie, nous d\u00e9finissons la m\u00e9thode et la taille de l\u2019ouverture, par exemple dans les scieries, nous avons configur\u00e9 une dent droite et deux dents ouvertes. Dans un tel cycle, le d\u00e9tacheur ouvre simultan\u00e9ment deux dents et en laisse passer une. <\/p>\n<p>Distributeur de scies \u00e0 bande RPT-60<\/p>\n<p>L\u2019al\u00e9reuse est con\u00e7ue pour ouvrir rapidement et facilement les dents des scies \u00e0 ruban. L\u2019ouverture des dents se fait manuellement en appuyant sur le levier, et lors du mouvement inverse, la scie est d\u00e9plac\u00e9e vers les dents suivantes. Selon le type de scie, nous d\u00e9finissons la m\u00e9thode et la taille de l\u2019ouverture, par exemple dans les scies \u00e0 ruban, nous fixons la disposition d\u2019une dent droite et de deux dents ouvertes. Dans un tel cycle, le d\u00e9tacheur ouvre simultan\u00e9ment deux dents et en laisse passer une.   <\/p>\n<p>RPT-60 sans support<\/p>\n<p>RPT-60 avec support<\/p>\n<p>Ouverture jusqu\u2019\u00e0 1,0 mm par c\u00f4t\u00e9<\/p>\n<p>Pr\u00e9cision d\u2019ouverture +\/- 0,05 mm<\/p>\n<p>Largeur de scie 20\u00f760 mm<\/p>\n<p>Pas de la dent 19\u00f730 mm<\/p>\n<p>Hauteur de la dent 4\u00f710 mm<\/p>\n<p>\u00c9paisseur de la scie 0,8\u00f71,25 mm<\/p>\n<p>Poids avec support : 50 kg ; sans base : 27 kg<\/p>\n<p><strong>Avez-vous des questions ? Appelez le num\u00e9ro ; 609-939-822 <\/strong><\/p>\n","protected":false},"excerpt":{"rendered":"<p>L\u2019al\u00e9reur \u00e0 scie \u00e0 ruban est con\u00e7u pour ouvrir rapidement et facilement les dents des scies \u00e0 ruban. L\u2019ouverture des dents se fait manuellement en appuyant sur le levier, et [&hellip;]<\/p>\n","protected":false},"featured_media":3248,"template":"","meta":{"_acf_changed":false},"product_brand":[],"product_cat":[206,219],"product_tag":[],"class_list":{"0":"post-12288","1":"product","2":"type-product","3":"status-publish","4":"has-post-thumbnail","6":"product_cat-machines-et-equipements","7":"product_cat-spinners","9":"first","10":"instock","11":"taxable","12":"shipping-taxable","13":"purchasable","14":"product-type-simple"},"acf":[],"yoast_head":"<!-- This site is optimized with the Yoast SEO plugin v27.5 - https:\/\/yoast.com\/product\/yoast-seo-wordpress\/ -->\n<title>Scie \u00e0 bande manuelle al\u00e9reuse RPT-60<\/title>\n<meta name=\"description\" content=\"Scie \u00e0 bande manuelle al\u00e9m\u00e8re RPT-60. Ouverture rapide et facile des dents. R\u00e9glage pr\u00e9cis, fonctionnement efficace. Regardez l\u2019offre !\" \/>\n<meta name=\"robots\" content=\"index, follow, max-snippet:-1, max-image-preview:large, max-video-preview:-1\" \/>\n<link rel=\"canonical\" href=\"https:\/\/www.koro.net.pl\/fr\/produkt\/alereuse-a-scie-a-ruban-manuel\/\" \/>\n<meta property=\"og:locale\" content=\"fr_FR\" \/>\n<meta property=\"og:type\" content=\"article\" \/>\n<meta property=\"og:title\" content=\"Scie \u00e0 bande manuelle al\u00e9reuse RPT-60\" \/>\n<meta property=\"og:description\" content=\"Scie \u00e0 bande manuelle al\u00e9m\u00e8re RPT-60. Ouverture rapide et facile des dents. R\u00e9glage pr\u00e9cis, fonctionnement efficace. Regardez l\u2019offre !\" \/>\n<meta property=\"og:url\" content=\"https:\/\/www.koro.net.pl\/fr\/produkt\/alereuse-a-scie-a-ruban-manuel\/\" \/>\n<meta property=\"og:site_name\" content=\"Koronet\" \/>\n<meta property=\"og:image\" content=\"https:\/\/www.koro.net.pl\/wp-content\/uploads\/2023\/05\/rozwierak.jpg\" \/>\n\t<meta property=\"og:image:width\" content=\"800\" \/>\n\t<meta property=\"og:image:height\" content=\"995\" \/>\n\t<meta property=\"og:image:type\" content=\"image\/jpeg\" \/>\n<meta name=\"twitter:card\" content=\"summary_large_image\" \/>\n<meta name=\"twitter:label1\" content=\"Dur\u00e9e de lecture estim\u00e9e\" \/>\n\t<meta name=\"twitter:data1\" content=\"1 minute\" \/>\n<script type=\"application\/ld+json\" class=\"yoast-schema-graph\">{\"@context\":\"https:\\\/\\\/schema.org\",\"@graph\":[{\"@type\":\"WebPage\",\"@id\":\"https:\\\/\\\/www.koro.net.pl\\\/fr\\\/produkt\\\/alereuse-a-scie-a-ruban-manuel\\\/\",\"url\":\"https:\\\/\\\/www.koro.net.pl\\\/fr\\\/produkt\\\/alereuse-a-scie-a-ruban-manuel\\\/\",\"name\":\"Scie \u00e0 bande manuelle al\u00e9reuse RPT-60\",\"isPartOf\":{\"@id\":\"https:\\\/\\\/www.koro.net.pl\\\/fr\\\/#website\"},\"primaryImageOfPage\":{\"@id\":\"https:\\\/\\\/www.koro.net.pl\\\/fr\\\/produkt\\\/alereuse-a-scie-a-ruban-manuel\\\/#primaryimage\"},\"image\":{\"@id\":\"https:\\\/\\\/www.koro.net.pl\\\/fr\\\/produkt\\\/alereuse-a-scie-a-ruban-manuel\\\/#primaryimage\"},\"thumbnailUrl\":\"https:\\\/\\\/www.koro.net.pl\\\/wp-content\\\/uploads\\\/2023\\\/05\\\/rozwierak.jpg\",\"datePublished\":\"2023-05-16T10:02:07+00:00\",\"description\":\"Scie \u00e0 bande manuelle al\u00e9m\u00e8re RPT-60. Ouverture rapide et facile des dents. R\u00e9glage pr\u00e9cis, fonctionnement efficace. Regardez l\u2019offre !\",\"breadcrumb\":{\"@id\":\"https:\\\/\\\/www.koro.net.pl\\\/fr\\\/produkt\\\/alereuse-a-scie-a-ruban-manuel\\\/#breadcrumb\"},\"inLanguage\":\"fr-FR\",\"potentialAction\":[{\"@type\":\"ReadAction\",\"target\":[\"https:\\\/\\\/www.koro.net.pl\\\/fr\\\/produkt\\\/alereuse-a-scie-a-ruban-manuel\\\/\"]}]},{\"@type\":\"ImageObject\",\"inLanguage\":\"fr-FR\",\"@id\":\"https:\\\/\\\/www.koro.net.pl\\\/fr\\\/produkt\\\/alereuse-a-scie-a-ruban-manuel\\\/#primaryimage\",\"url\":\"https:\\\/\\\/www.koro.net.pl\\\/wp-content\\\/uploads\\\/2023\\\/05\\\/rozwierak.jpg\",\"contentUrl\":\"https:\\\/\\\/www.koro.net.pl\\\/wp-content\\\/uploads\\\/2023\\\/05\\\/rozwierak.jpg\",\"width\":800,\"height\":995,\"caption\":\"Rozwierak pi\u0142 ta\u015bmowych - R\u0119czny\"},{\"@type\":\"BreadcrumbList\",\"@id\":\"https:\\\/\\\/www.koro.net.pl\\\/fr\\\/produkt\\\/alereuse-a-scie-a-ruban-manuel\\\/#breadcrumb\",\"itemListElement\":[{\"@type\":\"ListItem\",\"position\":1,\"name\":\"Strona g\u0142\u00f3wna\",\"item\":\"https:\\\/\\\/www.koro.net.pl\\\/fr\\\/\"},{\"@type\":\"ListItem\",\"position\":2,\"name\":\"Machines et \u00e9quipements\",\"item\":\"https:\\\/\\\/www.koro.net.pl\\\/fr\\\/produkty\\\/machines-et-equipements\\\/\"},{\"@type\":\"ListItem\",\"position\":3,\"name\":\"Spinners\",\"item\":\"https:\\\/\\\/www.koro.net.pl\\\/fr\\\/produkty\\\/spinners\\\/\"},{\"@type\":\"ListItem\",\"position\":4,\"name\":\"Al\u00e9reuse \u00e0 scie \u00e0 ruban &#8211; Manuel\"}]},{\"@type\":\"WebSite\",\"@id\":\"https:\\\/\\\/www.koro.net.pl\\\/fr\\\/#website\",\"url\":\"https:\\\/\\\/www.koro.net.pl\\\/fr\\\/\",\"name\":\"Koronet\",\"description\":\"\",\"publisher\":{\"@id\":\"https:\\\/\\\/www.koro.net.pl\\\/fr\\\/#organization\"},\"potentialAction\":[{\"@type\":\"SearchAction\",\"target\":{\"@type\":\"EntryPoint\",\"urlTemplate\":\"https:\\\/\\\/www.koro.net.pl\\\/fr\\\/?s={search_term_string}\"},\"query-input\":{\"@type\":\"PropertyValueSpecification\",\"valueRequired\":true,\"valueName\":\"search_term_string\"}}],\"inLanguage\":\"fr-FR\"},{\"@type\":\"Organization\",\"@id\":\"https:\\\/\\\/www.koro.net.pl\\\/fr\\\/#organization\",\"name\":\"Koronet\",\"alternateName\":\"Koronet\",\"url\":\"https:\\\/\\\/www.koro.net.pl\\\/fr\\\/\",\"logo\":{\"@type\":\"ImageObject\",\"inLanguage\":\"fr-FR\",\"@id\":\"https:\\\/\\\/www.koro.net.pl\\\/fr\\\/#\\\/schema\\\/logo\\\/image\\\/\",\"url\":\"https:\\\/\\\/www.koro.net.pl\\\/wp-content\\\/uploads\\\/2025\\\/02\\\/Koronet-spolka-z-o.o.png\",\"contentUrl\":\"https:\\\/\\\/www.koro.net.pl\\\/wp-content\\\/uploads\\\/2025\\\/02\\\/Koronet-spolka-z-o.o.png\",\"width\":696,\"height\":696,\"caption\":\"Koronet\"},\"image\":{\"@id\":\"https:\\\/\\\/www.koro.net.pl\\\/fr\\\/#\\\/schema\\\/logo\\\/image\\\/\"}}]}<\/script>\n<!-- \/ Yoast SEO plugin. -->","yoast_head_json":{"title":"Scie \u00e0 bande manuelle al\u00e9reuse RPT-60","description":"Scie \u00e0 bande manuelle al\u00e9m\u00e8re RPT-60. Ouverture rapide et facile des dents. R\u00e9glage pr\u00e9cis, fonctionnement efficace. Regardez l\u2019offre !","robots":{"index":"index","follow":"follow","max-snippet":"max-snippet:-1","max-image-preview":"max-image-preview:large","max-video-preview":"max-video-preview:-1"},"canonical":"https:\/\/www.koro.net.pl\/fr\/produkt\/alereuse-a-scie-a-ruban-manuel\/","og_locale":"fr_FR","og_type":"article","og_title":"Scie \u00e0 bande manuelle al\u00e9reuse RPT-60","og_description":"Scie \u00e0 bande manuelle al\u00e9m\u00e8re RPT-60. Ouverture rapide et facile des dents. R\u00e9glage pr\u00e9cis, fonctionnement efficace. Regardez l\u2019offre !","og_url":"https:\/\/www.koro.net.pl\/fr\/produkt\/alereuse-a-scie-a-ruban-manuel\/","og_site_name":"Koronet","og_image":[{"width":800,"height":995,"url":"https:\/\/www.koro.net.pl\/wp-content\/uploads\/2023\/05\/rozwierak.jpg","type":"image\/jpeg"}],"twitter_card":"summary_large_image","twitter_misc":{"Dur\u00e9e de lecture estim\u00e9e":"1 minute"},"schema":{"@context":"https:\/\/schema.org","@graph":[{"@type":"WebPage","@id":"https:\/\/www.koro.net.pl\/fr\/produkt\/alereuse-a-scie-a-ruban-manuel\/","url":"https:\/\/www.koro.net.pl\/fr\/produkt\/alereuse-a-scie-a-ruban-manuel\/","name":"Scie \u00e0 bande manuelle al\u00e9reuse RPT-60","isPartOf":{"@id":"https:\/\/www.koro.net.pl\/fr\/#website"},"primaryImageOfPage":{"@id":"https:\/\/www.koro.net.pl\/fr\/produkt\/alereuse-a-scie-a-ruban-manuel\/#primaryimage"},"image":{"@id":"https:\/\/www.koro.net.pl\/fr\/produkt\/alereuse-a-scie-a-ruban-manuel\/#primaryimage"},"thumbnailUrl":"https:\/\/www.koro.net.pl\/wp-content\/uploads\/2023\/05\/rozwierak.jpg","datePublished":"2023-05-16T10:02:07+00:00","description":"Scie \u00e0 bande manuelle al\u00e9m\u00e8re RPT-60. Ouverture rapide et facile des dents. R\u00e9glage pr\u00e9cis, fonctionnement efficace. Regardez l\u2019offre !","breadcrumb":{"@id":"https:\/\/www.koro.net.pl\/fr\/produkt\/alereuse-a-scie-a-ruban-manuel\/#breadcrumb"},"inLanguage":"fr-FR","potentialAction":[{"@type":"ReadAction","target":["https:\/\/www.koro.net.pl\/fr\/produkt\/alereuse-a-scie-a-ruban-manuel\/"]}]},{"@type":"ImageObject","inLanguage":"fr-FR","@id":"https:\/\/www.koro.net.pl\/fr\/produkt\/alereuse-a-scie-a-ruban-manuel\/#primaryimage","url":"https:\/\/www.koro.net.pl\/wp-content\/uploads\/2023\/05\/rozwierak.jpg","contentUrl":"https:\/\/www.koro.net.pl\/wp-content\/uploads\/2023\/05\/rozwierak.jpg","width":800,"height":995,"caption":"Rozwierak pi\u0142 ta\u015bmowych - R\u0119czny"},{"@type":"BreadcrumbList","@id":"https:\/\/www.koro.net.pl\/fr\/produkt\/alereuse-a-scie-a-ruban-manuel\/#breadcrumb","itemListElement":[{"@type":"ListItem","position":1,"name":"Strona g\u0142\u00f3wna","item":"https:\/\/www.koro.net.pl\/fr\/"},{"@type":"ListItem","position":2,"name":"Machines et \u00e9quipements","item":"https:\/\/www.koro.net.pl\/fr\/produkty\/machines-et-equipements\/"},{"@type":"ListItem","position":3,"name":"Spinners","item":"https:\/\/www.koro.net.pl\/fr\/produkty\/spinners\/"},{"@type":"ListItem","position":4,"name":"Al\u00e9reuse \u00e0 scie \u00e0 ruban &#8211; Manuel"}]},{"@type":"WebSite","@id":"https:\/\/www.koro.net.pl\/fr\/#website","url":"https:\/\/www.koro.net.pl\/fr\/","name":"Koronet","description":"","publisher":{"@id":"https:\/\/www.koro.net.pl\/fr\/#organization"},"potentialAction":[{"@type":"SearchAction","target":{"@type":"EntryPoint","urlTemplate":"https:\/\/www.koro.net.pl\/fr\/?s={search_term_string}"},"query-input":{"@type":"PropertyValueSpecification","valueRequired":true,"valueName":"search_term_string"}}],"inLanguage":"fr-FR"},{"@type":"Organization","@id":"https:\/\/www.koro.net.pl\/fr\/#organization","name":"Koronet","alternateName":"Koronet","url":"https:\/\/www.koro.net.pl\/fr\/","logo":{"@type":"ImageObject","inLanguage":"fr-FR","@id":"https:\/\/www.koro.net.pl\/fr\/#\/schema\/logo\/image\/","url":"https:\/\/www.koro.net.pl\/wp-content\/uploads\/2025\/02\/Koronet-spolka-z-o.o.png","contentUrl":"https:\/\/www.koro.net.pl\/wp-content\/uploads\/2025\/02\/Koronet-spolka-z-o.o.png","width":696,"height":696,"caption":"Koronet"},"image":{"@id":"https:\/\/www.koro.net.pl\/fr\/#\/schema\/logo\/image\/"}}]}},"_links":{"self":[{"href":"https:\/\/www.koro.net.pl\/fr\/wp-json\/wp\/v2\/product\/12288","targetHints":{"allow":["GET"]}}],"collection":[{"href":"https:\/\/www.koro.net.pl\/fr\/wp-json\/wp\/v2\/product"}],"about":[{"href":"https:\/\/www.koro.net.pl\/fr\/wp-json\/wp\/v2\/types\/product"}],"wp:featuredmedia":[{"embeddable":true,"href":"https:\/\/www.koro.net.pl\/fr\/wp-json\/wp\/v2\/media\/3248"}],"wp:attachment":[{"href":"https:\/\/www.koro.net.pl\/fr\/wp-json\/wp\/v2\/media?parent=12288"}],"wp:term":[{"taxonomy":"product_brand","embeddable":true,"href":"https:\/\/www.koro.net.pl\/fr\/wp-json\/wp\/v2\/product_brand?post=12288"},{"taxonomy":"product_cat","embeddable":true,"href":"https:\/\/www.koro.net.pl\/fr\/wp-json\/wp\/v2\/product_cat?post=12288"},{"taxonomy":"product_tag","embeddable":true,"href":"https:\/\/www.koro.net.pl\/fr\/wp-json\/wp\/v2\/product_tag?post=12288"}],"curies":[{"name":"wp","href":"https:\/\/api.w.org\/{rel}","templated":true}]}}