{"id":12222,"date":"2023-05-16T12:00:07","date_gmt":"2023-05-16T10:00:07","guid":{"rendered":"https:\/\/www.koro.net.pl\/produkt\/scierie-electrique-a-bande-cormak-e560\/"},"modified":"2023-05-16T12:00:07","modified_gmt":"2023-05-16T10:00:07","slug":"scierie-electrique-a-bande-cormak-e560","status":"publish","type":"product","link":"https:\/\/www.koro.net.pl\/fr\/produkt\/scierie-electrique-a-bande-cormak-e560\/","title":{"rendered":"Scierie \u00e9lectrique \u00e0 bande Cormak E560"},"content":{"rendered":"<p>Simple et facile \u00e0 utiliser, <a href=\"https:\/\/www.koro.net.pl\/fr\/produkty\/scieries-a-ruban\/\">la scierie \u00e9lectrique \u00e0 bande Cormak E560<\/a> est la machine id\u00e9ale et fonctionnelle, adapt\u00e9e \u00e0 la coupe pr\u00e9cise du bois tendre, dur, sec et congel\u00e9.<\/p>\n<p><strong>Description de la machine :<\/strong><\/p>\n<ul>\n<li>Seule dans notre offre, la scierie \u00e9lectrique \u00e0 bande Cormak E560 offre la possibilit\u00e9 d\u2019utiliser des scies de 33 mm de largeur, la<br \/>\n concurrence ne propose qu\u2019une largeur allant jusqu\u2019\u00e0 27 mm, ce qui entra\u00eene une utilisation co\u00fbteuse, une mauvaise qualit\u00e9<br \/>\ndu mat\u00e9riau coup\u00e9 et une impossibilit\u00e9 d\u2019aiguiser les scies.<\/li>\n<li>Le nouveau design du ch\u00e2ssis renforc\u00e9 assure une grande stabilit\u00e9 de la scierie pendant le fonctionnement, et les glissi\u00e8res<br \/>\nde guide de la lame permettent un usinage avec une pr\u00e9cision maximale.<\/li>\n<li>La longueur du mat\u00e9riau coup\u00e9 dans nos scies standard est pouvant atteindre 3300 mm.<\/li>\n<li>La machine peut couper tous types de bois avec une seule scie.<\/li>\n<li>La lame de scie de la coupe est refroidie par le liquide de refroidissement.<\/li>\n<li>La machine dispose d\u2019une alimentation manuelle et d\u2019un r\u00e9glage manuel de la hauteur de coupe.<\/li>\n<li>Le p\u00e9rim\u00e8tre de livraison inclut des rails de 4100 mm de long. Vous pouvez aussi acheter un lit<br \/>\n suppl\u00e9mentaire de 2 m\u00e8tres de long. <\/li>\n<\/ul>\n<p><strong>La machine poss\u00e8de :<\/strong><\/p>\n<p>* Grandes roues coul\u00e9es pr\u00e9cises,<br \/>\n guides de pr\u00e9cision,<br \/>\n clamps excentriques,<br \/>\n porte-boissons,<br \/>\n r\u00e9glage manuel de la hauteur de coupe,<br \/>\n alimentation manuelle,<br \/>\n mesures pr\u00e9cises<\/p>\n<p><strong>Param\u00e8tres techniques :<\/strong><\/p>\n<p>* Moteur : \u00e9lectrique 400 V<br \/>\n* Puissance : 8 kW<br \/>\n* Largeur de coupe maximale : 600 mm<br \/>\n* Hauteur maximale de la lame (r\u00e9glable en hauteur) : 700 mm<br \/>\n* Hauteur minimale de la lame (hauteur r\u00e9glable) : 55 mm<br \/>\n* \u00c9paisseur maximale de coupe : 170 mm<br \/>\n* Longueur de coupe : 3300 mm<br \/>\n* Extension du cadre de scie (optionnelle) : 2000 mm<br \/>\n* Max.     Longueur de coupe : illimit\u00e9e<br \/>\n* Largeur de la bande de coupe : 33 mm<br \/>\n* Longueur de la scie : 3795 mm<br \/>\n* \u00c9paisseur maximale de coupe : 170 mm<br \/>\n* Diam\u00e8tre du volant moteur : 4800 mm<br \/>\n* Largeur du volant moteur : 25 mm<br \/>\n* Vitesse de bande : 17 m\/s<br \/>\n* Espace de coupe : 1,4-2,2 mm<br \/>\n* Capacit\u00e9 du r\u00e9servoir de refroidissement : 10 litres<br \/>\n* Alimentation : manuelle<br \/>\n* Poids d\u2019extension optionnel : environ 54 kg<br \/>\n* Poids net : environ 330 kg  <\/p>\n<p><strong>Vid\u00e9o montrant le fonctionnement de la scierie &#8212;-&gt;  <\/strong>     <a href=\"https:\/\/www.youtube.com\/watch?v=JPhKyW6Rh2g\" target=\"_blank\" rel=\"noopener\">Bande CORMAK E560<\/a><\/p>\n<p><strong>Le Cormak E560 est un design robuste et r\u00e9sistant aux vibrations qui ne n\u00e9cessite pas d\u2019entretien constant. Il est parfait pour les petites entreprises<\/strong><strong>et les amateurs qui valorisent la qualit\u00e9 de traitement, la simplicit\u00e9 du travail et la facilit\u00e9 d\u2019utilisation.<\/strong><\/p>\n<p><strong>Avez-vous des questions ? Appelez le num\u00e9ro ; 609-939-822<\/strong><\/p>\n","protected":false},"excerpt":{"rendered":"<p>Simple et facile \u00e0 utiliser, la scierie \u00e9lectrique \u00e0 bande Cormak E560 est la machine id\u00e9ale et fonctionnelle, adapt\u00e9e \u00e0 la coupe pr\u00e9cise du bois tendre, dur, sec et congel\u00e9. [&hellip;]<\/p>\n","protected":false},"featured_media":710,"template":"","meta":{"_acf_changed":false},"product_brand":[],"product_cat":[206,208],"product_tag":[],"class_list":{"0":"post-12222","1":"product","2":"type-product","3":"status-publish","4":"has-post-thumbnail","6":"product_cat-machines-et-equipements","7":"product_cat-scieries-a-ruban","8":"product_shipping_class-dimensions","10":"first","11":"instock","12":"taxable","13":"shipping-taxable","14":"purchasable","15":"product-type-simple"},"acf":[],"yoast_head":"<!-- This site is optimized with the Yoast SEO plugin v27.5 - https:\/\/yoast.com\/product\/yoast-seo-wordpress\/ -->\n<title>Scierie \u00e0 bande \u00e9lectrique Cormak : E560, chenilles 4,1 m + 2 m (en option)<\/title>\n<meta name=\"description\" content=\"Cormak E560 - une scierie \u00e9lectrique \u00e0 bande qui r\u00e9pondra \u00e0 vos attentes. Coupe pr\u00e9cise, op\u00e9ration facile, haute efficacit\u00e9. D\u00e9couvrez notre offre en ligne !\" \/>\n<meta name=\"robots\" content=\"index, follow, max-snippet:-1, max-image-preview:large, max-video-preview:-1\" \/>\n<link rel=\"canonical\" href=\"https:\/\/www.koro.net.pl\/fr\/produkt\/scierie-electrique-a-bande-cormak-e560\/\" \/>\n<meta property=\"og:locale\" content=\"fr_FR\" \/>\n<meta property=\"og:type\" content=\"article\" \/>\n<meta property=\"og:title\" content=\"Scierie \u00e0 bande \u00e9lectrique Cormak : E560, chenilles 4,1 m + 2 m (en option)\" \/>\n<meta property=\"og:description\" content=\"Cormak E560 - une scierie \u00e9lectrique \u00e0 bande qui r\u00e9pondra \u00e0 vos attentes. Coupe pr\u00e9cise, op\u00e9ration facile, haute efficacit\u00e9. D\u00e9couvrez notre offre en ligne !\" \/>\n<meta property=\"og:url\" content=\"https:\/\/www.koro.net.pl\/fr\/produkt\/scierie-electrique-a-bande-cormak-e560\/\" \/>\n<meta property=\"og:site_name\" content=\"Koronet\" \/>\n<meta property=\"og:image\" content=\"https:\/\/www.koro.net.pl\/wp-content\/uploads\/2023\/05\/DSC_0352-ZROBIONE.jpg\" \/>\n\t<meta property=\"og:image:width\" content=\"1200\" \/>\n\t<meta property=\"og:image:height\" content=\"1126\" \/>\n\t<meta property=\"og:image:type\" content=\"image\/jpeg\" \/>\n<meta name=\"twitter:card\" content=\"summary_large_image\" \/>\n<meta name=\"twitter:label1\" content=\"Dur\u00e9e de lecture estim\u00e9e\" \/>\n\t<meta name=\"twitter:data1\" content=\"2 minutes\" \/>\n<script type=\"application\/ld+json\" class=\"yoast-schema-graph\">{\"@context\":\"https:\\\/\\\/schema.org\",\"@graph\":[{\"@type\":\"WebPage\",\"@id\":\"https:\\\/\\\/www.koro.net.pl\\\/fr\\\/produkt\\\/scierie-electrique-a-bande-cormak-e560\\\/\",\"url\":\"https:\\\/\\\/www.koro.net.pl\\\/fr\\\/produkt\\\/scierie-electrique-a-bande-cormak-e560\\\/\",\"name\":\"Scierie \u00e0 bande \u00e9lectrique Cormak : E560, chenilles 4,1 m + 2 m (en option)\",\"isPartOf\":{\"@id\":\"https:\\\/\\\/www.koro.net.pl\\\/fr\\\/#website\"},\"primaryImageOfPage\":{\"@id\":\"https:\\\/\\\/www.koro.net.pl\\\/fr\\\/produkt\\\/scierie-electrique-a-bande-cormak-e560\\\/#primaryimage\"},\"image\":{\"@id\":\"https:\\\/\\\/www.koro.net.pl\\\/fr\\\/produkt\\\/scierie-electrique-a-bande-cormak-e560\\\/#primaryimage\"},\"thumbnailUrl\":\"https:\\\/\\\/www.koro.net.pl\\\/wp-content\\\/uploads\\\/2023\\\/05\\\/DSC_0352-ZROBIONE.jpg\",\"datePublished\":\"2023-05-16T10:00:07+00:00\",\"description\":\"Cormak E560 - une scierie \u00e9lectrique \u00e0 bande qui r\u00e9pondra \u00e0 vos attentes. Coupe pr\u00e9cise, op\u00e9ration facile, haute efficacit\u00e9. D\u00e9couvrez notre offre en ligne !\",\"breadcrumb\":{\"@id\":\"https:\\\/\\\/www.koro.net.pl\\\/fr\\\/produkt\\\/scierie-electrique-a-bande-cormak-e560\\\/#breadcrumb\"},\"inLanguage\":\"fr-FR\",\"potentialAction\":[{\"@type\":\"ReadAction\",\"target\":[\"https:\\\/\\\/www.koro.net.pl\\\/fr\\\/produkt\\\/scierie-electrique-a-bande-cormak-e560\\\/\"]}]},{\"@type\":\"ImageObject\",\"inLanguage\":\"fr-FR\",\"@id\":\"https:\\\/\\\/www.koro.net.pl\\\/fr\\\/produkt\\\/scierie-electrique-a-bande-cormak-e560\\\/#primaryimage\",\"url\":\"https:\\\/\\\/www.koro.net.pl\\\/wp-content\\\/uploads\\\/2023\\\/05\\\/DSC_0352-ZROBIONE.jpg\",\"contentUrl\":\"https:\\\/\\\/www.koro.net.pl\\\/wp-content\\\/uploads\\\/2023\\\/05\\\/DSC_0352-ZROBIONE.jpg\",\"width\":1200,\"height\":1126,\"caption\":\"Trak ta\u015bmowy elektryczny Cormak E560\"},{\"@type\":\"BreadcrumbList\",\"@id\":\"https:\\\/\\\/www.koro.net.pl\\\/fr\\\/produkt\\\/scierie-electrique-a-bande-cormak-e560\\\/#breadcrumb\",\"itemListElement\":[{\"@type\":\"ListItem\",\"position\":1,\"name\":\"Strona g\u0142\u00f3wna\",\"item\":\"https:\\\/\\\/www.koro.net.pl\\\/fr\\\/\"},{\"@type\":\"ListItem\",\"position\":2,\"name\":\"Machines et \u00e9quipements\",\"item\":\"https:\\\/\\\/www.koro.net.pl\\\/fr\\\/produkty\\\/machines-et-equipements\\\/\"},{\"@type\":\"ListItem\",\"position\":3,\"name\":\"Scieries \u00e0 ruban\",\"item\":\"https:\\\/\\\/www.koro.net.pl\\\/fr\\\/produkty\\\/scieries-a-ruban\\\/\"},{\"@type\":\"ListItem\",\"position\":4,\"name\":\"Scierie \u00e9lectrique \u00e0 bande Cormak E560\"}]},{\"@type\":\"WebSite\",\"@id\":\"https:\\\/\\\/www.koro.net.pl\\\/fr\\\/#website\",\"url\":\"https:\\\/\\\/www.koro.net.pl\\\/fr\\\/\",\"name\":\"Koronet\",\"description\":\"\",\"publisher\":{\"@id\":\"https:\\\/\\\/www.koro.net.pl\\\/fr\\\/#organization\"},\"potentialAction\":[{\"@type\":\"SearchAction\",\"target\":{\"@type\":\"EntryPoint\",\"urlTemplate\":\"https:\\\/\\\/www.koro.net.pl\\\/fr\\\/?s={search_term_string}\"},\"query-input\":{\"@type\":\"PropertyValueSpecification\",\"valueRequired\":true,\"valueName\":\"search_term_string\"}}],\"inLanguage\":\"fr-FR\"},{\"@type\":\"Organization\",\"@id\":\"https:\\\/\\\/www.koro.net.pl\\\/fr\\\/#organization\",\"name\":\"Koronet\",\"alternateName\":\"Koronet\",\"url\":\"https:\\\/\\\/www.koro.net.pl\\\/fr\\\/\",\"logo\":{\"@type\":\"ImageObject\",\"inLanguage\":\"fr-FR\",\"@id\":\"https:\\\/\\\/www.koro.net.pl\\\/fr\\\/#\\\/schema\\\/logo\\\/image\\\/\",\"url\":\"https:\\\/\\\/www.koro.net.pl\\\/wp-content\\\/uploads\\\/2025\\\/02\\\/Koronet-spolka-z-o.o.png\",\"contentUrl\":\"https:\\\/\\\/www.koro.net.pl\\\/wp-content\\\/uploads\\\/2025\\\/02\\\/Koronet-spolka-z-o.o.png\",\"width\":696,\"height\":696,\"caption\":\"Koronet\"},\"image\":{\"@id\":\"https:\\\/\\\/www.koro.net.pl\\\/fr\\\/#\\\/schema\\\/logo\\\/image\\\/\"}}]}<\/script>\n<!-- \/ Yoast SEO plugin. -->","yoast_head_json":{"title":"Scierie \u00e0 bande \u00e9lectrique Cormak : E560, chenilles 4,1 m + 2 m (en option)","description":"Cormak E560 - une scierie \u00e9lectrique \u00e0 bande qui r\u00e9pondra \u00e0 vos attentes. Coupe pr\u00e9cise, op\u00e9ration facile, haute efficacit\u00e9. D\u00e9couvrez notre offre en ligne !","robots":{"index":"index","follow":"follow","max-snippet":"max-snippet:-1","max-image-preview":"max-image-preview:large","max-video-preview":"max-video-preview:-1"},"canonical":"https:\/\/www.koro.net.pl\/fr\/produkt\/scierie-electrique-a-bande-cormak-e560\/","og_locale":"fr_FR","og_type":"article","og_title":"Scierie \u00e0 bande \u00e9lectrique Cormak : E560, chenilles 4,1 m + 2 m (en option)","og_description":"Cormak E560 - une scierie \u00e9lectrique \u00e0 bande qui r\u00e9pondra \u00e0 vos attentes. Coupe pr\u00e9cise, op\u00e9ration facile, haute efficacit\u00e9. D\u00e9couvrez notre offre en ligne !","og_url":"https:\/\/www.koro.net.pl\/fr\/produkt\/scierie-electrique-a-bande-cormak-e560\/","og_site_name":"Koronet","og_image":[{"width":1200,"height":1126,"url":"https:\/\/www.koro.net.pl\/wp-content\/uploads\/2023\/05\/DSC_0352-ZROBIONE.jpg","type":"image\/jpeg"}],"twitter_card":"summary_large_image","twitter_misc":{"Dur\u00e9e de lecture estim\u00e9e":"2 minutes"},"schema":{"@context":"https:\/\/schema.org","@graph":[{"@type":"WebPage","@id":"https:\/\/www.koro.net.pl\/fr\/produkt\/scierie-electrique-a-bande-cormak-e560\/","url":"https:\/\/www.koro.net.pl\/fr\/produkt\/scierie-electrique-a-bande-cormak-e560\/","name":"Scierie \u00e0 bande \u00e9lectrique Cormak : E560, chenilles 4,1 m + 2 m (en option)","isPartOf":{"@id":"https:\/\/www.koro.net.pl\/fr\/#website"},"primaryImageOfPage":{"@id":"https:\/\/www.koro.net.pl\/fr\/produkt\/scierie-electrique-a-bande-cormak-e560\/#primaryimage"},"image":{"@id":"https:\/\/www.koro.net.pl\/fr\/produkt\/scierie-electrique-a-bande-cormak-e560\/#primaryimage"},"thumbnailUrl":"https:\/\/www.koro.net.pl\/wp-content\/uploads\/2023\/05\/DSC_0352-ZROBIONE.jpg","datePublished":"2023-05-16T10:00:07+00:00","description":"Cormak E560 - une scierie \u00e9lectrique \u00e0 bande qui r\u00e9pondra \u00e0 vos attentes. Coupe pr\u00e9cise, op\u00e9ration facile, haute efficacit\u00e9. D\u00e9couvrez notre offre en ligne !","breadcrumb":{"@id":"https:\/\/www.koro.net.pl\/fr\/produkt\/scierie-electrique-a-bande-cormak-e560\/#breadcrumb"},"inLanguage":"fr-FR","potentialAction":[{"@type":"ReadAction","target":["https:\/\/www.koro.net.pl\/fr\/produkt\/scierie-electrique-a-bande-cormak-e560\/"]}]},{"@type":"ImageObject","inLanguage":"fr-FR","@id":"https:\/\/www.koro.net.pl\/fr\/produkt\/scierie-electrique-a-bande-cormak-e560\/#primaryimage","url":"https:\/\/www.koro.net.pl\/wp-content\/uploads\/2023\/05\/DSC_0352-ZROBIONE.jpg","contentUrl":"https:\/\/www.koro.net.pl\/wp-content\/uploads\/2023\/05\/DSC_0352-ZROBIONE.jpg","width":1200,"height":1126,"caption":"Trak ta\u015bmowy elektryczny Cormak E560"},{"@type":"BreadcrumbList","@id":"https:\/\/www.koro.net.pl\/fr\/produkt\/scierie-electrique-a-bande-cormak-e560\/#breadcrumb","itemListElement":[{"@type":"ListItem","position":1,"name":"Strona g\u0142\u00f3wna","item":"https:\/\/www.koro.net.pl\/fr\/"},{"@type":"ListItem","position":2,"name":"Machines et \u00e9quipements","item":"https:\/\/www.koro.net.pl\/fr\/produkty\/machines-et-equipements\/"},{"@type":"ListItem","position":3,"name":"Scieries \u00e0 ruban","item":"https:\/\/www.koro.net.pl\/fr\/produkty\/scieries-a-ruban\/"},{"@type":"ListItem","position":4,"name":"Scierie \u00e9lectrique \u00e0 bande Cormak E560"}]},{"@type":"WebSite","@id":"https:\/\/www.koro.net.pl\/fr\/#website","url":"https:\/\/www.koro.net.pl\/fr\/","name":"Koronet","description":"","publisher":{"@id":"https:\/\/www.koro.net.pl\/fr\/#organization"},"potentialAction":[{"@type":"SearchAction","target":{"@type":"EntryPoint","urlTemplate":"https:\/\/www.koro.net.pl\/fr\/?s={search_term_string}"},"query-input":{"@type":"PropertyValueSpecification","valueRequired":true,"valueName":"search_term_string"}}],"inLanguage":"fr-FR"},{"@type":"Organization","@id":"https:\/\/www.koro.net.pl\/fr\/#organization","name":"Koronet","alternateName":"Koronet","url":"https:\/\/www.koro.net.pl\/fr\/","logo":{"@type":"ImageObject","inLanguage":"fr-FR","@id":"https:\/\/www.koro.net.pl\/fr\/#\/schema\/logo\/image\/","url":"https:\/\/www.koro.net.pl\/wp-content\/uploads\/2025\/02\/Koronet-spolka-z-o.o.png","contentUrl":"https:\/\/www.koro.net.pl\/wp-content\/uploads\/2025\/02\/Koronet-spolka-z-o.o.png","width":696,"height":696,"caption":"Koronet"},"image":{"@id":"https:\/\/www.koro.net.pl\/fr\/#\/schema\/logo\/image\/"}}]}},"_links":{"self":[{"href":"https:\/\/www.koro.net.pl\/fr\/wp-json\/wp\/v2\/product\/12222","targetHints":{"allow":["GET"]}}],"collection":[{"href":"https:\/\/www.koro.net.pl\/fr\/wp-json\/wp\/v2\/product"}],"about":[{"href":"https:\/\/www.koro.net.pl\/fr\/wp-json\/wp\/v2\/types\/product"}],"wp:featuredmedia":[{"embeddable":true,"href":"https:\/\/www.koro.net.pl\/fr\/wp-json\/wp\/v2\/media\/710"}],"wp:attachment":[{"href":"https:\/\/www.koro.net.pl\/fr\/wp-json\/wp\/v2\/media?parent=12222"}],"wp:term":[{"taxonomy":"product_brand","embeddable":true,"href":"https:\/\/www.koro.net.pl\/fr\/wp-json\/wp\/v2\/product_brand?post=12222"},{"taxonomy":"product_cat","embeddable":true,"href":"https:\/\/www.koro.net.pl\/fr\/wp-json\/wp\/v2\/product_cat?post=12222"},{"taxonomy":"product_tag","embeddable":true,"href":"https:\/\/www.koro.net.pl\/fr\/wp-json\/wp\/v2\/product_tag?post=12222"}],"curies":[{"name":"wp","href":"https:\/\/api.w.org\/{rel}","templated":true}]}}