{"id":12217,"date":"2023-05-05T17:03:39","date_gmt":"2023-05-05T15:03:39","guid":{"rendered":"https:\/\/www.koro.net.pl\/produkt\/scie-de-bande-metal-rontgen-bi-alpha-cobalt-m42\/"},"modified":"2023-05-05T17:03:39","modified_gmt":"2023-05-05T15:03:39","slug":"scie-de-bande-metal-rontgen-bi-alpha-cobalt-m42","status":"publish","type":"product","link":"https:\/\/www.koro.net.pl\/fr\/produkt\/scie-de-bande-metal-rontgen-bi-alpha-cobalt-m42\/","title":{"rendered":"Scie de bande m\u00e9tal R\u00d6NTGEN bi-alpha cobalt M42"},"content":{"rendered":"<h4>Scie bim\u00e9tallique R\u00d6NTGEN bim\u00e9tallique &#8211; alpha cobalt M42<\/h4>\n<p>La scie \u00e0 bande bi-cobalt bi-alpha M42 R\u00d6NTGEN est fabriqu\u00e9e \u00e0 8 % d\u2019acier M42 \u00e0 haute vitesse raffin\u00e9 au cobalt, reli\u00e9 par un faisceau d\u2019\u00e9lectrons \u00e0 une bande porteuse en acier \u00e0 ressort.<\/p>\n<p>La lame \u00e0 bande cobalt bi-alfa R\u00d6NTGEN poss\u00e8de des pointes de dents HSS-M42. La forte r\u00e9sistance \u00e0 l\u2019usure de la lame de scie est due \u00e0 la grande duret\u00e9 et \u00e0 la r\u00e9partition uniforme des carbures sur les extr\u00e9mit\u00e9s des dents cr\u00e9\u00e9es lors des processus de durcissement et de trempage.<br \/>\nLa structure martensitique des extr\u00e9mit\u00e9s des dents et la forte teneur en cobalt assurent une grande duret\u00e9 lors de la chaleur, de sorte que la bande de coupe s\u2019use moins m\u00eame \u00e0 grande vitesse. La courroie de support chrom\u00e9e sert \u00e0 rendre la lame de scie plus r\u00e9sistante aux flexions, contraintes et pressions produites par les scies modernes.  <\/p>\n<p><b>Application :<\/b><\/p>\n<p><img decoding=\"async\" class=\"alignnone size-full wp-image-375 lazyload\" data-src=\"https:\/\/www.koro.net.pl\/wp-content\/uploads\/2020\/03\/profile.png\" alt=\"\" width=\"90\" height=\"110\" src=\"data:image\/svg+xml;base64,PHN2ZyB3aWR0aD0iMSIgaGVpZ2h0PSIxIiB4bWxucz0iaHR0cDovL3d3dy53My5vcmcvMjAwMC9zdmciPjwvc3ZnPg==\" style=\"--smush-placeholder-width: 90px; --smush-placeholder-aspect-ratio: 90\/110;\"> <img decoding=\"async\" class=\"alignnone size-full wp-image-376 lazyload\" data-src=\"https:\/\/www.koro.net.pl\/wp-content\/uploads\/2020\/03\/zestawy.png\" alt=\"\" width=\"90\" height=\"110\" src=\"data:image\/svg+xml;base64,PHN2ZyB3aWR0aD0iMSIgaGVpZ2h0PSIxIiB4bWxucz0iaHR0cDovL3d3dy53My5vcmcvMjAwMC9zdmciPjwvc3ZnPg==\" style=\"--smush-placeholder-width: 90px; --smush-placeholder-aspect-ratio: 90\/110;\"> <img decoding=\"async\" class=\"alignnone size-full wp-image-377 lazyload\" data-src=\"https:\/\/www.koro.net.pl\/wp-content\/uploads\/2020\/03\/grubematerialy.png\" alt=\"\" width=\"90\" height=\"110\" src=\"data:image\/svg+xml;base64,PHN2ZyB3aWR0aD0iMSIgaGVpZ2h0PSIxIiB4bWxucz0iaHR0cDovL3d3dy53My5vcmcvMjAwMC9zdmciPjwvc3ZnPg==\" style=\"--smush-placeholder-width: 90px; --smush-placeholder-aspect-ratio: 90\/110;\"> <img decoding=\"async\" class=\"alignnone size-full wp-image-378 lazyload\" data-src=\"https:\/\/www.koro.net.pl\/wp-content\/uploads\/2020\/03\/belki.png\" alt=\"\" width=\"90\" height=\"110\" src=\"data:image\/svg+xml;base64,PHN2ZyB3aWR0aD0iMSIgaGVpZ2h0PSIxIiB4bWxucz0iaHR0cDovL3d3dy53My5vcmcvMjAwMC9zdmciPjwvc3ZnPg==\" style=\"--smush-placeholder-width: 90px; --smush-placeholder-aspect-ratio: 90\/110;\"> <img decoding=\"async\" class=\"alignnone size-full wp-image-379 lazyload\" data-src=\"https:\/\/www.koro.net.pl\/wp-content\/uploads\/2020\/03\/rury2.png\" alt=\"\" width=\"90\" height=\"110\" src=\"data:image\/svg+xml;base64,PHN2ZyB3aWR0aD0iMSIgaGVpZ2h0PSIxIiB4bWxucz0iaHR0cDovL3d3dy53My5vcmcvMjAwMC9zdmciPjwvc3ZnPg==\" style=\"--smush-placeholder-width: 90px; --smush-placeholder-aspect-ratio: 90\/110;\"> <img decoding=\"async\" class=\"alignnone size-full wp-image-380 lazyload\" data-src=\"https:\/\/www.koro.net.pl\/wp-content\/uploads\/2020\/03\/rury.png\" alt=\"\" width=\"90\" height=\"110\" src=\"data:image\/svg+xml;base64,PHN2ZyB3aWR0aD0iMSIgaGVpZ2h0PSIxIiB4bWxucz0iaHR0cDovL3d3dy53My5vcmcvMjAwMC9zdmciPjwvc3ZnPg==\" style=\"--smush-placeholder-width: 90px; --smush-placeholder-aspect-ratio: 90\/110;\"> <img decoding=\"async\" class=\"alignnone size-full wp-image-381 lazyload\" data-src=\"https:\/\/www.koro.net.pl\/wp-content\/uploads\/2020\/03\/solidneokragle.png\" alt=\"\" width=\"90\" height=\"110\" src=\"data:image\/svg+xml;base64,PHN2ZyB3aWR0aD0iMSIgaGVpZ2h0PSIxIiB4bWxucz0iaHR0cDovL3d3dy53My5vcmcvMjAwMC9zdmciPjwvc3ZnPg==\" style=\"--smush-placeholder-width: 90px; --smush-placeholder-aspect-ratio: 90\/110;\"> <img decoding=\"async\" class=\"alignnone size-full wp-image-382 lazyload\" data-src=\"https:\/\/www.koro.net.pl\/wp-content\/uploads\/2020\/03\/kwadratowe.png\" alt=\"\" width=\"90\" height=\"110\" src=\"data:image\/svg+xml;base64,PHN2ZyB3aWR0aD0iMSIgaGVpZ2h0PSIxIiB4bWxucz0iaHR0cDovL3d3dy53My5vcmcvMjAwMC9zdmciPjwvc3ZnPg==\" style=\"--smush-placeholder-width: 90px; --smush-placeholder-aspect-ratio: 90\/110;\"><\/p>\n<p><b>Dents par pouce<\/b><\/p>\n<p><b>Crochet dentaire (normal)<\/b><\/p>\n<p><img decoding=\"async\" class=\"alignnone size-full wp-image-383 lazyload\" data-src=\"https:\/\/www.koro.net.pl\/wp-content\/uploads\/2020\/03\/1.jpg\" alt=\"\" width=\"637\" height=\"333\" src=\"data:image\/svg+xml;base64,PHN2ZyB3aWR0aD0iMSIgaGVpZ2h0PSIxIiB4bWxucz0iaHR0cDovL3d3dy53My5vcmcvMjAwMC9zdmciPjwvc3ZnPg==\" style=\"--smush-placeholder-width: 637px; --smush-placeholder-aspect-ratio: 637\/333;\"><\/p>\n<p><b>Dent normale<\/b><\/p>\n<p><img decoding=\"async\" class=\"alignnone size-full wp-image-384 lazyload\" data-src=\"https:\/\/www.koro.net.pl\/wp-content\/uploads\/2020\/03\/2.jpg\" alt=\"\" width=\"637\" height=\"333\" src=\"data:image\/svg+xml;base64,PHN2ZyB3aWR0aD0iMSIgaGVpZ2h0PSIxIiB4bWxucz0iaHR0cDovL3d3dy53My5vcmcvMjAwMC9zdmciPjwvc3ZnPg==\" style=\"--smush-placeholder-width: 637px; --smush-placeholder-aspect-ratio: 637\/333;\"><\/p>\n<p><b>Crochet \u00e0 dents<\/b><\/p>\n<p><img decoding=\"async\" class=\"alignnone size-full wp-image-385 lazyload\" data-src=\"https:\/\/www.koro.net.pl\/wp-content\/uploads\/2020\/03\/3.jpg\" alt=\"\" width=\"637\" height=\"342\" src=\"data:image\/svg+xml;base64,PHN2ZyB3aWR0aD0iMSIgaGVpZ2h0PSIxIiB4bWxucz0iaHR0cDovL3d3dy53My5vcmcvMjAwMC9zdmciPjwvc3ZnPg==\" style=\"--smush-placeholder-width: 637px; --smush-placeholder-aspect-ratio: 637\/342;\"><\/p>\n<p><b>Dent normale<\/b><\/p>\n<p><img decoding=\"async\" class=\"alignnone size-full wp-image-386 lazyload\" data-src=\"https:\/\/www.koro.net.pl\/wp-content\/uploads\/2020\/03\/4.jpg\" alt=\"\" width=\"637\" height=\"342\" src=\"data:image\/svg+xml;base64,PHN2ZyB3aWR0aD0iMSIgaGVpZ2h0PSIxIiB4bWxucz0iaHR0cDovL3d3dy53My5vcmcvMjAwMC9zdmciPjwvc3ZnPg==\" style=\"--smush-placeholder-width: 637px; --smush-placeholder-aspect-ratio: 637\/342;\"><\/p>\n<p>&nbsp;<\/p>\n","protected":false},"excerpt":{"rendered":"<p>Scie bim\u00e9tallique R\u00d6NTGEN bim\u00e9tallique &#8211; alpha cobalt M42 La scie \u00e0 bande bi-cobalt bi-alpha M42 R\u00d6NTGEN est fabriqu\u00e9e \u00e0 8 % d\u2019acier M42 \u00e0 haute vitesse raffin\u00e9 au cobalt, reli\u00e9 [&hellip;]<\/p>\n","protected":false},"featured_media":7703,"template":"","meta":{"_acf_changed":false},"product_brand":[],"product_cat":[213,180],"product_tag":[],"class_list":{"0":"post-12217","1":"product","2":"type-product","3":"status-publish","4":"has-post-thumbnail","6":"product_cat-scies-a-ruban-bimetalliques","7":"product_cat-scies-a-ruban-pour-metal","9":"first","10":"instock","11":"taxable","12":"shipping-taxable","13":"purchasable","14":"product-type-variable"},"acf":[],"yoast_head":"<!-- This site is optimized with the Yoast SEO plugin v27.5 - https:\/\/yoast.com\/product\/yoast-seo-wordpress\/ -->\n<title>Scie bim\u00e9tallique R\u00d6NTGEN - alpha cobalt M42 pour le m\u00e9tal<\/title>\n<meta name=\"description\" content=\"Scies \u00e0 ruban R\u00f6ntgen Bi-Alfa Cobalt M42 \u2013 forte teneur en cobalt, r\u00e9sistance accrue \u00e0 l\u2019usure, coupe pr\u00e9cise des m\u00e9taux difficiles.\" \/>\n<meta name=\"robots\" content=\"index, follow, max-snippet:-1, max-image-preview:large, max-video-preview:-1\" \/>\n<link rel=\"canonical\" href=\"https:\/\/www.koro.net.pl\/fr\/produkt\/scie-de-bande-metal-rontgen-bi-alpha-cobalt-m42\/\" \/>\n<meta property=\"og:locale\" content=\"fr_FR\" \/>\n<meta property=\"og:type\" content=\"article\" \/>\n<meta property=\"og:title\" content=\"Scie bim\u00e9tallique R\u00d6NTGEN - alpha cobalt M42 pour le m\u00e9tal\" \/>\n<meta property=\"og:description\" content=\"Scies \u00e0 ruban R\u00f6ntgen Bi-Alfa Cobalt M42 \u2013 forte teneur en cobalt, r\u00e9sistance accrue \u00e0 l\u2019usure, coupe pr\u00e9cise des m\u00e9taux difficiles.\" \/>\n<meta property=\"og:url\" content=\"https:\/\/www.koro.net.pl\/fr\/produkt\/scie-de-bande-metal-rontgen-bi-alpha-cobalt-m42\/\" \/>\n<meta property=\"og:site_name\" content=\"Koronet\" \/>\n<meta property=\"og:image\" content=\"https:\/\/www.koro.net.pl\/wp-content\/uploads\/2023\/05\/Bi-alfa-cobalt-M42.png\" \/>\n\t<meta property=\"og:image:width\" content=\"800\" \/>\n\t<meta property=\"og:image:height\" content=\"500\" \/>\n\t<meta property=\"og:image:type\" content=\"image\/png\" \/>\n<meta name=\"twitter:card\" content=\"summary_large_image\" \/>\n<meta name=\"twitter:label1\" content=\"Dur\u00e9e de lecture estim\u00e9e\" \/>\n\t<meta name=\"twitter:data1\" content=\"1 minute\" \/>\n<script type=\"application\/ld+json\" class=\"yoast-schema-graph\">{\"@context\":\"https:\\\/\\\/schema.org\",\"@graph\":[{\"@type\":\"WebPage\",\"@id\":\"https:\\\/\\\/www.koro.net.pl\\\/fr\\\/produkt\\\/scie-de-bande-metal-rontgen-bi-alpha-cobalt-m42\\\/\",\"url\":\"https:\\\/\\\/www.koro.net.pl\\\/fr\\\/produkt\\\/scie-de-bande-metal-rontgen-bi-alpha-cobalt-m42\\\/\",\"name\":\"Scie bim\u00e9tallique R\u00d6NTGEN - alpha cobalt M42 pour le m\u00e9tal\",\"isPartOf\":{\"@id\":\"https:\\\/\\\/www.koro.net.pl\\\/fr\\\/#website\"},\"primaryImageOfPage\":{\"@id\":\"https:\\\/\\\/www.koro.net.pl\\\/fr\\\/produkt\\\/scie-de-bande-metal-rontgen-bi-alpha-cobalt-m42\\\/#primaryimage\"},\"image\":{\"@id\":\"https:\\\/\\\/www.koro.net.pl\\\/fr\\\/produkt\\\/scie-de-bande-metal-rontgen-bi-alpha-cobalt-m42\\\/#primaryimage\"},\"thumbnailUrl\":\"https:\\\/\\\/www.koro.net.pl\\\/wp-content\\\/uploads\\\/2023\\\/05\\\/Bi-alfa-cobalt-M42.png\",\"datePublished\":\"2023-05-05T15:03:39+00:00\",\"description\":\"Scies \u00e0 ruban R\u00f6ntgen Bi-Alfa Cobalt M42 \u2013 forte teneur en cobalt, r\u00e9sistance accrue \u00e0 l\u2019usure, coupe pr\u00e9cise des m\u00e9taux difficiles.\",\"breadcrumb\":{\"@id\":\"https:\\\/\\\/www.koro.net.pl\\\/fr\\\/produkt\\\/scie-de-bande-metal-rontgen-bi-alpha-cobalt-m42\\\/#breadcrumb\"},\"inLanguage\":\"fr-FR\",\"potentialAction\":[{\"@type\":\"ReadAction\",\"target\":[\"https:\\\/\\\/www.koro.net.pl\\\/fr\\\/produkt\\\/scie-de-bande-metal-rontgen-bi-alpha-cobalt-m42\\\/\"]}]},{\"@type\":\"ImageObject\",\"inLanguage\":\"fr-FR\",\"@id\":\"https:\\\/\\\/www.koro.net.pl\\\/fr\\\/produkt\\\/scie-de-bande-metal-rontgen-bi-alpha-cobalt-m42\\\/#primaryimage\",\"url\":\"https:\\\/\\\/www.koro.net.pl\\\/wp-content\\\/uploads\\\/2023\\\/05\\\/Bi-alfa-cobalt-M42.png\",\"contentUrl\":\"https:\\\/\\\/www.koro.net.pl\\\/wp-content\\\/uploads\\\/2023\\\/05\\\/Bi-alfa-cobalt-M42.png\",\"width\":800,\"height\":500,\"caption\":\"pi\u0142a ta\u015bmowa do metalu\"},{\"@type\":\"BreadcrumbList\",\"@id\":\"https:\\\/\\\/www.koro.net.pl\\\/fr\\\/produkt\\\/scie-de-bande-metal-rontgen-bi-alpha-cobalt-m42\\\/#breadcrumb\",\"itemListElement\":[{\"@type\":\"ListItem\",\"position\":1,\"name\":\"Strona g\u0142\u00f3wna\",\"item\":\"https:\\\/\\\/www.koro.net.pl\\\/fr\\\/\"},{\"@type\":\"ListItem\",\"position\":2,\"name\":\"Scie de bande m\u00e9tal R\u00d6NTGEN bi-alpha cobalt M42\"}]},{\"@type\":\"WebSite\",\"@id\":\"https:\\\/\\\/www.koro.net.pl\\\/fr\\\/#website\",\"url\":\"https:\\\/\\\/www.koro.net.pl\\\/fr\\\/\",\"name\":\"Koronet\",\"description\":\"\",\"publisher\":{\"@id\":\"https:\\\/\\\/www.koro.net.pl\\\/fr\\\/#organization\"},\"potentialAction\":[{\"@type\":\"SearchAction\",\"target\":{\"@type\":\"EntryPoint\",\"urlTemplate\":\"https:\\\/\\\/www.koro.net.pl\\\/fr\\\/?s={search_term_string}\"},\"query-input\":{\"@type\":\"PropertyValueSpecification\",\"valueRequired\":true,\"valueName\":\"search_term_string\"}}],\"inLanguage\":\"fr-FR\"},{\"@type\":\"Organization\",\"@id\":\"https:\\\/\\\/www.koro.net.pl\\\/fr\\\/#organization\",\"name\":\"Koronet\",\"alternateName\":\"Koronet\",\"url\":\"https:\\\/\\\/www.koro.net.pl\\\/fr\\\/\",\"logo\":{\"@type\":\"ImageObject\",\"inLanguage\":\"fr-FR\",\"@id\":\"https:\\\/\\\/www.koro.net.pl\\\/fr\\\/#\\\/schema\\\/logo\\\/image\\\/\",\"url\":\"https:\\\/\\\/www.koro.net.pl\\\/wp-content\\\/uploads\\\/2025\\\/02\\\/Koronet-spolka-z-o.o.png\",\"contentUrl\":\"https:\\\/\\\/www.koro.net.pl\\\/wp-content\\\/uploads\\\/2025\\\/02\\\/Koronet-spolka-z-o.o.png\",\"width\":696,\"height\":696,\"caption\":\"Koronet\"},\"image\":{\"@id\":\"https:\\\/\\\/www.koro.net.pl\\\/fr\\\/#\\\/schema\\\/logo\\\/image\\\/\"}}]}<\/script>\n<!-- \/ Yoast SEO plugin. -->","yoast_head_json":{"title":"Scie bim\u00e9tallique R\u00d6NTGEN - alpha cobalt M42 pour le m\u00e9tal","description":"Scies \u00e0 ruban R\u00f6ntgen Bi-Alfa Cobalt M42 \u2013 forte teneur en cobalt, r\u00e9sistance accrue \u00e0 l\u2019usure, coupe pr\u00e9cise des m\u00e9taux difficiles.","robots":{"index":"index","follow":"follow","max-snippet":"max-snippet:-1","max-image-preview":"max-image-preview:large","max-video-preview":"max-video-preview:-1"},"canonical":"https:\/\/www.koro.net.pl\/fr\/produkt\/scie-de-bande-metal-rontgen-bi-alpha-cobalt-m42\/","og_locale":"fr_FR","og_type":"article","og_title":"Scie bim\u00e9tallique R\u00d6NTGEN - alpha cobalt M42 pour le m\u00e9tal","og_description":"Scies \u00e0 ruban R\u00f6ntgen Bi-Alfa Cobalt M42 \u2013 forte teneur en cobalt, r\u00e9sistance accrue \u00e0 l\u2019usure, coupe pr\u00e9cise des m\u00e9taux difficiles.","og_url":"https:\/\/www.koro.net.pl\/fr\/produkt\/scie-de-bande-metal-rontgen-bi-alpha-cobalt-m42\/","og_site_name":"Koronet","og_image":[{"width":800,"height":500,"url":"https:\/\/www.koro.net.pl\/wp-content\/uploads\/2023\/05\/Bi-alfa-cobalt-M42.png","type":"image\/png"}],"twitter_card":"summary_large_image","twitter_misc":{"Dur\u00e9e de lecture estim\u00e9e":"1 minute"},"schema":{"@context":"https:\/\/schema.org","@graph":[{"@type":"WebPage","@id":"https:\/\/www.koro.net.pl\/fr\/produkt\/scie-de-bande-metal-rontgen-bi-alpha-cobalt-m42\/","url":"https:\/\/www.koro.net.pl\/fr\/produkt\/scie-de-bande-metal-rontgen-bi-alpha-cobalt-m42\/","name":"Scie bim\u00e9tallique R\u00d6NTGEN - alpha cobalt M42 pour le m\u00e9tal","isPartOf":{"@id":"https:\/\/www.koro.net.pl\/fr\/#website"},"primaryImageOfPage":{"@id":"https:\/\/www.koro.net.pl\/fr\/produkt\/scie-de-bande-metal-rontgen-bi-alpha-cobalt-m42\/#primaryimage"},"image":{"@id":"https:\/\/www.koro.net.pl\/fr\/produkt\/scie-de-bande-metal-rontgen-bi-alpha-cobalt-m42\/#primaryimage"},"thumbnailUrl":"https:\/\/www.koro.net.pl\/wp-content\/uploads\/2023\/05\/Bi-alfa-cobalt-M42.png","datePublished":"2023-05-05T15:03:39+00:00","description":"Scies \u00e0 ruban R\u00f6ntgen Bi-Alfa Cobalt M42 \u2013 forte teneur en cobalt, r\u00e9sistance accrue \u00e0 l\u2019usure, coupe pr\u00e9cise des m\u00e9taux difficiles.","breadcrumb":{"@id":"https:\/\/www.koro.net.pl\/fr\/produkt\/scie-de-bande-metal-rontgen-bi-alpha-cobalt-m42\/#breadcrumb"},"inLanguage":"fr-FR","potentialAction":[{"@type":"ReadAction","target":["https:\/\/www.koro.net.pl\/fr\/produkt\/scie-de-bande-metal-rontgen-bi-alpha-cobalt-m42\/"]}]},{"@type":"ImageObject","inLanguage":"fr-FR","@id":"https:\/\/www.koro.net.pl\/fr\/produkt\/scie-de-bande-metal-rontgen-bi-alpha-cobalt-m42\/#primaryimage","url":"https:\/\/www.koro.net.pl\/wp-content\/uploads\/2023\/05\/Bi-alfa-cobalt-M42.png","contentUrl":"https:\/\/www.koro.net.pl\/wp-content\/uploads\/2023\/05\/Bi-alfa-cobalt-M42.png","width":800,"height":500,"caption":"pi\u0142a ta\u015bmowa do metalu"},{"@type":"BreadcrumbList","@id":"https:\/\/www.koro.net.pl\/fr\/produkt\/scie-de-bande-metal-rontgen-bi-alpha-cobalt-m42\/#breadcrumb","itemListElement":[{"@type":"ListItem","position":1,"name":"Strona g\u0142\u00f3wna","item":"https:\/\/www.koro.net.pl\/fr\/"},{"@type":"ListItem","position":2,"name":"Scie de bande m\u00e9tal R\u00d6NTGEN bi-alpha cobalt M42"}]},{"@type":"WebSite","@id":"https:\/\/www.koro.net.pl\/fr\/#website","url":"https:\/\/www.koro.net.pl\/fr\/","name":"Koronet","description":"","publisher":{"@id":"https:\/\/www.koro.net.pl\/fr\/#organization"},"potentialAction":[{"@type":"SearchAction","target":{"@type":"EntryPoint","urlTemplate":"https:\/\/www.koro.net.pl\/fr\/?s={search_term_string}"},"query-input":{"@type":"PropertyValueSpecification","valueRequired":true,"valueName":"search_term_string"}}],"inLanguage":"fr-FR"},{"@type":"Organization","@id":"https:\/\/www.koro.net.pl\/fr\/#organization","name":"Koronet","alternateName":"Koronet","url":"https:\/\/www.koro.net.pl\/fr\/","logo":{"@type":"ImageObject","inLanguage":"fr-FR","@id":"https:\/\/www.koro.net.pl\/fr\/#\/schema\/logo\/image\/","url":"https:\/\/www.koro.net.pl\/wp-content\/uploads\/2025\/02\/Koronet-spolka-z-o.o.png","contentUrl":"https:\/\/www.koro.net.pl\/wp-content\/uploads\/2025\/02\/Koronet-spolka-z-o.o.png","width":696,"height":696,"caption":"Koronet"},"image":{"@id":"https:\/\/www.koro.net.pl\/fr\/#\/schema\/logo\/image\/"}}]}},"_links":{"self":[{"href":"https:\/\/www.koro.net.pl\/fr\/wp-json\/wp\/v2\/product\/12217","targetHints":{"allow":["GET"]}}],"collection":[{"href":"https:\/\/www.koro.net.pl\/fr\/wp-json\/wp\/v2\/product"}],"about":[{"href":"https:\/\/www.koro.net.pl\/fr\/wp-json\/wp\/v2\/types\/product"}],"wp:featuredmedia":[{"embeddable":true,"href":"https:\/\/www.koro.net.pl\/fr\/wp-json\/wp\/v2\/media\/7703"}],"wp:attachment":[{"href":"https:\/\/www.koro.net.pl\/fr\/wp-json\/wp\/v2\/media?parent=12217"}],"wp:term":[{"taxonomy":"product_brand","embeddable":true,"href":"https:\/\/www.koro.net.pl\/fr\/wp-json\/wp\/v2\/product_brand?post=12217"},{"taxonomy":"product_cat","embeddable":true,"href":"https:\/\/www.koro.net.pl\/fr\/wp-json\/wp\/v2\/product_cat?post=12217"},{"taxonomy":"product_tag","embeddable":true,"href":"https:\/\/www.koro.net.pl\/fr\/wp-json\/wp\/v2\/product_tag?post=12217"}],"curies":[{"name":"wp","href":"https:\/\/api.w.org\/{rel}","templated":true}]}}