{"id":12208,"date":"2023-05-16T11:59:47","date_gmt":"2023-05-16T09:59:47","guid":{"rendered":"https:\/\/www.koro.net.pl\/produkt\/scierie-a-bande-cormak-e350\/"},"modified":"2023-05-16T11:59:47","modified_gmt":"2023-05-16T09:59:47","slug":"scierie-a-bande-cormak-e350","status":"publish","type":"product","link":"https:\/\/www.koro.net.pl\/fr\/produkt\/scierie-a-bande-cormak-e350\/","title":{"rendered":"Scierie \u00e0 bande Cormak E350"},"content":{"rendered":"<p>Petit, simple et facile \u00e0 utiliser, le moulin \u00e0 bande Cormak E350 est la machine id\u00e9ale et fonctionnelle, adapt\u00e9e \u00e0 la d\u00e9coupe pr\u00e9cise du bois tendre, dur, sec et gel\u00e9.<\/p>\n<p><strong>Description de la machine :<\/strong><\/p>\n<ul>\n<li>Le nouveau design du ch\u00e2ssis renforc\u00e9 assure une grande stabilit\u00e9 de la scierie pendant le fonctionnement, et les glissi\u00e8res de guide de la lame permettent un usinage avec une pr\u00e9cision maximale.<\/li>\n<li>La longueur du mat\u00e9riau coup\u00e9 dans nos scies standard <b>ne peut atteindre 2500 mm.<\/b><\/li>\n<li>La machine peut couper tous types de bois avec une seule scie.<\/li>\n<li>La lame de scie de la coupe est refroidie par le liquide de refroidissement.<\/li>\n<li>La machine dispose d\u2019une alimentation manuelle et d\u2019un r\u00e9glage manuel de la hauteur de coupe.<\/li>\n<li>Le p\u00e9rim\u00e8tre de livraison inclut <b>des rails d\u2019une longueur de 3000 mm. Vous pouvez aussi acheter un lit suppl\u00e9mentaire d\u2019une longueur de 1,5 m\u00e8tre.<\/b><\/li>\n<\/ul>\n<p>Le p\u00e9rim\u00e8tre de livraison comprend des chenilles <b>d\u2019une longueur de 3000<\/b><b>mm<\/b>. Vous pouvez aussi acheter un lit suppl\u00e9mentaire <b>d\u2019une longueur de 1,5 m\u00e8tre.<\/b> <\/p>\n<h2><strong>La scierie \u00e0 bande de Cormak poss\u00e8de :<\/strong><\/h2>\n<ul>\n<li>des roues en coul\u00e9e massives et pr\u00e9cises,<\/li>\n<li>Guides de pr\u00e9cision,<\/li>\n<li>Pinces excentriques,<\/li>\n<li>r\u00e9glage manuel de la hauteur de coupe,<\/li>\n<li>alimentation manuelle,<\/li>\n<li>Mesure pr\u00e9cise<\/li>\n<li>Brosses de nettoyage<\/li>\n<li>Serre-cl\u00e9s de hauteur<\/li>\n<\/ul>\n<p><b>Param\u00e8tres techniques :<\/b><\/p>\n<p>* Moteur : \u00e9lectrique 400 V<br \/>\n* Puissance : <b>2,2 kW<br \/>\n<\/b>* Largeur de coupe maximale : <b>390 mm<br \/>\n<\/b>* Hauteur maximale de la lame (r\u00e9glable en hauteur) : <b>400 mm<br \/>\n<\/b>* Hauteur minimale de la lame (r\u00e9glable en hauteur) : 35 mm<br \/>\n* <b>R\u00e9glage manuel de l\u2019\u00e9paisseur de coupe<br \/>\n<\/b>* <b>Longueur de coupe : 2500 mm &#8211; selon le nombre d\u2019extensions de scierie<br \/>\n<\/b>* Rallonge du cadre de scie (optionnelle) : <b>1500 mm<br \/>\n<\/b>* Longueur de coupe maximale : illimit\u00e9e<br \/>\n<b>* Largeur du ruban de coupe : 20 mm<br \/>\n<\/b><b>* Longueur de la scie : 2750 mm<br \/>\n<\/b><b>* Diam\u00e8tre du volant d\u2019inertie : 350 mm<br \/>\n<\/b><b>* Largeur du volant d\u2019inertie : 25 mm<br \/>\n<\/b>* Vitesse de la courroie : 14 m\/s<br \/>\n* Espace de coupe : 1,5-2,2 mm<br \/>\n* Capacit\u00e9 du r\u00e9servoir de liquide de refroidissement : 10 litres<br \/>\n* Alimentation : manuelle<br \/>\n* Poids brut : environ 210 kg <\/p>\n<p><b>Le Cormak E350 est un design simple et r\u00e9sistant aux vibrations qui ne n\u00e9cessite pas d\u2019entretien constant. Elle est parfaite pour les petits entrepreneurs et les amateurs qui valorisent la qualit\u00e9 de traitement, la simplicit\u00e9 de la fabrication et la facilit\u00e9 d\u2019utilisation. <\/b><\/p>\n<p><strong>Avez-vous des questions ? Appelez le num\u00e9ro ; 609-939-822 <\/strong><\/p>\n","protected":false},"excerpt":{"rendered":"<p>Petit, simple et facile \u00e0 utiliser, le moulin \u00e0 bande Cormak E350 est la machine id\u00e9ale et fonctionnelle, adapt\u00e9e \u00e0 la d\u00e9coupe pr\u00e9cise du bois tendre, dur, sec et gel\u00e9. [&hellip;]<\/p>\n","protected":false},"featured_media":708,"template":"","meta":{"_acf_changed":false},"product_brand":[],"product_cat":[206,208],"product_tag":[],"class_list":{"0":"post-12208","1":"product","2":"type-product","3":"status-publish","4":"has-post-thumbnail","6":"product_cat-machines-et-equipements","7":"product_cat-scieries-a-ruban","8":"product_shipping_class-rubans","10":"first","11":"instock","12":"sale","13":"taxable","14":"shipping-taxable","15":"purchasable","16":"product-type-simple"},"acf":[],"yoast_head":"<!-- This site is optimized with the Yoast SEO plugin v27.5 - https:\/\/yoast.com\/product\/yoast-seo-wordpress\/ -->\n<title>Scierie \u00e0 bande Cormak : E350, chenilles de 3 m + 1,5 m (optionnel)<\/title>\n<meta name=\"description\" content=\"Scierie \u00e0 bande Cormak E350 - parfaite pour votre atelier. Coupe pr\u00e9cise, op\u00e9ration facile, chenilles de 3 m + 1,5 m (optionnel). Prix attractif, livraison rapide !\" \/>\n<meta name=\"robots\" content=\"index, follow, max-snippet:-1, max-image-preview:large, max-video-preview:-1\" \/>\n<link rel=\"canonical\" href=\"https:\/\/www.koro.net.pl\/fr\/produkt\/scierie-a-bande-cormak-e350\/\" \/>\n<meta property=\"og:locale\" content=\"fr_FR\" \/>\n<meta property=\"og:type\" content=\"article\" \/>\n<meta property=\"og:title\" content=\"Scierie \u00e0 bande Cormak : E350, chenilles de 3 m + 1,5 m (optionnel)\" \/>\n<meta property=\"og:description\" content=\"Scierie \u00e0 bande Cormak E350 - parfaite pour votre atelier. Coupe pr\u00e9cise, op\u00e9ration facile, chenilles de 3 m + 1,5 m (optionnel). Prix attractif, livraison rapide !\" \/>\n<meta property=\"og:url\" content=\"https:\/\/www.koro.net.pl\/fr\/produkt\/scierie-a-bande-cormak-e350\/\" \/>\n<meta property=\"og:site_name\" content=\"Koronet\" \/>\n<meta property=\"og:image\" content=\"https:\/\/www.koro.net.pl\/wp-content\/uploads\/2023\/05\/DSC_3625a.jpg\" \/>\n\t<meta property=\"og:image:width\" content=\"1200\" \/>\n\t<meta property=\"og:image:height\" content=\"989\" \/>\n\t<meta property=\"og:image:type\" content=\"image\/jpeg\" \/>\n<meta name=\"twitter:card\" content=\"summary_large_image\" \/>\n<meta name=\"twitter:label1\" content=\"Dur\u00e9e de lecture estim\u00e9e\" \/>\n\t<meta name=\"twitter:data1\" content=\"2 minutes\" \/>\n<script type=\"application\/ld+json\" class=\"yoast-schema-graph\">{\"@context\":\"https:\\\/\\\/schema.org\",\"@graph\":[{\"@type\":\"WebPage\",\"@id\":\"https:\\\/\\\/www.koro.net.pl\\\/fr\\\/produkt\\\/scierie-a-bande-cormak-e350\\\/\",\"url\":\"https:\\\/\\\/www.koro.net.pl\\\/fr\\\/produkt\\\/scierie-a-bande-cormak-e350\\\/\",\"name\":\"Scierie \u00e0 bande Cormak : E350, chenilles de 3 m + 1,5 m (optionnel)\",\"isPartOf\":{\"@id\":\"https:\\\/\\\/www.koro.net.pl\\\/fr\\\/#website\"},\"primaryImageOfPage\":{\"@id\":\"https:\\\/\\\/www.koro.net.pl\\\/fr\\\/produkt\\\/scierie-a-bande-cormak-e350\\\/#primaryimage\"},\"image\":{\"@id\":\"https:\\\/\\\/www.koro.net.pl\\\/fr\\\/produkt\\\/scierie-a-bande-cormak-e350\\\/#primaryimage\"},\"thumbnailUrl\":\"https:\\\/\\\/www.koro.net.pl\\\/wp-content\\\/uploads\\\/2023\\\/05\\\/DSC_3625a.jpg\",\"datePublished\":\"2023-05-16T09:59:47+00:00\",\"description\":\"Scierie \u00e0 bande Cormak E350 - parfaite pour votre atelier. Coupe pr\u00e9cise, op\u00e9ration facile, chenilles de 3 m + 1,5 m (optionnel). Prix attractif, livraison rapide !\",\"breadcrumb\":{\"@id\":\"https:\\\/\\\/www.koro.net.pl\\\/fr\\\/produkt\\\/scierie-a-bande-cormak-e350\\\/#breadcrumb\"},\"inLanguage\":\"fr-FR\",\"potentialAction\":[{\"@type\":\"ReadAction\",\"target\":[\"https:\\\/\\\/www.koro.net.pl\\\/fr\\\/produkt\\\/scierie-a-bande-cormak-e350\\\/\"]}]},{\"@type\":\"ImageObject\",\"inLanguage\":\"fr-FR\",\"@id\":\"https:\\\/\\\/www.koro.net.pl\\\/fr\\\/produkt\\\/scierie-a-bande-cormak-e350\\\/#primaryimage\",\"url\":\"https:\\\/\\\/www.koro.net.pl\\\/wp-content\\\/uploads\\\/2023\\\/05\\\/DSC_3625a.jpg\",\"contentUrl\":\"https:\\\/\\\/www.koro.net.pl\\\/wp-content\\\/uploads\\\/2023\\\/05\\\/DSC_3625a.jpg\",\"width\":1200,\"height\":989,\"caption\":\"Trak ta\u015bmowy Cormak E350\"},{\"@type\":\"BreadcrumbList\",\"@id\":\"https:\\\/\\\/www.koro.net.pl\\\/fr\\\/produkt\\\/scierie-a-bande-cormak-e350\\\/#breadcrumb\",\"itemListElement\":[{\"@type\":\"ListItem\",\"position\":1,\"name\":\"Strona g\u0142\u00f3wna\",\"item\":\"https:\\\/\\\/www.koro.net.pl\\\/fr\\\/\"},{\"@type\":\"ListItem\",\"position\":2,\"name\":\"Machines et \u00e9quipements\",\"item\":\"https:\\\/\\\/www.koro.net.pl\\\/fr\\\/produkty\\\/machines-et-equipements\\\/\"},{\"@type\":\"ListItem\",\"position\":3,\"name\":\"Scieries \u00e0 ruban\",\"item\":\"https:\\\/\\\/www.koro.net.pl\\\/fr\\\/produkty\\\/scieries-a-ruban\\\/\"},{\"@type\":\"ListItem\",\"position\":4,\"name\":\"Scierie \u00e0 bande Cormak E350\"}]},{\"@type\":\"WebSite\",\"@id\":\"https:\\\/\\\/www.koro.net.pl\\\/fr\\\/#website\",\"url\":\"https:\\\/\\\/www.koro.net.pl\\\/fr\\\/\",\"name\":\"Koronet\",\"description\":\"\",\"publisher\":{\"@id\":\"https:\\\/\\\/www.koro.net.pl\\\/fr\\\/#organization\"},\"potentialAction\":[{\"@type\":\"SearchAction\",\"target\":{\"@type\":\"EntryPoint\",\"urlTemplate\":\"https:\\\/\\\/www.koro.net.pl\\\/fr\\\/?s={search_term_string}\"},\"query-input\":{\"@type\":\"PropertyValueSpecification\",\"valueRequired\":true,\"valueName\":\"search_term_string\"}}],\"inLanguage\":\"fr-FR\"},{\"@type\":\"Organization\",\"@id\":\"https:\\\/\\\/www.koro.net.pl\\\/fr\\\/#organization\",\"name\":\"Koronet\",\"alternateName\":\"Koronet\",\"url\":\"https:\\\/\\\/www.koro.net.pl\\\/fr\\\/\",\"logo\":{\"@type\":\"ImageObject\",\"inLanguage\":\"fr-FR\",\"@id\":\"https:\\\/\\\/www.koro.net.pl\\\/fr\\\/#\\\/schema\\\/logo\\\/image\\\/\",\"url\":\"https:\\\/\\\/www.koro.net.pl\\\/wp-content\\\/uploads\\\/2025\\\/02\\\/Koronet-spolka-z-o.o.png\",\"contentUrl\":\"https:\\\/\\\/www.koro.net.pl\\\/wp-content\\\/uploads\\\/2025\\\/02\\\/Koronet-spolka-z-o.o.png\",\"width\":696,\"height\":696,\"caption\":\"Koronet\"},\"image\":{\"@id\":\"https:\\\/\\\/www.koro.net.pl\\\/fr\\\/#\\\/schema\\\/logo\\\/image\\\/\"}}]}<\/script>\n<!-- \/ Yoast SEO plugin. -->","yoast_head_json":{"title":"Scierie \u00e0 bande Cormak : E350, chenilles de 3 m + 1,5 m (optionnel)","description":"Scierie \u00e0 bande Cormak E350 - parfaite pour votre atelier. Coupe pr\u00e9cise, op\u00e9ration facile, chenilles de 3 m + 1,5 m (optionnel). Prix attractif, livraison rapide !","robots":{"index":"index","follow":"follow","max-snippet":"max-snippet:-1","max-image-preview":"max-image-preview:large","max-video-preview":"max-video-preview:-1"},"canonical":"https:\/\/www.koro.net.pl\/fr\/produkt\/scierie-a-bande-cormak-e350\/","og_locale":"fr_FR","og_type":"article","og_title":"Scierie \u00e0 bande Cormak : E350, chenilles de 3 m + 1,5 m (optionnel)","og_description":"Scierie \u00e0 bande Cormak E350 - parfaite pour votre atelier. Coupe pr\u00e9cise, op\u00e9ration facile, chenilles de 3 m + 1,5 m (optionnel). Prix attractif, livraison rapide !","og_url":"https:\/\/www.koro.net.pl\/fr\/produkt\/scierie-a-bande-cormak-e350\/","og_site_name":"Koronet","og_image":[{"width":1200,"height":989,"url":"https:\/\/www.koro.net.pl\/wp-content\/uploads\/2023\/05\/DSC_3625a.jpg","type":"image\/jpeg"}],"twitter_card":"summary_large_image","twitter_misc":{"Dur\u00e9e de lecture estim\u00e9e":"2 minutes"},"schema":{"@context":"https:\/\/schema.org","@graph":[{"@type":"WebPage","@id":"https:\/\/www.koro.net.pl\/fr\/produkt\/scierie-a-bande-cormak-e350\/","url":"https:\/\/www.koro.net.pl\/fr\/produkt\/scierie-a-bande-cormak-e350\/","name":"Scierie \u00e0 bande Cormak : E350, chenilles de 3 m + 1,5 m (optionnel)","isPartOf":{"@id":"https:\/\/www.koro.net.pl\/fr\/#website"},"primaryImageOfPage":{"@id":"https:\/\/www.koro.net.pl\/fr\/produkt\/scierie-a-bande-cormak-e350\/#primaryimage"},"image":{"@id":"https:\/\/www.koro.net.pl\/fr\/produkt\/scierie-a-bande-cormak-e350\/#primaryimage"},"thumbnailUrl":"https:\/\/www.koro.net.pl\/wp-content\/uploads\/2023\/05\/DSC_3625a.jpg","datePublished":"2023-05-16T09:59:47+00:00","description":"Scierie \u00e0 bande Cormak E350 - parfaite pour votre atelier. Coupe pr\u00e9cise, op\u00e9ration facile, chenilles de 3 m + 1,5 m (optionnel). Prix attractif, livraison rapide !","breadcrumb":{"@id":"https:\/\/www.koro.net.pl\/fr\/produkt\/scierie-a-bande-cormak-e350\/#breadcrumb"},"inLanguage":"fr-FR","potentialAction":[{"@type":"ReadAction","target":["https:\/\/www.koro.net.pl\/fr\/produkt\/scierie-a-bande-cormak-e350\/"]}]},{"@type":"ImageObject","inLanguage":"fr-FR","@id":"https:\/\/www.koro.net.pl\/fr\/produkt\/scierie-a-bande-cormak-e350\/#primaryimage","url":"https:\/\/www.koro.net.pl\/wp-content\/uploads\/2023\/05\/DSC_3625a.jpg","contentUrl":"https:\/\/www.koro.net.pl\/wp-content\/uploads\/2023\/05\/DSC_3625a.jpg","width":1200,"height":989,"caption":"Trak ta\u015bmowy Cormak E350"},{"@type":"BreadcrumbList","@id":"https:\/\/www.koro.net.pl\/fr\/produkt\/scierie-a-bande-cormak-e350\/#breadcrumb","itemListElement":[{"@type":"ListItem","position":1,"name":"Strona g\u0142\u00f3wna","item":"https:\/\/www.koro.net.pl\/fr\/"},{"@type":"ListItem","position":2,"name":"Machines et \u00e9quipements","item":"https:\/\/www.koro.net.pl\/fr\/produkty\/machines-et-equipements\/"},{"@type":"ListItem","position":3,"name":"Scieries \u00e0 ruban","item":"https:\/\/www.koro.net.pl\/fr\/produkty\/scieries-a-ruban\/"},{"@type":"ListItem","position":4,"name":"Scierie \u00e0 bande Cormak E350"}]},{"@type":"WebSite","@id":"https:\/\/www.koro.net.pl\/fr\/#website","url":"https:\/\/www.koro.net.pl\/fr\/","name":"Koronet","description":"","publisher":{"@id":"https:\/\/www.koro.net.pl\/fr\/#organization"},"potentialAction":[{"@type":"SearchAction","target":{"@type":"EntryPoint","urlTemplate":"https:\/\/www.koro.net.pl\/fr\/?s={search_term_string}"},"query-input":{"@type":"PropertyValueSpecification","valueRequired":true,"valueName":"search_term_string"}}],"inLanguage":"fr-FR"},{"@type":"Organization","@id":"https:\/\/www.koro.net.pl\/fr\/#organization","name":"Koronet","alternateName":"Koronet","url":"https:\/\/www.koro.net.pl\/fr\/","logo":{"@type":"ImageObject","inLanguage":"fr-FR","@id":"https:\/\/www.koro.net.pl\/fr\/#\/schema\/logo\/image\/","url":"https:\/\/www.koro.net.pl\/wp-content\/uploads\/2025\/02\/Koronet-spolka-z-o.o.png","contentUrl":"https:\/\/www.koro.net.pl\/wp-content\/uploads\/2025\/02\/Koronet-spolka-z-o.o.png","width":696,"height":696,"caption":"Koronet"},"image":{"@id":"https:\/\/www.koro.net.pl\/fr\/#\/schema\/logo\/image\/"}}]}},"_links":{"self":[{"href":"https:\/\/www.koro.net.pl\/fr\/wp-json\/wp\/v2\/product\/12208","targetHints":{"allow":["GET"]}}],"collection":[{"href":"https:\/\/www.koro.net.pl\/fr\/wp-json\/wp\/v2\/product"}],"about":[{"href":"https:\/\/www.koro.net.pl\/fr\/wp-json\/wp\/v2\/types\/product"}],"wp:featuredmedia":[{"embeddable":true,"href":"https:\/\/www.koro.net.pl\/fr\/wp-json\/wp\/v2\/media\/708"}],"wp:attachment":[{"href":"https:\/\/www.koro.net.pl\/fr\/wp-json\/wp\/v2\/media?parent=12208"}],"wp:term":[{"taxonomy":"product_brand","embeddable":true,"href":"https:\/\/www.koro.net.pl\/fr\/wp-json\/wp\/v2\/product_brand?post=12208"},{"taxonomy":"product_cat","embeddable":true,"href":"https:\/\/www.koro.net.pl\/fr\/wp-json\/wp\/v2\/product_cat?post=12208"},{"taxonomy":"product_tag","embeddable":true,"href":"https:\/\/www.koro.net.pl\/fr\/wp-json\/wp\/v2\/product_tag?post=12208"}],"curies":[{"name":"wp","href":"https:\/\/api.w.org\/{rel}","templated":true}]}}