{"id":12171,"date":"2023-05-16T11:49:54","date_gmt":"2023-05-16T09:49:54","guid":{"rendered":"https:\/\/www.koro.net.pl\/produkt\/hss-en-22-568\/"},"modified":"2023-05-16T11:49:54","modified_gmt":"2023-05-16T09:49:54","slug":"hss-en-22-568","status":"publish","type":"product","link":"https:\/\/www.koro.net.pl\/fr\/produkt\/hss-en-22-568\/","title":{"rendered":"HSS EN 22 568"},"content":{"rendered":"<h2><a href=\"https:\/\/www.koro.net.pl\/fr\/produkty\/escalelettes\/\"><strong>Cutter en acier haute vitesse HSS de haute qualit\u00e9<\/strong><\/a><\/h2>\n<p>Fabriqu\u00e9e en acier HSS haute vitesse de haute qualit\u00e9, la machine de d\u00e9couper est un outil professionnel pour l\u2019encochage pr\u00e9cis des filetages standards m\u00e9triques. Ce produit haut de gamme offre des performances et une durabilit\u00e9 exceptionnelles, ce qui le rend id\u00e9al pour un large \u00e9ventail d\u2019applications industrielles. <\/p>\n<h2><strong>Normes \u00e9lev\u00e9es et pr\u00e9cision<\/strong><\/h2>\n<p>Ce coupeur est fabriqu\u00e9 conform\u00e9ment <strong>\u00e0 la norme ISO 3 6G<\/strong>, ce qui garantit sa haute qualit\u00e9 et sa pr\u00e9cision de la main-d\u2019\u0153uvre. La classe de tol\u00e9rance ISO 3 6G garantit la pr\u00e9cision du filetage, ce qui est crucial pour les applications professionnelles. La bonne direction du filetage est standard dans cette cat\u00e9gorie d\u2019outils et compatible avec la plupart des applications industrielles.  <\/p>\n<p><strong>Application des outils :<\/strong><br \/>\nCe d\u00e9coupeur est id\u00e9al pour travailler avec une vari\u00e9t\u00e9 de types de mat\u00e9riaux, notamment :<\/p>\n<ul>\n<li>acier structurel,<\/li>\n<li>acier \u00e0 outils,<\/li>\n<li>acier inoxydable,<\/li>\n<li>m\u00e9taux non ferreux,<\/li>\n<li>et d\u2019autres mat\u00e9riaux n\u00e9cessitant un filetage pr\u00e9cis.<\/li>\n<\/ul>\n<p>Sa polyvalence fait de cet outil un outil indispensable dans de nombreux secteurs, de la m\u00e9canique \u00e0 la construction.<\/p>\n<p><strong>Norme de qualit\u00e9 allemande :<\/strong><br \/>\nComme tous nos outils, cette machine de d\u00e9coupe est fabriqu\u00e9e selon la norme de qualit\u00e9 allemande. Cela garantit sa fiabilit\u00e9 et son efficacit\u00e9 \u00e0 long terme, m\u00eame dans des conditions de travail difficiles. <\/p>\n<p><strong>Tailles disponibles :<\/strong><br \/>\nCe d\u00e9coupeur est disponible en 11 tailles diff\u00e9rentes, de M3 \u00e0 M24, vous permettant de s\u2019adapter de mani\u00e8re flexible \u00e0 vos besoins sp\u00e9cifiques de projet et d\u2019application. Avec cette large gamme de tailles, les professionnels peuvent choisir l\u2019outil parfait pour leurs besoins sp\u00e9cifiques, garantissant une qualit\u00e9 et une efficacit\u00e9 de travail \u00e9lev\u00e9es. <\/p>\n<table>\n<tbody>\n<tr>\n<td><strong>Symbole<\/strong><\/td>\n<td><strong>Pas de filetage (mm)<\/strong><\/td>\n<td><strong>Diam\u00e8tre ext\u00e9rieur (mm)<\/strong><\/td>\n<td><strong>\u00c9paisseur (mm)<\/strong><\/td>\n<\/tr>\n<tr>\n<td>M3<\/td>\n<td>0,5<\/td>\n<td>20<\/td>\n<td>5<\/td>\n<\/tr>\n<tr>\n<td>M4<\/td>\n<td>0,7<\/td>\n<td>20<\/td>\n<td>5<\/td>\n<\/tr>\n<tr>\n<td>M5<\/td>\n<td>0,8<\/td>\n<td>20<\/td>\n<td>7<\/td>\n<\/tr>\n<tr>\n<td>M6<\/td>\n<td>\n 1<\/td>\n<td>20<\/td>\n<td>7<\/td>\n<\/tr>\n<tr>\n<td>M8<\/td>\n<td>1,25<\/td>\n<td>25<\/td>\n<td>9<\/td>\n<\/tr>\n<tr>\n<td>M10<\/td>\n<td>1.5<\/td>\n<td>30<\/td>\n<td>11<\/td>\n<\/tr>\n<tr>\n<td>M12<\/td>\n<td>1,75<\/td>\n<td>38<\/td>\n<td>14<\/td>\n<\/tr>\n<tr>\n<td>M16<\/td>\n<td>\n 2<\/td>\n<td>45<\/td>\n<td>18<\/td>\n<\/tr>\n<tr>\n<td>M18<\/td>\n<td>2.5<\/td>\n<td>45<\/td>\n<td>18<\/td>\n<\/tr>\n<tr>\n<td>M20<\/td>\n<td>2.5<\/td>\n<td>45<\/td>\n<td>18<\/td>\n<\/tr>\n<tr>\n<td>M24<\/td>\n<td>\n 3<\/td>\n<td>55<\/td>\n<td>22<\/td>\n<\/tr>\n<\/tbody>\n<\/table>\n","protected":false},"excerpt":{"rendered":"<p>Cutter en acier haute vitesse HSS de haute qualit\u00e9 Fabriqu\u00e9e en acier HSS haute vitesse de haute qualit\u00e9, la machine de d\u00e9couper est un outil professionnel pour l\u2019encochage pr\u00e9cis des [&hellip;]<\/p>\n","protected":false},"featured_media":690,"template":"","meta":{"_acf_changed":false},"product_brand":[],"product_cat":[218,174],"product_tag":[],"class_list":{"0":"post-12171","1":"product","2":"type-product","3":"status-publish","4":"has-post-thumbnail","6":"product_cat-escalelettes","7":"product_cat-outils","9":"first","10":"instock","11":"taxable","12":"shipping-taxable","13":"purchasable","14":"product-type-variable"},"acf":[],"yoast_head":"<!-- This site is optimized with the Yoast SEO plugin v27.5 - https:\/\/yoast.com\/product\/yoast-seo-wordpress\/ -->\n<title>D\u00e9coupe HSS : Filetage de pr\u00e9cision m\u00e9trique<\/title>\n<meta name=\"description\" content=\"Coupeuse HSS professionnelle - Id\u00e9ale pour le filetage m\u00e9trique. Fabriqu\u00e9 conform\u00e9ment \u00e0 la norme ISO 3 6G. Disponible en formats allant de M3 \u00e0 M24. Commandez maintenant !\" \/>\n<meta name=\"robots\" content=\"index, follow, max-snippet:-1, max-image-preview:large, max-video-preview:-1\" \/>\n<link rel=\"canonical\" href=\"https:\/\/www.koro.net.pl\/fr\/produkt\/hss-en-22-568\/\" \/>\n<meta property=\"og:locale\" content=\"fr_FR\" \/>\n<meta property=\"og:type\" content=\"article\" \/>\n<meta property=\"og:title\" content=\"D\u00e9coupe HSS : Filetage de pr\u00e9cision m\u00e9trique\" \/>\n<meta property=\"og:description\" content=\"Coupeuse HSS professionnelle - Id\u00e9ale pour le filetage m\u00e9trique. Fabriqu\u00e9 conform\u00e9ment \u00e0 la norme ISO 3 6G. Disponible en formats allant de M3 \u00e0 M24. Commandez maintenant !\" \/>\n<meta property=\"og:url\" content=\"https:\/\/www.koro.net.pl\/fr\/produkt\/hss-en-22-568\/\" \/>\n<meta property=\"og:site_name\" content=\"Koronet\" \/>\n<meta property=\"og:image\" content=\"https:\/\/www.koro.net.pl\/wp-content\/uploads\/2023\/05\/NARZYNKA-M-HSS-EN-22-568.jpg\" \/>\n\t<meta property=\"og:image:width\" content=\"600\" \/>\n\t<meta property=\"og:image:height\" content=\"600\" \/>\n\t<meta property=\"og:image:type\" content=\"image\/jpeg\" \/>\n<meta name=\"twitter:card\" content=\"summary_large_image\" \/>\n<meta name=\"twitter:label1\" content=\"Dur\u00e9e de lecture estim\u00e9e\" \/>\n\t<meta name=\"twitter:data1\" content=\"2 minutes\" \/>\n<script type=\"application\/ld+json\" class=\"yoast-schema-graph\">{\"@context\":\"https:\\\/\\\/schema.org\",\"@graph\":[{\"@type\":\"WebPage\",\"@id\":\"https:\\\/\\\/www.koro.net.pl\\\/fr\\\/produkt\\\/hss-en-22-568\\\/\",\"url\":\"https:\\\/\\\/www.koro.net.pl\\\/fr\\\/produkt\\\/hss-en-22-568\\\/\",\"name\":\"D\u00e9coupe HSS : Filetage de pr\u00e9cision m\u00e9trique\",\"isPartOf\":{\"@id\":\"https:\\\/\\\/www.koro.net.pl\\\/fr\\\/#website\"},\"primaryImageOfPage\":{\"@id\":\"https:\\\/\\\/www.koro.net.pl\\\/fr\\\/produkt\\\/hss-en-22-568\\\/#primaryimage\"},\"image\":{\"@id\":\"https:\\\/\\\/www.koro.net.pl\\\/fr\\\/produkt\\\/hss-en-22-568\\\/#primaryimage\"},\"thumbnailUrl\":\"https:\\\/\\\/www.koro.net.pl\\\/wp-content\\\/uploads\\\/2023\\\/05\\\/NARZYNKA-M-HSS-EN-22-568.jpg\",\"datePublished\":\"2023-05-16T09:49:54+00:00\",\"description\":\"Coupeuse HSS professionnelle - Id\u00e9ale pour le filetage m\u00e9trique. Fabriqu\u00e9 conform\u00e9ment \u00e0 la norme ISO 3 6G. Disponible en formats allant de M3 \u00e0 M24. Commandez maintenant !\",\"breadcrumb\":{\"@id\":\"https:\\\/\\\/www.koro.net.pl\\\/fr\\\/produkt\\\/hss-en-22-568\\\/#breadcrumb\"},\"inLanguage\":\"fr-FR\",\"potentialAction\":[{\"@type\":\"ReadAction\",\"target\":[\"https:\\\/\\\/www.koro.net.pl\\\/fr\\\/produkt\\\/hss-en-22-568\\\/\"]}]},{\"@type\":\"ImageObject\",\"inLanguage\":\"fr-FR\",\"@id\":\"https:\\\/\\\/www.koro.net.pl\\\/fr\\\/produkt\\\/hss-en-22-568\\\/#primaryimage\",\"url\":\"https:\\\/\\\/www.koro.net.pl\\\/wp-content\\\/uploads\\\/2023\\\/05\\\/NARZYNKA-M-HSS-EN-22-568.jpg\",\"contentUrl\":\"https:\\\/\\\/www.koro.net.pl\\\/wp-content\\\/uploads\\\/2023\\\/05\\\/NARZYNKA-M-HSS-EN-22-568.jpg\",\"width\":600,\"height\":600,\"caption\":\"Narzynka HSS EN 22 568\"},{\"@type\":\"BreadcrumbList\",\"@id\":\"https:\\\/\\\/www.koro.net.pl\\\/fr\\\/produkt\\\/hss-en-22-568\\\/#breadcrumb\",\"itemListElement\":[{\"@type\":\"ListItem\",\"position\":1,\"name\":\"Strona g\u0142\u00f3wna\",\"item\":\"https:\\\/\\\/www.koro.net.pl\\\/fr\\\/\"},{\"@type\":\"ListItem\",\"position\":2,\"name\":\"Outils\",\"item\":\"https:\\\/\\\/www.koro.net.pl\\\/fr\\\/produkty\\\/outils\\\/\"},{\"@type\":\"ListItem\",\"position\":3,\"name\":\"Escalelettes\",\"item\":\"https:\\\/\\\/www.koro.net.pl\\\/fr\\\/produkty\\\/escalelettes\\\/\"},{\"@type\":\"ListItem\",\"position\":4,\"name\":\"HSS EN 22 568\"}]},{\"@type\":\"WebSite\",\"@id\":\"https:\\\/\\\/www.koro.net.pl\\\/fr\\\/#website\",\"url\":\"https:\\\/\\\/www.koro.net.pl\\\/fr\\\/\",\"name\":\"Koronet\",\"description\":\"\",\"publisher\":{\"@id\":\"https:\\\/\\\/www.koro.net.pl\\\/fr\\\/#organization\"},\"potentialAction\":[{\"@type\":\"SearchAction\",\"target\":{\"@type\":\"EntryPoint\",\"urlTemplate\":\"https:\\\/\\\/www.koro.net.pl\\\/fr\\\/?s={search_term_string}\"},\"query-input\":{\"@type\":\"PropertyValueSpecification\",\"valueRequired\":true,\"valueName\":\"search_term_string\"}}],\"inLanguage\":\"fr-FR\"},{\"@type\":\"Organization\",\"@id\":\"https:\\\/\\\/www.koro.net.pl\\\/fr\\\/#organization\",\"name\":\"Koronet\",\"alternateName\":\"Koronet\",\"url\":\"https:\\\/\\\/www.koro.net.pl\\\/fr\\\/\",\"logo\":{\"@type\":\"ImageObject\",\"inLanguage\":\"fr-FR\",\"@id\":\"https:\\\/\\\/www.koro.net.pl\\\/fr\\\/#\\\/schema\\\/logo\\\/image\\\/\",\"url\":\"https:\\\/\\\/www.koro.net.pl\\\/wp-content\\\/uploads\\\/2025\\\/02\\\/Koronet-spolka-z-o.o.png\",\"contentUrl\":\"https:\\\/\\\/www.koro.net.pl\\\/wp-content\\\/uploads\\\/2025\\\/02\\\/Koronet-spolka-z-o.o.png\",\"width\":696,\"height\":696,\"caption\":\"Koronet\"},\"image\":{\"@id\":\"https:\\\/\\\/www.koro.net.pl\\\/fr\\\/#\\\/schema\\\/logo\\\/image\\\/\"}}]}<\/script>\n<!-- \/ Yoast SEO plugin. -->","yoast_head_json":{"title":"D\u00e9coupe HSS : Filetage de pr\u00e9cision m\u00e9trique","description":"Coupeuse HSS professionnelle - Id\u00e9ale pour le filetage m\u00e9trique. Fabriqu\u00e9 conform\u00e9ment \u00e0 la norme ISO 3 6G. Disponible en formats allant de M3 \u00e0 M24. Commandez maintenant !","robots":{"index":"index","follow":"follow","max-snippet":"max-snippet:-1","max-image-preview":"max-image-preview:large","max-video-preview":"max-video-preview:-1"},"canonical":"https:\/\/www.koro.net.pl\/fr\/produkt\/hss-en-22-568\/","og_locale":"fr_FR","og_type":"article","og_title":"D\u00e9coupe HSS : Filetage de pr\u00e9cision m\u00e9trique","og_description":"Coupeuse HSS professionnelle - Id\u00e9ale pour le filetage m\u00e9trique. Fabriqu\u00e9 conform\u00e9ment \u00e0 la norme ISO 3 6G. Disponible en formats allant de M3 \u00e0 M24. Commandez maintenant !","og_url":"https:\/\/www.koro.net.pl\/fr\/produkt\/hss-en-22-568\/","og_site_name":"Koronet","og_image":[{"width":600,"height":600,"url":"https:\/\/www.koro.net.pl\/wp-content\/uploads\/2023\/05\/NARZYNKA-M-HSS-EN-22-568.jpg","type":"image\/jpeg"}],"twitter_card":"summary_large_image","twitter_misc":{"Dur\u00e9e de lecture estim\u00e9e":"2 minutes"},"schema":{"@context":"https:\/\/schema.org","@graph":[{"@type":"WebPage","@id":"https:\/\/www.koro.net.pl\/fr\/produkt\/hss-en-22-568\/","url":"https:\/\/www.koro.net.pl\/fr\/produkt\/hss-en-22-568\/","name":"D\u00e9coupe HSS : Filetage de pr\u00e9cision m\u00e9trique","isPartOf":{"@id":"https:\/\/www.koro.net.pl\/fr\/#website"},"primaryImageOfPage":{"@id":"https:\/\/www.koro.net.pl\/fr\/produkt\/hss-en-22-568\/#primaryimage"},"image":{"@id":"https:\/\/www.koro.net.pl\/fr\/produkt\/hss-en-22-568\/#primaryimage"},"thumbnailUrl":"https:\/\/www.koro.net.pl\/wp-content\/uploads\/2023\/05\/NARZYNKA-M-HSS-EN-22-568.jpg","datePublished":"2023-05-16T09:49:54+00:00","description":"Coupeuse HSS professionnelle - Id\u00e9ale pour le filetage m\u00e9trique. Fabriqu\u00e9 conform\u00e9ment \u00e0 la norme ISO 3 6G. Disponible en formats allant de M3 \u00e0 M24. Commandez maintenant !","breadcrumb":{"@id":"https:\/\/www.koro.net.pl\/fr\/produkt\/hss-en-22-568\/#breadcrumb"},"inLanguage":"fr-FR","potentialAction":[{"@type":"ReadAction","target":["https:\/\/www.koro.net.pl\/fr\/produkt\/hss-en-22-568\/"]}]},{"@type":"ImageObject","inLanguage":"fr-FR","@id":"https:\/\/www.koro.net.pl\/fr\/produkt\/hss-en-22-568\/#primaryimage","url":"https:\/\/www.koro.net.pl\/wp-content\/uploads\/2023\/05\/NARZYNKA-M-HSS-EN-22-568.jpg","contentUrl":"https:\/\/www.koro.net.pl\/wp-content\/uploads\/2023\/05\/NARZYNKA-M-HSS-EN-22-568.jpg","width":600,"height":600,"caption":"Narzynka HSS EN 22 568"},{"@type":"BreadcrumbList","@id":"https:\/\/www.koro.net.pl\/fr\/produkt\/hss-en-22-568\/#breadcrumb","itemListElement":[{"@type":"ListItem","position":1,"name":"Strona g\u0142\u00f3wna","item":"https:\/\/www.koro.net.pl\/fr\/"},{"@type":"ListItem","position":2,"name":"Outils","item":"https:\/\/www.koro.net.pl\/fr\/produkty\/outils\/"},{"@type":"ListItem","position":3,"name":"Escalelettes","item":"https:\/\/www.koro.net.pl\/fr\/produkty\/escalelettes\/"},{"@type":"ListItem","position":4,"name":"HSS EN 22 568"}]},{"@type":"WebSite","@id":"https:\/\/www.koro.net.pl\/fr\/#website","url":"https:\/\/www.koro.net.pl\/fr\/","name":"Koronet","description":"","publisher":{"@id":"https:\/\/www.koro.net.pl\/fr\/#organization"},"potentialAction":[{"@type":"SearchAction","target":{"@type":"EntryPoint","urlTemplate":"https:\/\/www.koro.net.pl\/fr\/?s={search_term_string}"},"query-input":{"@type":"PropertyValueSpecification","valueRequired":true,"valueName":"search_term_string"}}],"inLanguage":"fr-FR"},{"@type":"Organization","@id":"https:\/\/www.koro.net.pl\/fr\/#organization","name":"Koronet","alternateName":"Koronet","url":"https:\/\/www.koro.net.pl\/fr\/","logo":{"@type":"ImageObject","inLanguage":"fr-FR","@id":"https:\/\/www.koro.net.pl\/fr\/#\/schema\/logo\/image\/","url":"https:\/\/www.koro.net.pl\/wp-content\/uploads\/2025\/02\/Koronet-spolka-z-o.o.png","contentUrl":"https:\/\/www.koro.net.pl\/wp-content\/uploads\/2025\/02\/Koronet-spolka-z-o.o.png","width":696,"height":696,"caption":"Koronet"},"image":{"@id":"https:\/\/www.koro.net.pl\/fr\/#\/schema\/logo\/image\/"}}]}},"_links":{"self":[{"href":"https:\/\/www.koro.net.pl\/fr\/wp-json\/wp\/v2\/product\/12171","targetHints":{"allow":["GET"]}}],"collection":[{"href":"https:\/\/www.koro.net.pl\/fr\/wp-json\/wp\/v2\/product"}],"about":[{"href":"https:\/\/www.koro.net.pl\/fr\/wp-json\/wp\/v2\/types\/product"}],"wp:featuredmedia":[{"embeddable":true,"href":"https:\/\/www.koro.net.pl\/fr\/wp-json\/wp\/v2\/media\/690"}],"wp:attachment":[{"href":"https:\/\/www.koro.net.pl\/fr\/wp-json\/wp\/v2\/media?parent=12171"}],"wp:term":[{"taxonomy":"product_brand","embeddable":true,"href":"https:\/\/www.koro.net.pl\/fr\/wp-json\/wp\/v2\/product_brand?post=12171"},{"taxonomy":"product_cat","embeddable":true,"href":"https:\/\/www.koro.net.pl\/fr\/wp-json\/wp\/v2\/product_cat?post=12171"},{"taxonomy":"product_tag","embeddable":true,"href":"https:\/\/www.koro.net.pl\/fr\/wp-json\/wp\/v2\/product_tag?post=12171"}],"curies":[{"name":"wp","href":"https:\/\/api.w.org\/{rel}","templated":true}]}}